{"id":1870,"date":"2021-05-20T20:59:17","date_gmt":"2021-05-20T19:59:17","guid":{"rendered":"https:\/\/innovexalgerie.com\/machines2\/?page_id=1870"},"modified":"2022-11-17T10:07:55","modified_gmt":"2022-11-17T09:07:55","slug":"entreprise","status":"publish","type":"page","link":"https:\/\/innovexalgerie.com\/machines\/entreprise\/","title":{"rendered":"Entreprise"},"content":{"rendered":"\t\t<div data-elementor-type=\"wp-page\" data-elementor-id=\"1870\" class=\"elementor elementor-1870\" data-elementor-settings=\"[]\">\n\t\t\t\t\t\t\t<div class=\"elementor-section-wrap\">\n\t\t\t\t\t\t\t<section class=\"elementor-section elementor-top-section elementor-element elementor-element-8426c52 elementor-section-full_width elementor-section-height-min-height elementor-section-height-default elementor-section-items-middle\" data-id=\"8426c52\" data-element_type=\"section\" data-settings=\"{&quot;background_background&quot;:&quot;classic&quot;}\">\n\t\t\t\t\t\t<div class=\"elementor-container elementor-column-gap-default\">\n\t\t\t\t\t<div class=\"elementor-column elementor-col-100 elementor-top-column elementor-element elementor-element-e9042f8\" data-id=\"e9042f8\" data-element_type=\"column\">\n\t\t\t<div class=\"elementor-widget-wrap elementor-element-populated\">\n\t\t\t\t\t\t\t\t<div class=\"elementor-element elementor-element-d986725 elementor-widget elementor-widget-heading\" data-id=\"d986725\" data-element_type=\"widget\" data-widget_type=\"heading.default\">\n\t\t\t\t<div class=\"elementor-widget-container\">\n\t\t\t<h2 class=\"elementor-heading-title elementor-size-default\">INNOVEX MACHINES<\/h2>\t\t<\/div>\n\t\t\t\t<\/div>\n\t\t\t\t<div class=\"elementor-element elementor-element-f4e8d42 elementor-widget elementor-widget-heading\" data-id=\"f4e8d42\" data-element_type=\"widget\" data-widget_type=\"heading.default\">\n\t\t\t\t<div class=\"elementor-widget-container\">\n\t\t\t<h2 class=\"elementor-heading-title elementor-size-default\">ENREPRISE SPECIALISEE DANS  LES EQUIPEMENTS INDUSTRIELS<\/h2>\t\t<\/div>\n\t\t\t\t<\/div>\n\t\t\t\t\t<\/div>\n\t\t<\/div>\n\t\t\t\t\t\t\t<\/div>\n\t\t<\/section>\n\t\t\t\t<section class=\"elementor-section elementor-top-section elementor-element elementor-element-0d5c007 elementor-section-boxed elementor-section-height-default elementor-section-height-default\" data-id=\"0d5c007\" data-element_type=\"section\">\n\t\t\t\t\t\t<div class=\"elementor-container elementor-column-gap-default\">\n\t\t\t\t\t<div class=\"elementor-column elementor-col-66 elementor-top-column elementor-element elementor-element-5c42017\" data-id=\"5c42017\" data-element_type=\"column\">\n\t\t\t<div class=\"elementor-widget-wrap elementor-element-populated\">\n\t\t\t\t\t\t\t\t<div class=\"elementor-element elementor-element-090a73f elementor-widget elementor-widget-text-editor\" data-id=\"090a73f\" data-element_type=\"widget\" data-widget_type=\"text-editor.default\">\n\t\t\t\t<div class=\"elementor-widget-container\">\n\t\t\t\t\t\t\t\t<div id=\":1ac\" class=\"ii gt\">\n<div id=\":190\" class=\"a3s aiL \">\n<div dir=\"ltr\"><p>INNOVEX machines est une entreprise sp\u00e9cialis\u00e9e dans la fourniture des \u00e9quipements industriels les professionnels.<\/p>\n<p>INNOVEX de par son exp\u00e9rience et son savoir-faire qui est le r\u00e9sultat d\u2019un long travail avec les entreprises est \u00e0 leur service pour l\u2019acquisition du mat\u00e9riel, l\u2019accompagnement au cours de leur d\u00e9veloppement en leur fournissant les solutions ad\u00e9quates \u00e0 leurs besoins tout en assurant la qualit\u00e9 du produit et de service.<\/p>\n<p>INNOVEX met \u00e0 la disposition de ses clients un service technique permanent, pendant et apr\u00e8s la p\u00e9riode de garantie, avec la disponibilit\u00e9 d\u2019une large gamme de pi\u00e8ces de rechange et de produits consommables.<\/p>\n<p>INNOVEX machines :Toutes les solutions de packaging pour r\u00e9pondre aux besoins de l\u2019industrie : du fardelage au convoyage, pose de l\u2019adh\u00e9sif, cerclage, fermeuse de cartons jusqu\u2019au banderolage.<\/p>\n<p>Nous offrons aussi des machines selon les demandes de nos clients et \u00e7a va du conseil puis l\u2019\u00e9tude de projet jusqu\u2019\u00e0 l\u2019acquisition du mat\u00e9riel et son consommable.<\/p><\/div>\n<div class=\"yj6qo\">&nbsp;<\/div>\n<div class=\"adL\">&nbsp;<\/div>\n<\/div>\n<\/div>\n<div id=\":1fn\" class=\"hq gt\"><br><\/div>\t\t\t\t\t\t<\/div>\n\t\t\t\t<\/div>\n\t\t\t\t\t<\/div>\n\t\t<\/div>\n\t\t\t\t<div class=\"elementor-column elementor-col-33 elementor-top-column elementor-element elementor-element-a99735f\" data-id=\"a99735f\" data-element_type=\"column\" data-settings=\"{&quot;background_background&quot;:&quot;classic&quot;}\">\n\t\t\t<div class=\"elementor-widget-wrap\">\n\t\t\t\t\t\t\t\t\t<\/div>\n\t\t<\/div>\n\t\t\t\t\t\t\t<\/div>\n\t\t<\/section>\n\t\t\t\t\t\t<\/div>\n\t\t\t\t\t<\/div>\n\t\t","protected":false},"excerpt":{"rendered":"<p>INNOVEX MACHINES ENREPRISE SPECIALISEE DANS LES EQUIPEMENTS INDUSTRIELS INNOVEX machines est une entreprise sp\u00e9cialis\u00e9e dans la fourniture des \u00e9quipements industriels les professionnels. INNOVEX de par son exp\u00e9rience et son savoir-faire qui est le r\u00e9sultat d\u2019un long travail avec les entreprises est \u00e0 leur service pour l\u2019acquisition du mat\u00e9riel, l\u2019accompagnement au cours de leur d\u00e9veloppement en [&hellip;]<\/p>\n","protected":false},"author":1,"featured_media":0,"parent":0,"menu_order":0,"comment_status":"closed","ping_status":"closed","template":"","meta":{"_monsterinsights_skip_tracking":false,"_monsterinsights_sitenote_active":false,"_monsterinsights_sitenote_note":"","_monsterinsights_sitenote_category":0,"footnotes":""},"class_list":["post-1870","page","type-page","status-publish","hentry"],"yoast_head":"<!-- This site is optimized with the Yoast SEO Premium plugin v16.2 (Yoast SEO v16.7) - https:\/\/yoast.com\/wordpress\/plugins\/seo\/ -->\n<title>Entreprise - Innovex Machines | Innovex Algerie<\/title>\n<meta name=\"robots\" content=\"index, follow, max-snippet:-1, max-image-preview:large, max-video-preview:-1\" \/>\n<link rel=\"canonical\" href=\"https:\/\/innovexalgerie.com\/machines\/entreprise\/\" \/>\n<meta property=\"og:locale\" content=\"fr_FR\" \/>\n<meta property=\"og:type\" content=\"article\" \/>\n<meta property=\"og:title\" content=\"Entreprise - Innovex Machines | Innovex Algerie\" \/>\n<meta property=\"og:description\" content=\"INNOVEX MACHINES ENREPRISE SPECIALISEE DANS LES EQUIPEMENTS INDUSTRIELS INNOVEX machines est une entreprise sp\u00e9cialis\u00e9e dans la fourniture des \u00e9quipements industriels les professionnels. INNOVEX de par son exp\u00e9rience et son savoir-faire qui est le r\u00e9sultat d\u2019un long travail avec les entreprises est \u00e0 leur service pour l\u2019acquisition du mat\u00e9riel, l\u2019accompagnement au cours de leur d\u00e9veloppement en [&hellip;]\" \/>\n<meta property=\"og:url\" content=\"https:\/\/innovexalgerie.com\/machines\/entreprise\/\" \/>\n<meta property=\"og:site_name\" content=\"Innovex Machines | Innovex Algerie\" \/>\n<meta property=\"article:publisher\" content=\"https:\/\/www.facebook.com\/innovexmachine1\" \/>\n<meta property=\"article:modified_time\" content=\"2022-11-17T09:07:55+00:00\" \/>\n<meta name=\"twitter:card\" content=\"summary_large_image\" \/>\n<meta name=\"twitter:label1\" content=\"Dur\u00e9e de lecture est.\" \/>\n\t<meta name=\"twitter:data1\" content=\"1 minute\" \/>\n<script type=\"application\/ld+json\" class=\"yoast-schema-graph\">{\"@context\":\"https:\/\/schema.org\",\"@graph\":[{\"@type\":\"WebSite\",\"@id\":\"https:\/\/innovexalgerie.com\/machines\/#website\",\"url\":\"https:\/\/innovexalgerie.com\/machines\/\",\"name\":\"Innovex Machines | Innovex Algerie\",\"description\":\"Fournisseur de machines d&#039;emballage et d&#039;imprimerie\",\"potentialAction\":[{\"@type\":\"SearchAction\",\"target\":{\"@type\":\"EntryPoint\",\"urlTemplate\":\"https:\/\/innovexalgerie.com\/machines\/?s={search_term_string}\"},\"query-input\":\"required name=search_term_string\"}],\"inLanguage\":\"fr-FR\"},{\"@type\":\"WebPage\",\"@id\":\"https:\/\/innovexalgerie.com\/machines\/entreprise\/#webpage\",\"url\":\"https:\/\/innovexalgerie.com\/machines\/entreprise\/\",\"name\":\"Entreprise - Innovex Machines | Innovex Algerie\",\"isPartOf\":{\"@id\":\"https:\/\/innovexalgerie.com\/machines\/#website\"},\"datePublished\":\"2021-05-20T19:59:17+00:00\",\"dateModified\":\"2022-11-17T09:07:55+00:00\",\"breadcrumb\":{\"@id\":\"https:\/\/innovexalgerie.com\/machines\/entreprise\/#breadcrumb\"},\"inLanguage\":\"fr-FR\",\"potentialAction\":[{\"@type\":\"ReadAction\",\"target\":[\"https:\/\/innovexalgerie.com\/machines\/entreprise\/\"]}]},{\"@type\":\"BreadcrumbList\",\"@id\":\"https:\/\/innovexalgerie.com\/machines\/entreprise\/#breadcrumb\",\"itemListElement\":[{\"@type\":\"ListItem\",\"position\":1,\"name\":\"Accueil\",\"item\":\"https:\/\/innovexalgerie.com\/machines\/\"},{\"@type\":\"ListItem\",\"position\":2,\"name\":\"Entreprise\"}]}]}<\/script>\n<!-- \/ Yoast SEO Premium plugin. -->","yoast_head_json":{"title":"Entreprise - Innovex Machines | Innovex Algerie","robots":{"index":"index","follow":"follow","max-snippet":"max-snippet:-1","max-image-preview":"max-image-preview:large","max-video-preview":"max-video-preview:-1"},"canonical":"https:\/\/innovexalgerie.com\/machines\/entreprise\/","og_locale":"fr_FR","og_type":"article","og_title":"Entreprise - Innovex Machines | Innovex Algerie","og_description":"INNOVEX MACHINES ENREPRISE SPECIALISEE DANS LES EQUIPEMENTS INDUSTRIELS INNOVEX machines est une entreprise sp\u00e9cialis\u00e9e dans la fourniture des \u00e9quipements industriels les professionnels. INNOVEX de par son exp\u00e9rience et son savoir-faire qui est le r\u00e9sultat d\u2019un long travail avec les entreprises est \u00e0 leur service pour l\u2019acquisition du mat\u00e9riel, l\u2019accompagnement au cours de leur d\u00e9veloppement en [&hellip;]","og_url":"https:\/\/innovexalgerie.com\/machines\/entreprise\/","og_site_name":"Innovex Machines | Innovex Algerie","article_publisher":"https:\/\/www.facebook.com\/innovexmachine1","article_modified_time":"2022-11-17T09:07:55+00:00","twitter_card":"summary_large_image","twitter_misc":{"Dur\u00e9e de lecture est.":"1 minute"},"schema":{"@context":"https:\/\/schema.org","@graph":[{"@type":"WebSite","@id":"https:\/\/innovexalgerie.com\/machines\/#website","url":"https:\/\/innovexalgerie.com\/machines\/","name":"Innovex Machines | Innovex Algerie","description":"Fournisseur de machines d&#039;emballage et d&#039;imprimerie","potentialAction":[{"@type":"SearchAction","target":{"@type":"EntryPoint","urlTemplate":"https:\/\/innovexalgerie.com\/machines\/?s={search_term_string}"},"query-input":"required name=search_term_string"}],"inLanguage":"fr-FR"},{"@type":"WebPage","@id":"https:\/\/innovexalgerie.com\/machines\/entreprise\/#webpage","url":"https:\/\/innovexalgerie.com\/machines\/entreprise\/","name":"Entreprise - Innovex Machines | Innovex Algerie","isPartOf":{"@id":"https:\/\/innovexalgerie.com\/machines\/#website"},"datePublished":"2021-05-20T19:59:17+00:00","dateModified":"2022-11-17T09:07:55+00:00","breadcrumb":{"@id":"https:\/\/innovexalgerie.com\/machines\/entreprise\/#breadcrumb"},"inLanguage":"fr-FR","potentialAction":[{"@type":"ReadAction","target":["https:\/\/innovexalgerie.com\/machines\/entreprise\/"]}]},{"@type":"BreadcrumbList","@id":"https:\/\/innovexalgerie.com\/machines\/entreprise\/#breadcrumb","itemListElement":[{"@type":"ListItem","position":1,"name":"Accueil","item":"https:\/\/innovexalgerie.com\/machines\/"},{"@type":"ListItem","position":2,"name":"Entreprise"}]}]}},"_links":{"self":[{"href":"https:\/\/innovexalgerie.com\/machines\/wp-json\/wp\/v2\/pages\/1870","targetHints":{"allow":["GET"]}}],"collection":[{"href":"https:\/\/innovexalgerie.com\/machines\/wp-json\/wp\/v2\/pages"}],"about":[{"href":"https:\/\/innovexalgerie.com\/machines\/wp-json\/wp\/v2\/types\/page"}],"author":[{"embeddable":true,"href":"https:\/\/innovexalgerie.com\/machines\/wp-json\/wp\/v2\/users\/1"}],"replies":[{"embeddable":true,"href":"https:\/\/innovexalgerie.com\/machines\/wp-json\/wp\/v2\/comments?post=1870"}],"version-history":[{"count":25,"href":"https:\/\/innovexalgerie.com\/machines\/wp-json\/wp\/v2\/pages\/1870\/revisions"}],"predecessor-version":[{"id":31215,"href":"https:\/\/innovexalgerie.com\/machines\/wp-json\/wp\/v2\/pages\/1870\/revisions\/31215"}],"wp:attachment":[{"href":"https:\/\/innovexalgerie.com\/machines\/wp-json\/wp\/v2\/media?parent=1870"}],"curies":[{"name":"wp","href":"https:\/\/api.w.org\/{rel}","templated":true}]}}