{"id":33375,"date":"2025-06-19T12:35:47","date_gmt":"2025-06-19T11:35:47","guid":{"rendered":"https:\/\/innovexalgerie.com\/machines\/?page_id=33375"},"modified":"2025-06-19T13:29:54","modified_gmt":"2025-06-19T12:29:54","slug":"carriere","status":"publish","type":"page","link":"https:\/\/innovexalgerie.com\/machines\/carriere\/","title":{"rendered":"Carri\u00e8re"},"content":{"rendered":"\t\t<div data-elementor-type=\"wp-page\" data-elementor-id=\"33375\" class=\"elementor elementor-33375\" data-elementor-settings=\"[]\">\n\t\t\t\t\t\t\t<div class=\"elementor-section-wrap\">\n\t\t\t\t\t\t\t<section class=\"elementor-section elementor-top-section elementor-element elementor-element-6029233 elementor-section-boxed elementor-section-height-default elementor-section-height-default\" data-id=\"6029233\" data-element_type=\"section\" data-settings=\"{&quot;background_background&quot;:&quot;classic&quot;}\">\n\t\t\t\t\t\t<div class=\"elementor-container elementor-column-gap-default\">\n\t\t\t\t\t<div class=\"elementor-column elementor-col-100 elementor-top-column elementor-element elementor-element-545dc55\" data-id=\"545dc55\" data-element_type=\"column\" data-settings=\"{&quot;background_background&quot;:&quot;classic&quot;}\">\n\t\t\t<div class=\"elementor-widget-wrap elementor-element-populated\">\n\t\t\t\t\t<div class=\"elementor-background-overlay\"><\/div>\n\t\t\t\t\t\t\t\t<div class=\"elementor-element elementor-element-74a60a8 elementor-widget elementor-widget-theme-site-logo elementor-widget-image\" data-id=\"74a60a8\" data-element_type=\"widget\" data-widget_type=\"theme-site-logo.default\">\n\t\t\t\t<div class=\"elementor-widget-container\">\n\t\t\t\t\t\t\t\t\t\t\t\t\t\t\t\t<a href=\"https:\/\/innovexalgerie.com\/machines\">\n\t\t\t\t\t\t\t<img decoding=\"async\" src=\"https:\/\/innovexalgerie.com\/machines\/wp-content\/uploads\/2021\/05\/innovex-logo.svg\" class=\"attachment-full size-full\" alt=\"innovex machines logo\" \/>\t\t\t\t\t\t\t\t<\/a>\n\t\t\t\t\t\t\t\t\t\t\t\t\t\t\t<\/div>\n\t\t\t\t<\/div>\n\t\t\t\t<div class=\"elementor-element elementor-element-376c322 elementor-widget elementor-widget-heading\" data-id=\"376c322\" data-element_type=\"widget\" data-widget_type=\"heading.default\">\n\t\t\t\t<div class=\"elementor-widget-container\">\n\t\t\t<h2 class=\"elementor-heading-title elementor-size-default\">Formulaire pour d\u00e9poser un CV<\/h2>\t\t<\/div>\n\t\t\t\t<\/div>\n\t\t\t\t<div class=\"elementor-element elementor-element-a6a695c elementor-button-align-stretch elementor-widget elementor-widget-form\" data-id=\"a6a695c\" data-element_type=\"widget\" data-settings=\"{&quot;step_next_label&quot;:&quot;Next&quot;,&quot;step_previous_label&quot;:&quot;Previous&quot;,&quot;button_width&quot;:&quot;100&quot;,&quot;step_type&quot;:&quot;number_text&quot;,&quot;step_icon_shape&quot;:&quot;circle&quot;}\" data-widget_type=\"form.default\">\n\t\t\t\t<div class=\"elementor-widget-container\">\n\t\t\t\t\t<form class=\"elementor-form\" method=\"post\" name=\"Carri\u00e9re\">\n\t\t\t<input type=\"hidden\" name=\"post_id\" value=\"33375\"\/>\n\t\t\t<input type=\"hidden\" name=\"form_id\" value=\"a6a695c\"\/>\n\t\t\t<input type=\"hidden\" name=\"referer_title\" value=\"Innovex Machines | Innovex Algerie\" \/>\n\n\t\t\t\n\t\t\t<div class=\"elementor-form-fields-wrapper elementor-labels-above\">\n\t\t\t\t\t\t\t\t<div class=\"elementor-field-type-text elementor-field-group elementor-column elementor-field-group-name elementor-col-50 elementor-field-required elementor-mark-required\">\n\t\t\t\t\t<label for=\"form-field-name\" class=\"elementor-field-label\">Pr\u00e9nom<\/label><input size=\"1\" type=\"text\" name=\"form_fields[name]\" id=\"form-field-name\" class=\"elementor-field elementor-size-sm  elementor-field-textual\" required=\"required\" aria-required=\"true\">\t\t\t\t<\/div>\n\t\t\t\t\t\t\t\t<div class=\"elementor-field-type-text elementor-field-group elementor-column elementor-field-group-field_a593310 elementor-col-50 elementor-field-required elementor-mark-required\">\n\t\t\t\t\t<label for=\"form-field-field_a593310\" class=\"elementor-field-label\">Nom<\/label><input size=\"1\" type=\"text\" name=\"form_fields[field_a593310]\" id=\"form-field-field_a593310\" class=\"elementor-field elementor-size-sm  elementor-field-textual\" required=\"required\" aria-required=\"true\">\t\t\t\t<\/div>\n\t\t\t\t\t\t\t\t<div class=\"elementor-field-type-email elementor-field-group elementor-column elementor-field-group-email elementor-col-100 elementor-field-required elementor-mark-required\">\n\t\t\t\t\t<label for=\"form-field-email\" class=\"elementor-field-label\">Email<\/label><input size=\"1\" type=\"email\" name=\"form_fields[email]\" id=\"form-field-email\" class=\"elementor-field elementor-size-sm  elementor-field-textual\" required=\"required\" aria-required=\"true\">\t\t\t\t<\/div>\n\t\t\t\t\t\t\t\t<div class=\"elementor-field-type-text elementor-field-group elementor-column elementor-field-group-message elementor-col-100 elementor-field-required elementor-mark-required\">\n\t\t\t\t\t<label for=\"form-field-message\" class=\"elementor-field-label\">Num\u00e9ro de t\u00e9l\u00e9phone<\/label><input size=\"1\" type=\"text\" name=\"form_fields[message]\" id=\"form-field-message\" class=\"elementor-field elementor-size-sm  elementor-field-textual\" required=\"required\" aria-required=\"true\">\t\t\t\t<\/div>\n\t\t\t\t\t\t\t\t<div class=\"elementor-field-type-radio elementor-field-group elementor-column elementor-field-group-field_82bedd4 elementor-col-100 elementor-field-required elementor-mark-required\">\n\t\t\t\t\t<label for=\"form-field-field_82bedd4\" class=\"elementor-field-label\">Vous \u00eates:<\/label><div class=\"elementor-field-subgroup  elementor-subgroup-inline\"><span class=\"elementor-field-option\"><input type=\"radio\" value=\"Homme\" id=\"form-field-field_82bedd4-0\" name=\"form_fields[field_82bedd4]\" required=\"required\" aria-required=\"true\"> <label for=\"form-field-field_82bedd4-0\">Homme<\/label><\/span><span class=\"elementor-field-option\"><input type=\"radio\" value=\"Femme\" id=\"form-field-field_82bedd4-1\" name=\"form_fields[field_82bedd4]\" required=\"required\" aria-required=\"true\"> <label for=\"form-field-field_82bedd4-1\">Femme<\/label><\/span><\/div>\t\t\t\t<\/div>\n\t\t\t\t\t\t\t\t<div class=\"elementor-field-type-radio elementor-field-group elementor-column elementor-field-group-field_6e4cfd1 elementor-col-100 elementor-field-required elementor-mark-required\">\n\t\t\t\t\t<label for=\"form-field-field_6e4cfd1\" class=\"elementor-field-label\">Situation Familiale<\/label><div class=\"elementor-field-subgroup  elementor-subgroup-inline\"><span class=\"elementor-field-option\"><input type=\"radio\" value=\"Mari\u00e9 (e)\" id=\"form-field-field_6e4cfd1-0\" name=\"form_fields[field_6e4cfd1]\" required=\"required\" aria-required=\"true\"> <label for=\"form-field-field_6e4cfd1-0\">Mari\u00e9 (e)<\/label><\/span><span class=\"elementor-field-option\"><input type=\"radio\" value=\"C\u00e9libataire\" id=\"form-field-field_6e4cfd1-1\" name=\"form_fields[field_6e4cfd1]\" required=\"required\" aria-required=\"true\"> <label for=\"form-field-field_6e4cfd1-1\">C\u00e9libataire<\/label><\/span><span class=\"elementor-field-option\"><input type=\"radio\" value=\"Veuf\/Veuve\" id=\"form-field-field_6e4cfd1-2\" name=\"form_fields[field_6e4cfd1]\" required=\"required\" aria-required=\"true\"> <label for=\"form-field-field_6e4cfd1-2\">Veuf\/Veuve<\/label><\/span><span class=\"elementor-field-option\"><input type=\"radio\" value=\"Divorc\u00e9 (e)\" id=\"form-field-field_6e4cfd1-3\" name=\"form_fields[field_6e4cfd1]\" required=\"required\" aria-required=\"true\"> <label for=\"form-field-field_6e4cfd1-3\">Divorc\u00e9 (e)<\/label><\/span><\/div>\t\t\t\t<\/div>\n\t\t\t\t\t\t\t\t<div class=\"elementor-field-type-date elementor-field-group elementor-column elementor-field-group-field_8f2406b elementor-col-100 elementor-field-required elementor-mark-required\">\n\t\t\t\t\t<label for=\"form-field-field_8f2406b\" class=\"elementor-field-label\">Date de naissance<\/label><input type=\"date\" name=\"form_fields[field_8f2406b]\" id=\"form-field-field_8f2406b\" class=\"elementor-field elementor-size-sm  elementor-field-textual elementor-date-field\" required=\"required\" aria-required=\"true\" pattern=\"[0-9]{4}-[0-9]{2}-[0-9]{2}\">\t\t\t\t<\/div>\n\t\t\t\t\t\t\t\t<div class=\"elementor-field-type-radio elementor-field-group elementor-column elementor-field-group-field_fb64f8d elementor-col-100\">\n\t\t\t\t\t<label for=\"form-field-field_fb64f8d\" class=\"elementor-field-label\">R\u00e9gion \/ Ville de r\u00e9sidence<\/label><div class=\"elementor-field-subgroup  elementor-subgroup-inline\"><span class=\"elementor-field-option\"><input type=\"radio\" value=\"Alger\" id=\"form-field-field_fb64f8d-0\" name=\"form_fields[field_fb64f8d]\"> <label for=\"form-field-field_fb64f8d-0\">Alger<\/label><\/span><span class=\"elementor-field-option\"><input type=\"radio\" value=\"Oran\" id=\"form-field-field_fb64f8d-1\" name=\"form_fields[field_fb64f8d]\"> <label for=\"form-field-field_fb64f8d-1\">Oran<\/label><\/span><\/div>\t\t\t\t<\/div>\n\t\t\t\t\t\t\t\t<div class=\"elementor-field-type-select elementor-field-group elementor-column elementor-field-group-field_e9594b0 elementor-col-100 elementor-field-required elementor-mark-required\">\n\t\t\t\t\t<label for=\"form-field-field_e9594b0\" class=\"elementor-field-label\">Niveau d'\u00e9tude<\/label>\t\t<div class=\"elementor-field elementor-select-wrapper \">\n\t\t\t<select name=\"form_fields[field_e9594b0]\" id=\"form-field-field_e9594b0\" class=\"elementor-field-textual elementor-size-sm\" required=\"required\" aria-required=\"true\">\n\t\t\t\t<option value=\"Bac+2\">Bac+2<\/option><option value=\"Bac+3\">Bac+3<\/option><option value=\"License\">License<\/option><option value=\"Master\">Master<\/option><option value=\"Autre\">Autre<\/option>\t\t\t<\/select>\n\t\t<\/div>\n\t\t\t\t\t\t<\/div>\n\t\t\t\t\t\t\t\t<div class=\"elementor-field-type-select elementor-field-group elementor-column elementor-field-group-field_d5207fb elementor-col-100 elementor-field-required elementor-mark-required\">\n\t\t\t\t\t<label for=\"form-field-field_d5207fb\" class=\"elementor-field-label\">Sp\u00e9cialit\u00e9 \/ Dipl\u00f4me<\/label>\t\t<div class=\"elementor-field elementor-select-wrapper \">\n\t\t\t<select name=\"form_fields[field_d5207fb]\" id=\"form-field-field_d5207fb\" class=\"elementor-field-textual elementor-size-sm\" required=\"required\" aria-required=\"true\">\n\t\t\t\t<option value=\"Administration, RH. Moyens G\u00e9n\u00e9raux\">Administration, RH. Moyens G\u00e9n\u00e9raux<\/option><option value=\"Comptabilit\u00e9, Finance Fiscalit\u00e9, Audit\">Comptabilit\u00e9, Finance Fiscalit\u00e9, Audit<\/option><option value=\"Commercial, Marketing, Communication\">Commercial, Marketing, Communication<\/option><option value=\"Achat, Logistique, Stock, Transport\">Achat, Logistique, Stock, Transport<\/option><option value=\"Production, Industries, Maintenance\">Production, Industries, Maintenance<\/option><option value=\"Syst\u00e8me d&#039;information, Informatique, R\u00e9seau\">Syst\u00e8me d&#039;information, Informatique, R\u00e9seau<\/option><option value=\"Ouvrier qualifier, chauffeur, APS\">Ouvrier qualifier, chauffeur, APS<\/option><option value=\"Autre\">Autre<\/option>\t\t\t<\/select>\n\t\t<\/div>\n\t\t\t\t\t\t<\/div>\n\t\t\t\t\t\t\t\t<div class=\"elementor-field-type-radio elementor-field-group elementor-column elementor-field-group-field_047578b elementor-col-100\">\n\t\t\t\t\t<label for=\"form-field-field_047578b\" class=\"elementor-field-label\">Pourquoi INNOVEX?<\/label><div class=\"elementor-field-subgroup  elementor-subgroup-inline\"><span class=\"elementor-field-option\"><input type=\"radio\" value=\"R\u00e9mun\u00e9ration &amp; Avantages\" id=\"form-field-field_047578b-0\" name=\"form_fields[field_047578b]\"> <label for=\"form-field-field_047578b-0\">R\u00e9mun\u00e9ration & Avantages<\/label><\/span><span class=\"elementor-field-option\"><input type=\"radio\" value=\"Missions &amp; Valeurs\" id=\"form-field-field_047578b-1\" name=\"form_fields[field_047578b]\"> <label for=\"form-field-field_047578b-1\">Missions & Valeurs<\/label><\/span><span class=\"elementor-field-option\"><input type=\"radio\" value=\"Culture d&#039;entreprise\" id=\"form-field-field_047578b-2\" name=\"form_fields[field_047578b]\"> <label for=\"form-field-field_047578b-2\">Culture d'entreprise<\/label><\/span><span class=\"elementor-field-option\"><input type=\"radio\" value=\"Bonne r\u00e9putation\" id=\"form-field-field_047578b-3\" name=\"form_fields[field_047578b]\"> <label for=\"form-field-field_047578b-3\">Bonne r\u00e9putation<\/label><\/span><\/div>\t\t\t\t<\/div>\n\t\t\t\t\t\t\t\t<div class=\"elementor-field-type-upload elementor-field-group elementor-column elementor-field-group-field_bfd4435 elementor-col-100 elementor-field-required elementor-mark-required\">\n\t\t\t\t\t<label for=\"form-field-field_bfd4435\" class=\"elementor-field-label\">Votre CV au format PDF<\/label><input type=\"file\" name=\"form_fields[field_bfd4435]\" id=\"form-field-field_bfd4435\" class=\"elementor-field elementor-size-sm  elementor-upload-field\" required=\"required\" aria-required=\"true\" data-maxsize=\"24\" data-maxsize-message=\"This file exceeds the maximum allowed size.\">\t\t\t\t<\/div>\n\t\t\t\t\t\t\t\t<div class=\"elementor-field-type-checkbox elementor-field-group elementor-column elementor-field-group-field_1660faf elementor-col-100\">\n\t\t\t\t\t<div class=\"elementor-field-subgroup  \"><span class=\"elementor-field-option\"><input type=\"checkbox\" value=\"J\u2019accepte les conditions g\u00e9n\u00e9rales d\u2019utilisation\" id=\"form-field-field_1660faf-0\" name=\"form_fields[field_1660faf]\"> <label for=\"form-field-field_1660faf-0\">J\u2019accepte les conditions g\u00e9n\u00e9rales d\u2019utilisation<\/label><\/span><\/div>\t\t\t\t<\/div>\n\t\t\t\t\t\t\t\t<div class=\"elementor-field-type-recaptcha_v3 elementor-field-group elementor-column elementor-field-group-field_f10e1fe elementor-col-100 recaptcha_v3-bottomright\">\n\t\t\t\t\t<div class=\"elementor-field\" id=\"form-field-field_f10e1fe\"><div class=\"elementor-g-recaptcha\" data-sitekey=\"6LcszXsUAAAAABxroDqWhh5gd12mWHEIIWPlHXyj\" data-type=\"v3\" data-action=\"Form\" data-badge=\"bottomright\" data-size=\"invisible\"><\/div><\/div>\t\t\t\t<\/div>\n\t\t\t\t\t\t\t\t<div class=\"elementor-field-group elementor-column elementor-field-type-submit elementor-col-100 e-form__buttons\">\n\t\t\t\t\t<button type=\"submit\" class=\"elementor-button elementor-size-sm\">\n\t\t\t\t\t\t<span >\n\t\t\t\t\t\t\t\t\t\t\t\t\t\t\t<span class=\" elementor-button-icon\">\n\t\t\t\t\t\t\t\t\t\t\t\t\t\t\t\t\t\t\t\t\t\t\t\t\t\t<\/span>\n\t\t\t\t\t\t\t\t\t\t\t\t\t\t\t\t\t\t\t\t\t\t<span class=\"elementor-button-text\">POSTULER<\/span>\n\t\t\t\t\t\t\t\t\t\t\t\t\t<\/span>\n\t\t\t\t\t<\/button>\n\t\t\t\t<\/div>\n\t\t\t<\/div>\n\t\t<\/form>\n\t\t\t\t<\/div>\n\t\t\t\t<\/div>\n\t\t\t\t\t<\/div>\n\t\t<\/div>\n\t\t\t\t\t\t\t<\/div>\n\t\t<\/section>\n\t\t\t\t\t\t<\/div>\n\t\t\t\t\t<\/div>\n\t\t","protected":false},"excerpt":{"rendered":"<p>Formulaire pour d\u00e9poser un CV<\/p>\n","protected":false},"author":5,"featured_media":0,"parent":0,"menu_order":0,"comment_status":"closed","ping_status":"closed","template":"","meta":{"_monsterinsights_skip_tracking":false,"_monsterinsights_sitenote_active":false,"_monsterinsights_sitenote_note":"","_monsterinsights_sitenote_category":0,"footnotes":""},"class_list":["post-33375","page","type-page","status-publish","hentry"],"yoast_head":"<!-- This site is optimized with the Yoast SEO Premium plugin v16.2 (Yoast SEO v16.7) - https:\/\/yoast.com\/wordpress\/plugins\/seo\/ -->\n<title>Carri\u00e8re - Innovex Machines | Innovex Algerie<\/title>\n<meta name=\"robots\" content=\"index, follow, max-snippet:-1, max-image-preview:large, max-video-preview:-1\" \/>\n<link rel=\"canonical\" href=\"https:\/\/innovexalgerie.com\/machines\/carriere\/\" \/>\n<meta property=\"og:locale\" content=\"fr_FR\" \/>\n<meta property=\"og:type\" content=\"article\" \/>\n<meta property=\"og:title\" content=\"Carri\u00e8re - Innovex Machines | Innovex Algerie\" \/>\n<meta property=\"og:description\" content=\"Formulaire pour d\u00e9poser un CV\" \/>\n<meta property=\"og:url\" content=\"https:\/\/innovexalgerie.com\/machines\/carriere\/\" \/>\n<meta property=\"og:site_name\" content=\"Innovex Machines | Innovex Algerie\" \/>\n<meta property=\"article:publisher\" content=\"https:\/\/www.facebook.com\/innovexmachine1\" \/>\n<meta property=\"article:modified_time\" content=\"2025-06-19T12:29:54+00:00\" \/>\n<meta name=\"twitter:card\" content=\"summary_large_image\" \/>\n<script type=\"application\/ld+json\" class=\"yoast-schema-graph\">{\"@context\":\"https:\/\/schema.org\",\"@graph\":[{\"@type\":\"WebSite\",\"@id\":\"https:\/\/innovexalgerie.com\/machines\/#website\",\"url\":\"https:\/\/innovexalgerie.com\/machines\/\",\"name\":\"Innovex Machines | Innovex Algerie\",\"description\":\"Fournisseur de machines d&#039;emballage et d&#039;imprimerie\",\"potentialAction\":[{\"@type\":\"SearchAction\",\"target\":{\"@type\":\"EntryPoint\",\"urlTemplate\":\"https:\/\/innovexalgerie.com\/machines\/?s={search_term_string}\"},\"query-input\":\"required name=search_term_string\"}],\"inLanguage\":\"fr-FR\"},{\"@type\":\"WebPage\",\"@id\":\"https:\/\/innovexalgerie.com\/machines\/carriere\/#webpage\",\"url\":\"https:\/\/innovexalgerie.com\/machines\/carriere\/\",\"name\":\"Carri\\u00e8re - Innovex Machines | Innovex Algerie\",\"isPartOf\":{\"@id\":\"https:\/\/innovexalgerie.com\/machines\/#website\"},\"datePublished\":\"2025-06-19T11:35:47+00:00\",\"dateModified\":\"2025-06-19T12:29:54+00:00\",\"breadcrumb\":{\"@id\":\"https:\/\/innovexalgerie.com\/machines\/carriere\/#breadcrumb\"},\"inLanguage\":\"fr-FR\",\"potentialAction\":[{\"@type\":\"ReadAction\",\"target\":[\"https:\/\/innovexalgerie.com\/machines\/carriere\/\"]}]},{\"@type\":\"BreadcrumbList\",\"@id\":\"https:\/\/innovexalgerie.com\/machines\/carriere\/#breadcrumb\",\"itemListElement\":[{\"@type\":\"ListItem\",\"position\":1,\"name\":\"Accueil\",\"item\":\"https:\/\/innovexalgerie.com\/machines\/\"},{\"@type\":\"ListItem\",\"position\":2,\"name\":\"Carri\\u00e8re\"}]}]}<\/script>\n<!-- \/ Yoast SEO Premium plugin. -->","yoast_head_json":{"title":"Carri\u00e8re - Innovex Machines | Innovex Algerie","robots":{"index":"index","follow":"follow","max-snippet":"max-snippet:-1","max-image-preview":"max-image-preview:large","max-video-preview":"max-video-preview:-1"},"canonical":"https:\/\/innovexalgerie.com\/machines\/carriere\/","og_locale":"fr_FR","og_type":"article","og_title":"Carri\u00e8re - Innovex Machines | Innovex Algerie","og_description":"Formulaire pour d\u00e9poser un CV","og_url":"https:\/\/innovexalgerie.com\/machines\/carriere\/","og_site_name":"Innovex Machines | Innovex Algerie","article_publisher":"https:\/\/www.facebook.com\/innovexmachine1","article_modified_time":"2025-06-19T12:29:54+00:00","twitter_card":"summary_large_image","schema":{"@context":"https:\/\/schema.org","@graph":[{"@type":"WebSite","@id":"https:\/\/innovexalgerie.com\/machines\/#website","url":"https:\/\/innovexalgerie.com\/machines\/","name":"Innovex Machines | Innovex Algerie","description":"Fournisseur de machines d&#039;emballage et d&#039;imprimerie","potentialAction":[{"@type":"SearchAction","target":{"@type":"EntryPoint","urlTemplate":"https:\/\/innovexalgerie.com\/machines\/?s={search_term_string}"},"query-input":"required name=search_term_string"}],"inLanguage":"fr-FR"},{"@type":"WebPage","@id":"https:\/\/innovexalgerie.com\/machines\/carriere\/#webpage","url":"https:\/\/innovexalgerie.com\/machines\/carriere\/","name":"Carri\u00e8re - Innovex Machines | Innovex Algerie","isPartOf":{"@id":"https:\/\/innovexalgerie.com\/machines\/#website"},"datePublished":"2025-06-19T11:35:47+00:00","dateModified":"2025-06-19T12:29:54+00:00","breadcrumb":{"@id":"https:\/\/innovexalgerie.com\/machines\/carriere\/#breadcrumb"},"inLanguage":"fr-FR","potentialAction":[{"@type":"ReadAction","target":["https:\/\/innovexalgerie.com\/machines\/carriere\/"]}]},{"@type":"BreadcrumbList","@id":"https:\/\/innovexalgerie.com\/machines\/carriere\/#breadcrumb","itemListElement":[{"@type":"ListItem","position":1,"name":"Accueil","item":"https:\/\/innovexalgerie.com\/machines\/"},{"@type":"ListItem","position":2,"name":"Carri\u00e8re"}]}]}},"_links":{"self":[{"href":"https:\/\/innovexalgerie.com\/machines\/wp-json\/wp\/v2\/pages\/33375","targetHints":{"allow":["GET"]}}],"collection":[{"href":"https:\/\/innovexalgerie.com\/machines\/wp-json\/wp\/v2\/pages"}],"about":[{"href":"https:\/\/innovexalgerie.com\/machines\/wp-json\/wp\/v2\/types\/page"}],"author":[{"embeddable":true,"href":"https:\/\/innovexalgerie.com\/machines\/wp-json\/wp\/v2\/users\/5"}],"replies":[{"embeddable":true,"href":"https:\/\/innovexalgerie.com\/machines\/wp-json\/wp\/v2\/comments?post=33375"}],"version-history":[{"count":16,"href":"https:\/\/innovexalgerie.com\/machines\/wp-json\/wp\/v2\/pages\/33375\/revisions"}],"predecessor-version":[{"id":33393,"href":"https:\/\/innovexalgerie.com\/machines\/wp-json\/wp\/v2\/pages\/33375\/revisions\/33393"}],"wp:attachment":[{"href":"https:\/\/innovexalgerie.com\/machines\/wp-json\/wp\/v2\/media?parent=33375"}],"curies":[{"name":"wp","href":"https:\/\/api.w.org\/{rel}","templated":true}]}}