{"id":149,"date":"2021-03-24T20:45:47","date_gmt":"2021-03-24T19:45:47","guid":{"rendered":"https:\/\/innovexalgerie.com\/machines2\/?post_type=product&#038;p=149"},"modified":"2022-06-20T14:26:52","modified_gmt":"2022-06-20T13:26:52","slug":"soudeuse-horizontale-continue-en-inox-frb-770i","status":"publish","type":"product","link":"https:\/\/innovexalgerie.com\/machines\/produit\/soudeuse-horizontale-continue-en-inox-frb-770i\/","title":{"rendered":"Soudeuse horizontale\u00a0continue en inox FRB-770I*"},"content":{"rendered":"<p>La soudeuse de sacs horizontale\u00a0<strong>FRB-770I*<\/strong> en inox assure la fermeture des sacs de polypropyl\u00e8ne, de cellophane, de poly\u00e9thyl\u00e8ne, et de toutes les mati\u00e8res thermo-soudable, avec un syst\u00e8me de soudage par ceintures PTFE en horizontal avec possibilit\u00e9 de r\u00e9glage de temp\u00e9rature. Une machine id\u00e9ale pour les petites et moyennes productions, elle dispose d\u2019un convoyeur de 153 mm de largeur qui permet le passage des petits sacs en continue.<\/p>\n<ul>\n<li>\u00a0Machine fabriqu\u00e9e en acier inoxydable.<\/li>\n<li>Temps de r\u00e9chauffement rapide.<\/li>\n<li>R\u00e9glage \u00e9lectronique de temp\u00e9rature.<\/li>\n<li>Pression de la soudure r\u00e9glable<\/li>\n<li>Syst\u00e8me de soudage \u00e0 courroies PTFE<\/li>\n<li>Tapis convoyeur incorpore motoris\u00e9 \u00e0 vitesse r\u00e9glable.<\/li>\n<li>Largeur du convoyeur r\u00e9glable en fonction de la taille du produit.<\/li>\n<li>\u00c9quip\u00e9e d\u2019un bouton d&rsquo;arr\u00eat d&rsquo;urgence.<\/li>\n<li>Soudure de tous mat\u00e9riaux thermosoudables<\/li>\n<li>Machine conforme aux normes CE.\n<div class=\"elementor-element elementor-element-c41704d elementor-widget elementor-widget-woocommerce-product-data-tabs\" data-id=\"c41704d\" data-element_type=\"widget\" data-widget_type=\"woocommerce-product-data-tabs.default\">\n<div class=\"elementor-widget-container\"><\/div>\n<\/div>\n<\/li>\n<\/ul>\n","protected":false},"excerpt":{"rendered":"<p>La soudeuse de sacs horizontale continue en inox assure la soudure des sacs en plastique en horizontal, travail sur sacs de natures diff\u00e9rentes (poly\u00e9thyl\u00e8ne, polypropyl\u00e8ne, cellophane, papier couch\u00e9, aluminium lamin\u00e9&#8230;.<\/p>\n<p><img loading=\"lazy\" decoding=\"async\" class=\"alignnone size-full wp-image-30725\" src=\"https:\/\/innovexalgerie.com\/machines\/wp-content\/uploads\/2021\/03\/icon-soudeuse-horizantale.jpg\" alt=\"icon-soudeuse-horizantale\" width=\"913\" height=\"217\" srcset=\"https:\/\/innovexalgerie.com\/machines\/wp-content\/uploads\/2021\/03\/icon-soudeuse-horizantale.jpg 913w, https:\/\/innovexalgerie.com\/machines\/wp-content\/uploads\/2021\/03\/icon-soudeuse-horizantale-300x71.jpg 300w, https:\/\/innovexalgerie.com\/machines\/wp-content\/uploads\/2021\/03\/icon-soudeuse-horizantale-768x183.jpg 768w, https:\/\/innovexalgerie.com\/machines\/wp-content\/uploads\/2021\/03\/icon-soudeuse-horizantale-600x143.jpg 600w\" sizes=\"auto, (max-width: 913px) 100vw, 913px\" \/><\/p>\n","protected":false},"featured_media":256,"template":"","meta":{"_monsterinsights_skip_tracking":false,"_monsterinsights_sitenote_active":false,"_monsterinsights_sitenote_note":"","_monsterinsights_sitenote_category":0},"product_cat":[66,223],"product_tag":[67,68,44,69],"class_list":["post-149","product","type-product","status-publish","has-post-thumbnail","hentry","product_cat-soudeuses","product_cat-soudeuses-continue","product_tag-dateur","product_tag-dateuse","product_tag-soudeuse","product_tag-soudeuse-contenue"],"yoast_head":"<!-- This site is optimized with the Yoast SEO Premium plugin v16.2 (Yoast SEO v16.7) - https:\/\/yoast.com\/wordpress\/plugins\/seo\/ -->\n<title>Soudeuse horizontale\u00a0continue en inox FRB-770I* - Innovex Machines | Innovex Algerie<\/title>\n<meta name=\"description\" content=\"La soudeuse de sacs horizontale continue en inox frb-77i* assure la soudure des sacs en plastique en horizontal.innovex machine.\" \/>\n<meta name=\"robots\" content=\"index, follow, max-snippet:-1, max-image-preview:large, max-video-preview:-1\" \/>\n<link rel=\"canonical\" href=\"https:\/\/innovexalgerie.com\/machines\/produit\/soudeuse-horizontale-continue-en-inox-frb-770i\/\" \/>\n<meta property=\"og:locale\" content=\"fr_FR\" \/>\n<meta property=\"og:type\" content=\"article\" \/>\n<meta property=\"og:title\" content=\"Soudeuse horizontale\u00a0continue en inox FRB-770I* - Innovex Machines | Innovex Algerie\" \/>\n<meta property=\"og:description\" content=\"La soudeuse de sacs horizontale continue en inox frb-77i* assure la soudure des sacs en plastique en horizontal.innovex machine.\" \/>\n<meta property=\"og:url\" content=\"https:\/\/innovexalgerie.com\/machines\/produit\/soudeuse-horizontale-continue-en-inox-frb-770i\/\" \/>\n<meta property=\"og:site_name\" content=\"Innovex Machines | Innovex Algerie\" \/>\n<meta property=\"article:publisher\" content=\"https:\/\/www.facebook.com\/innovexmachine1\" \/>\n<meta property=\"article:modified_time\" content=\"2022-06-20T13:26:52+00:00\" \/>\n<meta property=\"og:image\" content=\"https:\/\/innovexalgerie.com\/machines\/wp-content\/uploads\/2021\/03\/fr-70a.jpg\" \/>\n\t<meta property=\"og:image:width\" content=\"1000\" \/>\n\t<meta property=\"og:image:height\" content=\"1000\" \/>\n<meta name=\"twitter:card\" content=\"summary_large_image\" \/>\n<meta name=\"twitter:label1\" content=\"Dur\u00e9e de lecture est.\" \/>\n\t<meta name=\"twitter:data1\" content=\"1 minute\" \/>\n<script type=\"application\/ld+json\" class=\"yoast-schema-graph\">{\"@context\":\"https:\/\/schema.org\",\"@graph\":[{\"@type\":\"WebSite\",\"@id\":\"https:\/\/innovexalgerie.com\/machines\/#website\",\"url\":\"https:\/\/innovexalgerie.com\/machines\/\",\"name\":\"Innovex Machines | Innovex Algerie\",\"description\":\"Fournisseur de machines d&#039;emballage et d&#039;imprimerie\",\"potentialAction\":[{\"@type\":\"SearchAction\",\"target\":{\"@type\":\"EntryPoint\",\"urlTemplate\":\"https:\/\/innovexalgerie.com\/machines\/?s={search_term_string}\"},\"query-input\":\"required name=search_term_string\"}],\"inLanguage\":\"fr-FR\"},{\"@type\":\"ImageObject\",\"@id\":\"https:\/\/innovexalgerie.com\/machines\/produit\/soudeuse-horizontale-continue-en-inox-frb-770i\/#primaryimage\",\"inLanguage\":\"fr-FR\",\"url\":\"https:\/\/innovexalgerie.com\/machines\/wp-content\/uploads\/2021\/03\/fr-70a.jpg\",\"contentUrl\":\"https:\/\/innovexalgerie.com\/machines\/wp-content\/uploads\/2021\/03\/fr-70a.jpg\",\"width\":1000,\"height\":1000},{\"@type\":\"WebPage\",\"@id\":\"https:\/\/innovexalgerie.com\/machines\/produit\/soudeuse-horizontale-continue-en-inox-frb-770i\/#webpage\",\"url\":\"https:\/\/innovexalgerie.com\/machines\/produit\/soudeuse-horizontale-continue-en-inox-frb-770i\/\",\"name\":\"Soudeuse horizontale\\u00a0continue en inox FRB-770I* - Innovex Machines | Innovex Algerie\",\"isPartOf\":{\"@id\":\"https:\/\/innovexalgerie.com\/machines\/#website\"},\"primaryImageOfPage\":{\"@id\":\"https:\/\/innovexalgerie.com\/machines\/produit\/soudeuse-horizontale-continue-en-inox-frb-770i\/#primaryimage\"},\"datePublished\":\"2021-03-24T19:45:47+00:00\",\"dateModified\":\"2022-06-20T13:26:52+00:00\",\"description\":\"La soudeuse de sacs horizontale continue en inox frb-77i* assure la soudure des sacs en plastique en horizontal.innovex machine.\",\"breadcrumb\":{\"@id\":\"https:\/\/innovexalgerie.com\/machines\/produit\/soudeuse-horizontale-continue-en-inox-frb-770i\/#breadcrumb\"},\"inLanguage\":\"fr-FR\",\"potentialAction\":[{\"@type\":\"ReadAction\",\"target\":[\"https:\/\/innovexalgerie.com\/machines\/produit\/soudeuse-horizontale-continue-en-inox-frb-770i\/\"]}]},{\"@type\":\"BreadcrumbList\",\"@id\":\"https:\/\/innovexalgerie.com\/machines\/produit\/soudeuse-horizontale-continue-en-inox-frb-770i\/#breadcrumb\",\"itemListElement\":[{\"@type\":\"ListItem\",\"position\":1,\"name\":\"Accueil\",\"item\":\"https:\/\/innovexalgerie.com\/machines\/\"},{\"@type\":\"ListItem\",\"position\":2,\"name\":\"Produits\",\"item\":\"https:\/\/innovexalgerie.com\/machines\/boutique\/\"},{\"@type\":\"ListItem\",\"position\":3,\"name\":\"Soudeuse horizontale\\u00a0continue en inox FRB-770I*\"}]}]}<\/script>\n<!-- \/ Yoast SEO Premium plugin. -->","yoast_head_json":{"title":"Soudeuse horizontale\u00a0continue en inox FRB-770I* - Innovex Machines | Innovex Algerie","description":"La soudeuse de sacs horizontale continue en inox frb-77i* assure la soudure des sacs en plastique en horizontal.innovex machine.","robots":{"index":"index","follow":"follow","max-snippet":"max-snippet:-1","max-image-preview":"max-image-preview:large","max-video-preview":"max-video-preview:-1"},"canonical":"https:\/\/innovexalgerie.com\/machines\/produit\/soudeuse-horizontale-continue-en-inox-frb-770i\/","og_locale":"fr_FR","og_type":"article","og_title":"Soudeuse horizontale\u00a0continue en inox FRB-770I* - Innovex Machines | Innovex Algerie","og_description":"La soudeuse de sacs horizontale continue en inox frb-77i* assure la soudure des sacs en plastique en horizontal.innovex machine.","og_url":"https:\/\/innovexalgerie.com\/machines\/produit\/soudeuse-horizontale-continue-en-inox-frb-770i\/","og_site_name":"Innovex Machines | Innovex Algerie","article_publisher":"https:\/\/www.facebook.com\/innovexmachine1","article_modified_time":"2022-06-20T13:26:52+00:00","og_image":[{"width":1000,"height":1000,"url":"https:\/\/innovexalgerie.com\/machines\/wp-content\/uploads\/2021\/03\/fr-70a.jpg","path":"\/home\/inovex\/public_html\/machines\/wp-content\/uploads\/2021\/03\/fr-70a.jpg","size":"full","id":256,"alt":"","pixels":1000000,"type":"image\/jpeg"}],"twitter_card":"summary_large_image","twitter_misc":{"Dur\u00e9e de lecture est.":"1 minute"},"schema":{"@context":"https:\/\/schema.org","@graph":[{"@type":"WebSite","@id":"https:\/\/innovexalgerie.com\/machines\/#website","url":"https:\/\/innovexalgerie.com\/machines\/","name":"Innovex Machines | Innovex Algerie","description":"Fournisseur de machines d&#039;emballage et d&#039;imprimerie","potentialAction":[{"@type":"SearchAction","target":{"@type":"EntryPoint","urlTemplate":"https:\/\/innovexalgerie.com\/machines\/?s={search_term_string}"},"query-input":"required name=search_term_string"}],"inLanguage":"fr-FR"},{"@type":"ImageObject","@id":"https:\/\/innovexalgerie.com\/machines\/produit\/soudeuse-horizontale-continue-en-inox-frb-770i\/#primaryimage","inLanguage":"fr-FR","url":"https:\/\/innovexalgerie.com\/machines\/wp-content\/uploads\/2021\/03\/fr-70a.jpg","contentUrl":"https:\/\/innovexalgerie.com\/machines\/wp-content\/uploads\/2021\/03\/fr-70a.jpg","width":1000,"height":1000},{"@type":"WebPage","@id":"https:\/\/innovexalgerie.com\/machines\/produit\/soudeuse-horizontale-continue-en-inox-frb-770i\/#webpage","url":"https:\/\/innovexalgerie.com\/machines\/produit\/soudeuse-horizontale-continue-en-inox-frb-770i\/","name":"Soudeuse horizontale\u00a0continue en inox FRB-770I* - Innovex Machines | Innovex Algerie","isPartOf":{"@id":"https:\/\/innovexalgerie.com\/machines\/#website"},"primaryImageOfPage":{"@id":"https:\/\/innovexalgerie.com\/machines\/produit\/soudeuse-horizontale-continue-en-inox-frb-770i\/#primaryimage"},"datePublished":"2021-03-24T19:45:47+00:00","dateModified":"2022-06-20T13:26:52+00:00","description":"La soudeuse de sacs horizontale continue en inox frb-77i* assure la soudure des sacs en plastique en horizontal.innovex machine.","breadcrumb":{"@id":"https:\/\/innovexalgerie.com\/machines\/produit\/soudeuse-horizontale-continue-en-inox-frb-770i\/#breadcrumb"},"inLanguage":"fr-FR","potentialAction":[{"@type":"ReadAction","target":["https:\/\/innovexalgerie.com\/machines\/produit\/soudeuse-horizontale-continue-en-inox-frb-770i\/"]}]},{"@type":"BreadcrumbList","@id":"https:\/\/innovexalgerie.com\/machines\/produit\/soudeuse-horizontale-continue-en-inox-frb-770i\/#breadcrumb","itemListElement":[{"@type":"ListItem","position":1,"name":"Accueil","item":"https:\/\/innovexalgerie.com\/machines\/"},{"@type":"ListItem","position":2,"name":"Produits","item":"https:\/\/innovexalgerie.com\/machines\/boutique\/"},{"@type":"ListItem","position":3,"name":"Soudeuse horizontale\u00a0continue en inox FRB-770I*"}]}]}},"_links":{"self":[{"href":"https:\/\/innovexalgerie.com\/machines\/wp-json\/wp\/v2\/product\/149","targetHints":{"allow":["GET"]}}],"collection":[{"href":"https:\/\/innovexalgerie.com\/machines\/wp-json\/wp\/v2\/product"}],"about":[{"href":"https:\/\/innovexalgerie.com\/machines\/wp-json\/wp\/v2\/types\/product"}],"version-history":[{"count":8,"href":"https:\/\/innovexalgerie.com\/machines\/wp-json\/wp\/v2\/product\/149\/revisions"}],"predecessor-version":[{"id":29261,"href":"https:\/\/innovexalgerie.com\/machines\/wp-json\/wp\/v2\/product\/149\/revisions\/29261"}],"wp:featuredmedia":[{"embeddable":true,"href":"https:\/\/innovexalgerie.com\/machines\/wp-json\/wp\/v2\/media\/256"}],"wp:attachment":[{"href":"https:\/\/innovexalgerie.com\/machines\/wp-json\/wp\/v2\/media?parent=149"}],"wp:term":[{"taxonomy":"product_cat","embeddable":true,"href":"https:\/\/innovexalgerie.com\/machines\/wp-json\/wp\/v2\/product_cat?post=149"},{"taxonomy":"product_tag","embeddable":true,"href":"https:\/\/innovexalgerie.com\/machines\/wp-json\/wp\/v2\/product_tag?post=149"}],"curies":[{"name":"wp","href":"https:\/\/api.w.org\/{rel}","templated":true}]}}