{"id":150,"date":"2021-03-24T20:45:47","date_gmt":"2021-03-24T19:45:47","guid":{"rendered":"https:\/\/innovexalgerie.com\/machines2\/?post_type=product&#038;p=150"},"modified":"2022-06-20T14:28:35","modified_gmt":"2022-06-20T13:28:35","slug":"soudeuse-horizontale-et-verticale-continue-en-inox-frb-770ii","status":"publish","type":"product","link":"https:\/\/innovexalgerie.com\/machines\/produit\/soudeuse-horizontale-et-verticale-continue-en-inox-frb-770ii\/","title":{"rendered":"Soudeuse horizontale et verticale continue en inox FRB-770II*"},"content":{"rendered":"<p>La soudeuse de sacs verticale et horizontale continue <strong>FRB-770II* <\/strong>continue en acier inoxydable assure la fermeture des sacs de polypropyl\u00e8ne, de cellophane, de poly\u00e9thyl\u00e8ne, et de toutes les mati\u00e8res thermo-soudable avec un syst\u00e8me de soudage par ceintures PTFE en horizontal avec possibilit\u00e9 de r\u00e9glage de temp\u00e9rature. Une machine id\u00e9ale pour les petites et moyennes productions, elle dispose d\u2019un convoyeur de 153mm de largeur qui permet le passage des petits sacs en continue.<\/p>\n<ul>\n<li>Structure durable en acier inoxydable id\u00e9al pour les produits alimentaires.<\/li>\n<li>Contr\u00f4le de temp\u00e9rature\u00a0num\u00e9rique.<\/li>\n<li>La t\u00eate de soudage est r\u00e9glable en hauteur.<\/li>\n<li>Convoyeur rotatif de vitesse r\u00e9glable .<\/li>\n<li>Equip\u00e9e d&rsquo;un bouton arr\u00eat d&rsquo;urgence.<\/li>\n<li>Adapt\u00e9e pour tout types de mat\u00e9riaux thermosoudables.<\/li>\n<li>R\u00e9glage \u00e9lectronique de temp\u00e9rature pour assurer une forte \u00e9tanch\u00e9it\u00e9 couture.<\/li>\n<li>Entretien et utilisation facile.<\/li>\n<li>Hauteur de la machine r\u00e9glable selon la dimensions du sac.<\/li>\n<li>Machine conforme aux normes CE.\n<div class=\"elementor-element elementor-element-c41704d elementor-widget elementor-widget-woocommerce-product-data-tabs\" data-id=\"c41704d\" data-element_type=\"widget\" data-widget_type=\"woocommerce-product-data-tabs.default\">\n<div class=\"elementor-widget-container\"><\/div>\n<\/div>\n<\/li>\n<\/ul>\n","protected":false},"excerpt":{"rendered":"<p>La soudeuse de sacs verticale et horizontale continue en acier inoxydable assure la soudure des sacs en plastique avec un syst\u00e8me de soudage par ceintures PTFE, avec\u00a0 possibilit\u00e9 de r\u00e9glage de temp\u00e9rature.<img loading=\"lazy\" decoding=\"async\" class=\"alignnone size-full wp-image-30700\" src=\"https:\/\/innovexalgerie.com\/machines\/wp-content\/uploads\/2021\/03\/icon-soudeuse-FRB-770II-INNOVEX-MACHINE.jpg\" alt=\"icon-soudeuse-FRB-770II-INNOVEX-MACHINE\" width=\"913\" height=\"217\" srcset=\"https:\/\/innovexalgerie.com\/machines\/wp-content\/uploads\/2021\/03\/icon-soudeuse-FRB-770II-INNOVEX-MACHINE.jpg 913w, https:\/\/innovexalgerie.com\/machines\/wp-content\/uploads\/2021\/03\/icon-soudeuse-FRB-770II-INNOVEX-MACHINE-300x71.jpg 300w, https:\/\/innovexalgerie.com\/machines\/wp-content\/uploads\/2021\/03\/icon-soudeuse-FRB-770II-INNOVEX-MACHINE-768x183.jpg 768w, https:\/\/innovexalgerie.com\/machines\/wp-content\/uploads\/2021\/03\/icon-soudeuse-FRB-770II-INNOVEX-MACHINE-600x143.jpg 600w\" sizes=\"auto, (max-width: 913px) 100vw, 913px\" \/><\/p>\n","protected":false},"featured_media":260,"template":"","meta":{"_monsterinsights_skip_tracking":false,"_monsterinsights_sitenote_active":false,"_monsterinsights_sitenote_note":"","_monsterinsights_sitenote_category":0},"product_cat":[66,223],"product_tag":[67,68,44,69],"class_list":["post-150","product","type-product","status-publish","has-post-thumbnail","hentry","product_cat-soudeuses","product_cat-soudeuses-continue","product_tag-dateur","product_tag-dateuse","product_tag-soudeuse","product_tag-soudeuse-contenue"],"yoast_head":"<!-- This site is optimized with the Yoast SEO Premium plugin v16.2 (Yoast SEO v16.7) - https:\/\/yoast.com\/wordpress\/plugins\/seo\/ -->\n<title>Soudeuse horizontale et verticale continue en inox FRB-770II* - Innovex Machines | Innovex Algerie<\/title>\n<meta name=\"description\" content=\"La soudeuse de sacs verticale et horizontale continue en acier inoxydable assure la soudure des sacs thermosoudables.innovex machine\" \/>\n<meta name=\"robots\" content=\"index, follow, max-snippet:-1, max-image-preview:large, max-video-preview:-1\" \/>\n<link rel=\"canonical\" href=\"https:\/\/innovexalgerie.com\/machines\/produit\/soudeuse-horizontale-et-verticale-continue-en-inox-frb-770ii\/\" \/>\n<meta property=\"og:locale\" content=\"fr_FR\" \/>\n<meta property=\"og:type\" content=\"article\" \/>\n<meta property=\"og:title\" content=\"Soudeuse horizontale et verticale continue en inox FRB-770II* - Innovex Machines | Innovex Algerie\" \/>\n<meta property=\"og:description\" content=\"La soudeuse de sacs verticale et horizontale continue en acier inoxydable assure la soudure des sacs thermosoudables.innovex machine\" \/>\n<meta property=\"og:url\" content=\"https:\/\/innovexalgerie.com\/machines\/produit\/soudeuse-horizontale-et-verticale-continue-en-inox-frb-770ii\/\" \/>\n<meta property=\"og:site_name\" content=\"Innovex Machines | Innovex Algerie\" \/>\n<meta property=\"article:publisher\" content=\"https:\/\/www.facebook.com\/innovexmachine1\" \/>\n<meta property=\"article:modified_time\" content=\"2022-06-20T13:28:35+00:00\" \/>\n<meta property=\"og:image\" content=\"https:\/\/innovexalgerie.com\/machines\/wp-content\/uploads\/2021\/03\/fr-770ii.jpg\" \/>\n\t<meta property=\"og:image:width\" content=\"1000\" \/>\n\t<meta property=\"og:image:height\" content=\"1000\" \/>\n<meta name=\"twitter:card\" content=\"summary_large_image\" \/>\n<meta name=\"twitter:label1\" content=\"Dur\u00e9e de lecture est.\" \/>\n\t<meta name=\"twitter:data1\" content=\"1 minute\" \/>\n<script type=\"application\/ld+json\" class=\"yoast-schema-graph\">{\"@context\":\"https:\/\/schema.org\",\"@graph\":[{\"@type\":\"WebSite\",\"@id\":\"https:\/\/innovexalgerie.com\/machines\/#website\",\"url\":\"https:\/\/innovexalgerie.com\/machines\/\",\"name\":\"Innovex Machines | Innovex Algerie\",\"description\":\"Fournisseur de machines d&#039;emballage et d&#039;imprimerie\",\"potentialAction\":[{\"@type\":\"SearchAction\",\"target\":{\"@type\":\"EntryPoint\",\"urlTemplate\":\"https:\/\/innovexalgerie.com\/machines\/?s={search_term_string}\"},\"query-input\":\"required name=search_term_string\"}],\"inLanguage\":\"fr-FR\"},{\"@type\":\"ImageObject\",\"@id\":\"https:\/\/innovexalgerie.com\/machines\/produit\/soudeuse-horizontale-et-verticale-continue-en-inox-frb-770ii\/#primaryimage\",\"inLanguage\":\"fr-FR\",\"url\":\"https:\/\/innovexalgerie.com\/machines\/wp-content\/uploads\/2021\/03\/fr-770ii.jpg\",\"contentUrl\":\"https:\/\/innovexalgerie.com\/machines\/wp-content\/uploads\/2021\/03\/fr-770ii.jpg\",\"width\":1000,\"height\":1000},{\"@type\":\"WebPage\",\"@id\":\"https:\/\/innovexalgerie.com\/machines\/produit\/soudeuse-horizontale-et-verticale-continue-en-inox-frb-770ii\/#webpage\",\"url\":\"https:\/\/innovexalgerie.com\/machines\/produit\/soudeuse-horizontale-et-verticale-continue-en-inox-frb-770ii\/\",\"name\":\"Soudeuse horizontale et verticale continue en inox FRB-770II* - Innovex Machines | Innovex Algerie\",\"isPartOf\":{\"@id\":\"https:\/\/innovexalgerie.com\/machines\/#website\"},\"primaryImageOfPage\":{\"@id\":\"https:\/\/innovexalgerie.com\/machines\/produit\/soudeuse-horizontale-et-verticale-continue-en-inox-frb-770ii\/#primaryimage\"},\"datePublished\":\"2021-03-24T19:45:47+00:00\",\"dateModified\":\"2022-06-20T13:28:35+00:00\",\"description\":\"La soudeuse de sacs verticale et horizontale continue en acier inoxydable assure la soudure des sacs thermosoudables.innovex machine\",\"breadcrumb\":{\"@id\":\"https:\/\/innovexalgerie.com\/machines\/produit\/soudeuse-horizontale-et-verticale-continue-en-inox-frb-770ii\/#breadcrumb\"},\"inLanguage\":\"fr-FR\",\"potentialAction\":[{\"@type\":\"ReadAction\",\"target\":[\"https:\/\/innovexalgerie.com\/machines\/produit\/soudeuse-horizontale-et-verticale-continue-en-inox-frb-770ii\/\"]}]},{\"@type\":\"BreadcrumbList\",\"@id\":\"https:\/\/innovexalgerie.com\/machines\/produit\/soudeuse-horizontale-et-verticale-continue-en-inox-frb-770ii\/#breadcrumb\",\"itemListElement\":[{\"@type\":\"ListItem\",\"position\":1,\"name\":\"Accueil\",\"item\":\"https:\/\/innovexalgerie.com\/machines\/\"},{\"@type\":\"ListItem\",\"position\":2,\"name\":\"Produits\",\"item\":\"https:\/\/innovexalgerie.com\/machines\/boutique\/\"},{\"@type\":\"ListItem\",\"position\":3,\"name\":\"Soudeuse horizontale et verticale continue en inox FRB-770II*\"}]}]}<\/script>\n<!-- \/ Yoast SEO Premium plugin. -->","yoast_head_json":{"title":"Soudeuse horizontale et verticale continue en inox FRB-770II* - Innovex Machines | Innovex Algerie","description":"La soudeuse de sacs verticale et horizontale continue en acier inoxydable assure la soudure des sacs thermosoudables.innovex machine","robots":{"index":"index","follow":"follow","max-snippet":"max-snippet:-1","max-image-preview":"max-image-preview:large","max-video-preview":"max-video-preview:-1"},"canonical":"https:\/\/innovexalgerie.com\/machines\/produit\/soudeuse-horizontale-et-verticale-continue-en-inox-frb-770ii\/","og_locale":"fr_FR","og_type":"article","og_title":"Soudeuse horizontale et verticale continue en inox FRB-770II* - Innovex Machines | Innovex Algerie","og_description":"La soudeuse de sacs verticale et horizontale continue en acier inoxydable assure la soudure des sacs thermosoudables.innovex machine","og_url":"https:\/\/innovexalgerie.com\/machines\/produit\/soudeuse-horizontale-et-verticale-continue-en-inox-frb-770ii\/","og_site_name":"Innovex Machines | Innovex Algerie","article_publisher":"https:\/\/www.facebook.com\/innovexmachine1","article_modified_time":"2022-06-20T13:28:35+00:00","og_image":[{"width":1000,"height":1000,"url":"https:\/\/innovexalgerie.com\/machines\/wp-content\/uploads\/2021\/03\/fr-770ii.jpg","path":"\/home\/inovex\/public_html\/machines\/wp-content\/uploads\/2021\/03\/fr-770ii.jpg","size":"full","id":260,"alt":"","pixels":1000000,"type":"image\/jpeg"}],"twitter_card":"summary_large_image","twitter_misc":{"Dur\u00e9e de lecture est.":"1 minute"},"schema":{"@context":"https:\/\/schema.org","@graph":[{"@type":"WebSite","@id":"https:\/\/innovexalgerie.com\/machines\/#website","url":"https:\/\/innovexalgerie.com\/machines\/","name":"Innovex Machines | Innovex Algerie","description":"Fournisseur de machines d&#039;emballage et d&#039;imprimerie","potentialAction":[{"@type":"SearchAction","target":{"@type":"EntryPoint","urlTemplate":"https:\/\/innovexalgerie.com\/machines\/?s={search_term_string}"},"query-input":"required name=search_term_string"}],"inLanguage":"fr-FR"},{"@type":"ImageObject","@id":"https:\/\/innovexalgerie.com\/machines\/produit\/soudeuse-horizontale-et-verticale-continue-en-inox-frb-770ii\/#primaryimage","inLanguage":"fr-FR","url":"https:\/\/innovexalgerie.com\/machines\/wp-content\/uploads\/2021\/03\/fr-770ii.jpg","contentUrl":"https:\/\/innovexalgerie.com\/machines\/wp-content\/uploads\/2021\/03\/fr-770ii.jpg","width":1000,"height":1000},{"@type":"WebPage","@id":"https:\/\/innovexalgerie.com\/machines\/produit\/soudeuse-horizontale-et-verticale-continue-en-inox-frb-770ii\/#webpage","url":"https:\/\/innovexalgerie.com\/machines\/produit\/soudeuse-horizontale-et-verticale-continue-en-inox-frb-770ii\/","name":"Soudeuse horizontale et verticale continue en inox FRB-770II* - Innovex Machines | Innovex Algerie","isPartOf":{"@id":"https:\/\/innovexalgerie.com\/machines\/#website"},"primaryImageOfPage":{"@id":"https:\/\/innovexalgerie.com\/machines\/produit\/soudeuse-horizontale-et-verticale-continue-en-inox-frb-770ii\/#primaryimage"},"datePublished":"2021-03-24T19:45:47+00:00","dateModified":"2022-06-20T13:28:35+00:00","description":"La soudeuse de sacs verticale et horizontale continue en acier inoxydable assure la soudure des sacs thermosoudables.innovex machine","breadcrumb":{"@id":"https:\/\/innovexalgerie.com\/machines\/produit\/soudeuse-horizontale-et-verticale-continue-en-inox-frb-770ii\/#breadcrumb"},"inLanguage":"fr-FR","potentialAction":[{"@type":"ReadAction","target":["https:\/\/innovexalgerie.com\/machines\/produit\/soudeuse-horizontale-et-verticale-continue-en-inox-frb-770ii\/"]}]},{"@type":"BreadcrumbList","@id":"https:\/\/innovexalgerie.com\/machines\/produit\/soudeuse-horizontale-et-verticale-continue-en-inox-frb-770ii\/#breadcrumb","itemListElement":[{"@type":"ListItem","position":1,"name":"Accueil","item":"https:\/\/innovexalgerie.com\/machines\/"},{"@type":"ListItem","position":2,"name":"Produits","item":"https:\/\/innovexalgerie.com\/machines\/boutique\/"},{"@type":"ListItem","position":3,"name":"Soudeuse horizontale et verticale continue en inox FRB-770II*"}]}]}},"_links":{"self":[{"href":"https:\/\/innovexalgerie.com\/machines\/wp-json\/wp\/v2\/product\/150","targetHints":{"allow":["GET"]}}],"collection":[{"href":"https:\/\/innovexalgerie.com\/machines\/wp-json\/wp\/v2\/product"}],"about":[{"href":"https:\/\/innovexalgerie.com\/machines\/wp-json\/wp\/v2\/types\/product"}],"version-history":[{"count":9,"href":"https:\/\/innovexalgerie.com\/machines\/wp-json\/wp\/v2\/product\/150\/revisions"}],"predecessor-version":[{"id":30730,"href":"https:\/\/innovexalgerie.com\/machines\/wp-json\/wp\/v2\/product\/150\/revisions\/30730"}],"wp:featuredmedia":[{"embeddable":true,"href":"https:\/\/innovexalgerie.com\/machines\/wp-json\/wp\/v2\/media\/260"}],"wp:attachment":[{"href":"https:\/\/innovexalgerie.com\/machines\/wp-json\/wp\/v2\/media?parent=150"}],"wp:term":[{"taxonomy":"product_cat","embeddable":true,"href":"https:\/\/innovexalgerie.com\/machines\/wp-json\/wp\/v2\/product_cat?post=150"},{"taxonomy":"product_tag","embeddable":true,"href":"https:\/\/innovexalgerie.com\/machines\/wp-json\/wp\/v2\/product_tag?post=150"}],"curies":[{"name":"wp","href":"https:\/\/api.w.org\/{rel}","templated":true}]}}