{"id":193,"date":"2021-03-24T20:46:09","date_gmt":"2021-03-24T19:46:09","guid":{"rendered":"https:\/\/innovexalgerie.com\/machines2\/?post_type=product&#038;p=193"},"modified":"2022-06-21T11:18:03","modified_gmt":"2022-06-21T10:18:03","slug":"soudeuse-continue-avec-systeme-de-marquage-a-encre-solide-frbm-810i","status":"publish","type":"product","link":"https:\/\/innovexalgerie.com\/machines\/produit\/soudeuse-continue-avec-systeme-de-marquage-a-encre-solide-frbm-810i\/","title":{"rendered":"Soudeuse continue avec syst\u00e8me de marquage \u00e0 encre solide FRBM-810I"},"content":{"rendered":"<p>La machine soudeuse de sacs horizontale <strong>FRBM-810I<\/strong> assure la fermeture des sacs de polypropyl\u00e8ne, de cellophane, de poly\u00e9thyl\u00e8ne, et de toutes les mati\u00e8res thermo-soudables, en horizontal avec possibilit\u00e9 de r\u00e9glage de temp\u00e9rature. Une machine id\u00e9ale pour les petites et moyennes productions. Elle dispose d\u2019un convoyeur en caoutchouc de 180 mm de largeur, motoris\u00e9 avec contr\u00f4le de vitesse.<\/p>\n<p>La machine est \u00e9quip\u00e9e d&rsquo;un marqueur rotatif solide \u00e0 chaud et \u00e0 caract\u00e8res interchangeables pour mettre la date de fabrication et d\u2019expiration ainsi que le num\u00e9ro de lot&#8230;<\/p>\n<ul>\n<li>Structure durable en acier inoxydable id\u00e9al pour les produits alimentaires.<\/li>\n<li>Marqueur rotatif solide \u00e0 chaud\u00a0et \u00e0 caract\u00e8res interchangeables.<\/li>\n<li>La machine est \u00e9quip\u00e9e des lettres et des chiffres d\u2019\u00e9criture.<\/li>\n<li>Contr\u00f4le de temp\u00e9rature\u00a0num\u00e9rique.<\/li>\n<li>Convoyeur rotatif \u00e0 vitesse r\u00e9glable .<\/li>\n<li>Equip\u00e9e d&rsquo;un bouton Arr\u00eat d\u2019urgence.<\/li>\n<li>\u00a0Temp\u00e9rature et position de marquage sont r\u00e9glables<\/li>\n<li>\u00a0Soudure de tous mat\u00e9riaux thermosoudables comprenant des PE, des PP.<\/li>\n<li>R\u00e9gulateur de temp\u00e9rature \u00e9lectronique pour maintenir les barres d&rsquo;\u00e9tanch\u00e9it\u00e9 \u00e0 une temp\u00e9rature appropri\u00e9e pour une qualit\u00e9 de joint uniforme.<\/li>\n<li>La machine soude les sacs de gauche \u00e0 droite et le marqueur est plac\u00e9 \u00e0 la fin de la machine.<\/li>\n<li>Machine conforme aux normes CE.<\/li>\n<\/ul>\n<p>&nbsp;<\/p>\n<p>&nbsp;<\/p>\n<p>&nbsp;<\/p>\n<p>&nbsp;<\/p>\n","protected":false},"excerpt":{"rendered":"<p>La soudeuse en continue de sacs horizontale assure la soudure des sacs en plastique en horizontale. Dot\u00e9e d&rsquo;un syst\u00e8me de marquage rotatif solide \u00e0 chaud est \u00e9galement pour toute \u00e9criture.<img loading=\"lazy\" decoding=\"async\" class=\"alignnone size-full wp-image-30749\" src=\"https:\/\/innovexalgerie.com\/machines\/wp-content\/uploads\/2021\/03\/icon-soudeuse-avec-systeme-de-marquage.jpg\" alt=\"icon-soudeuse-avec-syst\u00e8me-de-marquage\" width=\"856\" height=\"204\" srcset=\"https:\/\/innovexalgerie.com\/machines\/wp-content\/uploads\/2021\/03\/icon-soudeuse-avec-systeme-de-marquage.jpg 856w, https:\/\/innovexalgerie.com\/machines\/wp-content\/uploads\/2021\/03\/icon-soudeuse-avec-systeme-de-marquage-300x71.jpg 300w, https:\/\/innovexalgerie.com\/machines\/wp-content\/uploads\/2021\/03\/icon-soudeuse-avec-systeme-de-marquage-768x183.jpg 768w, https:\/\/innovexalgerie.com\/machines\/wp-content\/uploads\/2021\/03\/icon-soudeuse-avec-systeme-de-marquage-600x143.jpg 600w\" sizes=\"auto, (max-width: 856px) 100vw, 856px\" \/><\/p>\n","protected":false},"featured_media":268,"template":"","meta":{"_monsterinsights_skip_tracking":false,"_monsterinsights_sitenote_active":false,"_monsterinsights_sitenote_note":"","_monsterinsights_sitenote_category":0},"product_cat":[66,223],"product_tag":[67,68,44,69],"class_list":["post-193","product","type-product","status-publish","has-post-thumbnail","hentry","product_cat-soudeuses","product_cat-soudeuses-continue","product_tag-dateur","product_tag-dateuse","product_tag-soudeuse","product_tag-soudeuse-contenue"],"yoast_head":"<!-- This site is optimized with the Yoast SEO Premium plugin v16.2 (Yoast SEO v16.7) - https:\/\/yoast.com\/wordpress\/plugins\/seo\/ -->\n<title>Soudeuse continue avec syst\u00e8me de marquage \u00e0 encre solide FRBM-810I - Innovex Machines | Innovex Algerie<\/title>\n<meta name=\"description\" content=\"La soudeuse en continue de sacs horizontale assure la soudure des sacs en plastique en horizontal avec possibilit\u00e9 de r\u00e9glage de temp\u00e9rature.\" \/>\n<meta name=\"robots\" content=\"index, follow, max-snippet:-1, max-image-preview:large, max-video-preview:-1\" \/>\n<link rel=\"canonical\" href=\"https:\/\/innovexalgerie.com\/machines\/produit\/soudeuse-continue-avec-systeme-de-marquage-a-encre-solide-frbm-810i\/\" \/>\n<meta property=\"og:locale\" content=\"fr_FR\" \/>\n<meta property=\"og:type\" content=\"article\" \/>\n<meta property=\"og:title\" content=\"Soudeuse continue avec syst\u00e8me de marquage \u00e0 encre solide FRBM-810I - Innovex Machines | Innovex Algerie\" \/>\n<meta property=\"og:description\" content=\"La soudeuse en continue de sacs horizontale assure la soudure des sacs en plastique en horizontal avec possibilit\u00e9 de r\u00e9glage de temp\u00e9rature.\" \/>\n<meta property=\"og:url\" content=\"https:\/\/innovexalgerie.com\/machines\/produit\/soudeuse-continue-avec-systeme-de-marquage-a-encre-solide-frbm-810i\/\" \/>\n<meta property=\"og:site_name\" content=\"Innovex Machines | Innovex Algerie\" \/>\n<meta property=\"article:publisher\" content=\"https:\/\/www.facebook.com\/innovexmachine1\" \/>\n<meta property=\"article:modified_time\" content=\"2022-06-21T10:18:03+00:00\" \/>\n<meta property=\"og:image\" content=\"https:\/\/innovexalgerie.com\/machines\/wp-content\/uploads\/2021\/03\/FRBM-810I.jpg\" \/>\n\t<meta property=\"og:image:width\" content=\"1000\" \/>\n\t<meta property=\"og:image:height\" content=\"1000\" \/>\n<meta name=\"twitter:card\" content=\"summary_large_image\" \/>\n<meta name=\"twitter:label1\" content=\"Dur\u00e9e de lecture est.\" \/>\n\t<meta name=\"twitter:data1\" content=\"1 minute\" \/>\n<script type=\"application\/ld+json\" class=\"yoast-schema-graph\">{\"@context\":\"https:\/\/schema.org\",\"@graph\":[{\"@type\":\"WebSite\",\"@id\":\"https:\/\/innovexalgerie.com\/machines\/#website\",\"url\":\"https:\/\/innovexalgerie.com\/machines\/\",\"name\":\"Innovex Machines | Innovex Algerie\",\"description\":\"Fournisseur de machines d&#039;emballage et d&#039;imprimerie\",\"potentialAction\":[{\"@type\":\"SearchAction\",\"target\":{\"@type\":\"EntryPoint\",\"urlTemplate\":\"https:\/\/innovexalgerie.com\/machines\/?s={search_term_string}\"},\"query-input\":\"required name=search_term_string\"}],\"inLanguage\":\"fr-FR\"},{\"@type\":\"ImageObject\",\"@id\":\"https:\/\/innovexalgerie.com\/machines\/produit\/soudeuse-continue-avec-systeme-de-marquage-a-encre-solide-frbm-810i\/#primaryimage\",\"inLanguage\":\"fr-FR\",\"url\":\"https:\/\/innovexalgerie.com\/machines\/wp-content\/uploads\/2021\/03\/FRBM-810I.jpg\",\"contentUrl\":\"https:\/\/innovexalgerie.com\/machines\/wp-content\/uploads\/2021\/03\/FRBM-810I.jpg\",\"width\":1000,\"height\":1000,\"caption\":\"Soudeuse continue avec marqueur rotatif frbm-810\"},{\"@type\":\"WebPage\",\"@id\":\"https:\/\/innovexalgerie.com\/machines\/produit\/soudeuse-continue-avec-systeme-de-marquage-a-encre-solide-frbm-810i\/#webpage\",\"url\":\"https:\/\/innovexalgerie.com\/machines\/produit\/soudeuse-continue-avec-systeme-de-marquage-a-encre-solide-frbm-810i\/\",\"name\":\"Soudeuse continue avec syst\\u00e8me de marquage \\u00e0 encre solide FRBM-810I - Innovex Machines | Innovex Algerie\",\"isPartOf\":{\"@id\":\"https:\/\/innovexalgerie.com\/machines\/#website\"},\"primaryImageOfPage\":{\"@id\":\"https:\/\/innovexalgerie.com\/machines\/produit\/soudeuse-continue-avec-systeme-de-marquage-a-encre-solide-frbm-810i\/#primaryimage\"},\"datePublished\":\"2021-03-24T19:46:09+00:00\",\"dateModified\":\"2022-06-21T10:18:03+00:00\",\"description\":\"La soudeuse en continue de sacs horizontale assure la soudure des sacs en plastique en horizontal avec possibilit\\u00e9 de r\\u00e9glage de temp\\u00e9rature.\",\"breadcrumb\":{\"@id\":\"https:\/\/innovexalgerie.com\/machines\/produit\/soudeuse-continue-avec-systeme-de-marquage-a-encre-solide-frbm-810i\/#breadcrumb\"},\"inLanguage\":\"fr-FR\",\"potentialAction\":[{\"@type\":\"ReadAction\",\"target\":[\"https:\/\/innovexalgerie.com\/machines\/produit\/soudeuse-continue-avec-systeme-de-marquage-a-encre-solide-frbm-810i\/\"]}]},{\"@type\":\"BreadcrumbList\",\"@id\":\"https:\/\/innovexalgerie.com\/machines\/produit\/soudeuse-continue-avec-systeme-de-marquage-a-encre-solide-frbm-810i\/#breadcrumb\",\"itemListElement\":[{\"@type\":\"ListItem\",\"position\":1,\"name\":\"Accueil\",\"item\":\"https:\/\/innovexalgerie.com\/machines\/\"},{\"@type\":\"ListItem\",\"position\":2,\"name\":\"Produits\",\"item\":\"https:\/\/innovexalgerie.com\/machines\/boutique\/\"},{\"@type\":\"ListItem\",\"position\":3,\"name\":\"Soudeuse continue avec syst\\u00e8me de marquage \\u00e0 encre solide FRBM-810I\"}]}]}<\/script>\n<!-- \/ Yoast SEO Premium plugin. -->","yoast_head_json":{"title":"Soudeuse continue avec syst\u00e8me de marquage \u00e0 encre solide FRBM-810I - Innovex Machines | Innovex Algerie","description":"La soudeuse en continue de sacs horizontale assure la soudure des sacs en plastique en horizontal avec possibilit\u00e9 de r\u00e9glage de temp\u00e9rature.","robots":{"index":"index","follow":"follow","max-snippet":"max-snippet:-1","max-image-preview":"max-image-preview:large","max-video-preview":"max-video-preview:-1"},"canonical":"https:\/\/innovexalgerie.com\/machines\/produit\/soudeuse-continue-avec-systeme-de-marquage-a-encre-solide-frbm-810i\/","og_locale":"fr_FR","og_type":"article","og_title":"Soudeuse continue avec syst\u00e8me de marquage \u00e0 encre solide FRBM-810I - Innovex Machines | Innovex Algerie","og_description":"La soudeuse en continue de sacs horizontale assure la soudure des sacs en plastique en horizontal avec possibilit\u00e9 de r\u00e9glage de temp\u00e9rature.","og_url":"https:\/\/innovexalgerie.com\/machines\/produit\/soudeuse-continue-avec-systeme-de-marquage-a-encre-solide-frbm-810i\/","og_site_name":"Innovex Machines | Innovex Algerie","article_publisher":"https:\/\/www.facebook.com\/innovexmachine1","article_modified_time":"2022-06-21T10:18:03+00:00","og_image":[{"width":1000,"height":1000,"url":"https:\/\/innovexalgerie.com\/machines\/wp-content\/uploads\/2021\/03\/FRBM-810I.jpg","path":"\/home\/inovex\/public_html\/machines\/wp-content\/uploads\/2021\/03\/FRBM-810I.jpg","size":"full","id":268,"alt":"Soudeuse continue avec marqueur rotatif frbm-810","pixels":1000000,"type":"image\/jpeg"}],"twitter_card":"summary_large_image","twitter_misc":{"Dur\u00e9e de lecture est.":"1 minute"},"schema":{"@context":"https:\/\/schema.org","@graph":[{"@type":"WebSite","@id":"https:\/\/innovexalgerie.com\/machines\/#website","url":"https:\/\/innovexalgerie.com\/machines\/","name":"Innovex Machines | Innovex Algerie","description":"Fournisseur de machines d&#039;emballage et d&#039;imprimerie","potentialAction":[{"@type":"SearchAction","target":{"@type":"EntryPoint","urlTemplate":"https:\/\/innovexalgerie.com\/machines\/?s={search_term_string}"},"query-input":"required name=search_term_string"}],"inLanguage":"fr-FR"},{"@type":"ImageObject","@id":"https:\/\/innovexalgerie.com\/machines\/produit\/soudeuse-continue-avec-systeme-de-marquage-a-encre-solide-frbm-810i\/#primaryimage","inLanguage":"fr-FR","url":"https:\/\/innovexalgerie.com\/machines\/wp-content\/uploads\/2021\/03\/FRBM-810I.jpg","contentUrl":"https:\/\/innovexalgerie.com\/machines\/wp-content\/uploads\/2021\/03\/FRBM-810I.jpg","width":1000,"height":1000,"caption":"Soudeuse continue avec marqueur rotatif frbm-810"},{"@type":"WebPage","@id":"https:\/\/innovexalgerie.com\/machines\/produit\/soudeuse-continue-avec-systeme-de-marquage-a-encre-solide-frbm-810i\/#webpage","url":"https:\/\/innovexalgerie.com\/machines\/produit\/soudeuse-continue-avec-systeme-de-marquage-a-encre-solide-frbm-810i\/","name":"Soudeuse continue avec syst\u00e8me de marquage \u00e0 encre solide FRBM-810I - Innovex Machines | Innovex Algerie","isPartOf":{"@id":"https:\/\/innovexalgerie.com\/machines\/#website"},"primaryImageOfPage":{"@id":"https:\/\/innovexalgerie.com\/machines\/produit\/soudeuse-continue-avec-systeme-de-marquage-a-encre-solide-frbm-810i\/#primaryimage"},"datePublished":"2021-03-24T19:46:09+00:00","dateModified":"2022-06-21T10:18:03+00:00","description":"La soudeuse en continue de sacs horizontale assure la soudure des sacs en plastique en horizontal avec possibilit\u00e9 de r\u00e9glage de temp\u00e9rature.","breadcrumb":{"@id":"https:\/\/innovexalgerie.com\/machines\/produit\/soudeuse-continue-avec-systeme-de-marquage-a-encre-solide-frbm-810i\/#breadcrumb"},"inLanguage":"fr-FR","potentialAction":[{"@type":"ReadAction","target":["https:\/\/innovexalgerie.com\/machines\/produit\/soudeuse-continue-avec-systeme-de-marquage-a-encre-solide-frbm-810i\/"]}]},{"@type":"BreadcrumbList","@id":"https:\/\/innovexalgerie.com\/machines\/produit\/soudeuse-continue-avec-systeme-de-marquage-a-encre-solide-frbm-810i\/#breadcrumb","itemListElement":[{"@type":"ListItem","position":1,"name":"Accueil","item":"https:\/\/innovexalgerie.com\/machines\/"},{"@type":"ListItem","position":2,"name":"Produits","item":"https:\/\/innovexalgerie.com\/machines\/boutique\/"},{"@type":"ListItem","position":3,"name":"Soudeuse continue avec syst\u00e8me de marquage \u00e0 encre solide FRBM-810I"}]}]}},"_links":{"self":[{"href":"https:\/\/innovexalgerie.com\/machines\/wp-json\/wp\/v2\/product\/193","targetHints":{"allow":["GET"]}}],"collection":[{"href":"https:\/\/innovexalgerie.com\/machines\/wp-json\/wp\/v2\/product"}],"about":[{"href":"https:\/\/innovexalgerie.com\/machines\/wp-json\/wp\/v2\/types\/product"}],"version-history":[{"count":9,"href":"https:\/\/innovexalgerie.com\/machines\/wp-json\/wp\/v2\/product\/193\/revisions"}],"predecessor-version":[{"id":30753,"href":"https:\/\/innovexalgerie.com\/machines\/wp-json\/wp\/v2\/product\/193\/revisions\/30753"}],"wp:featuredmedia":[{"embeddable":true,"href":"https:\/\/innovexalgerie.com\/machines\/wp-json\/wp\/v2\/media\/268"}],"wp:attachment":[{"href":"https:\/\/innovexalgerie.com\/machines\/wp-json\/wp\/v2\/media?parent=193"}],"wp:term":[{"taxonomy":"product_cat","embeddable":true,"href":"https:\/\/innovexalgerie.com\/machines\/wp-json\/wp\/v2\/product_cat?post=193"},{"taxonomy":"product_tag","embeddable":true,"href":"https:\/\/innovexalgerie.com\/machines\/wp-json\/wp\/v2\/product_tag?post=193"}],"curies":[{"name":"wp","href":"https:\/\/api.w.org\/{rel}","templated":true}]}}