{"id":198,"date":"2021-03-24T20:46:09","date_gmt":"2021-03-24T19:46:09","guid":{"rendered":"https:\/\/innovexalgerie.com\/machines2\/?post_type=product&#038;p=198"},"modified":"2022-06-22T11:28:22","modified_gmt":"2022-06-22T10:28:22","slug":"soudeuse-a-pedale-pfs-400dd","status":"publish","type":"product","link":"https:\/\/innovexalgerie.com\/machines\/produit\/soudeuse-a-pedale-pfs-400dd\/","title":{"rendered":"Soudeuse \u00e0 p\u00e9dale PFS-400DD"},"content":{"rendered":"<p>La soudeuse \u00e0 p\u00e9dale <strong>PFS-400DD<\/strong> avec p\u00e9dale m\u00e9canique, assure la fermeture des sacs de polypropyl\u00e8ne, de cellophane, de poly\u00e9thyl\u00e8ne, et de toutes les mati\u00e8res thermo-soudables avec soudage par chaleur des double barres de soudage de 14 mm qui assurent la fermeture des sacs avec une largeur suffisante.<\/p>\n<p>M\u00e9canisme du soudure par tube r\u00e9sistance pour une longue dur\u00e9 de vie.<\/p>\n<ul>\n<li>Longueur de soudure 400mm.<\/li>\n<li>Structure solide et dure.<\/li>\n<li>Largeur de soudure de 14mm.<\/li>\n<li>R\u00e9glage de temp\u00e9rature num\u00e9rique.<\/li>\n<li>Adapt\u00e9 pour tout type de sacs thermosoudable en plastique, aluminium&#8230;etc.<\/li>\n<li>Machine conforme aux normes CE.<\/li>\n<\/ul>\n<div class=\"elementor-element elementor-element-c41704d elementor-widget elementor-widget-woocommerce-product-data-tabs\" data-id=\"c41704d\" data-element_type=\"widget\" data-widget_type=\"woocommerce-product-data-tabs.default\">\n<div class=\"elementor-widget-container\">\n<div class=\"woocommerce-tabs wc-tabs-wrapper\">\n<div id=\"tab-description\" class=\"woocommerce-Tabs-panel woocommerce-Tabs-panel--description panel entry-content wc-tab\" role=\"tabpanel\" aria-labelledby=\"tab-title-description\"><\/div>\n<\/div>\n<\/div>\n<\/div>\n<div class=\"elementor-element elementor-element-c82e9c5 elementor-widget elementor-widget-spacer\" data-id=\"c82e9c5\" data-element_type=\"widget\" data-widget_type=\"spacer.default\">\n<div class=\"elementor-widget-container\">\n<div class=\"elementor-spacer\"><\/div>\n<\/div>\n<\/div>\n<p>&nbsp;<\/p>\n","protected":false},"excerpt":{"rendered":"<p>La soudeuse \u00e0 p\u00e9dale pour des sacs thermosoudable, elle fait le scellage sur sacs en plastique et aluminium PVC, PP, PE jusqu&rsquo;\u00e0 40cm de largeur.<img loading=\"lazy\" decoding=\"async\" class=\"alignnone size-full wp-image-30806\" src=\"https:\/\/innovexalgerie.com\/machines\/wp-content\/uploads\/2021\/03\/icon-soudeuse-a-pedale-horizantale-innovex-machine.jpg\" alt=\"icon-soudeuse-\u00e0-p\u00e9dale-horizantale-innovex-machine\" width=\"913\" height=\"217\" srcset=\"https:\/\/innovexalgerie.com\/machines\/wp-content\/uploads\/2021\/03\/icon-soudeuse-a-pedale-horizantale-innovex-machine.jpg 913w, https:\/\/innovexalgerie.com\/machines\/wp-content\/uploads\/2021\/03\/icon-soudeuse-a-pedale-horizantale-innovex-machine-300x71.jpg 300w, https:\/\/innovexalgerie.com\/machines\/wp-content\/uploads\/2021\/03\/icon-soudeuse-a-pedale-horizantale-innovex-machine-768x183.jpg 768w, https:\/\/innovexalgerie.com\/machines\/wp-content\/uploads\/2021\/03\/icon-soudeuse-a-pedale-horizantale-innovex-machine-600x143.jpg 600w\" sizes=\"auto, (max-width: 913px) 100vw, 913px\" \/><\/p>\n","protected":false},"featured_media":30800,"template":"","meta":{"_monsterinsights_skip_tracking":false,"_monsterinsights_sitenote_active":false,"_monsterinsights_sitenote_note":"","_monsterinsights_sitenote_category":0},"product_cat":[66,221],"product_tag":[44,70],"class_list":["post-198","product","type-product","status-publish","has-post-thumbnail","hentry","product_cat-soudeuses","product_cat-soudeuses-a-pedale","product_tag-soudeuse","product_tag-soudeuse-pedale"],"yoast_head":"<!-- This site is optimized with the Yoast SEO Premium plugin v16.2 (Yoast SEO v16.7) - https:\/\/yoast.com\/wordpress\/plugins\/seo\/ -->\n<title>Soudeuse \u00e0 p\u00e9dale PFS-400DD - Innovex Machines | Innovex Algerie<\/title>\n<meta name=\"description\" content=\"La soudeuse \u00e0 p\u00e9dale, pour des sacs thermosoudable, elle fait le scellage sur sacs en plastique et aluminium PVC, PP, PE. innovex machine.\" \/>\n<meta name=\"robots\" content=\"index, follow, max-snippet:-1, max-image-preview:large, max-video-preview:-1\" \/>\n<link rel=\"canonical\" href=\"https:\/\/innovexalgerie.com\/machines\/produit\/soudeuse-a-pedale-pfs-400dd\/\" \/>\n<meta property=\"og:locale\" content=\"fr_FR\" \/>\n<meta property=\"og:type\" content=\"article\" \/>\n<meta property=\"og:title\" content=\"Soudeuse \u00e0 p\u00e9dale PFS-400DD - Innovex Machines | Innovex Algerie\" \/>\n<meta property=\"og:description\" content=\"La soudeuse \u00e0 p\u00e9dale, pour des sacs thermosoudable, elle fait le scellage sur sacs en plastique et aluminium PVC, PP, PE. innovex machine.\" \/>\n<meta property=\"og:url\" content=\"https:\/\/innovexalgerie.com\/machines\/produit\/soudeuse-a-pedale-pfs-400dd\/\" \/>\n<meta property=\"og:site_name\" content=\"Innovex Machines | Innovex Algerie\" \/>\n<meta property=\"article:publisher\" content=\"https:\/\/www.facebook.com\/innovexmachine1\" \/>\n<meta property=\"article:modified_time\" content=\"2022-06-22T10:28:22+00:00\" \/>\n<meta property=\"og:image\" content=\"https:\/\/innovexalgerie.com\/machines\/wp-content\/uploads\/2021\/03\/PFS-400DD.jpg\" \/>\n\t<meta property=\"og:image:width\" content=\"640\" \/>\n\t<meta property=\"og:image:height\" content=\"640\" \/>\n<meta name=\"twitter:card\" content=\"summary_large_image\" \/>\n<meta name=\"twitter:label1\" content=\"Dur\u00e9e de lecture est.\" \/>\n\t<meta name=\"twitter:data1\" content=\"1 minute\" \/>\n<script type=\"application\/ld+json\" class=\"yoast-schema-graph\">{\"@context\":\"https:\/\/schema.org\",\"@graph\":[{\"@type\":\"WebSite\",\"@id\":\"https:\/\/innovexalgerie.com\/machines\/#website\",\"url\":\"https:\/\/innovexalgerie.com\/machines\/\",\"name\":\"Innovex Machines | Innovex Algerie\",\"description\":\"Fournisseur de machines d&#039;emballage et d&#039;imprimerie\",\"potentialAction\":[{\"@type\":\"SearchAction\",\"target\":{\"@type\":\"EntryPoint\",\"urlTemplate\":\"https:\/\/innovexalgerie.com\/machines\/?s={search_term_string}\"},\"query-input\":\"required name=search_term_string\"}],\"inLanguage\":\"fr-FR\"},{\"@type\":\"ImageObject\",\"@id\":\"https:\/\/innovexalgerie.com\/machines\/produit\/soudeuse-a-pedale-pfs-400dd\/#primaryimage\",\"inLanguage\":\"fr-FR\",\"url\":\"https:\/\/innovexalgerie.com\/machines\/wp-content\/uploads\/2021\/03\/PFS-400DD.jpg\",\"contentUrl\":\"https:\/\/innovexalgerie.com\/machines\/wp-content\/uploads\/2021\/03\/PFS-400DD.jpg\",\"width\":640,\"height\":640,\"caption\":\"PFS-400DD INNOVEX MACHINE\"},{\"@type\":\"WebPage\",\"@id\":\"https:\/\/innovexalgerie.com\/machines\/produit\/soudeuse-a-pedale-pfs-400dd\/#webpage\",\"url\":\"https:\/\/innovexalgerie.com\/machines\/produit\/soudeuse-a-pedale-pfs-400dd\/\",\"name\":\"Soudeuse \\u00e0 p\\u00e9dale PFS-400DD - Innovex Machines | Innovex Algerie\",\"isPartOf\":{\"@id\":\"https:\/\/innovexalgerie.com\/machines\/#website\"},\"primaryImageOfPage\":{\"@id\":\"https:\/\/innovexalgerie.com\/machines\/produit\/soudeuse-a-pedale-pfs-400dd\/#primaryimage\"},\"datePublished\":\"2021-03-24T19:46:09+00:00\",\"dateModified\":\"2022-06-22T10:28:22+00:00\",\"description\":\"La soudeuse \\u00e0 p\\u00e9dale, pour des sacs thermosoudable, elle fait le scellage sur sacs en plastique et aluminium PVC, PP, PE. innovex machine.\",\"breadcrumb\":{\"@id\":\"https:\/\/innovexalgerie.com\/machines\/produit\/soudeuse-a-pedale-pfs-400dd\/#breadcrumb\"},\"inLanguage\":\"fr-FR\",\"potentialAction\":[{\"@type\":\"ReadAction\",\"target\":[\"https:\/\/innovexalgerie.com\/machines\/produit\/soudeuse-a-pedale-pfs-400dd\/\"]}]},{\"@type\":\"BreadcrumbList\",\"@id\":\"https:\/\/innovexalgerie.com\/machines\/produit\/soudeuse-a-pedale-pfs-400dd\/#breadcrumb\",\"itemListElement\":[{\"@type\":\"ListItem\",\"position\":1,\"name\":\"Accueil\",\"item\":\"https:\/\/innovexalgerie.com\/machines\/\"},{\"@type\":\"ListItem\",\"position\":2,\"name\":\"Produits\",\"item\":\"https:\/\/innovexalgerie.com\/machines\/boutique\/\"},{\"@type\":\"ListItem\",\"position\":3,\"name\":\"Soudeuse \\u00e0 p\\u00e9dale PFS-400DD\"}]}]}<\/script>\n<!-- \/ Yoast SEO Premium plugin. -->","yoast_head_json":{"title":"Soudeuse \u00e0 p\u00e9dale PFS-400DD - Innovex Machines | Innovex Algerie","description":"La soudeuse \u00e0 p\u00e9dale, pour des sacs thermosoudable, elle fait le scellage sur sacs en plastique et aluminium PVC, PP, PE. innovex machine.","robots":{"index":"index","follow":"follow","max-snippet":"max-snippet:-1","max-image-preview":"max-image-preview:large","max-video-preview":"max-video-preview:-1"},"canonical":"https:\/\/innovexalgerie.com\/machines\/produit\/soudeuse-a-pedale-pfs-400dd\/","og_locale":"fr_FR","og_type":"article","og_title":"Soudeuse \u00e0 p\u00e9dale PFS-400DD - Innovex Machines | Innovex Algerie","og_description":"La soudeuse \u00e0 p\u00e9dale, pour des sacs thermosoudable, elle fait le scellage sur sacs en plastique et aluminium PVC, PP, PE. innovex machine.","og_url":"https:\/\/innovexalgerie.com\/machines\/produit\/soudeuse-a-pedale-pfs-400dd\/","og_site_name":"Innovex Machines | Innovex Algerie","article_publisher":"https:\/\/www.facebook.com\/innovexmachine1","article_modified_time":"2022-06-22T10:28:22+00:00","og_image":[{"width":640,"height":640,"filesize":58658,"url":"https:\/\/innovexalgerie.com\/machines\/wp-content\/uploads\/2021\/03\/PFS-400DD.jpg","path":"\/home\/inovex\/public_html\/machines\/wp-content\/uploads\/2021\/03\/PFS-400DD.jpg","size":"full","id":30800,"alt":"PFS-400DD INNOVEX MACHINE","pixels":409600,"type":"image\/jpeg"}],"twitter_card":"summary_large_image","twitter_misc":{"Dur\u00e9e de lecture est.":"1 minute"},"schema":{"@context":"https:\/\/schema.org","@graph":[{"@type":"WebSite","@id":"https:\/\/innovexalgerie.com\/machines\/#website","url":"https:\/\/innovexalgerie.com\/machines\/","name":"Innovex Machines | Innovex Algerie","description":"Fournisseur de machines d&#039;emballage et d&#039;imprimerie","potentialAction":[{"@type":"SearchAction","target":{"@type":"EntryPoint","urlTemplate":"https:\/\/innovexalgerie.com\/machines\/?s={search_term_string}"},"query-input":"required name=search_term_string"}],"inLanguage":"fr-FR"},{"@type":"ImageObject","@id":"https:\/\/innovexalgerie.com\/machines\/produit\/soudeuse-a-pedale-pfs-400dd\/#primaryimage","inLanguage":"fr-FR","url":"https:\/\/innovexalgerie.com\/machines\/wp-content\/uploads\/2021\/03\/PFS-400DD.jpg","contentUrl":"https:\/\/innovexalgerie.com\/machines\/wp-content\/uploads\/2021\/03\/PFS-400DD.jpg","width":640,"height":640,"caption":"PFS-400DD INNOVEX MACHINE"},{"@type":"WebPage","@id":"https:\/\/innovexalgerie.com\/machines\/produit\/soudeuse-a-pedale-pfs-400dd\/#webpage","url":"https:\/\/innovexalgerie.com\/machines\/produit\/soudeuse-a-pedale-pfs-400dd\/","name":"Soudeuse \u00e0 p\u00e9dale PFS-400DD - Innovex Machines | Innovex Algerie","isPartOf":{"@id":"https:\/\/innovexalgerie.com\/machines\/#website"},"primaryImageOfPage":{"@id":"https:\/\/innovexalgerie.com\/machines\/produit\/soudeuse-a-pedale-pfs-400dd\/#primaryimage"},"datePublished":"2021-03-24T19:46:09+00:00","dateModified":"2022-06-22T10:28:22+00:00","description":"La soudeuse \u00e0 p\u00e9dale, pour des sacs thermosoudable, elle fait le scellage sur sacs en plastique et aluminium PVC, PP, PE. innovex machine.","breadcrumb":{"@id":"https:\/\/innovexalgerie.com\/machines\/produit\/soudeuse-a-pedale-pfs-400dd\/#breadcrumb"},"inLanguage":"fr-FR","potentialAction":[{"@type":"ReadAction","target":["https:\/\/innovexalgerie.com\/machines\/produit\/soudeuse-a-pedale-pfs-400dd\/"]}]},{"@type":"BreadcrumbList","@id":"https:\/\/innovexalgerie.com\/machines\/produit\/soudeuse-a-pedale-pfs-400dd\/#breadcrumb","itemListElement":[{"@type":"ListItem","position":1,"name":"Accueil","item":"https:\/\/innovexalgerie.com\/machines\/"},{"@type":"ListItem","position":2,"name":"Produits","item":"https:\/\/innovexalgerie.com\/machines\/boutique\/"},{"@type":"ListItem","position":3,"name":"Soudeuse \u00e0 p\u00e9dale PFS-400DD"}]}]}},"_links":{"self":[{"href":"https:\/\/innovexalgerie.com\/machines\/wp-json\/wp\/v2\/product\/198","targetHints":{"allow":["GET"]}}],"collection":[{"href":"https:\/\/innovexalgerie.com\/machines\/wp-json\/wp\/v2\/product"}],"about":[{"href":"https:\/\/innovexalgerie.com\/machines\/wp-json\/wp\/v2\/types\/product"}],"version-history":[{"count":9,"href":"https:\/\/innovexalgerie.com\/machines\/wp-json\/wp\/v2\/product\/198\/revisions"}],"predecessor-version":[{"id":30808,"href":"https:\/\/innovexalgerie.com\/machines\/wp-json\/wp\/v2\/product\/198\/revisions\/30808"}],"wp:featuredmedia":[{"embeddable":true,"href":"https:\/\/innovexalgerie.com\/machines\/wp-json\/wp\/v2\/media\/30800"}],"wp:attachment":[{"href":"https:\/\/innovexalgerie.com\/machines\/wp-json\/wp\/v2\/media?parent=198"}],"wp:term":[{"taxonomy":"product_cat","embeddable":true,"href":"https:\/\/innovexalgerie.com\/machines\/wp-json\/wp\/v2\/product_cat?post=198"},{"taxonomy":"product_tag","embeddable":true,"href":"https:\/\/innovexalgerie.com\/machines\/wp-json\/wp\/v2\/product_tag?post=198"}],"curies":[{"name":"wp","href":"https:\/\/api.w.org\/{rel}","templated":true}]}}