{"id":199,"date":"2021-03-24T20:46:09","date_gmt":"2021-03-24T19:46:09","guid":{"rendered":"https:\/\/innovexalgerie.com\/machines2\/?post_type=product&#038;p=199"},"modified":"2023-12-25T12:17:36","modified_gmt":"2023-12-25T11:17:36","slug":"banderoleuse-filmeuse-a-plateau-tournant-2000kg-fg-2000b","status":"publish","type":"product","link":"https:\/\/innovexalgerie.com\/machines\/produit\/banderoleuse-filmeuse-a-plateau-tournant-2000kg-fg-2000b\/","title":{"rendered":"Banderoleuse filmeuse \u00e0 plateau tournant MH-FG-2000B"},"content":{"rendered":"<p class=\"p1\">Banderoleuse\/ filmeuse FG2000B \u00e0 plateau tournant \u00e0 pre-\u00e9tirage motoris\u00e9 pour banderolage de palettes par film \u00e9tirable, programmation de:<\/p>\n<p class=\"p1\">nombre de tours, nombre mont\u00e9es\/descentes, et la tension d\u2019\u00e9tirage de film \u00e9tirable, La tension d\u2019\u00e9tirage du film \u00e9tirable r\u00e9glable sur le tableau de fonctionnement par un moteur r\u00e9ducteur.<\/p>\n<ul>\n<li>Capacit\u00e9 2000 kg.<\/li>\n<li>Plateau \u00e9pais, entra\u00eenement par cha\u00eene et multiples galets, m\u00e2t renforc\u00e9 m\u00e9cano soud\u00e9<\/li>\n<li>D\u00e9marrage et arr\u00eat \u00a0progressif de la machine pour assurer la \u00a0protection \u00a0des charges.<\/li>\n<li>3 variateurs Schneider pour: r\u00e9glage du plateau tournant, de porte bobine et la tension de l&rsquo;\u00e9tirage.<\/li>\n<li>La machine est \u00e9quip\u00e9e d\u2019un PLC et d&rsquo;un \u00e9cran tactile couleur de 7,2.<\/li>\n<li>Retour automatique \u00e0 la position de d\u00e9part<\/li>\n<li>Capteur qui mesure la hauteur de la palette automatiquement.<\/li>\n<li>Rampe d&rsquo;acc\u00e8s pour plateau incluse avec la machine.<\/li>\n<li>Machine conforme aux normes CE.<\/li>\n<li style=\"list-style-type: none;\"><\/li>\n<\/ul>\n","protected":false},"excerpt":{"rendered":"<p class=\"p1\">Banderoleuse\/ filmeuse\u00a0 \u00e0 plateau tournant \u00e0 pre-\u00e9tirage motoris\u00e9 pour banderolage de palettes par film \u00e9tirable d&rsquo;une capacit\u00e9 de 2000kg.<\/p>\n<p><img loading=\"lazy\" decoding=\"async\" class=\"alignnone wp-image-29967 size-full\" src=\"https:\/\/innovexalgerie.com\/machines\/wp-content\/uploads\/2021\/03\/ICON-BANDEROLEUSE.jpg\" alt=\"ICON-BANDEROLEUSE INNOVEX MACHINE\" width=\"856\" height=\"196\" srcset=\"https:\/\/innovexalgerie.com\/machines\/wp-content\/uploads\/2021\/03\/ICON-BANDEROLEUSE.jpg 856w, https:\/\/innovexalgerie.com\/machines\/wp-content\/uploads\/2021\/03\/ICON-BANDEROLEUSE-300x69.jpg 300w, https:\/\/innovexalgerie.com\/machines\/wp-content\/uploads\/2021\/03\/ICON-BANDEROLEUSE-768x176.jpg 768w, https:\/\/innovexalgerie.com\/machines\/wp-content\/uploads\/2021\/03\/ICON-BANDEROLEUSE-600x137.jpg 600w\" sizes=\"auto, (max-width: 856px) 100vw, 856px\" \/><\/p>\n","protected":false},"featured_media":32220,"template":"","meta":{"_monsterinsights_skip_tracking":false,"_monsterinsights_sitenote_active":false,"_monsterinsights_sitenote_note":"","_monsterinsights_sitenote_category":0},"product_cat":[20],"product_tag":[21,71,22],"class_list":["post-199","product","type-product","status-publish","has-post-thumbnail","hentry","product_cat-banderollage","product_tag-banderoleuse","product_tag-paleteuse","product_tag-pallet-wrapping-machine"],"yoast_head":"<!-- This site is optimized with the Yoast SEO Premium plugin v16.2 (Yoast SEO v16.7) - https:\/\/yoast.com\/wordpress\/plugins\/seo\/ -->\n<title>Banderoleuse filmeuse \u00e0 plateau tournant MH-FG-2000B - Innovex Machines | Innovex Algerie<\/title>\n<meta name=\"description\" content=\"Banderoleuse \/ filmeuse \u00e0 plateau tournant \u00e0 pre \u00e9tirage motoris\u00e9 pour filmage de palettes par film \u00e9tirable d&#039;une capacit\u00e9 de 2000kg.\" \/>\n<meta name=\"robots\" content=\"index, follow, max-snippet:-1, max-image-preview:large, max-video-preview:-1\" \/>\n<link rel=\"canonical\" href=\"https:\/\/innovexalgerie.com\/machines\/produit\/banderoleuse-filmeuse-a-plateau-tournant-2000kg-fg-2000b\/\" \/>\n<meta property=\"og:locale\" content=\"fr_FR\" \/>\n<meta property=\"og:type\" content=\"article\" \/>\n<meta property=\"og:title\" content=\"Banderoleuse filmeuse \u00e0 plateau tournant MH-FG-2000B - Innovex Machines | Innovex Algerie\" \/>\n<meta property=\"og:description\" content=\"Banderoleuse \/ filmeuse \u00e0 plateau tournant \u00e0 pre \u00e9tirage motoris\u00e9 pour filmage de palettes par film \u00e9tirable d&#039;une capacit\u00e9 de 2000kg.\" \/>\n<meta property=\"og:url\" content=\"https:\/\/innovexalgerie.com\/machines\/produit\/banderoleuse-filmeuse-a-plateau-tournant-2000kg-fg-2000b\/\" \/>\n<meta property=\"og:site_name\" content=\"Innovex Machines | Innovex Algerie\" \/>\n<meta property=\"article:publisher\" content=\"https:\/\/www.facebook.com\/innovexmachine1\" \/>\n<meta property=\"article:modified_time\" content=\"2023-12-25T11:17:36+00:00\" \/>\n<meta property=\"og:image\" content=\"https:\/\/innovexalgerie.com\/machines\/wp-content\/uploads\/2021\/03\/BANDERLEUSE-2000B.jpg\" \/>\n\t<meta property=\"og:image:width\" content=\"1000\" \/>\n\t<meta property=\"og:image:height\" content=\"1000\" \/>\n<meta name=\"twitter:card\" content=\"summary_large_image\" \/>\n<meta name=\"twitter:label1\" content=\"Dur\u00e9e de lecture est.\" \/>\n\t<meta name=\"twitter:data1\" content=\"1 minute\" \/>\n<script type=\"application\/ld+json\" class=\"yoast-schema-graph\">{\"@context\":\"https:\/\/schema.org\",\"@graph\":[{\"@type\":\"WebSite\",\"@id\":\"https:\/\/innovexalgerie.com\/machines\/#website\",\"url\":\"https:\/\/innovexalgerie.com\/machines\/\",\"name\":\"Innovex Machines | Innovex Algerie\",\"description\":\"Fournisseur de machines d&#039;emballage et d&#039;imprimerie\",\"potentialAction\":[{\"@type\":\"SearchAction\",\"target\":{\"@type\":\"EntryPoint\",\"urlTemplate\":\"https:\/\/innovexalgerie.com\/machines\/?s={search_term_string}\"},\"query-input\":\"required name=search_term_string\"}],\"inLanguage\":\"fr-FR\"},{\"@type\":\"ImageObject\",\"@id\":\"https:\/\/innovexalgerie.com\/machines\/produit\/banderoleuse-filmeuse-a-plateau-tournant-2000kg-fg-2000b\/#primaryimage\",\"inLanguage\":\"fr-FR\",\"url\":\"https:\/\/innovexalgerie.com\/machines\/wp-content\/uploads\/2021\/03\/BANDERLEUSE-2000B.jpg\",\"contentUrl\":\"https:\/\/innovexalgerie.com\/machines\/wp-content\/uploads\/2021\/03\/BANDERLEUSE-2000B.jpg\",\"width\":1000,\"height\":1000},{\"@type\":\"WebPage\",\"@id\":\"https:\/\/innovexalgerie.com\/machines\/produit\/banderoleuse-filmeuse-a-plateau-tournant-2000kg-fg-2000b\/#webpage\",\"url\":\"https:\/\/innovexalgerie.com\/machines\/produit\/banderoleuse-filmeuse-a-plateau-tournant-2000kg-fg-2000b\/\",\"name\":\"Banderoleuse filmeuse \\u00e0 plateau tournant MH-FG-2000B - Innovex Machines | Innovex Algerie\",\"isPartOf\":{\"@id\":\"https:\/\/innovexalgerie.com\/machines\/#website\"},\"primaryImageOfPage\":{\"@id\":\"https:\/\/innovexalgerie.com\/machines\/produit\/banderoleuse-filmeuse-a-plateau-tournant-2000kg-fg-2000b\/#primaryimage\"},\"datePublished\":\"2021-03-24T19:46:09+00:00\",\"dateModified\":\"2023-12-25T11:17:36+00:00\",\"description\":\"Banderoleuse \/ filmeuse \\u00e0 plateau tournant \\u00e0 pre \\u00e9tirage motoris\\u00e9 pour filmage de palettes par film \\u00e9tirable d'une capacit\\u00e9 de 2000kg.\",\"breadcrumb\":{\"@id\":\"https:\/\/innovexalgerie.com\/machines\/produit\/banderoleuse-filmeuse-a-plateau-tournant-2000kg-fg-2000b\/#breadcrumb\"},\"inLanguage\":\"fr-FR\",\"potentialAction\":[{\"@type\":\"ReadAction\",\"target\":[\"https:\/\/innovexalgerie.com\/machines\/produit\/banderoleuse-filmeuse-a-plateau-tournant-2000kg-fg-2000b\/\"]}]},{\"@type\":\"BreadcrumbList\",\"@id\":\"https:\/\/innovexalgerie.com\/machines\/produit\/banderoleuse-filmeuse-a-plateau-tournant-2000kg-fg-2000b\/#breadcrumb\",\"itemListElement\":[{\"@type\":\"ListItem\",\"position\":1,\"name\":\"Accueil\",\"item\":\"https:\/\/innovexalgerie.com\/machines\/\"},{\"@type\":\"ListItem\",\"position\":2,\"name\":\"Produits\",\"item\":\"https:\/\/innovexalgerie.com\/machines\/boutique\/\"},{\"@type\":\"ListItem\",\"position\":3,\"name\":\"Banderoleuse filmeuse \\u00e0 plateau tournant MH-FG-2000B\"}]}]}<\/script>\n<!-- \/ Yoast SEO Premium plugin. -->","yoast_head_json":{"title":"Banderoleuse filmeuse \u00e0 plateau tournant MH-FG-2000B - Innovex Machines | Innovex Algerie","description":"Banderoleuse \/ filmeuse \u00e0 plateau tournant \u00e0 pre \u00e9tirage motoris\u00e9 pour filmage de palettes par film \u00e9tirable d'une capacit\u00e9 de 2000kg.","robots":{"index":"index","follow":"follow","max-snippet":"max-snippet:-1","max-image-preview":"max-image-preview:large","max-video-preview":"max-video-preview:-1"},"canonical":"https:\/\/innovexalgerie.com\/machines\/produit\/banderoleuse-filmeuse-a-plateau-tournant-2000kg-fg-2000b\/","og_locale":"fr_FR","og_type":"article","og_title":"Banderoleuse filmeuse \u00e0 plateau tournant MH-FG-2000B - Innovex Machines | Innovex Algerie","og_description":"Banderoleuse \/ filmeuse \u00e0 plateau tournant \u00e0 pre \u00e9tirage motoris\u00e9 pour filmage de palettes par film \u00e9tirable d'une capacit\u00e9 de 2000kg.","og_url":"https:\/\/innovexalgerie.com\/machines\/produit\/banderoleuse-filmeuse-a-plateau-tournant-2000kg-fg-2000b\/","og_site_name":"Innovex Machines | Innovex Algerie","article_publisher":"https:\/\/www.facebook.com\/innovexmachine1","article_modified_time":"2023-12-25T11:17:36+00:00","og_image":[{"width":1000,"height":1000,"filesize":105375,"url":"https:\/\/innovexalgerie.com\/machines\/wp-content\/uploads\/2021\/03\/BANDERLEUSE-2000B.jpg","path":"\/home\/inovex\/public_html\/machines\/wp-content\/uploads\/2021\/03\/BANDERLEUSE-2000B.jpg","size":"full","id":32220,"alt":"","pixels":1000000,"type":"image\/jpeg"}],"twitter_card":"summary_large_image","twitter_misc":{"Dur\u00e9e de lecture est.":"1 minute"},"schema":{"@context":"https:\/\/schema.org","@graph":[{"@type":"WebSite","@id":"https:\/\/innovexalgerie.com\/machines\/#website","url":"https:\/\/innovexalgerie.com\/machines\/","name":"Innovex Machines | Innovex Algerie","description":"Fournisseur de machines d&#039;emballage et d&#039;imprimerie","potentialAction":[{"@type":"SearchAction","target":{"@type":"EntryPoint","urlTemplate":"https:\/\/innovexalgerie.com\/machines\/?s={search_term_string}"},"query-input":"required name=search_term_string"}],"inLanguage":"fr-FR"},{"@type":"ImageObject","@id":"https:\/\/innovexalgerie.com\/machines\/produit\/banderoleuse-filmeuse-a-plateau-tournant-2000kg-fg-2000b\/#primaryimage","inLanguage":"fr-FR","url":"https:\/\/innovexalgerie.com\/machines\/wp-content\/uploads\/2021\/03\/BANDERLEUSE-2000B.jpg","contentUrl":"https:\/\/innovexalgerie.com\/machines\/wp-content\/uploads\/2021\/03\/BANDERLEUSE-2000B.jpg","width":1000,"height":1000},{"@type":"WebPage","@id":"https:\/\/innovexalgerie.com\/machines\/produit\/banderoleuse-filmeuse-a-plateau-tournant-2000kg-fg-2000b\/#webpage","url":"https:\/\/innovexalgerie.com\/machines\/produit\/banderoleuse-filmeuse-a-plateau-tournant-2000kg-fg-2000b\/","name":"Banderoleuse filmeuse \u00e0 plateau tournant MH-FG-2000B - Innovex Machines | Innovex Algerie","isPartOf":{"@id":"https:\/\/innovexalgerie.com\/machines\/#website"},"primaryImageOfPage":{"@id":"https:\/\/innovexalgerie.com\/machines\/produit\/banderoleuse-filmeuse-a-plateau-tournant-2000kg-fg-2000b\/#primaryimage"},"datePublished":"2021-03-24T19:46:09+00:00","dateModified":"2023-12-25T11:17:36+00:00","description":"Banderoleuse \/ filmeuse \u00e0 plateau tournant \u00e0 pre \u00e9tirage motoris\u00e9 pour filmage de palettes par film \u00e9tirable d'une capacit\u00e9 de 2000kg.","breadcrumb":{"@id":"https:\/\/innovexalgerie.com\/machines\/produit\/banderoleuse-filmeuse-a-plateau-tournant-2000kg-fg-2000b\/#breadcrumb"},"inLanguage":"fr-FR","potentialAction":[{"@type":"ReadAction","target":["https:\/\/innovexalgerie.com\/machines\/produit\/banderoleuse-filmeuse-a-plateau-tournant-2000kg-fg-2000b\/"]}]},{"@type":"BreadcrumbList","@id":"https:\/\/innovexalgerie.com\/machines\/produit\/banderoleuse-filmeuse-a-plateau-tournant-2000kg-fg-2000b\/#breadcrumb","itemListElement":[{"@type":"ListItem","position":1,"name":"Accueil","item":"https:\/\/innovexalgerie.com\/machines\/"},{"@type":"ListItem","position":2,"name":"Produits","item":"https:\/\/innovexalgerie.com\/machines\/boutique\/"},{"@type":"ListItem","position":3,"name":"Banderoleuse filmeuse \u00e0 plateau tournant MH-FG-2000B"}]}]}},"_links":{"self":[{"href":"https:\/\/innovexalgerie.com\/machines\/wp-json\/wp\/v2\/product\/199","targetHints":{"allow":["GET"]}}],"collection":[{"href":"https:\/\/innovexalgerie.com\/machines\/wp-json\/wp\/v2\/product"}],"about":[{"href":"https:\/\/innovexalgerie.com\/machines\/wp-json\/wp\/v2\/types\/product"}],"version-history":[{"count":10,"href":"https:\/\/innovexalgerie.com\/machines\/wp-json\/wp\/v2\/product\/199\/revisions"}],"predecessor-version":[{"id":29010,"href":"https:\/\/innovexalgerie.com\/machines\/wp-json\/wp\/v2\/product\/199\/revisions\/29010"}],"wp:featuredmedia":[{"embeddable":true,"href":"https:\/\/innovexalgerie.com\/machines\/wp-json\/wp\/v2\/media\/32220"}],"wp:attachment":[{"href":"https:\/\/innovexalgerie.com\/machines\/wp-json\/wp\/v2\/media?parent=199"}],"wp:term":[{"taxonomy":"product_cat","embeddable":true,"href":"https:\/\/innovexalgerie.com\/machines\/wp-json\/wp\/v2\/product_cat?post=199"},{"taxonomy":"product_tag","embeddable":true,"href":"https:\/\/innovexalgerie.com\/machines\/wp-json\/wp\/v2\/product_tag?post=199"}],"curies":[{"name":"wp","href":"https:\/\/api.w.org\/{rel}","templated":true}]}}