{"id":238,"date":"2021-03-24T20:46:32","date_gmt":"2021-03-24T19:46:32","guid":{"rendered":"https:\/\/innovexalgerie.com\/machines2\/?post_type=product&#038;p=238"},"modified":"2025-01-20T15:24:17","modified_gmt":"2025-01-20T14:24:17","slug":"banderoleuse-filmeuse-de-palette-avec-presse-stabilisatrice-mh-fg-2000bc","status":"publish","type":"product","link":"https:\/\/innovexalgerie.com\/machines\/produit\/banderoleuse-filmeuse-de-palette-avec-presse-stabilisatrice-mh-fg-2000bc\/","title":{"rendered":"Banderoleuse filmeuse de palette avec presse stabilisatrice MH-FG-2000BC"},"content":{"rendered":"<p>Banderoleuse \/ filmeuse <strong>MH-FG2000BC<\/strong> de palette \u00e0 plateau tournant avec presse stabilisatrice \u00e0 pre-\u00e9tirage motoris\u00e9 programmable. La machine est \u00e9quip\u00e9e d\u2019un syst\u00e8me de presse et d\u2019une rampe de chargement permettant le passage facile des palettes sur le plateau tournant d&rsquo;une capacit\u00e9 peut aller jusqu&rsquo;\u00e0 2000kg. Elle dispose \u00e9galement un capteur qui mesure de fa\u00e7on automatique la hauteur de la palette et assure un d\u00e9marrage et un arr\u00eat en douceur et retourne automatiquement \u00e0 la position de d\u00e9part.<\/p>\n<ul>\n<li>Pesse stabilisatrice de palette motoris\u00e9 pour un bon attachement du produit.<\/li>\n<li>Plateau \u00e9pais, entra\u00eenement par cha\u00eene et multiples galets, m\u00e2t renforc\u00e9 m\u00e9cano soud\u00e9.<\/li>\n<li>D\u00e9marrage et arr\u00eat \u00a0progressif de la machine pour assurer la \u00a0protection \u00a0des charges.<\/li>\n<li>3 variateurs Schneider pour: r\u00e9glage du plateau tournant, de porte bobine et la tension de l&rsquo;\u00e9tirage.<\/li>\n<li>Retour automatique \u00e0 la position de d\u00e9part.<\/li>\n<li>Capteur qui mesure la hauteur de la palette automatiquement.<\/li>\n<li>Rampe d&rsquo;acc\u00e8s pour plateau incluse avec la machine.<\/li>\n<li>Tendeur du film \u00e9lectrique variable.<\/li>\n<li>Machine conforme aux normes CE.<\/li>\n<\/ul>\n<ul>\n<li style=\"list-style-type: none;\"><\/li>\n<\/ul>\n<p>&nbsp;<\/p>\n","protected":false},"excerpt":{"rendered":"<p>Banderoleuse \/ filmeuse\u00a0 de palette \u00e0 plateau tournant avec presse stabilisatrice \u00e0 pre \u00e9tirage motoris\u00e9 programmable. La machine est \u00e9quip\u00e9e d\u2019un syst\u00e8me de presse et d\u2019une rampe de chargement permettant le passage facile des palettes sur le plateau tournant.<\/p>\n<p><img loading=\"lazy\" decoding=\"async\" class=\"alignnone wp-image-29978 size-full\" src=\"https:\/\/innovexalgerie.com\/machines\/wp-content\/uploads\/2021\/03\/ICON-BANDEROLEUSE-AVEC-PRESSE.jpg\" alt=\"ICON-BANDEROLEUSE-AVEC-PRESSE\" width=\"856\" height=\"196\" srcset=\"https:\/\/innovexalgerie.com\/machines\/wp-content\/uploads\/2021\/03\/ICON-BANDEROLEUSE-AVEC-PRESSE.jpg 856w, https:\/\/innovexalgerie.com\/machines\/wp-content\/uploads\/2021\/03\/ICON-BANDEROLEUSE-AVEC-PRESSE-300x69.jpg 300w, https:\/\/innovexalgerie.com\/machines\/wp-content\/uploads\/2021\/03\/ICON-BANDEROLEUSE-AVEC-PRESSE-768x176.jpg 768w, https:\/\/innovexalgerie.com\/machines\/wp-content\/uploads\/2021\/03\/ICON-BANDEROLEUSE-AVEC-PRESSE-600x137.jpg 600w\" sizes=\"auto, (max-width: 856px) 100vw, 856px\" \/><\/p>\n","protected":false},"featured_media":32988,"template":"","meta":{"_monsterinsights_skip_tracking":false,"_monsterinsights_sitenote_active":false,"_monsterinsights_sitenote_note":"","_monsterinsights_sitenote_category":0},"product_cat":[20],"product_tag":[21,72],"class_list":["post-238","product","type-product","status-publish","has-post-thumbnail","hentry","product_cat-banderollage","product_tag-banderoleuse","product_tag-banderoleuse-avec-presse"],"yoast_head":"<!-- This site is optimized with the Yoast SEO Premium plugin v16.2 (Yoast SEO v16.7) - https:\/\/yoast.com\/wordpress\/plugins\/seo\/ -->\n<title>Banderoleuse filmeuse de palette avec presse stabilisatrice MH-FG-2000BC - Innovex Machines | Innovex Algerie<\/title>\n<meta name=\"description\" content=\"Banderoleuse \/ filmeuse \u00e0 plateau tournant avec presse stabilisatrice pour filmage de palettes par film \u00e9tirable d&#039;une capacit\u00e9 de 2000kg\" \/>\n<meta name=\"robots\" content=\"index, follow, max-snippet:-1, max-image-preview:large, max-video-preview:-1\" \/>\n<link rel=\"canonical\" href=\"https:\/\/innovexalgerie.com\/machines\/produit\/banderoleuse-filmeuse-de-palette-avec-presse-stabilisatrice-mh-fg-2000bc\/\" \/>\n<meta property=\"og:locale\" content=\"fr_FR\" \/>\n<meta property=\"og:type\" content=\"article\" \/>\n<meta property=\"og:title\" content=\"Banderoleuse filmeuse de palette avec presse stabilisatrice MH-FG-2000BC - Innovex Machines | Innovex Algerie\" \/>\n<meta property=\"og:description\" content=\"Banderoleuse \/ filmeuse \u00e0 plateau tournant avec presse stabilisatrice pour filmage de palettes par film \u00e9tirable d&#039;une capacit\u00e9 de 2000kg\" \/>\n<meta property=\"og:url\" content=\"https:\/\/innovexalgerie.com\/machines\/produit\/banderoleuse-filmeuse-de-palette-avec-presse-stabilisatrice-mh-fg-2000bc\/\" \/>\n<meta property=\"og:site_name\" content=\"Innovex Machines | Innovex Algerie\" \/>\n<meta property=\"article:publisher\" content=\"https:\/\/www.facebook.com\/innovexmachine1\" \/>\n<meta property=\"article:modified_time\" content=\"2025-01-20T14:24:17+00:00\" \/>\n<meta property=\"og:image\" content=\"https:\/\/innovexalgerie.com\/machines\/wp-content\/uploads\/2021\/03\/BANDERLEUSE-2000BC-AVEC-PRESSE-INNOVEX-ALGERIE.jpg\" \/>\n\t<meta property=\"og:image:width\" content=\"1000\" \/>\n\t<meta property=\"og:image:height\" content=\"1000\" \/>\n<meta name=\"twitter:card\" content=\"summary_large_image\" \/>\n<meta name=\"twitter:label1\" content=\"Dur\u00e9e de lecture est.\" \/>\n\t<meta name=\"twitter:data1\" content=\"1 minute\" \/>\n<script type=\"application\/ld+json\" class=\"yoast-schema-graph\">{\"@context\":\"https:\/\/schema.org\",\"@graph\":[{\"@type\":\"WebSite\",\"@id\":\"https:\/\/innovexalgerie.com\/machines\/#website\",\"url\":\"https:\/\/innovexalgerie.com\/machines\/\",\"name\":\"Innovex Machines | Innovex Algerie\",\"description\":\"Fournisseur de machines d&#039;emballage et d&#039;imprimerie\",\"potentialAction\":[{\"@type\":\"SearchAction\",\"target\":{\"@type\":\"EntryPoint\",\"urlTemplate\":\"https:\/\/innovexalgerie.com\/machines\/?s={search_term_string}\"},\"query-input\":\"required name=search_term_string\"}],\"inLanguage\":\"fr-FR\"},{\"@type\":\"ImageObject\",\"@id\":\"https:\/\/innovexalgerie.com\/machines\/produit\/banderoleuse-filmeuse-de-palette-avec-presse-stabilisatrice-mh-fg-2000bc\/#primaryimage\",\"inLanguage\":\"fr-FR\",\"url\":\"https:\/\/innovexalgerie.com\/machines\/wp-content\/uploads\/2021\/03\/BANDERLEUSE-2000BC-AVEC-PRESSE-INNOVEX-ALGERIE.jpg\",\"contentUrl\":\"https:\/\/innovexalgerie.com\/machines\/wp-content\/uploads\/2021\/03\/BANDERLEUSE-2000BC-AVEC-PRESSE-INNOVEX-ALGERIE.jpg\",\"width\":1000,\"height\":1000,\"caption\":\"BANDERLEUSE-2000BC-AVEC-PRESSE-INNOVEX-ALGERIE\"},{\"@type\":\"WebPage\",\"@id\":\"https:\/\/innovexalgerie.com\/machines\/produit\/banderoleuse-filmeuse-de-palette-avec-presse-stabilisatrice-mh-fg-2000bc\/#webpage\",\"url\":\"https:\/\/innovexalgerie.com\/machines\/produit\/banderoleuse-filmeuse-de-palette-avec-presse-stabilisatrice-mh-fg-2000bc\/\",\"name\":\"Banderoleuse filmeuse de palette avec presse stabilisatrice MH-FG-2000BC - Innovex Machines | Innovex Algerie\",\"isPartOf\":{\"@id\":\"https:\/\/innovexalgerie.com\/machines\/#website\"},\"primaryImageOfPage\":{\"@id\":\"https:\/\/innovexalgerie.com\/machines\/produit\/banderoleuse-filmeuse-de-palette-avec-presse-stabilisatrice-mh-fg-2000bc\/#primaryimage\"},\"datePublished\":\"2021-03-24T19:46:32+00:00\",\"dateModified\":\"2025-01-20T14:24:17+00:00\",\"description\":\"Banderoleuse \/ filmeuse \\u00e0 plateau tournant avec presse stabilisatrice pour filmage de palettes par film \\u00e9tirable d'une capacit\\u00e9 de 2000kg\",\"breadcrumb\":{\"@id\":\"https:\/\/innovexalgerie.com\/machines\/produit\/banderoleuse-filmeuse-de-palette-avec-presse-stabilisatrice-mh-fg-2000bc\/#breadcrumb\"},\"inLanguage\":\"fr-FR\",\"potentialAction\":[{\"@type\":\"ReadAction\",\"target\":[\"https:\/\/innovexalgerie.com\/machines\/produit\/banderoleuse-filmeuse-de-palette-avec-presse-stabilisatrice-mh-fg-2000bc\/\"]}]},{\"@type\":\"BreadcrumbList\",\"@id\":\"https:\/\/innovexalgerie.com\/machines\/produit\/banderoleuse-filmeuse-de-palette-avec-presse-stabilisatrice-mh-fg-2000bc\/#breadcrumb\",\"itemListElement\":[{\"@type\":\"ListItem\",\"position\":1,\"name\":\"Accueil\",\"item\":\"https:\/\/innovexalgerie.com\/machines\/\"},{\"@type\":\"ListItem\",\"position\":2,\"name\":\"Produits\",\"item\":\"https:\/\/innovexalgerie.com\/machines\/boutique\/\"},{\"@type\":\"ListItem\",\"position\":3,\"name\":\"Banderoleuse filmeuse de palette avec presse stabilisatrice MH-FG-2000BC\"}]}]}<\/script>\n<!-- \/ Yoast SEO Premium plugin. -->","yoast_head_json":{"title":"Banderoleuse filmeuse de palette avec presse stabilisatrice MH-FG-2000BC - Innovex Machines | Innovex Algerie","description":"Banderoleuse \/ filmeuse \u00e0 plateau tournant avec presse stabilisatrice pour filmage de palettes par film \u00e9tirable d'une capacit\u00e9 de 2000kg","robots":{"index":"index","follow":"follow","max-snippet":"max-snippet:-1","max-image-preview":"max-image-preview:large","max-video-preview":"max-video-preview:-1"},"canonical":"https:\/\/innovexalgerie.com\/machines\/produit\/banderoleuse-filmeuse-de-palette-avec-presse-stabilisatrice-mh-fg-2000bc\/","og_locale":"fr_FR","og_type":"article","og_title":"Banderoleuse filmeuse de palette avec presse stabilisatrice MH-FG-2000BC - Innovex Machines | Innovex Algerie","og_description":"Banderoleuse \/ filmeuse \u00e0 plateau tournant avec presse stabilisatrice pour filmage de palettes par film \u00e9tirable d'une capacit\u00e9 de 2000kg","og_url":"https:\/\/innovexalgerie.com\/machines\/produit\/banderoleuse-filmeuse-de-palette-avec-presse-stabilisatrice-mh-fg-2000bc\/","og_site_name":"Innovex Machines | Innovex Algerie","article_publisher":"https:\/\/www.facebook.com\/innovexmachine1","article_modified_time":"2025-01-20T14:24:17+00:00","og_image":[{"width":1000,"height":1000,"filesize":117057,"url":"https:\/\/innovexalgerie.com\/machines\/wp-content\/uploads\/2021\/03\/BANDERLEUSE-2000BC-AVEC-PRESSE-INNOVEX-ALGERIE.jpg","path":"\/home\/inovex\/public_html\/machines\/wp-content\/uploads\/2021\/03\/BANDERLEUSE-2000BC-AVEC-PRESSE-INNOVEX-ALGERIE.jpg","size":"full","id":32988,"alt":"BANDERLEUSE-2000BC-AVEC-PRESSE-INNOVEX-ALGERIE","pixels":1000000,"type":"image\/jpeg"}],"twitter_card":"summary_large_image","twitter_misc":{"Dur\u00e9e de lecture est.":"1 minute"},"schema":{"@context":"https:\/\/schema.org","@graph":[{"@type":"WebSite","@id":"https:\/\/innovexalgerie.com\/machines\/#website","url":"https:\/\/innovexalgerie.com\/machines\/","name":"Innovex Machines | Innovex Algerie","description":"Fournisseur de machines d&#039;emballage et d&#039;imprimerie","potentialAction":[{"@type":"SearchAction","target":{"@type":"EntryPoint","urlTemplate":"https:\/\/innovexalgerie.com\/machines\/?s={search_term_string}"},"query-input":"required name=search_term_string"}],"inLanguage":"fr-FR"},{"@type":"ImageObject","@id":"https:\/\/innovexalgerie.com\/machines\/produit\/banderoleuse-filmeuse-de-palette-avec-presse-stabilisatrice-mh-fg-2000bc\/#primaryimage","inLanguage":"fr-FR","url":"https:\/\/innovexalgerie.com\/machines\/wp-content\/uploads\/2021\/03\/BANDERLEUSE-2000BC-AVEC-PRESSE-INNOVEX-ALGERIE.jpg","contentUrl":"https:\/\/innovexalgerie.com\/machines\/wp-content\/uploads\/2021\/03\/BANDERLEUSE-2000BC-AVEC-PRESSE-INNOVEX-ALGERIE.jpg","width":1000,"height":1000,"caption":"BANDERLEUSE-2000BC-AVEC-PRESSE-INNOVEX-ALGERIE"},{"@type":"WebPage","@id":"https:\/\/innovexalgerie.com\/machines\/produit\/banderoleuse-filmeuse-de-palette-avec-presse-stabilisatrice-mh-fg-2000bc\/#webpage","url":"https:\/\/innovexalgerie.com\/machines\/produit\/banderoleuse-filmeuse-de-palette-avec-presse-stabilisatrice-mh-fg-2000bc\/","name":"Banderoleuse filmeuse de palette avec presse stabilisatrice MH-FG-2000BC - Innovex Machines | Innovex Algerie","isPartOf":{"@id":"https:\/\/innovexalgerie.com\/machines\/#website"},"primaryImageOfPage":{"@id":"https:\/\/innovexalgerie.com\/machines\/produit\/banderoleuse-filmeuse-de-palette-avec-presse-stabilisatrice-mh-fg-2000bc\/#primaryimage"},"datePublished":"2021-03-24T19:46:32+00:00","dateModified":"2025-01-20T14:24:17+00:00","description":"Banderoleuse \/ filmeuse \u00e0 plateau tournant avec presse stabilisatrice pour filmage de palettes par film \u00e9tirable d'une capacit\u00e9 de 2000kg","breadcrumb":{"@id":"https:\/\/innovexalgerie.com\/machines\/produit\/banderoleuse-filmeuse-de-palette-avec-presse-stabilisatrice-mh-fg-2000bc\/#breadcrumb"},"inLanguage":"fr-FR","potentialAction":[{"@type":"ReadAction","target":["https:\/\/innovexalgerie.com\/machines\/produit\/banderoleuse-filmeuse-de-palette-avec-presse-stabilisatrice-mh-fg-2000bc\/"]}]},{"@type":"BreadcrumbList","@id":"https:\/\/innovexalgerie.com\/machines\/produit\/banderoleuse-filmeuse-de-palette-avec-presse-stabilisatrice-mh-fg-2000bc\/#breadcrumb","itemListElement":[{"@type":"ListItem","position":1,"name":"Accueil","item":"https:\/\/innovexalgerie.com\/machines\/"},{"@type":"ListItem","position":2,"name":"Produits","item":"https:\/\/innovexalgerie.com\/machines\/boutique\/"},{"@type":"ListItem","position":3,"name":"Banderoleuse filmeuse de palette avec presse stabilisatrice MH-FG-2000BC"}]}]}},"_links":{"self":[{"href":"https:\/\/innovexalgerie.com\/machines\/wp-json\/wp\/v2\/product\/238","targetHints":{"allow":["GET"]}}],"collection":[{"href":"https:\/\/innovexalgerie.com\/machines\/wp-json\/wp\/v2\/product"}],"about":[{"href":"https:\/\/innovexalgerie.com\/machines\/wp-json\/wp\/v2\/types\/product"}],"version-history":[{"count":9,"href":"https:\/\/innovexalgerie.com\/machines\/wp-json\/wp\/v2\/product\/238\/revisions"}],"predecessor-version":[{"id":32991,"href":"https:\/\/innovexalgerie.com\/machines\/wp-json\/wp\/v2\/product\/238\/revisions\/32991"}],"wp:featuredmedia":[{"embeddable":true,"href":"https:\/\/innovexalgerie.com\/machines\/wp-json\/wp\/v2\/media\/32988"}],"wp:attachment":[{"href":"https:\/\/innovexalgerie.com\/machines\/wp-json\/wp\/v2\/media?parent=238"}],"wp:term":[{"taxonomy":"product_cat","embeddable":true,"href":"https:\/\/innovexalgerie.com\/machines\/wp-json\/wp\/v2\/product_cat?post=238"},{"taxonomy":"product_tag","embeddable":true,"href":"https:\/\/innovexalgerie.com\/machines\/wp-json\/wp\/v2\/product_tag?post=238"}],"curies":[{"name":"wp","href":"https:\/\/api.w.org\/{rel}","templated":true}]}}