{"id":242,"date":"2021-03-24T20:46:33","date_gmt":"2021-03-24T19:46:33","guid":{"rendered":"https:\/\/innovexalgerie.com\/machines2\/?post_type=product&#038;p=242"},"modified":"2022-03-31T10:46:25","modified_gmt":"2022-03-31T09:46:25","slug":"banderoleuse-filmeuse-a-bras-tournant-mh-fg-2300b","status":"publish","type":"product","link":"https:\/\/innovexalgerie.com\/machines\/produit\/banderoleuse-filmeuse-a-bras-tournant-mh-fg-2300b\/","title":{"rendered":"Banderoleuse filmeuse \u00e0 bras tournant MH-FG-2300B"},"content":{"rendered":"<p>Banderoleuse \/ filmeuse \u00e0 bras tournant pour filmer les palettes l\u00e9g\u00e8res, lourdes en toute simplicit\u00e9 pesant jusqu\u2019\u00e0 2 tonnes. C\u2019est un \u00e9quipement de palettisation performant, favorisant le processus de la logistique, que l\u2019on peut fixer au sol, et qui gr\u00e2ce au freinage par embrayage \u00e9lectromagn\u00e9tique, la charge \u00e0 filmer reste maintenue et stable pour un emballage appr\u00e9ci\u00e9.<\/p>\n<ul>\n<li>Rotation du bras avec une rampe d\u2019acc\u00e9l\u00e9ration par variateur de fr\u00e9quence jusqu\u2019\u00e0 atteindre la vitesse de rotation s\u00e9lectionn\u00e9e.<\/li>\n<li>R\u00e9alisation du nombre de tours sup\u00e9rieurs, inf\u00e9rieurs programm\u00e9s.<\/li>\n<li>Descente du chariot jusqu\u2019\u00e0 sa d\u00e9tection par le fin de course inf\u00e9rieur.<\/li>\n<li>Arr\u00eat du bras en position d\u2019origine apr\u00e8s une rampe de d\u00e9c\u00e9l\u00e9ration par variateur de fr\u00e9quence.<\/li>\n<li>Lecture de la hauteur de la charge par photocellule.<\/li>\n<li>R\u00e9glage \u00e9lectrique de tension du film.<\/li>\n<li>Freinage par un embrayage \u00e9lectromagn\u00e9tique.<\/li>\n<li>Tendeur du film par moteur r\u00e9glable et programmable.<\/li>\n<li>Machine conforme aux normes CE.<\/li>\n<\/ul>\n<ul>\n<li style=\"list-style-type: none;\"><\/li>\n<\/ul>\n<p>&nbsp;<\/p>\n","protected":false},"excerpt":{"rendered":"<p>La banderoleuse \/ filmeuse \u00e0 bras tournant pour filmer les palettes l\u00e9g\u00e8res, lourdes en toute simplicit\u00e9 pesant jusqu\u2019\u00e0 2 tonnes.<\/p>\n<p><img loading=\"lazy\" decoding=\"async\" class=\"alignnone wp-image-29967 size-full\" src=\"https:\/\/innovexalgerie.com\/machines\/wp-content\/uploads\/2021\/03\/ICON-BANDEROLEUSE.jpg\" alt=\"ICON-BANDEROLEUSE INNOVEX MACHINE\" width=\"856\" height=\"196\" srcset=\"https:\/\/innovexalgerie.com\/machines\/wp-content\/uploads\/2021\/03\/ICON-BANDEROLEUSE.jpg 856w, https:\/\/innovexalgerie.com\/machines\/wp-content\/uploads\/2021\/03\/ICON-BANDEROLEUSE-300x69.jpg 300w, https:\/\/innovexalgerie.com\/machines\/wp-content\/uploads\/2021\/03\/ICON-BANDEROLEUSE-768x176.jpg 768w, https:\/\/innovexalgerie.com\/machines\/wp-content\/uploads\/2021\/03\/ICON-BANDEROLEUSE-600x137.jpg 600w\" sizes=\"auto, (max-width: 856px) 100vw, 856px\" \/><\/p>\n","protected":false},"featured_media":29972,"template":"","meta":{"_monsterinsights_skip_tracking":false,"_monsterinsights_sitenote_active":false,"_monsterinsights_sitenote_note":"","_monsterinsights_sitenote_category":0},"product_cat":[20],"product_tag":[21,75,76],"class_list":["post-242","product","type-product","status-publish","has-post-thumbnail","hentry","product_cat-banderollage","product_tag-banderoleuse","product_tag-pallet-wrapper","product_tag-stretch-wrapper"],"yoast_head":"<!-- This site is optimized with the Yoast SEO Premium plugin v16.2 (Yoast SEO v16.7) - https:\/\/yoast.com\/wordpress\/plugins\/seo\/ -->\n<title>Banderoleuse filmeuse \u00e0 bras tournant MH-FG-2300B - Innovex Machines | Innovex Algerie<\/title>\n<meta name=\"description\" content=\"Banderoleuse\/ fimeuse \u00e0 bras tournant pour filmer les palettes l\u00e9g\u00e8res, lourdes en toute simplicit\u00e9 avec pre \u00e9tirage motoris\u00e9\" \/>\n<meta name=\"robots\" content=\"index, follow, max-snippet:-1, max-image-preview:large, max-video-preview:-1\" \/>\n<link rel=\"canonical\" href=\"https:\/\/innovexalgerie.com\/machines\/produit\/banderoleuse-filmeuse-a-bras-tournant-mh-fg-2300b\/\" \/>\n<meta property=\"og:locale\" content=\"fr_FR\" \/>\n<meta property=\"og:type\" content=\"article\" \/>\n<meta property=\"og:title\" content=\"Banderoleuse filmeuse \u00e0 bras tournant MH-FG-2300B - Innovex Machines | Innovex Algerie\" \/>\n<meta property=\"og:description\" content=\"Banderoleuse\/ fimeuse \u00e0 bras tournant pour filmer les palettes l\u00e9g\u00e8res, lourdes en toute simplicit\u00e9 avec pre \u00e9tirage motoris\u00e9\" \/>\n<meta property=\"og:url\" content=\"https:\/\/innovexalgerie.com\/machines\/produit\/banderoleuse-filmeuse-a-bras-tournant-mh-fg-2300b\/\" \/>\n<meta property=\"og:site_name\" content=\"Innovex Machines | Innovex Algerie\" \/>\n<meta property=\"article:publisher\" content=\"https:\/\/www.facebook.com\/innovexmachine1\" \/>\n<meta property=\"article:modified_time\" content=\"2022-03-31T09:46:25+00:00\" \/>\n<meta property=\"og:image\" content=\"https:\/\/innovexalgerie.com\/machines\/wp-content\/uploads\/2021\/03\/MHFG2300B.jpg\" \/>\n\t<meta property=\"og:image:width\" content=\"1033\" \/>\n\t<meta property=\"og:image:height\" content=\"917\" \/>\n<meta name=\"twitter:card\" content=\"summary_large_image\" \/>\n<meta name=\"twitter:label1\" content=\"Dur\u00e9e de lecture est.\" \/>\n\t<meta name=\"twitter:data1\" content=\"1 minute\" \/>\n<script type=\"application\/ld+json\" class=\"yoast-schema-graph\">{\"@context\":\"https:\/\/schema.org\",\"@graph\":[{\"@type\":\"WebSite\",\"@id\":\"https:\/\/innovexalgerie.com\/machines\/#website\",\"url\":\"https:\/\/innovexalgerie.com\/machines\/\",\"name\":\"Innovex Machines | Innovex Algerie\",\"description\":\"Fournisseur de machines d&#039;emballage et d&#039;imprimerie\",\"potentialAction\":[{\"@type\":\"SearchAction\",\"target\":{\"@type\":\"EntryPoint\",\"urlTemplate\":\"https:\/\/innovexalgerie.com\/machines\/?s={search_term_string}\"},\"query-input\":\"required name=search_term_string\"}],\"inLanguage\":\"fr-FR\"},{\"@type\":\"ImageObject\",\"@id\":\"https:\/\/innovexalgerie.com\/machines\/produit\/banderoleuse-filmeuse-a-bras-tournant-mh-fg-2300b\/#primaryimage\",\"inLanguage\":\"fr-FR\",\"url\":\"https:\/\/innovexalgerie.com\/machines\/wp-content\/uploads\/2021\/03\/MHFG2300B.jpg\",\"contentUrl\":\"https:\/\/innovexalgerie.com\/machines\/wp-content\/uploads\/2021\/03\/MHFG2300B.jpg\",\"width\":1033,\"height\":917,\"caption\":\"MHFG2300B BANDEROLEUSE INNOVEX MACHINE\"},{\"@type\":\"WebPage\",\"@id\":\"https:\/\/innovexalgerie.com\/machines\/produit\/banderoleuse-filmeuse-a-bras-tournant-mh-fg-2300b\/#webpage\",\"url\":\"https:\/\/innovexalgerie.com\/machines\/produit\/banderoleuse-filmeuse-a-bras-tournant-mh-fg-2300b\/\",\"name\":\"Banderoleuse filmeuse \\u00e0 bras tournant MH-FG-2300B - Innovex Machines | Innovex Algerie\",\"isPartOf\":{\"@id\":\"https:\/\/innovexalgerie.com\/machines\/#website\"},\"primaryImageOfPage\":{\"@id\":\"https:\/\/innovexalgerie.com\/machines\/produit\/banderoleuse-filmeuse-a-bras-tournant-mh-fg-2300b\/#primaryimage\"},\"datePublished\":\"2021-03-24T19:46:33+00:00\",\"dateModified\":\"2022-03-31T09:46:25+00:00\",\"description\":\"Banderoleuse\/ fimeuse \\u00e0 bras tournant pour filmer les palettes l\\u00e9g\\u00e8res, lourdes en toute simplicit\\u00e9 avec pre \\u00e9tirage motoris\\u00e9\",\"breadcrumb\":{\"@id\":\"https:\/\/innovexalgerie.com\/machines\/produit\/banderoleuse-filmeuse-a-bras-tournant-mh-fg-2300b\/#breadcrumb\"},\"inLanguage\":\"fr-FR\",\"potentialAction\":[{\"@type\":\"ReadAction\",\"target\":[\"https:\/\/innovexalgerie.com\/machines\/produit\/banderoleuse-filmeuse-a-bras-tournant-mh-fg-2300b\/\"]}]},{\"@type\":\"BreadcrumbList\",\"@id\":\"https:\/\/innovexalgerie.com\/machines\/produit\/banderoleuse-filmeuse-a-bras-tournant-mh-fg-2300b\/#breadcrumb\",\"itemListElement\":[{\"@type\":\"ListItem\",\"position\":1,\"name\":\"Accueil\",\"item\":\"https:\/\/innovexalgerie.com\/machines\/\"},{\"@type\":\"ListItem\",\"position\":2,\"name\":\"Produits\",\"item\":\"https:\/\/innovexalgerie.com\/machines\/boutique\/\"},{\"@type\":\"ListItem\",\"position\":3,\"name\":\"Banderoleuse filmeuse \\u00e0 bras tournant MH-FG-2300B\"}]}]}<\/script>\n<!-- \/ Yoast SEO Premium plugin. -->","yoast_head_json":{"title":"Banderoleuse filmeuse \u00e0 bras tournant MH-FG-2300B - Innovex Machines | Innovex Algerie","description":"Banderoleuse\/ fimeuse \u00e0 bras tournant pour filmer les palettes l\u00e9g\u00e8res, lourdes en toute simplicit\u00e9 avec pre \u00e9tirage motoris\u00e9","robots":{"index":"index","follow":"follow","max-snippet":"max-snippet:-1","max-image-preview":"max-image-preview:large","max-video-preview":"max-video-preview:-1"},"canonical":"https:\/\/innovexalgerie.com\/machines\/produit\/banderoleuse-filmeuse-a-bras-tournant-mh-fg-2300b\/","og_locale":"fr_FR","og_type":"article","og_title":"Banderoleuse filmeuse \u00e0 bras tournant MH-FG-2300B - Innovex Machines | Innovex Algerie","og_description":"Banderoleuse\/ fimeuse \u00e0 bras tournant pour filmer les palettes l\u00e9g\u00e8res, lourdes en toute simplicit\u00e9 avec pre \u00e9tirage motoris\u00e9","og_url":"https:\/\/innovexalgerie.com\/machines\/produit\/banderoleuse-filmeuse-a-bras-tournant-mh-fg-2300b\/","og_site_name":"Innovex Machines | Innovex Algerie","article_publisher":"https:\/\/www.facebook.com\/innovexmachine1","article_modified_time":"2022-03-31T09:46:25+00:00","og_image":[{"width":1033,"height":917,"url":"https:\/\/innovexalgerie.com\/machines\/wp-content\/uploads\/2021\/03\/MHFG2300B.jpg","path":"\/home\/inovex\/public_html\/machines\/wp-content\/uploads\/2021\/03\/MHFG2300B.jpg","size":"full","id":29972,"alt":"MHFG2300B BANDEROLEUSE INNOVEX MACHINE","pixels":947261,"type":"image\/jpeg"}],"twitter_card":"summary_large_image","twitter_misc":{"Dur\u00e9e de lecture est.":"1 minute"},"schema":{"@context":"https:\/\/schema.org","@graph":[{"@type":"WebSite","@id":"https:\/\/innovexalgerie.com\/machines\/#website","url":"https:\/\/innovexalgerie.com\/machines\/","name":"Innovex Machines | Innovex Algerie","description":"Fournisseur de machines d&#039;emballage et d&#039;imprimerie","potentialAction":[{"@type":"SearchAction","target":{"@type":"EntryPoint","urlTemplate":"https:\/\/innovexalgerie.com\/machines\/?s={search_term_string}"},"query-input":"required name=search_term_string"}],"inLanguage":"fr-FR"},{"@type":"ImageObject","@id":"https:\/\/innovexalgerie.com\/machines\/produit\/banderoleuse-filmeuse-a-bras-tournant-mh-fg-2300b\/#primaryimage","inLanguage":"fr-FR","url":"https:\/\/innovexalgerie.com\/machines\/wp-content\/uploads\/2021\/03\/MHFG2300B.jpg","contentUrl":"https:\/\/innovexalgerie.com\/machines\/wp-content\/uploads\/2021\/03\/MHFG2300B.jpg","width":1033,"height":917,"caption":"MHFG2300B BANDEROLEUSE INNOVEX MACHINE"},{"@type":"WebPage","@id":"https:\/\/innovexalgerie.com\/machines\/produit\/banderoleuse-filmeuse-a-bras-tournant-mh-fg-2300b\/#webpage","url":"https:\/\/innovexalgerie.com\/machines\/produit\/banderoleuse-filmeuse-a-bras-tournant-mh-fg-2300b\/","name":"Banderoleuse filmeuse \u00e0 bras tournant MH-FG-2300B - Innovex Machines | Innovex Algerie","isPartOf":{"@id":"https:\/\/innovexalgerie.com\/machines\/#website"},"primaryImageOfPage":{"@id":"https:\/\/innovexalgerie.com\/machines\/produit\/banderoleuse-filmeuse-a-bras-tournant-mh-fg-2300b\/#primaryimage"},"datePublished":"2021-03-24T19:46:33+00:00","dateModified":"2022-03-31T09:46:25+00:00","description":"Banderoleuse\/ fimeuse \u00e0 bras tournant pour filmer les palettes l\u00e9g\u00e8res, lourdes en toute simplicit\u00e9 avec pre \u00e9tirage motoris\u00e9","breadcrumb":{"@id":"https:\/\/innovexalgerie.com\/machines\/produit\/banderoleuse-filmeuse-a-bras-tournant-mh-fg-2300b\/#breadcrumb"},"inLanguage":"fr-FR","potentialAction":[{"@type":"ReadAction","target":["https:\/\/innovexalgerie.com\/machines\/produit\/banderoleuse-filmeuse-a-bras-tournant-mh-fg-2300b\/"]}]},{"@type":"BreadcrumbList","@id":"https:\/\/innovexalgerie.com\/machines\/produit\/banderoleuse-filmeuse-a-bras-tournant-mh-fg-2300b\/#breadcrumb","itemListElement":[{"@type":"ListItem","position":1,"name":"Accueil","item":"https:\/\/innovexalgerie.com\/machines\/"},{"@type":"ListItem","position":2,"name":"Produits","item":"https:\/\/innovexalgerie.com\/machines\/boutique\/"},{"@type":"ListItem","position":3,"name":"Banderoleuse filmeuse \u00e0 bras tournant MH-FG-2300B"}]}]}},"_links":{"self":[{"href":"https:\/\/innovexalgerie.com\/machines\/wp-json\/wp\/v2\/product\/242","targetHints":{"allow":["GET"]}}],"collection":[{"href":"https:\/\/innovexalgerie.com\/machines\/wp-json\/wp\/v2\/product"}],"about":[{"href":"https:\/\/innovexalgerie.com\/machines\/wp-json\/wp\/v2\/types\/product"}],"version-history":[{"count":5,"href":"https:\/\/innovexalgerie.com\/machines\/wp-json\/wp\/v2\/product\/242\/revisions"}],"predecessor-version":[{"id":29001,"href":"https:\/\/innovexalgerie.com\/machines\/wp-json\/wp\/v2\/product\/242\/revisions\/29001"}],"wp:featuredmedia":[{"embeddable":true,"href":"https:\/\/innovexalgerie.com\/machines\/wp-json\/wp\/v2\/media\/29972"}],"wp:attachment":[{"href":"https:\/\/innovexalgerie.com\/machines\/wp-json\/wp\/v2\/media?parent=242"}],"wp:term":[{"taxonomy":"product_cat","embeddable":true,"href":"https:\/\/innovexalgerie.com\/machines\/wp-json\/wp\/v2\/product_cat?post=242"},{"taxonomy":"product_tag","embeddable":true,"href":"https:\/\/innovexalgerie.com\/machines\/wp-json\/wp\/v2\/product_tag?post=242"}],"curies":[{"name":"wp","href":"https:\/\/api.w.org\/{rel}","templated":true}]}}