{"id":246,"date":"2021-03-24T20:46:33","date_gmt":"2021-03-24T19:46:33","guid":{"rendered":"https:\/\/innovexalgerie.com\/machines2\/?post_type=product&#038;p=246"},"modified":"2025-11-09T09:45:24","modified_gmt":"2025-11-09T08:45:24","slug":"machine-flow-pack-dk-220se","status":"publish","type":"product","link":"https:\/\/innovexalgerie.com\/machines\/produit\/machine-flow-pack-dk-220se\/","title":{"rendered":"Machine Flow Pack DK-220SE"},"content":{"rendered":"<p>La machine Flow pack <strong>DK-220SE<\/strong> est id\u00e9ale pour les petites et moyennes productions alimentaires, cosm\u00e9tiques, m\u00e9dicales \u2026etc. La machine est adapt\u00e9e \u00e0 l\u2019utilisation de plusieurs films en plastique (BOPP, OPP, ALU-PE \u2026), elle dispose d\u2019un \u00e9cran tactile pour contr\u00f4ler et personnaliser les param\u00e8tres. La machine est \u00e9quip\u00e9e aussi d\u2019un syst\u00e8me de marquage \u00e0 ruban et assure une cadence de travail allant jusqu\u2019\u00e0 230 sacs minute.<\/p>\n<ul>\n<li>La longueur du sac peut \u00eatre choisie et coup\u00e9e en une seule \u00e9tape, \u00e9conomisant du temps et du film.<\/li>\n<li>Coupe a haute pr\u00e9cision gr\u00e2ce \u00e0 un servo moteur.<\/li>\n<li>Param\u00e9trage facile de la machine.<\/li>\n<li>Syst\u00e8me auto diagnostic, supprime l\u2019affichage d\u2019erreur.<\/li>\n<li>Haute sensibilit\u00e9 photocellule, entr\u00e9e digitale des positions de coupage et de soudage pour plus d\u2019exactitude.<\/li>\n<li>Contr\u00f4le de temp\u00e9rature PID s\u00e9par\u00e9, con\u00e7u pour l\u2019emballage de plusieurs produits.<\/li>\n<li>Syst\u00e8me de photocellule de point noire.<\/li>\n<\/ul>\n","protected":false},"excerpt":{"rendered":"<article class=\"text-token-text-primary w-full focus:outline-none [--shadow-height:45px] has-data-writing-block:pointer-events-none has-data-writing-block:-mt-(--shadow-height) has-data-writing-block:pt-(--shadow-height) [&amp;:has([data-writing-block])&gt;*]:pointer-events-auto [content-visibility:auto] supports-[content-visibility:auto]:[contain-intrinsic-size:auto_100lvh] scroll-mt-[calc(var(--header-height)+min(200px,max(70px,20svh)))]\" dir=\"auto\" tabindex=\"-1\" data-turn-id=\"request-WEB:4bff2b94-efe0-458c-898b-a9e498d9357a-2\" data-testid=\"conversation-turn-6\" data-scroll-anchor=\"true\" data-turn=\"assistant\" data-cur=\"cursor\">\n<div class=\"text-base my-auto mx-auto pb-10 [--thread-content-margin:--spacing(4)] thread-sm:[--thread-content-margin:--spacing(6)] thread-lg:[--thread-content-margin:--spacing(16)] px-(--thread-content-margin)\" data-cur=\"cursor\">\n<div class=\"[--thread-content-max-width:40rem] thread-lg:[--thread-content-max-width:48rem] mx-auto max-w-(--thread-content-max-width) flex-1 group\/turn-messages focus-visible:outline-hidden relative flex w-full min-w-0 flex-col agent-turn\" tabindex=\"-1\" data-cur=\"cursor\">\n<div class=\"flex max-w-full flex-col grow\">\n<div class=\"min-h-8 text-message relative flex w-full flex-col items-end gap-2 text-start break-words whitespace-normal [.text-message+&amp;]:mt-1\" dir=\"auto\" data-message-author-role=\"assistant\" data-message-id=\"1822ef9a-8965-4faa-8bdd-2c1b23492540\" data-message-model-slug=\"gpt-5\">\n<div class=\"flex w-full flex-col gap-1 empty:hidden first:pt-[1px]\">\n<div class=\"markdown prose dark:prose-invert w-full break-words dark markdown-new-styling\">\n<p style=\"text-align: left;\" data-start=\"0\" data-end=\"301\" data-is-last-node=\"\" data-is-only-node=\"\" data-cur=\"cursor\">Machine Flow Pack assure un emballage rapide et pr\u00e9cis pour les petites et moyennes productions alimentaires, cosm\u00e9tiques ou m\u00e9dicales. Compatible avec plusieurs types de films plastiques, elle offre un contr\u00f4le simple via \u00e9cran tactile et une cadence pouvant atteindre 230 sacs\/minute.<\/p>\n<\/div>\n<\/div>\n<\/div>\n<\/div>\n<\/div>\n<\/div>\n<\/article>\n","protected":false},"featured_media":308,"template":"","meta":{"_monsterinsights_skip_tracking":false,"_monsterinsights_sitenote_active":false,"_monsterinsights_sitenote_note":"","_monsterinsights_sitenote_category":0},"product_cat":[294],"product_tag":[],"class_list":["post-246","product","type-product","status-publish","has-post-thumbnail","hentry","product_cat-machine-flowpack"],"yoast_head":"<!-- This site is optimized with the Yoast SEO Premium plugin v16.2 (Yoast SEO v16.7) - https:\/\/yoast.com\/wordpress\/plugins\/seo\/ -->\n<title>Machine Flow Pack DK-220SE - Innovex Machines | Innovex Algerie<\/title>\n<meta name=\"robots\" content=\"index, follow, max-snippet:-1, max-image-preview:large, max-video-preview:-1\" \/>\n<link rel=\"canonical\" href=\"https:\/\/innovexalgerie.com\/machines\/produit\/machine-flow-pack-dk-220se\/\" \/>\n<meta property=\"og:locale\" content=\"fr_FR\" \/>\n<meta property=\"og:type\" content=\"article\" \/>\n<meta property=\"og:title\" content=\"Machine Flow Pack DK-220SE - Innovex Machines | Innovex Algerie\" \/>\n<meta property=\"og:description\" content=\"Machine Flow Pack assure un emballage rapide et pr\u00e9cis pour les petites et moyennes productions alimentaires, cosm\u00e9tiques ou m\u00e9dicales. Compatible avec plusieurs types de films plastiques, elle offre un contr\u00f4le simple via \u00e9cran tactile et une cadence pouvant atteindre 230 sacs\/minute.\" \/>\n<meta property=\"og:url\" content=\"https:\/\/innovexalgerie.com\/machines\/produit\/machine-flow-pack-dk-220se\/\" \/>\n<meta property=\"og:site_name\" content=\"Innovex Machines | Innovex Algerie\" \/>\n<meta property=\"article:publisher\" content=\"https:\/\/www.facebook.com\/innovexmachine1\" \/>\n<meta property=\"article:modified_time\" content=\"2025-11-09T08:45:24+00:00\" \/>\n<meta property=\"og:image\" content=\"https:\/\/innovexalgerie.com\/machines\/wp-content\/uploads\/2021\/03\/dk-220se.jpg\" \/>\n\t<meta property=\"og:image:width\" content=\"1000\" \/>\n\t<meta property=\"og:image:height\" content=\"1000\" \/>\n<meta name=\"twitter:card\" content=\"summary_large_image\" \/>\n<meta name=\"twitter:label1\" content=\"Dur\u00e9e de lecture est.\" \/>\n\t<meta name=\"twitter:data1\" content=\"1 minute\" \/>\n<script type=\"application\/ld+json\" class=\"yoast-schema-graph\">{\"@context\":\"https:\/\/schema.org\",\"@graph\":[{\"@type\":\"WebSite\",\"@id\":\"https:\/\/innovexalgerie.com\/machines\/#website\",\"url\":\"https:\/\/innovexalgerie.com\/machines\/\",\"name\":\"Innovex Machines | Innovex Algerie\",\"description\":\"Fournisseur de machines d&#039;emballage et d&#039;imprimerie\",\"potentialAction\":[{\"@type\":\"SearchAction\",\"target\":{\"@type\":\"EntryPoint\",\"urlTemplate\":\"https:\/\/innovexalgerie.com\/machines\/?s={search_term_string}\"},\"query-input\":\"required name=search_term_string\"}],\"inLanguage\":\"fr-FR\"},{\"@type\":\"ImageObject\",\"@id\":\"https:\/\/innovexalgerie.com\/machines\/produit\/machine-flow-pack-dk-220se\/#primaryimage\",\"inLanguage\":\"fr-FR\",\"url\":\"https:\/\/innovexalgerie.com\/machines\/wp-content\/uploads\/2021\/03\/dk-220se.jpg\",\"contentUrl\":\"https:\/\/innovexalgerie.com\/machines\/wp-content\/uploads\/2021\/03\/dk-220se.jpg\",\"width\":1000,\"height\":1000},{\"@type\":\"WebPage\",\"@id\":\"https:\/\/innovexalgerie.com\/machines\/produit\/machine-flow-pack-dk-220se\/#webpage\",\"url\":\"https:\/\/innovexalgerie.com\/machines\/produit\/machine-flow-pack-dk-220se\/\",\"name\":\"Machine Flow Pack DK-220SE - Innovex Machines | Innovex Algerie\",\"isPartOf\":{\"@id\":\"https:\/\/innovexalgerie.com\/machines\/#website\"},\"primaryImageOfPage\":{\"@id\":\"https:\/\/innovexalgerie.com\/machines\/produit\/machine-flow-pack-dk-220se\/#primaryimage\"},\"datePublished\":\"2021-03-24T19:46:33+00:00\",\"dateModified\":\"2025-11-09T08:45:24+00:00\",\"breadcrumb\":{\"@id\":\"https:\/\/innovexalgerie.com\/machines\/produit\/machine-flow-pack-dk-220se\/#breadcrumb\"},\"inLanguage\":\"fr-FR\",\"potentialAction\":[{\"@type\":\"ReadAction\",\"target\":[\"https:\/\/innovexalgerie.com\/machines\/produit\/machine-flow-pack-dk-220se\/\"]}]},{\"@type\":\"BreadcrumbList\",\"@id\":\"https:\/\/innovexalgerie.com\/machines\/produit\/machine-flow-pack-dk-220se\/#breadcrumb\",\"itemListElement\":[{\"@type\":\"ListItem\",\"position\":1,\"name\":\"Accueil\",\"item\":\"https:\/\/innovexalgerie.com\/machines\/\"},{\"@type\":\"ListItem\",\"position\":2,\"name\":\"Produits\",\"item\":\"https:\/\/innovexalgerie.com\/machines\/boutique\/\"},{\"@type\":\"ListItem\",\"position\":3,\"name\":\"Machine Flow Pack DK-220SE\"}]}]}<\/script>\n<!-- \/ Yoast SEO Premium plugin. -->","yoast_head_json":{"title":"Machine Flow Pack DK-220SE - Innovex Machines | Innovex Algerie","robots":{"index":"index","follow":"follow","max-snippet":"max-snippet:-1","max-image-preview":"max-image-preview:large","max-video-preview":"max-video-preview:-1"},"canonical":"https:\/\/innovexalgerie.com\/machines\/produit\/machine-flow-pack-dk-220se\/","og_locale":"fr_FR","og_type":"article","og_title":"Machine Flow Pack DK-220SE - Innovex Machines | Innovex Algerie","og_description":"Machine Flow Pack assure un emballage rapide et pr\u00e9cis pour les petites et moyennes productions alimentaires, cosm\u00e9tiques ou m\u00e9dicales. Compatible avec plusieurs types de films plastiques, elle offre un contr\u00f4le simple via \u00e9cran tactile et une cadence pouvant atteindre 230 sacs\/minute.","og_url":"https:\/\/innovexalgerie.com\/machines\/produit\/machine-flow-pack-dk-220se\/","og_site_name":"Innovex Machines | Innovex Algerie","article_publisher":"https:\/\/www.facebook.com\/innovexmachine1","article_modified_time":"2025-11-09T08:45:24+00:00","og_image":[{"width":1000,"height":1000,"url":"https:\/\/innovexalgerie.com\/machines\/wp-content\/uploads\/2021\/03\/dk-220se.jpg","path":"\/home\/inovex\/public_html\/machines\/wp-content\/uploads\/2021\/03\/dk-220se.jpg","size":"full","id":308,"alt":"","pixels":1000000,"type":"image\/jpeg"}],"twitter_card":"summary_large_image","twitter_misc":{"Dur\u00e9e de lecture est.":"1 minute"},"schema":{"@context":"https:\/\/schema.org","@graph":[{"@type":"WebSite","@id":"https:\/\/innovexalgerie.com\/machines\/#website","url":"https:\/\/innovexalgerie.com\/machines\/","name":"Innovex Machines | Innovex Algerie","description":"Fournisseur de machines d&#039;emballage et d&#039;imprimerie","potentialAction":[{"@type":"SearchAction","target":{"@type":"EntryPoint","urlTemplate":"https:\/\/innovexalgerie.com\/machines\/?s={search_term_string}"},"query-input":"required name=search_term_string"}],"inLanguage":"fr-FR"},{"@type":"ImageObject","@id":"https:\/\/innovexalgerie.com\/machines\/produit\/machine-flow-pack-dk-220se\/#primaryimage","inLanguage":"fr-FR","url":"https:\/\/innovexalgerie.com\/machines\/wp-content\/uploads\/2021\/03\/dk-220se.jpg","contentUrl":"https:\/\/innovexalgerie.com\/machines\/wp-content\/uploads\/2021\/03\/dk-220se.jpg","width":1000,"height":1000},{"@type":"WebPage","@id":"https:\/\/innovexalgerie.com\/machines\/produit\/machine-flow-pack-dk-220se\/#webpage","url":"https:\/\/innovexalgerie.com\/machines\/produit\/machine-flow-pack-dk-220se\/","name":"Machine Flow Pack DK-220SE - Innovex Machines | Innovex Algerie","isPartOf":{"@id":"https:\/\/innovexalgerie.com\/machines\/#website"},"primaryImageOfPage":{"@id":"https:\/\/innovexalgerie.com\/machines\/produit\/machine-flow-pack-dk-220se\/#primaryimage"},"datePublished":"2021-03-24T19:46:33+00:00","dateModified":"2025-11-09T08:45:24+00:00","breadcrumb":{"@id":"https:\/\/innovexalgerie.com\/machines\/produit\/machine-flow-pack-dk-220se\/#breadcrumb"},"inLanguage":"fr-FR","potentialAction":[{"@type":"ReadAction","target":["https:\/\/innovexalgerie.com\/machines\/produit\/machine-flow-pack-dk-220se\/"]}]},{"@type":"BreadcrumbList","@id":"https:\/\/innovexalgerie.com\/machines\/produit\/machine-flow-pack-dk-220se\/#breadcrumb","itemListElement":[{"@type":"ListItem","position":1,"name":"Accueil","item":"https:\/\/innovexalgerie.com\/machines\/"},{"@type":"ListItem","position":2,"name":"Produits","item":"https:\/\/innovexalgerie.com\/machines\/boutique\/"},{"@type":"ListItem","position":3,"name":"Machine Flow Pack DK-220SE"}]}]}},"_links":{"self":[{"href":"https:\/\/innovexalgerie.com\/machines\/wp-json\/wp\/v2\/product\/246","targetHints":{"allow":["GET"]}}],"collection":[{"href":"https:\/\/innovexalgerie.com\/machines\/wp-json\/wp\/v2\/product"}],"about":[{"href":"https:\/\/innovexalgerie.com\/machines\/wp-json\/wp\/v2\/types\/product"}],"version-history":[{"count":7,"href":"https:\/\/innovexalgerie.com\/machines\/wp-json\/wp\/v2\/product\/246\/revisions"}],"predecessor-version":[{"id":33907,"href":"https:\/\/innovexalgerie.com\/machines\/wp-json\/wp\/v2\/product\/246\/revisions\/33907"}],"wp:featuredmedia":[{"embeddable":true,"href":"https:\/\/innovexalgerie.com\/machines\/wp-json\/wp\/v2\/media\/308"}],"wp:attachment":[{"href":"https:\/\/innovexalgerie.com\/machines\/wp-json\/wp\/v2\/media?parent=246"}],"wp:term":[{"taxonomy":"product_cat","embeddable":true,"href":"https:\/\/innovexalgerie.com\/machines\/wp-json\/wp\/v2\/product_cat?post=246"},{"taxonomy":"product_tag","embeddable":true,"href":"https:\/\/innovexalgerie.com\/machines\/wp-json\/wp\/v2\/product_tag?post=246"}],"curies":[{"name":"wp","href":"https:\/\/api.w.org\/{rel}","templated":true}]}}