{"id":28684,"date":"2021-09-28T13:22:28","date_gmt":"2021-09-28T12:22:28","guid":{"rendered":"https:\/\/innovexalgerie.com\/machines\/?post_type=product&#038;p=28684"},"modified":"2025-07-02T14:15:47","modified_gmt":"2025-07-02T13:15:47","slug":"soudeuse-a-impulsion-manuelle-fs-200c-fs-400c","status":"publish","type":"product","link":"https:\/\/innovexalgerie.com\/machines\/produit\/soudeuse-a-impulsion-manuelle-fs-200c-fs-400c\/","title":{"rendered":"Soudeuse \u00e0 impulsion manuelle avec lame FS-300C \/ FS-400C"},"content":{"rendered":"<p>Soudeuse \u00e0 impulsion manuelle F<strong>S-300C \/ FS-400C<\/strong> avec une lame lat\u00e9rale, elle assure la fermeture des sacs de polypropyl\u00e8ne, de cellophane, de poly\u00e9thyl\u00e8ne, et de toutes les mati\u00e8res thermo-soudables avec soudage par chaleur, qui assurent la fermeture des sacs avec une largeur jusqu\u2019\u00e0 40cm.<\/p>\n<ul>\n<li>Longueur de soudure 20cm jusqu&rsquo;\u00e0 40cm.<\/li>\n<li>Largeur de soudure 3mm.<\/li>\n<li>Facile \u00e0 utiliser et durable, chauffe rapidement pour travailler au plus vite.<\/li>\n<li>Une lame lat\u00e9rale qui facilite la coupure des mati\u00e8res thermo-soudables apr\u00e8s la fermeture des sacs.<\/li>\n<li>Soudeuse dot\u00e9e des tubes resistances sur un m\u00e9canisme de soudure en cuivre qui assure une longue dur\u00e9e de vie et une qualit\u00e9 de soudure stable.<\/li>\n<li>Structure en aluminium durable.<\/li>\n<li>R\u00e9glage de la temp\u00e9rature de chauffe par potentiom\u00e8tre.<\/li>\n<li>Curseur de coupe pr\u00e9cis.<\/li>\n<\/ul>\n<p>&nbsp;<\/p>\n","protected":false},"excerpt":{"rendered":"<p>Soudeuse \u00e0 impulsion \u00e9lectrique \u00e9quip\u00e9e d\u2019une lame de coupe lat\u00e9rale, con\u00e7ue pour les mati\u00e8res thermo-soudables, avec soudage par chaleur qui assurent la fermeture des sacs avec une largeur peut aller jusqu\u2019\u00e0 40 cm.<img loading=\"lazy\" decoding=\"async\" class=\"alignnone size-full wp-image-30847\" src=\"https:\/\/innovexalgerie.com\/machines\/wp-content\/uploads\/2021\/09\/icon-soudeuse-man-avec-lame-fs-300m-innovex-machine.jpg\" alt=\"icon-soudeuse-manu-avec-lame-fs-300m-innovex-machine\" width=\"922\" height=\"217\" srcset=\"https:\/\/innovexalgerie.com\/machines\/wp-content\/uploads\/2021\/09\/icon-soudeuse-man-avec-lame-fs-300m-innovex-machine.jpg 922w, https:\/\/innovexalgerie.com\/machines\/wp-content\/uploads\/2021\/09\/icon-soudeuse-man-avec-lame-fs-300m-innovex-machine-300x71.jpg 300w, https:\/\/innovexalgerie.com\/machines\/wp-content\/uploads\/2021\/09\/icon-soudeuse-man-avec-lame-fs-300m-innovex-machine-768x181.jpg 768w, https:\/\/innovexalgerie.com\/machines\/wp-content\/uploads\/2021\/09\/icon-soudeuse-man-avec-lame-fs-300m-innovex-machine-600x141.jpg 600w\" sizes=\"auto, (max-width: 922px) 100vw, 922px\" \/><\/p>\n","protected":false},"featured_media":33436,"template":"","meta":{"_monsterinsights_skip_tracking":false,"_monsterinsights_sitenote_active":false,"_monsterinsights_sitenote_note":"","_monsterinsights_sitenote_category":0},"product_cat":[66,220],"product_tag":[44,195,196],"class_list":["post-28684","product","type-product","status-publish","has-post-thumbnail","hentry","product_cat-soudeuses","product_cat-soudeuses-a-impulsion-manuelle","product_tag-soudeuse","product_tag-soudeuse-a-impulsion","product_tag-soudeuse-manuelle"],"yoast_head":"<!-- This site is optimized with the Yoast SEO Premium plugin v16.2 (Yoast SEO v16.7) - https:\/\/yoast.com\/wordpress\/plugins\/seo\/ -->\n<title>Soudeuse \u00e0 impulsion manuelle avec lame FS-300C \/ FS-400C - Innovex Machines | Innovex Algerie<\/title>\n<meta name=\"description\" content=\"La soudeuse \u00e0 impulsion manuelle \u00e9lectrique adapt\u00e9e pour tous type de sacs thermo-soudables, avec soudage par chaleur.innovex machine.\" \/>\n<meta name=\"robots\" content=\"index, follow, max-snippet:-1, max-image-preview:large, max-video-preview:-1\" \/>\n<link rel=\"canonical\" href=\"https:\/\/innovexalgerie.com\/machines\/produit\/soudeuse-a-impulsion-manuelle-fs-200c-fs-400c\/\" \/>\n<meta property=\"og:locale\" content=\"fr_FR\" \/>\n<meta property=\"og:type\" content=\"article\" \/>\n<meta property=\"og:title\" content=\"Soudeuse \u00e0 impulsion manuelle avec lame FS-300C \/ FS-400C - Innovex Machines | Innovex Algerie\" \/>\n<meta property=\"og:description\" content=\"La soudeuse \u00e0 impulsion manuelle \u00e9lectrique adapt\u00e9e pour tous type de sacs thermo-soudables, avec soudage par chaleur.innovex machine.\" \/>\n<meta property=\"og:url\" content=\"https:\/\/innovexalgerie.com\/machines\/produit\/soudeuse-a-impulsion-manuelle-fs-200c-fs-400c\/\" \/>\n<meta property=\"og:site_name\" content=\"Innovex Machines | Innovex Algerie\" \/>\n<meta property=\"article:publisher\" content=\"https:\/\/www.facebook.com\/innovexmachine1\" \/>\n<meta property=\"article:modified_time\" content=\"2025-07-02T13:15:47+00:00\" \/>\n<meta property=\"og:image\" content=\"https:\/\/innovexalgerie.com\/machines\/wp-content\/uploads\/2021\/09\/Soudeuse-manuelle-FS300C-FS400C-AVEC-LAME.jpg\" \/>\n\t<meta property=\"og:image:width\" content=\"1000\" \/>\n\t<meta property=\"og:image:height\" content=\"1000\" \/>\n<meta name=\"twitter:card\" content=\"summary_large_image\" \/>\n<meta name=\"twitter:label1\" content=\"Dur\u00e9e de lecture est.\" \/>\n\t<meta name=\"twitter:data1\" content=\"1 minute\" \/>\n<script type=\"application\/ld+json\" class=\"yoast-schema-graph\">{\"@context\":\"https:\/\/schema.org\",\"@graph\":[{\"@type\":\"WebSite\",\"@id\":\"https:\/\/innovexalgerie.com\/machines\/#website\",\"url\":\"https:\/\/innovexalgerie.com\/machines\/\",\"name\":\"Innovex Machines | Innovex Algerie\",\"description\":\"Fournisseur de machines d&#039;emballage et d&#039;imprimerie\",\"potentialAction\":[{\"@type\":\"SearchAction\",\"target\":{\"@type\":\"EntryPoint\",\"urlTemplate\":\"https:\/\/innovexalgerie.com\/machines\/?s={search_term_string}\"},\"query-input\":\"required name=search_term_string\"}],\"inLanguage\":\"fr-FR\"},{\"@type\":\"ImageObject\",\"@id\":\"https:\/\/innovexalgerie.com\/machines\/produit\/soudeuse-a-impulsion-manuelle-fs-200c-fs-400c\/#primaryimage\",\"inLanguage\":\"fr-FR\",\"url\":\"https:\/\/innovexalgerie.com\/machines\/wp-content\/uploads\/2021\/09\/Soudeuse-manuelle-FS300C-FS400C-AVEC-LAME.jpg\",\"contentUrl\":\"https:\/\/innovexalgerie.com\/machines\/wp-content\/uploads\/2021\/09\/Soudeuse-manuelle-FS300C-FS400C-AVEC-LAME.jpg\",\"width\":1000,\"height\":1000,\"caption\":\"Soudeuse-manuelle-FS300C-FS400C-AVEC-LAME\"},{\"@type\":\"WebPage\",\"@id\":\"https:\/\/innovexalgerie.com\/machines\/produit\/soudeuse-a-impulsion-manuelle-fs-200c-fs-400c\/#webpage\",\"url\":\"https:\/\/innovexalgerie.com\/machines\/produit\/soudeuse-a-impulsion-manuelle-fs-200c-fs-400c\/\",\"name\":\"Soudeuse \\u00e0 impulsion manuelle avec lame FS-300C \/ FS-400C - Innovex Machines | Innovex Algerie\",\"isPartOf\":{\"@id\":\"https:\/\/innovexalgerie.com\/machines\/#website\"},\"primaryImageOfPage\":{\"@id\":\"https:\/\/innovexalgerie.com\/machines\/produit\/soudeuse-a-impulsion-manuelle-fs-200c-fs-400c\/#primaryimage\"},\"datePublished\":\"2021-09-28T12:22:28+00:00\",\"dateModified\":\"2025-07-02T13:15:47+00:00\",\"description\":\"La soudeuse \\u00e0 impulsion manuelle \\u00e9lectrique adapt\\u00e9e pour tous type de sacs thermo-soudables, avec soudage par chaleur.innovex machine.\",\"breadcrumb\":{\"@id\":\"https:\/\/innovexalgerie.com\/machines\/produit\/soudeuse-a-impulsion-manuelle-fs-200c-fs-400c\/#breadcrumb\"},\"inLanguage\":\"fr-FR\",\"potentialAction\":[{\"@type\":\"ReadAction\",\"target\":[\"https:\/\/innovexalgerie.com\/machines\/produit\/soudeuse-a-impulsion-manuelle-fs-200c-fs-400c\/\"]}]},{\"@type\":\"BreadcrumbList\",\"@id\":\"https:\/\/innovexalgerie.com\/machines\/produit\/soudeuse-a-impulsion-manuelle-fs-200c-fs-400c\/#breadcrumb\",\"itemListElement\":[{\"@type\":\"ListItem\",\"position\":1,\"name\":\"Accueil\",\"item\":\"https:\/\/innovexalgerie.com\/machines\/\"},{\"@type\":\"ListItem\",\"position\":2,\"name\":\"Produits\",\"item\":\"https:\/\/innovexalgerie.com\/machines\/boutique\/\"},{\"@type\":\"ListItem\",\"position\":3,\"name\":\"Soudeuse \\u00e0 impulsion manuelle avec lame FS-300C \/ FS-400C\"}]}]}<\/script>\n<!-- \/ Yoast SEO Premium plugin. -->","yoast_head_json":{"title":"Soudeuse \u00e0 impulsion manuelle avec lame FS-300C \/ FS-400C - Innovex Machines | Innovex Algerie","description":"La soudeuse \u00e0 impulsion manuelle \u00e9lectrique adapt\u00e9e pour tous type de sacs thermo-soudables, avec soudage par chaleur.innovex machine.","robots":{"index":"index","follow":"follow","max-snippet":"max-snippet:-1","max-image-preview":"max-image-preview:large","max-video-preview":"max-video-preview:-1"},"canonical":"https:\/\/innovexalgerie.com\/machines\/produit\/soudeuse-a-impulsion-manuelle-fs-200c-fs-400c\/","og_locale":"fr_FR","og_type":"article","og_title":"Soudeuse \u00e0 impulsion manuelle avec lame FS-300C \/ FS-400C - Innovex Machines | Innovex Algerie","og_description":"La soudeuse \u00e0 impulsion manuelle \u00e9lectrique adapt\u00e9e pour tous type de sacs thermo-soudables, avec soudage par chaleur.innovex machine.","og_url":"https:\/\/innovexalgerie.com\/machines\/produit\/soudeuse-a-impulsion-manuelle-fs-200c-fs-400c\/","og_site_name":"Innovex Machines | Innovex Algerie","article_publisher":"https:\/\/www.facebook.com\/innovexmachine1","article_modified_time":"2025-07-02T13:15:47+00:00","og_image":[{"width":1000,"height":1000,"filesize":115090,"url":"https:\/\/innovexalgerie.com\/machines\/wp-content\/uploads\/2021\/09\/Soudeuse-manuelle-FS300C-FS400C-AVEC-LAME.jpg","path":"\/home\/inovex\/public_html\/machines\/wp-content\/uploads\/2021\/09\/Soudeuse-manuelle-FS300C-FS400C-AVEC-LAME.jpg","size":"full","id":33436,"alt":"Soudeuse-manuelle-FS300C-FS400C-AVEC-LAME","pixels":1000000,"type":"image\/jpeg"}],"twitter_card":"summary_large_image","twitter_misc":{"Dur\u00e9e de lecture est.":"1 minute"},"schema":{"@context":"https:\/\/schema.org","@graph":[{"@type":"WebSite","@id":"https:\/\/innovexalgerie.com\/machines\/#website","url":"https:\/\/innovexalgerie.com\/machines\/","name":"Innovex Machines | Innovex Algerie","description":"Fournisseur de machines d&#039;emballage et d&#039;imprimerie","potentialAction":[{"@type":"SearchAction","target":{"@type":"EntryPoint","urlTemplate":"https:\/\/innovexalgerie.com\/machines\/?s={search_term_string}"},"query-input":"required name=search_term_string"}],"inLanguage":"fr-FR"},{"@type":"ImageObject","@id":"https:\/\/innovexalgerie.com\/machines\/produit\/soudeuse-a-impulsion-manuelle-fs-200c-fs-400c\/#primaryimage","inLanguage":"fr-FR","url":"https:\/\/innovexalgerie.com\/machines\/wp-content\/uploads\/2021\/09\/Soudeuse-manuelle-FS300C-FS400C-AVEC-LAME.jpg","contentUrl":"https:\/\/innovexalgerie.com\/machines\/wp-content\/uploads\/2021\/09\/Soudeuse-manuelle-FS300C-FS400C-AVEC-LAME.jpg","width":1000,"height":1000,"caption":"Soudeuse-manuelle-FS300C-FS400C-AVEC-LAME"},{"@type":"WebPage","@id":"https:\/\/innovexalgerie.com\/machines\/produit\/soudeuse-a-impulsion-manuelle-fs-200c-fs-400c\/#webpage","url":"https:\/\/innovexalgerie.com\/machines\/produit\/soudeuse-a-impulsion-manuelle-fs-200c-fs-400c\/","name":"Soudeuse \u00e0 impulsion manuelle avec lame FS-300C \/ FS-400C - Innovex Machines | Innovex Algerie","isPartOf":{"@id":"https:\/\/innovexalgerie.com\/machines\/#website"},"primaryImageOfPage":{"@id":"https:\/\/innovexalgerie.com\/machines\/produit\/soudeuse-a-impulsion-manuelle-fs-200c-fs-400c\/#primaryimage"},"datePublished":"2021-09-28T12:22:28+00:00","dateModified":"2025-07-02T13:15:47+00:00","description":"La soudeuse \u00e0 impulsion manuelle \u00e9lectrique adapt\u00e9e pour tous type de sacs thermo-soudables, avec soudage par chaleur.innovex machine.","breadcrumb":{"@id":"https:\/\/innovexalgerie.com\/machines\/produit\/soudeuse-a-impulsion-manuelle-fs-200c-fs-400c\/#breadcrumb"},"inLanguage":"fr-FR","potentialAction":[{"@type":"ReadAction","target":["https:\/\/innovexalgerie.com\/machines\/produit\/soudeuse-a-impulsion-manuelle-fs-200c-fs-400c\/"]}]},{"@type":"BreadcrumbList","@id":"https:\/\/innovexalgerie.com\/machines\/produit\/soudeuse-a-impulsion-manuelle-fs-200c-fs-400c\/#breadcrumb","itemListElement":[{"@type":"ListItem","position":1,"name":"Accueil","item":"https:\/\/innovexalgerie.com\/machines\/"},{"@type":"ListItem","position":2,"name":"Produits","item":"https:\/\/innovexalgerie.com\/machines\/boutique\/"},{"@type":"ListItem","position":3,"name":"Soudeuse \u00e0 impulsion manuelle avec lame FS-300C \/ FS-400C"}]}]}},"_links":{"self":[{"href":"https:\/\/innovexalgerie.com\/machines\/wp-json\/wp\/v2\/product\/28684","targetHints":{"allow":["GET"]}}],"collection":[{"href":"https:\/\/innovexalgerie.com\/machines\/wp-json\/wp\/v2\/product"}],"about":[{"href":"https:\/\/innovexalgerie.com\/machines\/wp-json\/wp\/v2\/types\/product"}],"version-history":[{"count":9,"href":"https:\/\/innovexalgerie.com\/machines\/wp-json\/wp\/v2\/product\/28684\/revisions"}],"predecessor-version":[{"id":33439,"href":"https:\/\/innovexalgerie.com\/machines\/wp-json\/wp\/v2\/product\/28684\/revisions\/33439"}],"wp:featuredmedia":[{"embeddable":true,"href":"https:\/\/innovexalgerie.com\/machines\/wp-json\/wp\/v2\/media\/33436"}],"wp:attachment":[{"href":"https:\/\/innovexalgerie.com\/machines\/wp-json\/wp\/v2\/media?parent=28684"}],"wp:term":[{"taxonomy":"product_cat","embeddable":true,"href":"https:\/\/innovexalgerie.com\/machines\/wp-json\/wp\/v2\/product_cat?post=28684"},{"taxonomy":"product_tag","embeddable":true,"href":"https:\/\/innovexalgerie.com\/machines\/wp-json\/wp\/v2\/product_tag?post=28684"}],"curies":[{"name":"wp","href":"https:\/\/api.w.org\/{rel}","templated":true}]}}