{"id":29447,"date":"2021-10-26T15:10:27","date_gmt":"2021-10-26T14:10:27","guid":{"rendered":"https:\/\/innovexalgerie.com\/machines\/?post_type=product&#038;p=29447"},"modified":"2022-06-14T14:28:10","modified_gmt":"2022-06-14T13:28:10","slug":"tunnel-de-retraction-rs-5","status":"publish","type":"product","link":"https:\/\/innovexalgerie.com\/machines\/produit\/tunnel-de-retraction-rs-5\/","title":{"rendered":"Tunnel de r\u00e9traction RS-5"},"content":{"rendered":"<p>Gr\u00e2ce \u00e0 la bonne r\u00e9partition de chaleur le tunnel de r\u00e9traction <strong>RS-5<\/strong> avec refroidisseur permet de traiter efficacement des produits avec dimensions de 55&#215;22 cm sous film thermo-r\u00e9tractable ce dernier s&rsquo;int\u00e8gre facilement dans des lignes de conditionnement et garantit un fonctionnement continu \u00e9nerg\u00e9tiquement efficace.<\/p>\n<ul>\n<li>Flux d&rsquo;air \u00e0 360 \u00b0 avec un ventilateur pour am\u00e9liorer le r\u00e9tr\u00e9cissement du film.<\/li>\n<li>Dot\u00e9 de 6 tube r\u00e9sistances en inox 304 de haute qualit\u00e9.<\/li>\n<li>Ventilation forte et \u00e9quilibr\u00e9e qui facilite le transfert thermique de l&rsquo;air du film, ce qui a pour effet concret de r\u00e9tracter tous les films \u00e0 une temp\u00e9rature plus basse avec un temps d&rsquo;exposition \u00e0 la chaleur plus faible.<\/li>\n<li>R\u00e9sistances de chauffe blind\u00e9es plac\u00e9es en cercle autour de la turbine pour une r\u00e9traction homog\u00e8ne.<\/li>\n<li>Contr\u00f4le num\u00e9rique r\u00e9glable de la temp\u00e9rature s\u2019adapte \u00e0 tout types de films.<\/li>\n<li>Tunnel enti\u00e8rement isol\u00e9 pour \u00e9viter les fuites de chaleur \u00e0 l&rsquo;ext\u00e9rieur.<\/li>\n<li>Vitesse r\u00e9glable du tapis transporteur .<\/li>\n<li>Mobilit\u00e9, stabilit\u00e9 et s\u00e9curit\u00e9 de la machine gr\u00e2ce \u00e0 des pieds et des roulettes.<\/li>\n<li>Bouton d&rsquo;arr\u00eat d&rsquo;urgence pour la s\u00e9curit\u00e9 de l\u2019op\u00e9rateur et de la machine.<\/li>\n<li>Notre gamme de tunnel de r\u00e9traction vous permettra sans difficult\u00e9 de trouver celui qui vous conviendra.<\/li>\n<li>Nos tunnels s\u2019adaptent derri\u00e8re toute la gamme de nos soudeuses, mais bien \u00e9videmment des soudeuses de marques diff\u00e9rentes, quel que soit le film que vous utilisez la technologie de nos tunnels vous permettra de r\u00e9tracter vos colis sans difficult\u00e9.<\/li>\n<li>Machine conforme aux normes CE.<\/li>\n<\/ul>\n","protected":false},"excerpt":{"rendered":"<p>Tunnel de r\u00e9traction dot\u00e9 d\u2019un syst\u00e8me de refroidissement peut \u00eatre combin\u00e9 aux soudeuses, qui permet de traiter efficacement des produits avec dimensions de 55 x 22cm sous film thermo-r\u00e9tractable.<img loading=\"lazy\" decoding=\"async\" class=\"alignnone size-full wp-image-30647\" src=\"https:\/\/innovexalgerie.com\/machines\/wp-content\/uploads\/2021\/10\/icon-tunnel-de-retraction-rs-5-innovex-machine.jpg\" alt=\"icon-tunnel-de-retraction-rs-5-innovex-machine\" width=\"891\" height=\"217\" srcset=\"https:\/\/innovexalgerie.com\/machines\/wp-content\/uploads\/2021\/10\/icon-tunnel-de-retraction-rs-5-innovex-machine.jpg 891w, https:\/\/innovexalgerie.com\/machines\/wp-content\/uploads\/2021\/10\/icon-tunnel-de-retraction-rs-5-innovex-machine-300x73.jpg 300w, https:\/\/innovexalgerie.com\/machines\/wp-content\/uploads\/2021\/10\/icon-tunnel-de-retraction-rs-5-innovex-machine-768x187.jpg 768w, https:\/\/innovexalgerie.com\/machines\/wp-content\/uploads\/2021\/10\/icon-tunnel-de-retraction-rs-5-innovex-machine-600x146.jpg 600w\" sizes=\"auto, (max-width: 891px) 100vw, 891px\" \/><\/p>\n","protected":false},"featured_media":29448,"template":"","meta":{"_monsterinsights_skip_tracking":false,"_monsterinsights_sitenote_active":false,"_monsterinsights_sitenote_note":"","_monsterinsights_sitenote_category":0},"product_cat":[35,213],"product_tag":[64,160,65],"class_list":["post-29447","product","type-product","status-publish","has-post-thumbnail","hentry","product_cat-fardeleuse-et-cellophaneuse","product_cat-tunnel-de-retraction","product_tag-four-de-retraction","product_tag-sleeve-shrink","product_tag-tunnel-de-retraction"],"yoast_head":"<!-- This site is optimized with the Yoast SEO Premium plugin v16.2 (Yoast SEO v16.7) - https:\/\/yoast.com\/wordpress\/plugins\/seo\/ -->\n<title>Tunnel de r\u00e9traction RS-5 - Innovex Machines | Innovex Algerie<\/title>\n<meta name=\"description\" content=\"Gr\u00e2ce \u00e0 la bonne r\u00e9partition de chaleur le tunnel de r\u00e9traction avec refroidisseur permet de traiter efficacement les produits. innovex\" \/>\n<meta name=\"robots\" content=\"index, follow, max-snippet:-1, max-image-preview:large, max-video-preview:-1\" \/>\n<link rel=\"canonical\" href=\"https:\/\/innovexalgerie.com\/machines\/produit\/tunnel-de-retraction-rs-5\/\" \/>\n<meta property=\"og:locale\" content=\"fr_FR\" \/>\n<meta property=\"og:type\" content=\"article\" \/>\n<meta property=\"og:title\" content=\"Tunnel de r\u00e9traction RS-5 - Innovex Machines | Innovex Algerie\" \/>\n<meta property=\"og:description\" content=\"Gr\u00e2ce \u00e0 la bonne r\u00e9partition de chaleur le tunnel de r\u00e9traction avec refroidisseur permet de traiter efficacement les produits. innovex\" \/>\n<meta property=\"og:url\" content=\"https:\/\/innovexalgerie.com\/machines\/produit\/tunnel-de-retraction-rs-5\/\" \/>\n<meta property=\"og:site_name\" content=\"Innovex Machines | Innovex Algerie\" \/>\n<meta property=\"article:publisher\" content=\"https:\/\/www.facebook.com\/innovexmachine1\" \/>\n<meta property=\"article:modified_time\" content=\"2022-06-14T13:28:10+00:00\" \/>\n<meta property=\"og:image\" content=\"https:\/\/innovexalgerie.com\/machines\/wp-content\/uploads\/2021\/10\/TUNNEL-RS-5.jpg\" \/>\n\t<meta property=\"og:image:width\" content=\"494\" \/>\n\t<meta property=\"og:image:height\" content=\"494\" \/>\n<meta name=\"twitter:card\" content=\"summary_large_image\" \/>\n<meta name=\"twitter:label1\" content=\"Dur\u00e9e de lecture est.\" \/>\n\t<meta name=\"twitter:data1\" content=\"2 minutes\" \/>\n<script type=\"application\/ld+json\" class=\"yoast-schema-graph\">{\"@context\":\"https:\/\/schema.org\",\"@graph\":[{\"@type\":\"WebSite\",\"@id\":\"https:\/\/innovexalgerie.com\/machines\/#website\",\"url\":\"https:\/\/innovexalgerie.com\/machines\/\",\"name\":\"Innovex Machines | Innovex Algerie\",\"description\":\"Fournisseur de machines d&#039;emballage et d&#039;imprimerie\",\"potentialAction\":[{\"@type\":\"SearchAction\",\"target\":{\"@type\":\"EntryPoint\",\"urlTemplate\":\"https:\/\/innovexalgerie.com\/machines\/?s={search_term_string}\"},\"query-input\":\"required name=search_term_string\"}],\"inLanguage\":\"fr-FR\"},{\"@type\":\"ImageObject\",\"@id\":\"https:\/\/innovexalgerie.com\/machines\/produit\/tunnel-de-retraction-rs-5\/#primaryimage\",\"inLanguage\":\"fr-FR\",\"url\":\"https:\/\/innovexalgerie.com\/machines\/wp-content\/uploads\/2021\/10\/TUNNEL-RS-5.jpg\",\"contentUrl\":\"https:\/\/innovexalgerie.com\/machines\/wp-content\/uploads\/2021\/10\/TUNNEL-RS-5.jpg\",\"width\":494,\"height\":494},{\"@type\":\"WebPage\",\"@id\":\"https:\/\/innovexalgerie.com\/machines\/produit\/tunnel-de-retraction-rs-5\/#webpage\",\"url\":\"https:\/\/innovexalgerie.com\/machines\/produit\/tunnel-de-retraction-rs-5\/\",\"name\":\"Tunnel de r\\u00e9traction RS-5 - Innovex Machines | Innovex Algerie\",\"isPartOf\":{\"@id\":\"https:\/\/innovexalgerie.com\/machines\/#website\"},\"primaryImageOfPage\":{\"@id\":\"https:\/\/innovexalgerie.com\/machines\/produit\/tunnel-de-retraction-rs-5\/#primaryimage\"},\"datePublished\":\"2021-10-26T14:10:27+00:00\",\"dateModified\":\"2022-06-14T13:28:10+00:00\",\"description\":\"Gr\\u00e2ce \\u00e0 la bonne r\\u00e9partition de chaleur le tunnel de r\\u00e9traction avec refroidisseur permet de traiter efficacement les produits. innovex\",\"breadcrumb\":{\"@id\":\"https:\/\/innovexalgerie.com\/machines\/produit\/tunnel-de-retraction-rs-5\/#breadcrumb\"},\"inLanguage\":\"fr-FR\",\"potentialAction\":[{\"@type\":\"ReadAction\",\"target\":[\"https:\/\/innovexalgerie.com\/machines\/produit\/tunnel-de-retraction-rs-5\/\"]}]},{\"@type\":\"BreadcrumbList\",\"@id\":\"https:\/\/innovexalgerie.com\/machines\/produit\/tunnel-de-retraction-rs-5\/#breadcrumb\",\"itemListElement\":[{\"@type\":\"ListItem\",\"position\":1,\"name\":\"Accueil\",\"item\":\"https:\/\/innovexalgerie.com\/machines\/\"},{\"@type\":\"ListItem\",\"position\":2,\"name\":\"Produits\",\"item\":\"https:\/\/innovexalgerie.com\/machines\/boutique\/\"},{\"@type\":\"ListItem\",\"position\":3,\"name\":\"Tunnel de r\\u00e9traction RS-5\"}]}]}<\/script>\n<!-- \/ Yoast SEO Premium plugin. -->","yoast_head_json":{"title":"Tunnel de r\u00e9traction RS-5 - Innovex Machines | Innovex Algerie","description":"Gr\u00e2ce \u00e0 la bonne r\u00e9partition de chaleur le tunnel de r\u00e9traction avec refroidisseur permet de traiter efficacement les produits. innovex","robots":{"index":"index","follow":"follow","max-snippet":"max-snippet:-1","max-image-preview":"max-image-preview:large","max-video-preview":"max-video-preview:-1"},"canonical":"https:\/\/innovexalgerie.com\/machines\/produit\/tunnel-de-retraction-rs-5\/","og_locale":"fr_FR","og_type":"article","og_title":"Tunnel de r\u00e9traction RS-5 - Innovex Machines | Innovex Algerie","og_description":"Gr\u00e2ce \u00e0 la bonne r\u00e9partition de chaleur le tunnel de r\u00e9traction avec refroidisseur permet de traiter efficacement les produits. innovex","og_url":"https:\/\/innovexalgerie.com\/machines\/produit\/tunnel-de-retraction-rs-5\/","og_site_name":"Innovex Machines | Innovex Algerie","article_publisher":"https:\/\/www.facebook.com\/innovexmachine1","article_modified_time":"2022-06-14T13:28:10+00:00","og_image":[{"width":494,"height":494,"url":"https:\/\/innovexalgerie.com\/machines\/wp-content\/uploads\/2021\/10\/TUNNEL-RS-5.jpg","path":"\/home\/inovex\/public_html\/machines\/wp-content\/uploads\/2021\/10\/TUNNEL-RS-5.jpg","size":"full","id":29448,"alt":"","pixels":244036,"type":"image\/jpeg"}],"twitter_card":"summary_large_image","twitter_misc":{"Dur\u00e9e de lecture est.":"2 minutes"},"schema":{"@context":"https:\/\/schema.org","@graph":[{"@type":"WebSite","@id":"https:\/\/innovexalgerie.com\/machines\/#website","url":"https:\/\/innovexalgerie.com\/machines\/","name":"Innovex Machines | Innovex Algerie","description":"Fournisseur de machines d&#039;emballage et d&#039;imprimerie","potentialAction":[{"@type":"SearchAction","target":{"@type":"EntryPoint","urlTemplate":"https:\/\/innovexalgerie.com\/machines\/?s={search_term_string}"},"query-input":"required name=search_term_string"}],"inLanguage":"fr-FR"},{"@type":"ImageObject","@id":"https:\/\/innovexalgerie.com\/machines\/produit\/tunnel-de-retraction-rs-5\/#primaryimage","inLanguage":"fr-FR","url":"https:\/\/innovexalgerie.com\/machines\/wp-content\/uploads\/2021\/10\/TUNNEL-RS-5.jpg","contentUrl":"https:\/\/innovexalgerie.com\/machines\/wp-content\/uploads\/2021\/10\/TUNNEL-RS-5.jpg","width":494,"height":494},{"@type":"WebPage","@id":"https:\/\/innovexalgerie.com\/machines\/produit\/tunnel-de-retraction-rs-5\/#webpage","url":"https:\/\/innovexalgerie.com\/machines\/produit\/tunnel-de-retraction-rs-5\/","name":"Tunnel de r\u00e9traction RS-5 - Innovex Machines | Innovex Algerie","isPartOf":{"@id":"https:\/\/innovexalgerie.com\/machines\/#website"},"primaryImageOfPage":{"@id":"https:\/\/innovexalgerie.com\/machines\/produit\/tunnel-de-retraction-rs-5\/#primaryimage"},"datePublished":"2021-10-26T14:10:27+00:00","dateModified":"2022-06-14T13:28:10+00:00","description":"Gr\u00e2ce \u00e0 la bonne r\u00e9partition de chaleur le tunnel de r\u00e9traction avec refroidisseur permet de traiter efficacement les produits. innovex","breadcrumb":{"@id":"https:\/\/innovexalgerie.com\/machines\/produit\/tunnel-de-retraction-rs-5\/#breadcrumb"},"inLanguage":"fr-FR","potentialAction":[{"@type":"ReadAction","target":["https:\/\/innovexalgerie.com\/machines\/produit\/tunnel-de-retraction-rs-5\/"]}]},{"@type":"BreadcrumbList","@id":"https:\/\/innovexalgerie.com\/machines\/produit\/tunnel-de-retraction-rs-5\/#breadcrumb","itemListElement":[{"@type":"ListItem","position":1,"name":"Accueil","item":"https:\/\/innovexalgerie.com\/machines\/"},{"@type":"ListItem","position":2,"name":"Produits","item":"https:\/\/innovexalgerie.com\/machines\/boutique\/"},{"@type":"ListItem","position":3,"name":"Tunnel de r\u00e9traction RS-5"}]}]}},"_links":{"self":[{"href":"https:\/\/innovexalgerie.com\/machines\/wp-json\/wp\/v2\/product\/29447","targetHints":{"allow":["GET"]}}],"collection":[{"href":"https:\/\/innovexalgerie.com\/machines\/wp-json\/wp\/v2\/product"}],"about":[{"href":"https:\/\/innovexalgerie.com\/machines\/wp-json\/wp\/v2\/types\/product"}],"version-history":[{"count":15,"href":"https:\/\/innovexalgerie.com\/machines\/wp-json\/wp\/v2\/product\/29447\/revisions"}],"predecessor-version":[{"id":29925,"href":"https:\/\/innovexalgerie.com\/machines\/wp-json\/wp\/v2\/product\/29447\/revisions\/29925"}],"wp:featuredmedia":[{"embeddable":true,"href":"https:\/\/innovexalgerie.com\/machines\/wp-json\/wp\/v2\/media\/29448"}],"wp:attachment":[{"href":"https:\/\/innovexalgerie.com\/machines\/wp-json\/wp\/v2\/media?parent=29447"}],"wp:term":[{"taxonomy":"product_cat","embeddable":true,"href":"https:\/\/innovexalgerie.com\/machines\/wp-json\/wp\/v2\/product_cat?post=29447"},{"taxonomy":"product_tag","embeddable":true,"href":"https:\/\/innovexalgerie.com\/machines\/wp-json\/wp\/v2\/product_tag?post=29447"}],"curies":[{"name":"wp","href":"https:\/\/api.w.org\/{rel}","templated":true}]}}