{"id":29475,"date":"2021-10-27T09:02:26","date_gmt":"2021-10-27T08:02:26","guid":{"rendered":"https:\/\/innovexalgerie.com\/machines\/?post_type=product&#038;p=29475"},"modified":"2022-04-28T11:29:13","modified_gmt":"2022-04-28T10:29:13","slug":"machine-a-coudre-portative-electrique-gk26-1a","status":"publish","type":"product","link":"https:\/\/innovexalgerie.com\/machines\/produit\/machine-a-coudre-portative-electrique-gk26-1a\/","title":{"rendered":"Machine \u00e0 coudre portative \u00e9lectrique GK26-1A"},"content":{"rendered":"<p>Machine \u00e0 coudre pour sacs portative \u00e9lectrique <strong>GK26-1A<\/strong> \u00e0\u00a0 grande vitesse avec came en acier offre une longue dur\u00e9e de vie et d&rsquo;entretien minimum. Con\u00e7ue pour un fonctionnement continue, le ferme-sac \u00e0 point de cha\u00eenette \u00e0 une vitesse maximale de 1250tr\/min. Id\u00e9ale pour fermer les sacs de produits agricoles tels que des fertilisants, produits chimiques, la farine&#8230;etc<\/p>\n<ul>\n<li>Coud papier, coton, toile, jute, polypropyl\u00e8ne tiss\u00e9 et une multitude d\u2019autres mat\u00e9riaux.<\/li>\n<li>Boucleur am\u00e9lior\u00e9 et m\u00e9canisme simplifi\u00e9.<\/li>\n<li>Came en acier durci pour une longue dur\u00e9e (pas de plastique).<\/li>\n<li>L\u2019outil est \u00e9quip\u00e9 d\u2019un crochet pour \u00eatre attach\u00e9 \u00e0 une balance \u00e0 ressort.<\/li>\n<li>Facile \u00e0 utiliser, une seule personne peut fonctionner.<\/li>\n<li>\u00a0Op\u00e9ration l\u00e9g\u00e8re et facile avec le coupe-fil automatique.<\/li>\n<li>Petite taille, utilisation facile, vitesse \u00e9lev\u00e9e et bonne qualit\u00e9.<\/li>\n<li>\u00c9quip\u00e9 d&rsquo;un dispositif de lubrification pour huiler et prolonger la dur\u00e9e de vie de la machine.<\/li>\n<li>Machine conforme aux normes CE.<\/li>\n<\/ul>\n","protected":false},"excerpt":{"rendered":"<p>Machine \u00e0 coudre pour sacs portative \u00e9lectrique \u00e0 grande vitesse avec came en acier offre une longue dur\u00e9e de vie et d&rsquo;entretien minimum, con\u00e7ue pour un fonctionnement continue.<\/p>\n<p><img loading=\"lazy\" decoding=\"async\" class=\"alignnone size-full wp-image-30282\" src=\"https:\/\/innovexalgerie.com\/machines\/wp-content\/uploads\/2021\/10\/icon-machine-a-coudre-GK26-1A-innovex-machine.jpg\" alt=\"icon-machine-\u00e0-coudre-GK26-1A-innovex-machine\" width=\"856\" height=\"196\" srcset=\"https:\/\/innovexalgerie.com\/machines\/wp-content\/uploads\/2021\/10\/icon-machine-a-coudre-GK26-1A-innovex-machine.jpg 856w, https:\/\/innovexalgerie.com\/machines\/wp-content\/uploads\/2021\/10\/icon-machine-a-coudre-GK26-1A-innovex-machine-300x69.jpg 300w, https:\/\/innovexalgerie.com\/machines\/wp-content\/uploads\/2021\/10\/icon-machine-a-coudre-GK26-1A-innovex-machine-768x176.jpg 768w, https:\/\/innovexalgerie.com\/machines\/wp-content\/uploads\/2021\/10\/icon-machine-a-coudre-GK26-1A-innovex-machine-600x137.jpg 600w\" sizes=\"auto, (max-width: 856px) 100vw, 856px\" \/><\/p>\n<p>&nbsp;<\/p>\n","protected":false},"featured_media":29480,"template":"","meta":{"_monsterinsights_skip_tracking":false,"_monsterinsights_sitenote_active":false,"_monsterinsights_sitenote_note":"","_monsterinsights_sitenote_category":0},"product_cat":[230],"product_tag":[],"class_list":["post-29475","product","type-product","status-publish","has-post-thumbnail","hentry","product_cat-machines-a-coudre-portative"],"yoast_head":"<!-- This site is optimized with the Yoast SEO Premium plugin v16.2 (Yoast SEO v16.7) - https:\/\/yoast.com\/wordpress\/plugins\/seo\/ -->\n<title>Machine \u00e0 coudre portative \u00e9lectrique GK26-1A - Innovex Machines | Innovex Algerie<\/title>\n<meta name=\"description\" content=\"Machine \u00e0 coudre pour sacs portative \u00e9lectrique \u00e0 grande vitesse avec came en acier offre une longue dur\u00e9e de vie et d&#039;entretien minimum.\" \/>\n<meta name=\"robots\" content=\"index, follow, max-snippet:-1, max-image-preview:large, max-video-preview:-1\" \/>\n<link rel=\"canonical\" href=\"https:\/\/innovexalgerie.com\/machines\/produit\/machine-a-coudre-portative-electrique-gk26-1a\/\" \/>\n<meta property=\"og:locale\" content=\"fr_FR\" \/>\n<meta property=\"og:type\" content=\"article\" \/>\n<meta property=\"og:title\" content=\"Machine \u00e0 coudre portative \u00e9lectrique GK26-1A - Innovex Machines | Innovex Algerie\" \/>\n<meta property=\"og:description\" content=\"Machine \u00e0 coudre pour sacs portative \u00e9lectrique \u00e0 grande vitesse avec came en acier offre une longue dur\u00e9e de vie et d&#039;entretien minimum.\" \/>\n<meta property=\"og:url\" content=\"https:\/\/innovexalgerie.com\/machines\/produit\/machine-a-coudre-portative-electrique-gk26-1a\/\" \/>\n<meta property=\"og:site_name\" content=\"Innovex Machines | Innovex Algerie\" \/>\n<meta property=\"article:publisher\" content=\"https:\/\/www.facebook.com\/innovexmachine1\" \/>\n<meta property=\"article:modified_time\" content=\"2022-04-28T10:29:13+00:00\" \/>\n<meta property=\"og:image\" content=\"https:\/\/innovexalgerie.com\/machines\/wp-content\/uploads\/2021\/10\/machine-a-coudre-GK26-1A-innovex.jpg\" \/>\n\t<meta property=\"og:image:width\" content=\"494\" \/>\n\t<meta property=\"og:image:height\" content=\"494\" \/>\n<meta name=\"twitter:card\" content=\"summary_large_image\" \/>\n<meta name=\"twitter:label1\" content=\"Dur\u00e9e de lecture est.\" \/>\n\t<meta name=\"twitter:data1\" content=\"1 minute\" \/>\n<script type=\"application\/ld+json\" class=\"yoast-schema-graph\">{\"@context\":\"https:\/\/schema.org\",\"@graph\":[{\"@type\":\"WebSite\",\"@id\":\"https:\/\/innovexalgerie.com\/machines\/#website\",\"url\":\"https:\/\/innovexalgerie.com\/machines\/\",\"name\":\"Innovex Machines | Innovex Algerie\",\"description\":\"Fournisseur de machines d&#039;emballage et d&#039;imprimerie\",\"potentialAction\":[{\"@type\":\"SearchAction\",\"target\":{\"@type\":\"EntryPoint\",\"urlTemplate\":\"https:\/\/innovexalgerie.com\/machines\/?s={search_term_string}\"},\"query-input\":\"required name=search_term_string\"}],\"inLanguage\":\"fr-FR\"},{\"@type\":\"ImageObject\",\"@id\":\"https:\/\/innovexalgerie.com\/machines\/produit\/machine-a-coudre-portative-electrique-gk26-1a\/#primaryimage\",\"inLanguage\":\"fr-FR\",\"url\":\"https:\/\/innovexalgerie.com\/machines\/wp-content\/uploads\/2021\/10\/machine-a-coudre-GK26-1A-innovex.jpg\",\"contentUrl\":\"https:\/\/innovexalgerie.com\/machines\/wp-content\/uploads\/2021\/10\/machine-a-coudre-GK26-1A-innovex.jpg\",\"width\":494,\"height\":494},{\"@type\":\"WebPage\",\"@id\":\"https:\/\/innovexalgerie.com\/machines\/produit\/machine-a-coudre-portative-electrique-gk26-1a\/#webpage\",\"url\":\"https:\/\/innovexalgerie.com\/machines\/produit\/machine-a-coudre-portative-electrique-gk26-1a\/\",\"name\":\"Machine \\u00e0 coudre portative \\u00e9lectrique GK26-1A - Innovex Machines | Innovex Algerie\",\"isPartOf\":{\"@id\":\"https:\/\/innovexalgerie.com\/machines\/#website\"},\"primaryImageOfPage\":{\"@id\":\"https:\/\/innovexalgerie.com\/machines\/produit\/machine-a-coudre-portative-electrique-gk26-1a\/#primaryimage\"},\"datePublished\":\"2021-10-27T08:02:26+00:00\",\"dateModified\":\"2022-04-28T10:29:13+00:00\",\"description\":\"Machine \\u00e0 coudre pour sacs portative \\u00e9lectrique \\u00e0 grande vitesse avec came en acier offre une longue dur\\u00e9e de vie et d'entretien minimum.\",\"breadcrumb\":{\"@id\":\"https:\/\/innovexalgerie.com\/machines\/produit\/machine-a-coudre-portative-electrique-gk26-1a\/#breadcrumb\"},\"inLanguage\":\"fr-FR\",\"potentialAction\":[{\"@type\":\"ReadAction\",\"target\":[\"https:\/\/innovexalgerie.com\/machines\/produit\/machine-a-coudre-portative-electrique-gk26-1a\/\"]}]},{\"@type\":\"BreadcrumbList\",\"@id\":\"https:\/\/innovexalgerie.com\/machines\/produit\/machine-a-coudre-portative-electrique-gk26-1a\/#breadcrumb\",\"itemListElement\":[{\"@type\":\"ListItem\",\"position\":1,\"name\":\"Accueil\",\"item\":\"https:\/\/innovexalgerie.com\/machines\/\"},{\"@type\":\"ListItem\",\"position\":2,\"name\":\"Produits\",\"item\":\"https:\/\/innovexalgerie.com\/machines\/boutique\/\"},{\"@type\":\"ListItem\",\"position\":3,\"name\":\"Machine \\u00e0 coudre portative \\u00e9lectrique GK26-1A\"}]}]}<\/script>\n<!-- \/ Yoast SEO Premium plugin. -->","yoast_head_json":{"title":"Machine \u00e0 coudre portative \u00e9lectrique GK26-1A - Innovex Machines | Innovex Algerie","description":"Machine \u00e0 coudre pour sacs portative \u00e9lectrique \u00e0 grande vitesse avec came en acier offre une longue dur\u00e9e de vie et d'entretien minimum.","robots":{"index":"index","follow":"follow","max-snippet":"max-snippet:-1","max-image-preview":"max-image-preview:large","max-video-preview":"max-video-preview:-1"},"canonical":"https:\/\/innovexalgerie.com\/machines\/produit\/machine-a-coudre-portative-electrique-gk26-1a\/","og_locale":"fr_FR","og_type":"article","og_title":"Machine \u00e0 coudre portative \u00e9lectrique GK26-1A - Innovex Machines | Innovex Algerie","og_description":"Machine \u00e0 coudre pour sacs portative \u00e9lectrique \u00e0 grande vitesse avec came en acier offre une longue dur\u00e9e de vie et d'entretien minimum.","og_url":"https:\/\/innovexalgerie.com\/machines\/produit\/machine-a-coudre-portative-electrique-gk26-1a\/","og_site_name":"Innovex Machines | Innovex Algerie","article_publisher":"https:\/\/www.facebook.com\/innovexmachine1","article_modified_time":"2022-04-28T10:29:13+00:00","og_image":[{"width":494,"height":494,"url":"https:\/\/innovexalgerie.com\/machines\/wp-content\/uploads\/2021\/10\/machine-a-coudre-GK26-1A-innovex.jpg","path":"\/home\/inovex\/public_html\/machines\/wp-content\/uploads\/2021\/10\/machine-a-coudre-GK26-1A-innovex.jpg","size":"full","id":29480,"alt":"","pixels":244036,"type":"image\/jpeg"}],"twitter_card":"summary_large_image","twitter_misc":{"Dur\u00e9e de lecture est.":"1 minute"},"schema":{"@context":"https:\/\/schema.org","@graph":[{"@type":"WebSite","@id":"https:\/\/innovexalgerie.com\/machines\/#website","url":"https:\/\/innovexalgerie.com\/machines\/","name":"Innovex Machines | Innovex Algerie","description":"Fournisseur de machines d&#039;emballage et d&#039;imprimerie","potentialAction":[{"@type":"SearchAction","target":{"@type":"EntryPoint","urlTemplate":"https:\/\/innovexalgerie.com\/machines\/?s={search_term_string}"},"query-input":"required name=search_term_string"}],"inLanguage":"fr-FR"},{"@type":"ImageObject","@id":"https:\/\/innovexalgerie.com\/machines\/produit\/machine-a-coudre-portative-electrique-gk26-1a\/#primaryimage","inLanguage":"fr-FR","url":"https:\/\/innovexalgerie.com\/machines\/wp-content\/uploads\/2021\/10\/machine-a-coudre-GK26-1A-innovex.jpg","contentUrl":"https:\/\/innovexalgerie.com\/machines\/wp-content\/uploads\/2021\/10\/machine-a-coudre-GK26-1A-innovex.jpg","width":494,"height":494},{"@type":"WebPage","@id":"https:\/\/innovexalgerie.com\/machines\/produit\/machine-a-coudre-portative-electrique-gk26-1a\/#webpage","url":"https:\/\/innovexalgerie.com\/machines\/produit\/machine-a-coudre-portative-electrique-gk26-1a\/","name":"Machine \u00e0 coudre portative \u00e9lectrique GK26-1A - Innovex Machines | Innovex Algerie","isPartOf":{"@id":"https:\/\/innovexalgerie.com\/machines\/#website"},"primaryImageOfPage":{"@id":"https:\/\/innovexalgerie.com\/machines\/produit\/machine-a-coudre-portative-electrique-gk26-1a\/#primaryimage"},"datePublished":"2021-10-27T08:02:26+00:00","dateModified":"2022-04-28T10:29:13+00:00","description":"Machine \u00e0 coudre pour sacs portative \u00e9lectrique \u00e0 grande vitesse avec came en acier offre une longue dur\u00e9e de vie et d'entretien minimum.","breadcrumb":{"@id":"https:\/\/innovexalgerie.com\/machines\/produit\/machine-a-coudre-portative-electrique-gk26-1a\/#breadcrumb"},"inLanguage":"fr-FR","potentialAction":[{"@type":"ReadAction","target":["https:\/\/innovexalgerie.com\/machines\/produit\/machine-a-coudre-portative-electrique-gk26-1a\/"]}]},{"@type":"BreadcrumbList","@id":"https:\/\/innovexalgerie.com\/machines\/produit\/machine-a-coudre-portative-electrique-gk26-1a\/#breadcrumb","itemListElement":[{"@type":"ListItem","position":1,"name":"Accueil","item":"https:\/\/innovexalgerie.com\/machines\/"},{"@type":"ListItem","position":2,"name":"Produits","item":"https:\/\/innovexalgerie.com\/machines\/boutique\/"},{"@type":"ListItem","position":3,"name":"Machine \u00e0 coudre portative \u00e9lectrique GK26-1A"}]}]}},"_links":{"self":[{"href":"https:\/\/innovexalgerie.com\/machines\/wp-json\/wp\/v2\/product\/29475","targetHints":{"allow":["GET"]}}],"collection":[{"href":"https:\/\/innovexalgerie.com\/machines\/wp-json\/wp\/v2\/product"}],"about":[{"href":"https:\/\/innovexalgerie.com\/machines\/wp-json\/wp\/v2\/types\/product"}],"version-history":[{"count":6,"href":"https:\/\/innovexalgerie.com\/machines\/wp-json\/wp\/v2\/product\/29475\/revisions"}],"predecessor-version":[{"id":30285,"href":"https:\/\/innovexalgerie.com\/machines\/wp-json\/wp\/v2\/product\/29475\/revisions\/30285"}],"wp:featuredmedia":[{"embeddable":true,"href":"https:\/\/innovexalgerie.com\/machines\/wp-json\/wp\/v2\/media\/29480"}],"wp:attachment":[{"href":"https:\/\/innovexalgerie.com\/machines\/wp-json\/wp\/v2\/media?parent=29475"}],"wp:term":[{"taxonomy":"product_cat","embeddable":true,"href":"https:\/\/innovexalgerie.com\/machines\/wp-json\/wp\/v2\/product_cat?post=29475"},{"taxonomy":"product_tag","embeddable":true,"href":"https:\/\/innovexalgerie.com\/machines\/wp-json\/wp\/v2\/product_tag?post=29475"}],"curies":[{"name":"wp","href":"https:\/\/api.w.org\/{rel}","templated":true}]}}