{"id":30199,"date":"2022-04-18T13:28:20","date_gmt":"2022-04-18T12:28:20","guid":{"rendered":"https:\/\/innovexalgerie.com\/machines\/?post_type=product&#038;p=30199"},"modified":"2022-06-27T08:37:33","modified_gmt":"2022-06-27T07:37:33","slug":"devidoir-film-etirable-ergonomique","status":"publish","type":"product","link":"https:\/\/innovexalgerie.com\/machines\/produit\/devidoir-film-etirable-ergonomique\/","title":{"rendered":"D\u00e9vidoir film \u00e9tirable \u00e9rgonomique"},"content":{"rendered":"<p>D\u00e9vidoir tendeur de film \u00e9tirable manuel pour palette permettant l\u2019utilisation de tous les types de film de vos fournisseurs habituels. Gr\u00e2ce \u00e0 son ergonomie brevet\u00e9e, le filmage manuel de palettes devient moins p\u00e9nible, plus \u00e9conomique et plus efficace.<\/p>\n<ul>\n<li>D\u00e9vidoir tendeur de film \u00e9tirable pour bobines de 2 \u00e0 5kg<\/li>\n<li>Poign\u00e9e ergonomique en caoutchouc.<\/li>\n<li>Conception en acier solide et ergonomique.<\/li>\n<li>Poign\u00e9e sup\u00e9rieure pour chargement facile de la bobine de film.<\/li>\n<li>Tension d\u2019\u00e9tirabilit\u00e9 r\u00e9glable \u00e0 l\u2019int\u00e9rieur de la caisse.<\/li>\n<li>Hauteur d\u00e9vidoir ajustable.<\/li>\n<\/ul>\n<p><img loading=\"lazy\" decoding=\"async\" class=\"alignnone size-full wp-image-30200\" src=\"https:\/\/innovexalgerie.com\/machines\/wp-content\/uploads\/2022\/04\/de\u0301vidoir-e\u0301tirable.jpg\" alt=\"de\u0301vidoir-e\u0301tirable innovex machines Alg\u00e9rie \" width=\"547\" height=\"124\" srcset=\"https:\/\/innovexalgerie.com\/machines\/wp-content\/uploads\/2022\/04\/de\u0301vidoir-e\u0301tirable.jpg 547w, https:\/\/innovexalgerie.com\/machines\/wp-content\/uploads\/2022\/04\/de\u0301vidoir-e\u0301tirable-300x68.jpg 300w\" sizes=\"auto, (max-width: 547px) 100vw, 547px\" \/><\/p>\n","protected":false},"excerpt":{"rendered":"<div>D\u00e9vidoirs de film \u00e9tirable manuel pour d\u00e9roulement rapide, application facile et une tension optimale des films \u00e9tirables permettant une bonne stabilit\u00e9 et coh\u00e9sion des palettes film\u00e9es manuellement.<img loading=\"lazy\" decoding=\"async\" class=\"alignnone size-full wp-image-30908\" src=\"https:\/\/innovexalgerie.com\/machines\/wp-content\/uploads\/2022\/04\/icon-devidoir-manuel-pe.jpg\" alt=\"icon-d\u00e9vidoir-manuel-pe\" width=\"922\" height=\"217\" srcset=\"https:\/\/innovexalgerie.com\/machines\/wp-content\/uploads\/2022\/04\/icon-devidoir-manuel-pe.jpg 922w, https:\/\/innovexalgerie.com\/machines\/wp-content\/uploads\/2022\/04\/icon-devidoir-manuel-pe-300x71.jpg 300w, https:\/\/innovexalgerie.com\/machines\/wp-content\/uploads\/2022\/04\/icon-devidoir-manuel-pe-768x181.jpg 768w, https:\/\/innovexalgerie.com\/machines\/wp-content\/uploads\/2022\/04\/icon-devidoir-manuel-pe-600x141.jpg 600w\" sizes=\"auto, (max-width: 922px) 100vw, 922px\" \/><\/div>\n","protected":false},"featured_media":30202,"template":"","meta":{"_monsterinsights_skip_tracking":false,"_monsterinsights_sitenote_active":false,"_monsterinsights_sitenote_note":"","_monsterinsights_sitenote_category":0},"product_cat":[237],"product_tag":[198,199,99,257],"class_list":["post-30199","product","type-product","status-publish","has-post-thumbnail","hentry","product_cat-tous-accessoires","product_tag-devidoir","product_tag-dispenser","product_tag-etirable","product_tag-palette"],"yoast_head":"<!-- This site is optimized with the Yoast SEO Premium plugin v16.2 (Yoast SEO v16.7) - https:\/\/yoast.com\/wordpress\/plugins\/seo\/ -->\n<title>D\u00e9vidoir film \u00e9tirable \u00e9rgonomique - Innovex Machines | Innovex Algerie<\/title>\n<meta name=\"description\" content=\"D\u00e9vidoir tendeur de film \u00e9tirable manuel pour palette permettant l\u2019utilisation de tous les types de film de vos fournisseurs habituels.\" \/>\n<meta name=\"robots\" content=\"index, follow, max-snippet:-1, max-image-preview:large, max-video-preview:-1\" \/>\n<link rel=\"canonical\" href=\"https:\/\/innovexalgerie.com\/machines\/produit\/devidoir-film-etirable-ergonomique\/\" \/>\n<meta property=\"og:locale\" content=\"fr_FR\" \/>\n<meta property=\"og:type\" content=\"article\" \/>\n<meta property=\"og:title\" content=\"D\u00e9vidoir film \u00e9tirable \u00e9rgonomique - Innovex Machines | Innovex Algerie\" \/>\n<meta property=\"og:description\" content=\"D\u00e9vidoir tendeur de film \u00e9tirable manuel pour palette permettant l\u2019utilisation de tous les types de film de vos fournisseurs habituels.\" \/>\n<meta property=\"og:url\" content=\"https:\/\/innovexalgerie.com\/machines\/produit\/devidoir-film-etirable-ergonomique\/\" \/>\n<meta property=\"og:site_name\" content=\"Innovex Machines | Innovex Algerie\" \/>\n<meta property=\"article:publisher\" content=\"https:\/\/www.facebook.com\/innovexmachine1\" \/>\n<meta property=\"article:modified_time\" content=\"2022-06-27T07:37:33+00:00\" \/>\n<meta property=\"og:image\" content=\"https:\/\/innovexalgerie.com\/machines\/wp-content\/uploads\/2022\/04\/de\u0301vidoire-e\u0301tirable-manuelle-e\u0301rgonomique-innovex.jpg\" \/>\n\t<meta property=\"og:image:width\" content=\"324\" \/>\n\t<meta property=\"og:image:height\" content=\"324\" \/>\n<meta name=\"twitter:card\" content=\"summary_large_image\" \/>\n<meta name=\"twitter:label1\" content=\"Dur\u00e9e de lecture est.\" \/>\n\t<meta name=\"twitter:data1\" content=\"1 minute\" \/>\n<script type=\"application\/ld+json\" class=\"yoast-schema-graph\">{\"@context\":\"https:\/\/schema.org\",\"@graph\":[{\"@type\":\"WebSite\",\"@id\":\"https:\/\/innovexalgerie.com\/machines\/#website\",\"url\":\"https:\/\/innovexalgerie.com\/machines\/\",\"name\":\"Innovex Machines | Innovex Algerie\",\"description\":\"Fournisseur de machines d&#039;emballage et d&#039;imprimerie\",\"potentialAction\":[{\"@type\":\"SearchAction\",\"target\":{\"@type\":\"EntryPoint\",\"urlTemplate\":\"https:\/\/innovexalgerie.com\/machines\/?s={search_term_string}\"},\"query-input\":\"required name=search_term_string\"}],\"inLanguage\":\"fr-FR\"},{\"@type\":\"ImageObject\",\"@id\":\"https:\/\/innovexalgerie.com\/machines\/produit\/devidoir-film-etirable-ergonomique\/#primaryimage\",\"inLanguage\":\"fr-FR\",\"url\":\"https:\/\/innovexalgerie.com\/machines\/wp-content\/uploads\/2022\/04\/de\\u0301vidoire-e\\u0301tirable-manuelle-e\\u0301rgonomique-innovex.jpg\",\"contentUrl\":\"https:\/\/innovexalgerie.com\/machines\/wp-content\/uploads\/2022\/04\/de\\u0301vidoire-e\\u0301tirable-manuelle-e\\u0301rgonomique-innovex.jpg\",\"width\":324,\"height\":324,\"caption\":\"d\\u00e9vidoire \\u00e9tirable manuelle \\u00e9rgonomique innovex machines Alg\\u00e9rie\"},{\"@type\":\"WebPage\",\"@id\":\"https:\/\/innovexalgerie.com\/machines\/produit\/devidoir-film-etirable-ergonomique\/#webpage\",\"url\":\"https:\/\/innovexalgerie.com\/machines\/produit\/devidoir-film-etirable-ergonomique\/\",\"name\":\"D\\u00e9vidoir film \\u00e9tirable \\u00e9rgonomique - Innovex Machines | Innovex Algerie\",\"isPartOf\":{\"@id\":\"https:\/\/innovexalgerie.com\/machines\/#website\"},\"primaryImageOfPage\":{\"@id\":\"https:\/\/innovexalgerie.com\/machines\/produit\/devidoir-film-etirable-ergonomique\/#primaryimage\"},\"datePublished\":\"2022-04-18T12:28:20+00:00\",\"dateModified\":\"2022-06-27T07:37:33+00:00\",\"description\":\"D\\u00e9vidoir tendeur de film \\u00e9tirable manuel pour palette permettant l\\u2019utilisation de tous les types de film de vos fournisseurs habituels.\",\"breadcrumb\":{\"@id\":\"https:\/\/innovexalgerie.com\/machines\/produit\/devidoir-film-etirable-ergonomique\/#breadcrumb\"},\"inLanguage\":\"fr-FR\",\"potentialAction\":[{\"@type\":\"ReadAction\",\"target\":[\"https:\/\/innovexalgerie.com\/machines\/produit\/devidoir-film-etirable-ergonomique\/\"]}]},{\"@type\":\"BreadcrumbList\",\"@id\":\"https:\/\/innovexalgerie.com\/machines\/produit\/devidoir-film-etirable-ergonomique\/#breadcrumb\",\"itemListElement\":[{\"@type\":\"ListItem\",\"position\":1,\"name\":\"Accueil\",\"item\":\"https:\/\/innovexalgerie.com\/machines\/\"},{\"@type\":\"ListItem\",\"position\":2,\"name\":\"Produits\",\"item\":\"https:\/\/innovexalgerie.com\/machines\/boutique\/\"},{\"@type\":\"ListItem\",\"position\":3,\"name\":\"D\\u00e9vidoir film \\u00e9tirable \\u00e9rgonomique\"}]}]}<\/script>\n<!-- \/ Yoast SEO Premium plugin. -->","yoast_head_json":{"title":"D\u00e9vidoir film \u00e9tirable \u00e9rgonomique - Innovex Machines | Innovex Algerie","description":"D\u00e9vidoir tendeur de film \u00e9tirable manuel pour palette permettant l\u2019utilisation de tous les types de film de vos fournisseurs habituels.","robots":{"index":"index","follow":"follow","max-snippet":"max-snippet:-1","max-image-preview":"max-image-preview:large","max-video-preview":"max-video-preview:-1"},"canonical":"https:\/\/innovexalgerie.com\/machines\/produit\/devidoir-film-etirable-ergonomique\/","og_locale":"fr_FR","og_type":"article","og_title":"D\u00e9vidoir film \u00e9tirable \u00e9rgonomique - Innovex Machines | Innovex Algerie","og_description":"D\u00e9vidoir tendeur de film \u00e9tirable manuel pour palette permettant l\u2019utilisation de tous les types de film de vos fournisseurs habituels.","og_url":"https:\/\/innovexalgerie.com\/machines\/produit\/devidoir-film-etirable-ergonomique\/","og_site_name":"Innovex Machines | Innovex Algerie","article_publisher":"https:\/\/www.facebook.com\/innovexmachine1","article_modified_time":"2022-06-27T07:37:33+00:00","og_image":[{"width":324,"height":324,"url":"https:\/\/innovexalgerie.com\/machines\/wp-content\/uploads\/2022\/04\/de\u0301vidoire-e\u0301tirable-manuelle-e\u0301rgonomique-innovex.jpg","path":"\/home\/inovex\/public_html\/machines\/wp-content\/uploads\/2022\/04\/de\u0301vidoire-e\u0301tirable-manuelle-e\u0301rgonomique-innovex.jpg","size":"full","id":30202,"alt":"d\u00e9vidoire \u00e9tirable manuelle \u00e9rgonomique innovex machines Alg\u00e9rie","pixels":104976,"type":"image\/jpeg"}],"twitter_card":"summary_large_image","twitter_misc":{"Dur\u00e9e de lecture est.":"1 minute"},"schema":{"@context":"https:\/\/schema.org","@graph":[{"@type":"WebSite","@id":"https:\/\/innovexalgerie.com\/machines\/#website","url":"https:\/\/innovexalgerie.com\/machines\/","name":"Innovex Machines | Innovex Algerie","description":"Fournisseur de machines d&#039;emballage et d&#039;imprimerie","potentialAction":[{"@type":"SearchAction","target":{"@type":"EntryPoint","urlTemplate":"https:\/\/innovexalgerie.com\/machines\/?s={search_term_string}"},"query-input":"required name=search_term_string"}],"inLanguage":"fr-FR"},{"@type":"ImageObject","@id":"https:\/\/innovexalgerie.com\/machines\/produit\/devidoir-film-etirable-ergonomique\/#primaryimage","inLanguage":"fr-FR","url":"https:\/\/innovexalgerie.com\/machines\/wp-content\/uploads\/2022\/04\/de\u0301vidoire-e\u0301tirable-manuelle-e\u0301rgonomique-innovex.jpg","contentUrl":"https:\/\/innovexalgerie.com\/machines\/wp-content\/uploads\/2022\/04\/de\u0301vidoire-e\u0301tirable-manuelle-e\u0301rgonomique-innovex.jpg","width":324,"height":324,"caption":"d\u00e9vidoire \u00e9tirable manuelle \u00e9rgonomique innovex machines Alg\u00e9rie"},{"@type":"WebPage","@id":"https:\/\/innovexalgerie.com\/machines\/produit\/devidoir-film-etirable-ergonomique\/#webpage","url":"https:\/\/innovexalgerie.com\/machines\/produit\/devidoir-film-etirable-ergonomique\/","name":"D\u00e9vidoir film \u00e9tirable \u00e9rgonomique - Innovex Machines | Innovex Algerie","isPartOf":{"@id":"https:\/\/innovexalgerie.com\/machines\/#website"},"primaryImageOfPage":{"@id":"https:\/\/innovexalgerie.com\/machines\/produit\/devidoir-film-etirable-ergonomique\/#primaryimage"},"datePublished":"2022-04-18T12:28:20+00:00","dateModified":"2022-06-27T07:37:33+00:00","description":"D\u00e9vidoir tendeur de film \u00e9tirable manuel pour palette permettant l\u2019utilisation de tous les types de film de vos fournisseurs habituels.","breadcrumb":{"@id":"https:\/\/innovexalgerie.com\/machines\/produit\/devidoir-film-etirable-ergonomique\/#breadcrumb"},"inLanguage":"fr-FR","potentialAction":[{"@type":"ReadAction","target":["https:\/\/innovexalgerie.com\/machines\/produit\/devidoir-film-etirable-ergonomique\/"]}]},{"@type":"BreadcrumbList","@id":"https:\/\/innovexalgerie.com\/machines\/produit\/devidoir-film-etirable-ergonomique\/#breadcrumb","itemListElement":[{"@type":"ListItem","position":1,"name":"Accueil","item":"https:\/\/innovexalgerie.com\/machines\/"},{"@type":"ListItem","position":2,"name":"Produits","item":"https:\/\/innovexalgerie.com\/machines\/boutique\/"},{"@type":"ListItem","position":3,"name":"D\u00e9vidoir film \u00e9tirable \u00e9rgonomique"}]}]}},"_links":{"self":[{"href":"https:\/\/innovexalgerie.com\/machines\/wp-json\/wp\/v2\/product\/30199","targetHints":{"allow":["GET"]}}],"collection":[{"href":"https:\/\/innovexalgerie.com\/machines\/wp-json\/wp\/v2\/product"}],"about":[{"href":"https:\/\/innovexalgerie.com\/machines\/wp-json\/wp\/v2\/types\/product"}],"version-history":[{"count":5,"href":"https:\/\/innovexalgerie.com\/machines\/wp-json\/wp\/v2\/product\/30199\/revisions"}],"predecessor-version":[{"id":30900,"href":"https:\/\/innovexalgerie.com\/machines\/wp-json\/wp\/v2\/product\/30199\/revisions\/30900"}],"wp:featuredmedia":[{"embeddable":true,"href":"https:\/\/innovexalgerie.com\/machines\/wp-json\/wp\/v2\/media\/30202"}],"wp:attachment":[{"href":"https:\/\/innovexalgerie.com\/machines\/wp-json\/wp\/v2\/media?parent=30199"}],"wp:term":[{"taxonomy":"product_cat","embeddable":true,"href":"https:\/\/innovexalgerie.com\/machines\/wp-json\/wp\/v2\/product_cat?post=30199"},{"taxonomy":"product_tag","embeddable":true,"href":"https:\/\/innovexalgerie.com\/machines\/wp-json\/wp\/v2\/product_tag?post=30199"}],"curies":[{"name":"wp","href":"https:\/\/api.w.org\/{rel}","templated":true}]}}