{"id":30341,"date":"2022-05-10T12:35:03","date_gmt":"2022-05-10T11:35:03","guid":{"rendered":"https:\/\/innovexalgerie.com\/machines\/?post_type=product&#038;p=30341"},"modified":"2022-05-10T14:17:35","modified_gmt":"2022-05-10T13:17:35","slug":"etiqueteuse-semi-automatique-type-large-pour-surface-ronde-mt-50w","status":"publish","type":"product","link":"https:\/\/innovexalgerie.com\/machines\/produit\/etiqueteuse-semi-automatique-type-large-pour-surface-ronde-mt-50w\/","title":{"rendered":"Etiqueteuse semi-automatique type large pour surface ronde MT-50W"},"content":{"rendered":"<p>L\u2019\u00e9tiqueteuse semi-automatique type large <strong>MT-50W<\/strong>\u00a0permet l\u2019application d\u2019\u00e9tiquette adh\u00e9sif sur une surface ronde comme des bouteilles, pots, boites rondes.. convient aux petites et moyennes productions.<\/p>\n<ul>\n<li>R\u00e9glage facile de position de l\u2019\u00e9tiquette sur le produit cylindrique.<\/li>\n<li>Sensibilit\u00e9 de d\u00e9tection \u00e9lev\u00e9e qui assure une efficacit\u00e9 \u00e9lev\u00e9e d\u2019\u00e9tiquetage.<\/li>\n<li>Effet d\u2019\u00e9tiquetage sans bulle.<\/li>\n<li>Positionnement pr\u00e9cis de l\u2019\u00e9tiquette.<\/li>\n<li>Des rouleaux en caoutchouc de haute qualit\u00e9 qui assure le maintien et support bouteilles.<\/li>\n<li>Machine conforme aux normes CE.<\/li>\n<\/ul>\n<p>&nbsp;<\/p>\n<p>&nbsp;<\/p>\n","protected":false},"excerpt":{"rendered":"<p>L\u2019\u00e9tiqueteuse semi-automatique de type large permet l\u2019application d\u2019\u00e9tiquette adh\u00e9sif sur une surface ronde comme des bouteilles, pots, boites rondes. convient aux petites et moyennes productions.<\/p>\n<p><img loading=\"lazy\" decoding=\"async\" class=\"alignnone size-full wp-image-30306\" src=\"https:\/\/innovexalgerie.com\/machines\/wp-content\/uploads\/2021\/03\/icon-MT-50-semi-auto-innovex-machine.jpg\" alt=\"\" width=\"863\" height=\"196\" srcset=\"https:\/\/innovexalgerie.com\/machines\/wp-content\/uploads\/2021\/03\/icon-MT-50-semi-auto-innovex-machine.jpg 863w, https:\/\/innovexalgerie.com\/machines\/wp-content\/uploads\/2021\/03\/icon-MT-50-semi-auto-innovex-machine-300x68.jpg 300w, https:\/\/innovexalgerie.com\/machines\/wp-content\/uploads\/2021\/03\/icon-MT-50-semi-auto-innovex-machine-768x174.jpg 768w, https:\/\/innovexalgerie.com\/machines\/wp-content\/uploads\/2021\/03\/icon-MT-50-semi-auto-innovex-machine-600x136.jpg 600w\" sizes=\"auto, (max-width: 863px) 100vw, 863px\" \/><\/p>\n","protected":false},"featured_media":30344,"template":"","meta":{"_monsterinsights_skip_tracking":false,"_monsterinsights_sitenote_active":false,"_monsterinsights_sitenote_note":"","_monsterinsights_sitenote_category":0},"product_cat":[82,218],"product_tag":[83],"class_list":["post-30341","product","type-product","status-publish","has-post-thumbnail","hentry","product_cat-etiqueteuses","product_cat-etiqueteuses-semi-automatique","product_tag-etiqueteuse"],"yoast_head":"<!-- This site is optimized with the Yoast SEO Premium plugin v16.2 (Yoast SEO v16.7) - https:\/\/yoast.com\/wordpress\/plugins\/seo\/ -->\n<title>Etiqueteuse semi-automatique type large pour surface ronde MT-50W - Innovex Machines | Innovex Algerie<\/title>\n<meta name=\"description\" content=\"L\u2019\u00e9tiqueteuse semi-automatique de type large MT-50Wpermet l\u2019application d\u2019\u00e9tiquette adh\u00e9sif sur une surface ronde comme des bouteilles, pots.\" \/>\n<meta name=\"robots\" content=\"index, follow, max-snippet:-1, max-image-preview:large, max-video-preview:-1\" \/>\n<link rel=\"canonical\" href=\"https:\/\/innovexalgerie.com\/machines\/produit\/etiqueteuse-semi-automatique-type-large-pour-surface-ronde-mt-50w\/\" \/>\n<meta property=\"og:locale\" content=\"fr_FR\" \/>\n<meta property=\"og:type\" content=\"article\" \/>\n<meta property=\"og:title\" content=\"Etiqueteuse semi-automatique type large pour surface ronde MT-50W - Innovex Machines | Innovex Algerie\" \/>\n<meta property=\"og:description\" content=\"L\u2019\u00e9tiqueteuse semi-automatique de type large MT-50Wpermet l\u2019application d\u2019\u00e9tiquette adh\u00e9sif sur une surface ronde comme des bouteilles, pots.\" \/>\n<meta property=\"og:url\" content=\"https:\/\/innovexalgerie.com\/machines\/produit\/etiqueteuse-semi-automatique-type-large-pour-surface-ronde-mt-50w\/\" \/>\n<meta property=\"og:site_name\" content=\"Innovex Machines | Innovex Algerie\" \/>\n<meta property=\"article:publisher\" content=\"https:\/\/www.facebook.com\/innovexmachine1\" \/>\n<meta property=\"article:modified_time\" content=\"2022-05-10T13:17:35+00:00\" \/>\n<meta property=\"og:image\" content=\"https:\/\/innovexalgerie.com\/machines\/wp-content\/uploads\/2022\/05\/mt50w-1-scaled.jpg\" \/>\n\t<meta property=\"og:image:width\" content=\"2560\" \/>\n\t<meta property=\"og:image:height\" content=\"1707\" \/>\n<meta name=\"twitter:card\" content=\"summary_large_image\" \/>\n<meta name=\"twitter:label1\" content=\"Dur\u00e9e de lecture est.\" \/>\n\t<meta name=\"twitter:data1\" content=\"1 minute\" \/>\n<script type=\"application\/ld+json\" class=\"yoast-schema-graph\">{\"@context\":\"https:\/\/schema.org\",\"@graph\":[{\"@type\":\"WebSite\",\"@id\":\"https:\/\/innovexalgerie.com\/machines\/#website\",\"url\":\"https:\/\/innovexalgerie.com\/machines\/\",\"name\":\"Innovex Machines | Innovex Algerie\",\"description\":\"Fournisseur de machines d&#039;emballage et d&#039;imprimerie\",\"potentialAction\":[{\"@type\":\"SearchAction\",\"target\":{\"@type\":\"EntryPoint\",\"urlTemplate\":\"https:\/\/innovexalgerie.com\/machines\/?s={search_term_string}\"},\"query-input\":\"required name=search_term_string\"}],\"inLanguage\":\"fr-FR\"},{\"@type\":\"ImageObject\",\"@id\":\"https:\/\/innovexalgerie.com\/machines\/produit\/etiqueteuse-semi-automatique-type-large-pour-surface-ronde-mt-50w\/#primaryimage\",\"inLanguage\":\"fr-FR\",\"url\":\"https:\/\/innovexalgerie.com\/machines\/wp-content\/uploads\/2022\/05\/mt50w-1-scaled.jpg\",\"contentUrl\":\"https:\/\/innovexalgerie.com\/machines\/wp-content\/uploads\/2022\/05\/mt50w-1-scaled.jpg\",\"width\":2560,\"height\":1707,\"caption\":\"\\u00e9tiqueteuse mt50w pour surface ronde\"},{\"@type\":\"WebPage\",\"@id\":\"https:\/\/innovexalgerie.com\/machines\/produit\/etiqueteuse-semi-automatique-type-large-pour-surface-ronde-mt-50w\/#webpage\",\"url\":\"https:\/\/innovexalgerie.com\/machines\/produit\/etiqueteuse-semi-automatique-type-large-pour-surface-ronde-mt-50w\/\",\"name\":\"Etiqueteuse semi-automatique type large pour surface ronde MT-50W - Innovex Machines | Innovex Algerie\",\"isPartOf\":{\"@id\":\"https:\/\/innovexalgerie.com\/machines\/#website\"},\"primaryImageOfPage\":{\"@id\":\"https:\/\/innovexalgerie.com\/machines\/produit\/etiqueteuse-semi-automatique-type-large-pour-surface-ronde-mt-50w\/#primaryimage\"},\"datePublished\":\"2022-05-10T11:35:03+00:00\",\"dateModified\":\"2022-05-10T13:17:35+00:00\",\"description\":\"L\\u2019\\u00e9tiqueteuse semi-automatique de type large MT-50Wpermet l\\u2019application d\\u2019\\u00e9tiquette adh\\u00e9sif sur une surface ronde comme des bouteilles, pots.\",\"breadcrumb\":{\"@id\":\"https:\/\/innovexalgerie.com\/machines\/produit\/etiqueteuse-semi-automatique-type-large-pour-surface-ronde-mt-50w\/#breadcrumb\"},\"inLanguage\":\"fr-FR\",\"potentialAction\":[{\"@type\":\"ReadAction\",\"target\":[\"https:\/\/innovexalgerie.com\/machines\/produit\/etiqueteuse-semi-automatique-type-large-pour-surface-ronde-mt-50w\/\"]}]},{\"@type\":\"BreadcrumbList\",\"@id\":\"https:\/\/innovexalgerie.com\/machines\/produit\/etiqueteuse-semi-automatique-type-large-pour-surface-ronde-mt-50w\/#breadcrumb\",\"itemListElement\":[{\"@type\":\"ListItem\",\"position\":1,\"name\":\"Accueil\",\"item\":\"https:\/\/innovexalgerie.com\/machines\/\"},{\"@type\":\"ListItem\",\"position\":2,\"name\":\"Produits\",\"item\":\"https:\/\/innovexalgerie.com\/machines\/boutique\/\"},{\"@type\":\"ListItem\",\"position\":3,\"name\":\"Etiqueteuse semi-automatique type large pour surface ronde MT-50W\"}]}]}<\/script>\n<!-- \/ Yoast SEO Premium plugin. -->","yoast_head_json":{"title":"Etiqueteuse semi-automatique type large pour surface ronde MT-50W - Innovex Machines | Innovex Algerie","description":"L\u2019\u00e9tiqueteuse semi-automatique de type large MT-50Wpermet l\u2019application d\u2019\u00e9tiquette adh\u00e9sif sur une surface ronde comme des bouteilles, pots.","robots":{"index":"index","follow":"follow","max-snippet":"max-snippet:-1","max-image-preview":"max-image-preview:large","max-video-preview":"max-video-preview:-1"},"canonical":"https:\/\/innovexalgerie.com\/machines\/produit\/etiqueteuse-semi-automatique-type-large-pour-surface-ronde-mt-50w\/","og_locale":"fr_FR","og_type":"article","og_title":"Etiqueteuse semi-automatique type large pour surface ronde MT-50W - Innovex Machines | Innovex Algerie","og_description":"L\u2019\u00e9tiqueteuse semi-automatique de type large MT-50Wpermet l\u2019application d\u2019\u00e9tiquette adh\u00e9sif sur une surface ronde comme des bouteilles, pots.","og_url":"https:\/\/innovexalgerie.com\/machines\/produit\/etiqueteuse-semi-automatique-type-large-pour-surface-ronde-mt-50w\/","og_site_name":"Innovex Machines | Innovex Algerie","article_publisher":"https:\/\/www.facebook.com\/innovexmachine1","article_modified_time":"2022-05-10T13:17:35+00:00","og_image":[{"width":2560,"height":1707,"url":"https:\/\/innovexalgerie.com\/machines\/wp-content\/uploads\/2022\/05\/mt50w-1-scaled.jpg","path":"\/home\/inovex\/public_html\/machines\/wp-content\/uploads\/2022\/05\/mt50w-1-scaled.jpg","size":"full","id":30344,"alt":"\u00e9tiqueteuse mt50w pour surface ronde","pixels":4369920,"type":"image\/jpeg"}],"twitter_card":"summary_large_image","twitter_misc":{"Dur\u00e9e de lecture est.":"1 minute"},"schema":{"@context":"https:\/\/schema.org","@graph":[{"@type":"WebSite","@id":"https:\/\/innovexalgerie.com\/machines\/#website","url":"https:\/\/innovexalgerie.com\/machines\/","name":"Innovex Machines | Innovex Algerie","description":"Fournisseur de machines d&#039;emballage et d&#039;imprimerie","potentialAction":[{"@type":"SearchAction","target":{"@type":"EntryPoint","urlTemplate":"https:\/\/innovexalgerie.com\/machines\/?s={search_term_string}"},"query-input":"required name=search_term_string"}],"inLanguage":"fr-FR"},{"@type":"ImageObject","@id":"https:\/\/innovexalgerie.com\/machines\/produit\/etiqueteuse-semi-automatique-type-large-pour-surface-ronde-mt-50w\/#primaryimage","inLanguage":"fr-FR","url":"https:\/\/innovexalgerie.com\/machines\/wp-content\/uploads\/2022\/05\/mt50w-1-scaled.jpg","contentUrl":"https:\/\/innovexalgerie.com\/machines\/wp-content\/uploads\/2022\/05\/mt50w-1-scaled.jpg","width":2560,"height":1707,"caption":"\u00e9tiqueteuse mt50w pour surface ronde"},{"@type":"WebPage","@id":"https:\/\/innovexalgerie.com\/machines\/produit\/etiqueteuse-semi-automatique-type-large-pour-surface-ronde-mt-50w\/#webpage","url":"https:\/\/innovexalgerie.com\/machines\/produit\/etiqueteuse-semi-automatique-type-large-pour-surface-ronde-mt-50w\/","name":"Etiqueteuse semi-automatique type large pour surface ronde MT-50W - Innovex Machines | Innovex Algerie","isPartOf":{"@id":"https:\/\/innovexalgerie.com\/machines\/#website"},"primaryImageOfPage":{"@id":"https:\/\/innovexalgerie.com\/machines\/produit\/etiqueteuse-semi-automatique-type-large-pour-surface-ronde-mt-50w\/#primaryimage"},"datePublished":"2022-05-10T11:35:03+00:00","dateModified":"2022-05-10T13:17:35+00:00","description":"L\u2019\u00e9tiqueteuse semi-automatique de type large MT-50Wpermet l\u2019application d\u2019\u00e9tiquette adh\u00e9sif sur une surface ronde comme des bouteilles, pots.","breadcrumb":{"@id":"https:\/\/innovexalgerie.com\/machines\/produit\/etiqueteuse-semi-automatique-type-large-pour-surface-ronde-mt-50w\/#breadcrumb"},"inLanguage":"fr-FR","potentialAction":[{"@type":"ReadAction","target":["https:\/\/innovexalgerie.com\/machines\/produit\/etiqueteuse-semi-automatique-type-large-pour-surface-ronde-mt-50w\/"]}]},{"@type":"BreadcrumbList","@id":"https:\/\/innovexalgerie.com\/machines\/produit\/etiqueteuse-semi-automatique-type-large-pour-surface-ronde-mt-50w\/#breadcrumb","itemListElement":[{"@type":"ListItem","position":1,"name":"Accueil","item":"https:\/\/innovexalgerie.com\/machines\/"},{"@type":"ListItem","position":2,"name":"Produits","item":"https:\/\/innovexalgerie.com\/machines\/boutique\/"},{"@type":"ListItem","position":3,"name":"Etiqueteuse semi-automatique type large pour surface ronde MT-50W"}]}]}},"_links":{"self":[{"href":"https:\/\/innovexalgerie.com\/machines\/wp-json\/wp\/v2\/product\/30341","targetHints":{"allow":["GET"]}}],"collection":[{"href":"https:\/\/innovexalgerie.com\/machines\/wp-json\/wp\/v2\/product"}],"about":[{"href":"https:\/\/innovexalgerie.com\/machines\/wp-json\/wp\/v2\/types\/product"}],"version-history":[{"count":1,"href":"https:\/\/innovexalgerie.com\/machines\/wp-json\/wp\/v2\/product\/30341\/revisions"}],"predecessor-version":[{"id":30355,"href":"https:\/\/innovexalgerie.com\/machines\/wp-json\/wp\/v2\/product\/30341\/revisions\/30355"}],"wp:featuredmedia":[{"embeddable":true,"href":"https:\/\/innovexalgerie.com\/machines\/wp-json\/wp\/v2\/media\/30344"}],"wp:attachment":[{"href":"https:\/\/innovexalgerie.com\/machines\/wp-json\/wp\/v2\/media?parent=30341"}],"wp:term":[{"taxonomy":"product_cat","embeddable":true,"href":"https:\/\/innovexalgerie.com\/machines\/wp-json\/wp\/v2\/product_cat?post=30341"},{"taxonomy":"product_tag","embeddable":true,"href":"https:\/\/innovexalgerie.com\/machines\/wp-json\/wp\/v2\/product_tag?post=30341"}],"curies":[{"name":"wp","href":"https:\/\/api.w.org\/{rel}","templated":true}]}}