{"id":30682,"date":"2022-06-15T09:27:21","date_gmt":"2022-06-15T08:27:21","guid":{"rendered":"https:\/\/innovexalgerie.com\/machines\/?post_type=product&#038;p=30682"},"modified":"2022-06-15T15:39:05","modified_gmt":"2022-06-15T14:39:05","slug":"tunnel-de-retraction-sleever-bs-1540","status":"publish","type":"product","link":"https:\/\/innovexalgerie.com\/machines\/produit\/tunnel-de-retraction-sleever-bs-1540\/","title":{"rendered":"Tunnel de r\u00e9traction sleever BS-1540"},"content":{"rendered":"<p>Le tunnel de r\u00e9traction <strong>BS-1540<\/strong> sp\u00e9cialement con\u00e7u pour le traitement thermique des r\u00e9cipients cylindriques\/ronds, comme des bouteilles, pots avec ou sans applications de Sleever machine.<\/p>\n<ul>\n<li>Flux d&rsquo;air \u00e0 360\u00b0 avec un ventilateur pour am\u00e9liorer le r\u00e9tr\u00e9cissement du film r\u00e9partition et assurant une bonne r\u00e9partition de la chaleur.<\/li>\n<li>Tunnel enti\u00e8rement isolant pour \u00e9viter tout fuites de chaleur vers l&rsquo;ext\u00e9rieur.<\/li>\n<li>Vitesse r\u00e9glable du convoyeur.<\/li>\n<li>\u00a0Guides situ\u00e9 \u00e0 l\u2019int\u00e9rieur du tunnel pour assurer le maintien du produit.<\/li>\n<li>Interrupteur d&rsquo;arr\u00eat d&rsquo;urgence en cas d&rsquo;urgence en cours d&rsquo;op\u00e9ration.<\/li>\n<li>Adoptez un moteur et une turbine de soufflage \u00e0 haute puissance pour le soufflage d&rsquo;air, ce qui ne fera pas changer de position ou se d\u00e9former l&rsquo;\u00e9tiquette.<\/li>\n<li>Changement simple pour diff\u00e9rents types de bouteilles.<\/li>\n<li>Le radiateur en acier inoxydable a une longue dur\u00e9e de vie.<\/li>\n<li>La temp\u00e9rature de r\u00e9traction peut \u00eatre r\u00e9gul\u00e9e selon les exigences de l&#8217;emballage \u00e0 volont\u00e9, jusqu&rsquo;\u00e0 300\u2103.<\/li>\n<li>Adoptez une r\u00e9gulation de la vitesse de transport en continu contr\u00f4l\u00e9e par un r\u00e9gulateur de vitesse \u00e9lectronique.<\/li>\n<li>Seules les parties du bouchon de la bouteille sont chauff\u00e9es, de sorte que la qualit\u00e9 du produit \u00e0 l&rsquo;int\u00e9rieur de la bouteille ne sera pas affect\u00e9e en raison de la temp\u00e9rature \u00e9lev\u00e9e.<\/li>\n<li>Le tunnel peut \u00eatre chauff\u00e9 partiellement selon certaines exigences particuli\u00e8res des produits afin d&rsquo;\u00e9conomiser de l&rsquo;\u00e9nergie.<\/li>\n<li>\u00a0La machine peut \u00eatre utilis\u00e9e seule ou connect\u00e9e \u00e0 la ligne de production.<\/li>\n<li>Machine conforme aux normes CE.<\/li>\n<\/ul>\n","protected":false},"excerpt":{"rendered":"<p>Le tunnel de r\u00e9traction sp\u00e9cialement con\u00e7u pour le traitement thermique des r\u00e9cipients cylindriques\/ronds, comme des bouteilles, pots avec ou sans applications de Sleever machine.<img loading=\"lazy\" decoding=\"async\" class=\"alignnone size-full wp-image-30689\" src=\"https:\/\/innovexalgerie.com\/machines\/wp-content\/uploads\/2022\/06\/icon-tunnel-bs1540.jpg\" alt=\"icon-tunnel-bs1540\" width=\"891\" height=\"217\" srcset=\"https:\/\/innovexalgerie.com\/machines\/wp-content\/uploads\/2022\/06\/icon-tunnel-bs1540.jpg 891w, https:\/\/innovexalgerie.com\/machines\/wp-content\/uploads\/2022\/06\/icon-tunnel-bs1540-300x73.jpg 300w, https:\/\/innovexalgerie.com\/machines\/wp-content\/uploads\/2022\/06\/icon-tunnel-bs1540-768x187.jpg 768w, https:\/\/innovexalgerie.com\/machines\/wp-content\/uploads\/2022\/06\/icon-tunnel-bs1540-600x146.jpg 600w\" sizes=\"auto, (max-width: 891px) 100vw, 891px\" \/><\/p>\n","protected":false},"featured_media":30684,"template":"","meta":{"_monsterinsights_skip_tracking":false,"_monsterinsights_sitenote_active":false,"_monsterinsights_sitenote_note":"","_monsterinsights_sitenote_category":0},"product_cat":[35,213],"product_tag":[31,63,64,65],"class_list":["post-30682","product","type-product","status-publish","has-post-thumbnail","hentry","product_cat-fardeleuse-et-cellophaneuse","product_cat-tunnel-de-retraction","product_tag-fardeleuse","product_tag-four","product_tag-four-de-retraction","product_tag-tunnel-de-retraction"],"yoast_head":"<!-- This site is optimized with the Yoast SEO Premium plugin v16.2 (Yoast SEO v16.7) - https:\/\/yoast.com\/wordpress\/plugins\/seo\/ -->\n<title>Tunnel de r\u00e9traction sleever BS-1540 - Innovex Machines | Innovex Algerie<\/title>\n<meta name=\"description\" content=\"Le tunnel de r\u00e9traction \u00a0sp\u00e9cialement con\u00e7u pour le traitement thermique des r\u00e9cipients cylindriques\/ronds, comme des bouteilles, pots..\" \/>\n<meta name=\"robots\" content=\"index, follow, max-snippet:-1, max-image-preview:large, max-video-preview:-1\" \/>\n<link rel=\"canonical\" href=\"https:\/\/innovexalgerie.com\/machines\/produit\/tunnel-de-retraction-sleever-bs-1540\/\" \/>\n<meta property=\"og:locale\" content=\"fr_FR\" \/>\n<meta property=\"og:type\" content=\"article\" \/>\n<meta property=\"og:title\" content=\"Tunnel de r\u00e9traction sleever BS-1540 - Innovex Machines | Innovex Algerie\" \/>\n<meta property=\"og:description\" content=\"Le tunnel de r\u00e9traction \u00a0sp\u00e9cialement con\u00e7u pour le traitement thermique des r\u00e9cipients cylindriques\/ronds, comme des bouteilles, pots..\" \/>\n<meta property=\"og:url\" content=\"https:\/\/innovexalgerie.com\/machines\/produit\/tunnel-de-retraction-sleever-bs-1540\/\" \/>\n<meta property=\"og:site_name\" content=\"Innovex Machines | Innovex Algerie\" \/>\n<meta property=\"article:publisher\" content=\"https:\/\/www.facebook.com\/innovexmachine1\" \/>\n<meta property=\"article:modified_time\" content=\"2022-06-15T14:39:05+00:00\" \/>\n<meta property=\"og:image\" content=\"https:\/\/innovexalgerie.com\/machines\/wp-content\/uploads\/2022\/06\/BS1540-INNOVEX-MACHINE.jpeg\" \/>\n\t<meta property=\"og:image:width\" content=\"550\" \/>\n\t<meta property=\"og:image:height\" content=\"600\" \/>\n<meta name=\"twitter:card\" content=\"summary_large_image\" \/>\n<meta name=\"twitter:label1\" content=\"Dur\u00e9e de lecture est.\" \/>\n\t<meta name=\"twitter:data1\" content=\"1 minute\" \/>\n<script type=\"application\/ld+json\" class=\"yoast-schema-graph\">{\"@context\":\"https:\/\/schema.org\",\"@graph\":[{\"@type\":\"WebSite\",\"@id\":\"https:\/\/innovexalgerie.com\/machines\/#website\",\"url\":\"https:\/\/innovexalgerie.com\/machines\/\",\"name\":\"Innovex Machines | Innovex Algerie\",\"description\":\"Fournisseur de machines d&#039;emballage et d&#039;imprimerie\",\"potentialAction\":[{\"@type\":\"SearchAction\",\"target\":{\"@type\":\"EntryPoint\",\"urlTemplate\":\"https:\/\/innovexalgerie.com\/machines\/?s={search_term_string}\"},\"query-input\":\"required name=search_term_string\"}],\"inLanguage\":\"fr-FR\"},{\"@type\":\"ImageObject\",\"@id\":\"https:\/\/innovexalgerie.com\/machines\/produit\/tunnel-de-retraction-sleever-bs-1540\/#primaryimage\",\"inLanguage\":\"fr-FR\",\"url\":\"https:\/\/innovexalgerie.com\/machines\/wp-content\/uploads\/2022\/06\/BS1540-INNOVEX-MACHINE.jpeg\",\"contentUrl\":\"https:\/\/innovexalgerie.com\/machines\/wp-content\/uploads\/2022\/06\/BS1540-INNOVEX-MACHINE.jpeg\",\"width\":550,\"height\":600,\"caption\":\"BS1540 INNOVEX MACHINE\"},{\"@type\":\"WebPage\",\"@id\":\"https:\/\/innovexalgerie.com\/machines\/produit\/tunnel-de-retraction-sleever-bs-1540\/#webpage\",\"url\":\"https:\/\/innovexalgerie.com\/machines\/produit\/tunnel-de-retraction-sleever-bs-1540\/\",\"name\":\"Tunnel de r\\u00e9traction sleever BS-1540 - Innovex Machines | Innovex Algerie\",\"isPartOf\":{\"@id\":\"https:\/\/innovexalgerie.com\/machines\/#website\"},\"primaryImageOfPage\":{\"@id\":\"https:\/\/innovexalgerie.com\/machines\/produit\/tunnel-de-retraction-sleever-bs-1540\/#primaryimage\"},\"datePublished\":\"2022-06-15T08:27:21+00:00\",\"dateModified\":\"2022-06-15T14:39:05+00:00\",\"description\":\"Le tunnel de r\\u00e9traction \\u00a0sp\\u00e9cialement con\\u00e7u pour le traitement thermique des r\\u00e9cipients cylindriques\/ronds, comme des bouteilles, pots..\",\"breadcrumb\":{\"@id\":\"https:\/\/innovexalgerie.com\/machines\/produit\/tunnel-de-retraction-sleever-bs-1540\/#breadcrumb\"},\"inLanguage\":\"fr-FR\",\"potentialAction\":[{\"@type\":\"ReadAction\",\"target\":[\"https:\/\/innovexalgerie.com\/machines\/produit\/tunnel-de-retraction-sleever-bs-1540\/\"]}]},{\"@type\":\"BreadcrumbList\",\"@id\":\"https:\/\/innovexalgerie.com\/machines\/produit\/tunnel-de-retraction-sleever-bs-1540\/#breadcrumb\",\"itemListElement\":[{\"@type\":\"ListItem\",\"position\":1,\"name\":\"Accueil\",\"item\":\"https:\/\/innovexalgerie.com\/machines\/\"},{\"@type\":\"ListItem\",\"position\":2,\"name\":\"Produits\",\"item\":\"https:\/\/innovexalgerie.com\/machines\/boutique\/\"},{\"@type\":\"ListItem\",\"position\":3,\"name\":\"Tunnel de r\\u00e9traction sleever BS-1540\"}]}]}<\/script>\n<!-- \/ Yoast SEO Premium plugin. -->","yoast_head_json":{"title":"Tunnel de r\u00e9traction sleever BS-1540 - Innovex Machines | Innovex Algerie","description":"Le tunnel de r\u00e9traction \u00a0sp\u00e9cialement con\u00e7u pour le traitement thermique des r\u00e9cipients cylindriques\/ronds, comme des bouteilles, pots..","robots":{"index":"index","follow":"follow","max-snippet":"max-snippet:-1","max-image-preview":"max-image-preview:large","max-video-preview":"max-video-preview:-1"},"canonical":"https:\/\/innovexalgerie.com\/machines\/produit\/tunnel-de-retraction-sleever-bs-1540\/","og_locale":"fr_FR","og_type":"article","og_title":"Tunnel de r\u00e9traction sleever BS-1540 - Innovex Machines | Innovex Algerie","og_description":"Le tunnel de r\u00e9traction \u00a0sp\u00e9cialement con\u00e7u pour le traitement thermique des r\u00e9cipients cylindriques\/ronds, comme des bouteilles, pots..","og_url":"https:\/\/innovexalgerie.com\/machines\/produit\/tunnel-de-retraction-sleever-bs-1540\/","og_site_name":"Innovex Machines | Innovex Algerie","article_publisher":"https:\/\/www.facebook.com\/innovexmachine1","article_modified_time":"2022-06-15T14:39:05+00:00","og_image":[{"width":550,"height":600,"filesize":32037,"url":"https:\/\/innovexalgerie.com\/machines\/wp-content\/uploads\/2022\/06\/BS1540-INNOVEX-MACHINE.jpeg","path":"\/home\/inovex\/public_html\/machines\/wp-content\/uploads\/2022\/06\/BS1540-INNOVEX-MACHINE.jpeg","size":"full","id":30684,"alt":"BS1540 INNOVEX MACHINE","pixels":330000,"type":"image\/jpeg"}],"twitter_card":"summary_large_image","twitter_misc":{"Dur\u00e9e de lecture est.":"1 minute"},"schema":{"@context":"https:\/\/schema.org","@graph":[{"@type":"WebSite","@id":"https:\/\/innovexalgerie.com\/machines\/#website","url":"https:\/\/innovexalgerie.com\/machines\/","name":"Innovex Machines | Innovex Algerie","description":"Fournisseur de machines d&#039;emballage et d&#039;imprimerie","potentialAction":[{"@type":"SearchAction","target":{"@type":"EntryPoint","urlTemplate":"https:\/\/innovexalgerie.com\/machines\/?s={search_term_string}"},"query-input":"required name=search_term_string"}],"inLanguage":"fr-FR"},{"@type":"ImageObject","@id":"https:\/\/innovexalgerie.com\/machines\/produit\/tunnel-de-retraction-sleever-bs-1540\/#primaryimage","inLanguage":"fr-FR","url":"https:\/\/innovexalgerie.com\/machines\/wp-content\/uploads\/2022\/06\/BS1540-INNOVEX-MACHINE.jpeg","contentUrl":"https:\/\/innovexalgerie.com\/machines\/wp-content\/uploads\/2022\/06\/BS1540-INNOVEX-MACHINE.jpeg","width":550,"height":600,"caption":"BS1540 INNOVEX MACHINE"},{"@type":"WebPage","@id":"https:\/\/innovexalgerie.com\/machines\/produit\/tunnel-de-retraction-sleever-bs-1540\/#webpage","url":"https:\/\/innovexalgerie.com\/machines\/produit\/tunnel-de-retraction-sleever-bs-1540\/","name":"Tunnel de r\u00e9traction sleever BS-1540 - Innovex Machines | Innovex Algerie","isPartOf":{"@id":"https:\/\/innovexalgerie.com\/machines\/#website"},"primaryImageOfPage":{"@id":"https:\/\/innovexalgerie.com\/machines\/produit\/tunnel-de-retraction-sleever-bs-1540\/#primaryimage"},"datePublished":"2022-06-15T08:27:21+00:00","dateModified":"2022-06-15T14:39:05+00:00","description":"Le tunnel de r\u00e9traction \u00a0sp\u00e9cialement con\u00e7u pour le traitement thermique des r\u00e9cipients cylindriques\/ronds, comme des bouteilles, pots..","breadcrumb":{"@id":"https:\/\/innovexalgerie.com\/machines\/produit\/tunnel-de-retraction-sleever-bs-1540\/#breadcrumb"},"inLanguage":"fr-FR","potentialAction":[{"@type":"ReadAction","target":["https:\/\/innovexalgerie.com\/machines\/produit\/tunnel-de-retraction-sleever-bs-1540\/"]}]},{"@type":"BreadcrumbList","@id":"https:\/\/innovexalgerie.com\/machines\/produit\/tunnel-de-retraction-sleever-bs-1540\/#breadcrumb","itemListElement":[{"@type":"ListItem","position":1,"name":"Accueil","item":"https:\/\/innovexalgerie.com\/machines\/"},{"@type":"ListItem","position":2,"name":"Produits","item":"https:\/\/innovexalgerie.com\/machines\/boutique\/"},{"@type":"ListItem","position":3,"name":"Tunnel de r\u00e9traction sleever BS-1540"}]}]}},"_links":{"self":[{"href":"https:\/\/innovexalgerie.com\/machines\/wp-json\/wp\/v2\/product\/30682","targetHints":{"allow":["GET"]}}],"collection":[{"href":"https:\/\/innovexalgerie.com\/machines\/wp-json\/wp\/v2\/product"}],"about":[{"href":"https:\/\/innovexalgerie.com\/machines\/wp-json\/wp\/v2\/types\/product"}],"version-history":[{"count":5,"href":"https:\/\/innovexalgerie.com\/machines\/wp-json\/wp\/v2\/product\/30682\/revisions"}],"predecessor-version":[{"id":30691,"href":"https:\/\/innovexalgerie.com\/machines\/wp-json\/wp\/v2\/product\/30682\/revisions\/30691"}],"wp:featuredmedia":[{"embeddable":true,"href":"https:\/\/innovexalgerie.com\/machines\/wp-json\/wp\/v2\/media\/30684"}],"wp:attachment":[{"href":"https:\/\/innovexalgerie.com\/machines\/wp-json\/wp\/v2\/media?parent=30682"}],"wp:term":[{"taxonomy":"product_cat","embeddable":true,"href":"https:\/\/innovexalgerie.com\/machines\/wp-json\/wp\/v2\/product_cat?post=30682"},{"taxonomy":"product_tag","embeddable":true,"href":"https:\/\/innovexalgerie.com\/machines\/wp-json\/wp\/v2\/product_tag?post=30682"}],"curies":[{"name":"wp","href":"https:\/\/api.w.org\/{rel}","templated":true}]}}