{"id":30776,"date":"2022-06-21T14:50:13","date_gmt":"2022-06-21T13:50:13","guid":{"rendered":"https:\/\/innovexalgerie.com\/machines\/?post_type=product&#038;p=30776"},"modified":"2022-06-22T08:30:06","modified_gmt":"2022-06-22T07:30:06","slug":"soudeuse-continue-pour-gros-sacs-avec-systeme-de-marquage-frcm-1120l","status":"publish","type":"product","link":"https:\/\/innovexalgerie.com\/machines\/produit\/soudeuse-continue-pour-gros-sacs-avec-systeme-de-marquage-frcm-1120l\/","title":{"rendered":"Soudeuse continue pour gros sacs avec syst\u00e8me de marquage FRCM-1120L"},"content":{"rendered":"<p>Soudeuse en continue verticale <strong>FRCM-1120L<\/strong> fabriqu\u00e9e enti\u00e8rement en m\u00e9tal, pour des gros sacs assure la fermeture des sacs de polypropyl\u00e8ne, de cellophane, de poly\u00e9thyl\u00e8ne, et de toutes les mati\u00e8res thermo-soudable, avec un syst\u00e8me de soudage par ceintures PTFE avec possibilit\u00e9 de r\u00e9glage de temp\u00e9rature, dot\u00e9e un syst\u00e8me de marquage rotatif solide \u00e0 chaud de et les caract\u00e8res interchangeables, la date de fabrication ou bien toute autre \u00e9criture sur le sachet.<\/p>\n<ul>\n<li>Structure en m\u00e9tal.<\/li>\n<li>\u00a0Facile \u00e0 utiliser, entra\u00eenement minimal de l&rsquo;op\u00e9rateur.<\/li>\n<li>Soudure de tous mat\u00e9riaux thermosoudables comprenant des PE, des PP.<\/li>\n<li>Hauteur r\u00e9glable de tapis convoyeur<\/li>\n<li>R\u00e9gulateur de temp\u00e9rature \u00e9lectronique pour maintenir les barres d&rsquo;\u00e9tanch\u00e9it\u00e9 \u00e0 une temp\u00e9rature appropri\u00e9e pour une qualit\u00e9 de joint uniforme.<\/li>\n<li>Convoyeur en caoutchouc motoris\u00e9 avec contr\u00f4le de vitesse.<\/li>\n<li>\u00c9quip\u00e9e d&rsquo;un bouton d&rsquo;arr\u00eat d&rsquo;urgence.<\/li>\n<li>Machine conforme aux normes CE.<\/li>\n<\/ul>\n<p>&nbsp;<\/p>\n","protected":false},"excerpt":{"rendered":"<p>Soudeuse en continue verticale pour des gros sacs fabriqu\u00e9 enti\u00e8rement en m\u00e9tal. elle est dot\u00e9 d&rsquo;un syst\u00e8me de marquage rotatif solide \u00e0 chaud et les caract\u00e8res interchangeables.<img loading=\"lazy\" decoding=\"async\" class=\"alignnone size-full wp-image-30762\" src=\"https:\/\/innovexalgerie.com\/machines\/wp-content\/uploads\/2021\/03\/icon-soudeuse-frm1120l-en-inox-innovex-machine.jpg\" alt=\"icon-soudeuse-frm1120l-en-inox-innovex-machine\" width=\"891\" height=\"217\" srcset=\"https:\/\/innovexalgerie.com\/machines\/wp-content\/uploads\/2021\/03\/icon-soudeuse-frm1120l-en-inox-innovex-machine.jpg 891w, https:\/\/innovexalgerie.com\/machines\/wp-content\/uploads\/2021\/03\/icon-soudeuse-frm1120l-en-inox-innovex-machine-300x73.jpg 300w, https:\/\/innovexalgerie.com\/machines\/wp-content\/uploads\/2021\/03\/icon-soudeuse-frm1120l-en-inox-innovex-machine-768x187.jpg 768w, https:\/\/innovexalgerie.com\/machines\/wp-content\/uploads\/2021\/03\/icon-soudeuse-frm1120l-en-inox-innovex-machine-600x146.jpg 600w\" sizes=\"auto, (max-width: 891px) 100vw, 891px\" \/><\/p>\n","protected":false},"featured_media":30790,"template":"","meta":{"_monsterinsights_skip_tracking":false,"_monsterinsights_sitenote_active":false,"_monsterinsights_sitenote_note":"","_monsterinsights_sitenote_category":0},"product_cat":[66,223],"product_tag":[67,68,44,69],"class_list":["post-30776","product","type-product","status-publish","has-post-thumbnail","hentry","product_cat-soudeuses","product_cat-soudeuses-continue","product_tag-dateur","product_tag-dateuse","product_tag-soudeuse","product_tag-soudeuse-contenue"],"yoast_head":"<!-- This site is optimized with the Yoast SEO Premium plugin v16.2 (Yoast SEO v16.7) - https:\/\/yoast.com\/wordpress\/plugins\/seo\/ -->\n<title>Soudeuse continue pour gros sacs avec syst\u00e8me de marquage FRCM-1120L - Innovex Machines | Innovex Algerie<\/title>\n<meta name=\"description\" content=\"Soudeuse en continue verticale pour des gros sacs fabriqu\u00e9 enti\u00e8rement en m\u00e9tal elle est dot\u00e9 d&#039;un syst\u00e8me de marquage rotatif solide.\" \/>\n<meta name=\"robots\" content=\"index, follow, max-snippet:-1, max-image-preview:large, max-video-preview:-1\" \/>\n<link rel=\"canonical\" href=\"https:\/\/innovexalgerie.com\/machines\/produit\/soudeuse-continue-pour-gros-sacs-avec-systeme-de-marquage-frcm-1120l\/\" \/>\n<meta property=\"og:locale\" content=\"fr_FR\" \/>\n<meta property=\"og:type\" content=\"article\" \/>\n<meta property=\"og:title\" content=\"Soudeuse continue pour gros sacs avec syst\u00e8me de marquage FRCM-1120L - Innovex Machines | Innovex Algerie\" \/>\n<meta property=\"og:description\" content=\"Soudeuse en continue verticale pour des gros sacs fabriqu\u00e9 enti\u00e8rement en m\u00e9tal elle est dot\u00e9 d&#039;un syst\u00e8me de marquage rotatif solide.\" \/>\n<meta property=\"og:url\" content=\"https:\/\/innovexalgerie.com\/machines\/produit\/soudeuse-continue-pour-gros-sacs-avec-systeme-de-marquage-frcm-1120l\/\" \/>\n<meta property=\"og:site_name\" content=\"Innovex Machines | Innovex Algerie\" \/>\n<meta property=\"article:publisher\" content=\"https:\/\/www.facebook.com\/innovexmachine1\" \/>\n<meta property=\"article:modified_time\" content=\"2022-06-22T07:30:06+00:00\" \/>\n<meta property=\"og:image\" content=\"https:\/\/innovexalgerie.com\/machines\/wp-content\/uploads\/2022\/06\/soudeuse-frcm1120l-innovex-machine.jpg\" \/>\n\t<meta property=\"og:image:width\" content=\"1000\" \/>\n\t<meta property=\"og:image:height\" content=\"1000\" \/>\n<meta name=\"twitter:card\" content=\"summary_large_image\" \/>\n<meta name=\"twitter:label1\" content=\"Dur\u00e9e de lecture est.\" \/>\n\t<meta name=\"twitter:data1\" content=\"1 minute\" \/>\n<script type=\"application\/ld+json\" class=\"yoast-schema-graph\">{\"@context\":\"https:\/\/schema.org\",\"@graph\":[{\"@type\":\"WebSite\",\"@id\":\"https:\/\/innovexalgerie.com\/machines\/#website\",\"url\":\"https:\/\/innovexalgerie.com\/machines\/\",\"name\":\"Innovex Machines | Innovex Algerie\",\"description\":\"Fournisseur de machines d&#039;emballage et d&#039;imprimerie\",\"potentialAction\":[{\"@type\":\"SearchAction\",\"target\":{\"@type\":\"EntryPoint\",\"urlTemplate\":\"https:\/\/innovexalgerie.com\/machines\/?s={search_term_string}\"},\"query-input\":\"required name=search_term_string\"}],\"inLanguage\":\"fr-FR\"},{\"@type\":\"ImageObject\",\"@id\":\"https:\/\/innovexalgerie.com\/machines\/produit\/soudeuse-continue-pour-gros-sacs-avec-systeme-de-marquage-frcm-1120l\/#primaryimage\",\"inLanguage\":\"fr-FR\",\"url\":\"https:\/\/innovexalgerie.com\/machines\/wp-content\/uploads\/2022\/06\/soudeuse-frcm1120l-innovex-machine.jpg\",\"contentUrl\":\"https:\/\/innovexalgerie.com\/machines\/wp-content\/uploads\/2022\/06\/soudeuse-frcm1120l-innovex-machine.jpg\",\"width\":1000,\"height\":1000},{\"@type\":\"WebPage\",\"@id\":\"https:\/\/innovexalgerie.com\/machines\/produit\/soudeuse-continue-pour-gros-sacs-avec-systeme-de-marquage-frcm-1120l\/#webpage\",\"url\":\"https:\/\/innovexalgerie.com\/machines\/produit\/soudeuse-continue-pour-gros-sacs-avec-systeme-de-marquage-frcm-1120l\/\",\"name\":\"Soudeuse continue pour gros sacs avec syst\\u00e8me de marquage FRCM-1120L - Innovex Machines | Innovex Algerie\",\"isPartOf\":{\"@id\":\"https:\/\/innovexalgerie.com\/machines\/#website\"},\"primaryImageOfPage\":{\"@id\":\"https:\/\/innovexalgerie.com\/machines\/produit\/soudeuse-continue-pour-gros-sacs-avec-systeme-de-marquage-frcm-1120l\/#primaryimage\"},\"datePublished\":\"2022-06-21T13:50:13+00:00\",\"dateModified\":\"2022-06-22T07:30:06+00:00\",\"description\":\"Soudeuse en continue verticale pour des gros sacs fabriqu\\u00e9 enti\\u00e8rement en m\\u00e9tal elle est dot\\u00e9 d'un syst\\u00e8me de marquage rotatif solide.\",\"breadcrumb\":{\"@id\":\"https:\/\/innovexalgerie.com\/machines\/produit\/soudeuse-continue-pour-gros-sacs-avec-systeme-de-marquage-frcm-1120l\/#breadcrumb\"},\"inLanguage\":\"fr-FR\",\"potentialAction\":[{\"@type\":\"ReadAction\",\"target\":[\"https:\/\/innovexalgerie.com\/machines\/produit\/soudeuse-continue-pour-gros-sacs-avec-systeme-de-marquage-frcm-1120l\/\"]}]},{\"@type\":\"BreadcrumbList\",\"@id\":\"https:\/\/innovexalgerie.com\/machines\/produit\/soudeuse-continue-pour-gros-sacs-avec-systeme-de-marquage-frcm-1120l\/#breadcrumb\",\"itemListElement\":[{\"@type\":\"ListItem\",\"position\":1,\"name\":\"Accueil\",\"item\":\"https:\/\/innovexalgerie.com\/machines\/\"},{\"@type\":\"ListItem\",\"position\":2,\"name\":\"Produits\",\"item\":\"https:\/\/innovexalgerie.com\/machines\/boutique\/\"},{\"@type\":\"ListItem\",\"position\":3,\"name\":\"Soudeuse continue pour gros sacs avec syst\\u00e8me de marquage FRCM-1120L\"}]}]}<\/script>\n<!-- \/ Yoast SEO Premium plugin. -->","yoast_head_json":{"title":"Soudeuse continue pour gros sacs avec syst\u00e8me de marquage FRCM-1120L - Innovex Machines | Innovex Algerie","description":"Soudeuse en continue verticale pour des gros sacs fabriqu\u00e9 enti\u00e8rement en m\u00e9tal elle est dot\u00e9 d'un syst\u00e8me de marquage rotatif solide.","robots":{"index":"index","follow":"follow","max-snippet":"max-snippet:-1","max-image-preview":"max-image-preview:large","max-video-preview":"max-video-preview:-1"},"canonical":"https:\/\/innovexalgerie.com\/machines\/produit\/soudeuse-continue-pour-gros-sacs-avec-systeme-de-marquage-frcm-1120l\/","og_locale":"fr_FR","og_type":"article","og_title":"Soudeuse continue pour gros sacs avec syst\u00e8me de marquage FRCM-1120L - Innovex Machines | Innovex Algerie","og_description":"Soudeuse en continue verticale pour des gros sacs fabriqu\u00e9 enti\u00e8rement en m\u00e9tal elle est dot\u00e9 d'un syst\u00e8me de marquage rotatif solide.","og_url":"https:\/\/innovexalgerie.com\/machines\/produit\/soudeuse-continue-pour-gros-sacs-avec-systeme-de-marquage-frcm-1120l\/","og_site_name":"Innovex Machines | Innovex Algerie","article_publisher":"https:\/\/www.facebook.com\/innovexmachine1","article_modified_time":"2022-06-22T07:30:06+00:00","og_image":[{"width":1000,"height":1000,"filesize":202871,"url":"https:\/\/innovexalgerie.com\/machines\/wp-content\/uploads\/2022\/06\/soudeuse-frcm1120l-innovex-machine.jpg","path":"\/home\/inovex\/public_html\/machines\/wp-content\/uploads\/2022\/06\/soudeuse-frcm1120l-innovex-machine.jpg","size":"full","id":30790,"alt":"","pixels":1000000,"type":"image\/jpeg"}],"twitter_card":"summary_large_image","twitter_misc":{"Dur\u00e9e de lecture est.":"1 minute"},"schema":{"@context":"https:\/\/schema.org","@graph":[{"@type":"WebSite","@id":"https:\/\/innovexalgerie.com\/machines\/#website","url":"https:\/\/innovexalgerie.com\/machines\/","name":"Innovex Machines | Innovex Algerie","description":"Fournisseur de machines d&#039;emballage et d&#039;imprimerie","potentialAction":[{"@type":"SearchAction","target":{"@type":"EntryPoint","urlTemplate":"https:\/\/innovexalgerie.com\/machines\/?s={search_term_string}"},"query-input":"required name=search_term_string"}],"inLanguage":"fr-FR"},{"@type":"ImageObject","@id":"https:\/\/innovexalgerie.com\/machines\/produit\/soudeuse-continue-pour-gros-sacs-avec-systeme-de-marquage-frcm-1120l\/#primaryimage","inLanguage":"fr-FR","url":"https:\/\/innovexalgerie.com\/machines\/wp-content\/uploads\/2022\/06\/soudeuse-frcm1120l-innovex-machine.jpg","contentUrl":"https:\/\/innovexalgerie.com\/machines\/wp-content\/uploads\/2022\/06\/soudeuse-frcm1120l-innovex-machine.jpg","width":1000,"height":1000},{"@type":"WebPage","@id":"https:\/\/innovexalgerie.com\/machines\/produit\/soudeuse-continue-pour-gros-sacs-avec-systeme-de-marquage-frcm-1120l\/#webpage","url":"https:\/\/innovexalgerie.com\/machines\/produit\/soudeuse-continue-pour-gros-sacs-avec-systeme-de-marquage-frcm-1120l\/","name":"Soudeuse continue pour gros sacs avec syst\u00e8me de marquage FRCM-1120L - Innovex Machines | Innovex Algerie","isPartOf":{"@id":"https:\/\/innovexalgerie.com\/machines\/#website"},"primaryImageOfPage":{"@id":"https:\/\/innovexalgerie.com\/machines\/produit\/soudeuse-continue-pour-gros-sacs-avec-systeme-de-marquage-frcm-1120l\/#primaryimage"},"datePublished":"2022-06-21T13:50:13+00:00","dateModified":"2022-06-22T07:30:06+00:00","description":"Soudeuse en continue verticale pour des gros sacs fabriqu\u00e9 enti\u00e8rement en m\u00e9tal elle est dot\u00e9 d'un syst\u00e8me de marquage rotatif solide.","breadcrumb":{"@id":"https:\/\/innovexalgerie.com\/machines\/produit\/soudeuse-continue-pour-gros-sacs-avec-systeme-de-marquage-frcm-1120l\/#breadcrumb"},"inLanguage":"fr-FR","potentialAction":[{"@type":"ReadAction","target":["https:\/\/innovexalgerie.com\/machines\/produit\/soudeuse-continue-pour-gros-sacs-avec-systeme-de-marquage-frcm-1120l\/"]}]},{"@type":"BreadcrumbList","@id":"https:\/\/innovexalgerie.com\/machines\/produit\/soudeuse-continue-pour-gros-sacs-avec-systeme-de-marquage-frcm-1120l\/#breadcrumb","itemListElement":[{"@type":"ListItem","position":1,"name":"Accueil","item":"https:\/\/innovexalgerie.com\/machines\/"},{"@type":"ListItem","position":2,"name":"Produits","item":"https:\/\/innovexalgerie.com\/machines\/boutique\/"},{"@type":"ListItem","position":3,"name":"Soudeuse continue pour gros sacs avec syst\u00e8me de marquage FRCM-1120L"}]}]}},"_links":{"self":[{"href":"https:\/\/innovexalgerie.com\/machines\/wp-json\/wp\/v2\/product\/30776","targetHints":{"allow":["GET"]}}],"collection":[{"href":"https:\/\/innovexalgerie.com\/machines\/wp-json\/wp\/v2\/product"}],"about":[{"href":"https:\/\/innovexalgerie.com\/machines\/wp-json\/wp\/v2\/types\/product"}],"version-history":[{"count":2,"href":"https:\/\/innovexalgerie.com\/machines\/wp-json\/wp\/v2\/product\/30776\/revisions"}],"predecessor-version":[{"id":30784,"href":"https:\/\/innovexalgerie.com\/machines\/wp-json\/wp\/v2\/product\/30776\/revisions\/30784"}],"wp:featuredmedia":[{"embeddable":true,"href":"https:\/\/innovexalgerie.com\/machines\/wp-json\/wp\/v2\/media\/30790"}],"wp:attachment":[{"href":"https:\/\/innovexalgerie.com\/machines\/wp-json\/wp\/v2\/media?parent=30776"}],"wp:term":[{"taxonomy":"product_cat","embeddable":true,"href":"https:\/\/innovexalgerie.com\/machines\/wp-json\/wp\/v2\/product_cat?post=30776"},{"taxonomy":"product_tag","embeddable":true,"href":"https:\/\/innovexalgerie.com\/machines\/wp-json\/wp\/v2\/product_tag?post=30776"}],"curies":[{"name":"wp","href":"https:\/\/api.w.org\/{rel}","templated":true}]}}