{"id":30928,"date":"2022-06-27T15:04:16","date_gmt":"2022-06-27T14:04:16","guid":{"rendered":"https:\/\/innovexalgerie.com\/machines\/?post_type=product&#038;p=30928"},"modified":"2022-06-27T15:39:57","modified_gmt":"2022-06-27T14:39:57","slug":"cisaille-coupe-feuillard-metallique-h-410","status":"publish","type":"product","link":"https:\/\/innovexalgerie.com\/machines\/produit\/cisaille-coupe-feuillard-metallique-h-410\/","title":{"rendered":"Cisaille coupe feuillard M\u00e9tallique H-410"},"content":{"rendered":"<p>Cisaille pour feuillard m\u00e9tallique <strong>H-410<\/strong>\u00a0avec une largeur maximale de 50mm, la forme pointue permet l&rsquo;insertion de la cisaille sous la sangle tendue, et un dispositif d&rsquo;\u00e9tanch\u00e9it\u00e9 emp\u00eache l&rsquo;effet de fouet dangereux.<\/p>\n<ul>\n<li>Le levier long et le moyeu avec transmission vous permettent de couper tout type de sangle avec un minimum d&rsquo;effort.<\/li>\n<li>Cisaille pour feuillard haute r\u00e9sistance 32 x 1.25 mm.<\/li>\n<li>Pratique et confortable \u00e0 l\u2019usage gr\u00e2ce \u00e0 ses couteaux r\u00e9versibles et sa poign\u00e9e antiglisse.<\/li>\n<li>Cisaille de s\u00e9curit\u00e9 ergonomique gr\u00e2ce \u00e0 sa courbe de conception ergonomique.<\/li>\n<li>Glisse sans difficult\u00e9 sous tous feuillard solide.<\/li>\n<li>Coupe en retenant les 2 extr\u00e9mit\u00e9s du feuillard.<\/li>\n<li>Utilis\u00e9 pour le d\u00e9coupage des feuillards en acier haute r\u00e9sistance.<\/li>\n<li>Pratique et confortable \u00e0 utiliser.<\/li>\n<li>Coupe imm\u00e9diatement et sans efforts tous les feuillards m\u00e9tallique en toute s\u00e9curit\u00e9.<\/li>\n<\/ul>\n","protected":false},"excerpt":{"rendered":"<p>Cisaille pour feuillard m\u00e9tallique\u00a0avec une largeur maximale de 50mm, pratique et confortable \u00e0 utiliser. Coupe imm\u00e9diatement et sans efforts tous les feuillards m\u00e9tallique en toute s\u00e9curit\u00e9.<img loading=\"lazy\" decoding=\"async\" class=\"alignnone size-full wp-image-30925\" src=\"https:\/\/innovexalgerie.com\/machines\/wp-content\/uploads\/2022\/06\/icon-cisaille.jpg\" alt=\"icon-cisaille innovex machine \" width=\"922\" height=\"217\" srcset=\"https:\/\/innovexalgerie.com\/machines\/wp-content\/uploads\/2022\/06\/icon-cisaille.jpg 922w, https:\/\/innovexalgerie.com\/machines\/wp-content\/uploads\/2022\/06\/icon-cisaille-300x71.jpg 300w, https:\/\/innovexalgerie.com\/machines\/wp-content\/uploads\/2022\/06\/icon-cisaille-768x181.jpg 768w, https:\/\/innovexalgerie.com\/machines\/wp-content\/uploads\/2022\/06\/icon-cisaille-600x141.jpg 600w\" sizes=\"auto, (max-width: 922px) 100vw, 922px\" \/><\/p>\n","protected":false},"featured_media":30932,"template":"","meta":{"_monsterinsights_skip_tracking":false,"_monsterinsights_sitenote_active":false,"_monsterinsights_sitenote_note":"","_monsterinsights_sitenote_category":0},"product_cat":[237],"product_tag":[197,56,57,198,199,58,200,59,201],"class_list":["post-30928","product","type-product","status-publish","has-post-thumbnail","hentry","product_cat-tous-accessoires","product_tag-adhesif","product_tag-bande-adhesive","product_tag-carton-sealer","product_tag-devidoir","product_tag-dispenser","product_tag-fermeuse","product_tag-ruban","product_tag-scotcheuse","product_tag-tape"],"yoast_head":"<!-- This site is optimized with the Yoast SEO Premium plugin v16.2 (Yoast SEO v16.7) - https:\/\/yoast.com\/wordpress\/plugins\/seo\/ -->\n<title>Cisaille coupe feuillard M\u00e9tallique H-410 - Innovex Machines | Innovex Algerie<\/title>\n<meta name=\"description\" content=\"Cisaille pour feuillard m\u00e9tallique\u00a0avec une largeur maximale de 50mm, pratique et confortable \u00e0 utiliser. innovex machine.\" \/>\n<meta name=\"robots\" content=\"index, follow, max-snippet:-1, max-image-preview:large, max-video-preview:-1\" \/>\n<link rel=\"canonical\" href=\"https:\/\/innovexalgerie.com\/machines\/produit\/cisaille-coupe-feuillard-metallique-h-410\/\" \/>\n<meta property=\"og:locale\" content=\"fr_FR\" \/>\n<meta property=\"og:type\" content=\"article\" \/>\n<meta property=\"og:title\" content=\"Cisaille coupe feuillard M\u00e9tallique H-410 - Innovex Machines | Innovex Algerie\" \/>\n<meta property=\"og:description\" content=\"Cisaille pour feuillard m\u00e9tallique\u00a0avec une largeur maximale de 50mm, pratique et confortable \u00e0 utiliser. innovex machine.\" \/>\n<meta property=\"og:url\" content=\"https:\/\/innovexalgerie.com\/machines\/produit\/cisaille-coupe-feuillard-metallique-h-410\/\" \/>\n<meta property=\"og:site_name\" content=\"Innovex Machines | Innovex Algerie\" \/>\n<meta property=\"article:publisher\" content=\"https:\/\/www.facebook.com\/innovexmachine1\" \/>\n<meta property=\"article:modified_time\" content=\"2022-06-27T14:39:57+00:00\" \/>\n<meta property=\"og:image\" content=\"https:\/\/innovexalgerie.com\/machines\/wp-content\/uploads\/2022\/06\/H410-1.jpg\" \/>\n\t<meta property=\"og:image:width\" content=\"750\" \/>\n\t<meta property=\"og:image:height\" content=\"750\" \/>\n<meta name=\"twitter:card\" content=\"summary_large_image\" \/>\n<meta name=\"twitter:label1\" content=\"Dur\u00e9e de lecture est.\" \/>\n\t<meta name=\"twitter:data1\" content=\"1 minute\" \/>\n<script type=\"application\/ld+json\" class=\"yoast-schema-graph\">{\"@context\":\"https:\/\/schema.org\",\"@graph\":[{\"@type\":\"WebSite\",\"@id\":\"https:\/\/innovexalgerie.com\/machines\/#website\",\"url\":\"https:\/\/innovexalgerie.com\/machines\/\",\"name\":\"Innovex Machines | Innovex Algerie\",\"description\":\"Fournisseur de machines d&#039;emballage et d&#039;imprimerie\",\"potentialAction\":[{\"@type\":\"SearchAction\",\"target\":{\"@type\":\"EntryPoint\",\"urlTemplate\":\"https:\/\/innovexalgerie.com\/machines\/?s={search_term_string}\"},\"query-input\":\"required name=search_term_string\"}],\"inLanguage\":\"fr-FR\"},{\"@type\":\"ImageObject\",\"@id\":\"https:\/\/innovexalgerie.com\/machines\/produit\/cisaille-coupe-feuillard-metallique-h-410\/#primaryimage\",\"inLanguage\":\"fr-FR\",\"url\":\"https:\/\/innovexalgerie.com\/machines\/wp-content\/uploads\/2022\/06\/H410-1.jpg\",\"contentUrl\":\"https:\/\/innovexalgerie.com\/machines\/wp-content\/uploads\/2022\/06\/H410-1.jpg\",\"width\":750,\"height\":750},{\"@type\":\"WebPage\",\"@id\":\"https:\/\/innovexalgerie.com\/machines\/produit\/cisaille-coupe-feuillard-metallique-h-410\/#webpage\",\"url\":\"https:\/\/innovexalgerie.com\/machines\/produit\/cisaille-coupe-feuillard-metallique-h-410\/\",\"name\":\"Cisaille coupe feuillard M\\u00e9tallique H-410 - Innovex Machines | Innovex Algerie\",\"isPartOf\":{\"@id\":\"https:\/\/innovexalgerie.com\/machines\/#website\"},\"primaryImageOfPage\":{\"@id\":\"https:\/\/innovexalgerie.com\/machines\/produit\/cisaille-coupe-feuillard-metallique-h-410\/#primaryimage\"},\"datePublished\":\"2022-06-27T14:04:16+00:00\",\"dateModified\":\"2022-06-27T14:39:57+00:00\",\"description\":\"Cisaille pour feuillard m\\u00e9tallique\\u00a0avec une largeur maximale de 50mm, pratique et confortable \\u00e0 utiliser. innovex machine.\",\"breadcrumb\":{\"@id\":\"https:\/\/innovexalgerie.com\/machines\/produit\/cisaille-coupe-feuillard-metallique-h-410\/#breadcrumb\"},\"inLanguage\":\"fr-FR\",\"potentialAction\":[{\"@type\":\"ReadAction\",\"target\":[\"https:\/\/innovexalgerie.com\/machines\/produit\/cisaille-coupe-feuillard-metallique-h-410\/\"]}]},{\"@type\":\"BreadcrumbList\",\"@id\":\"https:\/\/innovexalgerie.com\/machines\/produit\/cisaille-coupe-feuillard-metallique-h-410\/#breadcrumb\",\"itemListElement\":[{\"@type\":\"ListItem\",\"position\":1,\"name\":\"Accueil\",\"item\":\"https:\/\/innovexalgerie.com\/machines\/\"},{\"@type\":\"ListItem\",\"position\":2,\"name\":\"Produits\",\"item\":\"https:\/\/innovexalgerie.com\/machines\/boutique\/\"},{\"@type\":\"ListItem\",\"position\":3,\"name\":\"Cisaille coupe feuillard M\\u00e9tallique H-410\"}]}]}<\/script>\n<!-- \/ Yoast SEO Premium plugin. -->","yoast_head_json":{"title":"Cisaille coupe feuillard M\u00e9tallique H-410 - Innovex Machines | Innovex Algerie","description":"Cisaille pour feuillard m\u00e9tallique\u00a0avec une largeur maximale de 50mm, pratique et confortable \u00e0 utiliser. innovex machine.","robots":{"index":"index","follow":"follow","max-snippet":"max-snippet:-1","max-image-preview":"max-image-preview:large","max-video-preview":"max-video-preview:-1"},"canonical":"https:\/\/innovexalgerie.com\/machines\/produit\/cisaille-coupe-feuillard-metallique-h-410\/","og_locale":"fr_FR","og_type":"article","og_title":"Cisaille coupe feuillard M\u00e9tallique H-410 - Innovex Machines | Innovex Algerie","og_description":"Cisaille pour feuillard m\u00e9tallique\u00a0avec une largeur maximale de 50mm, pratique et confortable \u00e0 utiliser. innovex machine.","og_url":"https:\/\/innovexalgerie.com\/machines\/produit\/cisaille-coupe-feuillard-metallique-h-410\/","og_site_name":"Innovex Machines | Innovex Algerie","article_publisher":"https:\/\/www.facebook.com\/innovexmachine1","article_modified_time":"2022-06-27T14:39:57+00:00","og_image":[{"width":750,"height":750,"filesize":55267,"url":"https:\/\/innovexalgerie.com\/machines\/wp-content\/uploads\/2022\/06\/H410-1.jpg","path":"\/home\/inovex\/public_html\/machines\/wp-content\/uploads\/2022\/06\/H410-1.jpg","size":"full","id":30932,"alt":"","pixels":562500,"type":"image\/jpeg"}],"twitter_card":"summary_large_image","twitter_misc":{"Dur\u00e9e de lecture est.":"1 minute"},"schema":{"@context":"https:\/\/schema.org","@graph":[{"@type":"WebSite","@id":"https:\/\/innovexalgerie.com\/machines\/#website","url":"https:\/\/innovexalgerie.com\/machines\/","name":"Innovex Machines | Innovex Algerie","description":"Fournisseur de machines d&#039;emballage et d&#039;imprimerie","potentialAction":[{"@type":"SearchAction","target":{"@type":"EntryPoint","urlTemplate":"https:\/\/innovexalgerie.com\/machines\/?s={search_term_string}"},"query-input":"required name=search_term_string"}],"inLanguage":"fr-FR"},{"@type":"ImageObject","@id":"https:\/\/innovexalgerie.com\/machines\/produit\/cisaille-coupe-feuillard-metallique-h-410\/#primaryimage","inLanguage":"fr-FR","url":"https:\/\/innovexalgerie.com\/machines\/wp-content\/uploads\/2022\/06\/H410-1.jpg","contentUrl":"https:\/\/innovexalgerie.com\/machines\/wp-content\/uploads\/2022\/06\/H410-1.jpg","width":750,"height":750},{"@type":"WebPage","@id":"https:\/\/innovexalgerie.com\/machines\/produit\/cisaille-coupe-feuillard-metallique-h-410\/#webpage","url":"https:\/\/innovexalgerie.com\/machines\/produit\/cisaille-coupe-feuillard-metallique-h-410\/","name":"Cisaille coupe feuillard M\u00e9tallique H-410 - Innovex Machines | Innovex Algerie","isPartOf":{"@id":"https:\/\/innovexalgerie.com\/machines\/#website"},"primaryImageOfPage":{"@id":"https:\/\/innovexalgerie.com\/machines\/produit\/cisaille-coupe-feuillard-metallique-h-410\/#primaryimage"},"datePublished":"2022-06-27T14:04:16+00:00","dateModified":"2022-06-27T14:39:57+00:00","description":"Cisaille pour feuillard m\u00e9tallique\u00a0avec une largeur maximale de 50mm, pratique et confortable \u00e0 utiliser. innovex machine.","breadcrumb":{"@id":"https:\/\/innovexalgerie.com\/machines\/produit\/cisaille-coupe-feuillard-metallique-h-410\/#breadcrumb"},"inLanguage":"fr-FR","potentialAction":[{"@type":"ReadAction","target":["https:\/\/innovexalgerie.com\/machines\/produit\/cisaille-coupe-feuillard-metallique-h-410\/"]}]},{"@type":"BreadcrumbList","@id":"https:\/\/innovexalgerie.com\/machines\/produit\/cisaille-coupe-feuillard-metallique-h-410\/#breadcrumb","itemListElement":[{"@type":"ListItem","position":1,"name":"Accueil","item":"https:\/\/innovexalgerie.com\/machines\/"},{"@type":"ListItem","position":2,"name":"Produits","item":"https:\/\/innovexalgerie.com\/machines\/boutique\/"},{"@type":"ListItem","position":3,"name":"Cisaille coupe feuillard M\u00e9tallique H-410"}]}]}},"_links":{"self":[{"href":"https:\/\/innovexalgerie.com\/machines\/wp-json\/wp\/v2\/product\/30928","targetHints":{"allow":["GET"]}}],"collection":[{"href":"https:\/\/innovexalgerie.com\/machines\/wp-json\/wp\/v2\/product"}],"about":[{"href":"https:\/\/innovexalgerie.com\/machines\/wp-json\/wp\/v2\/types\/product"}],"version-history":[{"count":3,"href":"https:\/\/innovexalgerie.com\/machines\/wp-json\/wp\/v2\/product\/30928\/revisions"}],"predecessor-version":[{"id":30938,"href":"https:\/\/innovexalgerie.com\/machines\/wp-json\/wp\/v2\/product\/30928\/revisions\/30938"}],"wp:featuredmedia":[{"embeddable":true,"href":"https:\/\/innovexalgerie.com\/machines\/wp-json\/wp\/v2\/media\/30932"}],"wp:attachment":[{"href":"https:\/\/innovexalgerie.com\/machines\/wp-json\/wp\/v2\/media?parent=30928"}],"wp:term":[{"taxonomy":"product_cat","embeddable":true,"href":"https:\/\/innovexalgerie.com\/machines\/wp-json\/wp\/v2\/product_cat?post=30928"},{"taxonomy":"product_tag","embeddable":true,"href":"https:\/\/innovexalgerie.com\/machines\/wp-json\/wp\/v2\/product_tag?post=30928"}],"curies":[{"name":"wp","href":"https:\/\/api.w.org\/{rel}","templated":true}]}}