{"id":30939,"date":"2022-06-27T15:47:57","date_gmt":"2022-06-27T14:47:57","guid":{"rendered":"https:\/\/innovexalgerie.com\/machines\/?post_type=product&#038;p=30939"},"modified":"2022-06-27T16:07:20","modified_gmt":"2022-06-27T15:07:20","slug":"couteau-de-securite-multifonctions","status":"publish","type":"product","link":"https:\/\/innovexalgerie.com\/machines\/produit\/couteau-de-securite-multifonctions\/","title":{"rendered":"Couteau de s\u00e9curit\u00e9 multifonctions"},"content":{"rendered":"<p>Couteau de s\u00e9curit\u00e9 est con\u00e7u pour d\u00e9couper le film \u00e9tirable, r\u00e9tractable ou froiss\u00e9, mati\u00e8res \u00e9paisses ou fines. Une lame prot\u00e9g\u00e9e vous \u00e9vite de vous blesser et d\u2018endommager les marchandises.<\/p>\n<ul>\n<li>Une autre lame sur le dos de couteau utilis\u00e9e pour d\u00e9couper le ruban adh\u00e9sif sur le carton qui prot\u00e8ge aussi le marchandise sur le carton et aussi pour prot\u00e9ger l\u2019op\u00e9rateur.<\/li>\n<li>La lame prot\u00e9g\u00e9e vous \u00e9vite de vous blesser et d\u2018endommager les marchandises.<\/li>\n<li>La conception ergonomique du manche y contribue largement.<\/li>\n<li>Il vous facilite le travail au maximum.<\/li>\n<\/ul>\n<p><img loading=\"lazy\" decoding=\"async\" class=\"alignnone size-full wp-image-30943\" src=\"https:\/\/innovexalgerie.com\/machines\/wp-content\/uploads\/2022\/06\/mode-dutilisation.jpg\" alt=\"\" width=\"491\" height=\"167\" srcset=\"https:\/\/innovexalgerie.com\/machines\/wp-content\/uploads\/2022\/06\/mode-dutilisation.jpg 491w, https:\/\/innovexalgerie.com\/machines\/wp-content\/uploads\/2022\/06\/mode-dutilisation-300x102.jpg 300w\" sizes=\"auto, (max-width: 491px) 100vw, 491px\" \/><\/p>\n","protected":false},"excerpt":{"rendered":"<p>Couteau de s\u00e9curit\u00e9 est con\u00e7u pour d\u00e9couper le film \u00e9tirable, r\u00e9tractable ou froiss\u00e9, mati\u00e8res \u00e9paisses ou fines. Une lame prot\u00e9g\u00e9e vous \u00e9vite de vous blesser et d\u2018endommager les marchandises.<\/p>\n","protected":false},"featured_media":30948,"template":"","meta":{"_monsterinsights_skip_tracking":false,"_monsterinsights_sitenote_active":false,"_monsterinsights_sitenote_note":"","_monsterinsights_sitenote_category":0},"product_cat":[237],"product_tag":[197,56,57,198,199,58,200,59,201],"class_list":["post-30939","product","type-product","status-publish","has-post-thumbnail","hentry","product_cat-tous-accessoires","product_tag-adhesif","product_tag-bande-adhesive","product_tag-carton-sealer","product_tag-devidoir","product_tag-dispenser","product_tag-fermeuse","product_tag-ruban","product_tag-scotcheuse","product_tag-tape"],"yoast_head":"<!-- This site is optimized with the Yoast SEO Premium plugin v16.2 (Yoast SEO v16.7) - https:\/\/yoast.com\/wordpress\/plugins\/seo\/ -->\n<title>Couteau de s\u00e9curit\u00e9 multifonctions - Innovex Machines | Innovex Algerie<\/title>\n<meta name=\"description\" content=\"Couteau de s\u00e9curit\u00e9 est con\u00e7u pour d\u00e9couper le film \u00e9tirable, r\u00e9tractable ou froiss\u00e9, mati\u00e8res \u00e9paisses ou fines. innovex machine.\" \/>\n<meta name=\"robots\" content=\"index, follow, max-snippet:-1, max-image-preview:large, max-video-preview:-1\" \/>\n<link rel=\"canonical\" href=\"https:\/\/innovexalgerie.com\/machines\/produit\/couteau-de-securite-multifonctions\/\" \/>\n<meta property=\"og:locale\" content=\"fr_FR\" \/>\n<meta property=\"og:type\" content=\"article\" \/>\n<meta property=\"og:title\" content=\"Couteau de s\u00e9curit\u00e9 multifonctions - Innovex Machines | Innovex Algerie\" \/>\n<meta property=\"og:description\" content=\"Couteau de s\u00e9curit\u00e9 est con\u00e7u pour d\u00e9couper le film \u00e9tirable, r\u00e9tractable ou froiss\u00e9, mati\u00e8res \u00e9paisses ou fines. innovex machine.\" \/>\n<meta property=\"og:url\" content=\"https:\/\/innovexalgerie.com\/machines\/produit\/couteau-de-securite-multifonctions\/\" \/>\n<meta property=\"og:site_name\" content=\"Innovex Machines | Innovex Algerie\" \/>\n<meta property=\"article:publisher\" content=\"https:\/\/www.facebook.com\/innovexmachine1\" \/>\n<meta property=\"article:modified_time\" content=\"2022-06-27T15:07:20+00:00\" \/>\n<meta property=\"og:image\" content=\"https:\/\/innovexalgerie.com\/machines\/wp-content\/uploads\/2022\/06\/couteau-de-securite-multi.jpg\" \/>\n\t<meta property=\"og:image:width\" content=\"321\" \/>\n\t<meta property=\"og:image:height\" content=\"377\" \/>\n<meta name=\"twitter:card\" content=\"summary_large_image\" \/>\n<meta name=\"twitter:label1\" content=\"Dur\u00e9e de lecture est.\" \/>\n\t<meta name=\"twitter:data1\" content=\"1 minute\" \/>\n<script type=\"application\/ld+json\" class=\"yoast-schema-graph\">{\"@context\":\"https:\/\/schema.org\",\"@graph\":[{\"@type\":\"WebSite\",\"@id\":\"https:\/\/innovexalgerie.com\/machines\/#website\",\"url\":\"https:\/\/innovexalgerie.com\/machines\/\",\"name\":\"Innovex Machines | Innovex Algerie\",\"description\":\"Fournisseur de machines d&#039;emballage et d&#039;imprimerie\",\"potentialAction\":[{\"@type\":\"SearchAction\",\"target\":{\"@type\":\"EntryPoint\",\"urlTemplate\":\"https:\/\/innovexalgerie.com\/machines\/?s={search_term_string}\"},\"query-input\":\"required name=search_term_string\"}],\"inLanguage\":\"fr-FR\"},{\"@type\":\"ImageObject\",\"@id\":\"https:\/\/innovexalgerie.com\/machines\/produit\/couteau-de-securite-multifonctions\/#primaryimage\",\"inLanguage\":\"fr-FR\",\"url\":\"https:\/\/innovexalgerie.com\/machines\/wp-content\/uploads\/2022\/06\/couteau-de-securite-multi.jpg\",\"contentUrl\":\"https:\/\/innovexalgerie.com\/machines\/wp-content\/uploads\/2022\/06\/couteau-de-securite-multi.jpg\",\"width\":321,\"height\":377,\"caption\":\"couteau-de-s\\u00e9curit\\u00e9-multi\"},{\"@type\":\"WebPage\",\"@id\":\"https:\/\/innovexalgerie.com\/machines\/produit\/couteau-de-securite-multifonctions\/#webpage\",\"url\":\"https:\/\/innovexalgerie.com\/machines\/produit\/couteau-de-securite-multifonctions\/\",\"name\":\"Couteau de s\\u00e9curit\\u00e9 multifonctions - Innovex Machines | Innovex Algerie\",\"isPartOf\":{\"@id\":\"https:\/\/innovexalgerie.com\/machines\/#website\"},\"primaryImageOfPage\":{\"@id\":\"https:\/\/innovexalgerie.com\/machines\/produit\/couteau-de-securite-multifonctions\/#primaryimage\"},\"datePublished\":\"2022-06-27T14:47:57+00:00\",\"dateModified\":\"2022-06-27T15:07:20+00:00\",\"description\":\"Couteau de s\\u00e9curit\\u00e9 est con\\u00e7u pour d\\u00e9couper le film \\u00e9tirable, r\\u00e9tractable ou froiss\\u00e9, mati\\u00e8res \\u00e9paisses ou fines. innovex machine.\",\"breadcrumb\":{\"@id\":\"https:\/\/innovexalgerie.com\/machines\/produit\/couteau-de-securite-multifonctions\/#breadcrumb\"},\"inLanguage\":\"fr-FR\",\"potentialAction\":[{\"@type\":\"ReadAction\",\"target\":[\"https:\/\/innovexalgerie.com\/machines\/produit\/couteau-de-securite-multifonctions\/\"]}]},{\"@type\":\"BreadcrumbList\",\"@id\":\"https:\/\/innovexalgerie.com\/machines\/produit\/couteau-de-securite-multifonctions\/#breadcrumb\",\"itemListElement\":[{\"@type\":\"ListItem\",\"position\":1,\"name\":\"Accueil\",\"item\":\"https:\/\/innovexalgerie.com\/machines\/\"},{\"@type\":\"ListItem\",\"position\":2,\"name\":\"Produits\",\"item\":\"https:\/\/innovexalgerie.com\/machines\/boutique\/\"},{\"@type\":\"ListItem\",\"position\":3,\"name\":\"Couteau de s\\u00e9curit\\u00e9 multifonctions\"}]}]}<\/script>\n<!-- \/ Yoast SEO Premium plugin. -->","yoast_head_json":{"title":"Couteau de s\u00e9curit\u00e9 multifonctions - Innovex Machines | Innovex Algerie","description":"Couteau de s\u00e9curit\u00e9 est con\u00e7u pour d\u00e9couper le film \u00e9tirable, r\u00e9tractable ou froiss\u00e9, mati\u00e8res \u00e9paisses ou fines. innovex machine.","robots":{"index":"index","follow":"follow","max-snippet":"max-snippet:-1","max-image-preview":"max-image-preview:large","max-video-preview":"max-video-preview:-1"},"canonical":"https:\/\/innovexalgerie.com\/machines\/produit\/couteau-de-securite-multifonctions\/","og_locale":"fr_FR","og_type":"article","og_title":"Couteau de s\u00e9curit\u00e9 multifonctions - Innovex Machines | Innovex Algerie","og_description":"Couteau de s\u00e9curit\u00e9 est con\u00e7u pour d\u00e9couper le film \u00e9tirable, r\u00e9tractable ou froiss\u00e9, mati\u00e8res \u00e9paisses ou fines. innovex machine.","og_url":"https:\/\/innovexalgerie.com\/machines\/produit\/couteau-de-securite-multifonctions\/","og_site_name":"Innovex Machines | Innovex Algerie","article_publisher":"https:\/\/www.facebook.com\/innovexmachine1","article_modified_time":"2022-06-27T15:07:20+00:00","og_image":[{"width":321,"height":377,"filesize":17847,"url":"https:\/\/innovexalgerie.com\/machines\/wp-content\/uploads\/2022\/06\/couteau-de-securite-multi.jpg","path":"\/home\/inovex\/public_html\/machines\/wp-content\/uploads\/2022\/06\/couteau-de-securite-multi.jpg","size":"full","id":30948,"alt":"couteau-de-s\u00e9curit\u00e9-multi","pixels":121017,"type":"image\/jpeg"}],"twitter_card":"summary_large_image","twitter_misc":{"Dur\u00e9e de lecture est.":"1 minute"},"schema":{"@context":"https:\/\/schema.org","@graph":[{"@type":"WebSite","@id":"https:\/\/innovexalgerie.com\/machines\/#website","url":"https:\/\/innovexalgerie.com\/machines\/","name":"Innovex Machines | Innovex Algerie","description":"Fournisseur de machines d&#039;emballage et d&#039;imprimerie","potentialAction":[{"@type":"SearchAction","target":{"@type":"EntryPoint","urlTemplate":"https:\/\/innovexalgerie.com\/machines\/?s={search_term_string}"},"query-input":"required name=search_term_string"}],"inLanguage":"fr-FR"},{"@type":"ImageObject","@id":"https:\/\/innovexalgerie.com\/machines\/produit\/couteau-de-securite-multifonctions\/#primaryimage","inLanguage":"fr-FR","url":"https:\/\/innovexalgerie.com\/machines\/wp-content\/uploads\/2022\/06\/couteau-de-securite-multi.jpg","contentUrl":"https:\/\/innovexalgerie.com\/machines\/wp-content\/uploads\/2022\/06\/couteau-de-securite-multi.jpg","width":321,"height":377,"caption":"couteau-de-s\u00e9curit\u00e9-multi"},{"@type":"WebPage","@id":"https:\/\/innovexalgerie.com\/machines\/produit\/couteau-de-securite-multifonctions\/#webpage","url":"https:\/\/innovexalgerie.com\/machines\/produit\/couteau-de-securite-multifonctions\/","name":"Couteau de s\u00e9curit\u00e9 multifonctions - Innovex Machines | Innovex Algerie","isPartOf":{"@id":"https:\/\/innovexalgerie.com\/machines\/#website"},"primaryImageOfPage":{"@id":"https:\/\/innovexalgerie.com\/machines\/produit\/couteau-de-securite-multifonctions\/#primaryimage"},"datePublished":"2022-06-27T14:47:57+00:00","dateModified":"2022-06-27T15:07:20+00:00","description":"Couteau de s\u00e9curit\u00e9 est con\u00e7u pour d\u00e9couper le film \u00e9tirable, r\u00e9tractable ou froiss\u00e9, mati\u00e8res \u00e9paisses ou fines. innovex machine.","breadcrumb":{"@id":"https:\/\/innovexalgerie.com\/machines\/produit\/couteau-de-securite-multifonctions\/#breadcrumb"},"inLanguage":"fr-FR","potentialAction":[{"@type":"ReadAction","target":["https:\/\/innovexalgerie.com\/machines\/produit\/couteau-de-securite-multifonctions\/"]}]},{"@type":"BreadcrumbList","@id":"https:\/\/innovexalgerie.com\/machines\/produit\/couteau-de-securite-multifonctions\/#breadcrumb","itemListElement":[{"@type":"ListItem","position":1,"name":"Accueil","item":"https:\/\/innovexalgerie.com\/machines\/"},{"@type":"ListItem","position":2,"name":"Produits","item":"https:\/\/innovexalgerie.com\/machines\/boutique\/"},{"@type":"ListItem","position":3,"name":"Couteau de s\u00e9curit\u00e9 multifonctions"}]}]}},"_links":{"self":[{"href":"https:\/\/innovexalgerie.com\/machines\/wp-json\/wp\/v2\/product\/30939","targetHints":{"allow":["GET"]}}],"collection":[{"href":"https:\/\/innovexalgerie.com\/machines\/wp-json\/wp\/v2\/product"}],"about":[{"href":"https:\/\/innovexalgerie.com\/machines\/wp-json\/wp\/v2\/types\/product"}],"version-history":[{"count":2,"href":"https:\/\/innovexalgerie.com\/machines\/wp-json\/wp\/v2\/product\/30939\/revisions"}],"predecessor-version":[{"id":31133,"href":"https:\/\/innovexalgerie.com\/machines\/wp-json\/wp\/v2\/product\/30939\/revisions\/31133"}],"wp:featuredmedia":[{"embeddable":true,"href":"https:\/\/innovexalgerie.com\/machines\/wp-json\/wp\/v2\/media\/30948"}],"wp:attachment":[{"href":"https:\/\/innovexalgerie.com\/machines\/wp-json\/wp\/v2\/media?parent=30939"}],"wp:term":[{"taxonomy":"product_cat","embeddable":true,"href":"https:\/\/innovexalgerie.com\/machines\/wp-json\/wp\/v2\/product_cat?post=30939"},{"taxonomy":"product_tag","embeddable":true,"href":"https:\/\/innovexalgerie.com\/machines\/wp-json\/wp\/v2\/product_tag?post=30939"}],"curies":[{"name":"wp","href":"https:\/\/api.w.org\/{rel}","templated":true}]}}