{"id":31236,"date":"2022-11-29T10:10:51","date_gmt":"2022-11-29T09:10:51","guid":{"rendered":"https:\/\/innovexalgerie.com\/machines\/?post_type=product&#038;p=31236"},"modified":"2022-11-30T14:53:25","modified_gmt":"2022-11-30T13:53:25","slug":"dateur-a-jet-dencre-portative-g-100","status":"publish","type":"product","link":"https:\/\/innovexalgerie.com\/machines\/produit\/dateur-a-jet-dencre-portative-g-100\/","title":{"rendered":"Dateur \u00e0 jet d&rsquo;encre portative G-100"},"content":{"rendered":"<p>Dateur \u00e0 jet d&rsquo;encre portative <strong>G-100 <\/strong>pour impression \u00e0 jet d&rsquo;encre, pour codage, conception quatre en un, contr\u00f4leur, \u00e9cran, bo\u00eete d&rsquo;incrustation, t\u00eate d&rsquo;impression tout en un. Il peut r\u00e9pondre aux besoins d&rsquo;impression \u00e0 jet d&rsquo;encre de grands caract\u00e8res, et de petits caract\u00e8res, de haute r\u00e9solution, de code \u00e0 barres et d&rsquo;autres choses.<\/p>\n<ul>\n<li>\u00c9cran LCD multicolore de 4.3 pouces.<\/li>\n<li>Il est \u00e9quip\u00e9 d&rsquo;une unit\u00e9 de contr\u00f4le de rayon infrarouge \u00e0 usage sp\u00e9cial.<\/li>\n<li>Design ergonomique et facile \u00e0 utiliser.<\/li>\n<li>Supporte la connexion Bluetooth 4.0 \/WIFI.<\/li>\n<li>\u00c9cran couleur design ergonomique.<\/li>\n<li>Longue dur\u00e9e de veille, batterie amovible<\/li>\n<li>Montage directement via \u00e9cran tactile. Pas besoin de se connecter \u00e0 un ordinateur.<\/li>\n<li>\u00a0Langues prises en charge: Multilingue (chinois\/anglais\/arabe\/danois\/allemand\/Russe\/fran\u00e7ais\/finlandais\/cor\u00e9en\/norv\u00e9gien\/Portugais\/japonais\/espagnol<br \/>\nitalien etc&#8230;)<\/li>\n<li>\u00a0Type de la batterie batterie au lithium 12.6 V\/3350 mAh.<\/li>\n<li>Associez facilement dans une ligne d&#8217;emballage.<\/li>\n<\/ul>\n<p>&nbsp;<\/p>\n","protected":false},"excerpt":{"rendered":"<p>Dateur \u00e0 jet d&rsquo;encre portative pour impression \u00e0 jet d&rsquo;encre, Id\u00e9al pour les petites et moyennes produits en toutes sortes de mati\u00e8res en plastique, en aluminium composite et papier en plastique compos\u00e9&#8230;<\/p>\n<p><img loading=\"lazy\" decoding=\"async\" class=\"alignnone size-full wp-image-31253\" src=\"https:\/\/innovexalgerie.com\/machines\/wp-content\/uploads\/2022\/11\/icon-dateur-g100.jpg\" alt=\"\" width=\"905\" height=\"196\" srcset=\"https:\/\/innovexalgerie.com\/machines\/wp-content\/uploads\/2022\/11\/icon-dateur-g100.jpg 905w, https:\/\/innovexalgerie.com\/machines\/wp-content\/uploads\/2022\/11\/icon-dateur-g100-300x65.jpg 300w, https:\/\/innovexalgerie.com\/machines\/wp-content\/uploads\/2022\/11\/icon-dateur-g100-768x166.jpg 768w, https:\/\/innovexalgerie.com\/machines\/wp-content\/uploads\/2022\/11\/icon-dateur-g100-600x130.jpg 600w\" sizes=\"auto, (max-width: 905px) 100vw, 905px\" \/><\/p>\n","protected":false},"featured_media":31240,"template":"","meta":{"_monsterinsights_skip_tracking":false,"_monsterinsights_sitenote_active":false,"_monsterinsights_sitenote_note":"","_monsterinsights_sitenote_category":0},"product_cat":[231],"product_tag":[67,68,262,44,69],"class_list":["post-31236","product","type-product","status-publish","has-post-thumbnail","hentry","product_cat-dateurs","product_tag-dateur","product_tag-dateuse","product_tag-jet-dencre","product_tag-soudeuse","product_tag-soudeuse-contenue"],"yoast_head":"<!-- This site is optimized with the Yoast SEO Premium plugin v16.2 (Yoast SEO v16.7) - https:\/\/yoast.com\/wordpress\/plugins\/seo\/ -->\n<title>Dateur \u00e0 jet d&#039;encre portative G-100 - Innovex Machines | Innovex Algerie<\/title>\n<meta name=\"description\" content=\"Dateur \u00e0 jet d&#039;encre portative G-100 pour impression \u00e0 jet d&#039;encre, Id\u00e9al pour les petites et moyennes produits en toutes sortes de mati\u00e8re.\" \/>\n<meta name=\"robots\" content=\"index, follow, max-snippet:-1, max-image-preview:large, max-video-preview:-1\" \/>\n<link rel=\"canonical\" href=\"https:\/\/innovexalgerie.com\/machines\/produit\/dateur-a-jet-dencre-portative-g-100\/\" \/>\n<meta property=\"og:locale\" content=\"fr_FR\" \/>\n<meta property=\"og:type\" content=\"article\" \/>\n<meta property=\"og:title\" content=\"Dateur \u00e0 jet d&#039;encre portative G-100 - Innovex Machines | Innovex Algerie\" \/>\n<meta property=\"og:description\" content=\"Dateur \u00e0 jet d&#039;encre portative G-100 pour impression \u00e0 jet d&#039;encre, Id\u00e9al pour les petites et moyennes produits en toutes sortes de mati\u00e8re.\" \/>\n<meta property=\"og:url\" content=\"https:\/\/innovexalgerie.com\/machines\/produit\/dateur-a-jet-dencre-portative-g-100\/\" \/>\n<meta property=\"og:site_name\" content=\"Innovex Machines | Innovex Algerie\" \/>\n<meta property=\"article:publisher\" content=\"https:\/\/www.facebook.com\/innovexmachine1\" \/>\n<meta property=\"article:modified_time\" content=\"2022-11-30T13:53:25+00:00\" \/>\n<meta property=\"og:image\" content=\"https:\/\/innovexalgerie.com\/machines\/wp-content\/uploads\/2022\/11\/DAREUR-G100-PORTATIVE-INNOVEX-MACHINE.jpg\" \/>\n\t<meta property=\"og:image:width\" content=\"500\" \/>\n\t<meta property=\"og:image:height\" content=\"500\" \/>\n<meta name=\"twitter:card\" content=\"summary_large_image\" \/>\n<meta name=\"twitter:label1\" content=\"Dur\u00e9e de lecture est.\" \/>\n\t<meta name=\"twitter:data1\" content=\"1 minute\" \/>\n<script type=\"application\/ld+json\" class=\"yoast-schema-graph\">{\"@context\":\"https:\/\/schema.org\",\"@graph\":[{\"@type\":\"WebSite\",\"@id\":\"https:\/\/innovexalgerie.com\/machines\/#website\",\"url\":\"https:\/\/innovexalgerie.com\/machines\/\",\"name\":\"Innovex Machines | Innovex Algerie\",\"description\":\"Fournisseur de machines d&#039;emballage et d&#039;imprimerie\",\"potentialAction\":[{\"@type\":\"SearchAction\",\"target\":{\"@type\":\"EntryPoint\",\"urlTemplate\":\"https:\/\/innovexalgerie.com\/machines\/?s={search_term_string}\"},\"query-input\":\"required name=search_term_string\"}],\"inLanguage\":\"fr-FR\"},{\"@type\":\"ImageObject\",\"@id\":\"https:\/\/innovexalgerie.com\/machines\/produit\/dateur-a-jet-dencre-portative-g-100\/#primaryimage\",\"inLanguage\":\"fr-FR\",\"url\":\"https:\/\/innovexalgerie.com\/machines\/wp-content\/uploads\/2022\/11\/DAREUR-G100-PORTATIVE-INNOVEX-MACHINE.jpg\",\"contentUrl\":\"https:\/\/innovexalgerie.com\/machines\/wp-content\/uploads\/2022\/11\/DAREUR-G100-PORTATIVE-INNOVEX-MACHINE.jpg\",\"width\":500,\"height\":500,\"caption\":\"DAREUR-G100- G300 PORTATIVE-INNOVEX-MACHINE\"},{\"@type\":\"WebPage\",\"@id\":\"https:\/\/innovexalgerie.com\/machines\/produit\/dateur-a-jet-dencre-portative-g-100\/#webpage\",\"url\":\"https:\/\/innovexalgerie.com\/machines\/produit\/dateur-a-jet-dencre-portative-g-100\/\",\"name\":\"Dateur \\u00e0 jet d'encre portative G-100 - Innovex Machines | Innovex Algerie\",\"isPartOf\":{\"@id\":\"https:\/\/innovexalgerie.com\/machines\/#website\"},\"primaryImageOfPage\":{\"@id\":\"https:\/\/innovexalgerie.com\/machines\/produit\/dateur-a-jet-dencre-portative-g-100\/#primaryimage\"},\"datePublished\":\"2022-11-29T09:10:51+00:00\",\"dateModified\":\"2022-11-30T13:53:25+00:00\",\"description\":\"Dateur \\u00e0 jet d'encre portative G-100 pour impression \\u00e0 jet d'encre, Id\\u00e9al pour les petites et moyennes produits en toutes sortes de mati\\u00e8re.\",\"breadcrumb\":{\"@id\":\"https:\/\/innovexalgerie.com\/machines\/produit\/dateur-a-jet-dencre-portative-g-100\/#breadcrumb\"},\"inLanguage\":\"fr-FR\",\"potentialAction\":[{\"@type\":\"ReadAction\",\"target\":[\"https:\/\/innovexalgerie.com\/machines\/produit\/dateur-a-jet-dencre-portative-g-100\/\"]}]},{\"@type\":\"BreadcrumbList\",\"@id\":\"https:\/\/innovexalgerie.com\/machines\/produit\/dateur-a-jet-dencre-portative-g-100\/#breadcrumb\",\"itemListElement\":[{\"@type\":\"ListItem\",\"position\":1,\"name\":\"Accueil\",\"item\":\"https:\/\/innovexalgerie.com\/machines\/\"},{\"@type\":\"ListItem\",\"position\":2,\"name\":\"Produits\",\"item\":\"https:\/\/innovexalgerie.com\/machines\/boutique\/\"},{\"@type\":\"ListItem\",\"position\":3,\"name\":\"Dateur \\u00e0 jet d&rsquo;encre portative G-100\"}]}]}<\/script>\n<!-- \/ Yoast SEO Premium plugin. -->","yoast_head_json":{"title":"Dateur \u00e0 jet d'encre portative G-100 - Innovex Machines | Innovex Algerie","description":"Dateur \u00e0 jet d'encre portative G-100 pour impression \u00e0 jet d'encre, Id\u00e9al pour les petites et moyennes produits en toutes sortes de mati\u00e8re.","robots":{"index":"index","follow":"follow","max-snippet":"max-snippet:-1","max-image-preview":"max-image-preview:large","max-video-preview":"max-video-preview:-1"},"canonical":"https:\/\/innovexalgerie.com\/machines\/produit\/dateur-a-jet-dencre-portative-g-100\/","og_locale":"fr_FR","og_type":"article","og_title":"Dateur \u00e0 jet d'encre portative G-100 - Innovex Machines | Innovex Algerie","og_description":"Dateur \u00e0 jet d'encre portative G-100 pour impression \u00e0 jet d'encre, Id\u00e9al pour les petites et moyennes produits en toutes sortes de mati\u00e8re.","og_url":"https:\/\/innovexalgerie.com\/machines\/produit\/dateur-a-jet-dencre-portative-g-100\/","og_site_name":"Innovex Machines | Innovex Algerie","article_publisher":"https:\/\/www.facebook.com\/innovexmachine1","article_modified_time":"2022-11-30T13:53:25+00:00","og_image":[{"width":500,"height":500,"filesize":30220,"url":"https:\/\/innovexalgerie.com\/machines\/wp-content\/uploads\/2022\/11\/DAREUR-G100-PORTATIVE-INNOVEX-MACHINE.jpg","path":"\/home\/inovex\/public_html\/machines\/wp-content\/uploads\/2022\/11\/DAREUR-G100-PORTATIVE-INNOVEX-MACHINE.jpg","size":"full","id":31240,"alt":"DAREUR-G100-PORTATIVE-INNOVEX-MACHINE","pixels":250000,"type":"image\/jpeg"}],"twitter_card":"summary_large_image","twitter_misc":{"Dur\u00e9e de lecture est.":"1 minute"},"schema":{"@context":"https:\/\/schema.org","@graph":[{"@type":"WebSite","@id":"https:\/\/innovexalgerie.com\/machines\/#website","url":"https:\/\/innovexalgerie.com\/machines\/","name":"Innovex Machines | Innovex Algerie","description":"Fournisseur de machines d&#039;emballage et d&#039;imprimerie","potentialAction":[{"@type":"SearchAction","target":{"@type":"EntryPoint","urlTemplate":"https:\/\/innovexalgerie.com\/machines\/?s={search_term_string}"},"query-input":"required name=search_term_string"}],"inLanguage":"fr-FR"},{"@type":"ImageObject","@id":"https:\/\/innovexalgerie.com\/machines\/produit\/dateur-a-jet-dencre-portative-g-100\/#primaryimage","inLanguage":"fr-FR","url":"https:\/\/innovexalgerie.com\/machines\/wp-content\/uploads\/2022\/11\/DAREUR-G100-PORTATIVE-INNOVEX-MACHINE.jpg","contentUrl":"https:\/\/innovexalgerie.com\/machines\/wp-content\/uploads\/2022\/11\/DAREUR-G100-PORTATIVE-INNOVEX-MACHINE.jpg","width":500,"height":500,"caption":"DAREUR-G100- G300 PORTATIVE-INNOVEX-MACHINE"},{"@type":"WebPage","@id":"https:\/\/innovexalgerie.com\/machines\/produit\/dateur-a-jet-dencre-portative-g-100\/#webpage","url":"https:\/\/innovexalgerie.com\/machines\/produit\/dateur-a-jet-dencre-portative-g-100\/","name":"Dateur \u00e0 jet d'encre portative G-100 - Innovex Machines | Innovex Algerie","isPartOf":{"@id":"https:\/\/innovexalgerie.com\/machines\/#website"},"primaryImageOfPage":{"@id":"https:\/\/innovexalgerie.com\/machines\/produit\/dateur-a-jet-dencre-portative-g-100\/#primaryimage"},"datePublished":"2022-11-29T09:10:51+00:00","dateModified":"2022-11-30T13:53:25+00:00","description":"Dateur \u00e0 jet d'encre portative G-100 pour impression \u00e0 jet d'encre, Id\u00e9al pour les petites et moyennes produits en toutes sortes de mati\u00e8re.","breadcrumb":{"@id":"https:\/\/innovexalgerie.com\/machines\/produit\/dateur-a-jet-dencre-portative-g-100\/#breadcrumb"},"inLanguage":"fr-FR","potentialAction":[{"@type":"ReadAction","target":["https:\/\/innovexalgerie.com\/machines\/produit\/dateur-a-jet-dencre-portative-g-100\/"]}]},{"@type":"BreadcrumbList","@id":"https:\/\/innovexalgerie.com\/machines\/produit\/dateur-a-jet-dencre-portative-g-100\/#breadcrumb","itemListElement":[{"@type":"ListItem","position":1,"name":"Accueil","item":"https:\/\/innovexalgerie.com\/machines\/"},{"@type":"ListItem","position":2,"name":"Produits","item":"https:\/\/innovexalgerie.com\/machines\/boutique\/"},{"@type":"ListItem","position":3,"name":"Dateur \u00e0 jet d&rsquo;encre portative G-100"}]}]}},"_links":{"self":[{"href":"https:\/\/innovexalgerie.com\/machines\/wp-json\/wp\/v2\/product\/31236","targetHints":{"allow":["GET"]}}],"collection":[{"href":"https:\/\/innovexalgerie.com\/machines\/wp-json\/wp\/v2\/product"}],"about":[{"href":"https:\/\/innovexalgerie.com\/machines\/wp-json\/wp\/v2\/types\/product"}],"version-history":[{"count":5,"href":"https:\/\/innovexalgerie.com\/machines\/wp-json\/wp\/v2\/product\/31236\/revisions"}],"predecessor-version":[{"id":31248,"href":"https:\/\/innovexalgerie.com\/machines\/wp-json\/wp\/v2\/product\/31236\/revisions\/31248"}],"wp:featuredmedia":[{"embeddable":true,"href":"https:\/\/innovexalgerie.com\/machines\/wp-json\/wp\/v2\/media\/31240"}],"wp:attachment":[{"href":"https:\/\/innovexalgerie.com\/machines\/wp-json\/wp\/v2\/media?parent=31236"}],"wp:term":[{"taxonomy":"product_cat","embeddable":true,"href":"https:\/\/innovexalgerie.com\/machines\/wp-json\/wp\/v2\/product_cat?post=31236"},{"taxonomy":"product_tag","embeddable":true,"href":"https:\/\/innovexalgerie.com\/machines\/wp-json\/wp\/v2\/product_tag?post=31236"}],"curies":[{"name":"wp","href":"https:\/\/api.w.org\/{rel}","templated":true}]}}