{"id":31280,"date":"2022-12-05T09:34:52","date_gmt":"2022-12-05T08:34:52","guid":{"rendered":"https:\/\/innovexalgerie.com\/machines\/?post_type=product&#038;p=31280"},"modified":"2022-12-06T13:57:27","modified_gmt":"2022-12-06T12:57:27","slug":"soudeuse-a-impulsion-portative-kfr-400","status":"publish","type":"product","link":"https:\/\/innovexalgerie.com\/machines\/produit\/soudeuse-a-impulsion-portative-kfr-400\/","title":{"rendered":"Soudeuse \u00e0 impulsion portative KFR-400"},"content":{"rendered":"<p>Soudeuse \u00e0 impulsion \u00e9lectrique <strong>KFR-400<\/strong> avec avec lame lat\u00e9rale pour les mati\u00e8res thermosoudables, elle fait la soudure sur plastique,<br \/>\naluminium, papier thermosoudable&#8230;. jusqu&rsquo;\u00e0 400mm de largeur.<\/p>\n<ul>\n<li>Longueur de soudure jusqu&rsquo;\u00e0\u00a0 40cm.<\/li>\n<li>Largeur de soudure 10mm.<\/li>\n<li>Facile \u00e0 utiliser et durable, chauffe rapidement pour travailler au plus vite.<\/li>\n<li>Soudeuse dot\u00e9e des tubes r\u00e9sistances sur un m\u00e9canisme de soudure en cuivre qui assure une longue dur\u00e9e de vie et une qualit\u00e9 de soudure stable.<\/li>\n<li>R\u00e9glage de la temp\u00e9rature de chauffe par potentiom\u00e8tre.<\/li>\n<li>Dur\u00e9e de la soudure r\u00e9glable.<\/li>\n<li>Largement utilis\u00e9 dans l&rsquo;industrie alimentaire, la m\u00e9decine, le th\u00e9, le mat\u00e9riel et d&rsquo;autres industries.<\/li>\n<\/ul>\n","protected":false},"excerpt":{"rendered":"<p>Soudeuse \u00e0 impulsion \u00e9lectrique manuelle avec une lame lat\u00e9rale pour les mati\u00e8res thermo-soudables, avec soudage par chaleur qui assurent la fermeture des sacs avec une largeur peut aller jusqu\u2019\u00e0 40 cm.<img loading=\"lazy\" decoding=\"async\" class=\"alignnone size-full wp-image-31291\" src=\"https:\/\/innovexalgerie.com\/machines\/wp-content\/uploads\/2022\/12\/ICON-SOUDEISE-KFR-400.jpg\" alt=\"\" width=\"922\" height=\"217\" srcset=\"https:\/\/innovexalgerie.com\/machines\/wp-content\/uploads\/2022\/12\/ICON-SOUDEISE-KFR-400.jpg 922w, https:\/\/innovexalgerie.com\/machines\/wp-content\/uploads\/2022\/12\/ICON-SOUDEISE-KFR-400-300x71.jpg 300w, https:\/\/innovexalgerie.com\/machines\/wp-content\/uploads\/2022\/12\/ICON-SOUDEISE-KFR-400-768x181.jpg 768w, https:\/\/innovexalgerie.com\/machines\/wp-content\/uploads\/2022\/12\/ICON-SOUDEISE-KFR-400-600x141.jpg 600w\" sizes=\"auto, (max-width: 922px) 100vw, 922px\" \/><\/p>\n","protected":false},"featured_media":31285,"template":"","meta":{"_monsterinsights_skip_tracking":false,"_monsterinsights_sitenote_active":false,"_monsterinsights_sitenote_note":"","_monsterinsights_sitenote_category":0},"product_cat":[66,220],"product_tag":[44,195,196],"class_list":["post-31280","product","type-product","status-publish","has-post-thumbnail","hentry","product_cat-soudeuses","product_cat-soudeuses-a-impulsion-manuelle","product_tag-soudeuse","product_tag-soudeuse-a-impulsion","product_tag-soudeuse-manuelle"],"yoast_head":"<!-- This site is optimized with the Yoast SEO Premium plugin v16.2 (Yoast SEO v16.7) - https:\/\/yoast.com\/wordpress\/plugins\/seo\/ -->\n<title>Soudeuse \u00e0 impulsion portative KFR-400 - Innovex Machines | Innovex Algerie<\/title>\n<meta name=\"description\" content=\"La soudeuse \u00e0 impulsion manuelle \u00e9lectrique adapt\u00e9e pour tous type de sacs thermo-soudables, avec soudage par chaleur.innovex machine.\" \/>\n<meta name=\"robots\" content=\"index, follow, max-snippet:-1, max-image-preview:large, max-video-preview:-1\" \/>\n<link rel=\"canonical\" href=\"https:\/\/innovexalgerie.com\/machines\/produit\/soudeuse-a-impulsion-portative-kfr-400\/\" \/>\n<meta property=\"og:locale\" content=\"fr_FR\" \/>\n<meta property=\"og:type\" content=\"article\" \/>\n<meta property=\"og:title\" content=\"Soudeuse \u00e0 impulsion portative KFR-400 - Innovex Machines | Innovex Algerie\" \/>\n<meta property=\"og:description\" content=\"La soudeuse \u00e0 impulsion manuelle \u00e9lectrique adapt\u00e9e pour tous type de sacs thermo-soudables, avec soudage par chaleur.innovex machine.\" \/>\n<meta property=\"og:url\" content=\"https:\/\/innovexalgerie.com\/machines\/produit\/soudeuse-a-impulsion-portative-kfr-400\/\" \/>\n<meta property=\"og:site_name\" content=\"Innovex Machines | Innovex Algerie\" \/>\n<meta property=\"article:publisher\" content=\"https:\/\/www.facebook.com\/innovexmachine1\" \/>\n<meta property=\"article:modified_time\" content=\"2022-12-06T12:57:27+00:00\" \/>\n<meta property=\"og:image\" content=\"https:\/\/innovexalgerie.com\/machines\/wp-content\/uploads\/2022\/12\/soudeuse-kfr-400-innovex-machine.jpg\" \/>\n\t<meta property=\"og:image:width\" content=\"500\" \/>\n\t<meta property=\"og:image:height\" content=\"500\" \/>\n<meta name=\"twitter:card\" content=\"summary_large_image\" \/>\n<meta name=\"twitter:label1\" content=\"Dur\u00e9e de lecture est.\" \/>\n\t<meta name=\"twitter:data1\" content=\"1 minute\" \/>\n<script type=\"application\/ld+json\" class=\"yoast-schema-graph\">{\"@context\":\"https:\/\/schema.org\",\"@graph\":[{\"@type\":\"WebSite\",\"@id\":\"https:\/\/innovexalgerie.com\/machines\/#website\",\"url\":\"https:\/\/innovexalgerie.com\/machines\/\",\"name\":\"Innovex Machines | Innovex Algerie\",\"description\":\"Fournisseur de machines d&#039;emballage et d&#039;imprimerie\",\"potentialAction\":[{\"@type\":\"SearchAction\",\"target\":{\"@type\":\"EntryPoint\",\"urlTemplate\":\"https:\/\/innovexalgerie.com\/machines\/?s={search_term_string}\"},\"query-input\":\"required name=search_term_string\"}],\"inLanguage\":\"fr-FR\"},{\"@type\":\"ImageObject\",\"@id\":\"https:\/\/innovexalgerie.com\/machines\/produit\/soudeuse-a-impulsion-portative-kfr-400\/#primaryimage\",\"inLanguage\":\"fr-FR\",\"url\":\"https:\/\/innovexalgerie.com\/machines\/wp-content\/uploads\/2022\/12\/soudeuse-kfr-400-innovex-machine.jpg\",\"contentUrl\":\"https:\/\/innovexalgerie.com\/machines\/wp-content\/uploads\/2022\/12\/soudeuse-kfr-400-innovex-machine.jpg\",\"width\":500,\"height\":500},{\"@type\":\"WebPage\",\"@id\":\"https:\/\/innovexalgerie.com\/machines\/produit\/soudeuse-a-impulsion-portative-kfr-400\/#webpage\",\"url\":\"https:\/\/innovexalgerie.com\/machines\/produit\/soudeuse-a-impulsion-portative-kfr-400\/\",\"name\":\"Soudeuse \\u00e0 impulsion portative KFR-400 - Innovex Machines | Innovex Algerie\",\"isPartOf\":{\"@id\":\"https:\/\/innovexalgerie.com\/machines\/#website\"},\"primaryImageOfPage\":{\"@id\":\"https:\/\/innovexalgerie.com\/machines\/produit\/soudeuse-a-impulsion-portative-kfr-400\/#primaryimage\"},\"datePublished\":\"2022-12-05T08:34:52+00:00\",\"dateModified\":\"2022-12-06T12:57:27+00:00\",\"description\":\"La soudeuse \\u00e0 impulsion manuelle \\u00e9lectrique adapt\\u00e9e pour tous type de sacs thermo-soudables, avec soudage par chaleur.innovex machine.\",\"breadcrumb\":{\"@id\":\"https:\/\/innovexalgerie.com\/machines\/produit\/soudeuse-a-impulsion-portative-kfr-400\/#breadcrumb\"},\"inLanguage\":\"fr-FR\",\"potentialAction\":[{\"@type\":\"ReadAction\",\"target\":[\"https:\/\/innovexalgerie.com\/machines\/produit\/soudeuse-a-impulsion-portative-kfr-400\/\"]}]},{\"@type\":\"BreadcrumbList\",\"@id\":\"https:\/\/innovexalgerie.com\/machines\/produit\/soudeuse-a-impulsion-portative-kfr-400\/#breadcrumb\",\"itemListElement\":[{\"@type\":\"ListItem\",\"position\":1,\"name\":\"Accueil\",\"item\":\"https:\/\/innovexalgerie.com\/machines\/\"},{\"@type\":\"ListItem\",\"position\":2,\"name\":\"Produits\",\"item\":\"https:\/\/innovexalgerie.com\/machines\/boutique\/\"},{\"@type\":\"ListItem\",\"position\":3,\"name\":\"Soudeuse \\u00e0 impulsion portative KFR-400\"}]}]}<\/script>\n<!-- \/ Yoast SEO Premium plugin. -->","yoast_head_json":{"title":"Soudeuse \u00e0 impulsion portative KFR-400 - Innovex Machines | Innovex Algerie","description":"La soudeuse \u00e0 impulsion manuelle \u00e9lectrique adapt\u00e9e pour tous type de sacs thermo-soudables, avec soudage par chaleur.innovex machine.","robots":{"index":"index","follow":"follow","max-snippet":"max-snippet:-1","max-image-preview":"max-image-preview:large","max-video-preview":"max-video-preview:-1"},"canonical":"https:\/\/innovexalgerie.com\/machines\/produit\/soudeuse-a-impulsion-portative-kfr-400\/","og_locale":"fr_FR","og_type":"article","og_title":"Soudeuse \u00e0 impulsion portative KFR-400 - Innovex Machines | Innovex Algerie","og_description":"La soudeuse \u00e0 impulsion manuelle \u00e9lectrique adapt\u00e9e pour tous type de sacs thermo-soudables, avec soudage par chaleur.innovex machine.","og_url":"https:\/\/innovexalgerie.com\/machines\/produit\/soudeuse-a-impulsion-portative-kfr-400\/","og_site_name":"Innovex Machines | Innovex Algerie","article_publisher":"https:\/\/www.facebook.com\/innovexmachine1","article_modified_time":"2022-12-06T12:57:27+00:00","og_image":[{"width":500,"height":500,"filesize":54280,"url":"https:\/\/innovexalgerie.com\/machines\/wp-content\/uploads\/2022\/12\/soudeuse-kfr-400-innovex-machine.jpg","path":"\/home\/inovex\/public_html\/machines\/wp-content\/uploads\/2022\/12\/soudeuse-kfr-400-innovex-machine.jpg","size":"full","id":31285,"alt":"","pixels":250000,"type":"image\/jpeg"}],"twitter_card":"summary_large_image","twitter_misc":{"Dur\u00e9e de lecture est.":"1 minute"},"schema":{"@context":"https:\/\/schema.org","@graph":[{"@type":"WebSite","@id":"https:\/\/innovexalgerie.com\/machines\/#website","url":"https:\/\/innovexalgerie.com\/machines\/","name":"Innovex Machines | Innovex Algerie","description":"Fournisseur de machines d&#039;emballage et d&#039;imprimerie","potentialAction":[{"@type":"SearchAction","target":{"@type":"EntryPoint","urlTemplate":"https:\/\/innovexalgerie.com\/machines\/?s={search_term_string}"},"query-input":"required name=search_term_string"}],"inLanguage":"fr-FR"},{"@type":"ImageObject","@id":"https:\/\/innovexalgerie.com\/machines\/produit\/soudeuse-a-impulsion-portative-kfr-400\/#primaryimage","inLanguage":"fr-FR","url":"https:\/\/innovexalgerie.com\/machines\/wp-content\/uploads\/2022\/12\/soudeuse-kfr-400-innovex-machine.jpg","contentUrl":"https:\/\/innovexalgerie.com\/machines\/wp-content\/uploads\/2022\/12\/soudeuse-kfr-400-innovex-machine.jpg","width":500,"height":500},{"@type":"WebPage","@id":"https:\/\/innovexalgerie.com\/machines\/produit\/soudeuse-a-impulsion-portative-kfr-400\/#webpage","url":"https:\/\/innovexalgerie.com\/machines\/produit\/soudeuse-a-impulsion-portative-kfr-400\/","name":"Soudeuse \u00e0 impulsion portative KFR-400 - Innovex Machines | Innovex Algerie","isPartOf":{"@id":"https:\/\/innovexalgerie.com\/machines\/#website"},"primaryImageOfPage":{"@id":"https:\/\/innovexalgerie.com\/machines\/produit\/soudeuse-a-impulsion-portative-kfr-400\/#primaryimage"},"datePublished":"2022-12-05T08:34:52+00:00","dateModified":"2022-12-06T12:57:27+00:00","description":"La soudeuse \u00e0 impulsion manuelle \u00e9lectrique adapt\u00e9e pour tous type de sacs thermo-soudables, avec soudage par chaleur.innovex machine.","breadcrumb":{"@id":"https:\/\/innovexalgerie.com\/machines\/produit\/soudeuse-a-impulsion-portative-kfr-400\/#breadcrumb"},"inLanguage":"fr-FR","potentialAction":[{"@type":"ReadAction","target":["https:\/\/innovexalgerie.com\/machines\/produit\/soudeuse-a-impulsion-portative-kfr-400\/"]}]},{"@type":"BreadcrumbList","@id":"https:\/\/innovexalgerie.com\/machines\/produit\/soudeuse-a-impulsion-portative-kfr-400\/#breadcrumb","itemListElement":[{"@type":"ListItem","position":1,"name":"Accueil","item":"https:\/\/innovexalgerie.com\/machines\/"},{"@type":"ListItem","position":2,"name":"Produits","item":"https:\/\/innovexalgerie.com\/machines\/boutique\/"},{"@type":"ListItem","position":3,"name":"Soudeuse \u00e0 impulsion portative KFR-400"}]}]}},"_links":{"self":[{"href":"https:\/\/innovexalgerie.com\/machines\/wp-json\/wp\/v2\/product\/31280","targetHints":{"allow":["GET"]}}],"collection":[{"href":"https:\/\/innovexalgerie.com\/machines\/wp-json\/wp\/v2\/product"}],"about":[{"href":"https:\/\/innovexalgerie.com\/machines\/wp-json\/wp\/v2\/types\/product"}],"version-history":[{"count":6,"href":"https:\/\/innovexalgerie.com\/machines\/wp-json\/wp\/v2\/product\/31280\/revisions"}],"predecessor-version":[{"id":31296,"href":"https:\/\/innovexalgerie.com\/machines\/wp-json\/wp\/v2\/product\/31280\/revisions\/31296"}],"wp:featuredmedia":[{"embeddable":true,"href":"https:\/\/innovexalgerie.com\/machines\/wp-json\/wp\/v2\/media\/31285"}],"wp:attachment":[{"href":"https:\/\/innovexalgerie.com\/machines\/wp-json\/wp\/v2\/media?parent=31280"}],"wp:term":[{"taxonomy":"product_cat","embeddable":true,"href":"https:\/\/innovexalgerie.com\/machines\/wp-json\/wp\/v2\/product_cat?post=31280"},{"taxonomy":"product_tag","embeddable":true,"href":"https:\/\/innovexalgerie.com\/machines\/wp-json\/wp\/v2\/product_tag?post=31280"}],"curies":[{"name":"wp","href":"https:\/\/api.w.org\/{rel}","templated":true}]}}