{"id":31297,"date":"2022-12-06T13:57:36","date_gmt":"2022-12-06T12:57:36","guid":{"rendered":"https:\/\/innovexalgerie.com\/machines\/?post_type=product&#038;p=31297"},"modified":"2022-12-06T14:32:12","modified_gmt":"2022-12-06T13:32:12","slug":"soudeuse-a-impulsion-portative-ips-400","status":"publish","type":"product","link":"https:\/\/innovexalgerie.com\/machines\/produit\/soudeuse-a-impulsion-portative-ips-400\/","title":{"rendered":"Soudeuse \u00e0 impulsion portative IPS-400"},"content":{"rendered":"<p>Soudeuse \u00e0 impulsion \u00e9lectrique <strong>IPS-400<\/strong> avec g\u00e9n\u00e9rateur pour les mati\u00e8res thermosoudables, elle fait la soudure sur plastique, aluminium, papier<br \/>\nthermosoudable&#8230;. jusqu&rsquo;\u00e0 400mm de largeur<\/p>\n<ul>\n<li>Longueur de soudure jusqu&rsquo;\u00e0\u00a0 40cm.<\/li>\n<li>Largeur de soudure 10mm.<\/li>\n<li>Soudeuse \u00e0 impulsion \u00e9lectrique pour une chauffe instantan\u00e9e permettant la soudure de grandes dimensions de sacs plastique et de grandes surfaces continues en repla\u00e7ant la pince \u00e0 la fin de chaque soudure pr\u00e9c\u00e9dente.<\/li>\n<li>Temp\u00e9rature r\u00e9glable.<\/li>\n<li>Soudeuse \u00e0 utiliser directement branch\u00e9e sur un g\u00e9n\u00e9rateur \u00e0 souder sp\u00e9cifique pour m\u00e2choires portatives \u00e0 impulsion.<\/li>\n<li>\u00a0Le g\u00e9n\u00e9rateur, en plus d&rsquo;un coupe circuit, est \u00e9quip\u00e9 d&rsquo;un thermostat pour contr\u00f4ler le temps de soudure en fonction de l&rsquo;\u00e9paisseur de film plastique \u00e0 souder.<\/li>\n<li>Afin de pouvoir utiliser la pince \u00e0 impulsion, elle doit \u00eatre raccord\u00e9e \u00e0 un g\u00e9n\u00e9rateur qui permet de r\u00e9gler le temps de soudure en fonction de l&rsquo;\u00e9paisseur du film.<\/li>\n<\/ul>\n","protected":false},"excerpt":{"rendered":"<p>Soudeuse \u00e0 impulsion \u00e9lectrique avec g\u00e9n\u00e9rateur pour les mati\u00e8res thermosoudables, elle fait la soudure sur plastique, aluminium, papier thermosoudable&#8230;. jusqu&rsquo;\u00e0 400mm de largeur.<img loading=\"lazy\" decoding=\"async\" class=\"alignnone size-full wp-image-31291\" src=\"https:\/\/innovexalgerie.com\/machines\/wp-content\/uploads\/2022\/12\/ICON-SOUDEISE-KFR-400.jpg\" alt=\"\" width=\"922\" height=\"217\" srcset=\"https:\/\/innovexalgerie.com\/machines\/wp-content\/uploads\/2022\/12\/ICON-SOUDEISE-KFR-400.jpg 922w, https:\/\/innovexalgerie.com\/machines\/wp-content\/uploads\/2022\/12\/ICON-SOUDEISE-KFR-400-300x71.jpg 300w, https:\/\/innovexalgerie.com\/machines\/wp-content\/uploads\/2022\/12\/ICON-SOUDEISE-KFR-400-768x181.jpg 768w, https:\/\/innovexalgerie.com\/machines\/wp-content\/uploads\/2022\/12\/ICON-SOUDEISE-KFR-400-600x141.jpg 600w\" sizes=\"auto, (max-width: 922px) 100vw, 922px\" \/><\/p>\n","protected":false},"featured_media":31299,"template":"","meta":{"_monsterinsights_skip_tracking":false,"_monsterinsights_sitenote_active":false,"_monsterinsights_sitenote_note":"","_monsterinsights_sitenote_category":0},"product_cat":[66,220],"product_tag":[44,195,196],"class_list":["post-31297","product","type-product","status-publish","has-post-thumbnail","hentry","product_cat-soudeuses","product_cat-soudeuses-a-impulsion-manuelle","product_tag-soudeuse","product_tag-soudeuse-a-impulsion","product_tag-soudeuse-manuelle"],"yoast_head":"<!-- This site is optimized with the Yoast SEO Premium plugin v16.2 (Yoast SEO v16.7) - https:\/\/yoast.com\/wordpress\/plugins\/seo\/ -->\n<title>Soudeuse \u00e0 impulsion portative IPS-400 - Innovex Machines | Innovex Algerie<\/title>\n<meta name=\"description\" content=\"La soudeuse \u00e0 impulsion manuelle \u00e9lectrique adapt\u00e9e pour tous type de sacs thermo-soudables, avec soudage par chaleur.innovex machine.\" \/>\n<meta name=\"robots\" content=\"index, follow, max-snippet:-1, max-image-preview:large, max-video-preview:-1\" \/>\n<link rel=\"canonical\" href=\"https:\/\/innovexalgerie.com\/machines\/produit\/soudeuse-a-impulsion-portative-ips-400\/\" \/>\n<meta property=\"og:locale\" content=\"fr_FR\" \/>\n<meta property=\"og:type\" content=\"article\" \/>\n<meta property=\"og:title\" content=\"Soudeuse \u00e0 impulsion portative IPS-400 - Innovex Machines | Innovex Algerie\" \/>\n<meta property=\"og:description\" content=\"La soudeuse \u00e0 impulsion manuelle \u00e9lectrique adapt\u00e9e pour tous type de sacs thermo-soudables, avec soudage par chaleur.innovex machine.\" \/>\n<meta property=\"og:url\" content=\"https:\/\/innovexalgerie.com\/machines\/produit\/soudeuse-a-impulsion-portative-ips-400\/\" \/>\n<meta property=\"og:site_name\" content=\"Innovex Machines | Innovex Algerie\" \/>\n<meta property=\"article:publisher\" content=\"https:\/\/www.facebook.com\/innovexmachine1\" \/>\n<meta property=\"article:modified_time\" content=\"2022-12-06T13:32:12+00:00\" \/>\n<meta property=\"og:image\" content=\"https:\/\/innovexalgerie.com\/machines\/wp-content\/uploads\/2022\/12\/IPS-400.jpg\" \/>\n\t<meta property=\"og:image:width\" content=\"500\" \/>\n\t<meta property=\"og:image:height\" content=\"500\" \/>\n<meta name=\"twitter:card\" content=\"summary_large_image\" \/>\n<meta name=\"twitter:label1\" content=\"Dur\u00e9e de lecture est.\" \/>\n\t<meta name=\"twitter:data1\" content=\"1 minute\" \/>\n<script type=\"application\/ld+json\" class=\"yoast-schema-graph\">{\"@context\":\"https:\/\/schema.org\",\"@graph\":[{\"@type\":\"WebSite\",\"@id\":\"https:\/\/innovexalgerie.com\/machines\/#website\",\"url\":\"https:\/\/innovexalgerie.com\/machines\/\",\"name\":\"Innovex Machines | Innovex Algerie\",\"description\":\"Fournisseur de machines d&#039;emballage et d&#039;imprimerie\",\"potentialAction\":[{\"@type\":\"SearchAction\",\"target\":{\"@type\":\"EntryPoint\",\"urlTemplate\":\"https:\/\/innovexalgerie.com\/machines\/?s={search_term_string}\"},\"query-input\":\"required name=search_term_string\"}],\"inLanguage\":\"fr-FR\"},{\"@type\":\"ImageObject\",\"@id\":\"https:\/\/innovexalgerie.com\/machines\/produit\/soudeuse-a-impulsion-portative-ips-400\/#primaryimage\",\"inLanguage\":\"fr-FR\",\"url\":\"https:\/\/innovexalgerie.com\/machines\/wp-content\/uploads\/2022\/12\/IPS-400.jpg\",\"contentUrl\":\"https:\/\/innovexalgerie.com\/machines\/wp-content\/uploads\/2022\/12\/IPS-400.jpg\",\"width\":500,\"height\":500},{\"@type\":\"WebPage\",\"@id\":\"https:\/\/innovexalgerie.com\/machines\/produit\/soudeuse-a-impulsion-portative-ips-400\/#webpage\",\"url\":\"https:\/\/innovexalgerie.com\/machines\/produit\/soudeuse-a-impulsion-portative-ips-400\/\",\"name\":\"Soudeuse \\u00e0 impulsion portative IPS-400 - Innovex Machines | Innovex Algerie\",\"isPartOf\":{\"@id\":\"https:\/\/innovexalgerie.com\/machines\/#website\"},\"primaryImageOfPage\":{\"@id\":\"https:\/\/innovexalgerie.com\/machines\/produit\/soudeuse-a-impulsion-portative-ips-400\/#primaryimage\"},\"datePublished\":\"2022-12-06T12:57:36+00:00\",\"dateModified\":\"2022-12-06T13:32:12+00:00\",\"description\":\"La soudeuse \\u00e0 impulsion manuelle \\u00e9lectrique adapt\\u00e9e pour tous type de sacs thermo-soudables, avec soudage par chaleur.innovex machine.\",\"breadcrumb\":{\"@id\":\"https:\/\/innovexalgerie.com\/machines\/produit\/soudeuse-a-impulsion-portative-ips-400\/#breadcrumb\"},\"inLanguage\":\"fr-FR\",\"potentialAction\":[{\"@type\":\"ReadAction\",\"target\":[\"https:\/\/innovexalgerie.com\/machines\/produit\/soudeuse-a-impulsion-portative-ips-400\/\"]}]},{\"@type\":\"BreadcrumbList\",\"@id\":\"https:\/\/innovexalgerie.com\/machines\/produit\/soudeuse-a-impulsion-portative-ips-400\/#breadcrumb\",\"itemListElement\":[{\"@type\":\"ListItem\",\"position\":1,\"name\":\"Accueil\",\"item\":\"https:\/\/innovexalgerie.com\/machines\/\"},{\"@type\":\"ListItem\",\"position\":2,\"name\":\"Produits\",\"item\":\"https:\/\/innovexalgerie.com\/machines\/boutique\/\"},{\"@type\":\"ListItem\",\"position\":3,\"name\":\"Soudeuse \\u00e0 impulsion portative IPS-400\"}]}]}<\/script>\n<!-- \/ Yoast SEO Premium plugin. -->","yoast_head_json":{"title":"Soudeuse \u00e0 impulsion portative IPS-400 - Innovex Machines | Innovex Algerie","description":"La soudeuse \u00e0 impulsion manuelle \u00e9lectrique adapt\u00e9e pour tous type de sacs thermo-soudables, avec soudage par chaleur.innovex machine.","robots":{"index":"index","follow":"follow","max-snippet":"max-snippet:-1","max-image-preview":"max-image-preview:large","max-video-preview":"max-video-preview:-1"},"canonical":"https:\/\/innovexalgerie.com\/machines\/produit\/soudeuse-a-impulsion-portative-ips-400\/","og_locale":"fr_FR","og_type":"article","og_title":"Soudeuse \u00e0 impulsion portative IPS-400 - Innovex Machines | Innovex Algerie","og_description":"La soudeuse \u00e0 impulsion manuelle \u00e9lectrique adapt\u00e9e pour tous type de sacs thermo-soudables, avec soudage par chaleur.innovex machine.","og_url":"https:\/\/innovexalgerie.com\/machines\/produit\/soudeuse-a-impulsion-portative-ips-400\/","og_site_name":"Innovex Machines | Innovex Algerie","article_publisher":"https:\/\/www.facebook.com\/innovexmachine1","article_modified_time":"2022-12-06T13:32:12+00:00","og_image":[{"width":500,"height":500,"filesize":34724,"url":"https:\/\/innovexalgerie.com\/machines\/wp-content\/uploads\/2022\/12\/IPS-400.jpg","path":"\/home\/inovex\/public_html\/machines\/wp-content\/uploads\/2022\/12\/IPS-400.jpg","size":"full","id":31299,"alt":"","pixels":250000,"type":"image\/jpeg"}],"twitter_card":"summary_large_image","twitter_misc":{"Dur\u00e9e de lecture est.":"1 minute"},"schema":{"@context":"https:\/\/schema.org","@graph":[{"@type":"WebSite","@id":"https:\/\/innovexalgerie.com\/machines\/#website","url":"https:\/\/innovexalgerie.com\/machines\/","name":"Innovex Machines | Innovex Algerie","description":"Fournisseur de machines d&#039;emballage et d&#039;imprimerie","potentialAction":[{"@type":"SearchAction","target":{"@type":"EntryPoint","urlTemplate":"https:\/\/innovexalgerie.com\/machines\/?s={search_term_string}"},"query-input":"required name=search_term_string"}],"inLanguage":"fr-FR"},{"@type":"ImageObject","@id":"https:\/\/innovexalgerie.com\/machines\/produit\/soudeuse-a-impulsion-portative-ips-400\/#primaryimage","inLanguage":"fr-FR","url":"https:\/\/innovexalgerie.com\/machines\/wp-content\/uploads\/2022\/12\/IPS-400.jpg","contentUrl":"https:\/\/innovexalgerie.com\/machines\/wp-content\/uploads\/2022\/12\/IPS-400.jpg","width":500,"height":500},{"@type":"WebPage","@id":"https:\/\/innovexalgerie.com\/machines\/produit\/soudeuse-a-impulsion-portative-ips-400\/#webpage","url":"https:\/\/innovexalgerie.com\/machines\/produit\/soudeuse-a-impulsion-portative-ips-400\/","name":"Soudeuse \u00e0 impulsion portative IPS-400 - Innovex Machines | Innovex Algerie","isPartOf":{"@id":"https:\/\/innovexalgerie.com\/machines\/#website"},"primaryImageOfPage":{"@id":"https:\/\/innovexalgerie.com\/machines\/produit\/soudeuse-a-impulsion-portative-ips-400\/#primaryimage"},"datePublished":"2022-12-06T12:57:36+00:00","dateModified":"2022-12-06T13:32:12+00:00","description":"La soudeuse \u00e0 impulsion manuelle \u00e9lectrique adapt\u00e9e pour tous type de sacs thermo-soudables, avec soudage par chaleur.innovex machine.","breadcrumb":{"@id":"https:\/\/innovexalgerie.com\/machines\/produit\/soudeuse-a-impulsion-portative-ips-400\/#breadcrumb"},"inLanguage":"fr-FR","potentialAction":[{"@type":"ReadAction","target":["https:\/\/innovexalgerie.com\/machines\/produit\/soudeuse-a-impulsion-portative-ips-400\/"]}]},{"@type":"BreadcrumbList","@id":"https:\/\/innovexalgerie.com\/machines\/produit\/soudeuse-a-impulsion-portative-ips-400\/#breadcrumb","itemListElement":[{"@type":"ListItem","position":1,"name":"Accueil","item":"https:\/\/innovexalgerie.com\/machines\/"},{"@type":"ListItem","position":2,"name":"Produits","item":"https:\/\/innovexalgerie.com\/machines\/boutique\/"},{"@type":"ListItem","position":3,"name":"Soudeuse \u00e0 impulsion portative IPS-400"}]}]}},"_links":{"self":[{"href":"https:\/\/innovexalgerie.com\/machines\/wp-json\/wp\/v2\/product\/31297","targetHints":{"allow":["GET"]}}],"collection":[{"href":"https:\/\/innovexalgerie.com\/machines\/wp-json\/wp\/v2\/product"}],"about":[{"href":"https:\/\/innovexalgerie.com\/machines\/wp-json\/wp\/v2\/types\/product"}],"version-history":[{"count":2,"href":"https:\/\/innovexalgerie.com\/machines\/wp-json\/wp\/v2\/product\/31297\/revisions"}],"predecessor-version":[{"id":31303,"href":"https:\/\/innovexalgerie.com\/machines\/wp-json\/wp\/v2\/product\/31297\/revisions\/31303"}],"wp:featuredmedia":[{"embeddable":true,"href":"https:\/\/innovexalgerie.com\/machines\/wp-json\/wp\/v2\/media\/31299"}],"wp:attachment":[{"href":"https:\/\/innovexalgerie.com\/machines\/wp-json\/wp\/v2\/media?parent=31297"}],"wp:term":[{"taxonomy":"product_cat","embeddable":true,"href":"https:\/\/innovexalgerie.com\/machines\/wp-json\/wp\/v2\/product_cat?post=31297"},{"taxonomy":"product_tag","embeddable":true,"href":"https:\/\/innovexalgerie.com\/machines\/wp-json\/wp\/v2\/product_tag?post=31297"}],"curies":[{"name":"wp","href":"https:\/\/api.w.org\/{rel}","templated":true}]}}