{"id":31432,"date":"2023-02-06T09:51:52","date_gmt":"2023-02-06T08:51:52","guid":{"rendered":"https:\/\/innovexalgerie.com\/machines\/?post_type=product&#038;p=31432"},"modified":"2023-04-18T09:43:23","modified_gmt":"2023-04-18T08:43:23","slug":"filmeuse-a-barquette-kw-550","status":"publish","type":"product","link":"https:\/\/innovexalgerie.com\/machines\/produit\/filmeuse-a-barquette-kw-550\/","title":{"rendered":"Filmeuse \u00e0 barquette KW-550"},"content":{"rendered":"<p>Filmeuse de barquette <strong>KW-550<\/strong> \u00e0 plateau chauffant fabriqu\u00e9e en acier inoxydable, tr\u00e8s fonctionnel et facile \u00e0 utiliser, id\u00e9al pour l&#8217;emballage de produits alimentaires (l\u00e9gumes, fruits, viande, etc.) qui doivent \u00eatre emball\u00e9s avec un film extensible sp\u00e9cial \u00e0 usage alimentaire laize max 550mm.<\/p>\n<ul>\n<li>\u00a0La machine est utilis\u00e9e pour emballer les aliments afin de pr\u00e9server leur fra\u00eecheur et d&rsquo;am\u00e9liorer l&rsquo;apparence.<\/li>\n<li>Cette filmeuse \u00e0 barquette permet de conditionner manuellement sous film \u00e9tirable les produits alimentaires en barquette. Cette filmeuse \u00e0 barquette peut \u00eatre utilis\u00e9e pour le conditionnement sous barquette.<\/li>\n<li>Filmeuse \u00e0 barquette \u00e0 poser sur table.<\/li>\n<li>\u00a0Assurer une longue dur\u00e9e de conservation, pr\u00e9venir les odeurs et emp\u00eacher la d\u00e9t\u00e9rioration des aliments.<\/li>\n<li>Panneau de configuration facile \u00e0 utiliser.<\/li>\n<li>Une coupure de film avec r\u00e9sistance.<\/li>\n<li>\u00a0Rouleau et tiges en aluminium anodis\u00e9.<\/li>\n<li>\u00a0Plaque chauffante r\u00e9glable par thermostat et profil t\u00e9flon (ne provoque pas de fum\u00e9e).<\/li>\n<li>\u00a0largement utilis\u00e9 dans les usines, les centres commerciaux, les supermarch\u00e9s et restaurants<strong>.<\/strong><\/li>\n<\/ul>\n","protected":false},"excerpt":{"rendered":"<p>Filmeuse de barquette \u00e0 plateau chauffant fabriqu\u00e9e en acier inoxydable, tr\u00e8s fonctionnel et facile \u00e0 utiliser, id\u00e9al pour l&#8217;emballage de produits alimentaires.<\/p>\n<p><img loading=\"lazy\" decoding=\"async\" class=\"alignnone size-full wp-image-31445\" src=\"https:\/\/innovexalgerie.com\/machines\/wp-content\/uploads\/2023\/02\/ICON-FILMEUSE-A-BARQUETTE-KW-550.jpg\" alt=\"\" width=\"905\" height=\"196\" srcset=\"https:\/\/innovexalgerie.com\/machines\/wp-content\/uploads\/2023\/02\/ICON-FILMEUSE-A-BARQUETTE-KW-550.jpg 905w, https:\/\/innovexalgerie.com\/machines\/wp-content\/uploads\/2023\/02\/ICON-FILMEUSE-A-BARQUETTE-KW-550-300x65.jpg 300w, https:\/\/innovexalgerie.com\/machines\/wp-content\/uploads\/2023\/02\/ICON-FILMEUSE-A-BARQUETTE-KW-550-768x166.jpg 768w, https:\/\/innovexalgerie.com\/machines\/wp-content\/uploads\/2023\/02\/ICON-FILMEUSE-A-BARQUETTE-KW-550-600x130.jpg 600w\" sizes=\"auto, (max-width: 905px) 100vw, 905px\" \/><\/p>\n","protected":false},"featured_media":31436,"template":"","meta":{"_monsterinsights_skip_tracking":false,"_monsterinsights_sitenote_active":false,"_monsterinsights_sitenote_note":"","_monsterinsights_sitenote_category":0},"product_cat":[35,267],"product_tag":[],"class_list":["post-31432","product","type-product","status-publish","has-post-thumbnail","hentry","product_cat-fardeleuse-et-cellophaneuse","product_cat-filmeuse-a-barquette"],"yoast_head":"<!-- This site is optimized with the Yoast SEO Premium plugin v16.2 (Yoast SEO v16.7) - https:\/\/yoast.com\/wordpress\/plugins\/seo\/ -->\n<title>Filmeuse \u00e0 barquette KW-550 - Innovex Machines | Innovex Algerie<\/title>\n<meta name=\"description\" content=\"Filmeuse de barquette \u00e0 plateau chauffant, tr\u00e8s fonctionnel et facile \u00e0 utiliser, id\u00e9al pour l&#039;emballage de produits alimentaires.\" \/>\n<meta name=\"robots\" content=\"index, follow, max-snippet:-1, max-image-preview:large, max-video-preview:-1\" \/>\n<link rel=\"canonical\" href=\"https:\/\/innovexalgerie.com\/machines\/produit\/filmeuse-a-barquette-kw-550\/\" \/>\n<meta property=\"og:locale\" content=\"fr_FR\" \/>\n<meta property=\"og:type\" content=\"article\" \/>\n<meta property=\"og:title\" content=\"Filmeuse \u00e0 barquette KW-550 - Innovex Machines | Innovex Algerie\" \/>\n<meta property=\"og:description\" content=\"Filmeuse de barquette \u00e0 plateau chauffant, tr\u00e8s fonctionnel et facile \u00e0 utiliser, id\u00e9al pour l&#039;emballage de produits alimentaires.\" \/>\n<meta property=\"og:url\" content=\"https:\/\/innovexalgerie.com\/machines\/produit\/filmeuse-a-barquette-kw-550\/\" \/>\n<meta property=\"og:site_name\" content=\"Innovex Machines | Innovex Algerie\" \/>\n<meta property=\"article:publisher\" content=\"https:\/\/www.facebook.com\/innovexmachine1\" \/>\n<meta property=\"article:modified_time\" content=\"2023-04-18T08:43:23+00:00\" \/>\n<meta property=\"og:image\" content=\"https:\/\/innovexalgerie.com\/machines\/wp-content\/uploads\/2023\/02\/kw-550.jpg\" \/>\n\t<meta property=\"og:image:width\" content=\"1000\" \/>\n\t<meta property=\"og:image:height\" content=\"1000\" \/>\n<meta name=\"twitter:card\" content=\"summary_large_image\" \/>\n<meta name=\"twitter:label1\" content=\"Dur\u00e9e de lecture est.\" \/>\n\t<meta name=\"twitter:data1\" content=\"1 minute\" \/>\n<script type=\"application\/ld+json\" class=\"yoast-schema-graph\">{\"@context\":\"https:\/\/schema.org\",\"@graph\":[{\"@type\":\"WebSite\",\"@id\":\"https:\/\/innovexalgerie.com\/machines\/#website\",\"url\":\"https:\/\/innovexalgerie.com\/machines\/\",\"name\":\"Innovex Machines | Innovex Algerie\",\"description\":\"Fournisseur de machines d&#039;emballage et d&#039;imprimerie\",\"potentialAction\":[{\"@type\":\"SearchAction\",\"target\":{\"@type\":\"EntryPoint\",\"urlTemplate\":\"https:\/\/innovexalgerie.com\/machines\/?s={search_term_string}\"},\"query-input\":\"required name=search_term_string\"}],\"inLanguage\":\"fr-FR\"},{\"@type\":\"ImageObject\",\"@id\":\"https:\/\/innovexalgerie.com\/machines\/produit\/filmeuse-a-barquette-kw-550\/#primaryimage\",\"inLanguage\":\"fr-FR\",\"url\":\"https:\/\/innovexalgerie.com\/machines\/wp-content\/uploads\/2023\/02\/kw-550.jpg\",\"contentUrl\":\"https:\/\/innovexalgerie.com\/machines\/wp-content\/uploads\/2023\/02\/kw-550.jpg\",\"width\":1000,\"height\":1000},{\"@type\":\"WebPage\",\"@id\":\"https:\/\/innovexalgerie.com\/machines\/produit\/filmeuse-a-barquette-kw-550\/#webpage\",\"url\":\"https:\/\/innovexalgerie.com\/machines\/produit\/filmeuse-a-barquette-kw-550\/\",\"name\":\"Filmeuse \\u00e0 barquette KW-550 - Innovex Machines | Innovex Algerie\",\"isPartOf\":{\"@id\":\"https:\/\/innovexalgerie.com\/machines\/#website\"},\"primaryImageOfPage\":{\"@id\":\"https:\/\/innovexalgerie.com\/machines\/produit\/filmeuse-a-barquette-kw-550\/#primaryimage\"},\"datePublished\":\"2023-02-06T08:51:52+00:00\",\"dateModified\":\"2023-04-18T08:43:23+00:00\",\"description\":\"Filmeuse de barquette \\u00e0 plateau chauffant, tr\\u00e8s fonctionnel et facile \\u00e0 utiliser, id\\u00e9al pour l'emballage de produits alimentaires.\",\"breadcrumb\":{\"@id\":\"https:\/\/innovexalgerie.com\/machines\/produit\/filmeuse-a-barquette-kw-550\/#breadcrumb\"},\"inLanguage\":\"fr-FR\",\"potentialAction\":[{\"@type\":\"ReadAction\",\"target\":[\"https:\/\/innovexalgerie.com\/machines\/produit\/filmeuse-a-barquette-kw-550\/\"]}]},{\"@type\":\"BreadcrumbList\",\"@id\":\"https:\/\/innovexalgerie.com\/machines\/produit\/filmeuse-a-barquette-kw-550\/#breadcrumb\",\"itemListElement\":[{\"@type\":\"ListItem\",\"position\":1,\"name\":\"Accueil\",\"item\":\"https:\/\/innovexalgerie.com\/machines\/\"},{\"@type\":\"ListItem\",\"position\":2,\"name\":\"Produits\",\"item\":\"https:\/\/innovexalgerie.com\/machines\/boutique\/\"},{\"@type\":\"ListItem\",\"position\":3,\"name\":\"Filmeuse \\u00e0 barquette KW-550\"}]}]}<\/script>\n<!-- \/ Yoast SEO Premium plugin. -->","yoast_head_json":{"title":"Filmeuse \u00e0 barquette KW-550 - Innovex Machines | Innovex Algerie","description":"Filmeuse de barquette \u00e0 plateau chauffant, tr\u00e8s fonctionnel et facile \u00e0 utiliser, id\u00e9al pour l'emballage de produits alimentaires.","robots":{"index":"index","follow":"follow","max-snippet":"max-snippet:-1","max-image-preview":"max-image-preview:large","max-video-preview":"max-video-preview:-1"},"canonical":"https:\/\/innovexalgerie.com\/machines\/produit\/filmeuse-a-barquette-kw-550\/","og_locale":"fr_FR","og_type":"article","og_title":"Filmeuse \u00e0 barquette KW-550 - Innovex Machines | Innovex Algerie","og_description":"Filmeuse de barquette \u00e0 plateau chauffant, tr\u00e8s fonctionnel et facile \u00e0 utiliser, id\u00e9al pour l'emballage de produits alimentaires.","og_url":"https:\/\/innovexalgerie.com\/machines\/produit\/filmeuse-a-barquette-kw-550\/","og_site_name":"Innovex Machines | Innovex Algerie","article_publisher":"https:\/\/www.facebook.com\/innovexmachine1","article_modified_time":"2023-04-18T08:43:23+00:00","og_image":[{"width":1000,"height":1000,"filesize":117172,"url":"https:\/\/innovexalgerie.com\/machines\/wp-content\/uploads\/2023\/02\/kw-550.jpg","path":"\/home\/inovex\/public_html\/machines\/wp-content\/uploads\/2023\/02\/kw-550.jpg","size":"full","id":31436,"alt":"","pixels":1000000,"type":"image\/jpeg"}],"twitter_card":"summary_large_image","twitter_misc":{"Dur\u00e9e de lecture est.":"1 minute"},"schema":{"@context":"https:\/\/schema.org","@graph":[{"@type":"WebSite","@id":"https:\/\/innovexalgerie.com\/machines\/#website","url":"https:\/\/innovexalgerie.com\/machines\/","name":"Innovex Machines | Innovex Algerie","description":"Fournisseur de machines d&#039;emballage et d&#039;imprimerie","potentialAction":[{"@type":"SearchAction","target":{"@type":"EntryPoint","urlTemplate":"https:\/\/innovexalgerie.com\/machines\/?s={search_term_string}"},"query-input":"required name=search_term_string"}],"inLanguage":"fr-FR"},{"@type":"ImageObject","@id":"https:\/\/innovexalgerie.com\/machines\/produit\/filmeuse-a-barquette-kw-550\/#primaryimage","inLanguage":"fr-FR","url":"https:\/\/innovexalgerie.com\/machines\/wp-content\/uploads\/2023\/02\/kw-550.jpg","contentUrl":"https:\/\/innovexalgerie.com\/machines\/wp-content\/uploads\/2023\/02\/kw-550.jpg","width":1000,"height":1000},{"@type":"WebPage","@id":"https:\/\/innovexalgerie.com\/machines\/produit\/filmeuse-a-barquette-kw-550\/#webpage","url":"https:\/\/innovexalgerie.com\/machines\/produit\/filmeuse-a-barquette-kw-550\/","name":"Filmeuse \u00e0 barquette KW-550 - Innovex Machines | Innovex Algerie","isPartOf":{"@id":"https:\/\/innovexalgerie.com\/machines\/#website"},"primaryImageOfPage":{"@id":"https:\/\/innovexalgerie.com\/machines\/produit\/filmeuse-a-barquette-kw-550\/#primaryimage"},"datePublished":"2023-02-06T08:51:52+00:00","dateModified":"2023-04-18T08:43:23+00:00","description":"Filmeuse de barquette \u00e0 plateau chauffant, tr\u00e8s fonctionnel et facile \u00e0 utiliser, id\u00e9al pour l'emballage de produits alimentaires.","breadcrumb":{"@id":"https:\/\/innovexalgerie.com\/machines\/produit\/filmeuse-a-barquette-kw-550\/#breadcrumb"},"inLanguage":"fr-FR","potentialAction":[{"@type":"ReadAction","target":["https:\/\/innovexalgerie.com\/machines\/produit\/filmeuse-a-barquette-kw-550\/"]}]},{"@type":"BreadcrumbList","@id":"https:\/\/innovexalgerie.com\/machines\/produit\/filmeuse-a-barquette-kw-550\/#breadcrumb","itemListElement":[{"@type":"ListItem","position":1,"name":"Accueil","item":"https:\/\/innovexalgerie.com\/machines\/"},{"@type":"ListItem","position":2,"name":"Produits","item":"https:\/\/innovexalgerie.com\/machines\/boutique\/"},{"@type":"ListItem","position":3,"name":"Filmeuse \u00e0 barquette KW-550"}]}]}},"_links":{"self":[{"href":"https:\/\/innovexalgerie.com\/machines\/wp-json\/wp\/v2\/product\/31432","targetHints":{"allow":["GET"]}}],"collection":[{"href":"https:\/\/innovexalgerie.com\/machines\/wp-json\/wp\/v2\/product"}],"about":[{"href":"https:\/\/innovexalgerie.com\/machines\/wp-json\/wp\/v2\/types\/product"}],"version-history":[{"count":5,"href":"https:\/\/innovexalgerie.com\/machines\/wp-json\/wp\/v2\/product\/31432\/revisions"}],"predecessor-version":[{"id":31444,"href":"https:\/\/innovexalgerie.com\/machines\/wp-json\/wp\/v2\/product\/31432\/revisions\/31444"}],"wp:featuredmedia":[{"embeddable":true,"href":"https:\/\/innovexalgerie.com\/machines\/wp-json\/wp\/v2\/media\/31436"}],"wp:attachment":[{"href":"https:\/\/innovexalgerie.com\/machines\/wp-json\/wp\/v2\/media?parent=31432"}],"wp:term":[{"taxonomy":"product_cat","embeddable":true,"href":"https:\/\/innovexalgerie.com\/machines\/wp-json\/wp\/v2\/product_cat?post=31432"},{"taxonomy":"product_tag","embeddable":true,"href":"https:\/\/innovexalgerie.com\/machines\/wp-json\/wp\/v2\/product_tag?post=31432"}],"curies":[{"name":"wp","href":"https:\/\/api.w.org\/{rel}","templated":true}]}}