{"id":31676,"date":"2023-04-11T12:52:31","date_gmt":"2023-04-11T11:52:31","guid":{"rendered":"https:\/\/innovexalgerie.com\/machines\/?post_type=product&#038;p=31676"},"modified":"2023-04-11T13:10:24","modified_gmt":"2023-04-11T12:10:24","slug":"machine-sous-vide-externe-dz600w","status":"publish","type":"product","link":"https:\/\/innovexalgerie.com\/machines\/produit\/machine-sous-vide-externe-dz600w\/","title":{"rendered":"Machine Sous-vide Externe DZ600W"},"content":{"rendered":"<p>Machine d\u2019emballage sous vide horizontale <strong>DZ600W<\/strong> de type externe, adaptable pour les sacs lourds ou de grande dimension, d\u2019agro alimntaires,<br \/>\npharmacetiques, fruits secs&#8230; fabriqu\u00e9e enti\u00e8rement en acier inoxydable, elle est adaptable pour tout les dimensions du sac sous vide gr\u00e2ce \u00e0 une table de travail de hauteur r\u00e9glable.<\/p>\n<ul>\n<li>Machine facile \u00e0 utiliser, \u00e0 nettoyer et \u00e0 entretenir.<\/li>\n<li>Tableau de fonctionnement digital facile \u00e0 utiliser avec 10 programmes de travail.<\/li>\n<li>Le syst\u00e8me de s\u00e9paration huile-eau de haute gamme permet \u00e0 la pompe \u00e0 vide de fonctionner en toute s\u00e9curit\u00e9 et avec une grande capacit\u00e9.<\/li>\n<li>Table de travail de hateur r\u00e9glable.<\/li>\n<li>\u00a0Descente des injecteurs et barre de soudure par des verins pneumatiques.<\/li>\n<li>Soudure et injection externe.<\/li>\n<li>Machine conforme aux normes CE.<\/li>\n<\/ul>\n","protected":false},"excerpt":{"rendered":"<p>Machine\u00a0 sous vide externe horizontale adaptable pour les sacs lourds ou de grande dimension, d\u2019agro alimntaires, pharmacetiques, fruits secs.., est adaptable pour tout les dimensions du sav sous vide gr\u00e2ce \u00e0 une table de travail de hauteur r\u00e9glable.<img loading=\"lazy\" decoding=\"async\" class=\"alignnone size-full wp-image-31673\" src=\"https:\/\/innovexalgerie.com\/machines\/wp-content\/uploads\/2023\/04\/ICON-SOUS-VIDE-EXTERNE.jpg\" alt=\"ICON-SOUS-VIDE-EXTERNE\" width=\"908\" height=\"231\" srcset=\"https:\/\/innovexalgerie.com\/machines\/wp-content\/uploads\/2023\/04\/ICON-SOUS-VIDE-EXTERNE.jpg 908w, https:\/\/innovexalgerie.com\/machines\/wp-content\/uploads\/2023\/04\/ICON-SOUS-VIDE-EXTERNE-300x76.jpg 300w, https:\/\/innovexalgerie.com\/machines\/wp-content\/uploads\/2023\/04\/ICON-SOUS-VIDE-EXTERNE-768x195.jpg 768w, https:\/\/innovexalgerie.com\/machines\/wp-content\/uploads\/2023\/04\/ICON-SOUS-VIDE-EXTERNE-600x153.jpg 600w\" sizes=\"auto, (max-width: 908px) 100vw, 908px\" \/><\/p>\n<p>&nbsp;<\/p>\n","protected":false},"featured_media":31683,"template":"","meta":{"_monsterinsights_skip_tracking":false,"_monsterinsights_sitenote_active":false,"_monsterinsights_sitenote_note":"","_monsterinsights_sitenote_category":0},"product_cat":[23,263],"product_tag":[24,264,26,25],"class_list":["post-31676","product","type-product","status-publish","has-post-thumbnail","hentry","product_cat-sous-vides","product_cat-sous-vide-externe-sous-vides","product_tag-emballage","product_tag-externe","product_tag-sacs-sous-vide","product_tag-sous-vide"],"yoast_head":"<!-- This site is optimized with the Yoast SEO Premium plugin v16.2 (Yoast SEO v16.7) - https:\/\/yoast.com\/wordpress\/plugins\/seo\/ -->\n<title>Machine Sous-vide Externe DZ600W - Innovex Machines | Innovex Algerie<\/title>\n<meta name=\"description\" content=\"Machine sous vide externe adaptable pour les sacs lourds ou de grande dimension, d\u2019agro alimntaires, pharmacetiques, fruits secs..,\" \/>\n<meta name=\"robots\" content=\"index, follow, max-snippet:-1, max-image-preview:large, max-video-preview:-1\" \/>\n<link rel=\"canonical\" href=\"https:\/\/innovexalgerie.com\/machines\/produit\/machine-sous-vide-externe-dz600w\/\" \/>\n<meta property=\"og:locale\" content=\"fr_FR\" \/>\n<meta property=\"og:type\" content=\"article\" \/>\n<meta property=\"og:title\" content=\"Machine Sous-vide Externe DZ600W - Innovex Machines | Innovex Algerie\" \/>\n<meta property=\"og:description\" content=\"Machine sous vide externe adaptable pour les sacs lourds ou de grande dimension, d\u2019agro alimntaires, pharmacetiques, fruits secs..,\" \/>\n<meta property=\"og:url\" content=\"https:\/\/innovexalgerie.com\/machines\/produit\/machine-sous-vide-externe-dz600w\/\" \/>\n<meta property=\"og:site_name\" content=\"Innovex Machines | Innovex Algerie\" \/>\n<meta property=\"article:publisher\" content=\"https:\/\/www.facebook.com\/innovexmachine1\" \/>\n<meta property=\"article:modified_time\" content=\"2023-04-11T12:10:24+00:00\" \/>\n<meta property=\"og:image\" content=\"https:\/\/innovexalgerie.com\/machines\/wp-content\/uploads\/2023\/04\/DZ600W.jpg\" \/>\n\t<meta property=\"og:image:width\" content=\"1000\" \/>\n\t<meta property=\"og:image:height\" content=\"1000\" \/>\n<meta name=\"twitter:card\" content=\"summary_large_image\" \/>\n<meta name=\"twitter:label1\" content=\"Dur\u00e9e de lecture est.\" \/>\n\t<meta name=\"twitter:data1\" content=\"1 minute\" \/>\n<script type=\"application\/ld+json\" class=\"yoast-schema-graph\">{\"@context\":\"https:\/\/schema.org\",\"@graph\":[{\"@type\":\"WebSite\",\"@id\":\"https:\/\/innovexalgerie.com\/machines\/#website\",\"url\":\"https:\/\/innovexalgerie.com\/machines\/\",\"name\":\"Innovex Machines | Innovex Algerie\",\"description\":\"Fournisseur de machines d&#039;emballage et d&#039;imprimerie\",\"potentialAction\":[{\"@type\":\"SearchAction\",\"target\":{\"@type\":\"EntryPoint\",\"urlTemplate\":\"https:\/\/innovexalgerie.com\/machines\/?s={search_term_string}\"},\"query-input\":\"required name=search_term_string\"}],\"inLanguage\":\"fr-FR\"},{\"@type\":\"ImageObject\",\"@id\":\"https:\/\/innovexalgerie.com\/machines\/produit\/machine-sous-vide-externe-dz600w\/#primaryimage\",\"inLanguage\":\"fr-FR\",\"url\":\"https:\/\/innovexalgerie.com\/machines\/wp-content\/uploads\/2023\/04\/DZ600W.jpg\",\"contentUrl\":\"https:\/\/innovexalgerie.com\/machines\/wp-content\/uploads\/2023\/04\/DZ600W.jpg\",\"width\":1000,\"height\":1000},{\"@type\":\"WebPage\",\"@id\":\"https:\/\/innovexalgerie.com\/machines\/produit\/machine-sous-vide-externe-dz600w\/#webpage\",\"url\":\"https:\/\/innovexalgerie.com\/machines\/produit\/machine-sous-vide-externe-dz600w\/\",\"name\":\"Machine Sous-vide Externe DZ600W - Innovex Machines | Innovex Algerie\",\"isPartOf\":{\"@id\":\"https:\/\/innovexalgerie.com\/machines\/#website\"},\"primaryImageOfPage\":{\"@id\":\"https:\/\/innovexalgerie.com\/machines\/produit\/machine-sous-vide-externe-dz600w\/#primaryimage\"},\"datePublished\":\"2023-04-11T11:52:31+00:00\",\"dateModified\":\"2023-04-11T12:10:24+00:00\",\"description\":\"Machine sous vide externe adaptable pour les sacs lourds ou de grande dimension, d\\u2019agro alimntaires, pharmacetiques, fruits secs..,\",\"breadcrumb\":{\"@id\":\"https:\/\/innovexalgerie.com\/machines\/produit\/machine-sous-vide-externe-dz600w\/#breadcrumb\"},\"inLanguage\":\"fr-FR\",\"potentialAction\":[{\"@type\":\"ReadAction\",\"target\":[\"https:\/\/innovexalgerie.com\/machines\/produit\/machine-sous-vide-externe-dz600w\/\"]}]},{\"@type\":\"BreadcrumbList\",\"@id\":\"https:\/\/innovexalgerie.com\/machines\/produit\/machine-sous-vide-externe-dz600w\/#breadcrumb\",\"itemListElement\":[{\"@type\":\"ListItem\",\"position\":1,\"name\":\"Accueil\",\"item\":\"https:\/\/innovexalgerie.com\/machines\/\"},{\"@type\":\"ListItem\",\"position\":2,\"name\":\"Produits\",\"item\":\"https:\/\/innovexalgerie.com\/machines\/boutique\/\"},{\"@type\":\"ListItem\",\"position\":3,\"name\":\"Machine Sous-vide Externe DZ600W\"}]}]}<\/script>\n<!-- \/ Yoast SEO Premium plugin. -->","yoast_head_json":{"title":"Machine Sous-vide Externe DZ600W - Innovex Machines | Innovex Algerie","description":"Machine sous vide externe adaptable pour les sacs lourds ou de grande dimension, d\u2019agro alimntaires, pharmacetiques, fruits secs..,","robots":{"index":"index","follow":"follow","max-snippet":"max-snippet:-1","max-image-preview":"max-image-preview:large","max-video-preview":"max-video-preview:-1"},"canonical":"https:\/\/innovexalgerie.com\/machines\/produit\/machine-sous-vide-externe-dz600w\/","og_locale":"fr_FR","og_type":"article","og_title":"Machine Sous-vide Externe DZ600W - Innovex Machines | Innovex Algerie","og_description":"Machine sous vide externe adaptable pour les sacs lourds ou de grande dimension, d\u2019agro alimntaires, pharmacetiques, fruits secs..,","og_url":"https:\/\/innovexalgerie.com\/machines\/produit\/machine-sous-vide-externe-dz600w\/","og_site_name":"Innovex Machines | Innovex Algerie","article_publisher":"https:\/\/www.facebook.com\/innovexmachine1","article_modified_time":"2023-04-11T12:10:24+00:00","og_image":[{"width":1000,"height":1000,"filesize":125029,"url":"https:\/\/innovexalgerie.com\/machines\/wp-content\/uploads\/2023\/04\/DZ600W.jpg","path":"\/home\/inovex\/public_html\/machines\/wp-content\/uploads\/2023\/04\/DZ600W.jpg","size":"full","id":31683,"alt":"","pixels":1000000,"type":"image\/jpeg"}],"twitter_card":"summary_large_image","twitter_misc":{"Dur\u00e9e de lecture est.":"1 minute"},"schema":{"@context":"https:\/\/schema.org","@graph":[{"@type":"WebSite","@id":"https:\/\/innovexalgerie.com\/machines\/#website","url":"https:\/\/innovexalgerie.com\/machines\/","name":"Innovex Machines | Innovex Algerie","description":"Fournisseur de machines d&#039;emballage et d&#039;imprimerie","potentialAction":[{"@type":"SearchAction","target":{"@type":"EntryPoint","urlTemplate":"https:\/\/innovexalgerie.com\/machines\/?s={search_term_string}"},"query-input":"required name=search_term_string"}],"inLanguage":"fr-FR"},{"@type":"ImageObject","@id":"https:\/\/innovexalgerie.com\/machines\/produit\/machine-sous-vide-externe-dz600w\/#primaryimage","inLanguage":"fr-FR","url":"https:\/\/innovexalgerie.com\/machines\/wp-content\/uploads\/2023\/04\/DZ600W.jpg","contentUrl":"https:\/\/innovexalgerie.com\/machines\/wp-content\/uploads\/2023\/04\/DZ600W.jpg","width":1000,"height":1000},{"@type":"WebPage","@id":"https:\/\/innovexalgerie.com\/machines\/produit\/machine-sous-vide-externe-dz600w\/#webpage","url":"https:\/\/innovexalgerie.com\/machines\/produit\/machine-sous-vide-externe-dz600w\/","name":"Machine Sous-vide Externe DZ600W - Innovex Machines | Innovex Algerie","isPartOf":{"@id":"https:\/\/innovexalgerie.com\/machines\/#website"},"primaryImageOfPage":{"@id":"https:\/\/innovexalgerie.com\/machines\/produit\/machine-sous-vide-externe-dz600w\/#primaryimage"},"datePublished":"2023-04-11T11:52:31+00:00","dateModified":"2023-04-11T12:10:24+00:00","description":"Machine sous vide externe adaptable pour les sacs lourds ou de grande dimension, d\u2019agro alimntaires, pharmacetiques, fruits secs..,","breadcrumb":{"@id":"https:\/\/innovexalgerie.com\/machines\/produit\/machine-sous-vide-externe-dz600w\/#breadcrumb"},"inLanguage":"fr-FR","potentialAction":[{"@type":"ReadAction","target":["https:\/\/innovexalgerie.com\/machines\/produit\/machine-sous-vide-externe-dz600w\/"]}]},{"@type":"BreadcrumbList","@id":"https:\/\/innovexalgerie.com\/machines\/produit\/machine-sous-vide-externe-dz600w\/#breadcrumb","itemListElement":[{"@type":"ListItem","position":1,"name":"Accueil","item":"https:\/\/innovexalgerie.com\/machines\/"},{"@type":"ListItem","position":2,"name":"Produits","item":"https:\/\/innovexalgerie.com\/machines\/boutique\/"},{"@type":"ListItem","position":3,"name":"Machine Sous-vide Externe DZ600W"}]}]}},"_links":{"self":[{"href":"https:\/\/innovexalgerie.com\/machines\/wp-json\/wp\/v2\/product\/31676","targetHints":{"allow":["GET"]}}],"collection":[{"href":"https:\/\/innovexalgerie.com\/machines\/wp-json\/wp\/v2\/product"}],"about":[{"href":"https:\/\/innovexalgerie.com\/machines\/wp-json\/wp\/v2\/types\/product"}],"version-history":[{"count":3,"href":"https:\/\/innovexalgerie.com\/machines\/wp-json\/wp\/v2\/product\/31676\/revisions"}],"predecessor-version":[{"id":31687,"href":"https:\/\/innovexalgerie.com\/machines\/wp-json\/wp\/v2\/product\/31676\/revisions\/31687"}],"wp:featuredmedia":[{"embeddable":true,"href":"https:\/\/innovexalgerie.com\/machines\/wp-json\/wp\/v2\/media\/31683"}],"wp:attachment":[{"href":"https:\/\/innovexalgerie.com\/machines\/wp-json\/wp\/v2\/media?parent=31676"}],"wp:term":[{"taxonomy":"product_cat","embeddable":true,"href":"https:\/\/innovexalgerie.com\/machines\/wp-json\/wp\/v2\/product_cat?post=31676"},{"taxonomy":"product_tag","embeddable":true,"href":"https:\/\/innovexalgerie.com\/machines\/wp-json\/wp\/v2\/product_tag?post=31676"}],"curies":[{"name":"wp","href":"https:\/\/api.w.org\/{rel}","templated":true}]}}