{"id":31755,"date":"2023-05-14T14:03:53","date_gmt":"2023-05-14T13:03:53","guid":{"rendered":"https:\/\/innovexalgerie.com\/machines\/?post_type=product&#038;p=31755"},"modified":"2023-05-14T16:25:55","modified_gmt":"2023-05-14T15:25:55","slug":"chariot-devidoir-porte-bobine-feuillard-pp-pet-jw-402","status":"publish","type":"product","link":"https:\/\/innovexalgerie.com\/machines\/produit\/chariot-devidoir-porte-bobine-feuillard-pp-pet-jw-402\/","title":{"rendered":"Chariot d\u00e9vidoir porte bobine feuillard PP\/ PET JW-402"},"content":{"rendered":"<p>Chariot d\u00e9vidoir porte bobine pour feuillard en Polyester PP &#8211; PET <strong>JW-402,<\/strong> un outil pratique et ultra robuste sp\u00e9cialement con\u00e7u pour les bobines de feuillard PP de 200mm et PET de 400mm\u00a0 diam\u00e8tre int\u00e9rieur du mandrin, dot\u00e9 d&rsquo;un frein \u00e0 ressort qui assure un d\u00e9roulement pr\u00e9cis, il peut \u00eatre d\u00e9plac\u00e9 gr\u00e2ce aux roues, et fournit \u00e0 un bac en plastique.<\/p>\n<ul>\n<li>Epaisseur du feuillard\u00a0: 0.5 \u2013 1.2 mm.<\/li>\n<li>\u00c9quip\u00e9 d\u2019un frein sur bobine qui emp\u00eachant le d\u00e9roulement intempestif du feuillard.<\/li>\n<li>Un bac de d\u00e9pose afin de garder \u00e0 port\u00e9e de mains l\u2019outil de cerclage, chapes, angles de protection, tendeurs ou pinces.<\/li>\n<\/ul>\n","protected":false},"excerpt":{"rendered":"<p>Chariot d\u00e9vidoir porte bobine feuillard en polyester PP &#8211; PET, permet de d\u00e9rouler et cercler vos feuillards de mani\u00e8re tr\u00e8s simple, con\u00e7u pour les bobines de feuillard PP de 200mm et PET de 400mm\u00a0 diam\u00e8tre int\u00e9rieur du mandrin.<\/p>\n<p><img loading=\"lazy\" decoding=\"async\" class=\"alignnone wp-image-31769 size-full\" src=\"https:\/\/innovexalgerie.com\/machines\/wp-content\/uploads\/2023\/05\/ICON-pp-pet.jpg\" alt=\"ICON-pp-pet\" width=\"871\" height=\"196\" srcset=\"https:\/\/innovexalgerie.com\/machines\/wp-content\/uploads\/2023\/05\/ICON-pp-pet.jpg 871w, https:\/\/innovexalgerie.com\/machines\/wp-content\/uploads\/2023\/05\/ICON-pp-pet-300x68.jpg 300w, https:\/\/innovexalgerie.com\/machines\/wp-content\/uploads\/2023\/05\/ICON-pp-pet-768x173.jpg 768w, https:\/\/innovexalgerie.com\/machines\/wp-content\/uploads\/2023\/05\/ICON-pp-pet-600x135.jpg 600w\" sizes=\"auto, (max-width: 871px) 100vw, 871px\" \/><\/p>\n","protected":false},"featured_media":31761,"template":"","meta":{"_monsterinsights_skip_tracking":false,"_monsterinsights_sitenote_active":false,"_monsterinsights_sitenote_note":"","_monsterinsights_sitenote_category":0},"product_cat":[247,237],"product_tag":[116,51,248,198,49],"class_list":["post-31755","product","type-product","status-publish","has-post-thumbnail","hentry","product_cat-chariot-devidoir","product_cat-tous-accessoires","product_tag-cerclage","product_tag-cercleuse","product_tag-chariot","product_tag-devidoir","product_tag-feuillard"],"yoast_head":"<!-- This site is optimized with the Yoast SEO Premium plugin v16.2 (Yoast SEO v16.7) - https:\/\/yoast.com\/wordpress\/plugins\/seo\/ -->\n<title>Chariot d\u00e9vidoir porte bobine feuillard PP\/ PET JW-402 - Innovex Machines | Innovex Algerie<\/title>\n<meta name=\"description\" content=\"Chariot d\u00e9vidoir porte bobine pour feuillard en polyester PP\/PET, permet de d\u00e9rouler et cercler vos feuillards de mani\u00e8re tr\u00e8s simple.\" \/>\n<meta name=\"robots\" content=\"index, follow, max-snippet:-1, max-image-preview:large, max-video-preview:-1\" \/>\n<link rel=\"canonical\" href=\"https:\/\/innovexalgerie.com\/machines\/produit\/chariot-devidoir-porte-bobine-feuillard-pp-pet-jw-402\/\" \/>\n<meta property=\"og:locale\" content=\"fr_FR\" \/>\n<meta property=\"og:type\" content=\"article\" \/>\n<meta property=\"og:title\" content=\"Chariot d\u00e9vidoir porte bobine feuillard PP\/ PET JW-402 - Innovex Machines | Innovex Algerie\" \/>\n<meta property=\"og:description\" content=\"Chariot d\u00e9vidoir porte bobine pour feuillard en polyester PP\/PET, permet de d\u00e9rouler et cercler vos feuillards de mani\u00e8re tr\u00e8s simple.\" \/>\n<meta property=\"og:url\" content=\"https:\/\/innovexalgerie.com\/machines\/produit\/chariot-devidoir-porte-bobine-feuillard-pp-pet-jw-402\/\" \/>\n<meta property=\"og:site_name\" content=\"Innovex Machines | Innovex Algerie\" \/>\n<meta property=\"article:publisher\" content=\"https:\/\/www.facebook.com\/innovexmachine1\" \/>\n<meta property=\"article:modified_time\" content=\"2023-05-14T15:25:55+00:00\" \/>\n<meta property=\"og:image\" content=\"https:\/\/innovexalgerie.com\/machines\/wp-content\/uploads\/2023\/05\/devidoir-jw-405.jpg\" \/>\n\t<meta property=\"og:image:width\" content=\"1000\" \/>\n\t<meta property=\"og:image:height\" content=\"1000\" \/>\n<meta name=\"twitter:card\" content=\"summary_large_image\" \/>\n<meta name=\"twitter:label1\" content=\"Dur\u00e9e de lecture est.\" \/>\n\t<meta name=\"twitter:data1\" content=\"1 minute\" \/>\n<script type=\"application\/ld+json\" class=\"yoast-schema-graph\">{\"@context\":\"https:\/\/schema.org\",\"@graph\":[{\"@type\":\"WebSite\",\"@id\":\"https:\/\/innovexalgerie.com\/machines\/#website\",\"url\":\"https:\/\/innovexalgerie.com\/machines\/\",\"name\":\"Innovex Machines | Innovex Algerie\",\"description\":\"Fournisseur de machines d&#039;emballage et d&#039;imprimerie\",\"potentialAction\":[{\"@type\":\"SearchAction\",\"target\":{\"@type\":\"EntryPoint\",\"urlTemplate\":\"https:\/\/innovexalgerie.com\/machines\/?s={search_term_string}\"},\"query-input\":\"required name=search_term_string\"}],\"inLanguage\":\"fr-FR\"},{\"@type\":\"ImageObject\",\"@id\":\"https:\/\/innovexalgerie.com\/machines\/produit\/chariot-devidoir-porte-bobine-feuillard-pp-pet-jw-402\/#primaryimage\",\"inLanguage\":\"fr-FR\",\"url\":\"https:\/\/innovexalgerie.com\/machines\/wp-content\/uploads\/2023\/05\/devidoir-jw-405.jpg\",\"contentUrl\":\"https:\/\/innovexalgerie.com\/machines\/wp-content\/uploads\/2023\/05\/devidoir-jw-405.jpg\",\"width\":1000,\"height\":1000},{\"@type\":\"WebPage\",\"@id\":\"https:\/\/innovexalgerie.com\/machines\/produit\/chariot-devidoir-porte-bobine-feuillard-pp-pet-jw-402\/#webpage\",\"url\":\"https:\/\/innovexalgerie.com\/machines\/produit\/chariot-devidoir-porte-bobine-feuillard-pp-pet-jw-402\/\",\"name\":\"Chariot d\\u00e9vidoir porte bobine feuillard PP\/ PET JW-402 - Innovex Machines | Innovex Algerie\",\"isPartOf\":{\"@id\":\"https:\/\/innovexalgerie.com\/machines\/#website\"},\"primaryImageOfPage\":{\"@id\":\"https:\/\/innovexalgerie.com\/machines\/produit\/chariot-devidoir-porte-bobine-feuillard-pp-pet-jw-402\/#primaryimage\"},\"datePublished\":\"2023-05-14T13:03:53+00:00\",\"dateModified\":\"2023-05-14T15:25:55+00:00\",\"description\":\"Chariot d\\u00e9vidoir porte bobine pour feuillard en polyester PP\/PET, permet de d\\u00e9rouler et cercler vos feuillards de mani\\u00e8re tr\\u00e8s simple.\",\"breadcrumb\":{\"@id\":\"https:\/\/innovexalgerie.com\/machines\/produit\/chariot-devidoir-porte-bobine-feuillard-pp-pet-jw-402\/#breadcrumb\"},\"inLanguage\":\"fr-FR\",\"potentialAction\":[{\"@type\":\"ReadAction\",\"target\":[\"https:\/\/innovexalgerie.com\/machines\/produit\/chariot-devidoir-porte-bobine-feuillard-pp-pet-jw-402\/\"]}]},{\"@type\":\"BreadcrumbList\",\"@id\":\"https:\/\/innovexalgerie.com\/machines\/produit\/chariot-devidoir-porte-bobine-feuillard-pp-pet-jw-402\/#breadcrumb\",\"itemListElement\":[{\"@type\":\"ListItem\",\"position\":1,\"name\":\"Accueil\",\"item\":\"https:\/\/innovexalgerie.com\/machines\/\"},{\"@type\":\"ListItem\",\"position\":2,\"name\":\"Produits\",\"item\":\"https:\/\/innovexalgerie.com\/machines\/boutique\/\"},{\"@type\":\"ListItem\",\"position\":3,\"name\":\"Chariot d\\u00e9vidoir porte bobine feuillard PP\/ PET JW-402\"}]}]}<\/script>\n<!-- \/ Yoast SEO Premium plugin. -->","yoast_head_json":{"title":"Chariot d\u00e9vidoir porte bobine feuillard PP\/ PET JW-402 - Innovex Machines | Innovex Algerie","description":"Chariot d\u00e9vidoir porte bobine pour feuillard en polyester PP\/PET, permet de d\u00e9rouler et cercler vos feuillards de mani\u00e8re tr\u00e8s simple.","robots":{"index":"index","follow":"follow","max-snippet":"max-snippet:-1","max-image-preview":"max-image-preview:large","max-video-preview":"max-video-preview:-1"},"canonical":"https:\/\/innovexalgerie.com\/machines\/produit\/chariot-devidoir-porte-bobine-feuillard-pp-pet-jw-402\/","og_locale":"fr_FR","og_type":"article","og_title":"Chariot d\u00e9vidoir porte bobine feuillard PP\/ PET JW-402 - Innovex Machines | Innovex Algerie","og_description":"Chariot d\u00e9vidoir porte bobine pour feuillard en polyester PP\/PET, permet de d\u00e9rouler et cercler vos feuillards de mani\u00e8re tr\u00e8s simple.","og_url":"https:\/\/innovexalgerie.com\/machines\/produit\/chariot-devidoir-porte-bobine-feuillard-pp-pet-jw-402\/","og_site_name":"Innovex Machines | Innovex Algerie","article_publisher":"https:\/\/www.facebook.com\/innovexmachine1","article_modified_time":"2023-05-14T15:25:55+00:00","og_image":[{"width":1000,"height":1000,"filesize":129445,"url":"https:\/\/innovexalgerie.com\/machines\/wp-content\/uploads\/2023\/05\/devidoir-jw-405.jpg","path":"\/home\/inovex\/public_html\/machines\/wp-content\/uploads\/2023\/05\/devidoir-jw-405.jpg","size":"full","id":31761,"alt":"","pixels":1000000,"type":"image\/jpeg"}],"twitter_card":"summary_large_image","twitter_misc":{"Dur\u00e9e de lecture est.":"1 minute"},"schema":{"@context":"https:\/\/schema.org","@graph":[{"@type":"WebSite","@id":"https:\/\/innovexalgerie.com\/machines\/#website","url":"https:\/\/innovexalgerie.com\/machines\/","name":"Innovex Machines | Innovex Algerie","description":"Fournisseur de machines d&#039;emballage et d&#039;imprimerie","potentialAction":[{"@type":"SearchAction","target":{"@type":"EntryPoint","urlTemplate":"https:\/\/innovexalgerie.com\/machines\/?s={search_term_string}"},"query-input":"required name=search_term_string"}],"inLanguage":"fr-FR"},{"@type":"ImageObject","@id":"https:\/\/innovexalgerie.com\/machines\/produit\/chariot-devidoir-porte-bobine-feuillard-pp-pet-jw-402\/#primaryimage","inLanguage":"fr-FR","url":"https:\/\/innovexalgerie.com\/machines\/wp-content\/uploads\/2023\/05\/devidoir-jw-405.jpg","contentUrl":"https:\/\/innovexalgerie.com\/machines\/wp-content\/uploads\/2023\/05\/devidoir-jw-405.jpg","width":1000,"height":1000},{"@type":"WebPage","@id":"https:\/\/innovexalgerie.com\/machines\/produit\/chariot-devidoir-porte-bobine-feuillard-pp-pet-jw-402\/#webpage","url":"https:\/\/innovexalgerie.com\/machines\/produit\/chariot-devidoir-porte-bobine-feuillard-pp-pet-jw-402\/","name":"Chariot d\u00e9vidoir porte bobine feuillard PP\/ PET JW-402 - Innovex Machines | Innovex Algerie","isPartOf":{"@id":"https:\/\/innovexalgerie.com\/machines\/#website"},"primaryImageOfPage":{"@id":"https:\/\/innovexalgerie.com\/machines\/produit\/chariot-devidoir-porte-bobine-feuillard-pp-pet-jw-402\/#primaryimage"},"datePublished":"2023-05-14T13:03:53+00:00","dateModified":"2023-05-14T15:25:55+00:00","description":"Chariot d\u00e9vidoir porte bobine pour feuillard en polyester PP\/PET, permet de d\u00e9rouler et cercler vos feuillards de mani\u00e8re tr\u00e8s simple.","breadcrumb":{"@id":"https:\/\/innovexalgerie.com\/machines\/produit\/chariot-devidoir-porte-bobine-feuillard-pp-pet-jw-402\/#breadcrumb"},"inLanguage":"fr-FR","potentialAction":[{"@type":"ReadAction","target":["https:\/\/innovexalgerie.com\/machines\/produit\/chariot-devidoir-porte-bobine-feuillard-pp-pet-jw-402\/"]}]},{"@type":"BreadcrumbList","@id":"https:\/\/innovexalgerie.com\/machines\/produit\/chariot-devidoir-porte-bobine-feuillard-pp-pet-jw-402\/#breadcrumb","itemListElement":[{"@type":"ListItem","position":1,"name":"Accueil","item":"https:\/\/innovexalgerie.com\/machines\/"},{"@type":"ListItem","position":2,"name":"Produits","item":"https:\/\/innovexalgerie.com\/machines\/boutique\/"},{"@type":"ListItem","position":3,"name":"Chariot d\u00e9vidoir porte bobine feuillard PP\/ PET JW-402"}]}]}},"_links":{"self":[{"href":"https:\/\/innovexalgerie.com\/machines\/wp-json\/wp\/v2\/product\/31755","targetHints":{"allow":["GET"]}}],"collection":[{"href":"https:\/\/innovexalgerie.com\/machines\/wp-json\/wp\/v2\/product"}],"about":[{"href":"https:\/\/innovexalgerie.com\/machines\/wp-json\/wp\/v2\/types\/product"}],"version-history":[{"count":6,"href":"https:\/\/innovexalgerie.com\/machines\/wp-json\/wp\/v2\/product\/31755\/revisions"}],"predecessor-version":[{"id":31774,"href":"https:\/\/innovexalgerie.com\/machines\/wp-json\/wp\/v2\/product\/31755\/revisions\/31774"}],"wp:featuredmedia":[{"embeddable":true,"href":"https:\/\/innovexalgerie.com\/machines\/wp-json\/wp\/v2\/media\/31761"}],"wp:attachment":[{"href":"https:\/\/innovexalgerie.com\/machines\/wp-json\/wp\/v2\/media?parent=31755"}],"wp:term":[{"taxonomy":"product_cat","embeddable":true,"href":"https:\/\/innovexalgerie.com\/machines\/wp-json\/wp\/v2\/product_cat?post=31755"},{"taxonomy":"product_tag","embeddable":true,"href":"https:\/\/innovexalgerie.com\/machines\/wp-json\/wp\/v2\/product_tag?post=31755"}],"curies":[{"name":"wp","href":"https:\/\/api.w.org\/{rel}","templated":true}]}}