{"id":32370,"date":"2024-03-31T09:00:17","date_gmt":"2024-03-31T08:00:17","guid":{"rendered":"https:\/\/innovexalgerie.com\/machines\/?post_type=product&#038;p=32370"},"modified":"2026-01-11T10:16:58","modified_gmt":"2026-01-11T09:16:58","slug":"remplisseuse-poudre-granule-semi-automatique-f-500","status":"publish","type":"product","link":"https:\/\/innovexalgerie.com\/machines\/produit\/remplisseuse-poudre-granule-semi-automatique-f-500\/","title":{"rendered":"Bouchonneuse lat\u00e9rale \u00e9lectrique XLG-63"},"content":{"rendered":"<p style=\"text-align: left;\">Bouchonneuse lat\u00e9rale \u00e9lectrique <strong>XLG-63<\/strong>, permet de serrer et fermer rapidement les bouchons \u00e0 vis des r\u00e9cipients, bouteilles<br \/>\net bocaux&#8230;etc, d\u2019une largeur de 16 \u00e0 50 mm.<br \/>\nElle est largement utilis\u00e9e dans les industries alimentaires, cosm\u00e9tiques, m\u00e9dicales, chimiques et autres.<\/p>\n<ul>\n<li style=\"text-align: left;\">La hauteur de la t\u00eate de capsulage est r\u00e9glable \u00e0 l&rsquo;aide d&rsquo;une manivelle.<\/li>\n<li style=\"text-align: left;\">Elle convient au serrage des bouchons \u00e0 vis de forme rond, tels que les bouchons de bouteilles de boissons et les bouchons de bouteilles d&rsquo;huiles<br \/>\nessentielles.<\/li>\n<li style=\"text-align: left;\">La dimension de la t\u00eate de bouchage r\u00e9glable en fonction de la dimension de votre bouchon.<\/li>\n<li style=\"text-align: left;\">Panneau d\u2019a chage \u00e9cran LCD num\u00e9rique,<\/li>\n<li style=\"text-align: left;\">Conctruction robuste et durable, facile \u00e0 utiliser.<\/li>\n<li style=\"text-align: left;\">Hauteur et la vitesse de capsulage est r\u00e9glable.<\/li>\n<li style=\"text-align: left;\">Deux (02) moteur puissant de haute qualit\u00e9, chacun se chargent de serrer les bouchons, ce qui facilite la fermeture herm\u00e9tique des bouteilles et assure la qualit\u00e9 de la production<\/li>\n<\/ul>\n","protected":false},"excerpt":{"rendered":"<p>Bouchonneuse lat\u00e9rale \u00e9lectrique, permet de serrer et fermer rapidement les bouchons \u00e0 vis des r\u00e9cipients, bouteilles et bocaux&#8230;etc, d\u2019une largeur de 16 \u00e0 50 mm.<\/p>\n","protected":false},"featured_media":33713,"template":"","meta":{"_monsterinsights_skip_tracking":false,"_monsterinsights_sitenote_active":false,"_monsterinsights_sitenote_note":"","_monsterinsights_sitenote_category":0},"product_cat":[291],"product_tag":[],"class_list":["post-32370","product","type-product","status-publish","has-post-thumbnail","hentry","product_cat-bouchonneuse"],"yoast_head":"<!-- This site is optimized with the Yoast SEO Premium plugin v16.2 (Yoast SEO v16.7) - https:\/\/yoast.com\/wordpress\/plugins\/seo\/ -->\n<title>Bouchonneuse lat\u00e9rale \u00e9lectrique XLG-63 - Innovex Machines | Innovex Algerie<\/title>\n<meta name=\"robots\" content=\"index, follow, max-snippet:-1, max-image-preview:large, max-video-preview:-1\" \/>\n<link rel=\"canonical\" href=\"https:\/\/innovexalgerie.com\/machines\/produit\/remplisseuse-poudre-granule-semi-automatique-f-500\/\" \/>\n<meta property=\"og:locale\" content=\"fr_FR\" \/>\n<meta property=\"og:type\" content=\"article\" \/>\n<meta property=\"og:title\" content=\"Bouchonneuse lat\u00e9rale \u00e9lectrique XLG-63 - Innovex Machines | Innovex Algerie\" \/>\n<meta property=\"og:description\" content=\"Bouchonneuse lat\u00e9rale \u00e9lectrique, permet de serrer et fermer rapidement les bouchons \u00e0 vis des r\u00e9cipients, bouteilles et bocaux...etc, d\u2019une largeur de 16 \u00e0 50 mm.\" \/>\n<meta property=\"og:url\" content=\"https:\/\/innovexalgerie.com\/machines\/produit\/remplisseuse-poudre-granule-semi-automatique-f-500\/\" \/>\n<meta property=\"og:site_name\" content=\"Innovex Machines | Innovex Algerie\" \/>\n<meta property=\"article:publisher\" content=\"https:\/\/www.facebook.com\/innovexmachine1\" \/>\n<meta property=\"article:modified_time\" content=\"2026-01-11T09:16:58+00:00\" \/>\n<meta property=\"og:image\" content=\"https:\/\/innovexalgerie.com\/machines\/wp-content\/uploads\/2024\/03\/bouchoneuse-XLG-63.jpg\" \/>\n\t<meta property=\"og:image:width\" content=\"1000\" \/>\n\t<meta property=\"og:image:height\" content=\"1000\" \/>\n<meta name=\"twitter:card\" content=\"summary_large_image\" \/>\n<meta name=\"twitter:label1\" content=\"Dur\u00e9e de lecture est.\" \/>\n\t<meta name=\"twitter:data1\" content=\"1 minute\" \/>\n<script type=\"application\/ld+json\" class=\"yoast-schema-graph\">{\"@context\":\"https:\/\/schema.org\",\"@graph\":[{\"@type\":\"WebSite\",\"@id\":\"https:\/\/innovexalgerie.com\/machines\/#website\",\"url\":\"https:\/\/innovexalgerie.com\/machines\/\",\"name\":\"Innovex Machines | Innovex Algerie\",\"description\":\"Fournisseur de machines d&#039;emballage et d&#039;imprimerie\",\"potentialAction\":[{\"@type\":\"SearchAction\",\"target\":{\"@type\":\"EntryPoint\",\"urlTemplate\":\"https:\/\/innovexalgerie.com\/machines\/?s={search_term_string}\"},\"query-input\":\"required name=search_term_string\"}],\"inLanguage\":\"fr-FR\"},{\"@type\":\"ImageObject\",\"@id\":\"https:\/\/innovexalgerie.com\/machines\/produit\/remplisseuse-poudre-granule-semi-automatique-f-500\/#primaryimage\",\"inLanguage\":\"fr-FR\",\"url\":\"https:\/\/innovexalgerie.com\/machines\/wp-content\/uploads\/2024\/03\/bouchoneuse-XLG-63.jpg\",\"contentUrl\":\"https:\/\/innovexalgerie.com\/machines\/wp-content\/uploads\/2024\/03\/bouchoneuse-XLG-63.jpg\",\"width\":1000,\"height\":1000,\"caption\":\"bouchoneuse \\u00e9lec-XLG-63\"},{\"@type\":\"WebPage\",\"@id\":\"https:\/\/innovexalgerie.com\/machines\/produit\/remplisseuse-poudre-granule-semi-automatique-f-500\/#webpage\",\"url\":\"https:\/\/innovexalgerie.com\/machines\/produit\/remplisseuse-poudre-granule-semi-automatique-f-500\/\",\"name\":\"Bouchonneuse lat\\u00e9rale \\u00e9lectrique XLG-63 - Innovex Machines | Innovex Algerie\",\"isPartOf\":{\"@id\":\"https:\/\/innovexalgerie.com\/machines\/#website\"},\"primaryImageOfPage\":{\"@id\":\"https:\/\/innovexalgerie.com\/machines\/produit\/remplisseuse-poudre-granule-semi-automatique-f-500\/#primaryimage\"},\"datePublished\":\"2024-03-31T08:00:17+00:00\",\"dateModified\":\"2026-01-11T09:16:58+00:00\",\"breadcrumb\":{\"@id\":\"https:\/\/innovexalgerie.com\/machines\/produit\/remplisseuse-poudre-granule-semi-automatique-f-500\/#breadcrumb\"},\"inLanguage\":\"fr-FR\",\"potentialAction\":[{\"@type\":\"ReadAction\",\"target\":[\"https:\/\/innovexalgerie.com\/machines\/produit\/remplisseuse-poudre-granule-semi-automatique-f-500\/\"]}]},{\"@type\":\"BreadcrumbList\",\"@id\":\"https:\/\/innovexalgerie.com\/machines\/produit\/remplisseuse-poudre-granule-semi-automatique-f-500\/#breadcrumb\",\"itemListElement\":[{\"@type\":\"ListItem\",\"position\":1,\"name\":\"Accueil\",\"item\":\"https:\/\/innovexalgerie.com\/machines\/\"},{\"@type\":\"ListItem\",\"position\":2,\"name\":\"Produits\",\"item\":\"https:\/\/innovexalgerie.com\/machines\/boutique\/\"},{\"@type\":\"ListItem\",\"position\":3,\"name\":\"Bouchonneuse lat\\u00e9rale \\u00e9lectrique XLG-63\"}]}]}<\/script>\n<!-- \/ Yoast SEO Premium plugin. -->","yoast_head_json":{"title":"Bouchonneuse lat\u00e9rale \u00e9lectrique XLG-63 - Innovex Machines | Innovex Algerie","robots":{"index":"index","follow":"follow","max-snippet":"max-snippet:-1","max-image-preview":"max-image-preview:large","max-video-preview":"max-video-preview:-1"},"canonical":"https:\/\/innovexalgerie.com\/machines\/produit\/remplisseuse-poudre-granule-semi-automatique-f-500\/","og_locale":"fr_FR","og_type":"article","og_title":"Bouchonneuse lat\u00e9rale \u00e9lectrique XLG-63 - Innovex Machines | Innovex Algerie","og_description":"Bouchonneuse lat\u00e9rale \u00e9lectrique, permet de serrer et fermer rapidement les bouchons \u00e0 vis des r\u00e9cipients, bouteilles et bocaux...etc, d\u2019une largeur de 16 \u00e0 50 mm.","og_url":"https:\/\/innovexalgerie.com\/machines\/produit\/remplisseuse-poudre-granule-semi-automatique-f-500\/","og_site_name":"Innovex Machines | Innovex Algerie","article_publisher":"https:\/\/www.facebook.com\/innovexmachine1","article_modified_time":"2026-01-11T09:16:58+00:00","og_image":[{"width":1000,"height":1000,"filesize":213283,"url":"https:\/\/innovexalgerie.com\/machines\/wp-content\/uploads\/2024\/03\/bouchoneuse-XLG-63.jpg","path":"\/home\/inovex\/public_html\/machines\/wp-content\/uploads\/2024\/03\/bouchoneuse-XLG-63.jpg","size":"full","id":33713,"alt":"bouchoneuse \u00e9lec-XLG-63","pixels":1000000,"type":"image\/jpeg"}],"twitter_card":"summary_large_image","twitter_misc":{"Dur\u00e9e de lecture est.":"1 minute"},"schema":{"@context":"https:\/\/schema.org","@graph":[{"@type":"WebSite","@id":"https:\/\/innovexalgerie.com\/machines\/#website","url":"https:\/\/innovexalgerie.com\/machines\/","name":"Innovex Machines | Innovex Algerie","description":"Fournisseur de machines d&#039;emballage et d&#039;imprimerie","potentialAction":[{"@type":"SearchAction","target":{"@type":"EntryPoint","urlTemplate":"https:\/\/innovexalgerie.com\/machines\/?s={search_term_string}"},"query-input":"required name=search_term_string"}],"inLanguage":"fr-FR"},{"@type":"ImageObject","@id":"https:\/\/innovexalgerie.com\/machines\/produit\/remplisseuse-poudre-granule-semi-automatique-f-500\/#primaryimage","inLanguage":"fr-FR","url":"https:\/\/innovexalgerie.com\/machines\/wp-content\/uploads\/2024\/03\/bouchoneuse-XLG-63.jpg","contentUrl":"https:\/\/innovexalgerie.com\/machines\/wp-content\/uploads\/2024\/03\/bouchoneuse-XLG-63.jpg","width":1000,"height":1000,"caption":"bouchoneuse \u00e9lec-XLG-63"},{"@type":"WebPage","@id":"https:\/\/innovexalgerie.com\/machines\/produit\/remplisseuse-poudre-granule-semi-automatique-f-500\/#webpage","url":"https:\/\/innovexalgerie.com\/machines\/produit\/remplisseuse-poudre-granule-semi-automatique-f-500\/","name":"Bouchonneuse lat\u00e9rale \u00e9lectrique XLG-63 - Innovex Machines | Innovex Algerie","isPartOf":{"@id":"https:\/\/innovexalgerie.com\/machines\/#website"},"primaryImageOfPage":{"@id":"https:\/\/innovexalgerie.com\/machines\/produit\/remplisseuse-poudre-granule-semi-automatique-f-500\/#primaryimage"},"datePublished":"2024-03-31T08:00:17+00:00","dateModified":"2026-01-11T09:16:58+00:00","breadcrumb":{"@id":"https:\/\/innovexalgerie.com\/machines\/produit\/remplisseuse-poudre-granule-semi-automatique-f-500\/#breadcrumb"},"inLanguage":"fr-FR","potentialAction":[{"@type":"ReadAction","target":["https:\/\/innovexalgerie.com\/machines\/produit\/remplisseuse-poudre-granule-semi-automatique-f-500\/"]}]},{"@type":"BreadcrumbList","@id":"https:\/\/innovexalgerie.com\/machines\/produit\/remplisseuse-poudre-granule-semi-automatique-f-500\/#breadcrumb","itemListElement":[{"@type":"ListItem","position":1,"name":"Accueil","item":"https:\/\/innovexalgerie.com\/machines\/"},{"@type":"ListItem","position":2,"name":"Produits","item":"https:\/\/innovexalgerie.com\/machines\/boutique\/"},{"@type":"ListItem","position":3,"name":"Bouchonneuse lat\u00e9rale \u00e9lectrique XLG-63"}]}]}},"_links":{"self":[{"href":"https:\/\/innovexalgerie.com\/machines\/wp-json\/wp\/v2\/product\/32370","targetHints":{"allow":["GET"]}}],"collection":[{"href":"https:\/\/innovexalgerie.com\/machines\/wp-json\/wp\/v2\/product"}],"about":[{"href":"https:\/\/innovexalgerie.com\/machines\/wp-json\/wp\/v2\/types\/product"}],"version-history":[{"count":8,"href":"https:\/\/innovexalgerie.com\/machines\/wp-json\/wp\/v2\/product\/32370\/revisions"}],"predecessor-version":[{"id":33725,"href":"https:\/\/innovexalgerie.com\/machines\/wp-json\/wp\/v2\/product\/32370\/revisions\/33725"}],"wp:featuredmedia":[{"embeddable":true,"href":"https:\/\/innovexalgerie.com\/machines\/wp-json\/wp\/v2\/media\/33713"}],"wp:attachment":[{"href":"https:\/\/innovexalgerie.com\/machines\/wp-json\/wp\/v2\/media?parent=32370"}],"wp:term":[{"taxonomy":"product_cat","embeddable":true,"href":"https:\/\/innovexalgerie.com\/machines\/wp-json\/wp\/v2\/product_cat?post=32370"},{"taxonomy":"product_tag","embeddable":true,"href":"https:\/\/innovexalgerie.com\/machines\/wp-json\/wp\/v2\/product_tag?post=32370"}],"curies":[{"name":"wp","href":"https:\/\/api.w.org\/{rel}","templated":true}]}}