{"id":32396,"date":"2024-03-31T11:13:50","date_gmt":"2024-03-31T10:13:50","guid":{"rendered":"https:\/\/innovexalgerie.com\/machines\/?post_type=product&#038;p=32396"},"modified":"2024-05-12T10:28:37","modified_gmt":"2024-05-12T09:28:37","slug":"remplisseuse-liquide-a-pompe-electrique-gdf-300","status":"publish","type":"product","link":"https:\/\/innovexalgerie.com\/machines\/produit\/remplisseuse-liquide-a-pompe-electrique-gdf-300\/","title":{"rendered":"Remplisseuse liquide \u00e0 pompe \u00e9lectrique GDF-300"},"content":{"rendered":"<ul>\n<li>Machine de remplissage \u00e9lectrique pour liquides, adapt\u00e9e au remplissage de bouteilles, bocaux, pots et sachets, utilis\u00e9e dans les industries alimentaires, cosm\u00e9tiques et pharmaceutiques.<\/li>\n<li>Capacit\u00e9 de remplissage de 20 ml jusqu\u2019\u00e0 17000 ml\/min, id\u00e9ale pour la mise en conserve de liquides.<\/li>\n<li>Propre et hygi\u00e9nique, elle offre un fonctionnement \u00e0 faible bruit, est pratique et facile \u00e0 nettoyer.<\/li>\n<li>Le bec de versement est \u00e9quip\u00e9 d&rsquo;un syst\u00e8me anti-goutte pour \u00e9viter les traces de liquide sur les bouteilles et les flacons.<\/li>\n<li>Les tubes en silicone garantissent une utilisation durable et fiable.<\/li>\n<li>Id\u00e9ale pour le conditionnement \u00e0 petite et moyenne cadence, elle offre \u00e9galement des r\u00e9glages ajustables du volume et de la vitesse de dosage du liquide pour r\u00e9pondre aux besoins sp\u00e9cifiques de remplissage.<\/li>\n<\/ul>\n","protected":false},"excerpt":{"rendered":"<p>Remplisseuse liquide \u00e0 pompe \u00e9lectrique GDF-300 en acier inoxydable, con\u00e7ue pour remplir de 20 \u00e0 17000 ml\/min de liquide. Convient aux industries pharmaceutique, cosm\u00e9tique, alimentaire, et autres industries sp\u00e9ciales.<\/p>\n","protected":false},"featured_media":32398,"template":"","meta":{"_monsterinsights_skip_tracking":false,"_monsterinsights_sitenote_active":false,"_monsterinsights_sitenote_note":"","_monsterinsights_sitenote_category":0},"product_cat":[271,272],"product_tag":[],"class_list":["post-32396","product","type-product","status-publish","has-post-thumbnail","hentry","product_cat-remplisseuse","product_cat-remplisseuse-liquide"],"yoast_head":"<!-- This site is optimized with the Yoast SEO Premium plugin v16.2 (Yoast SEO v16.7) - https:\/\/yoast.com\/wordpress\/plugins\/seo\/ -->\n<title>Remplisseuse liquide \u00e0 pompe \u00e9lectrique GDF-300 - Innovex Machines | Innovex Algerie<\/title>\n<meta name=\"robots\" content=\"index, follow, max-snippet:-1, max-image-preview:large, max-video-preview:-1\" \/>\n<link rel=\"canonical\" href=\"https:\/\/innovexalgerie.com\/machines\/produit\/remplisseuse-liquide-a-pompe-electrique-gdf-300\/\" \/>\n<meta property=\"og:locale\" content=\"fr_FR\" \/>\n<meta property=\"og:type\" content=\"article\" \/>\n<meta property=\"og:title\" content=\"Remplisseuse liquide \u00e0 pompe \u00e9lectrique GDF-300 - Innovex Machines | Innovex Algerie\" \/>\n<meta property=\"og:description\" content=\"Remplisseuse liquide \u00e0 pompe \u00e9lectrique GDF-300 en acier inoxydable, con\u00e7ue pour remplir de 20 \u00e0 17000 ml\/min de liquide. Convient aux industries pharmaceutique, cosm\u00e9tique, alimentaire, et autres industries sp\u00e9ciales.\" \/>\n<meta property=\"og:url\" content=\"https:\/\/innovexalgerie.com\/machines\/produit\/remplisseuse-liquide-a-pompe-electrique-gdf-300\/\" \/>\n<meta property=\"og:site_name\" content=\"Innovex Machines | Innovex Algerie\" \/>\n<meta property=\"article:publisher\" content=\"https:\/\/www.facebook.com\/innovexmachine1\" \/>\n<meta property=\"article:modified_time\" content=\"2024-05-12T09:28:37+00:00\" \/>\n<meta property=\"og:image\" content=\"https:\/\/innovexalgerie.com\/machines\/wp-content\/uploads\/2024\/03\/GDF-300.png\" \/>\n\t<meta property=\"og:image:width\" content=\"1000\" \/>\n\t<meta property=\"og:image:height\" content=\"1000\" \/>\n<meta name=\"twitter:card\" content=\"summary_large_image\" \/>\n<meta name=\"twitter:label1\" content=\"Dur\u00e9e de lecture est.\" \/>\n\t<meta name=\"twitter:data1\" content=\"1 minute\" \/>\n<script type=\"application\/ld+json\" class=\"yoast-schema-graph\">{\"@context\":\"https:\/\/schema.org\",\"@graph\":[{\"@type\":\"WebSite\",\"@id\":\"https:\/\/innovexalgerie.com\/machines\/#website\",\"url\":\"https:\/\/innovexalgerie.com\/machines\/\",\"name\":\"Innovex Machines | Innovex Algerie\",\"description\":\"Fournisseur de machines d&#039;emballage et d&#039;imprimerie\",\"potentialAction\":[{\"@type\":\"SearchAction\",\"target\":{\"@type\":\"EntryPoint\",\"urlTemplate\":\"https:\/\/innovexalgerie.com\/machines\/?s={search_term_string}\"},\"query-input\":\"required name=search_term_string\"}],\"inLanguage\":\"fr-FR\"},{\"@type\":\"ImageObject\",\"@id\":\"https:\/\/innovexalgerie.com\/machines\/produit\/remplisseuse-liquide-a-pompe-electrique-gdf-300\/#primaryimage\",\"inLanguage\":\"fr-FR\",\"url\":\"https:\/\/innovexalgerie.com\/machines\/wp-content\/uploads\/2024\/03\/GDF-300.png\",\"contentUrl\":\"https:\/\/innovexalgerie.com\/machines\/wp-content\/uploads\/2024\/03\/GDF-300.png\",\"width\":1000,\"height\":1000},{\"@type\":\"WebPage\",\"@id\":\"https:\/\/innovexalgerie.com\/machines\/produit\/remplisseuse-liquide-a-pompe-electrique-gdf-300\/#webpage\",\"url\":\"https:\/\/innovexalgerie.com\/machines\/produit\/remplisseuse-liquide-a-pompe-electrique-gdf-300\/\",\"name\":\"Remplisseuse liquide \\u00e0 pompe \\u00e9lectrique GDF-300 - Innovex Machines | Innovex Algerie\",\"isPartOf\":{\"@id\":\"https:\/\/innovexalgerie.com\/machines\/#website\"},\"primaryImageOfPage\":{\"@id\":\"https:\/\/innovexalgerie.com\/machines\/produit\/remplisseuse-liquide-a-pompe-electrique-gdf-300\/#primaryimage\"},\"datePublished\":\"2024-03-31T10:13:50+00:00\",\"dateModified\":\"2024-05-12T09:28:37+00:00\",\"breadcrumb\":{\"@id\":\"https:\/\/innovexalgerie.com\/machines\/produit\/remplisseuse-liquide-a-pompe-electrique-gdf-300\/#breadcrumb\"},\"inLanguage\":\"fr-FR\",\"potentialAction\":[{\"@type\":\"ReadAction\",\"target\":[\"https:\/\/innovexalgerie.com\/machines\/produit\/remplisseuse-liquide-a-pompe-electrique-gdf-300\/\"]}]},{\"@type\":\"BreadcrumbList\",\"@id\":\"https:\/\/innovexalgerie.com\/machines\/produit\/remplisseuse-liquide-a-pompe-electrique-gdf-300\/#breadcrumb\",\"itemListElement\":[{\"@type\":\"ListItem\",\"position\":1,\"name\":\"Accueil\",\"item\":\"https:\/\/innovexalgerie.com\/machines\/\"},{\"@type\":\"ListItem\",\"position\":2,\"name\":\"Produits\",\"item\":\"https:\/\/innovexalgerie.com\/machines\/boutique\/\"},{\"@type\":\"ListItem\",\"position\":3,\"name\":\"Remplisseuse liquide \\u00e0 pompe \\u00e9lectrique GDF-300\"}]}]}<\/script>\n<!-- \/ Yoast SEO Premium plugin. -->","yoast_head_json":{"title":"Remplisseuse liquide \u00e0 pompe \u00e9lectrique GDF-300 - Innovex Machines | Innovex Algerie","robots":{"index":"index","follow":"follow","max-snippet":"max-snippet:-1","max-image-preview":"max-image-preview:large","max-video-preview":"max-video-preview:-1"},"canonical":"https:\/\/innovexalgerie.com\/machines\/produit\/remplisseuse-liquide-a-pompe-electrique-gdf-300\/","og_locale":"fr_FR","og_type":"article","og_title":"Remplisseuse liquide \u00e0 pompe \u00e9lectrique GDF-300 - Innovex Machines | Innovex Algerie","og_description":"Remplisseuse liquide \u00e0 pompe \u00e9lectrique GDF-300 en acier inoxydable, con\u00e7ue pour remplir de 20 \u00e0 17000 ml\/min de liquide. Convient aux industries pharmaceutique, cosm\u00e9tique, alimentaire, et autres industries sp\u00e9ciales.","og_url":"https:\/\/innovexalgerie.com\/machines\/produit\/remplisseuse-liquide-a-pompe-electrique-gdf-300\/","og_site_name":"Innovex Machines | Innovex Algerie","article_publisher":"https:\/\/www.facebook.com\/innovexmachine1","article_modified_time":"2024-05-12T09:28:37+00:00","og_image":[{"width":1000,"height":1000,"filesize":392602,"url":"https:\/\/innovexalgerie.com\/machines\/wp-content\/uploads\/2024\/03\/GDF-300.png","path":"\/home\/inovex\/public_html\/machines\/wp-content\/uploads\/2024\/03\/GDF-300.png","size":"full","id":32398,"alt":"","pixels":1000000,"type":"image\/png"}],"twitter_card":"summary_large_image","twitter_misc":{"Dur\u00e9e de lecture est.":"1 minute"},"schema":{"@context":"https:\/\/schema.org","@graph":[{"@type":"WebSite","@id":"https:\/\/innovexalgerie.com\/machines\/#website","url":"https:\/\/innovexalgerie.com\/machines\/","name":"Innovex Machines | Innovex Algerie","description":"Fournisseur de machines d&#039;emballage et d&#039;imprimerie","potentialAction":[{"@type":"SearchAction","target":{"@type":"EntryPoint","urlTemplate":"https:\/\/innovexalgerie.com\/machines\/?s={search_term_string}"},"query-input":"required name=search_term_string"}],"inLanguage":"fr-FR"},{"@type":"ImageObject","@id":"https:\/\/innovexalgerie.com\/machines\/produit\/remplisseuse-liquide-a-pompe-electrique-gdf-300\/#primaryimage","inLanguage":"fr-FR","url":"https:\/\/innovexalgerie.com\/machines\/wp-content\/uploads\/2024\/03\/GDF-300.png","contentUrl":"https:\/\/innovexalgerie.com\/machines\/wp-content\/uploads\/2024\/03\/GDF-300.png","width":1000,"height":1000},{"@type":"WebPage","@id":"https:\/\/innovexalgerie.com\/machines\/produit\/remplisseuse-liquide-a-pompe-electrique-gdf-300\/#webpage","url":"https:\/\/innovexalgerie.com\/machines\/produit\/remplisseuse-liquide-a-pompe-electrique-gdf-300\/","name":"Remplisseuse liquide \u00e0 pompe \u00e9lectrique GDF-300 - Innovex Machines | Innovex Algerie","isPartOf":{"@id":"https:\/\/innovexalgerie.com\/machines\/#website"},"primaryImageOfPage":{"@id":"https:\/\/innovexalgerie.com\/machines\/produit\/remplisseuse-liquide-a-pompe-electrique-gdf-300\/#primaryimage"},"datePublished":"2024-03-31T10:13:50+00:00","dateModified":"2024-05-12T09:28:37+00:00","breadcrumb":{"@id":"https:\/\/innovexalgerie.com\/machines\/produit\/remplisseuse-liquide-a-pompe-electrique-gdf-300\/#breadcrumb"},"inLanguage":"fr-FR","potentialAction":[{"@type":"ReadAction","target":["https:\/\/innovexalgerie.com\/machines\/produit\/remplisseuse-liquide-a-pompe-electrique-gdf-300\/"]}]},{"@type":"BreadcrumbList","@id":"https:\/\/innovexalgerie.com\/machines\/produit\/remplisseuse-liquide-a-pompe-electrique-gdf-300\/#breadcrumb","itemListElement":[{"@type":"ListItem","position":1,"name":"Accueil","item":"https:\/\/innovexalgerie.com\/machines\/"},{"@type":"ListItem","position":2,"name":"Produits","item":"https:\/\/innovexalgerie.com\/machines\/boutique\/"},{"@type":"ListItem","position":3,"name":"Remplisseuse liquide \u00e0 pompe \u00e9lectrique GDF-300"}]}]}},"_links":{"self":[{"href":"https:\/\/innovexalgerie.com\/machines\/wp-json\/wp\/v2\/product\/32396","targetHints":{"allow":["GET"]}}],"collection":[{"href":"https:\/\/innovexalgerie.com\/machines\/wp-json\/wp\/v2\/product"}],"about":[{"href":"https:\/\/innovexalgerie.com\/machines\/wp-json\/wp\/v2\/types\/product"}],"version-history":[{"count":1,"href":"https:\/\/innovexalgerie.com\/machines\/wp-json\/wp\/v2\/product\/32396\/revisions"}],"predecessor-version":[{"id":32399,"href":"https:\/\/innovexalgerie.com\/machines\/wp-json\/wp\/v2\/product\/32396\/revisions\/32399"}],"wp:featuredmedia":[{"embeddable":true,"href":"https:\/\/innovexalgerie.com\/machines\/wp-json\/wp\/v2\/media\/32398"}],"wp:attachment":[{"href":"https:\/\/innovexalgerie.com\/machines\/wp-json\/wp\/v2\/media?parent=32396"}],"wp:term":[{"taxonomy":"product_cat","embeddable":true,"href":"https:\/\/innovexalgerie.com\/machines\/wp-json\/wp\/v2\/product_cat?post=32396"},{"taxonomy":"product_tag","embeddable":true,"href":"https:\/\/innovexalgerie.com\/machines\/wp-json\/wp\/v2\/product_tag?post=32396"}],"curies":[{"name":"wp","href":"https:\/\/api.w.org\/{rel}","templated":true}]}}