{"id":32400,"date":"2024-03-31T12:11:36","date_gmt":"2024-03-31T11:11:36","guid":{"rendered":"https:\/\/innovexalgerie.com\/machines\/?post_type=product&#038;p=32400"},"modified":"2024-03-31T15:00:47","modified_gmt":"2024-03-31T14:00:47","slug":"remplisseuse-poudre-granule-automatique-f-500","status":"publish","type":"product","link":"https:\/\/innovexalgerie.com\/machines\/produit\/remplisseuse-poudre-granule-automatique-f-500\/","title":{"rendered":"Remplisseuse poudre granule semi automatique F-500"},"content":{"rendered":"<div class=\"flex-1 overflow-hidden\">\n<div class=\"react-scroll-to-bottom--css-wlybj-79elbk h-full\">\n<div class=\"react-scroll-to-bottom--css-wlybj-1n7m0yu\">\n<div>\n<div class=\"flex flex-col text-sm pb-9\">\n<div class=\"w-full text-token-text-primary\" data-testid=\"conversation-turn-17\">\n<div class=\"px-4 py-2 justify-center text-base md:gap-6 m-auto\">\n<div class=\"flex flex-1 text-base mx-auto gap-3 md:px-5 lg:px-1 xl:px-5 md:max-w-3xl lg:max-w-[40rem] xl:max-w-[48rem] group final-completion\">\n<div class=\"relative flex w-full flex-col agent-turn\">\n<div class=\"flex-col gap-1 md:gap-3\">\n<div class=\"flex flex-grow flex-col max-w-full\">\n<div class=\"min-h-[20px] text-message flex flex-col items-start gap-3 whitespace-pre-wrap break-words [.text-message+&amp;]:mt-5 overflow-x-auto\" data-message-author-role=\"assistant\" data-message-id=\"0d0bc3a3-df5b-4491-991a-fbb9028f9662\">\n<div class=\"markdown prose w-full break-words dark:prose-invert light\">\n<ul>\n<li>Convient pour une vari\u00e9t\u00e9 d&rsquo;applications telles que la farine, le th\u00e9, les graines, les fruits secs, les c\u00e9r\u00e9ales, les graines de s\u00e9same, le riz, les haricots, le sel, les produits chimiques, ainsi que les micro et petits composants.<\/li>\n<li>Id\u00e9al pour les mat\u00e9riaux solides non collants en g\u00e9n\u00e9ral.<\/li>\n<li>Remplissage pr\u00e9cis de 500 g.<\/li>\n<li>Construction en acier inoxydable solide et facile \u00e0 utiliser.<\/li>\n<li>Vitesse de remplissage r\u00e9glable.<\/li>\n<li>Affichage du poids et du nombre de remplissages.<\/li>\n<\/ul>\n<\/div>\n<\/div>\n<\/div>\n<div class=\"mt-1 flex justify-start gap-3 empty:hidden\"><\/div>\n<div class=\"pr-2 lg:pr-0\"><\/div>\n<\/div>\n<div class=\"absolute\">\n<div class=\"flex w-full gap-2 items-center justify-center\"><\/div>\n<\/div>\n<\/div>\n<\/div>\n<\/div>\n<\/div>\n<\/div>\n<\/div>\n<\/div>\n<\/div>\n<\/div>\n<div class=\"w-full pt-2 md:pt-0 dark:border-white\/20 md:border-transparent md:dark:border-transparent md:w-[calc(100%-.5rem)]\">\n<form class=\"stretch mx-2 flex flex-row gap-3 last:mb-2 md:mx-4 md:last:mb-6 lg:mx-auto lg:max-w-2xl xl:max-w-3xl\">\n<div class=\"relative flex h-full flex-1 flex-col\">\n<div class=\"absolute bottom-full left-0 right-0\"><\/div>\n<div class=\"flex w-full items-center\"><\/div>\n<\/div>\n<\/form>\n<\/div>\n","protected":false},"excerpt":{"rendered":"<p>Remplisseuse poudre granule semi automatique F-500 en acier inoxydable avec pesage. Con\u00e7u pour quantit\u00e9s d\u00e9finies de 500 gr. Convient pour th\u00e9, graines, c\u00e9r\u00e9ales, s\u00e9same, riz, sel, produits chimiques, micro-composants.<\/p>\n","protected":false},"featured_media":32403,"template":"","meta":{"_monsterinsights_skip_tracking":false,"_monsterinsights_sitenote_active":false,"_monsterinsights_sitenote_note":"","_monsterinsights_sitenote_category":0},"product_cat":[271,273],"product_tag":[],"class_list":["post-32400","product","type-product","status-publish","has-post-thumbnail","hentry","product_cat-remplisseuse","product_cat-remplisseuse-poudre-et-granules"],"yoast_head":"<!-- This site is optimized with the Yoast SEO Premium plugin v16.2 (Yoast SEO v16.7) - https:\/\/yoast.com\/wordpress\/plugins\/seo\/ -->\n<title>Remplisseuse poudre granule semi automatique F-500 - Innovex Machines | Innovex Algerie<\/title>\n<meta name=\"robots\" content=\"index, follow, max-snippet:-1, max-image-preview:large, max-video-preview:-1\" \/>\n<link rel=\"canonical\" href=\"https:\/\/innovexalgerie.com\/machines\/produit\/remplisseuse-poudre-granule-automatique-f-500\/\" \/>\n<meta property=\"og:locale\" content=\"fr_FR\" \/>\n<meta property=\"og:type\" content=\"article\" \/>\n<meta property=\"og:title\" content=\"Remplisseuse poudre granule semi automatique F-500 - Innovex Machines | Innovex Algerie\" \/>\n<meta property=\"og:description\" content=\"Remplisseuse poudre granule semi automatique F-500 en acier inoxydable avec pesage. Con\u00e7u pour quantit\u00e9s d\u00e9finies de 500 gr. Convient pour th\u00e9, graines, c\u00e9r\u00e9ales, s\u00e9same, riz, sel, produits chimiques, micro-composants.\" \/>\n<meta property=\"og:url\" content=\"https:\/\/innovexalgerie.com\/machines\/produit\/remplisseuse-poudre-granule-automatique-f-500\/\" \/>\n<meta property=\"og:site_name\" content=\"Innovex Machines | Innovex Algerie\" \/>\n<meta property=\"article:publisher\" content=\"https:\/\/www.facebook.com\/innovexmachine1\" \/>\n<meta property=\"article:modified_time\" content=\"2024-03-31T14:00:47+00:00\" \/>\n<meta property=\"og:image\" content=\"https:\/\/innovexalgerie.com\/machines\/wp-content\/uploads\/2024\/03\/F-500.png\" \/>\n\t<meta property=\"og:image:width\" content=\"1000\" \/>\n\t<meta property=\"og:image:height\" content=\"1000\" \/>\n<meta name=\"twitter:card\" content=\"summary_large_image\" \/>\n<script type=\"application\/ld+json\" class=\"yoast-schema-graph\">{\"@context\":\"https:\/\/schema.org\",\"@graph\":[{\"@type\":\"WebSite\",\"@id\":\"https:\/\/innovexalgerie.com\/machines\/#website\",\"url\":\"https:\/\/innovexalgerie.com\/machines\/\",\"name\":\"Innovex Machines | Innovex Algerie\",\"description\":\"Fournisseur de machines d&#039;emballage et d&#039;imprimerie\",\"potentialAction\":[{\"@type\":\"SearchAction\",\"target\":{\"@type\":\"EntryPoint\",\"urlTemplate\":\"https:\/\/innovexalgerie.com\/machines\/?s={search_term_string}\"},\"query-input\":\"required name=search_term_string\"}],\"inLanguage\":\"fr-FR\"},{\"@type\":\"ImageObject\",\"@id\":\"https:\/\/innovexalgerie.com\/machines\/produit\/remplisseuse-poudre-granule-automatique-f-500\/#primaryimage\",\"inLanguage\":\"fr-FR\",\"url\":\"https:\/\/innovexalgerie.com\/machines\/wp-content\/uploads\/2024\/03\/F-500.png\",\"contentUrl\":\"https:\/\/innovexalgerie.com\/machines\/wp-content\/uploads\/2024\/03\/F-500.png\",\"width\":1000,\"height\":1000},{\"@type\":\"WebPage\",\"@id\":\"https:\/\/innovexalgerie.com\/machines\/produit\/remplisseuse-poudre-granule-automatique-f-500\/#webpage\",\"url\":\"https:\/\/innovexalgerie.com\/machines\/produit\/remplisseuse-poudre-granule-automatique-f-500\/\",\"name\":\"Remplisseuse poudre granule semi automatique F-500 - Innovex Machines | Innovex Algerie\",\"isPartOf\":{\"@id\":\"https:\/\/innovexalgerie.com\/machines\/#website\"},\"primaryImageOfPage\":{\"@id\":\"https:\/\/innovexalgerie.com\/machines\/produit\/remplisseuse-poudre-granule-automatique-f-500\/#primaryimage\"},\"datePublished\":\"2024-03-31T11:11:36+00:00\",\"dateModified\":\"2024-03-31T14:00:47+00:00\",\"breadcrumb\":{\"@id\":\"https:\/\/innovexalgerie.com\/machines\/produit\/remplisseuse-poudre-granule-automatique-f-500\/#breadcrumb\"},\"inLanguage\":\"fr-FR\",\"potentialAction\":[{\"@type\":\"ReadAction\",\"target\":[\"https:\/\/innovexalgerie.com\/machines\/produit\/remplisseuse-poudre-granule-automatique-f-500\/\"]}]},{\"@type\":\"BreadcrumbList\",\"@id\":\"https:\/\/innovexalgerie.com\/machines\/produit\/remplisseuse-poudre-granule-automatique-f-500\/#breadcrumb\",\"itemListElement\":[{\"@type\":\"ListItem\",\"position\":1,\"name\":\"Accueil\",\"item\":\"https:\/\/innovexalgerie.com\/machines\/\"},{\"@type\":\"ListItem\",\"position\":2,\"name\":\"Produits\",\"item\":\"https:\/\/innovexalgerie.com\/machines\/boutique\/\"},{\"@type\":\"ListItem\",\"position\":3,\"name\":\"Remplisseuse poudre granule semi automatique F-500\"}]}]}<\/script>\n<!-- \/ Yoast SEO Premium plugin. -->","yoast_head_json":{"title":"Remplisseuse poudre granule semi automatique F-500 - Innovex Machines | Innovex Algerie","robots":{"index":"index","follow":"follow","max-snippet":"max-snippet:-1","max-image-preview":"max-image-preview:large","max-video-preview":"max-video-preview:-1"},"canonical":"https:\/\/innovexalgerie.com\/machines\/produit\/remplisseuse-poudre-granule-automatique-f-500\/","og_locale":"fr_FR","og_type":"article","og_title":"Remplisseuse poudre granule semi automatique F-500 - Innovex Machines | Innovex Algerie","og_description":"Remplisseuse poudre granule semi automatique F-500 en acier inoxydable avec pesage. Con\u00e7u pour quantit\u00e9s d\u00e9finies de 500 gr. Convient pour th\u00e9, graines, c\u00e9r\u00e9ales, s\u00e9same, riz, sel, produits chimiques, micro-composants.","og_url":"https:\/\/innovexalgerie.com\/machines\/produit\/remplisseuse-poudre-granule-automatique-f-500\/","og_site_name":"Innovex Machines | Innovex Algerie","article_publisher":"https:\/\/www.facebook.com\/innovexmachine1","article_modified_time":"2024-03-31T14:00:47+00:00","og_image":[{"width":1000,"height":1000,"filesize":231787,"url":"https:\/\/innovexalgerie.com\/machines\/wp-content\/uploads\/2024\/03\/F-500.png","path":"\/home\/inovex\/public_html\/machines\/wp-content\/uploads\/2024\/03\/F-500.png","size":"full","id":32403,"alt":"","pixels":1000000,"type":"image\/png"}],"twitter_card":"summary_large_image","schema":{"@context":"https:\/\/schema.org","@graph":[{"@type":"WebSite","@id":"https:\/\/innovexalgerie.com\/machines\/#website","url":"https:\/\/innovexalgerie.com\/machines\/","name":"Innovex Machines | Innovex Algerie","description":"Fournisseur de machines d&#039;emballage et d&#039;imprimerie","potentialAction":[{"@type":"SearchAction","target":{"@type":"EntryPoint","urlTemplate":"https:\/\/innovexalgerie.com\/machines\/?s={search_term_string}"},"query-input":"required name=search_term_string"}],"inLanguage":"fr-FR"},{"@type":"ImageObject","@id":"https:\/\/innovexalgerie.com\/machines\/produit\/remplisseuse-poudre-granule-automatique-f-500\/#primaryimage","inLanguage":"fr-FR","url":"https:\/\/innovexalgerie.com\/machines\/wp-content\/uploads\/2024\/03\/F-500.png","contentUrl":"https:\/\/innovexalgerie.com\/machines\/wp-content\/uploads\/2024\/03\/F-500.png","width":1000,"height":1000},{"@type":"WebPage","@id":"https:\/\/innovexalgerie.com\/machines\/produit\/remplisseuse-poudre-granule-automatique-f-500\/#webpage","url":"https:\/\/innovexalgerie.com\/machines\/produit\/remplisseuse-poudre-granule-automatique-f-500\/","name":"Remplisseuse poudre granule semi automatique F-500 - Innovex Machines | Innovex Algerie","isPartOf":{"@id":"https:\/\/innovexalgerie.com\/machines\/#website"},"primaryImageOfPage":{"@id":"https:\/\/innovexalgerie.com\/machines\/produit\/remplisseuse-poudre-granule-automatique-f-500\/#primaryimage"},"datePublished":"2024-03-31T11:11:36+00:00","dateModified":"2024-03-31T14:00:47+00:00","breadcrumb":{"@id":"https:\/\/innovexalgerie.com\/machines\/produit\/remplisseuse-poudre-granule-automatique-f-500\/#breadcrumb"},"inLanguage":"fr-FR","potentialAction":[{"@type":"ReadAction","target":["https:\/\/innovexalgerie.com\/machines\/produit\/remplisseuse-poudre-granule-automatique-f-500\/"]}]},{"@type":"BreadcrumbList","@id":"https:\/\/innovexalgerie.com\/machines\/produit\/remplisseuse-poudre-granule-automatique-f-500\/#breadcrumb","itemListElement":[{"@type":"ListItem","position":1,"name":"Accueil","item":"https:\/\/innovexalgerie.com\/machines\/"},{"@type":"ListItem","position":2,"name":"Produits","item":"https:\/\/innovexalgerie.com\/machines\/boutique\/"},{"@type":"ListItem","position":3,"name":"Remplisseuse poudre granule semi automatique F-500"}]}]}},"_links":{"self":[{"href":"https:\/\/innovexalgerie.com\/machines\/wp-json\/wp\/v2\/product\/32400","targetHints":{"allow":["GET"]}}],"collection":[{"href":"https:\/\/innovexalgerie.com\/machines\/wp-json\/wp\/v2\/product"}],"about":[{"href":"https:\/\/innovexalgerie.com\/machines\/wp-json\/wp\/v2\/types\/product"}],"version-history":[{"count":3,"href":"https:\/\/innovexalgerie.com\/machines\/wp-json\/wp\/v2\/product\/32400\/revisions"}],"predecessor-version":[{"id":32421,"href":"https:\/\/innovexalgerie.com\/machines\/wp-json\/wp\/v2\/product\/32400\/revisions\/32421"}],"wp:featuredmedia":[{"embeddable":true,"href":"https:\/\/innovexalgerie.com\/machines\/wp-json\/wp\/v2\/media\/32403"}],"wp:attachment":[{"href":"https:\/\/innovexalgerie.com\/machines\/wp-json\/wp\/v2\/media?parent=32400"}],"wp:term":[{"taxonomy":"product_cat","embeddable":true,"href":"https:\/\/innovexalgerie.com\/machines\/wp-json\/wp\/v2\/product_cat?post=32400"},{"taxonomy":"product_tag","embeddable":true,"href":"https:\/\/innovexalgerie.com\/machines\/wp-json\/wp\/v2\/product_tag?post=32400"}],"curies":[{"name":"wp","href":"https:\/\/api.w.org\/{rel}","templated":true}]}}