{"id":32413,"date":"2024-03-31T12:40:17","date_gmt":"2024-03-31T11:40:17","guid":{"rendered":"https:\/\/innovexalgerie.com\/machines\/?post_type=product&#038;p=32413"},"modified":"2025-12-15T10:23:12","modified_gmt":"2025-12-15T09:23:12","slug":"remplisseuse-poudre-granule-semi-automatique-f-999-2","status":"publish","type":"product","link":"https:\/\/innovexalgerie.com\/machines\/produit\/remplisseuse-poudre-granule-semi-automatique-f-999-2\/","title":{"rendered":"Remplisseuse poudre granule semi-automatique F-999"},"content":{"rendered":"<ul>\n<li>Convient pour une vari\u00e9t\u00e9 d&rsquo;applications telles que la farine, le th\u00e9, les graines, les fruits secs, les c\u00e9r\u00e9ales, les graines de s\u00e9same, le riz, les haricots, le sel, les produits chimiques, ainsi que les micro et petits composants.<\/li>\n<li>Id\u00e9al pour les mat\u00e9riaux solides non collants en g\u00e9n\u00e9ral.<\/li>\n<li>Construction en acier inoxydable solide, facile \u00e0 utiliser et durable.<\/li>\n<li>Permet un remplissage pr\u00e9cis jusqu&rsquo;\u00e0 1 kg.<\/li>\n<li>La vitesse de remplissage est r\u00e9glable pour s&rsquo;adapter \u00e0 diff\u00e9rents besoins.<\/li>\n<li>Affichage du poids et du nombre de remplissages pour un contr\u00f4le pr\u00e9cis du processus.<\/li>\n<\/ul>\n","protected":false},"excerpt":{"rendered":"<p>Remplisseuse poudre granule semi-automatique F-999 en acier inoxydable qui peut peser et remplir de la poudre et des granules dans une plage de 10 \u00e0 999 grammes, adapt\u00e9e pour une vari\u00e9t\u00e9 d&rsquo;applications telles que le th\u00e9, les graines, les c\u00e9r\u00e9ales, le s\u00e9same, le riz, le sel, les produits chimiques, les micro-composants, etc.<\/p>\n","protected":false},"featured_media":32404,"template":"","meta":{"_monsterinsights_skip_tracking":false,"_monsterinsights_sitenote_active":false,"_monsterinsights_sitenote_note":"","_monsterinsights_sitenote_category":0},"product_cat":[271,273],"product_tag":[],"class_list":["post-32413","product","type-product","status-publish","has-post-thumbnail","hentry","product_cat-remplisseuse","product_cat-remplisseuse-poudre-et-granules"],"yoast_head":"<!-- This site is optimized with the Yoast SEO Premium plugin v16.2 (Yoast SEO v16.7) - https:\/\/yoast.com\/wordpress\/plugins\/seo\/ -->\n<title>Remplisseuse poudre granule semi-automatique F-999 - Innovex Machines | Innovex Algerie<\/title>\n<meta name=\"robots\" content=\"index, follow, max-snippet:-1, max-image-preview:large, max-video-preview:-1\" \/>\n<link rel=\"canonical\" href=\"https:\/\/innovexalgerie.com\/machines\/produit\/remplisseuse-poudre-granule-semi-automatique-f-999-2\/\" \/>\n<meta property=\"og:locale\" content=\"fr_FR\" \/>\n<meta property=\"og:type\" content=\"article\" \/>\n<meta property=\"og:title\" content=\"Remplisseuse poudre granule semi-automatique F-999 - Innovex Machines | Innovex Algerie\" \/>\n<meta property=\"og:description\" content=\"Remplisseuse poudre granule semi-automatique F-999 en acier inoxydable qui peut peser et remplir de la poudre et des granules dans une plage de 10 \u00e0 999 grammes, adapt\u00e9e pour une vari\u00e9t\u00e9 d&#039;applications telles que le th\u00e9, les graines, les c\u00e9r\u00e9ales, le s\u00e9same, le riz, le sel, les produits chimiques, les micro-composants, etc.\" \/>\n<meta property=\"og:url\" content=\"https:\/\/innovexalgerie.com\/machines\/produit\/remplisseuse-poudre-granule-semi-automatique-f-999-2\/\" \/>\n<meta property=\"og:site_name\" content=\"Innovex Machines | Innovex Algerie\" \/>\n<meta property=\"article:publisher\" content=\"https:\/\/www.facebook.com\/innovexmachine1\" \/>\n<meta property=\"article:modified_time\" content=\"2025-12-15T09:23:12+00:00\" \/>\n<meta property=\"og:image\" content=\"https:\/\/innovexalgerie.com\/machines\/wp-content\/uploads\/2024\/03\/F-999.png\" \/>\n\t<meta property=\"og:image:width\" content=\"1000\" \/>\n\t<meta property=\"og:image:height\" content=\"1000\" \/>\n<meta name=\"twitter:card\" content=\"summary_large_image\" \/>\n<script type=\"application\/ld+json\" class=\"yoast-schema-graph\">{\"@context\":\"https:\/\/schema.org\",\"@graph\":[{\"@type\":\"WebSite\",\"@id\":\"https:\/\/innovexalgerie.com\/machines\/#website\",\"url\":\"https:\/\/innovexalgerie.com\/machines\/\",\"name\":\"Innovex Machines | Innovex Algerie\",\"description\":\"Fournisseur de machines d&#039;emballage et d&#039;imprimerie\",\"potentialAction\":[{\"@type\":\"SearchAction\",\"target\":{\"@type\":\"EntryPoint\",\"urlTemplate\":\"https:\/\/innovexalgerie.com\/machines\/?s={search_term_string}\"},\"query-input\":\"required name=search_term_string\"}],\"inLanguage\":\"fr-FR\"},{\"@type\":\"ImageObject\",\"@id\":\"https:\/\/innovexalgerie.com\/machines\/produit\/remplisseuse-poudre-granule-semi-automatique-f-999-2\/#primaryimage\",\"inLanguage\":\"fr-FR\",\"url\":\"https:\/\/innovexalgerie.com\/machines\/wp-content\/uploads\/2024\/03\/F-999.png\",\"contentUrl\":\"https:\/\/innovexalgerie.com\/machines\/wp-content\/uploads\/2024\/03\/F-999.png\",\"width\":1000,\"height\":1000},{\"@type\":\"WebPage\",\"@id\":\"https:\/\/innovexalgerie.com\/machines\/produit\/remplisseuse-poudre-granule-semi-automatique-f-999-2\/#webpage\",\"url\":\"https:\/\/innovexalgerie.com\/machines\/produit\/remplisseuse-poudre-granule-semi-automatique-f-999-2\/\",\"name\":\"Remplisseuse poudre granule semi-automatique F-999 - Innovex Machines | Innovex Algerie\",\"isPartOf\":{\"@id\":\"https:\/\/innovexalgerie.com\/machines\/#website\"},\"primaryImageOfPage\":{\"@id\":\"https:\/\/innovexalgerie.com\/machines\/produit\/remplisseuse-poudre-granule-semi-automatique-f-999-2\/#primaryimage\"},\"datePublished\":\"2024-03-31T11:40:17+00:00\",\"dateModified\":\"2025-12-15T09:23:12+00:00\",\"breadcrumb\":{\"@id\":\"https:\/\/innovexalgerie.com\/machines\/produit\/remplisseuse-poudre-granule-semi-automatique-f-999-2\/#breadcrumb\"},\"inLanguage\":\"fr-FR\",\"potentialAction\":[{\"@type\":\"ReadAction\",\"target\":[\"https:\/\/innovexalgerie.com\/machines\/produit\/remplisseuse-poudre-granule-semi-automatique-f-999-2\/\"]}]},{\"@type\":\"BreadcrumbList\",\"@id\":\"https:\/\/innovexalgerie.com\/machines\/produit\/remplisseuse-poudre-granule-semi-automatique-f-999-2\/#breadcrumb\",\"itemListElement\":[{\"@type\":\"ListItem\",\"position\":1,\"name\":\"Accueil\",\"item\":\"https:\/\/innovexalgerie.com\/machines\/\"},{\"@type\":\"ListItem\",\"position\":2,\"name\":\"Produits\",\"item\":\"https:\/\/innovexalgerie.com\/machines\/boutique\/\"},{\"@type\":\"ListItem\",\"position\":3,\"name\":\"Remplisseuse poudre granule semi-automatique F-999\"}]}]}<\/script>\n<!-- \/ Yoast SEO Premium plugin. -->","yoast_head_json":{"title":"Remplisseuse poudre granule semi-automatique F-999 - Innovex Machines | Innovex Algerie","robots":{"index":"index","follow":"follow","max-snippet":"max-snippet:-1","max-image-preview":"max-image-preview:large","max-video-preview":"max-video-preview:-1"},"canonical":"https:\/\/innovexalgerie.com\/machines\/produit\/remplisseuse-poudre-granule-semi-automatique-f-999-2\/","og_locale":"fr_FR","og_type":"article","og_title":"Remplisseuse poudre granule semi-automatique F-999 - Innovex Machines | Innovex Algerie","og_description":"Remplisseuse poudre granule semi-automatique F-999 en acier inoxydable qui peut peser et remplir de la poudre et des granules dans une plage de 10 \u00e0 999 grammes, adapt\u00e9e pour une vari\u00e9t\u00e9 d'applications telles que le th\u00e9, les graines, les c\u00e9r\u00e9ales, le s\u00e9same, le riz, le sel, les produits chimiques, les micro-composants, etc.","og_url":"https:\/\/innovexalgerie.com\/machines\/produit\/remplisseuse-poudre-granule-semi-automatique-f-999-2\/","og_site_name":"Innovex Machines | Innovex Algerie","article_publisher":"https:\/\/www.facebook.com\/innovexmachine1","article_modified_time":"2025-12-15T09:23:12+00:00","og_image":[{"width":1000,"height":1000,"filesize":202987,"url":"https:\/\/innovexalgerie.com\/machines\/wp-content\/uploads\/2024\/03\/F-999.png","path":"\/home\/inovex\/public_html\/machines\/wp-content\/uploads\/2024\/03\/F-999.png","size":"full","id":32404,"alt":"","pixels":1000000,"type":"image\/png"}],"twitter_card":"summary_large_image","schema":{"@context":"https:\/\/schema.org","@graph":[{"@type":"WebSite","@id":"https:\/\/innovexalgerie.com\/machines\/#website","url":"https:\/\/innovexalgerie.com\/machines\/","name":"Innovex Machines | Innovex Algerie","description":"Fournisseur de machines d&#039;emballage et d&#039;imprimerie","potentialAction":[{"@type":"SearchAction","target":{"@type":"EntryPoint","urlTemplate":"https:\/\/innovexalgerie.com\/machines\/?s={search_term_string}"},"query-input":"required name=search_term_string"}],"inLanguage":"fr-FR"},{"@type":"ImageObject","@id":"https:\/\/innovexalgerie.com\/machines\/produit\/remplisseuse-poudre-granule-semi-automatique-f-999-2\/#primaryimage","inLanguage":"fr-FR","url":"https:\/\/innovexalgerie.com\/machines\/wp-content\/uploads\/2024\/03\/F-999.png","contentUrl":"https:\/\/innovexalgerie.com\/machines\/wp-content\/uploads\/2024\/03\/F-999.png","width":1000,"height":1000},{"@type":"WebPage","@id":"https:\/\/innovexalgerie.com\/machines\/produit\/remplisseuse-poudre-granule-semi-automatique-f-999-2\/#webpage","url":"https:\/\/innovexalgerie.com\/machines\/produit\/remplisseuse-poudre-granule-semi-automatique-f-999-2\/","name":"Remplisseuse poudre granule semi-automatique F-999 - Innovex Machines | Innovex Algerie","isPartOf":{"@id":"https:\/\/innovexalgerie.com\/machines\/#website"},"primaryImageOfPage":{"@id":"https:\/\/innovexalgerie.com\/machines\/produit\/remplisseuse-poudre-granule-semi-automatique-f-999-2\/#primaryimage"},"datePublished":"2024-03-31T11:40:17+00:00","dateModified":"2025-12-15T09:23:12+00:00","breadcrumb":{"@id":"https:\/\/innovexalgerie.com\/machines\/produit\/remplisseuse-poudre-granule-semi-automatique-f-999-2\/#breadcrumb"},"inLanguage":"fr-FR","potentialAction":[{"@type":"ReadAction","target":["https:\/\/innovexalgerie.com\/machines\/produit\/remplisseuse-poudre-granule-semi-automatique-f-999-2\/"]}]},{"@type":"BreadcrumbList","@id":"https:\/\/innovexalgerie.com\/machines\/produit\/remplisseuse-poudre-granule-semi-automatique-f-999-2\/#breadcrumb","itemListElement":[{"@type":"ListItem","position":1,"name":"Accueil","item":"https:\/\/innovexalgerie.com\/machines\/"},{"@type":"ListItem","position":2,"name":"Produits","item":"https:\/\/innovexalgerie.com\/machines\/boutique\/"},{"@type":"ListItem","position":3,"name":"Remplisseuse poudre granule semi-automatique F-999"}]}]}},"_links":{"self":[{"href":"https:\/\/innovexalgerie.com\/machines\/wp-json\/wp\/v2\/product\/32413","targetHints":{"allow":["GET"]}}],"collection":[{"href":"https:\/\/innovexalgerie.com\/machines\/wp-json\/wp\/v2\/product"}],"about":[{"href":"https:\/\/innovexalgerie.com\/machines\/wp-json\/wp\/v2\/types\/product"}],"version-history":[{"count":2,"href":"https:\/\/innovexalgerie.com\/machines\/wp-json\/wp\/v2\/product\/32413\/revisions"}],"predecessor-version":[{"id":32423,"href":"https:\/\/innovexalgerie.com\/machines\/wp-json\/wp\/v2\/product\/32413\/revisions\/32423"}],"wp:featuredmedia":[{"embeddable":true,"href":"https:\/\/innovexalgerie.com\/machines\/wp-json\/wp\/v2\/media\/32404"}],"wp:attachment":[{"href":"https:\/\/innovexalgerie.com\/machines\/wp-json\/wp\/v2\/media?parent=32413"}],"wp:term":[{"taxonomy":"product_cat","embeddable":true,"href":"https:\/\/innovexalgerie.com\/machines\/wp-json\/wp\/v2\/product_cat?post=32413"},{"taxonomy":"product_tag","embeddable":true,"href":"https:\/\/innovexalgerie.com\/machines\/wp-json\/wp\/v2\/product_tag?post=32413"}],"curies":[{"name":"wp","href":"https:\/\/api.w.org\/{rel}","templated":true}]}}