{"id":32668,"date":"2024-09-11T15:16:49","date_gmt":"2024-09-11T14:16:49","guid":{"rendered":"https:\/\/innovexalgerie.com\/machines\/?post_type=product&#038;p=32668"},"modified":"2024-09-15T11:26:28","modified_gmt":"2024-09-15T10:26:28","slug":"machine-sous-vide-domestique-qh-21","status":"publish","type":"product","link":"https:\/\/innovexalgerie.com\/machines\/produit\/machine-sous-vide-domestique-qh-21\/","title":{"rendered":"Machine Sous-vide Domestique QH-21"},"content":{"rendered":"<p>La machine Sous-vide Domestique <strong>QH-21<\/strong>\u00a0pour un usage domestique ou commercial, est un outil essentiel et pratique pour prolonger la dur\u00e9e de conservation des aliments tout en pr\u00e9servant leur fra\u00eecheur et leur saveur et de r\u00e9duire le gaspillage.<strong><br \/>\n<\/strong><\/p>\n<ul>\n<li>Machine facile \u00e0 utiliser, \u00e0 nettoyer et \u00e0 entretenir.<\/li>\n<li>D\u2019une simple pression sur un bouton, vous pouvez mieux conserver vos aliments gr\u00e2ce \u00e0 la fonction \u00bb Mise sous vide et scellage \u00bb automatique du panneau de commande intuitif.<\/li>\n<li>Peut \u00eatre utilis\u00e9 avec des rouleaux de film structur\u00e9 du commerce et des sacs en aluminium structur\u00e9 (max. 30 cm de large, longueur au besoin).<\/li>\n<li>Soudure extra-large et robuste pour un stockage en toute s\u00e9curit\u00e9.<\/li>\n<li>\u00a0Scellant alimentaire automatique 8 en 1.<\/li>\n<li>\u00a0Avec les modes sec et humide.<\/li>\n<li>Cutter int\u00e9gr\u00e9 et kit de d\u00e9marrage.<\/li>\n<li>Cabine int\u00e9rieure pour sac \u00e0 roulettes.<\/li>\n<\/ul>\n","protected":false},"excerpt":{"rendered":"<p>Machine Sous-vide Domestique \u00a0pour un usage domestique ou commercial, est un outil essentiel et pratique pour prolonger la dur\u00e9e de conservation des aliments tout en pr\u00e9servant leur fra\u00eecheur et leur saveur et de r\u00e9duire le gaspillage.<\/p>\n<p><img loading=\"lazy\" decoding=\"async\" class=\"alignnone wp-image-32675 size-full\" src=\"https:\/\/innovexalgerie.com\/machines\/wp-content\/uploads\/2024\/09\/icon-qh21.jpg\" alt=\"icon machine domestique QH-21 \" width=\"908\" height=\"211\" srcset=\"https:\/\/innovexalgerie.com\/machines\/wp-content\/uploads\/2024\/09\/icon-qh21.jpg 908w, https:\/\/innovexalgerie.com\/machines\/wp-content\/uploads\/2024\/09\/icon-qh21-300x70.jpg 300w, https:\/\/innovexalgerie.com\/machines\/wp-content\/uploads\/2024\/09\/icon-qh21-768x178.jpg 768w, https:\/\/innovexalgerie.com\/machines\/wp-content\/uploads\/2024\/09\/icon-qh21-600x139.jpg 600w\" sizes=\"auto, (max-width: 908px) 100vw, 908px\" \/><\/p>\n","protected":false},"featured_media":32676,"template":"","meta":{"_monsterinsights_skip_tracking":false,"_monsterinsights_sitenote_active":false,"_monsterinsights_sitenote_note":"","_monsterinsights_sitenote_category":0},"product_cat":[23,276],"product_tag":[277,24,278,87,25],"class_list":["post-32668","product","type-product","status-publish","has-post-thumbnail","hentry","product_cat-sous-vides","product_cat-machine-sous-vide-domestique","product_tag-domestique","product_tag-emballage","product_tag-mini-sous-vide","product_tag-sac","product_tag-sous-vide"],"yoast_head":"<!-- This site is optimized with the Yoast SEO Premium plugin v16.2 (Yoast SEO v16.7) - https:\/\/yoast.com\/wordpress\/plugins\/seo\/ -->\n<title>Machine Sous-vide Domestique QH-21 - Innovex Machines | Innovex Algerie<\/title>\n<meta name=\"description\" content=\"Machine sous vide Mini, elle est id\u00e9ale pour un conditionnement optimal des produits agro alimentaires pour petit et moyenne cadence.\" \/>\n<meta name=\"robots\" content=\"index, follow, max-snippet:-1, max-image-preview:large, max-video-preview:-1\" \/>\n<link rel=\"canonical\" href=\"https:\/\/innovexalgerie.com\/machines\/produit\/machine-sous-vide-domestique-qh-21\/\" \/>\n<meta property=\"og:locale\" content=\"fr_FR\" \/>\n<meta property=\"og:type\" content=\"article\" \/>\n<meta property=\"og:title\" content=\"Machine Sous-vide Domestique QH-21 - Innovex Machines | Innovex Algerie\" \/>\n<meta property=\"og:description\" content=\"Machine sous vide Mini, elle est id\u00e9ale pour un conditionnement optimal des produits agro alimentaires pour petit et moyenne cadence.\" \/>\n<meta property=\"og:url\" content=\"https:\/\/innovexalgerie.com\/machines\/produit\/machine-sous-vide-domestique-qh-21\/\" \/>\n<meta property=\"og:site_name\" content=\"Innovex Machines | Innovex Algerie\" \/>\n<meta property=\"article:publisher\" content=\"https:\/\/www.facebook.com\/innovexmachine1\" \/>\n<meta property=\"article:modified_time\" content=\"2024-09-15T10:26:28+00:00\" \/>\n<meta property=\"og:image\" content=\"https:\/\/innovexalgerie.com\/machines\/wp-content\/uploads\/2024\/09\/QH-20-MINI-SOUS-VIDE-INNOVEX-ALGERIE.jpg\" \/>\n\t<meta property=\"og:image:width\" content=\"1000\" \/>\n\t<meta property=\"og:image:height\" content=\"1000\" \/>\n<meta name=\"twitter:card\" content=\"summary_large_image\" \/>\n<meta name=\"twitter:label1\" content=\"Dur\u00e9e de lecture est.\" \/>\n\t<meta name=\"twitter:data1\" content=\"1 minute\" \/>\n<script type=\"application\/ld+json\" class=\"yoast-schema-graph\">{\"@context\":\"https:\/\/schema.org\",\"@graph\":[{\"@type\":\"WebSite\",\"@id\":\"https:\/\/innovexalgerie.com\/machines\/#website\",\"url\":\"https:\/\/innovexalgerie.com\/machines\/\",\"name\":\"Innovex Machines | Innovex Algerie\",\"description\":\"Fournisseur de machines d&#039;emballage et d&#039;imprimerie\",\"potentialAction\":[{\"@type\":\"SearchAction\",\"target\":{\"@type\":\"EntryPoint\",\"urlTemplate\":\"https:\/\/innovexalgerie.com\/machines\/?s={search_term_string}\"},\"query-input\":\"required name=search_term_string\"}],\"inLanguage\":\"fr-FR\"},{\"@type\":\"ImageObject\",\"@id\":\"https:\/\/innovexalgerie.com\/machines\/produit\/machine-sous-vide-domestique-qh-21\/#primaryimage\",\"inLanguage\":\"fr-FR\",\"url\":\"https:\/\/innovexalgerie.com\/machines\/wp-content\/uploads\/2024\/09\/QH-20-MINI-SOUS-VIDE-INNOVEX-ALGERIE.jpg\",\"contentUrl\":\"https:\/\/innovexalgerie.com\/machines\/wp-content\/uploads\/2024\/09\/QH-20-MINI-SOUS-VIDE-INNOVEX-ALGERIE.jpg\",\"width\":1000,\"height\":1000,\"caption\":\"QH-21--MINI-SOUS-VIDE-INNOVEX-ALGERIE\"},{\"@type\":\"WebPage\",\"@id\":\"https:\/\/innovexalgerie.com\/machines\/produit\/machine-sous-vide-domestique-qh-21\/#webpage\",\"url\":\"https:\/\/innovexalgerie.com\/machines\/produit\/machine-sous-vide-domestique-qh-21\/\",\"name\":\"Machine Sous-vide Domestique QH-21 - Innovex Machines | Innovex Algerie\",\"isPartOf\":{\"@id\":\"https:\/\/innovexalgerie.com\/machines\/#website\"},\"primaryImageOfPage\":{\"@id\":\"https:\/\/innovexalgerie.com\/machines\/produit\/machine-sous-vide-domestique-qh-21\/#primaryimage\"},\"datePublished\":\"2024-09-11T14:16:49+00:00\",\"dateModified\":\"2024-09-15T10:26:28+00:00\",\"description\":\"Machine sous vide Mini, elle est id\\u00e9ale pour un conditionnement optimal des produits agro alimentaires pour petit et moyenne cadence.\",\"breadcrumb\":{\"@id\":\"https:\/\/innovexalgerie.com\/machines\/produit\/machine-sous-vide-domestique-qh-21\/#breadcrumb\"},\"inLanguage\":\"fr-FR\",\"potentialAction\":[{\"@type\":\"ReadAction\",\"target\":[\"https:\/\/innovexalgerie.com\/machines\/produit\/machine-sous-vide-domestique-qh-21\/\"]}]},{\"@type\":\"BreadcrumbList\",\"@id\":\"https:\/\/innovexalgerie.com\/machines\/produit\/machine-sous-vide-domestique-qh-21\/#breadcrumb\",\"itemListElement\":[{\"@type\":\"ListItem\",\"position\":1,\"name\":\"Accueil\",\"item\":\"https:\/\/innovexalgerie.com\/machines\/\"},{\"@type\":\"ListItem\",\"position\":2,\"name\":\"Produits\",\"item\":\"https:\/\/innovexalgerie.com\/machines\/boutique\/\"},{\"@type\":\"ListItem\",\"position\":3,\"name\":\"Machine Sous-vide Domestique QH-21\"}]}]}<\/script>\n<!-- \/ Yoast SEO Premium plugin. -->","yoast_head_json":{"title":"Machine Sous-vide Domestique QH-21 - Innovex Machines | Innovex Algerie","description":"Machine sous vide Mini, elle est id\u00e9ale pour un conditionnement optimal des produits agro alimentaires pour petit et moyenne cadence.","robots":{"index":"index","follow":"follow","max-snippet":"max-snippet:-1","max-image-preview":"max-image-preview:large","max-video-preview":"max-video-preview:-1"},"canonical":"https:\/\/innovexalgerie.com\/machines\/produit\/machine-sous-vide-domestique-qh-21\/","og_locale":"fr_FR","og_type":"article","og_title":"Machine Sous-vide Domestique QH-21 - Innovex Machines | Innovex Algerie","og_description":"Machine sous vide Mini, elle est id\u00e9ale pour un conditionnement optimal des produits agro alimentaires pour petit et moyenne cadence.","og_url":"https:\/\/innovexalgerie.com\/machines\/produit\/machine-sous-vide-domestique-qh-21\/","og_site_name":"Innovex Machines | Innovex Algerie","article_publisher":"https:\/\/www.facebook.com\/innovexmachine1","article_modified_time":"2024-09-15T10:26:28+00:00","og_image":[{"width":1000,"height":1000,"filesize":76849,"url":"https:\/\/innovexalgerie.com\/machines\/wp-content\/uploads\/2024\/09\/QH-20-MINI-SOUS-VIDE-INNOVEX-ALGERIE.jpg","path":"\/home\/inovex\/public_html\/machines\/wp-content\/uploads\/2024\/09\/QH-20-MINI-SOUS-VIDE-INNOVEX-ALGERIE.jpg","size":"full","id":32676,"alt":"QH-21--MINI-SOUS-VIDE-INNOVEX-ALGERIE","pixels":1000000,"type":"image\/jpeg"}],"twitter_card":"summary_large_image","twitter_misc":{"Dur\u00e9e de lecture est.":"1 minute"},"schema":{"@context":"https:\/\/schema.org","@graph":[{"@type":"WebSite","@id":"https:\/\/innovexalgerie.com\/machines\/#website","url":"https:\/\/innovexalgerie.com\/machines\/","name":"Innovex Machines | Innovex Algerie","description":"Fournisseur de machines d&#039;emballage et d&#039;imprimerie","potentialAction":[{"@type":"SearchAction","target":{"@type":"EntryPoint","urlTemplate":"https:\/\/innovexalgerie.com\/machines\/?s={search_term_string}"},"query-input":"required name=search_term_string"}],"inLanguage":"fr-FR"},{"@type":"ImageObject","@id":"https:\/\/innovexalgerie.com\/machines\/produit\/machine-sous-vide-domestique-qh-21\/#primaryimage","inLanguage":"fr-FR","url":"https:\/\/innovexalgerie.com\/machines\/wp-content\/uploads\/2024\/09\/QH-20-MINI-SOUS-VIDE-INNOVEX-ALGERIE.jpg","contentUrl":"https:\/\/innovexalgerie.com\/machines\/wp-content\/uploads\/2024\/09\/QH-20-MINI-SOUS-VIDE-INNOVEX-ALGERIE.jpg","width":1000,"height":1000,"caption":"QH-21--MINI-SOUS-VIDE-INNOVEX-ALGERIE"},{"@type":"WebPage","@id":"https:\/\/innovexalgerie.com\/machines\/produit\/machine-sous-vide-domestique-qh-21\/#webpage","url":"https:\/\/innovexalgerie.com\/machines\/produit\/machine-sous-vide-domestique-qh-21\/","name":"Machine Sous-vide Domestique QH-21 - Innovex Machines | Innovex Algerie","isPartOf":{"@id":"https:\/\/innovexalgerie.com\/machines\/#website"},"primaryImageOfPage":{"@id":"https:\/\/innovexalgerie.com\/machines\/produit\/machine-sous-vide-domestique-qh-21\/#primaryimage"},"datePublished":"2024-09-11T14:16:49+00:00","dateModified":"2024-09-15T10:26:28+00:00","description":"Machine sous vide Mini, elle est id\u00e9ale pour un conditionnement optimal des produits agro alimentaires pour petit et moyenne cadence.","breadcrumb":{"@id":"https:\/\/innovexalgerie.com\/machines\/produit\/machine-sous-vide-domestique-qh-21\/#breadcrumb"},"inLanguage":"fr-FR","potentialAction":[{"@type":"ReadAction","target":["https:\/\/innovexalgerie.com\/machines\/produit\/machine-sous-vide-domestique-qh-21\/"]}]},{"@type":"BreadcrumbList","@id":"https:\/\/innovexalgerie.com\/machines\/produit\/machine-sous-vide-domestique-qh-21\/#breadcrumb","itemListElement":[{"@type":"ListItem","position":1,"name":"Accueil","item":"https:\/\/innovexalgerie.com\/machines\/"},{"@type":"ListItem","position":2,"name":"Produits","item":"https:\/\/innovexalgerie.com\/machines\/boutique\/"},{"@type":"ListItem","position":3,"name":"Machine Sous-vide Domestique QH-21"}]}]}},"_links":{"self":[{"href":"https:\/\/innovexalgerie.com\/machines\/wp-json\/wp\/v2\/product\/32668","targetHints":{"allow":["GET"]}}],"collection":[{"href":"https:\/\/innovexalgerie.com\/machines\/wp-json\/wp\/v2\/product"}],"about":[{"href":"https:\/\/innovexalgerie.com\/machines\/wp-json\/wp\/v2\/types\/product"}],"version-history":[{"count":3,"href":"https:\/\/innovexalgerie.com\/machines\/wp-json\/wp\/v2\/product\/32668\/revisions"}],"predecessor-version":[{"id":32686,"href":"https:\/\/innovexalgerie.com\/machines\/wp-json\/wp\/v2\/product\/32668\/revisions\/32686"}],"wp:featuredmedia":[{"embeddable":true,"href":"https:\/\/innovexalgerie.com\/machines\/wp-json\/wp\/v2\/media\/32676"}],"wp:attachment":[{"href":"https:\/\/innovexalgerie.com\/machines\/wp-json\/wp\/v2\/media?parent=32668"}],"wp:term":[{"taxonomy":"product_cat","embeddable":true,"href":"https:\/\/innovexalgerie.com\/machines\/wp-json\/wp\/v2\/product_cat?post=32668"},{"taxonomy":"product_tag","embeddable":true,"href":"https:\/\/innovexalgerie.com\/machines\/wp-json\/wp\/v2\/product_tag?post=32668"}],"curies":[{"name":"wp","href":"https:\/\/api.w.org\/{rel}","templated":true}]}}