{"id":32713,"date":"2024-09-17T10:58:52","date_gmt":"2024-09-17T09:58:52","guid":{"rendered":"https:\/\/innovexalgerie.com\/machines\/?post_type=product&#038;p=32713"},"modified":"2024-09-17T12:17:47","modified_gmt":"2024-09-17T11:17:47","slug":"machine-sous-vide-professionnelle-ysj614","status":"publish","type":"product","link":"https:\/\/innovexalgerie.com\/machines\/produit\/machine-sous-vide-professionnelle-ysj614\/","title":{"rendered":"Machine sous vide professionnelle YSJ614"},"content":{"rendered":"<p>La machine d\u2019emabllage sous vide professionnelle <strong>YSJ614<\/strong> pour un usage domestique ou commercial assure l\u2019aspiration ext\u00e9rieure de l\u2019air et la soudure des sacs, elle est id\u00e9ale pour la conservation des produits agro alimentaires, la restauration, pharmacetique..etc<br \/>\nFabriqu\u00e9e enti\u00e8rement en acier inoxydable, elle est destin\u00e9e \u00e0 une utilisation de petite \u00e0 moyenne cadence.<\/p>\n<ul>\n<li>La barre de soudure de 400 mm convient pour des sacs de taille moyenne \u00e0 grande.<\/li>\n<li>Fonctionnement simple et intuitif.- Pompe \u00e0 vide double tr\u00e8s puissante, assurant un vide optimal.<\/li>\n<li>Cycle d&#8217;emballage enti\u00e8rement automatique.- Fonction de scellage continue.<\/li>\n<li>Equip\u00e9e d&rsquo;une barre de scellage extra large de 5 mm.<\/li>\n<li>Corps externe robuste et hygi\u00e9nique en acier inoxydable.<\/li>\n<li>Gr\u00e2ce \u00e0 sa poign\u00e9e sur le couvercle, l&#8217;emballage sous vide sera plus pratique.<\/li>\n<li>Comprend 2 languettes \u00e0 l&rsquo;arri\u00e8re pour adapter le porte-rouleau.<\/li>\n<li>Quatre pieds en caoutchouc pour une plus grande stabilit\u00e9.<\/li>\n<\/ul>\n","protected":false},"excerpt":{"rendered":"<p>Machine Sous-vide professionnelle pour un usage domestique ou commercial, est un outil essentiel et pratique pour prolonger la dur\u00e9e de conservation des aliments tout en pr\u00e9servant leur fra\u00eecheur et leur saveur et de r\u00e9duire le gaspillage.<\/p>\n<p><img loading=\"lazy\" decoding=\"async\" class=\"alignnone wp-image-32675 size-full\" src=\"https:\/\/innovexalgerie.com\/machines\/wp-content\/uploads\/2024\/09\/icon-qh21.jpg\" alt=\"icon machine domestique QH-21 \" width=\"908\" height=\"211\" srcset=\"https:\/\/innovexalgerie.com\/machines\/wp-content\/uploads\/2024\/09\/icon-qh21.jpg 908w, https:\/\/innovexalgerie.com\/machines\/wp-content\/uploads\/2024\/09\/icon-qh21-300x70.jpg 300w, https:\/\/innovexalgerie.com\/machines\/wp-content\/uploads\/2024\/09\/icon-qh21-768x178.jpg 768w, https:\/\/innovexalgerie.com\/machines\/wp-content\/uploads\/2024\/09\/icon-qh21-600x139.jpg 600w\" sizes=\"auto, (max-width: 908px) 100vw, 908px\" \/><\/p>\n","protected":false},"featured_media":32722,"template":"","meta":{"_monsterinsights_skip_tracking":false,"_monsterinsights_sitenote_active":false,"_monsterinsights_sitenote_note":"","_monsterinsights_sitenote_category":0},"product_cat":[23,276,205],"product_tag":[277,24,278,87,25],"class_list":["post-32713","product","type-product","status-publish","has-post-thumbnail","hentry","product_cat-sous-vides","product_cat-machine-sous-vide-domestique","product_cat-mini-sous-vide","product_tag-domestique","product_tag-emballage","product_tag-mini-sous-vide","product_tag-sac","product_tag-sous-vide"],"yoast_head":"<!-- This site is optimized with the Yoast SEO Premium plugin v16.2 (Yoast SEO v16.7) - https:\/\/yoast.com\/wordpress\/plugins\/seo\/ -->\n<title>Machine sous vide professionnelle YSJ614 - Innovex Machines | Innovex Algerie<\/title>\n<meta name=\"description\" content=\"Machine sous vide Mini, elle est id\u00e9ale pour un conditionnement optimal des produits agro alimentaires pour petit et moyenne cadence.\" \/>\n<meta name=\"robots\" content=\"index, follow, max-snippet:-1, max-image-preview:large, max-video-preview:-1\" \/>\n<link rel=\"canonical\" href=\"https:\/\/innovexalgerie.com\/machines\/produit\/machine-sous-vide-professionnelle-ysj614\/\" \/>\n<meta property=\"og:locale\" content=\"fr_FR\" \/>\n<meta property=\"og:type\" content=\"article\" \/>\n<meta property=\"og:title\" content=\"Machine sous vide professionnelle YSJ614 - Innovex Machines | Innovex Algerie\" \/>\n<meta property=\"og:description\" content=\"Machine sous vide Mini, elle est id\u00e9ale pour un conditionnement optimal des produits agro alimentaires pour petit et moyenne cadence.\" \/>\n<meta property=\"og:url\" content=\"https:\/\/innovexalgerie.com\/machines\/produit\/machine-sous-vide-professionnelle-ysj614\/\" \/>\n<meta property=\"og:site_name\" content=\"Innovex Machines | Innovex Algerie\" \/>\n<meta property=\"article:publisher\" content=\"https:\/\/www.facebook.com\/innovexmachine1\" \/>\n<meta property=\"article:modified_time\" content=\"2024-09-17T11:17:47+00:00\" \/>\n<meta property=\"og:image\" content=\"https:\/\/innovexalgerie.com\/machines\/wp-content\/uploads\/2024\/09\/YJS-614-MACHINE-SOUS-VIDE-DOMESTIQUE-INNOVEX-ALGERIE-e1726571828798.jpg\" \/>\n\t<meta property=\"og:image:width\" content=\"1000\" \/>\n\t<meta property=\"og:image:height\" content=\"1000\" \/>\n<meta name=\"twitter:card\" content=\"summary_large_image\" \/>\n<meta name=\"twitter:label1\" content=\"Dur\u00e9e de lecture est.\" \/>\n\t<meta name=\"twitter:data1\" content=\"1 minute\" \/>\n<script type=\"application\/ld+json\" class=\"yoast-schema-graph\">{\"@context\":\"https:\/\/schema.org\",\"@graph\":[{\"@type\":\"WebSite\",\"@id\":\"https:\/\/innovexalgerie.com\/machines\/#website\",\"url\":\"https:\/\/innovexalgerie.com\/machines\/\",\"name\":\"Innovex Machines | Innovex Algerie\",\"description\":\"Fournisseur de machines d&#039;emballage et d&#039;imprimerie\",\"potentialAction\":[{\"@type\":\"SearchAction\",\"target\":{\"@type\":\"EntryPoint\",\"urlTemplate\":\"https:\/\/innovexalgerie.com\/machines\/?s={search_term_string}\"},\"query-input\":\"required name=search_term_string\"}],\"inLanguage\":\"fr-FR\"},{\"@type\":\"ImageObject\",\"@id\":\"https:\/\/innovexalgerie.com\/machines\/produit\/machine-sous-vide-professionnelle-ysj614\/#primaryimage\",\"inLanguage\":\"fr-FR\",\"url\":\"https:\/\/innovexalgerie.com\/machines\/wp-content\/uploads\/2024\/09\/YJS-614-MACHINE-SOUS-VIDE-DOMESTIQUE-INNOVEX-ALGERIE-e1726571828798.jpg\",\"contentUrl\":\"https:\/\/innovexalgerie.com\/machines\/wp-content\/uploads\/2024\/09\/YJS-614-MACHINE-SOUS-VIDE-DOMESTIQUE-INNOVEX-ALGERIE-e1726571828798.jpg\",\"width\":1000,\"height\":1000,\"caption\":\"YSJ-614-MACHINE-SOUS-VIDE-DOMESTIQUE-INNOVEX-ALGERIE\"},{\"@type\":\"WebPage\",\"@id\":\"https:\/\/innovexalgerie.com\/machines\/produit\/machine-sous-vide-professionnelle-ysj614\/#webpage\",\"url\":\"https:\/\/innovexalgerie.com\/machines\/produit\/machine-sous-vide-professionnelle-ysj614\/\",\"name\":\"Machine sous vide professionnelle YSJ614 - Innovex Machines | Innovex Algerie\",\"isPartOf\":{\"@id\":\"https:\/\/innovexalgerie.com\/machines\/#website\"},\"primaryImageOfPage\":{\"@id\":\"https:\/\/innovexalgerie.com\/machines\/produit\/machine-sous-vide-professionnelle-ysj614\/#primaryimage\"},\"datePublished\":\"2024-09-17T09:58:52+00:00\",\"dateModified\":\"2024-09-17T11:17:47+00:00\",\"description\":\"Machine sous vide Mini, elle est id\\u00e9ale pour un conditionnement optimal des produits agro alimentaires pour petit et moyenne cadence.\",\"breadcrumb\":{\"@id\":\"https:\/\/innovexalgerie.com\/machines\/produit\/machine-sous-vide-professionnelle-ysj614\/#breadcrumb\"},\"inLanguage\":\"fr-FR\",\"potentialAction\":[{\"@type\":\"ReadAction\",\"target\":[\"https:\/\/innovexalgerie.com\/machines\/produit\/machine-sous-vide-professionnelle-ysj614\/\"]}]},{\"@type\":\"BreadcrumbList\",\"@id\":\"https:\/\/innovexalgerie.com\/machines\/produit\/machine-sous-vide-professionnelle-ysj614\/#breadcrumb\",\"itemListElement\":[{\"@type\":\"ListItem\",\"position\":1,\"name\":\"Accueil\",\"item\":\"https:\/\/innovexalgerie.com\/machines\/\"},{\"@type\":\"ListItem\",\"position\":2,\"name\":\"Produits\",\"item\":\"https:\/\/innovexalgerie.com\/machines\/boutique\/\"},{\"@type\":\"ListItem\",\"position\":3,\"name\":\"Machine sous vide professionnelle YSJ614\"}]}]}<\/script>\n<!-- \/ Yoast SEO Premium plugin. -->","yoast_head_json":{"title":"Machine sous vide professionnelle YSJ614 - Innovex Machines | Innovex Algerie","description":"Machine sous vide Mini, elle est id\u00e9ale pour un conditionnement optimal des produits agro alimentaires pour petit et moyenne cadence.","robots":{"index":"index","follow":"follow","max-snippet":"max-snippet:-1","max-image-preview":"max-image-preview:large","max-video-preview":"max-video-preview:-1"},"canonical":"https:\/\/innovexalgerie.com\/machines\/produit\/machine-sous-vide-professionnelle-ysj614\/","og_locale":"fr_FR","og_type":"article","og_title":"Machine sous vide professionnelle YSJ614 - Innovex Machines | Innovex Algerie","og_description":"Machine sous vide Mini, elle est id\u00e9ale pour un conditionnement optimal des produits agro alimentaires pour petit et moyenne cadence.","og_url":"https:\/\/innovexalgerie.com\/machines\/produit\/machine-sous-vide-professionnelle-ysj614\/","og_site_name":"Innovex Machines | Innovex Algerie","article_publisher":"https:\/\/www.facebook.com\/innovexmachine1","article_modified_time":"2024-09-17T11:17:47+00:00","og_image":[{"width":1000,"height":1000,"filesize":126395,"url":"https:\/\/innovexalgerie.com\/machines\/wp-content\/uploads\/2024\/09\/YJS-614-MACHINE-SOUS-VIDE-DOMESTIQUE-INNOVEX-ALGERIE-e1726571828798.jpg","path":"\/home\/inovex\/public_html\/machines\/wp-content\/uploads\/2024\/09\/YJS-614-MACHINE-SOUS-VIDE-DOMESTIQUE-INNOVEX-ALGERIE-e1726571828798.jpg","size":"full","id":32722,"alt":"YSJ-614-MACHINE-SOUS-VIDE-DOMESTIQUE-INNOVEX-ALGERIE","pixels":1000000,"type":"image\/jpeg"}],"twitter_card":"summary_large_image","twitter_misc":{"Dur\u00e9e de lecture est.":"1 minute"},"schema":{"@context":"https:\/\/schema.org","@graph":[{"@type":"WebSite","@id":"https:\/\/innovexalgerie.com\/machines\/#website","url":"https:\/\/innovexalgerie.com\/machines\/","name":"Innovex Machines | Innovex Algerie","description":"Fournisseur de machines d&#039;emballage et d&#039;imprimerie","potentialAction":[{"@type":"SearchAction","target":{"@type":"EntryPoint","urlTemplate":"https:\/\/innovexalgerie.com\/machines\/?s={search_term_string}"},"query-input":"required name=search_term_string"}],"inLanguage":"fr-FR"},{"@type":"ImageObject","@id":"https:\/\/innovexalgerie.com\/machines\/produit\/machine-sous-vide-professionnelle-ysj614\/#primaryimage","inLanguage":"fr-FR","url":"https:\/\/innovexalgerie.com\/machines\/wp-content\/uploads\/2024\/09\/YJS-614-MACHINE-SOUS-VIDE-DOMESTIQUE-INNOVEX-ALGERIE-e1726571828798.jpg","contentUrl":"https:\/\/innovexalgerie.com\/machines\/wp-content\/uploads\/2024\/09\/YJS-614-MACHINE-SOUS-VIDE-DOMESTIQUE-INNOVEX-ALGERIE-e1726571828798.jpg","width":1000,"height":1000,"caption":"YSJ-614-MACHINE-SOUS-VIDE-DOMESTIQUE-INNOVEX-ALGERIE"},{"@type":"WebPage","@id":"https:\/\/innovexalgerie.com\/machines\/produit\/machine-sous-vide-professionnelle-ysj614\/#webpage","url":"https:\/\/innovexalgerie.com\/machines\/produit\/machine-sous-vide-professionnelle-ysj614\/","name":"Machine sous vide professionnelle YSJ614 - Innovex Machines | Innovex Algerie","isPartOf":{"@id":"https:\/\/innovexalgerie.com\/machines\/#website"},"primaryImageOfPage":{"@id":"https:\/\/innovexalgerie.com\/machines\/produit\/machine-sous-vide-professionnelle-ysj614\/#primaryimage"},"datePublished":"2024-09-17T09:58:52+00:00","dateModified":"2024-09-17T11:17:47+00:00","description":"Machine sous vide Mini, elle est id\u00e9ale pour un conditionnement optimal des produits agro alimentaires pour petit et moyenne cadence.","breadcrumb":{"@id":"https:\/\/innovexalgerie.com\/machines\/produit\/machine-sous-vide-professionnelle-ysj614\/#breadcrumb"},"inLanguage":"fr-FR","potentialAction":[{"@type":"ReadAction","target":["https:\/\/innovexalgerie.com\/machines\/produit\/machine-sous-vide-professionnelle-ysj614\/"]}]},{"@type":"BreadcrumbList","@id":"https:\/\/innovexalgerie.com\/machines\/produit\/machine-sous-vide-professionnelle-ysj614\/#breadcrumb","itemListElement":[{"@type":"ListItem","position":1,"name":"Accueil","item":"https:\/\/innovexalgerie.com\/machines\/"},{"@type":"ListItem","position":2,"name":"Produits","item":"https:\/\/innovexalgerie.com\/machines\/boutique\/"},{"@type":"ListItem","position":3,"name":"Machine sous vide professionnelle YSJ614"}]}]}},"_links":{"self":[{"href":"https:\/\/innovexalgerie.com\/machines\/wp-json\/wp\/v2\/product\/32713","targetHints":{"allow":["GET"]}}],"collection":[{"href":"https:\/\/innovexalgerie.com\/machines\/wp-json\/wp\/v2\/product"}],"about":[{"href":"https:\/\/innovexalgerie.com\/machines\/wp-json\/wp\/v2\/types\/product"}],"version-history":[{"count":2,"href":"https:\/\/innovexalgerie.com\/machines\/wp-json\/wp\/v2\/product\/32713\/revisions"}],"predecessor-version":[{"id":32724,"href":"https:\/\/innovexalgerie.com\/machines\/wp-json\/wp\/v2\/product\/32713\/revisions\/32724"}],"wp:featuredmedia":[{"embeddable":true,"href":"https:\/\/innovexalgerie.com\/machines\/wp-json\/wp\/v2\/media\/32722"}],"wp:attachment":[{"href":"https:\/\/innovexalgerie.com\/machines\/wp-json\/wp\/v2\/media?parent=32713"}],"wp:term":[{"taxonomy":"product_cat","embeddable":true,"href":"https:\/\/innovexalgerie.com\/machines\/wp-json\/wp\/v2\/product_cat?post=32713"},{"taxonomy":"product_tag","embeddable":true,"href":"https:\/\/innovexalgerie.com\/machines\/wp-json\/wp\/v2\/product_tag?post=32713"}],"curies":[{"name":"wp","href":"https:\/\/api.w.org\/{rel}","templated":true}]}}