{"id":32754,"date":"2024-09-24T11:07:09","date_gmt":"2024-09-24T10:07:09","guid":{"rendered":"https:\/\/innovexalgerie.com\/machines\/?post_type=product&#038;p=32754"},"modified":"2024-09-24T15:04:54","modified_gmt":"2024-09-24T14:04:54","slug":"soudeuse-continue-horizantale-avec-dateur-jet-dencre-frp-810i","status":"publish","type":"product","link":"https:\/\/innovexalgerie.com\/machines\/produit\/soudeuse-continue-horizantale-avec-dateur-jet-dencre-frp-810i\/","title":{"rendered":"Soudeuse continue horizantale avec dateur jet d&rsquo;encre FRP-810I"},"content":{"rendered":"<p>La machine soudeuse de sacs horizontale\u00a0<strong>FRP-810I<\/strong>\u00a0assure la fermeture des sacs de polypropyl\u00e8ne, de cellophane, de poly\u00e9thyl\u00e8ne, et de toutes les mati\u00e8res thermo-soudables, en horizontal avec possibilit\u00e9 de r\u00e9glage de temp\u00e9rature. Une machine id\u00e9ale pour les petites et moyennes productions. Elle dispose d\u2019un convoyeur en caoutchouc de 180 mm de largeur, motoris\u00e9 avec contr\u00f4le de vitesse.<\/p>\n<p>La machine est est \u00e9quip\u00e9e d&rsquo;un dateur \u00e0 jet d&rsquo;encre avec une hauteur d&rsquo;impression r\u00e9glable de 1.5 \u00e0 12.7 mm.<\/p>\n<ul>\n<li>Structure durable en acier inoxydable id\u00e9al pour les produits alimentaires.<\/li>\n<li>\u00a0Soudure de tous mat\u00e9riaux thermosoudables comprenant des PE, des PP.<\/li>\n<li>R\u00e9gulateur de temp\u00e9rature \u00e9lectronique pour maintenir les barres d&rsquo;\u00e9tanch\u00e9it\u00e9 \u00e0 une temp\u00e9rature appropri\u00e9e pour une qualit\u00e9 de joint uniforme.<\/li>\n<li>Convoyeur en caoutchouc motoris\u00e9 avec contr\u00f4le de vitesse.<\/li>\n<li>\u00c9quip\u00e9e d&rsquo;un bouton d&rsquo;arr\u00eat d&rsquo;urgence.<\/li>\n<li>Cartouches d&rsquo;encre \u00e0 base de solvant ou \u00e0 base d&rsquo;eau.<\/li>\n<li>Cartouche encliquetable plus simple et fible.<\/li>\n<li>\u00c9cran tactile de haute qualit\u00e9 de 5 pouces.<\/li>\n<li>Fonction d&rsquo;impression jet d\u2019encre de base de donn\u00e9es dynamique efficace et flexible, il peut imprimer des informations dynamiques multi-groupes.Menu de s\u00e9curit\u00e9 \u00e0 plusieurs niveaux, prenant en charge plus de 20 langues.<\/li>\n<li>La machine soude les sacs de gauche \u00e0 droite et le marqueur est plac\u00e9 \u00e0 la fin de la machine.<\/li>\n<li>Machine conforme aux normes CE.<\/li>\n<\/ul>\n","protected":false},"excerpt":{"rendered":"<p>Soudeuse horizontale en continu pour sacs thermosoudables, fabriqu\u00e9e enti\u00e8rement en inox, elle est \u00e9quip\u00e9e d&rsquo;un dateur \u00e0 jet d&rsquo;encre avec une hauteur d&rsquo;impression r\u00e9glable de 1.5 \u00e0 12.7 mm. Id\u00e9ale pour les petites et moyennes productions.<\/p>\n<p><img loading=\"lazy\" decoding=\"async\" class=\"alignnone wp-image-32764 size-full\" src=\"https:\/\/innovexalgerie.com\/machines\/wp-content\/uploads\/2024\/09\/ICONE-SOUDEUSE-HORI-FRP800I.jpg\" alt=\"ICONE-SOUDEUSE-HORI-FRP800I\" width=\"905\" height=\"196\" srcset=\"https:\/\/innovexalgerie.com\/machines\/wp-content\/uploads\/2024\/09\/ICONE-SOUDEUSE-HORI-FRP800I.jpg 905w, https:\/\/innovexalgerie.com\/machines\/wp-content\/uploads\/2024\/09\/ICONE-SOUDEUSE-HORI-FRP800I-300x65.jpg 300w, https:\/\/innovexalgerie.com\/machines\/wp-content\/uploads\/2024\/09\/ICONE-SOUDEUSE-HORI-FRP800I-768x166.jpg 768w, https:\/\/innovexalgerie.com\/machines\/wp-content\/uploads\/2024\/09\/ICONE-SOUDEUSE-HORI-FRP800I-600x130.jpg 600w\" sizes=\"auto, (max-width: 905px) 100vw, 905px\" \/><\/p>\n","protected":false},"featured_media":32755,"template":"","meta":{"_monsterinsights_skip_tracking":false,"_monsterinsights_sitenote_active":false,"_monsterinsights_sitenote_note":"","_monsterinsights_sitenote_category":0},"product_cat":[66,223],"product_tag":[67,68,44,69],"class_list":["post-32754","product","type-product","status-publish","has-post-thumbnail","hentry","product_cat-soudeuses","product_cat-soudeuses-continue","product_tag-dateur","product_tag-dateuse","product_tag-soudeuse","product_tag-soudeuse-contenue"],"yoast_head":"<!-- This site is optimized with the Yoast SEO Premium plugin v16.2 (Yoast SEO v16.7) - https:\/\/yoast.com\/wordpress\/plugins\/seo\/ -->\n<title>Soudeuse continue horizantale avec dateur jet d&#039;encre FRP-810I - Innovex Machines | Innovex Algerie<\/title>\n<meta name=\"description\" content=\"La soudeuse en continue de sacs vertical assure la soudure des sacs en plastique en vertical. Dot\u00e9e d&#039;un syst\u00e8me de marquage rotatif solide.\" \/>\n<meta name=\"robots\" content=\"index, follow, max-snippet:-1, max-image-preview:large, max-video-preview:-1\" \/>\n<link rel=\"canonical\" href=\"https:\/\/innovexalgerie.com\/machines\/produit\/soudeuse-continue-horizantale-avec-dateur-jet-dencre-frp-810i\/\" \/>\n<meta property=\"og:locale\" content=\"fr_FR\" \/>\n<meta property=\"og:type\" content=\"article\" \/>\n<meta property=\"og:title\" content=\"Soudeuse continue horizantale avec dateur jet d&#039;encre FRP-810I - Innovex Machines | Innovex Algerie\" \/>\n<meta property=\"og:description\" content=\"La soudeuse en continue de sacs vertical assure la soudure des sacs en plastique en vertical. Dot\u00e9e d&#039;un syst\u00e8me de marquage rotatif solide.\" \/>\n<meta property=\"og:url\" content=\"https:\/\/innovexalgerie.com\/machines\/produit\/soudeuse-continue-horizantale-avec-dateur-jet-dencre-frp-810i\/\" \/>\n<meta property=\"og:site_name\" content=\"Innovex Machines | Innovex Algerie\" \/>\n<meta property=\"article:publisher\" content=\"https:\/\/www.facebook.com\/innovexmachine1\" \/>\n<meta property=\"article:modified_time\" content=\"2024-09-24T14:04:54+00:00\" \/>\n<meta property=\"og:image\" content=\"https:\/\/innovexalgerie.com\/machines\/wp-content\/uploads\/2024\/09\/SOUDEUSE-FRP-810I-INNOVEX-ALGERIE.jpg\" \/>\n\t<meta property=\"og:image:width\" content=\"1000\" \/>\n\t<meta property=\"og:image:height\" content=\"1000\" \/>\n<meta name=\"twitter:card\" content=\"summary_large_image\" \/>\n<meta name=\"twitter:label1\" content=\"Dur\u00e9e de lecture est.\" \/>\n\t<meta name=\"twitter:data1\" content=\"1 minute\" \/>\n<script type=\"application\/ld+json\" class=\"yoast-schema-graph\">{\"@context\":\"https:\/\/schema.org\",\"@graph\":[{\"@type\":\"WebSite\",\"@id\":\"https:\/\/innovexalgerie.com\/machines\/#website\",\"url\":\"https:\/\/innovexalgerie.com\/machines\/\",\"name\":\"Innovex Machines | Innovex Algerie\",\"description\":\"Fournisseur de machines d&#039;emballage et d&#039;imprimerie\",\"potentialAction\":[{\"@type\":\"SearchAction\",\"target\":{\"@type\":\"EntryPoint\",\"urlTemplate\":\"https:\/\/innovexalgerie.com\/machines\/?s={search_term_string}\"},\"query-input\":\"required name=search_term_string\"}],\"inLanguage\":\"fr-FR\"},{\"@type\":\"ImageObject\",\"@id\":\"https:\/\/innovexalgerie.com\/machines\/produit\/soudeuse-continue-horizantale-avec-dateur-jet-dencre-frp-810i\/#primaryimage\",\"inLanguage\":\"fr-FR\",\"url\":\"https:\/\/innovexalgerie.com\/machines\/wp-content\/uploads\/2024\/09\/SOUDEUSE-FRP-810I-INNOVEX-ALGERIE.jpg\",\"contentUrl\":\"https:\/\/innovexalgerie.com\/machines\/wp-content\/uploads\/2024\/09\/SOUDEUSE-FRP-810I-INNOVEX-ALGERIE.jpg\",\"width\":1000,\"height\":1000,\"caption\":\"SOUDEUSE-FRP-810I-INNOVEX-ALGERIE\"},{\"@type\":\"WebPage\",\"@id\":\"https:\/\/innovexalgerie.com\/machines\/produit\/soudeuse-continue-horizantale-avec-dateur-jet-dencre-frp-810i\/#webpage\",\"url\":\"https:\/\/innovexalgerie.com\/machines\/produit\/soudeuse-continue-horizantale-avec-dateur-jet-dencre-frp-810i\/\",\"name\":\"Soudeuse continue horizantale avec dateur jet d'encre FRP-810I - Innovex Machines | Innovex Algerie\",\"isPartOf\":{\"@id\":\"https:\/\/innovexalgerie.com\/machines\/#website\"},\"primaryImageOfPage\":{\"@id\":\"https:\/\/innovexalgerie.com\/machines\/produit\/soudeuse-continue-horizantale-avec-dateur-jet-dencre-frp-810i\/#primaryimage\"},\"datePublished\":\"2024-09-24T10:07:09+00:00\",\"dateModified\":\"2024-09-24T14:04:54+00:00\",\"description\":\"La soudeuse en continue de sacs vertical assure la soudure des sacs en plastique en vertical. Dot\\u00e9e d'un syst\\u00e8me de marquage rotatif solide.\",\"breadcrumb\":{\"@id\":\"https:\/\/innovexalgerie.com\/machines\/produit\/soudeuse-continue-horizantale-avec-dateur-jet-dencre-frp-810i\/#breadcrumb\"},\"inLanguage\":\"fr-FR\",\"potentialAction\":[{\"@type\":\"ReadAction\",\"target\":[\"https:\/\/innovexalgerie.com\/machines\/produit\/soudeuse-continue-horizantale-avec-dateur-jet-dencre-frp-810i\/\"]}]},{\"@type\":\"BreadcrumbList\",\"@id\":\"https:\/\/innovexalgerie.com\/machines\/produit\/soudeuse-continue-horizantale-avec-dateur-jet-dencre-frp-810i\/#breadcrumb\",\"itemListElement\":[{\"@type\":\"ListItem\",\"position\":1,\"name\":\"Accueil\",\"item\":\"https:\/\/innovexalgerie.com\/machines\/\"},{\"@type\":\"ListItem\",\"position\":2,\"name\":\"Produits\",\"item\":\"https:\/\/innovexalgerie.com\/machines\/boutique\/\"},{\"@type\":\"ListItem\",\"position\":3,\"name\":\"Soudeuse continue horizantale avec dateur jet d&rsquo;encre FRP-810I\"}]}]}<\/script>\n<!-- \/ Yoast SEO Premium plugin. -->","yoast_head_json":{"title":"Soudeuse continue horizantale avec dateur jet d'encre FRP-810I - Innovex Machines | Innovex Algerie","description":"La soudeuse en continue de sacs vertical assure la soudure des sacs en plastique en vertical. Dot\u00e9e d'un syst\u00e8me de marquage rotatif solide.","robots":{"index":"index","follow":"follow","max-snippet":"max-snippet:-1","max-image-preview":"max-image-preview:large","max-video-preview":"max-video-preview:-1"},"canonical":"https:\/\/innovexalgerie.com\/machines\/produit\/soudeuse-continue-horizantale-avec-dateur-jet-dencre-frp-810i\/","og_locale":"fr_FR","og_type":"article","og_title":"Soudeuse continue horizantale avec dateur jet d'encre FRP-810I - Innovex Machines | Innovex Algerie","og_description":"La soudeuse en continue de sacs vertical assure la soudure des sacs en plastique en vertical. Dot\u00e9e d'un syst\u00e8me de marquage rotatif solide.","og_url":"https:\/\/innovexalgerie.com\/machines\/produit\/soudeuse-continue-horizantale-avec-dateur-jet-dencre-frp-810i\/","og_site_name":"Innovex Machines | Innovex Algerie","article_publisher":"https:\/\/www.facebook.com\/innovexmachine1","article_modified_time":"2024-09-24T14:04:54+00:00","og_image":[{"width":1000,"height":1000,"filesize":149706,"url":"https:\/\/innovexalgerie.com\/machines\/wp-content\/uploads\/2024\/09\/SOUDEUSE-FRP-810I-INNOVEX-ALGERIE.jpg","path":"\/home\/inovex\/public_html\/machines\/wp-content\/uploads\/2024\/09\/SOUDEUSE-FRP-810I-INNOVEX-ALGERIE.jpg","size":"full","id":32755,"alt":"SOUDEUSE-FRP-810I-INNOVEX-ALGERIE","pixels":1000000,"type":"image\/jpeg"}],"twitter_card":"summary_large_image","twitter_misc":{"Dur\u00e9e de lecture est.":"1 minute"},"schema":{"@context":"https:\/\/schema.org","@graph":[{"@type":"WebSite","@id":"https:\/\/innovexalgerie.com\/machines\/#website","url":"https:\/\/innovexalgerie.com\/machines\/","name":"Innovex Machines | Innovex Algerie","description":"Fournisseur de machines d&#039;emballage et d&#039;imprimerie","potentialAction":[{"@type":"SearchAction","target":{"@type":"EntryPoint","urlTemplate":"https:\/\/innovexalgerie.com\/machines\/?s={search_term_string}"},"query-input":"required name=search_term_string"}],"inLanguage":"fr-FR"},{"@type":"ImageObject","@id":"https:\/\/innovexalgerie.com\/machines\/produit\/soudeuse-continue-horizantale-avec-dateur-jet-dencre-frp-810i\/#primaryimage","inLanguage":"fr-FR","url":"https:\/\/innovexalgerie.com\/machines\/wp-content\/uploads\/2024\/09\/SOUDEUSE-FRP-810I-INNOVEX-ALGERIE.jpg","contentUrl":"https:\/\/innovexalgerie.com\/machines\/wp-content\/uploads\/2024\/09\/SOUDEUSE-FRP-810I-INNOVEX-ALGERIE.jpg","width":1000,"height":1000,"caption":"SOUDEUSE-FRP-810I-INNOVEX-ALGERIE"},{"@type":"WebPage","@id":"https:\/\/innovexalgerie.com\/machines\/produit\/soudeuse-continue-horizantale-avec-dateur-jet-dencre-frp-810i\/#webpage","url":"https:\/\/innovexalgerie.com\/machines\/produit\/soudeuse-continue-horizantale-avec-dateur-jet-dencre-frp-810i\/","name":"Soudeuse continue horizantale avec dateur jet d'encre FRP-810I - Innovex Machines | Innovex Algerie","isPartOf":{"@id":"https:\/\/innovexalgerie.com\/machines\/#website"},"primaryImageOfPage":{"@id":"https:\/\/innovexalgerie.com\/machines\/produit\/soudeuse-continue-horizantale-avec-dateur-jet-dencre-frp-810i\/#primaryimage"},"datePublished":"2024-09-24T10:07:09+00:00","dateModified":"2024-09-24T14:04:54+00:00","description":"La soudeuse en continue de sacs vertical assure la soudure des sacs en plastique en vertical. Dot\u00e9e d'un syst\u00e8me de marquage rotatif solide.","breadcrumb":{"@id":"https:\/\/innovexalgerie.com\/machines\/produit\/soudeuse-continue-horizantale-avec-dateur-jet-dencre-frp-810i\/#breadcrumb"},"inLanguage":"fr-FR","potentialAction":[{"@type":"ReadAction","target":["https:\/\/innovexalgerie.com\/machines\/produit\/soudeuse-continue-horizantale-avec-dateur-jet-dencre-frp-810i\/"]}]},{"@type":"BreadcrumbList","@id":"https:\/\/innovexalgerie.com\/machines\/produit\/soudeuse-continue-horizantale-avec-dateur-jet-dencre-frp-810i\/#breadcrumb","itemListElement":[{"@type":"ListItem","position":1,"name":"Accueil","item":"https:\/\/innovexalgerie.com\/machines\/"},{"@type":"ListItem","position":2,"name":"Produits","item":"https:\/\/innovexalgerie.com\/machines\/boutique\/"},{"@type":"ListItem","position":3,"name":"Soudeuse continue horizantale avec dateur jet d&rsquo;encre FRP-810I"}]}]}},"_links":{"self":[{"href":"https:\/\/innovexalgerie.com\/machines\/wp-json\/wp\/v2\/product\/32754","targetHints":{"allow":["GET"]}}],"collection":[{"href":"https:\/\/innovexalgerie.com\/machines\/wp-json\/wp\/v2\/product"}],"about":[{"href":"https:\/\/innovexalgerie.com\/machines\/wp-json\/wp\/v2\/types\/product"}],"version-history":[{"count":7,"href":"https:\/\/innovexalgerie.com\/machines\/wp-json\/wp\/v2\/product\/32754\/revisions"}],"predecessor-version":[{"id":32769,"href":"https:\/\/innovexalgerie.com\/machines\/wp-json\/wp\/v2\/product\/32754\/revisions\/32769"}],"wp:featuredmedia":[{"embeddable":true,"href":"https:\/\/innovexalgerie.com\/machines\/wp-json\/wp\/v2\/media\/32755"}],"wp:attachment":[{"href":"https:\/\/innovexalgerie.com\/machines\/wp-json\/wp\/v2\/media?parent=32754"}],"wp:term":[{"taxonomy":"product_cat","embeddable":true,"href":"https:\/\/innovexalgerie.com\/machines\/wp-json\/wp\/v2\/product_cat?post=32754"},{"taxonomy":"product_tag","embeddable":true,"href":"https:\/\/innovexalgerie.com\/machines\/wp-json\/wp\/v2\/product_tag?post=32754"}],"curies":[{"name":"wp","href":"https:\/\/api.w.org\/{rel}","templated":true}]}}