{"id":32919,"date":"2024-12-19T10:26:36","date_gmt":"2024-12-19T09:26:36","guid":{"rendered":"https:\/\/innovexalgerie.com\/machines\/?post_type=product&#038;p=32919"},"modified":"2024-12-19T10:29:07","modified_gmt":"2024-12-19T09:29:07","slug":"convoyeur-a-bande-motorise-incline-pliable-cpa530-2","status":"publish","type":"product","link":"https:\/\/innovexalgerie.com\/machines\/produit\/convoyeur-a-bande-motorise-incline-pliable-cpa530-2\/","title":{"rendered":"Convoyeur \u00e0 bande motoris\u00e9 inclin\u00e9 pliable CPA530"},"content":{"rendered":"<p>Convoyeur \u00e0 bande en caoutchouc <strong>CPA530<\/strong> pliable droit en m\u00e9tal motoris\u00e9, con\u00e7u pour le transport de colis ou de sacs dans les lignes de production, d&#8217;emballage, ou pour le chargement \/ d\u00e9chargement de camions. Hauteur r\u00e9glable de 1200 jusqu\u2019\u00e0 1500mm, il peut \u00e9galement \u00eatre inclin\u00e9 en r\u00e9glant la hauteur sur un c\u00f4t\u00e9.<\/p>\n<ul>\n<li>Structure en m\u00e9tal fabriqu\u00e9 par des tubes carr\u00e9s en acier galvanis\u00e9s, pour une stabilit\u00e9<br \/>\net une r\u00e9sistance accrue.<\/li>\n<li>Convoyeur pliable pour faciliter le transport et le stockage.<\/li>\n<li>\u00a0Hauteur ajustable pour s&rsquo;adapter \u00e0 divers besoins de chargement \/ d\u00e9chargement.<\/li>\n<li>\u00c9quip\u00e9 d&rsquo;un moteur robuste en cuivre, o rant une performance fiable.<\/li>\n<li>Mat\u00e9riau du tapis en caoutchouc antid\u00e9rapant con\u00e7us pour r\u00e9sister \u00e0 une utilisation<br \/>\nintensive dans di \u00e9rents secteurs industriels, r\u00e9sistant \u00e0 la temp\u00e9rature: -10 \/ 80\u00b0C.<\/li>\n<li>Syst\u00e8me de levage par manivelle, permettant d&rsquo;ajuster la hauteur de l&rsquo;inclinaison<br \/>\ndu convoyeur selon les besoins d&rsquo;utilisation.<\/li>\n<li>La direction du convoyeur peut \u00eatre ajust\u00e9e vers l\u2019avant ou vers l\u2019arri\u00e8re.<\/li>\n<li>Roues de d\u00e9placement pivotantes avec frein.<\/li>\n<\/ul>\n","protected":false},"excerpt":{"rendered":"<p>Convoyeur \u00e0 bande en caoutchouc pliable droit en m\u00e9tal motoris\u00e9, con\u00e7u pour le transport de colis ou de sacs dans les lignes de production, d&#8217;emballage, ou pour le chargement \/ d\u00e9chargement de camions. Hauteur r\u00e9glable, il peut \u00e9galement \u00eatre inclin\u00e9 en r\u00e9glant la hauteur sur un c\u00f4t\u00e9.<\/p>\n<p><img loading=\"lazy\" decoding=\"async\" class=\"alignnone wp-image-32914 size-full\" src=\"https:\/\/innovexalgerie.com\/machines\/wp-content\/uploads\/2024\/12\/icon-convoyeur-CPA530-INNOVEX-ALGERIE.jpg\" alt=\"icon-convoyeur-CPA530-INNOVEX-ALGERIE\" width=\"894\" height=\"196\" srcset=\"https:\/\/innovexalgerie.com\/machines\/wp-content\/uploads\/2024\/12\/icon-convoyeur-CPA530-INNOVEX-ALGERIE.jpg 894w, https:\/\/innovexalgerie.com\/machines\/wp-content\/uploads\/2024\/12\/icon-convoyeur-CPA530-INNOVEX-ALGERIE-300x66.jpg 300w, https:\/\/innovexalgerie.com\/machines\/wp-content\/uploads\/2024\/12\/icon-convoyeur-CPA530-INNOVEX-ALGERIE-768x168.jpg 768w, https:\/\/innovexalgerie.com\/machines\/wp-content\/uploads\/2024\/12\/icon-convoyeur-CPA530-INNOVEX-ALGERIE-600x132.jpg 600w\" sizes=\"auto, (max-width: 894px) 100vw, 894px\" \/><\/p>\n<p>&nbsp;<\/p>\n","protected":false},"featured_media":32909,"template":"","meta":{"_monsterinsights_skip_tracking":false,"_monsterinsights_sitenote_active":false,"_monsterinsights_sitenote_note":"","_monsterinsights_sitenote_category":0},"product_cat":[162],"product_tag":[283,163,284,164,165,166],"class_list":["post-32919","product","type-product","status-publish","has-post-thumbnail","hentry","product_cat-convoyeurs","product_tag-convoyer-a-bande","product_tag-convoyeur","product_tag-convoyeur-hauteur-reglable","product_tag-convoyor","product_tag-transporter","product_tag-trasporteur"],"yoast_head":"<!-- This site is optimized with the Yoast SEO Premium plugin v16.2 (Yoast SEO v16.7) - https:\/\/yoast.com\/wordpress\/plugins\/seo\/ -->\n<title>Convoyeur \u00e0 bande motoris\u00e9 inclin\u00e9 pliable CPA530 - Innovex Machines | Innovex Algerie<\/title>\n<meta name=\"description\" content=\"Convoyeur extensible, flexible et mobile \u00e0 galets, con\u00e7u pour r\u00e9pondre aux exigences des centres de distribution.innovex machine\" \/>\n<meta name=\"robots\" content=\"index, follow, max-snippet:-1, max-image-preview:large, max-video-preview:-1\" \/>\n<link rel=\"canonical\" href=\"https:\/\/innovexalgerie.com\/machines\/produit\/convoyeur-a-bande-motorise-incline-pliable-cpa530-2\/\" \/>\n<meta property=\"og:locale\" content=\"fr_FR\" \/>\n<meta property=\"og:type\" content=\"article\" \/>\n<meta property=\"og:title\" content=\"Convoyeur \u00e0 bande motoris\u00e9 inclin\u00e9 pliable CPA530 - Innovex Machines | Innovex Algerie\" \/>\n<meta property=\"og:description\" content=\"Convoyeur extensible, flexible et mobile \u00e0 galets, con\u00e7u pour r\u00e9pondre aux exigences des centres de distribution.innovex machine\" \/>\n<meta property=\"og:url\" content=\"https:\/\/innovexalgerie.com\/machines\/produit\/convoyeur-a-bande-motorise-incline-pliable-cpa530-2\/\" \/>\n<meta property=\"og:site_name\" content=\"Innovex Machines | Innovex Algerie\" \/>\n<meta property=\"article:publisher\" content=\"https:\/\/www.facebook.com\/innovexmachine1\" \/>\n<meta property=\"article:modified_time\" content=\"2024-12-19T09:29:07+00:00\" \/>\n<meta property=\"og:image\" content=\"https:\/\/innovexalgerie.com\/machines\/wp-content\/uploads\/2024\/12\/CONVOYEUR-4.jpg\" \/>\n\t<meta property=\"og:image:width\" content=\"1000\" \/>\n\t<meta property=\"og:image:height\" content=\"1000\" \/>\n<meta name=\"twitter:card\" content=\"summary_large_image\" \/>\n<meta name=\"twitter:label1\" content=\"Dur\u00e9e de lecture est.\" \/>\n\t<meta name=\"twitter:data1\" content=\"1 minute\" \/>\n<script type=\"application\/ld+json\" class=\"yoast-schema-graph\">{\"@context\":\"https:\/\/schema.org\",\"@graph\":[{\"@type\":\"WebSite\",\"@id\":\"https:\/\/innovexalgerie.com\/machines\/#website\",\"url\":\"https:\/\/innovexalgerie.com\/machines\/\",\"name\":\"Innovex Machines | Innovex Algerie\",\"description\":\"Fournisseur de machines d&#039;emballage et d&#039;imprimerie\",\"potentialAction\":[{\"@type\":\"SearchAction\",\"target\":{\"@type\":\"EntryPoint\",\"urlTemplate\":\"https:\/\/innovexalgerie.com\/machines\/?s={search_term_string}\"},\"query-input\":\"required name=search_term_string\"}],\"inLanguage\":\"fr-FR\"},{\"@type\":\"ImageObject\",\"@id\":\"https:\/\/innovexalgerie.com\/machines\/produit\/convoyeur-a-bande-motorise-incline-pliable-cpa530-2\/#primaryimage\",\"inLanguage\":\"fr-FR\",\"url\":\"https:\/\/innovexalgerie.com\/machines\/wp-content\/uploads\/2024\/12\/CONVOYEUR-4.jpg\",\"contentUrl\":\"https:\/\/innovexalgerie.com\/machines\/wp-content\/uploads\/2024\/12\/CONVOYEUR-4.jpg\",\"width\":1000,\"height\":1000,\"caption\":\"CONVOYEUR\"},{\"@type\":\"WebPage\",\"@id\":\"https:\/\/innovexalgerie.com\/machines\/produit\/convoyeur-a-bande-motorise-incline-pliable-cpa530-2\/#webpage\",\"url\":\"https:\/\/innovexalgerie.com\/machines\/produit\/convoyeur-a-bande-motorise-incline-pliable-cpa530-2\/\",\"name\":\"Convoyeur \\u00e0 bande motoris\\u00e9 inclin\\u00e9 pliable CPA530 - Innovex Machines | Innovex Algerie\",\"isPartOf\":{\"@id\":\"https:\/\/innovexalgerie.com\/machines\/#website\"},\"primaryImageOfPage\":{\"@id\":\"https:\/\/innovexalgerie.com\/machines\/produit\/convoyeur-a-bande-motorise-incline-pliable-cpa530-2\/#primaryimage\"},\"datePublished\":\"2024-12-19T09:26:36+00:00\",\"dateModified\":\"2024-12-19T09:29:07+00:00\",\"description\":\"Convoyeur extensible, flexible et mobile \\u00e0 galets, con\\u00e7u pour r\\u00e9pondre aux exigences des centres de distribution.innovex machine\",\"breadcrumb\":{\"@id\":\"https:\/\/innovexalgerie.com\/machines\/produit\/convoyeur-a-bande-motorise-incline-pliable-cpa530-2\/#breadcrumb\"},\"inLanguage\":\"fr-FR\",\"potentialAction\":[{\"@type\":\"ReadAction\",\"target\":[\"https:\/\/innovexalgerie.com\/machines\/produit\/convoyeur-a-bande-motorise-incline-pliable-cpa530-2\/\"]}]},{\"@type\":\"BreadcrumbList\",\"@id\":\"https:\/\/innovexalgerie.com\/machines\/produit\/convoyeur-a-bande-motorise-incline-pliable-cpa530-2\/#breadcrumb\",\"itemListElement\":[{\"@type\":\"ListItem\",\"position\":1,\"name\":\"Accueil\",\"item\":\"https:\/\/innovexalgerie.com\/machines\/\"},{\"@type\":\"ListItem\",\"position\":2,\"name\":\"Produits\",\"item\":\"https:\/\/innovexalgerie.com\/machines\/boutique\/\"},{\"@type\":\"ListItem\",\"position\":3,\"name\":\"Convoyeur \\u00e0 bande motoris\\u00e9 inclin\\u00e9 pliable CPA530\"}]}]}<\/script>\n<!-- \/ Yoast SEO Premium plugin. -->","yoast_head_json":{"title":"Convoyeur \u00e0 bande motoris\u00e9 inclin\u00e9 pliable CPA530 - Innovex Machines | Innovex Algerie","description":"Convoyeur extensible, flexible et mobile \u00e0 galets, con\u00e7u pour r\u00e9pondre aux exigences des centres de distribution.innovex machine","robots":{"index":"index","follow":"follow","max-snippet":"max-snippet:-1","max-image-preview":"max-image-preview:large","max-video-preview":"max-video-preview:-1"},"canonical":"https:\/\/innovexalgerie.com\/machines\/produit\/convoyeur-a-bande-motorise-incline-pliable-cpa530-2\/","og_locale":"fr_FR","og_type":"article","og_title":"Convoyeur \u00e0 bande motoris\u00e9 inclin\u00e9 pliable CPA530 - Innovex Machines | Innovex Algerie","og_description":"Convoyeur extensible, flexible et mobile \u00e0 galets, con\u00e7u pour r\u00e9pondre aux exigences des centres de distribution.innovex machine","og_url":"https:\/\/innovexalgerie.com\/machines\/produit\/convoyeur-a-bande-motorise-incline-pliable-cpa530-2\/","og_site_name":"Innovex Machines | Innovex Algerie","article_publisher":"https:\/\/www.facebook.com\/innovexmachine1","article_modified_time":"2024-12-19T09:29:07+00:00","og_image":[{"width":1000,"height":1000,"filesize":124665,"url":"https:\/\/innovexalgerie.com\/machines\/wp-content\/uploads\/2024\/12\/CONVOYEUR-4.jpg","path":"\/home\/inovex\/public_html\/machines\/wp-content\/uploads\/2024\/12\/CONVOYEUR-4.jpg","size":"full","id":32909,"alt":"CONVOYEUR","pixels":1000000,"type":"image\/jpeg"}],"twitter_card":"summary_large_image","twitter_misc":{"Dur\u00e9e de lecture est.":"1 minute"},"schema":{"@context":"https:\/\/schema.org","@graph":[{"@type":"WebSite","@id":"https:\/\/innovexalgerie.com\/machines\/#website","url":"https:\/\/innovexalgerie.com\/machines\/","name":"Innovex Machines | Innovex Algerie","description":"Fournisseur de machines d&#039;emballage et d&#039;imprimerie","potentialAction":[{"@type":"SearchAction","target":{"@type":"EntryPoint","urlTemplate":"https:\/\/innovexalgerie.com\/machines\/?s={search_term_string}"},"query-input":"required name=search_term_string"}],"inLanguage":"fr-FR"},{"@type":"ImageObject","@id":"https:\/\/innovexalgerie.com\/machines\/produit\/convoyeur-a-bande-motorise-incline-pliable-cpa530-2\/#primaryimage","inLanguage":"fr-FR","url":"https:\/\/innovexalgerie.com\/machines\/wp-content\/uploads\/2024\/12\/CONVOYEUR-4.jpg","contentUrl":"https:\/\/innovexalgerie.com\/machines\/wp-content\/uploads\/2024\/12\/CONVOYEUR-4.jpg","width":1000,"height":1000,"caption":"CONVOYEUR"},{"@type":"WebPage","@id":"https:\/\/innovexalgerie.com\/machines\/produit\/convoyeur-a-bande-motorise-incline-pliable-cpa530-2\/#webpage","url":"https:\/\/innovexalgerie.com\/machines\/produit\/convoyeur-a-bande-motorise-incline-pliable-cpa530-2\/","name":"Convoyeur \u00e0 bande motoris\u00e9 inclin\u00e9 pliable CPA530 - Innovex Machines | Innovex Algerie","isPartOf":{"@id":"https:\/\/innovexalgerie.com\/machines\/#website"},"primaryImageOfPage":{"@id":"https:\/\/innovexalgerie.com\/machines\/produit\/convoyeur-a-bande-motorise-incline-pliable-cpa530-2\/#primaryimage"},"datePublished":"2024-12-19T09:26:36+00:00","dateModified":"2024-12-19T09:29:07+00:00","description":"Convoyeur extensible, flexible et mobile \u00e0 galets, con\u00e7u pour r\u00e9pondre aux exigences des centres de distribution.innovex machine","breadcrumb":{"@id":"https:\/\/innovexalgerie.com\/machines\/produit\/convoyeur-a-bande-motorise-incline-pliable-cpa530-2\/#breadcrumb"},"inLanguage":"fr-FR","potentialAction":[{"@type":"ReadAction","target":["https:\/\/innovexalgerie.com\/machines\/produit\/convoyeur-a-bande-motorise-incline-pliable-cpa530-2\/"]}]},{"@type":"BreadcrumbList","@id":"https:\/\/innovexalgerie.com\/machines\/produit\/convoyeur-a-bande-motorise-incline-pliable-cpa530-2\/#breadcrumb","itemListElement":[{"@type":"ListItem","position":1,"name":"Accueil","item":"https:\/\/innovexalgerie.com\/machines\/"},{"@type":"ListItem","position":2,"name":"Produits","item":"https:\/\/innovexalgerie.com\/machines\/boutique\/"},{"@type":"ListItem","position":3,"name":"Convoyeur \u00e0 bande motoris\u00e9 inclin\u00e9 pliable CPA530"}]}]}},"_links":{"self":[{"href":"https:\/\/innovexalgerie.com\/machines\/wp-json\/wp\/v2\/product\/32919","targetHints":{"allow":["GET"]}}],"collection":[{"href":"https:\/\/innovexalgerie.com\/machines\/wp-json\/wp\/v2\/product"}],"about":[{"href":"https:\/\/innovexalgerie.com\/machines\/wp-json\/wp\/v2\/types\/product"}],"version-history":[{"count":1,"href":"https:\/\/innovexalgerie.com\/machines\/wp-json\/wp\/v2\/product\/32919\/revisions"}],"predecessor-version":[{"id":32920,"href":"https:\/\/innovexalgerie.com\/machines\/wp-json\/wp\/v2\/product\/32919\/revisions\/32920"}],"wp:featuredmedia":[{"embeddable":true,"href":"https:\/\/innovexalgerie.com\/machines\/wp-json\/wp\/v2\/media\/32909"}],"wp:attachment":[{"href":"https:\/\/innovexalgerie.com\/machines\/wp-json\/wp\/v2\/media?parent=32919"}],"wp:term":[{"taxonomy":"product_cat","embeddable":true,"href":"https:\/\/innovexalgerie.com\/machines\/wp-json\/wp\/v2\/product_cat?post=32919"},{"taxonomy":"product_tag","embeddable":true,"href":"https:\/\/innovexalgerie.com\/machines\/wp-json\/wp\/v2\/product_tag?post=32919"}],"curies":[{"name":"wp","href":"https:\/\/api.w.org\/{rel}","templated":true}]}}