{"id":33067,"date":"2025-03-03T09:50:51","date_gmt":"2025-03-03T08:50:51","guid":{"rendered":"https:\/\/innovexalgerie.com\/machines\/?post_type=product&#038;p=33067"},"modified":"2025-03-10T10:57:39","modified_gmt":"2025-03-10T09:57:39","slug":"convoyeur-a-bande-motorise-en-aluminium-tcr5015","status":"publish","type":"product","link":"https:\/\/innovexalgerie.com\/machines\/produit\/convoyeur-a-bande-motorise-en-aluminium-tcr5015\/","title":{"rendered":"Convoyeur \u00e0 bande motoris\u00e9 en aluminium TCR"},"content":{"rendered":"<p>Convoyeur \u00e0 bande droit en profil\u00e9 aluminium <strong>TCR,<\/strong> motoris\u00e9 \u00e0 vitesse r\u00e9glable pour transporter les colis ou les produits de petits et moyens dimension. Il est utilis\u00e9 pour r\u00e9pondre \u00e0 vos besoin de transport de charges dans une ligne de production ou d&#8217;emballage.<br \/>\nHauteur r\u00e9glable de 700 jusqu\u2019\u00e0 900mm, il peut \u00e9galement \u00eatre inclin\u00e9 en r\u00e9glant la hauteur sur un c\u00f4t\u00e9.<\/p>\n<ul>\n<li><span class=\"default_cursor_cs\">Structure en aluminium, un mat\u00e9riau l\u00e9ger, robuste et r\u00e9sistant \u00e0 la corrosion, ce qui facilite <\/span>son installation et son entretien.<\/li>\n<li><span class=\"default_cursor_cs\">Il est disponible en <\/span><span class=\"default_cursor_cs\">trois longueurs standards: 1,5M, 2M et 3M..<\/span><\/li>\n<li>Hauteur du convoyeur est r\u00e9glable en deux c\u00f4t\u00e9s s\u00e9par\u00e9ment pour s&rsquo;adapter \u00e0 divers besoins de chargement et\u00a0 d\u00e9chargement.<\/li>\n<li>\u00c9quip\u00e9 d&rsquo;un moteur robuste en cuivre, offrant une performance fiable.<\/li>\n<li>Mat\u00e9riau du tapis PVC couleur vert, r\u00e9sistant \u00e0 la temp\u00e9rature: -10-80\u00b0C, il permet le d\u00e9placement s\u00e9curis\u00e9 de charges l\u00e9g\u00e8res \u00e0 moyennes.<\/li>\n<li>Roues de d\u00e9placement pivotantes avec frein<\/li>\n<\/ul>\n","protected":false},"excerpt":{"rendered":"<p>Convoyeur \u00e0 bande droite en profil\u00e9 aluminium, motoris\u00e9 et \u00e0 vitesse r\u00e9glable, con\u00e7u pour le transport efficace de colis et de produits de petites et moyennes dimensions. Hauteur r\u00e9glable, il peut \u00e9galement \u00eatre inclin\u00e9 en r\u00e9glant la hauteur sur un c\u00f4t\u00e9.<\/p>\n<p><img loading=\"lazy\" decoding=\"async\" class=\"alignnone wp-image-33112 size-full\" src=\"https:\/\/innovexalgerie.com\/machines\/wp-content\/uploads\/2025\/03\/ICON-TCR-15-20-30.jpg\" alt=\"ICON-TCR-15-20-30\" width=\"894\" height=\"196\" srcset=\"https:\/\/innovexalgerie.com\/machines\/wp-content\/uploads\/2025\/03\/ICON-TCR-15-20-30.jpg 894w, https:\/\/innovexalgerie.com\/machines\/wp-content\/uploads\/2025\/03\/ICON-TCR-15-20-30-300x66.jpg 300w, https:\/\/innovexalgerie.com\/machines\/wp-content\/uploads\/2025\/03\/ICON-TCR-15-20-30-768x168.jpg 768w, https:\/\/innovexalgerie.com\/machines\/wp-content\/uploads\/2025\/03\/ICON-TCR-15-20-30-600x132.jpg 600w\" sizes=\"auto, (max-width: 894px) 100vw, 894px\" \/><\/p>\n","protected":false},"featured_media":33123,"template":"","meta":{"_monsterinsights_skip_tracking":false,"_monsterinsights_sitenote_active":false,"_monsterinsights_sitenote_note":"","_monsterinsights_sitenote_category":0},"product_cat":[162],"product_tag":[283,163,284,164,165,166],"class_list":["post-33067","product","type-product","status-publish","has-post-thumbnail","hentry","product_cat-convoyeurs","product_tag-convoyer-a-bande","product_tag-convoyeur","product_tag-convoyeur-hauteur-reglable","product_tag-convoyor","product_tag-transporter","product_tag-trasporteur"],"yoast_head":"<!-- This site is optimized with the Yoast SEO Premium plugin v16.2 (Yoast SEO v16.7) - https:\/\/yoast.com\/wordpress\/plugins\/seo\/ -->\n<title>Convoyeur \u00e0 bande motoris\u00e9 en aluminium TCR - Innovex Machines | Innovex Algerie<\/title>\n<meta name=\"description\" content=\"Convoyeur extensible, flexible et mobile \u00e0 galets, con\u00e7u pour r\u00e9pondre aux exigences des centres de distribution.innovex machine\" \/>\n<meta name=\"robots\" content=\"index, follow, max-snippet:-1, max-image-preview:large, max-video-preview:-1\" \/>\n<link rel=\"canonical\" href=\"https:\/\/innovexalgerie.com\/machines\/produit\/convoyeur-a-bande-motorise-en-aluminium-tcr5015\/\" \/>\n<meta property=\"og:locale\" content=\"fr_FR\" \/>\n<meta property=\"og:type\" content=\"article\" \/>\n<meta property=\"og:title\" content=\"Convoyeur \u00e0 bande motoris\u00e9 en aluminium TCR - Innovex Machines | Innovex Algerie\" \/>\n<meta property=\"og:description\" content=\"Convoyeur extensible, flexible et mobile \u00e0 galets, con\u00e7u pour r\u00e9pondre aux exigences des centres de distribution.innovex machine\" \/>\n<meta property=\"og:url\" content=\"https:\/\/innovexalgerie.com\/machines\/produit\/convoyeur-a-bande-motorise-en-aluminium-tcr5015\/\" \/>\n<meta property=\"og:site_name\" content=\"Innovex Machines | Innovex Algerie\" \/>\n<meta property=\"article:publisher\" content=\"https:\/\/www.facebook.com\/innovexmachine1\" \/>\n<meta property=\"article:modified_time\" content=\"2025-03-10T09:57:39+00:00\" \/>\n<meta property=\"og:image\" content=\"https:\/\/innovexalgerie.com\/machines\/wp-content\/uploads\/2025\/03\/TCR-152030.jpg\" \/>\n\t<meta property=\"og:image:width\" content=\"1000\" \/>\n\t<meta property=\"og:image:height\" content=\"1000\" \/>\n<meta name=\"twitter:card\" content=\"summary_large_image\" \/>\n<meta name=\"twitter:label1\" content=\"Dur\u00e9e de lecture est.\" \/>\n\t<meta name=\"twitter:data1\" content=\"1 minute\" \/>\n<script type=\"application\/ld+json\" class=\"yoast-schema-graph\">{\"@context\":\"https:\/\/schema.org\",\"@graph\":[{\"@type\":\"WebSite\",\"@id\":\"https:\/\/innovexalgerie.com\/machines\/#website\",\"url\":\"https:\/\/innovexalgerie.com\/machines\/\",\"name\":\"Innovex Machines | Innovex Algerie\",\"description\":\"Fournisseur de machines d&#039;emballage et d&#039;imprimerie\",\"potentialAction\":[{\"@type\":\"SearchAction\",\"target\":{\"@type\":\"EntryPoint\",\"urlTemplate\":\"https:\/\/innovexalgerie.com\/machines\/?s={search_term_string}\"},\"query-input\":\"required name=search_term_string\"}],\"inLanguage\":\"fr-FR\"},{\"@type\":\"ImageObject\",\"@id\":\"https:\/\/innovexalgerie.com\/machines\/produit\/convoyeur-a-bande-motorise-en-aluminium-tcr5015\/#primaryimage\",\"inLanguage\":\"fr-FR\",\"url\":\"https:\/\/innovexalgerie.com\/machines\/wp-content\/uploads\/2025\/03\/TCR-152030.jpg\",\"contentUrl\":\"https:\/\/innovexalgerie.com\/machines\/wp-content\/uploads\/2025\/03\/TCR-152030.jpg\",\"width\":1000,\"height\":1000,\"caption\":\"CONVOYEUR TCR - INNOVEX ALGERIE\"},{\"@type\":\"WebPage\",\"@id\":\"https:\/\/innovexalgerie.com\/machines\/produit\/convoyeur-a-bande-motorise-en-aluminium-tcr5015\/#webpage\",\"url\":\"https:\/\/innovexalgerie.com\/machines\/produit\/convoyeur-a-bande-motorise-en-aluminium-tcr5015\/\",\"name\":\"Convoyeur \\u00e0 bande motoris\\u00e9 en aluminium TCR - Innovex Machines | Innovex Algerie\",\"isPartOf\":{\"@id\":\"https:\/\/innovexalgerie.com\/machines\/#website\"},\"primaryImageOfPage\":{\"@id\":\"https:\/\/innovexalgerie.com\/machines\/produit\/convoyeur-a-bande-motorise-en-aluminium-tcr5015\/#primaryimage\"},\"datePublished\":\"2025-03-03T08:50:51+00:00\",\"dateModified\":\"2025-03-10T09:57:39+00:00\",\"description\":\"Convoyeur extensible, flexible et mobile \\u00e0 galets, con\\u00e7u pour r\\u00e9pondre aux exigences des centres de distribution.innovex machine\",\"breadcrumb\":{\"@id\":\"https:\/\/innovexalgerie.com\/machines\/produit\/convoyeur-a-bande-motorise-en-aluminium-tcr5015\/#breadcrumb\"},\"inLanguage\":\"fr-FR\",\"potentialAction\":[{\"@type\":\"ReadAction\",\"target\":[\"https:\/\/innovexalgerie.com\/machines\/produit\/convoyeur-a-bande-motorise-en-aluminium-tcr5015\/\"]}]},{\"@type\":\"BreadcrumbList\",\"@id\":\"https:\/\/innovexalgerie.com\/machines\/produit\/convoyeur-a-bande-motorise-en-aluminium-tcr5015\/#breadcrumb\",\"itemListElement\":[{\"@type\":\"ListItem\",\"position\":1,\"name\":\"Accueil\",\"item\":\"https:\/\/innovexalgerie.com\/machines\/\"},{\"@type\":\"ListItem\",\"position\":2,\"name\":\"Produits\",\"item\":\"https:\/\/innovexalgerie.com\/machines\/boutique\/\"},{\"@type\":\"ListItem\",\"position\":3,\"name\":\"Convoyeur \\u00e0 bande motoris\\u00e9 en aluminium TCR\"}]}]}<\/script>\n<!-- \/ Yoast SEO Premium plugin. -->","yoast_head_json":{"title":"Convoyeur \u00e0 bande motoris\u00e9 en aluminium TCR - Innovex Machines | Innovex Algerie","description":"Convoyeur extensible, flexible et mobile \u00e0 galets, con\u00e7u pour r\u00e9pondre aux exigences des centres de distribution.innovex machine","robots":{"index":"index","follow":"follow","max-snippet":"max-snippet:-1","max-image-preview":"max-image-preview:large","max-video-preview":"max-video-preview:-1"},"canonical":"https:\/\/innovexalgerie.com\/machines\/produit\/convoyeur-a-bande-motorise-en-aluminium-tcr5015\/","og_locale":"fr_FR","og_type":"article","og_title":"Convoyeur \u00e0 bande motoris\u00e9 en aluminium TCR - Innovex Machines | Innovex Algerie","og_description":"Convoyeur extensible, flexible et mobile \u00e0 galets, con\u00e7u pour r\u00e9pondre aux exigences des centres de distribution.innovex machine","og_url":"https:\/\/innovexalgerie.com\/machines\/produit\/convoyeur-a-bande-motorise-en-aluminium-tcr5015\/","og_site_name":"Innovex Machines | Innovex Algerie","article_publisher":"https:\/\/www.facebook.com\/innovexmachine1","article_modified_time":"2025-03-10T09:57:39+00:00","og_image":[{"width":1000,"height":1000,"filesize":153807,"url":"https:\/\/innovexalgerie.com\/machines\/wp-content\/uploads\/2025\/03\/TCR-152030.jpg","path":"\/home\/inovex\/public_html\/machines\/wp-content\/uploads\/2025\/03\/TCR-152030.jpg","size":"full","id":33123,"alt":"CONVOYEUR TCR - INNOVEX ALGERIE","pixels":1000000,"type":"image\/jpeg"}],"twitter_card":"summary_large_image","twitter_misc":{"Dur\u00e9e de lecture est.":"1 minute"},"schema":{"@context":"https:\/\/schema.org","@graph":[{"@type":"WebSite","@id":"https:\/\/innovexalgerie.com\/machines\/#website","url":"https:\/\/innovexalgerie.com\/machines\/","name":"Innovex Machines | Innovex Algerie","description":"Fournisseur de machines d&#039;emballage et d&#039;imprimerie","potentialAction":[{"@type":"SearchAction","target":{"@type":"EntryPoint","urlTemplate":"https:\/\/innovexalgerie.com\/machines\/?s={search_term_string}"},"query-input":"required name=search_term_string"}],"inLanguage":"fr-FR"},{"@type":"ImageObject","@id":"https:\/\/innovexalgerie.com\/machines\/produit\/convoyeur-a-bande-motorise-en-aluminium-tcr5015\/#primaryimage","inLanguage":"fr-FR","url":"https:\/\/innovexalgerie.com\/machines\/wp-content\/uploads\/2025\/03\/TCR-152030.jpg","contentUrl":"https:\/\/innovexalgerie.com\/machines\/wp-content\/uploads\/2025\/03\/TCR-152030.jpg","width":1000,"height":1000,"caption":"CONVOYEUR TCR - INNOVEX ALGERIE"},{"@type":"WebPage","@id":"https:\/\/innovexalgerie.com\/machines\/produit\/convoyeur-a-bande-motorise-en-aluminium-tcr5015\/#webpage","url":"https:\/\/innovexalgerie.com\/machines\/produit\/convoyeur-a-bande-motorise-en-aluminium-tcr5015\/","name":"Convoyeur \u00e0 bande motoris\u00e9 en aluminium TCR - Innovex Machines | Innovex Algerie","isPartOf":{"@id":"https:\/\/innovexalgerie.com\/machines\/#website"},"primaryImageOfPage":{"@id":"https:\/\/innovexalgerie.com\/machines\/produit\/convoyeur-a-bande-motorise-en-aluminium-tcr5015\/#primaryimage"},"datePublished":"2025-03-03T08:50:51+00:00","dateModified":"2025-03-10T09:57:39+00:00","description":"Convoyeur extensible, flexible et mobile \u00e0 galets, con\u00e7u pour r\u00e9pondre aux exigences des centres de distribution.innovex machine","breadcrumb":{"@id":"https:\/\/innovexalgerie.com\/machines\/produit\/convoyeur-a-bande-motorise-en-aluminium-tcr5015\/#breadcrumb"},"inLanguage":"fr-FR","potentialAction":[{"@type":"ReadAction","target":["https:\/\/innovexalgerie.com\/machines\/produit\/convoyeur-a-bande-motorise-en-aluminium-tcr5015\/"]}]},{"@type":"BreadcrumbList","@id":"https:\/\/innovexalgerie.com\/machines\/produit\/convoyeur-a-bande-motorise-en-aluminium-tcr5015\/#breadcrumb","itemListElement":[{"@type":"ListItem","position":1,"name":"Accueil","item":"https:\/\/innovexalgerie.com\/machines\/"},{"@type":"ListItem","position":2,"name":"Produits","item":"https:\/\/innovexalgerie.com\/machines\/boutique\/"},{"@type":"ListItem","position":3,"name":"Convoyeur \u00e0 bande motoris\u00e9 en aluminium TCR"}]}]}},"_links":{"self":[{"href":"https:\/\/innovexalgerie.com\/machines\/wp-json\/wp\/v2\/product\/33067","targetHints":{"allow":["GET"]}}],"collection":[{"href":"https:\/\/innovexalgerie.com\/machines\/wp-json\/wp\/v2\/product"}],"about":[{"href":"https:\/\/innovexalgerie.com\/machines\/wp-json\/wp\/v2\/types\/product"}],"version-history":[{"count":16,"href":"https:\/\/innovexalgerie.com\/machines\/wp-json\/wp\/v2\/product\/33067\/revisions"}],"predecessor-version":[{"id":33130,"href":"https:\/\/innovexalgerie.com\/machines\/wp-json\/wp\/v2\/product\/33067\/revisions\/33130"}],"wp:featuredmedia":[{"embeddable":true,"href":"https:\/\/innovexalgerie.com\/machines\/wp-json\/wp\/v2\/media\/33123"}],"wp:attachment":[{"href":"https:\/\/innovexalgerie.com\/machines\/wp-json\/wp\/v2\/media?parent=33067"}],"wp:term":[{"taxonomy":"product_cat","embeddable":true,"href":"https:\/\/innovexalgerie.com\/machines\/wp-json\/wp\/v2\/product_cat?post=33067"},{"taxonomy":"product_tag","embeddable":true,"href":"https:\/\/innovexalgerie.com\/machines\/wp-json\/wp\/v2\/product_tag?post=33067"}],"curies":[{"name":"wp","href":"https:\/\/api.w.org\/{rel}","templated":true}]}}