{"id":331,"date":"2021-03-24T20:47:11","date_gmt":"2021-03-24T19:47:11","guid":{"rendered":"https:\/\/innovexalgerie.com\/machines2\/?post_type=product&#038;p=331"},"modified":"2022-03-31T10:18:33","modified_gmt":"2022-03-31T09:18:33","slug":"banderoleuse-a-table-tournante-avec-peseur-mh-fg-2000pb","status":"publish","type":"product","link":"https:\/\/innovexalgerie.com\/machines\/produit\/banderoleuse-a-table-tournante-avec-peseur-mh-fg-2000pb\/","title":{"rendered":"Banderoleuse \u00e0 table tournante avec peseur MH-FG-2000PB"},"content":{"rendered":"<p>Banderoleuse\/ filmeuse automatique avec peseur pour l\u2019emballage des palettes pesant jusqu\u2019\u00e0 2 tonnes sur un plateau tournant avec du film \u00e9tirable, elle d\u00e9pose l&rsquo;\u00e9tirable avec programmation de:<\/p>\n<ul>\n<li>Nombre de tours, nombre mont\u00e9es\/ descentes, avec d\u00e9marrage progressif du plateau tournant.<\/li>\n<li>Vitesse de table tournante et mont\u00e9e\/descente porte bobine variables.<\/li>\n<li>Peseur haute qualit\u00e9 pour palettes.<\/li>\n<li>Plateau \u00e9pais, entra\u00eenement par cha\u00eene et multiples galets, m\u00e2t renforc\u00e9 m\u00e9cano soud\u00e9<\/li>\n<li>D\u00e9marrage et arr\u00eat \u00a0progressif de la machine pour \u00a0assurer la \u00a0protection \u00a0des charges.<\/li>\n<li>3 variateurs Schneider pour: r\u00e9glage du plateau tournant, de porte bobine et la tension de l&rsquo;\u00e9tirage.<\/li>\n<li>Retour automatique \u00e0 la position de d\u00e9part.<\/li>\n<li>Capteur qui mesure la hauteur de la palette automatiquement.<\/li>\n<li>Rampe d&rsquo;acc\u00e8s pour plateau incluse avec la machine.<\/li>\n<li>Tendeur du film \u00e9lectrique \u00e9lectrique.<\/li>\n<li>Machine conforme aux normes CE.<\/li>\n<\/ul>\n<p>&nbsp;<\/p>\n<p>&nbsp;<\/p>\n<ul>\n<li style=\"list-style-type: none;\"><\/li>\n<\/ul>\n<p>&nbsp;<\/p>\n","protected":false},"excerpt":{"rendered":"<p>Banderoleuse\/ filmeuse automatique avec peseur pour l\u2019emballage des palettes pesant jusqu\u2019\u00e0 2 tonnes sur un plateau tournant avec du film \u00e9tirable.<\/p>\n<p><img loading=\"lazy\" decoding=\"async\" class=\"alignnone wp-image-29967 size-full\" src=\"https:\/\/innovexalgerie.com\/machines\/wp-content\/uploads\/2021\/03\/ICON-BANDEROLEUSE.jpg\" alt=\"ICON-BANDEROLEUSE INNOVEX MACHINE\" width=\"856\" height=\"196\" srcset=\"https:\/\/innovexalgerie.com\/machines\/wp-content\/uploads\/2021\/03\/ICON-BANDEROLEUSE.jpg 856w, https:\/\/innovexalgerie.com\/machines\/wp-content\/uploads\/2021\/03\/ICON-BANDEROLEUSE-300x69.jpg 300w, https:\/\/innovexalgerie.com\/machines\/wp-content\/uploads\/2021\/03\/ICON-BANDEROLEUSE-768x176.jpg 768w, https:\/\/innovexalgerie.com\/machines\/wp-content\/uploads\/2021\/03\/ICON-BANDEROLEUSE-600x137.jpg 600w\" sizes=\"auto, (max-width: 856px) 100vw, 856px\" \/><\/p>\n","protected":false},"featured_media":29963,"template":"","meta":{"_monsterinsights_skip_tracking":false,"_monsterinsights_sitenote_active":false,"_monsterinsights_sitenote_note":"","_monsterinsights_sitenote_category":0},"product_cat":[20],"product_tag":[21,40,93],"class_list":["post-331","product","type-product","status-publish","has-post-thumbnail","hentry","product_cat-banderollage","product_tag-banderoleuse","product_tag-filmeuse","product_tag-palleteuse"],"yoast_head":"<!-- This site is optimized with the Yoast SEO Premium plugin v16.2 (Yoast SEO v16.7) - https:\/\/yoast.com\/wordpress\/plugins\/seo\/ -->\n<title>Banderoleuse \u00e0 table tournante avec peseur MH-FG-2000PB - Innovex Machines | Innovex Algerie<\/title>\n<meta name=\"description\" content=\"Banderoleuse \/ filmeuse avec balance int\u00e9gr\u00e9 \u00e0 plateau tournant \u00e0 pr\u00e9 \u00e9tirage motoris\u00e9 pour filmage de palettes par film \u00e9tirable.\" \/>\n<meta name=\"robots\" content=\"index, follow, max-snippet:-1, max-image-preview:large, max-video-preview:-1\" \/>\n<link rel=\"canonical\" href=\"https:\/\/innovexalgerie.com\/machines\/produit\/banderoleuse-a-table-tournante-avec-peseur-mh-fg-2000pb\/\" \/>\n<meta property=\"og:locale\" content=\"fr_FR\" \/>\n<meta property=\"og:type\" content=\"article\" \/>\n<meta property=\"og:title\" content=\"Banderoleuse \u00e0 table tournante avec peseur MH-FG-2000PB - Innovex Machines | Innovex Algerie\" \/>\n<meta property=\"og:description\" content=\"Banderoleuse \/ filmeuse avec balance int\u00e9gr\u00e9 \u00e0 plateau tournant \u00e0 pr\u00e9 \u00e9tirage motoris\u00e9 pour filmage de palettes par film \u00e9tirable.\" \/>\n<meta property=\"og:url\" content=\"https:\/\/innovexalgerie.com\/machines\/produit\/banderoleuse-a-table-tournante-avec-peseur-mh-fg-2000pb\/\" \/>\n<meta property=\"og:site_name\" content=\"Innovex Machines | Innovex Algerie\" \/>\n<meta property=\"article:publisher\" content=\"https:\/\/www.facebook.com\/innovexmachine1\" \/>\n<meta property=\"article:modified_time\" content=\"2022-03-31T09:18:33+00:00\" \/>\n<meta property=\"og:image\" content=\"https:\/\/innovexalgerie.com\/machines\/wp-content\/uploads\/2021\/03\/MHFJ200BP.jpg\" \/>\n\t<meta property=\"og:image:width\" content=\"655\" \/>\n\t<meta property=\"og:image:height\" content=\"669\" \/>\n<meta name=\"twitter:card\" content=\"summary_large_image\" \/>\n<meta name=\"twitter:label1\" content=\"Dur\u00e9e de lecture est.\" \/>\n\t<meta name=\"twitter:data1\" content=\"1 minute\" \/>\n<script type=\"application\/ld+json\" class=\"yoast-schema-graph\">{\"@context\":\"https:\/\/schema.org\",\"@graph\":[{\"@type\":\"WebSite\",\"@id\":\"https:\/\/innovexalgerie.com\/machines\/#website\",\"url\":\"https:\/\/innovexalgerie.com\/machines\/\",\"name\":\"Innovex Machines | Innovex Algerie\",\"description\":\"Fournisseur de machines d&#039;emballage et d&#039;imprimerie\",\"potentialAction\":[{\"@type\":\"SearchAction\",\"target\":{\"@type\":\"EntryPoint\",\"urlTemplate\":\"https:\/\/innovexalgerie.com\/machines\/?s={search_term_string}\"},\"query-input\":\"required name=search_term_string\"}],\"inLanguage\":\"fr-FR\"},{\"@type\":\"ImageObject\",\"@id\":\"https:\/\/innovexalgerie.com\/machines\/produit\/banderoleuse-a-table-tournante-avec-peseur-mh-fg-2000pb\/#primaryimage\",\"inLanguage\":\"fr-FR\",\"url\":\"https:\/\/innovexalgerie.com\/machines\/wp-content\/uploads\/2021\/03\/MHFJ200BP.jpg\",\"contentUrl\":\"https:\/\/innovexalgerie.com\/machines\/wp-content\/uploads\/2021\/03\/MHFJ200BP.jpg\",\"width\":655,\"height\":669,\"caption\":\"BANDEROLEUSE MHFJ200BP INNOVEX MACHINE\"},{\"@type\":\"WebPage\",\"@id\":\"https:\/\/innovexalgerie.com\/machines\/produit\/banderoleuse-a-table-tournante-avec-peseur-mh-fg-2000pb\/#webpage\",\"url\":\"https:\/\/innovexalgerie.com\/machines\/produit\/banderoleuse-a-table-tournante-avec-peseur-mh-fg-2000pb\/\",\"name\":\"Banderoleuse \\u00e0 table tournante avec peseur MH-FG-2000PB - Innovex Machines | Innovex Algerie\",\"isPartOf\":{\"@id\":\"https:\/\/innovexalgerie.com\/machines\/#website\"},\"primaryImageOfPage\":{\"@id\":\"https:\/\/innovexalgerie.com\/machines\/produit\/banderoleuse-a-table-tournante-avec-peseur-mh-fg-2000pb\/#primaryimage\"},\"datePublished\":\"2021-03-24T19:47:11+00:00\",\"dateModified\":\"2022-03-31T09:18:33+00:00\",\"description\":\"Banderoleuse \/ filmeuse avec balance int\\u00e9gr\\u00e9 \\u00e0 plateau tournant \\u00e0 pr\\u00e9 \\u00e9tirage motoris\\u00e9 pour filmage de palettes par film \\u00e9tirable.\",\"breadcrumb\":{\"@id\":\"https:\/\/innovexalgerie.com\/machines\/produit\/banderoleuse-a-table-tournante-avec-peseur-mh-fg-2000pb\/#breadcrumb\"},\"inLanguage\":\"fr-FR\",\"potentialAction\":[{\"@type\":\"ReadAction\",\"target\":[\"https:\/\/innovexalgerie.com\/machines\/produit\/banderoleuse-a-table-tournante-avec-peseur-mh-fg-2000pb\/\"]}]},{\"@type\":\"BreadcrumbList\",\"@id\":\"https:\/\/innovexalgerie.com\/machines\/produit\/banderoleuse-a-table-tournante-avec-peseur-mh-fg-2000pb\/#breadcrumb\",\"itemListElement\":[{\"@type\":\"ListItem\",\"position\":1,\"name\":\"Accueil\",\"item\":\"https:\/\/innovexalgerie.com\/machines\/\"},{\"@type\":\"ListItem\",\"position\":2,\"name\":\"Produits\",\"item\":\"https:\/\/innovexalgerie.com\/machines\/boutique\/\"},{\"@type\":\"ListItem\",\"position\":3,\"name\":\"Banderoleuse \\u00e0 table tournante avec peseur MH-FG-2000PB\"}]}]}<\/script>\n<!-- \/ Yoast SEO Premium plugin. -->","yoast_head_json":{"title":"Banderoleuse \u00e0 table tournante avec peseur MH-FG-2000PB - Innovex Machines | Innovex Algerie","description":"Banderoleuse \/ filmeuse avec balance int\u00e9gr\u00e9 \u00e0 plateau tournant \u00e0 pr\u00e9 \u00e9tirage motoris\u00e9 pour filmage de palettes par film \u00e9tirable.","robots":{"index":"index","follow":"follow","max-snippet":"max-snippet:-1","max-image-preview":"max-image-preview:large","max-video-preview":"max-video-preview:-1"},"canonical":"https:\/\/innovexalgerie.com\/machines\/produit\/banderoleuse-a-table-tournante-avec-peseur-mh-fg-2000pb\/","og_locale":"fr_FR","og_type":"article","og_title":"Banderoleuse \u00e0 table tournante avec peseur MH-FG-2000PB - Innovex Machines | Innovex Algerie","og_description":"Banderoleuse \/ filmeuse avec balance int\u00e9gr\u00e9 \u00e0 plateau tournant \u00e0 pr\u00e9 \u00e9tirage motoris\u00e9 pour filmage de palettes par film \u00e9tirable.","og_url":"https:\/\/innovexalgerie.com\/machines\/produit\/banderoleuse-a-table-tournante-avec-peseur-mh-fg-2000pb\/","og_site_name":"Innovex Machines | Innovex Algerie","article_publisher":"https:\/\/www.facebook.com\/innovexmachine1","article_modified_time":"2022-03-31T09:18:33+00:00","og_image":[{"width":655,"height":669,"url":"https:\/\/innovexalgerie.com\/machines\/wp-content\/uploads\/2021\/03\/MHFJ200BP.jpg","path":"\/home\/inovex\/public_html\/machines\/wp-content\/uploads\/2021\/03\/MHFJ200BP.jpg","size":"full","id":29963,"alt":"BANDEROLEUSE MHFJ200BP INNOVEX MACHINE","pixels":438195,"type":"image\/jpeg"}],"twitter_card":"summary_large_image","twitter_misc":{"Dur\u00e9e de lecture est.":"1 minute"},"schema":{"@context":"https:\/\/schema.org","@graph":[{"@type":"WebSite","@id":"https:\/\/innovexalgerie.com\/machines\/#website","url":"https:\/\/innovexalgerie.com\/machines\/","name":"Innovex Machines | Innovex Algerie","description":"Fournisseur de machines d&#039;emballage et d&#039;imprimerie","potentialAction":[{"@type":"SearchAction","target":{"@type":"EntryPoint","urlTemplate":"https:\/\/innovexalgerie.com\/machines\/?s={search_term_string}"},"query-input":"required name=search_term_string"}],"inLanguage":"fr-FR"},{"@type":"ImageObject","@id":"https:\/\/innovexalgerie.com\/machines\/produit\/banderoleuse-a-table-tournante-avec-peseur-mh-fg-2000pb\/#primaryimage","inLanguage":"fr-FR","url":"https:\/\/innovexalgerie.com\/machines\/wp-content\/uploads\/2021\/03\/MHFJ200BP.jpg","contentUrl":"https:\/\/innovexalgerie.com\/machines\/wp-content\/uploads\/2021\/03\/MHFJ200BP.jpg","width":655,"height":669,"caption":"BANDEROLEUSE MHFJ200BP INNOVEX MACHINE"},{"@type":"WebPage","@id":"https:\/\/innovexalgerie.com\/machines\/produit\/banderoleuse-a-table-tournante-avec-peseur-mh-fg-2000pb\/#webpage","url":"https:\/\/innovexalgerie.com\/machines\/produit\/banderoleuse-a-table-tournante-avec-peseur-mh-fg-2000pb\/","name":"Banderoleuse \u00e0 table tournante avec peseur MH-FG-2000PB - Innovex Machines | Innovex Algerie","isPartOf":{"@id":"https:\/\/innovexalgerie.com\/machines\/#website"},"primaryImageOfPage":{"@id":"https:\/\/innovexalgerie.com\/machines\/produit\/banderoleuse-a-table-tournante-avec-peseur-mh-fg-2000pb\/#primaryimage"},"datePublished":"2021-03-24T19:47:11+00:00","dateModified":"2022-03-31T09:18:33+00:00","description":"Banderoleuse \/ filmeuse avec balance int\u00e9gr\u00e9 \u00e0 plateau tournant \u00e0 pr\u00e9 \u00e9tirage motoris\u00e9 pour filmage de palettes par film \u00e9tirable.","breadcrumb":{"@id":"https:\/\/innovexalgerie.com\/machines\/produit\/banderoleuse-a-table-tournante-avec-peseur-mh-fg-2000pb\/#breadcrumb"},"inLanguage":"fr-FR","potentialAction":[{"@type":"ReadAction","target":["https:\/\/innovexalgerie.com\/machines\/produit\/banderoleuse-a-table-tournante-avec-peseur-mh-fg-2000pb\/"]}]},{"@type":"BreadcrumbList","@id":"https:\/\/innovexalgerie.com\/machines\/produit\/banderoleuse-a-table-tournante-avec-peseur-mh-fg-2000pb\/#breadcrumb","itemListElement":[{"@type":"ListItem","position":1,"name":"Accueil","item":"https:\/\/innovexalgerie.com\/machines\/"},{"@type":"ListItem","position":2,"name":"Produits","item":"https:\/\/innovexalgerie.com\/machines\/boutique\/"},{"@type":"ListItem","position":3,"name":"Banderoleuse \u00e0 table tournante avec peseur MH-FG-2000PB"}]}]}},"_links":{"self":[{"href":"https:\/\/innovexalgerie.com\/machines\/wp-json\/wp\/v2\/product\/331","targetHints":{"allow":["GET"]}}],"collection":[{"href":"https:\/\/innovexalgerie.com\/machines\/wp-json\/wp\/v2\/product"}],"about":[{"href":"https:\/\/innovexalgerie.com\/machines\/wp-json\/wp\/v2\/types\/product"}],"version-history":[{"count":10,"href":"https:\/\/innovexalgerie.com\/machines\/wp-json\/wp\/v2\/product\/331\/revisions"}],"predecessor-version":[{"id":29969,"href":"https:\/\/innovexalgerie.com\/machines\/wp-json\/wp\/v2\/product\/331\/revisions\/29969"}],"wp:featuredmedia":[{"embeddable":true,"href":"https:\/\/innovexalgerie.com\/machines\/wp-json\/wp\/v2\/media\/29963"}],"wp:attachment":[{"href":"https:\/\/innovexalgerie.com\/machines\/wp-json\/wp\/v2\/media?parent=331"}],"wp:term":[{"taxonomy":"product_cat","embeddable":true,"href":"https:\/\/innovexalgerie.com\/machines\/wp-json\/wp\/v2\/product_cat?post=331"},{"taxonomy":"product_tag","embeddable":true,"href":"https:\/\/innovexalgerie.com\/machines\/wp-json\/wp\/v2\/product_tag?post=331"}],"curies":[{"name":"wp","href":"https:\/\/api.w.org\/{rel}","templated":true}]}}