{"id":33229,"date":"2025-04-24T09:01:00","date_gmt":"2025-04-24T08:01:00","guid":{"rendered":"https:\/\/innovexalgerie.com\/machines\/?post_type=product&#038;p=33229"},"modified":"2025-04-24T10:55:09","modified_gmt":"2025-04-24T09:55:09","slug":"soudeuse-en-l-automatique-pro-ys-zb-5ad","status":"publish","type":"product","link":"https:\/\/innovexalgerie.com\/machines\/produit\/soudeuse-en-l-automatique-pro-ys-zb-5ad\/","title":{"rendered":"Soudeuse en L automatique PRO YS-ZB-5AD"},"content":{"rendered":"<p>La version PRO de la fardeleuse verticale \u00e0 barre en L. La machine utilise 3 piliers pour un fonctionnement vertical tr\u00e8s stable et une pression tr\u00e8s uniforme sur le film r\u00e9tractable. Elle assure un excellent scellage avec un effet de plis minimis\u00e9. La hauteur et la course du cadre de scellage sont r\u00e9glables et &#8217;emplacement des perforations est facilement r\u00e9glable.<\/p>\n<ul>\n<li>Connexion \u00e0 la cha\u00eene de production \u00e0 travers diff\u00e9rents syst\u00e8mes d&rsquo;alimentation.<\/li>\n<li>Convoyeur \u00e0 bande motoris\u00e9 r\u00e9glable en hauteur.<\/li>\n<li>Tableau de fonctionnement simple,avec une interface utilisateur \u00e0 menusclairs, facilitant son utilisation pour<br \/>\ndiverses applications.<\/li>\n<li>\u00c9cran tactile clair, simple et facile \u00e0 utiliser.<\/li>\n<li>Combinaison possible avec un tunnel de r\u00e9traction.<\/li>\n<li>Syst\u00e8me de perforation du film pour \u00e9viter la formation les bulles d\u2019air.<\/li>\n<li>D\u00e9tection des produits par cellule photo\u00e9lectrique horizontale ou verticale suivant le type du produit.<\/li>\n<li>Syst\u00e8mes de r\u00e9glage faciles et rapides pour passer d&rsquo;un produit \u00e0 l&rsquo;autre en peu de temps.<\/li>\n<li>Syst\u00e8mes \u00e9lectroniques et r\u00e9gulation pr\u00e9cise de la temp\u00e9rature et du temps d&rsquo;\u00e9tanch\u00e9it\u00e9.<\/li>\n<li>Couvercle transparent dot\u00e9 d&rsquo;un syst\u00e8me de s\u00e9curit\u00e9 pour pr\u00e9venir les accidents ind\u00e9sirables.<\/li>\n<li>R\u00e9cup\u00e9ration motoris\u00e9e de la chute.<\/li>\n<li>La barre de soudure verticale fonctionne par un syst\u00e8me pneumatique.<\/li>\n<li>Chauffage par double tube r\u00e9sistant pour un travail en continu non stop.<\/li>\n<li>Machine conforme aux normes CE.<\/li>\n<\/ul>\n<p><img loading=\"lazy\" decoding=\"async\" class=\"alignnone wp-image-33233 size-full\" src=\"https:\/\/innovexalgerie.com\/machines\/wp-content\/uploads\/2025\/04\/ICON-5AD.jpg\" alt=\"\" width=\"743\" height=\"232\" srcset=\"https:\/\/innovexalgerie.com\/machines\/wp-content\/uploads\/2025\/04\/ICON-5AD.jpg 743w, https:\/\/innovexalgerie.com\/machines\/wp-content\/uploads\/2025\/04\/ICON-5AD-300x94.jpg 300w, https:\/\/innovexalgerie.com\/machines\/wp-content\/uploads\/2025\/04\/ICON-5AD-600x187.jpg 600w\" sizes=\"auto, (max-width: 743px) 100vw, 743px\" \/><\/p>\n<p>&nbsp;<\/p>\n","protected":false},"excerpt":{"rendered":"<p>Soudeuse en L enti\u00e8rement automatique PRO en continue, la barre de soudure fonctionne par un syst\u00e8me pneumatique, avec une cadence de travail qui peut aller jusqu&rsquo;\u00e0 2700 paquet \/heure. <img loading=\"lazy\" decoding=\"async\" class=\"alignnone wp-image-33170 size-full\" src=\"https:\/\/innovexalgerie.com\/machines\/wp-content\/uploads\/2025\/03\/ICON-SOUDEUSE-AUTO-YSZB-5AX.jpg\" alt=\"ICON-SOUDEUSE-AUTO-YSZB-5AX\" width=\"1055\" height=\"217\" srcset=\"https:\/\/innovexalgerie.com\/machines\/wp-content\/uploads\/2025\/03\/ICON-SOUDEUSE-AUTO-YSZB-5AX.jpg 1055w, https:\/\/innovexalgerie.com\/machines\/wp-content\/uploads\/2025\/03\/ICON-SOUDEUSE-AUTO-YSZB-5AX-300x62.jpg 300w, https:\/\/innovexalgerie.com\/machines\/wp-content\/uploads\/2025\/03\/ICON-SOUDEUSE-AUTO-YSZB-5AX-1024x211.jpg 1024w, https:\/\/innovexalgerie.com\/machines\/wp-content\/uploads\/2025\/03\/ICON-SOUDEUSE-AUTO-YSZB-5AX-768x158.jpg 768w, https:\/\/innovexalgerie.com\/machines\/wp-content\/uploads\/2025\/03\/ICON-SOUDEUSE-AUTO-YSZB-5AX-600x123.jpg 600w\" sizes=\"auto, (max-width: 1055px) 100vw, 1055px\" \/><\/p>\n","protected":false},"featured_media":33232,"template":"","meta":{"_monsterinsights_skip_tracking":false,"_monsterinsights_sitenote_active":false,"_monsterinsights_sitenote_note":"","_monsterinsights_sitenote_category":0},"product_cat":[35,211],"product_tag":[60,31,41,42,44,45],"class_list":["post-33229","product","type-product","status-publish","has-post-thumbnail","hentry","product_cat-fardeleuse-et-cellophaneuse","product_cat-filmeuses-automatique","product_tag-automatique","product_tag-fardeleuse","product_tag-shrink","product_tag-shrink-wrapper","product_tag-soudeuse","product_tag-soudeuse-automatique"],"yoast_head":"<!-- This site is optimized with the Yoast SEO Premium plugin v16.2 (Yoast SEO v16.7) - https:\/\/yoast.com\/wordpress\/plugins\/seo\/ -->\n<title>Soudeuse en L automatique PRO YS-ZB-5AD - Innovex Machines | Innovex Algerie<\/title>\n<meta name=\"description\" content=\"Soudeuse en L enti\u00e8rement automatique en continu, la barre de soudure fonctionne par un syst\u00e8me pneumatique,avec une cadence de travail \u00e9lev\u00e9\" \/>\n<meta name=\"robots\" content=\"index, follow, max-snippet:-1, max-image-preview:large, max-video-preview:-1\" \/>\n<link rel=\"canonical\" href=\"https:\/\/innovexalgerie.com\/machines\/produit\/soudeuse-en-l-automatique-pro-ys-zb-5ad\/\" \/>\n<meta property=\"og:locale\" content=\"fr_FR\" \/>\n<meta property=\"og:type\" content=\"article\" \/>\n<meta property=\"og:title\" content=\"Soudeuse en L automatique PRO YS-ZB-5AD - Innovex Machines | Innovex Algerie\" \/>\n<meta property=\"og:description\" content=\"Soudeuse en L enti\u00e8rement automatique en continu, la barre de soudure fonctionne par un syst\u00e8me pneumatique,avec une cadence de travail \u00e9lev\u00e9\" \/>\n<meta property=\"og:url\" content=\"https:\/\/innovexalgerie.com\/machines\/produit\/soudeuse-en-l-automatique-pro-ys-zb-5ad\/\" \/>\n<meta property=\"og:site_name\" content=\"Innovex Machines | Innovex Algerie\" \/>\n<meta property=\"article:publisher\" content=\"https:\/\/www.facebook.com\/innovexmachine1\" \/>\n<meta property=\"article:modified_time\" content=\"2025-04-24T09:55:09+00:00\" \/>\n<meta property=\"og:image\" content=\"https:\/\/innovexalgerie.com\/machines\/wp-content\/uploads\/2025\/04\/5ad.jpg\" \/>\n\t<meta property=\"og:image:width\" content=\"500\" \/>\n\t<meta property=\"og:image:height\" content=\"500\" \/>\n<meta name=\"twitter:card\" content=\"summary_large_image\" \/>\n<meta name=\"twitter:label1\" content=\"Dur\u00e9e de lecture est.\" \/>\n\t<meta name=\"twitter:data1\" content=\"1 minute\" \/>\n<script type=\"application\/ld+json\" class=\"yoast-schema-graph\">{\"@context\":\"https:\/\/schema.org\",\"@graph\":[{\"@type\":\"WebSite\",\"@id\":\"https:\/\/innovexalgerie.com\/machines\/#website\",\"url\":\"https:\/\/innovexalgerie.com\/machines\/\",\"name\":\"Innovex Machines | Innovex Algerie\",\"description\":\"Fournisseur de machines d&#039;emballage et d&#039;imprimerie\",\"potentialAction\":[{\"@type\":\"SearchAction\",\"target\":{\"@type\":\"EntryPoint\",\"urlTemplate\":\"https:\/\/innovexalgerie.com\/machines\/?s={search_term_string}\"},\"query-input\":\"required name=search_term_string\"}],\"inLanguage\":\"fr-FR\"},{\"@type\":\"ImageObject\",\"@id\":\"https:\/\/innovexalgerie.com\/machines\/produit\/soudeuse-en-l-automatique-pro-ys-zb-5ad\/#primaryimage\",\"inLanguage\":\"fr-FR\",\"url\":\"https:\/\/innovexalgerie.com\/machines\/wp-content\/uploads\/2025\/04\/5ad.jpg\",\"contentUrl\":\"https:\/\/innovexalgerie.com\/machines\/wp-content\/uploads\/2025\/04\/5ad.jpg\",\"width\":500,\"height\":500,\"caption\":\"soudeuse-auto-yszb-5AD-inovex-algerie\"},{\"@type\":\"WebPage\",\"@id\":\"https:\/\/innovexalgerie.com\/machines\/produit\/soudeuse-en-l-automatique-pro-ys-zb-5ad\/#webpage\",\"url\":\"https:\/\/innovexalgerie.com\/machines\/produit\/soudeuse-en-l-automatique-pro-ys-zb-5ad\/\",\"name\":\"Soudeuse en L automatique PRO YS-ZB-5AD - Innovex Machines | Innovex Algerie\",\"isPartOf\":{\"@id\":\"https:\/\/innovexalgerie.com\/machines\/#website\"},\"primaryImageOfPage\":{\"@id\":\"https:\/\/innovexalgerie.com\/machines\/produit\/soudeuse-en-l-automatique-pro-ys-zb-5ad\/#primaryimage\"},\"datePublished\":\"2025-04-24T08:01:00+00:00\",\"dateModified\":\"2025-04-24T09:55:09+00:00\",\"description\":\"Soudeuse en L enti\\u00e8rement automatique en continu, la barre de soudure fonctionne par un syst\\u00e8me pneumatique,avec une cadence de travail \\u00e9lev\\u00e9\",\"breadcrumb\":{\"@id\":\"https:\/\/innovexalgerie.com\/machines\/produit\/soudeuse-en-l-automatique-pro-ys-zb-5ad\/#breadcrumb\"},\"inLanguage\":\"fr-FR\",\"potentialAction\":[{\"@type\":\"ReadAction\",\"target\":[\"https:\/\/innovexalgerie.com\/machines\/produit\/soudeuse-en-l-automatique-pro-ys-zb-5ad\/\"]}]},{\"@type\":\"BreadcrumbList\",\"@id\":\"https:\/\/innovexalgerie.com\/machines\/produit\/soudeuse-en-l-automatique-pro-ys-zb-5ad\/#breadcrumb\",\"itemListElement\":[{\"@type\":\"ListItem\",\"position\":1,\"name\":\"Accueil\",\"item\":\"https:\/\/innovexalgerie.com\/machines\/\"},{\"@type\":\"ListItem\",\"position\":2,\"name\":\"Produits\",\"item\":\"https:\/\/innovexalgerie.com\/machines\/boutique\/\"},{\"@type\":\"ListItem\",\"position\":3,\"name\":\"Soudeuse en L automatique PRO YS-ZB-5AD\"}]}]}<\/script>\n<!-- \/ Yoast SEO Premium plugin. -->","yoast_head_json":{"title":"Soudeuse en L automatique PRO YS-ZB-5AD - Innovex Machines | Innovex Algerie","description":"Soudeuse en L enti\u00e8rement automatique en continu, la barre de soudure fonctionne par un syst\u00e8me pneumatique,avec une cadence de travail \u00e9lev\u00e9","robots":{"index":"index","follow":"follow","max-snippet":"max-snippet:-1","max-image-preview":"max-image-preview:large","max-video-preview":"max-video-preview:-1"},"canonical":"https:\/\/innovexalgerie.com\/machines\/produit\/soudeuse-en-l-automatique-pro-ys-zb-5ad\/","og_locale":"fr_FR","og_type":"article","og_title":"Soudeuse en L automatique PRO YS-ZB-5AD - Innovex Machines | Innovex Algerie","og_description":"Soudeuse en L enti\u00e8rement automatique en continu, la barre de soudure fonctionne par un syst\u00e8me pneumatique,avec une cadence de travail \u00e9lev\u00e9","og_url":"https:\/\/innovexalgerie.com\/machines\/produit\/soudeuse-en-l-automatique-pro-ys-zb-5ad\/","og_site_name":"Innovex Machines | Innovex Algerie","article_publisher":"https:\/\/www.facebook.com\/innovexmachine1","article_modified_time":"2025-04-24T09:55:09+00:00","og_image":[{"width":500,"height":500,"filesize":98361,"url":"https:\/\/innovexalgerie.com\/machines\/wp-content\/uploads\/2025\/04\/5ad.jpg","path":"\/home\/inovex\/public_html\/machines\/wp-content\/uploads\/2025\/04\/5ad.jpg","size":"full","id":33232,"alt":"soudeuse-auto-yszb-5AD-inovex-algerie","pixels":250000,"type":"image\/jpeg"}],"twitter_card":"summary_large_image","twitter_misc":{"Dur\u00e9e de lecture est.":"1 minute"},"schema":{"@context":"https:\/\/schema.org","@graph":[{"@type":"WebSite","@id":"https:\/\/innovexalgerie.com\/machines\/#website","url":"https:\/\/innovexalgerie.com\/machines\/","name":"Innovex Machines | Innovex Algerie","description":"Fournisseur de machines d&#039;emballage et d&#039;imprimerie","potentialAction":[{"@type":"SearchAction","target":{"@type":"EntryPoint","urlTemplate":"https:\/\/innovexalgerie.com\/machines\/?s={search_term_string}"},"query-input":"required name=search_term_string"}],"inLanguage":"fr-FR"},{"@type":"ImageObject","@id":"https:\/\/innovexalgerie.com\/machines\/produit\/soudeuse-en-l-automatique-pro-ys-zb-5ad\/#primaryimage","inLanguage":"fr-FR","url":"https:\/\/innovexalgerie.com\/machines\/wp-content\/uploads\/2025\/04\/5ad.jpg","contentUrl":"https:\/\/innovexalgerie.com\/machines\/wp-content\/uploads\/2025\/04\/5ad.jpg","width":500,"height":500,"caption":"soudeuse-auto-yszb-5AD-inovex-algerie"},{"@type":"WebPage","@id":"https:\/\/innovexalgerie.com\/machines\/produit\/soudeuse-en-l-automatique-pro-ys-zb-5ad\/#webpage","url":"https:\/\/innovexalgerie.com\/machines\/produit\/soudeuse-en-l-automatique-pro-ys-zb-5ad\/","name":"Soudeuse en L automatique PRO YS-ZB-5AD - Innovex Machines | Innovex Algerie","isPartOf":{"@id":"https:\/\/innovexalgerie.com\/machines\/#website"},"primaryImageOfPage":{"@id":"https:\/\/innovexalgerie.com\/machines\/produit\/soudeuse-en-l-automatique-pro-ys-zb-5ad\/#primaryimage"},"datePublished":"2025-04-24T08:01:00+00:00","dateModified":"2025-04-24T09:55:09+00:00","description":"Soudeuse en L enti\u00e8rement automatique en continu, la barre de soudure fonctionne par un syst\u00e8me pneumatique,avec une cadence de travail \u00e9lev\u00e9","breadcrumb":{"@id":"https:\/\/innovexalgerie.com\/machines\/produit\/soudeuse-en-l-automatique-pro-ys-zb-5ad\/#breadcrumb"},"inLanguage":"fr-FR","potentialAction":[{"@type":"ReadAction","target":["https:\/\/innovexalgerie.com\/machines\/produit\/soudeuse-en-l-automatique-pro-ys-zb-5ad\/"]}]},{"@type":"BreadcrumbList","@id":"https:\/\/innovexalgerie.com\/machines\/produit\/soudeuse-en-l-automatique-pro-ys-zb-5ad\/#breadcrumb","itemListElement":[{"@type":"ListItem","position":1,"name":"Accueil","item":"https:\/\/innovexalgerie.com\/machines\/"},{"@type":"ListItem","position":2,"name":"Produits","item":"https:\/\/innovexalgerie.com\/machines\/boutique\/"},{"@type":"ListItem","position":3,"name":"Soudeuse en L automatique PRO YS-ZB-5AD"}]}]}},"_links":{"self":[{"href":"https:\/\/innovexalgerie.com\/machines\/wp-json\/wp\/v2\/product\/33229","targetHints":{"allow":["GET"]}}],"collection":[{"href":"https:\/\/innovexalgerie.com\/machines\/wp-json\/wp\/v2\/product"}],"about":[{"href":"https:\/\/innovexalgerie.com\/machines\/wp-json\/wp\/v2\/types\/product"}],"version-history":[{"count":1,"href":"https:\/\/innovexalgerie.com\/machines\/wp-json\/wp\/v2\/product\/33229\/revisions"}],"predecessor-version":[{"id":33234,"href":"https:\/\/innovexalgerie.com\/machines\/wp-json\/wp\/v2\/product\/33229\/revisions\/33234"}],"wp:featuredmedia":[{"embeddable":true,"href":"https:\/\/innovexalgerie.com\/machines\/wp-json\/wp\/v2\/media\/33232"}],"wp:attachment":[{"href":"https:\/\/innovexalgerie.com\/machines\/wp-json\/wp\/v2\/media?parent=33229"}],"wp:term":[{"taxonomy":"product_cat","embeddable":true,"href":"https:\/\/innovexalgerie.com\/machines\/wp-json\/wp\/v2\/product_cat?post=33229"},{"taxonomy":"product_tag","embeddable":true,"href":"https:\/\/innovexalgerie.com\/machines\/wp-json\/wp\/v2\/product_tag?post=33229"}],"curies":[{"name":"wp","href":"https:\/\/api.w.org\/{rel}","templated":true}]}}