{"id":33353,"date":"2025-06-03T14:59:09","date_gmt":"2025-06-03T13:59:09","guid":{"rendered":"https:\/\/innovexalgerie.com\/machines\/?post_type=product&#038;p=33353"},"modified":"2025-06-22T13:55:34","modified_gmt":"2025-06-22T12:55:34","slug":"machine-sous-vide-verticale-dzl600","status":"publish","type":"product","link":"https:\/\/innovexalgerie.com\/machines\/produit\/machine-sous-vide-verticale-dzl600\/","title":{"rendered":"Machine Sous-vide verticale DZL600"},"content":{"rendered":"<p>Machine d\u2019emballage sous vide verticale <strong>DZL600<\/strong> adaptable pour les sacs lourds ou de grande dimension, d\u2019agro alimntaires, pharmacetiques, fruits secs&#8230; fabriqu\u00e9e enti\u00e8rement en acier inoxydable, elle est adaptable pour tout les dimensions du sac sous vide gr\u00e2ce \u00e0 une table de travail de hauteur r\u00e9glable.<\/p>\n<ul>\n<li>Machine facile \u00e0 utiliser, \u00e0 nettoyer et \u00e0 entretenir.<\/li>\n<li>Tableau de fonctionnement digital facile \u00e0 utiliser.<\/li>\n<li>Table de travail de hateur r\u00e9glable.<\/li>\n<li>Barre de soudure rev\u00eatu du t\u00e9flon qui permet une \u00e9tanch\u00e9it\u00e9 propre et sans liaison.<\/li>\n<li>Grande chambre \u00e0 vide pour gros colis.<\/li>\n<li>Machine conforme aux normes CE.<\/li>\n<\/ul>\n","protected":false},"excerpt":{"rendered":"<p>Machine sous vide externe verticale adaptable pour les sacs lourds ou de grande dimension, d\u2019agro alimntaires, pharmacetiques, fruits secs.., est adaptable pour tout les dimensions du sav sous vide gr\u00e2ce \u00e0 une table de travail de hauteur r\u00e9glable.<img loading=\"lazy\" decoding=\"async\" class=\"alignnone wp-image-33411 size-full\" src=\"https:\/\/innovexalgerie.com\/machines\/wp-content\/uploads\/2025\/06\/icon-dzl600.jpg\" alt=\"\" width=\"908\" height=\"231\" srcset=\"https:\/\/innovexalgerie.com\/machines\/wp-content\/uploads\/2025\/06\/icon-dzl600.jpg 908w, https:\/\/innovexalgerie.com\/machines\/wp-content\/uploads\/2025\/06\/icon-dzl600-300x76.jpg 300w, https:\/\/innovexalgerie.com\/machines\/wp-content\/uploads\/2025\/06\/icon-dzl600-768x195.jpg 768w, https:\/\/innovexalgerie.com\/machines\/wp-content\/uploads\/2025\/06\/icon-dzl600-600x153.jpg 600w\" sizes=\"auto, (max-width: 908px) 100vw, 908px\" \/><\/p>\n","protected":false},"featured_media":33399,"template":"","meta":{"_monsterinsights_skip_tracking":false,"_monsterinsights_sitenote_active":false,"_monsterinsights_sitenote_note":"","_monsterinsights_sitenote_category":0},"product_cat":[23,263],"product_tag":[24,264,287,26,25],"class_list":["post-33353","product","type-product","status-publish","has-post-thumbnail","hentry","product_cat-sous-vides","product_cat-sous-vide-externe-sous-vides","product_tag-emballage","product_tag-externe","product_tag-gros-sacs","product_tag-sacs-sous-vide","product_tag-sous-vide"],"yoast_head":"<!-- This site is optimized with the Yoast SEO Premium plugin v16.2 (Yoast SEO v16.7) - https:\/\/yoast.com\/wordpress\/plugins\/seo\/ -->\n<title>Machine Sous-vide verticale DZL600 - Innovex Machines | Innovex Algerie<\/title>\n<meta name=\"description\" content=\"Machine sous vide externe adaptable pour les sacs lourds ou de grande dimension, d\u2019agro alimntaires, pharmacetiques, fruits secs..,\" \/>\n<meta name=\"robots\" content=\"index, follow, max-snippet:-1, max-image-preview:large, max-video-preview:-1\" \/>\n<link rel=\"canonical\" href=\"https:\/\/innovexalgerie.com\/machines\/produit\/machine-sous-vide-verticale-dzl600\/\" \/>\n<meta property=\"og:locale\" content=\"fr_FR\" \/>\n<meta property=\"og:type\" content=\"article\" \/>\n<meta property=\"og:title\" content=\"Machine Sous-vide verticale DZL600 - Innovex Machines | Innovex Algerie\" \/>\n<meta property=\"og:description\" content=\"Machine sous vide externe adaptable pour les sacs lourds ou de grande dimension, d\u2019agro alimntaires, pharmacetiques, fruits secs..,\" \/>\n<meta property=\"og:url\" content=\"https:\/\/innovexalgerie.com\/machines\/produit\/machine-sous-vide-verticale-dzl600\/\" \/>\n<meta property=\"og:site_name\" content=\"Innovex Machines | Innovex Algerie\" \/>\n<meta property=\"article:publisher\" content=\"https:\/\/www.facebook.com\/innovexmachine1\" \/>\n<meta property=\"article:modified_time\" content=\"2025-06-22T12:55:34+00:00\" \/>\n<meta property=\"og:image\" content=\"https:\/\/innovexalgerie.com\/machines\/wp-content\/uploads\/2025\/06\/DZL600.jpg\" \/>\n\t<meta property=\"og:image:width\" content=\"1000\" \/>\n\t<meta property=\"og:image:height\" content=\"1000\" \/>\n<meta name=\"twitter:card\" content=\"summary_large_image\" \/>\n<meta name=\"twitter:label1\" content=\"Dur\u00e9e de lecture est.\" \/>\n\t<meta name=\"twitter:data1\" content=\"1 minute\" \/>\n<script type=\"application\/ld+json\" class=\"yoast-schema-graph\">{\"@context\":\"https:\/\/schema.org\",\"@graph\":[{\"@type\":\"WebSite\",\"@id\":\"https:\/\/innovexalgerie.com\/machines\/#website\",\"url\":\"https:\/\/innovexalgerie.com\/machines\/\",\"name\":\"Innovex Machines | Innovex Algerie\",\"description\":\"Fournisseur de machines d&#039;emballage et d&#039;imprimerie\",\"potentialAction\":[{\"@type\":\"SearchAction\",\"target\":{\"@type\":\"EntryPoint\",\"urlTemplate\":\"https:\/\/innovexalgerie.com\/machines\/?s={search_term_string}\"},\"query-input\":\"required name=search_term_string\"}],\"inLanguage\":\"fr-FR\"},{\"@type\":\"ImageObject\",\"@id\":\"https:\/\/innovexalgerie.com\/machines\/produit\/machine-sous-vide-verticale-dzl600\/#primaryimage\",\"inLanguage\":\"fr-FR\",\"url\":\"https:\/\/innovexalgerie.com\/machines\/wp-content\/uploads\/2025\/06\/DZL600.jpg\",\"contentUrl\":\"https:\/\/innovexalgerie.com\/machines\/wp-content\/uploads\/2025\/06\/DZL600.jpg\",\"width\":1000,\"height\":1000,\"caption\":\"SOUS VIDE EXTERNE DZL600 INNOVEX ALGERIE\"},{\"@type\":\"WebPage\",\"@id\":\"https:\/\/innovexalgerie.com\/machines\/produit\/machine-sous-vide-verticale-dzl600\/#webpage\",\"url\":\"https:\/\/innovexalgerie.com\/machines\/produit\/machine-sous-vide-verticale-dzl600\/\",\"name\":\"Machine Sous-vide verticale DZL600 - Innovex Machines | Innovex Algerie\",\"isPartOf\":{\"@id\":\"https:\/\/innovexalgerie.com\/machines\/#website\"},\"primaryImageOfPage\":{\"@id\":\"https:\/\/innovexalgerie.com\/machines\/produit\/machine-sous-vide-verticale-dzl600\/#primaryimage\"},\"datePublished\":\"2025-06-03T13:59:09+00:00\",\"dateModified\":\"2025-06-22T12:55:34+00:00\",\"description\":\"Machine sous vide externe adaptable pour les sacs lourds ou de grande dimension, d\\u2019agro alimntaires, pharmacetiques, fruits secs..,\",\"breadcrumb\":{\"@id\":\"https:\/\/innovexalgerie.com\/machines\/produit\/machine-sous-vide-verticale-dzl600\/#breadcrumb\"},\"inLanguage\":\"fr-FR\",\"potentialAction\":[{\"@type\":\"ReadAction\",\"target\":[\"https:\/\/innovexalgerie.com\/machines\/produit\/machine-sous-vide-verticale-dzl600\/\"]}]},{\"@type\":\"BreadcrumbList\",\"@id\":\"https:\/\/innovexalgerie.com\/machines\/produit\/machine-sous-vide-verticale-dzl600\/#breadcrumb\",\"itemListElement\":[{\"@type\":\"ListItem\",\"position\":1,\"name\":\"Accueil\",\"item\":\"https:\/\/innovexalgerie.com\/machines\/\"},{\"@type\":\"ListItem\",\"position\":2,\"name\":\"Produits\",\"item\":\"https:\/\/innovexalgerie.com\/machines\/boutique\/\"},{\"@type\":\"ListItem\",\"position\":3,\"name\":\"Machine Sous-vide verticale DZL600\"}]}]}<\/script>\n<!-- \/ Yoast SEO Premium plugin. -->","yoast_head_json":{"title":"Machine Sous-vide verticale DZL600 - Innovex Machines | Innovex Algerie","description":"Machine sous vide externe adaptable pour les sacs lourds ou de grande dimension, d\u2019agro alimntaires, pharmacetiques, fruits secs..,","robots":{"index":"index","follow":"follow","max-snippet":"max-snippet:-1","max-image-preview":"max-image-preview:large","max-video-preview":"max-video-preview:-1"},"canonical":"https:\/\/innovexalgerie.com\/machines\/produit\/machine-sous-vide-verticale-dzl600\/","og_locale":"fr_FR","og_type":"article","og_title":"Machine Sous-vide verticale DZL600 - Innovex Machines | Innovex Algerie","og_description":"Machine sous vide externe adaptable pour les sacs lourds ou de grande dimension, d\u2019agro alimntaires, pharmacetiques, fruits secs..,","og_url":"https:\/\/innovexalgerie.com\/machines\/produit\/machine-sous-vide-verticale-dzl600\/","og_site_name":"Innovex Machines | Innovex Algerie","article_publisher":"https:\/\/www.facebook.com\/innovexmachine1","article_modified_time":"2025-06-22T12:55:34+00:00","og_image":[{"width":1000,"height":1000,"filesize":213058,"url":"https:\/\/innovexalgerie.com\/machines\/wp-content\/uploads\/2025\/06\/DZL600.jpg","path":"\/home\/inovex\/public_html\/machines\/wp-content\/uploads\/2025\/06\/DZL600.jpg","size":"full","id":33399,"alt":"SOUS VIDE EXTERNE DZL600 INNOVEX ALGERIE","pixels":1000000,"type":"image\/jpeg"}],"twitter_card":"summary_large_image","twitter_misc":{"Dur\u00e9e de lecture est.":"1 minute"},"schema":{"@context":"https:\/\/schema.org","@graph":[{"@type":"WebSite","@id":"https:\/\/innovexalgerie.com\/machines\/#website","url":"https:\/\/innovexalgerie.com\/machines\/","name":"Innovex Machines | Innovex Algerie","description":"Fournisseur de machines d&#039;emballage et d&#039;imprimerie","potentialAction":[{"@type":"SearchAction","target":{"@type":"EntryPoint","urlTemplate":"https:\/\/innovexalgerie.com\/machines\/?s={search_term_string}"},"query-input":"required name=search_term_string"}],"inLanguage":"fr-FR"},{"@type":"ImageObject","@id":"https:\/\/innovexalgerie.com\/machines\/produit\/machine-sous-vide-verticale-dzl600\/#primaryimage","inLanguage":"fr-FR","url":"https:\/\/innovexalgerie.com\/machines\/wp-content\/uploads\/2025\/06\/DZL600.jpg","contentUrl":"https:\/\/innovexalgerie.com\/machines\/wp-content\/uploads\/2025\/06\/DZL600.jpg","width":1000,"height":1000,"caption":"SOUS VIDE EXTERNE DZL600 INNOVEX ALGERIE"},{"@type":"WebPage","@id":"https:\/\/innovexalgerie.com\/machines\/produit\/machine-sous-vide-verticale-dzl600\/#webpage","url":"https:\/\/innovexalgerie.com\/machines\/produit\/machine-sous-vide-verticale-dzl600\/","name":"Machine Sous-vide verticale DZL600 - Innovex Machines | Innovex Algerie","isPartOf":{"@id":"https:\/\/innovexalgerie.com\/machines\/#website"},"primaryImageOfPage":{"@id":"https:\/\/innovexalgerie.com\/machines\/produit\/machine-sous-vide-verticale-dzl600\/#primaryimage"},"datePublished":"2025-06-03T13:59:09+00:00","dateModified":"2025-06-22T12:55:34+00:00","description":"Machine sous vide externe adaptable pour les sacs lourds ou de grande dimension, d\u2019agro alimntaires, pharmacetiques, fruits secs..,","breadcrumb":{"@id":"https:\/\/innovexalgerie.com\/machines\/produit\/machine-sous-vide-verticale-dzl600\/#breadcrumb"},"inLanguage":"fr-FR","potentialAction":[{"@type":"ReadAction","target":["https:\/\/innovexalgerie.com\/machines\/produit\/machine-sous-vide-verticale-dzl600\/"]}]},{"@type":"BreadcrumbList","@id":"https:\/\/innovexalgerie.com\/machines\/produit\/machine-sous-vide-verticale-dzl600\/#breadcrumb","itemListElement":[{"@type":"ListItem","position":1,"name":"Accueil","item":"https:\/\/innovexalgerie.com\/machines\/"},{"@type":"ListItem","position":2,"name":"Produits","item":"https:\/\/innovexalgerie.com\/machines\/boutique\/"},{"@type":"ListItem","position":3,"name":"Machine Sous-vide verticale DZL600"}]}]}},"_links":{"self":[{"href":"https:\/\/innovexalgerie.com\/machines\/wp-json\/wp\/v2\/product\/33353","targetHints":{"allow":["GET"]}}],"collection":[{"href":"https:\/\/innovexalgerie.com\/machines\/wp-json\/wp\/v2\/product"}],"about":[{"href":"https:\/\/innovexalgerie.com\/machines\/wp-json\/wp\/v2\/types\/product"}],"version-history":[{"count":1,"href":"https:\/\/innovexalgerie.com\/machines\/wp-json\/wp\/v2\/product\/33353\/revisions"}],"predecessor-version":[{"id":33413,"href":"https:\/\/innovexalgerie.com\/machines\/wp-json\/wp\/v2\/product\/33353\/revisions\/33413"}],"wp:featuredmedia":[{"embeddable":true,"href":"https:\/\/innovexalgerie.com\/machines\/wp-json\/wp\/v2\/media\/33399"}],"wp:attachment":[{"href":"https:\/\/innovexalgerie.com\/machines\/wp-json\/wp\/v2\/media?parent=33353"}],"wp:term":[{"taxonomy":"product_cat","embeddable":true,"href":"https:\/\/innovexalgerie.com\/machines\/wp-json\/wp\/v2\/product_cat?post=33353"},{"taxonomy":"product_tag","embeddable":true,"href":"https:\/\/innovexalgerie.com\/machines\/wp-json\/wp\/v2\/product_tag?post=33353"}],"curies":[{"name":"wp","href":"https:\/\/api.w.org\/{rel}","templated":true}]}}