{"id":33562,"date":"2025-08-20T12:09:16","date_gmt":"2025-08-20T11:09:16","guid":{"rendered":"https:\/\/innovexalgerie.com\/machines\/?post_type=product&#038;p=33562"},"modified":"2025-08-20T12:12:03","modified_gmt":"2025-08-20T11:12:03","slug":"remplisseuse-de-pate-a-piston-penumatique-electrique-g1wgd-1000","status":"publish","type":"product","link":"https:\/\/innovexalgerie.com\/machines\/produit\/remplisseuse-de-pate-a-piston-penumatique-electrique-g1wgd-1000\/","title":{"rendered":"Remplisseuse de pate \u00e0 piston penumatique &#8211; \u00e9lectrique G1WGD-1000"},"content":{"rendered":"<p style=\"text-align: left;\">Machine de remplissage de pate \u00e0 piston <strong>G1WGD-1000<\/strong> horizontale \u00e0 t\u00eate unique en acier inoxydable, con\u00e7ue pour le remplissage pr\u00e9cis de liquides ou de cr\u00e8mes liquides, dans des contenants de 100 \u00e0 1000 ml. Elle convient parfaitement aux applications dans les industries alimentaire, cosm\u00e9tique, pharmaceutique et chimique.<\/p>\n<ul>\n<li style=\"text-align: left;\">Construction en Acier Inoxydable le corps et la tr\u00e9mie sont en acier inoxydable de qualit\u00e9 alimentaire, qui est anti-corrosion et r\u00e9sistant \u00e0 l&rsquo;usure,<br \/>\nsolide et durable.<\/li>\n<li style=\"text-align: left;\">Id\u00e9al pour les mat\u00e9riaux solides non collants en g\u00e9n\u00e9ral.<\/li>\n<li style=\"text-align: left;\">Dot\u00e9e d\u2019un syst\u00e8me pneumatique \u00e0 piston performant, elle assure un remplissage r\u00e9gulier<br \/>\navec une pr\u00e9cision \u00e9lev\u00e9e, tout en offrant une utilisation simple et fiable.<\/li>\n<li style=\"text-align: left;\">R\u00e9glage facile du volume de remplissage avec une plage de dosage (100 \u00e01000ml).<\/li>\n<li style=\"text-align: left;\">Syst\u00e8me anti-goutte pour \u00e9viter les pertes de produit.<\/li>\n<li style=\"text-align: left;\">Facile \u00e0 nettoyer gr\u00e2ce aux composants d\u00e9montable.<\/li>\n<li style=\"text-align: left;\">Convient au remplissage de bouteilles, bocaux, pots et sachets, utilis\u00e9e dans les industries alimentaires, cosm\u00e9tiques et pharmaceutiques.<\/li>\n<\/ul>\n","protected":false},"excerpt":{"rendered":"<p>Remplissage de pate \u00e0 piston G1WGD-1000 horizontale \u00e0 t\u00eate unique en acier inoxydable, \u00a0con\u00e7ue pour remplir de 100 \u00e0 1000 ml de liquide ou de cr\u00e8me liquide, etc. Convient aux industries pharmaceutique, cosm\u00e9tique, alimentaire, et autres industries sp\u00e9ciales.<\/p>\n","protected":false},"featured_media":33546,"template":"","meta":{"_monsterinsights_skip_tracking":false,"_monsterinsights_sitenote_active":false,"_monsterinsights_sitenote_note":"","_monsterinsights_sitenote_category":0},"product_cat":[271,272],"product_tag":[],"class_list":["post-33562","product","type-product","status-publish","has-post-thumbnail","hentry","product_cat-remplisseuse","product_cat-remplisseuse-liquide"],"yoast_head":"<!-- This site is optimized with the Yoast SEO Premium plugin v16.2 (Yoast SEO v16.7) - https:\/\/yoast.com\/wordpress\/plugins\/seo\/ -->\n<title>Remplisseuse de pate \u00e0 piston penumatique - \u00e9lectrique G1WGD-1000 - Innovex Machines | Innovex Algerie<\/title>\n<meta name=\"robots\" content=\"index, follow, max-snippet:-1, max-image-preview:large, max-video-preview:-1\" \/>\n<link rel=\"canonical\" href=\"https:\/\/innovexalgerie.com\/machines\/produit\/remplisseuse-de-pate-a-piston-penumatique-electrique-g1wgd-1000\/\" \/>\n<meta property=\"og:locale\" content=\"fr_FR\" \/>\n<meta property=\"og:type\" content=\"article\" \/>\n<meta property=\"og:title\" content=\"Remplisseuse de pate \u00e0 piston penumatique - \u00e9lectrique G1WGD-1000 - Innovex Machines | Innovex Algerie\" \/>\n<meta property=\"og:description\" content=\"Remplissage de pate \u00e0 piston G1WGD-1000 horizontale \u00e0 t\u00eate unique en acier inoxydable, \u00a0con\u00e7ue pour remplir de 100 \u00e0 1000 ml de liquide ou de cr\u00e8me liquide, etc. Convient aux industries pharmaceutique, cosm\u00e9tique, alimentaire, et autres industries sp\u00e9ciales.\" \/>\n<meta property=\"og:url\" content=\"https:\/\/innovexalgerie.com\/machines\/produit\/remplisseuse-de-pate-a-piston-penumatique-electrique-g1wgd-1000\/\" \/>\n<meta property=\"og:site_name\" content=\"Innovex Machines | Innovex Algerie\" \/>\n<meta property=\"article:publisher\" content=\"https:\/\/www.facebook.com\/innovexmachine1\" \/>\n<meta property=\"article:modified_time\" content=\"2025-08-20T11:12:03+00:00\" \/>\n<meta property=\"og:image\" content=\"https:\/\/innovexalgerie.com\/machines\/wp-content\/uploads\/2025\/08\/remplisseuse-1.png\" \/>\n\t<meta property=\"og:image:width\" content=\"1000\" \/>\n\t<meta property=\"og:image:height\" content=\"1000\" \/>\n<meta name=\"twitter:card\" content=\"summary_large_image\" \/>\n<meta name=\"twitter:label1\" content=\"Dur\u00e9e de lecture est.\" \/>\n\t<meta name=\"twitter:data1\" content=\"1 minute\" \/>\n<script type=\"application\/ld+json\" class=\"yoast-schema-graph\">{\"@context\":\"https:\/\/schema.org\",\"@graph\":[{\"@type\":\"WebSite\",\"@id\":\"https:\/\/innovexalgerie.com\/machines\/#website\",\"url\":\"https:\/\/innovexalgerie.com\/machines\/\",\"name\":\"Innovex Machines | Innovex Algerie\",\"description\":\"Fournisseur de machines d&#039;emballage et d&#039;imprimerie\",\"potentialAction\":[{\"@type\":\"SearchAction\",\"target\":{\"@type\":\"EntryPoint\",\"urlTemplate\":\"https:\/\/innovexalgerie.com\/machines\/?s={search_term_string}\"},\"query-input\":\"required name=search_term_string\"}],\"inLanguage\":\"fr-FR\"},{\"@type\":\"ImageObject\",\"@id\":\"https:\/\/innovexalgerie.com\/machines\/produit\/remplisseuse-de-pate-a-piston-penumatique-electrique-g1wgd-1000\/#primaryimage\",\"inLanguage\":\"fr-FR\",\"url\":\"https:\/\/innovexalgerie.com\/machines\/wp-content\/uploads\/2025\/08\/remplisseuse-1.png\",\"contentUrl\":\"https:\/\/innovexalgerie.com\/machines\/wp-content\/uploads\/2025\/08\/remplisseuse-1.png\",\"width\":1000,\"height\":1000,\"caption\":\"remplisseuse de pate \\u00e0 piston\"},{\"@type\":\"WebPage\",\"@id\":\"https:\/\/innovexalgerie.com\/machines\/produit\/remplisseuse-de-pate-a-piston-penumatique-electrique-g1wgd-1000\/#webpage\",\"url\":\"https:\/\/innovexalgerie.com\/machines\/produit\/remplisseuse-de-pate-a-piston-penumatique-electrique-g1wgd-1000\/\",\"name\":\"Remplisseuse de pate \\u00e0 piston penumatique - \\u00e9lectrique G1WGD-1000 - Innovex Machines | Innovex Algerie\",\"isPartOf\":{\"@id\":\"https:\/\/innovexalgerie.com\/machines\/#website\"},\"primaryImageOfPage\":{\"@id\":\"https:\/\/innovexalgerie.com\/machines\/produit\/remplisseuse-de-pate-a-piston-penumatique-electrique-g1wgd-1000\/#primaryimage\"},\"datePublished\":\"2025-08-20T11:09:16+00:00\",\"dateModified\":\"2025-08-20T11:12:03+00:00\",\"breadcrumb\":{\"@id\":\"https:\/\/innovexalgerie.com\/machines\/produit\/remplisseuse-de-pate-a-piston-penumatique-electrique-g1wgd-1000\/#breadcrumb\"},\"inLanguage\":\"fr-FR\",\"potentialAction\":[{\"@type\":\"ReadAction\",\"target\":[\"https:\/\/innovexalgerie.com\/machines\/produit\/remplisseuse-de-pate-a-piston-penumatique-electrique-g1wgd-1000\/\"]}]},{\"@type\":\"BreadcrumbList\",\"@id\":\"https:\/\/innovexalgerie.com\/machines\/produit\/remplisseuse-de-pate-a-piston-penumatique-electrique-g1wgd-1000\/#breadcrumb\",\"itemListElement\":[{\"@type\":\"ListItem\",\"position\":1,\"name\":\"Accueil\",\"item\":\"https:\/\/innovexalgerie.com\/machines\/\"},{\"@type\":\"ListItem\",\"position\":2,\"name\":\"Produits\",\"item\":\"https:\/\/innovexalgerie.com\/machines\/boutique\/\"},{\"@type\":\"ListItem\",\"position\":3,\"name\":\"Remplisseuse de pate \\u00e0 piston penumatique &#8211; \\u00e9lectrique G1WGD-1000\"}]}]}<\/script>\n<!-- \/ Yoast SEO Premium plugin. -->","yoast_head_json":{"title":"Remplisseuse de pate \u00e0 piston penumatique - \u00e9lectrique G1WGD-1000 - Innovex Machines | Innovex Algerie","robots":{"index":"index","follow":"follow","max-snippet":"max-snippet:-1","max-image-preview":"max-image-preview:large","max-video-preview":"max-video-preview:-1"},"canonical":"https:\/\/innovexalgerie.com\/machines\/produit\/remplisseuse-de-pate-a-piston-penumatique-electrique-g1wgd-1000\/","og_locale":"fr_FR","og_type":"article","og_title":"Remplisseuse de pate \u00e0 piston penumatique - \u00e9lectrique G1WGD-1000 - Innovex Machines | Innovex Algerie","og_description":"Remplissage de pate \u00e0 piston G1WGD-1000 horizontale \u00e0 t\u00eate unique en acier inoxydable, \u00a0con\u00e7ue pour remplir de 100 \u00e0 1000 ml de liquide ou de cr\u00e8me liquide, etc. Convient aux industries pharmaceutique, cosm\u00e9tique, alimentaire, et autres industries sp\u00e9ciales.","og_url":"https:\/\/innovexalgerie.com\/machines\/produit\/remplisseuse-de-pate-a-piston-penumatique-electrique-g1wgd-1000\/","og_site_name":"Innovex Machines | Innovex Algerie","article_publisher":"https:\/\/www.facebook.com\/innovexmachine1","article_modified_time":"2025-08-20T11:12:03+00:00","og_image":[{"width":1000,"height":1000,"filesize":277946,"url":"https:\/\/innovexalgerie.com\/machines\/wp-content\/uploads\/2025\/08\/remplisseuse-1.png","path":"\/home\/inovex\/public_html\/machines\/wp-content\/uploads\/2025\/08\/remplisseuse-1.png","size":"full","id":33546,"alt":"remplisseuse de pate \u00e0 piston","pixels":1000000,"type":"image\/png"}],"twitter_card":"summary_large_image","twitter_misc":{"Dur\u00e9e de lecture est.":"1 minute"},"schema":{"@context":"https:\/\/schema.org","@graph":[{"@type":"WebSite","@id":"https:\/\/innovexalgerie.com\/machines\/#website","url":"https:\/\/innovexalgerie.com\/machines\/","name":"Innovex Machines | Innovex Algerie","description":"Fournisseur de machines d&#039;emballage et d&#039;imprimerie","potentialAction":[{"@type":"SearchAction","target":{"@type":"EntryPoint","urlTemplate":"https:\/\/innovexalgerie.com\/machines\/?s={search_term_string}"},"query-input":"required name=search_term_string"}],"inLanguage":"fr-FR"},{"@type":"ImageObject","@id":"https:\/\/innovexalgerie.com\/machines\/produit\/remplisseuse-de-pate-a-piston-penumatique-electrique-g1wgd-1000\/#primaryimage","inLanguage":"fr-FR","url":"https:\/\/innovexalgerie.com\/machines\/wp-content\/uploads\/2025\/08\/remplisseuse-1.png","contentUrl":"https:\/\/innovexalgerie.com\/machines\/wp-content\/uploads\/2025\/08\/remplisseuse-1.png","width":1000,"height":1000,"caption":"remplisseuse de pate \u00e0 piston"},{"@type":"WebPage","@id":"https:\/\/innovexalgerie.com\/machines\/produit\/remplisseuse-de-pate-a-piston-penumatique-electrique-g1wgd-1000\/#webpage","url":"https:\/\/innovexalgerie.com\/machines\/produit\/remplisseuse-de-pate-a-piston-penumatique-electrique-g1wgd-1000\/","name":"Remplisseuse de pate \u00e0 piston penumatique - \u00e9lectrique G1WGD-1000 - Innovex Machines | Innovex Algerie","isPartOf":{"@id":"https:\/\/innovexalgerie.com\/machines\/#website"},"primaryImageOfPage":{"@id":"https:\/\/innovexalgerie.com\/machines\/produit\/remplisseuse-de-pate-a-piston-penumatique-electrique-g1wgd-1000\/#primaryimage"},"datePublished":"2025-08-20T11:09:16+00:00","dateModified":"2025-08-20T11:12:03+00:00","breadcrumb":{"@id":"https:\/\/innovexalgerie.com\/machines\/produit\/remplisseuse-de-pate-a-piston-penumatique-electrique-g1wgd-1000\/#breadcrumb"},"inLanguage":"fr-FR","potentialAction":[{"@type":"ReadAction","target":["https:\/\/innovexalgerie.com\/machines\/produit\/remplisseuse-de-pate-a-piston-penumatique-electrique-g1wgd-1000\/"]}]},{"@type":"BreadcrumbList","@id":"https:\/\/innovexalgerie.com\/machines\/produit\/remplisseuse-de-pate-a-piston-penumatique-electrique-g1wgd-1000\/#breadcrumb","itemListElement":[{"@type":"ListItem","position":1,"name":"Accueil","item":"https:\/\/innovexalgerie.com\/machines\/"},{"@type":"ListItem","position":2,"name":"Produits","item":"https:\/\/innovexalgerie.com\/machines\/boutique\/"},{"@type":"ListItem","position":3,"name":"Remplisseuse de pate \u00e0 piston penumatique &#8211; \u00e9lectrique G1WGD-1000"}]}]}},"_links":{"self":[{"href":"https:\/\/innovexalgerie.com\/machines\/wp-json\/wp\/v2\/product\/33562","targetHints":{"allow":["GET"]}}],"collection":[{"href":"https:\/\/innovexalgerie.com\/machines\/wp-json\/wp\/v2\/product"}],"about":[{"href":"https:\/\/innovexalgerie.com\/machines\/wp-json\/wp\/v2\/types\/product"}],"version-history":[{"count":1,"href":"https:\/\/innovexalgerie.com\/machines\/wp-json\/wp\/v2\/product\/33562\/revisions"}],"predecessor-version":[{"id":33563,"href":"https:\/\/innovexalgerie.com\/machines\/wp-json\/wp\/v2\/product\/33562\/revisions\/33563"}],"wp:featuredmedia":[{"embeddable":true,"href":"https:\/\/innovexalgerie.com\/machines\/wp-json\/wp\/v2\/media\/33546"}],"wp:attachment":[{"href":"https:\/\/innovexalgerie.com\/machines\/wp-json\/wp\/v2\/media?parent=33562"}],"wp:term":[{"taxonomy":"product_cat","embeddable":true,"href":"https:\/\/innovexalgerie.com\/machines\/wp-json\/wp\/v2\/product_cat?post=33562"},{"taxonomy":"product_tag","embeddable":true,"href":"https:\/\/innovexalgerie.com\/machines\/wp-json\/wp\/v2\/product_tag?post=33562"}],"curies":[{"name":"wp","href":"https:\/\/api.w.org\/{rel}","templated":true}]}}