{"id":33564,"date":"2025-08-20T13:27:07","date_gmt":"2025-08-20T12:27:07","guid":{"rendered":"https:\/\/innovexalgerie.com\/machines\/?post_type=product&#038;p=33564"},"modified":"2025-12-10T15:40:21","modified_gmt":"2025-12-10T14:40:21","slug":"etiqueteuse-automatique-pour-surface-plate-tflm-120","status":"publish","type":"product","link":"https:\/\/innovexalgerie.com\/machines\/produit\/etiqueteuse-automatique-pour-surface-plate-tflm-120\/","title":{"rendered":"Etiqueteuse automatique pour surface plate TFLM-120"},"content":{"rendered":"<p data-start=\"55\" data-end=\"471\" data-cur=\"cursor\">L\u2019\u00e9tiqueteuse automatique \u00e0 table <strong>TFLM-120,<\/strong> \u00e9quip\u00e9e d\u2019un convoyeur, est con\u00e7ue pour l\u2019application rapide et pr\u00e9cise d\u2019\u00e9tiquettes sur la surface sup\u00e9rieure de produits plats, jusqu\u2019\u00e0 100 mm de hauteur. Elle permet l\u2019\u00e9tiquetage adh\u00e9sif d\u2019une large gamme de produits \u00e0 surface plate, de diff\u00e9rentes formes (carr\u00e9s, rectangulaires, ovales, etc.), et convient parfaitement aux petites et moyennes productions.<\/p>\n<ul>\n<li>Construction solide et design compact, peu encombrant, con\u00e7u pour optimiser l\u2019espace et pouvant \u00eatre install\u00e9 facilement sur une table.<\/li>\n<li>D\u00e9tection automatique d\u2019\u00e9tiquettes.<\/li>\n<li>Un placement pr\u00e9cis de l\u2019\u00e9tiquette garantit un produit coh\u00e9rent, ce qui aide \u00e0 promouvoir votre marque.<\/li>\n<li>Enregistrement des param\u00e8tres de production directement sur l\u2019\u00e9cran tactile, assurant une excellente r\u00e9p\u00e9tabilit\u00e9 entre les s\u00e9ries.<\/li>\n<li>Convoyeur motoris\u00e9 \u00e0 vitesse r\u00e9glable, \u00e9quip\u00e9 d\u2019un moteur pas \u00e0 pas.<\/li>\n<li>Les guides lat\u00e9raux sont en acier inoxydable, r\u00e9glables en largeur pour permettre le passage de produits de 30 \u00e0 100 mm sur le convoyeur.<\/li>\n<\/ul>\n","protected":false},"excerpt":{"rendered":"<p>La machine \u00e9tiqueteuse automatique \u00e0 table, \u00e9quip\u00e9e d\u2019un convoyeur, con\u00e7ue pour l\u2019application rapide et pr\u00e9cise d\u2019\u00e9tiquettes sur la surface sup\u00e9rieure de produits plats, d\u2019une hauteur maximale de 100 mm.<img loading=\"lazy\" decoding=\"async\" class=\"alignnone wp-image-33572 size-full\" src=\"https:\/\/innovexalgerie.com\/machines\/wp-content\/uploads\/2025\/08\/etiq-plat.jpg\" alt=\"\" width=\"874\" height=\"196\" srcset=\"https:\/\/innovexalgerie.com\/machines\/wp-content\/uploads\/2025\/08\/etiq-plat.jpg 874w, https:\/\/innovexalgerie.com\/machines\/wp-content\/uploads\/2025\/08\/etiq-plat-300x67.jpg 300w, https:\/\/innovexalgerie.com\/machines\/wp-content\/uploads\/2025\/08\/etiq-plat-768x172.jpg 768w, https:\/\/innovexalgerie.com\/machines\/wp-content\/uploads\/2025\/08\/etiq-plat-600x135.jpg 600w\" sizes=\"auto, (max-width: 874px) 100vw, 874px\" \/><\/p>\n","protected":false},"featured_media":33566,"template":"","meta":{"_monsterinsights_skip_tracking":false,"_monsterinsights_sitenote_active":false,"_monsterinsights_sitenote_note":"","_monsterinsights_sitenote_category":0},"product_cat":[82,219],"product_tag":[83],"class_list":["post-33564","product","type-product","status-publish","has-post-thumbnail","hentry","product_cat-etiqueteuses","product_cat-etiqueteuses-automatique","product_tag-etiqueteuse"],"yoast_head":"<!-- This site is optimized with the Yoast SEO Premium plugin v16.2 (Yoast SEO v16.7) - https:\/\/yoast.com\/wordpress\/plugins\/seo\/ -->\n<title>Etiqueteuse automatique pour surface plate TFLM-120 - Innovex Machines | Innovex Algerie<\/title>\n<meta name=\"description\" content=\"L\u2019\u00e9tiqueteuse semi-automatique MT-60C avec dateur permet l\u2019impression (codage) et l\u2019application de l\u2019\u00e9tiquette adh\u00e9sive sur une surface plate\" \/>\n<meta name=\"robots\" content=\"index, follow, max-snippet:-1, max-image-preview:large, max-video-preview:-1\" \/>\n<link rel=\"canonical\" href=\"https:\/\/innovexalgerie.com\/machines\/produit\/etiqueteuse-automatique-pour-surface-plate-tflm-120\/\" \/>\n<meta property=\"og:locale\" content=\"fr_FR\" \/>\n<meta property=\"og:type\" content=\"article\" \/>\n<meta property=\"og:title\" content=\"Etiqueteuse automatique pour surface plate TFLM-120 - Innovex Machines | Innovex Algerie\" \/>\n<meta property=\"og:description\" content=\"L\u2019\u00e9tiqueteuse semi-automatique MT-60C avec dateur permet l\u2019impression (codage) et l\u2019application de l\u2019\u00e9tiquette adh\u00e9sive sur une surface plate\" \/>\n<meta property=\"og:url\" content=\"https:\/\/innovexalgerie.com\/machines\/produit\/etiqueteuse-automatique-pour-surface-plate-tflm-120\/\" \/>\n<meta property=\"og:site_name\" content=\"Innovex Machines | Innovex Algerie\" \/>\n<meta property=\"article:publisher\" content=\"https:\/\/www.facebook.com\/innovexmachine1\" \/>\n<meta property=\"article:modified_time\" content=\"2025-12-10T14:40:21+00:00\" \/>\n<meta property=\"og:image\" content=\"https:\/\/innovexalgerie.com\/machines\/wp-content\/uploads\/2025\/08\/ETIQUTEUSE-fond-plat-TFLM120-INNOVEX-ALGERIE.jpg\" \/>\n\t<meta property=\"og:image:width\" content=\"1000\" \/>\n\t<meta property=\"og:image:height\" content=\"1000\" \/>\n<meta name=\"twitter:card\" content=\"summary_large_image\" \/>\n<meta name=\"twitter:label1\" content=\"Dur\u00e9e de lecture est.\" \/>\n\t<meta name=\"twitter:data1\" content=\"1 minute\" \/>\n<script type=\"application\/ld+json\" class=\"yoast-schema-graph\">{\"@context\":\"https:\/\/schema.org\",\"@graph\":[{\"@type\":\"WebSite\",\"@id\":\"https:\/\/innovexalgerie.com\/machines\/#website\",\"url\":\"https:\/\/innovexalgerie.com\/machines\/\",\"name\":\"Innovex Machines | Innovex Algerie\",\"description\":\"Fournisseur de machines d&#039;emballage et d&#039;imprimerie\",\"potentialAction\":[{\"@type\":\"SearchAction\",\"target\":{\"@type\":\"EntryPoint\",\"urlTemplate\":\"https:\/\/innovexalgerie.com\/machines\/?s={search_term_string}\"},\"query-input\":\"required name=search_term_string\"}],\"inLanguage\":\"fr-FR\"},{\"@type\":\"ImageObject\",\"@id\":\"https:\/\/innovexalgerie.com\/machines\/produit\/etiqueteuse-automatique-pour-surface-plate-tflm-120\/#primaryimage\",\"inLanguage\":\"fr-FR\",\"url\":\"https:\/\/innovexalgerie.com\/machines\/wp-content\/uploads\/2025\/08\/ETIQUTEUSE-fond-plat-TFLM120-INNOVEX-ALGERIE.jpg\",\"contentUrl\":\"https:\/\/innovexalgerie.com\/machines\/wp-content\/uploads\/2025\/08\/ETIQUTEUSE-fond-plat-TFLM120-INNOVEX-ALGERIE.jpg\",\"width\":1000,\"height\":1000,\"caption\":\"ETIQUTEUSE-fond-plat-TFLM120-INNOVEX-ALGERIE\"},{\"@type\":\"WebPage\",\"@id\":\"https:\/\/innovexalgerie.com\/machines\/produit\/etiqueteuse-automatique-pour-surface-plate-tflm-120\/#webpage\",\"url\":\"https:\/\/innovexalgerie.com\/machines\/produit\/etiqueteuse-automatique-pour-surface-plate-tflm-120\/\",\"name\":\"Etiqueteuse automatique pour surface plate TFLM-120 - Innovex Machines | Innovex Algerie\",\"isPartOf\":{\"@id\":\"https:\/\/innovexalgerie.com\/machines\/#website\"},\"primaryImageOfPage\":{\"@id\":\"https:\/\/innovexalgerie.com\/machines\/produit\/etiqueteuse-automatique-pour-surface-plate-tflm-120\/#primaryimage\"},\"datePublished\":\"2025-08-20T12:27:07+00:00\",\"dateModified\":\"2025-12-10T14:40:21+00:00\",\"description\":\"L\\u2019\\u00e9tiqueteuse semi-automatique MT-60C avec dateur permet l\\u2019impression (codage) et l\\u2019application de l\\u2019\\u00e9tiquette adh\\u00e9sive sur une surface plate\",\"breadcrumb\":{\"@id\":\"https:\/\/innovexalgerie.com\/machines\/produit\/etiqueteuse-automatique-pour-surface-plate-tflm-120\/#breadcrumb\"},\"inLanguage\":\"fr-FR\",\"potentialAction\":[{\"@type\":\"ReadAction\",\"target\":[\"https:\/\/innovexalgerie.com\/machines\/produit\/etiqueteuse-automatique-pour-surface-plate-tflm-120\/\"]}]},{\"@type\":\"BreadcrumbList\",\"@id\":\"https:\/\/innovexalgerie.com\/machines\/produit\/etiqueteuse-automatique-pour-surface-plate-tflm-120\/#breadcrumb\",\"itemListElement\":[{\"@type\":\"ListItem\",\"position\":1,\"name\":\"Accueil\",\"item\":\"https:\/\/innovexalgerie.com\/machines\/\"},{\"@type\":\"ListItem\",\"position\":2,\"name\":\"Produits\",\"item\":\"https:\/\/innovexalgerie.com\/machines\/boutique\/\"},{\"@type\":\"ListItem\",\"position\":3,\"name\":\"Etiqueteuse automatique pour surface plate TFLM-120\"}]}]}<\/script>\n<!-- \/ Yoast SEO Premium plugin. -->","yoast_head_json":{"title":"Etiqueteuse automatique pour surface plate TFLM-120 - Innovex Machines | Innovex Algerie","description":"L\u2019\u00e9tiqueteuse semi-automatique MT-60C avec dateur permet l\u2019impression (codage) et l\u2019application de l\u2019\u00e9tiquette adh\u00e9sive sur une surface plate","robots":{"index":"index","follow":"follow","max-snippet":"max-snippet:-1","max-image-preview":"max-image-preview:large","max-video-preview":"max-video-preview:-1"},"canonical":"https:\/\/innovexalgerie.com\/machines\/produit\/etiqueteuse-automatique-pour-surface-plate-tflm-120\/","og_locale":"fr_FR","og_type":"article","og_title":"Etiqueteuse automatique pour surface plate TFLM-120 - Innovex Machines | Innovex Algerie","og_description":"L\u2019\u00e9tiqueteuse semi-automatique MT-60C avec dateur permet l\u2019impression (codage) et l\u2019application de l\u2019\u00e9tiquette adh\u00e9sive sur une surface plate","og_url":"https:\/\/innovexalgerie.com\/machines\/produit\/etiqueteuse-automatique-pour-surface-plate-tflm-120\/","og_site_name":"Innovex Machines | Innovex Algerie","article_publisher":"https:\/\/www.facebook.com\/innovexmachine1","article_modified_time":"2025-12-10T14:40:21+00:00","og_image":[{"width":1000,"height":1000,"filesize":246928,"url":"https:\/\/innovexalgerie.com\/machines\/wp-content\/uploads\/2025\/08\/ETIQUTEUSE-fond-plat-TFLM120-INNOVEX-ALGERIE.jpg","path":"\/home\/inovex\/public_html\/machines\/wp-content\/uploads\/2025\/08\/ETIQUTEUSE-fond-plat-TFLM120-INNOVEX-ALGERIE.jpg","size":"full","id":33566,"alt":"ETIQUTEUSE-fond-plat-TFLM120-INNOVEX-ALGERIE","pixels":1000000,"type":"image\/jpeg"}],"twitter_card":"summary_large_image","twitter_misc":{"Dur\u00e9e de lecture est.":"1 minute"},"schema":{"@context":"https:\/\/schema.org","@graph":[{"@type":"WebSite","@id":"https:\/\/innovexalgerie.com\/machines\/#website","url":"https:\/\/innovexalgerie.com\/machines\/","name":"Innovex Machines | Innovex Algerie","description":"Fournisseur de machines d&#039;emballage et d&#039;imprimerie","potentialAction":[{"@type":"SearchAction","target":{"@type":"EntryPoint","urlTemplate":"https:\/\/innovexalgerie.com\/machines\/?s={search_term_string}"},"query-input":"required name=search_term_string"}],"inLanguage":"fr-FR"},{"@type":"ImageObject","@id":"https:\/\/innovexalgerie.com\/machines\/produit\/etiqueteuse-automatique-pour-surface-plate-tflm-120\/#primaryimage","inLanguage":"fr-FR","url":"https:\/\/innovexalgerie.com\/machines\/wp-content\/uploads\/2025\/08\/ETIQUTEUSE-fond-plat-TFLM120-INNOVEX-ALGERIE.jpg","contentUrl":"https:\/\/innovexalgerie.com\/machines\/wp-content\/uploads\/2025\/08\/ETIQUTEUSE-fond-plat-TFLM120-INNOVEX-ALGERIE.jpg","width":1000,"height":1000,"caption":"ETIQUTEUSE-fond-plat-TFLM120-INNOVEX-ALGERIE"},{"@type":"WebPage","@id":"https:\/\/innovexalgerie.com\/machines\/produit\/etiqueteuse-automatique-pour-surface-plate-tflm-120\/#webpage","url":"https:\/\/innovexalgerie.com\/machines\/produit\/etiqueteuse-automatique-pour-surface-plate-tflm-120\/","name":"Etiqueteuse automatique pour surface plate TFLM-120 - Innovex Machines | Innovex Algerie","isPartOf":{"@id":"https:\/\/innovexalgerie.com\/machines\/#website"},"primaryImageOfPage":{"@id":"https:\/\/innovexalgerie.com\/machines\/produit\/etiqueteuse-automatique-pour-surface-plate-tflm-120\/#primaryimage"},"datePublished":"2025-08-20T12:27:07+00:00","dateModified":"2025-12-10T14:40:21+00:00","description":"L\u2019\u00e9tiqueteuse semi-automatique MT-60C avec dateur permet l\u2019impression (codage) et l\u2019application de l\u2019\u00e9tiquette adh\u00e9sive sur une surface plate","breadcrumb":{"@id":"https:\/\/innovexalgerie.com\/machines\/produit\/etiqueteuse-automatique-pour-surface-plate-tflm-120\/#breadcrumb"},"inLanguage":"fr-FR","potentialAction":[{"@type":"ReadAction","target":["https:\/\/innovexalgerie.com\/machines\/produit\/etiqueteuse-automatique-pour-surface-plate-tflm-120\/"]}]},{"@type":"BreadcrumbList","@id":"https:\/\/innovexalgerie.com\/machines\/produit\/etiqueteuse-automatique-pour-surface-plate-tflm-120\/#breadcrumb","itemListElement":[{"@type":"ListItem","position":1,"name":"Accueil","item":"https:\/\/innovexalgerie.com\/machines\/"},{"@type":"ListItem","position":2,"name":"Produits","item":"https:\/\/innovexalgerie.com\/machines\/boutique\/"},{"@type":"ListItem","position":3,"name":"Etiqueteuse automatique pour surface plate TFLM-120"}]}]}},"_links":{"self":[{"href":"https:\/\/innovexalgerie.com\/machines\/wp-json\/wp\/v2\/product\/33564","targetHints":{"allow":["GET"]}}],"collection":[{"href":"https:\/\/innovexalgerie.com\/machines\/wp-json\/wp\/v2\/product"}],"about":[{"href":"https:\/\/innovexalgerie.com\/machines\/wp-json\/wp\/v2\/types\/product"}],"version-history":[{"count":8,"href":"https:\/\/innovexalgerie.com\/machines\/wp-json\/wp\/v2\/product\/33564\/revisions"}],"predecessor-version":[{"id":33638,"href":"https:\/\/innovexalgerie.com\/machines\/wp-json\/wp\/v2\/product\/33564\/revisions\/33638"}],"wp:featuredmedia":[{"embeddable":true,"href":"https:\/\/innovexalgerie.com\/machines\/wp-json\/wp\/v2\/media\/33566"}],"wp:attachment":[{"href":"https:\/\/innovexalgerie.com\/machines\/wp-json\/wp\/v2\/media?parent=33564"}],"wp:term":[{"taxonomy":"product_cat","embeddable":true,"href":"https:\/\/innovexalgerie.com\/machines\/wp-json\/wp\/v2\/product_cat?post=33564"},{"taxonomy":"product_tag","embeddable":true,"href":"https:\/\/innovexalgerie.com\/machines\/wp-json\/wp\/v2\/product_tag?post=33564"}],"curies":[{"name":"wp","href":"https:\/\/api.w.org\/{rel}","templated":true}]}}