{"id":33588,"date":"2025-08-20T14:59:13","date_gmt":"2025-08-20T13:59:13","guid":{"rendered":"https:\/\/innovexalgerie.com\/machines\/?post_type=product&#038;p=33588"},"modified":"2025-08-20T15:11:39","modified_gmt":"2025-08-20T14:11:39","slug":"balayeuse-mecanique-jl920b","status":"publish","type":"product","link":"https:\/\/innovexalgerie.com\/machines\/produit\/balayeuse-mecanique-jl920b\/","title":{"rendered":"Balayeuse m\u00e9canique JL920B"},"content":{"rendered":"<p style=\"text-align: left;\">La balayeuse m\u00e9canique <strong>JL920B<\/strong> offre une solution simple et efficace pour garder vos espaces propres, con\u00e7ue pour le nettoyage rapide et efficace de grandes surfaces, aussi bien int\u00e9rieures qu\u2019ext\u00e9rieures. Gr\u00e2ce \u00e0 sa largeur de balayage de 920 mm et \u00e0 son bac de r\u00e9cup\u00e9ration d\u2019une capacit\u00e9 de 40 litres, elle peut couvrir jusqu\u2019\u00e0 3 680 m\u00b2 par heure, tout en restant compacte, l\u00e9g\u00e8re et facile \u00e0 man\u0153uvrer.<\/p>\n<ul>\n<li style=\"text-align: left;\">\u00c9quip\u00e9e de deux brosses lat\u00e9rales, elle ramasse facilement poussi\u00e8res et d\u00e9bris sur di \u00e9rents types de sols.<\/li>\n<li style=\"text-align: left;\">Le bac \u00e0 d\u00e9chets amovible facilite la vidange en \u00e9vitant tout contact avec la salet\u00e9.<\/li>\n<li style=\"text-align: left;\">Structure robuste et roues renforc\u00e9es, garantissent une utilisation durable sur<br \/>\ntous types de sols (b\u00e9ton, asphalte, carrelage, etc.).<\/li>\n<li style=\"text-align: left;\">Ch\u00e2ssis en plastique ABS robuste, r\u00e9sistant aux chocs et aux produits chimiques.<\/li>\n<li style=\"text-align: left;\">Poign\u00e9e ergonomique et pliable o re une prise en main confortable et se replie facilement pour un rangement compact.<\/li>\n<li style=\"text-align: left;\">Syst\u00e8me de balayage performant, \u00e9quip\u00e9e d\u2019une brosse centrale et deux brosses lat\u00e9rales pour un nettoyage pr\u00e9cis, m\u00eame dans les angles.- Id\u00e9al pour les surfaces plates: ateliers, entrep\u00f4ts, parkings, centres logistiques.<\/li>\n<li style=\"text-align: left;\">Id\u00e9ale pour les surfaces plates telles que les ateliers, entrep\u00f4ts, parkings, centres logistiques et autres espaces industriels<br \/>\nou commerciaux.<\/li>\n<\/ul>\n","protected":false},"excerpt":{"rendered":"<p style=\"text-align: left;\">La balayeuse m\u00e9canique offre une solution simple et efficace pour garder vos espaces propres, con\u00e7ue pour le nettoyage rapide et efficace de grandes surfaces, aussi bien int\u00e9rieures qu\u2019ext\u00e9rieures. Gr\u00e2ce \u00e0 sa largeur de balayage de 920 mm et \u00e0 son bac de r\u00e9cup\u00e9ration d\u2019une capacit\u00e9 de 40 litres.<\/p>\n","protected":false},"featured_media":33587,"template":"","meta":{"_monsterinsights_skip_tracking":false,"_monsterinsights_sitenote_active":false,"_monsterinsights_sitenote_note":"","_monsterinsights_sitenote_category":0},"product_cat":[290,19],"product_tag":[],"class_list":["post-33588","product","type-product","status-publish","has-post-thumbnail","hentry","product_cat-balayeuse-mecanique","product_cat-machines-demballage"],"yoast_head":"<!-- This site is optimized with the Yoast SEO Premium plugin v16.2 (Yoast SEO v16.7) - https:\/\/yoast.com\/wordpress\/plugins\/seo\/ -->\n<title>Balayeuse m\u00e9canique JL920B - Innovex Machines | Innovex Algerie<\/title>\n<meta name=\"robots\" content=\"index, follow, max-snippet:-1, max-image-preview:large, max-video-preview:-1\" \/>\n<link rel=\"canonical\" href=\"https:\/\/innovexalgerie.com\/machines\/produit\/balayeuse-mecanique-jl920b\/\" \/>\n<meta property=\"og:locale\" content=\"fr_FR\" \/>\n<meta property=\"og:type\" content=\"article\" \/>\n<meta property=\"og:title\" content=\"Balayeuse m\u00e9canique JL920B - Innovex Machines | Innovex Algerie\" \/>\n<meta property=\"og:description\" content=\"La balayeuse m\u00e9canique offre une solution simple et efficace pour garder vos espaces propres, con\u00e7ue pour le nettoyage rapide et efficace de grandes surfaces, aussi bien int\u00e9rieures qu\u2019ext\u00e9rieures. Gr\u00e2ce \u00e0 sa largeur de balayage de 920 mm et \u00e0 son bac de r\u00e9cup\u00e9ration d\u2019une capacit\u00e9 de 40 litres.\" \/>\n<meta property=\"og:url\" content=\"https:\/\/innovexalgerie.com\/machines\/produit\/balayeuse-mecanique-jl920b\/\" \/>\n<meta property=\"og:site_name\" content=\"Innovex Machines | Innovex Algerie\" \/>\n<meta property=\"article:publisher\" content=\"https:\/\/www.facebook.com\/innovexmachine1\" \/>\n<meta property=\"article:modified_time\" content=\"2025-08-20T14:11:39+00:00\" \/>\n<meta property=\"og:image\" content=\"https:\/\/innovexalgerie.com\/machines\/wp-content\/uploads\/2025\/08\/balaiyeuse-mecanique.jpg\" \/>\n\t<meta property=\"og:image:width\" content=\"1000\" \/>\n\t<meta property=\"og:image:height\" content=\"1000\" \/>\n<meta name=\"twitter:card\" content=\"summary_large_image\" \/>\n<meta name=\"twitter:label1\" content=\"Dur\u00e9e de lecture est.\" \/>\n\t<meta name=\"twitter:data1\" content=\"1 minute\" \/>\n<script type=\"application\/ld+json\" class=\"yoast-schema-graph\">{\"@context\":\"https:\/\/schema.org\",\"@graph\":[{\"@type\":\"WebSite\",\"@id\":\"https:\/\/innovexalgerie.com\/machines\/#website\",\"url\":\"https:\/\/innovexalgerie.com\/machines\/\",\"name\":\"Innovex Machines | Innovex Algerie\",\"description\":\"Fournisseur de machines d&#039;emballage et d&#039;imprimerie\",\"potentialAction\":[{\"@type\":\"SearchAction\",\"target\":{\"@type\":\"EntryPoint\",\"urlTemplate\":\"https:\/\/innovexalgerie.com\/machines\/?s={search_term_string}\"},\"query-input\":\"required name=search_term_string\"}],\"inLanguage\":\"fr-FR\"},{\"@type\":\"ImageObject\",\"@id\":\"https:\/\/innovexalgerie.com\/machines\/produit\/balayeuse-mecanique-jl920b\/#primaryimage\",\"inLanguage\":\"fr-FR\",\"url\":\"https:\/\/innovexalgerie.com\/machines\/wp-content\/uploads\/2025\/08\/balaiyeuse-mecanique.jpg\",\"contentUrl\":\"https:\/\/innovexalgerie.com\/machines\/wp-content\/uploads\/2025\/08\/balaiyeuse-mecanique.jpg\",\"width\":1000,\"height\":1000,\"caption\":\"balayeuse m\\u00e9canique JL920BINNOVEX ALGERIE\"},{\"@type\":\"WebPage\",\"@id\":\"https:\/\/innovexalgerie.com\/machines\/produit\/balayeuse-mecanique-jl920b\/#webpage\",\"url\":\"https:\/\/innovexalgerie.com\/machines\/produit\/balayeuse-mecanique-jl920b\/\",\"name\":\"Balayeuse m\\u00e9canique JL920B - Innovex Machines | Innovex Algerie\",\"isPartOf\":{\"@id\":\"https:\/\/innovexalgerie.com\/machines\/#website\"},\"primaryImageOfPage\":{\"@id\":\"https:\/\/innovexalgerie.com\/machines\/produit\/balayeuse-mecanique-jl920b\/#primaryimage\"},\"datePublished\":\"2025-08-20T13:59:13+00:00\",\"dateModified\":\"2025-08-20T14:11:39+00:00\",\"breadcrumb\":{\"@id\":\"https:\/\/innovexalgerie.com\/machines\/produit\/balayeuse-mecanique-jl920b\/#breadcrumb\"},\"inLanguage\":\"fr-FR\",\"potentialAction\":[{\"@type\":\"ReadAction\",\"target\":[\"https:\/\/innovexalgerie.com\/machines\/produit\/balayeuse-mecanique-jl920b\/\"]}]},{\"@type\":\"BreadcrumbList\",\"@id\":\"https:\/\/innovexalgerie.com\/machines\/produit\/balayeuse-mecanique-jl920b\/#breadcrumb\",\"itemListElement\":[{\"@type\":\"ListItem\",\"position\":1,\"name\":\"Accueil\",\"item\":\"https:\/\/innovexalgerie.com\/machines\/\"},{\"@type\":\"ListItem\",\"position\":2,\"name\":\"Produits\",\"item\":\"https:\/\/innovexalgerie.com\/machines\/boutique\/\"},{\"@type\":\"ListItem\",\"position\":3,\"name\":\"Balayeuse m\\u00e9canique JL920B\"}]}]}<\/script>\n<!-- \/ Yoast SEO Premium plugin. -->","yoast_head_json":{"title":"Balayeuse m\u00e9canique JL920B - Innovex Machines | Innovex Algerie","robots":{"index":"index","follow":"follow","max-snippet":"max-snippet:-1","max-image-preview":"max-image-preview:large","max-video-preview":"max-video-preview:-1"},"canonical":"https:\/\/innovexalgerie.com\/machines\/produit\/balayeuse-mecanique-jl920b\/","og_locale":"fr_FR","og_type":"article","og_title":"Balayeuse m\u00e9canique JL920B - Innovex Machines | Innovex Algerie","og_description":"La balayeuse m\u00e9canique offre une solution simple et efficace pour garder vos espaces propres, con\u00e7ue pour le nettoyage rapide et efficace de grandes surfaces, aussi bien int\u00e9rieures qu\u2019ext\u00e9rieures. Gr\u00e2ce \u00e0 sa largeur de balayage de 920 mm et \u00e0 son bac de r\u00e9cup\u00e9ration d\u2019une capacit\u00e9 de 40 litres.","og_url":"https:\/\/innovexalgerie.com\/machines\/produit\/balayeuse-mecanique-jl920b\/","og_site_name":"Innovex Machines | Innovex Algerie","article_publisher":"https:\/\/www.facebook.com\/innovexmachine1","article_modified_time":"2025-08-20T14:11:39+00:00","og_image":[{"width":1000,"height":1000,"filesize":94235,"url":"https:\/\/innovexalgerie.com\/machines\/wp-content\/uploads\/2025\/08\/balaiyeuse-mecanique.jpg","path":"\/home\/inovex\/public_html\/machines\/wp-content\/uploads\/2025\/08\/balaiyeuse-mecanique.jpg","size":"full","id":33587,"alt":"balayeuse m\u00e9canique JL920BINNOVEX ALGERIE","pixels":1000000,"type":"image\/jpeg"}],"twitter_card":"summary_large_image","twitter_misc":{"Dur\u00e9e de lecture est.":"1 minute"},"schema":{"@context":"https:\/\/schema.org","@graph":[{"@type":"WebSite","@id":"https:\/\/innovexalgerie.com\/machines\/#website","url":"https:\/\/innovexalgerie.com\/machines\/","name":"Innovex Machines | Innovex Algerie","description":"Fournisseur de machines d&#039;emballage et d&#039;imprimerie","potentialAction":[{"@type":"SearchAction","target":{"@type":"EntryPoint","urlTemplate":"https:\/\/innovexalgerie.com\/machines\/?s={search_term_string}"},"query-input":"required name=search_term_string"}],"inLanguage":"fr-FR"},{"@type":"ImageObject","@id":"https:\/\/innovexalgerie.com\/machines\/produit\/balayeuse-mecanique-jl920b\/#primaryimage","inLanguage":"fr-FR","url":"https:\/\/innovexalgerie.com\/machines\/wp-content\/uploads\/2025\/08\/balaiyeuse-mecanique.jpg","contentUrl":"https:\/\/innovexalgerie.com\/machines\/wp-content\/uploads\/2025\/08\/balaiyeuse-mecanique.jpg","width":1000,"height":1000,"caption":"balayeuse m\u00e9canique JL920BINNOVEX ALGERIE"},{"@type":"WebPage","@id":"https:\/\/innovexalgerie.com\/machines\/produit\/balayeuse-mecanique-jl920b\/#webpage","url":"https:\/\/innovexalgerie.com\/machines\/produit\/balayeuse-mecanique-jl920b\/","name":"Balayeuse m\u00e9canique JL920B - Innovex Machines | Innovex Algerie","isPartOf":{"@id":"https:\/\/innovexalgerie.com\/machines\/#website"},"primaryImageOfPage":{"@id":"https:\/\/innovexalgerie.com\/machines\/produit\/balayeuse-mecanique-jl920b\/#primaryimage"},"datePublished":"2025-08-20T13:59:13+00:00","dateModified":"2025-08-20T14:11:39+00:00","breadcrumb":{"@id":"https:\/\/innovexalgerie.com\/machines\/produit\/balayeuse-mecanique-jl920b\/#breadcrumb"},"inLanguage":"fr-FR","potentialAction":[{"@type":"ReadAction","target":["https:\/\/innovexalgerie.com\/machines\/produit\/balayeuse-mecanique-jl920b\/"]}]},{"@type":"BreadcrumbList","@id":"https:\/\/innovexalgerie.com\/machines\/produit\/balayeuse-mecanique-jl920b\/#breadcrumb","itemListElement":[{"@type":"ListItem","position":1,"name":"Accueil","item":"https:\/\/innovexalgerie.com\/machines\/"},{"@type":"ListItem","position":2,"name":"Produits","item":"https:\/\/innovexalgerie.com\/machines\/boutique\/"},{"@type":"ListItem","position":3,"name":"Balayeuse m\u00e9canique JL920B"}]}]}},"_links":{"self":[{"href":"https:\/\/innovexalgerie.com\/machines\/wp-json\/wp\/v2\/product\/33588","targetHints":{"allow":["GET"]}}],"collection":[{"href":"https:\/\/innovexalgerie.com\/machines\/wp-json\/wp\/v2\/product"}],"about":[{"href":"https:\/\/innovexalgerie.com\/machines\/wp-json\/wp\/v2\/types\/product"}],"version-history":[{"count":3,"href":"https:\/\/innovexalgerie.com\/machines\/wp-json\/wp\/v2\/product\/33588\/revisions"}],"predecessor-version":[{"id":33601,"href":"https:\/\/innovexalgerie.com\/machines\/wp-json\/wp\/v2\/product\/33588\/revisions\/33601"}],"wp:featuredmedia":[{"embeddable":true,"href":"https:\/\/innovexalgerie.com\/machines\/wp-json\/wp\/v2\/media\/33587"}],"wp:attachment":[{"href":"https:\/\/innovexalgerie.com\/machines\/wp-json\/wp\/v2\/media?parent=33588"}],"wp:term":[{"taxonomy":"product_cat","embeddable":true,"href":"https:\/\/innovexalgerie.com\/machines\/wp-json\/wp\/v2\/product_cat?post=33588"},{"taxonomy":"product_tag","embeddable":true,"href":"https:\/\/innovexalgerie.com\/machines\/wp-json\/wp\/v2\/product_tag?post=33588"}],"curies":[{"name":"wp","href":"https:\/\/api.w.org\/{rel}","templated":true}]}}