{"id":33838,"date":"2025-10-28T12:46:12","date_gmt":"2025-10-28T11:46:12","guid":{"rendered":"https:\/\/innovexalgerie.com\/machines\/?post_type=product&#038;p=33838"},"modified":"2025-10-29T12:43:56","modified_gmt":"2025-10-29T11:43:56","slug":"machine-flowpack-yc323x","status":"publish","type":"product","link":"https:\/\/innovexalgerie.com\/machines\/produit\/machine-flowpack-yc323x\/","title":{"rendered":"Machine FlowPack YC323X"},"content":{"rendered":"<p style=\"text-align: left;\">La machine flowpack <strong>YC323X <\/strong>horizontale est id\u00e9ale pour les petites et moyennes productions alimentaires, cosm\u00e9tiques, m\u00e9dicales \u2026etc. La machine est adapt\u00e9e \u00e0 l\u2019utilisation de plusieurs films en plastique (BOPP, OPP, ALU-PE \u2026), elle dispose d\u2019un \u00e9cran tactile pour contr\u00f4ler et personnaliser les param\u00e8tres. La machine est \u00e9quip\u00e9e aussi d\u2019un syst\u00e8me de marquage \u00e0 ruban et assure une cadence de travail allant jusqu\u2019\u00e0 120 sacs minute et gr\u00e2ce \u00e0 son tapis convoyeur associ\u00e9 \u00e0 un<br \/>\nm\u00e9canisme situ\u00e9 sous la machine, elle garantit un emballage impeccable.<\/p>\n<ul>\n<li style=\"text-align: left;\">\u00a0La longueur du sac peut \u00eatre choisie et coup\u00e9e en une seule \u00e9tape, \u00e9conomisant du temps et du film.<\/li>\n<li style=\"text-align: left;\"><strong>\u00c9quip\u00e9 de 4 Servo-moteurs:<\/strong><br \/>\n<strong>\u2022 Servo-moteur principal:<\/strong> Assure l\u2019entra\u00eenement global de la machine en synchronisant le convoyeur produit<br \/>\net l\u2019avance du film.<br \/>\n<strong>\u2022 Servo-moteur de traction du film:<\/strong> Garantit une avance pr\u00e9cise et r\u00e9guli\u00e8re du film d\u2019emballage, en coordination<br \/>\navec la photocellule de rep\u00e9rage pour les films imprim\u00e9s.<br \/>\n<strong>\u2022 Servo-moteur des m\u00e2choires de soudure transversale:<\/strong> Pilote le mouvement rotatif des m\u00e2choires pour assurer<br \/>\nun scellage \u00e9tanche et une d\u00e9coupe pr\u00e9cise des sachets.<br \/>\n<strong>\u2022 Servo-moteur du convoyeur de sortie (\u00e9jection produit):<\/strong> Synchronise l\u2019\u00e9vacuation des produits emball\u00e9s<br \/>\navec la cadence de soudure afin d\u2019\u00e9viter les chevauchements, les \u00e9crasements ou les blocages en fin de ligne.<\/li>\n<li style=\"text-align: left;\">Automate programmable assurant la gestion centralis\u00e9e et la coordination optimale de toutes les fonctions de la machine.<\/li>\n<li style=\"text-align: left;\">Ecran tactile multilingue pour r\u00e9glages rapides.<\/li>\n<li style=\"text-align: left;\">\u00a0Relais de commande garantissant une commutation fiable et s\u00e9curis\u00e9e du circuit \u00e9lectrique.<\/li>\n<li style=\"text-align: left;\">Dispositif de protection contre les surcharges et courts-circuits, renfor\u00e7ant la s\u00e9curit\u00e9 du syst\u00e8me.<\/li>\n<li style=\"text-align: left;\">Boutons de commande ergonomiques pour d\u00e9marrage, arr\u00eat, r\u00e9glages manuels et arr\u00eat d\u2019urgence.<\/li>\n<li style=\"text-align: left;\">Roulements de pr\u00e9cision, robustes et durables, assurant une transmission fluide et sans vibrations.<\/li>\n<li style=\"text-align: left;\">\u00c9quip\u00e9e d\u2019un dateur \u00e0 chaud rotatif int\u00e9gr\u00e9, synchronis\u00e9 avec la soudure pour imprimer la date ou le lot<br \/>\ndirectement sur le film avec pr\u00e9cision \u00e0 chaque sachet.<\/li>\n<\/ul>\n","protected":false},"excerpt":{"rendered":"<article class=\"text-token-text-primary w-full focus:outline-none [--shadow-height:45px] has-data-writing-block:pointer-events-none has-data-writing-block:-mt-(--shadow-height) has-data-writing-block:pt-(--shadow-height) [&amp;:has([data-writing-block])&gt;*]:pointer-events-auto scroll-mt-(--header-height)\" dir=\"auto\" tabindex=\"-1\" data-turn-id=\"7b7aaee6-61d3-4360-96cd-cc9376de92fa\" data-testid=\"conversation-turn-7\" data-scroll-anchor=\"false\" data-turn=\"user\" data-cur=\"cursor\">\n<div class=\"text-base my-auto mx-auto pt-12 [--thread-content-margin:--spacing(4)] thread-sm:[--thread-content-margin:--spacing(6)] thread-lg:[--thread-content-margin:--spacing(16)] px-(--thread-content-margin)\" data-cur=\"cursor\">\n<div class=\"[--thread-content-max-width:40rem] thread-lg:[--thread-content-max-width:48rem] mx-auto max-w-(--thread-content-max-width) flex-1 group\/turn-messages focus-visible:outline-hidden mb-1 relative flex w-full min-w-0 flex-col\" tabindex=\"-1\">\n<div class=\"flex max-w-full flex-col grow\">\n<div class=\"min-h-8 text-message relative flex w-full flex-col items-end gap-2 text-start break-words whitespace-normal [.text-message+&amp;]:mt-1\" dir=\"auto\" data-message-author-role=\"user\" data-message-id=\"7b7aaee6-61d3-4360-96cd-cc9376de92fa\">\n<div class=\"flex w-full flex-col gap-1 empty:hidden items-end rtl:items-start\">\n<div class=\"user-message-bubble-color relative rounded-[18px] px-4 py-1.5 data-[multiline]:py-3 max-w-[var(--user-chat-width,70%)]\" data-multiline=\"\" data-cur=\"cursor\">\n<div class=\"whitespace-pre-wrap\" data-cur=\"cursor\">Machine flowpack horizontale automatique, id\u00e9ale pour les productions de cadence moyenne dans les secteurs alimentaire, cosm\u00e9tique et m\u00e9dical. \u00c9quip\u00e9e d\u2019un syst\u00e8me de marquage int\u00e9gr\u00e9 et d\u2019un convoyeur performant, elle assure un emballage pr\u00e9cis et de haute qualit\u00e9.<\/div>\n<\/div>\n<\/div>\n<\/div>\n<\/div>\n<\/div>\n<\/div>\n<\/article>\n","protected":false},"featured_media":33854,"template":"","meta":{"_monsterinsights_skip_tracking":false,"_monsterinsights_sitenote_active":false,"_monsterinsights_sitenote_note":"","_monsterinsights_sitenote_category":0},"product_cat":[294],"product_tag":[296,298,297,295,299],"class_list":["post-33838","product","type-product","status-publish","has-post-thumbnail","hentry","product_cat-machine-flowpack","product_tag-flow-pack","product_tag-flowpack-automatique","product_tag-flowpack-horizontale","product_tag-machine","product_tag-machine-flowpack-alimentaire"],"yoast_head":"<!-- This site is optimized with the Yoast SEO Premium plugin v16.2 (Yoast SEO v16.7) - https:\/\/yoast.com\/wordpress\/plugins\/seo\/ -->\n<title>Machine FlowPack YC323X - Innovex Machines | Innovex Algerie<\/title>\n<meta name=\"robots\" content=\"index, follow, max-snippet:-1, max-image-preview:large, max-video-preview:-1\" \/>\n<link rel=\"canonical\" href=\"https:\/\/innovexalgerie.com\/machines\/produit\/machine-flowpack-yc323x\/\" \/>\n<meta property=\"og:locale\" content=\"fr_FR\" \/>\n<meta property=\"og:type\" content=\"article\" \/>\n<meta property=\"og:title\" content=\"Machine FlowPack YC323X - Innovex Machines | Innovex Algerie\" \/>\n<meta property=\"og:description\" content=\"Machine flowpack horizontale automatique, id\u00e9ale pour les productions de cadence moyenne dans les secteurs alimentaire, cosm\u00e9tique et m\u00e9dical. \u00c9quip\u00e9e d\u2019un syst\u00e8me de marquage int\u00e9gr\u00e9 et d\u2019un convoyeur performant, elle assure un emballage pr\u00e9cis et de haute qualit\u00e9.\" \/>\n<meta property=\"og:url\" content=\"https:\/\/innovexalgerie.com\/machines\/produit\/machine-flowpack-yc323x\/\" \/>\n<meta property=\"og:site_name\" content=\"Innovex Machines | Innovex Algerie\" \/>\n<meta property=\"article:publisher\" content=\"https:\/\/www.facebook.com\/innovexmachine1\" \/>\n<meta property=\"article:modified_time\" content=\"2025-10-29T11:43:56+00:00\" \/>\n<meta property=\"og:image\" content=\"https:\/\/innovexalgerie.com\/machines\/wp-content\/uploads\/2025\/10\/MACHINE-FLOWPACK-YC323X-INNOVEX-ALGERIE.jpg\" \/>\n\t<meta property=\"og:image:width\" content=\"1000\" \/>\n\t<meta property=\"og:image:height\" content=\"1000\" \/>\n<meta name=\"twitter:card\" content=\"summary_large_image\" \/>\n<meta name=\"twitter:label1\" content=\"Dur\u00e9e de lecture est.\" \/>\n\t<meta name=\"twitter:data1\" content=\"1 minute\" \/>\n<script type=\"application\/ld+json\" class=\"yoast-schema-graph\">{\"@context\":\"https:\/\/schema.org\",\"@graph\":[{\"@type\":\"WebSite\",\"@id\":\"https:\/\/innovexalgerie.com\/machines\/#website\",\"url\":\"https:\/\/innovexalgerie.com\/machines\/\",\"name\":\"Innovex Machines | Innovex Algerie\",\"description\":\"Fournisseur de machines d&#039;emballage et d&#039;imprimerie\",\"potentialAction\":[{\"@type\":\"SearchAction\",\"target\":{\"@type\":\"EntryPoint\",\"urlTemplate\":\"https:\/\/innovexalgerie.com\/machines\/?s={search_term_string}\"},\"query-input\":\"required name=search_term_string\"}],\"inLanguage\":\"fr-FR\"},{\"@type\":\"ImageObject\",\"@id\":\"https:\/\/innovexalgerie.com\/machines\/produit\/machine-flowpack-yc323x\/#primaryimage\",\"inLanguage\":\"fr-FR\",\"url\":\"https:\/\/innovexalgerie.com\/machines\/wp-content\/uploads\/2025\/10\/MACHINE-FLOWPACK-YC323X-INNOVEX-ALGERIE.jpg\",\"contentUrl\":\"https:\/\/innovexalgerie.com\/machines\/wp-content\/uploads\/2025\/10\/MACHINE-FLOWPACK-YC323X-INNOVEX-ALGERIE.jpg\",\"width\":1000,\"height\":1000,\"caption\":\"MACHINE-FLOWPACK-YC323X-INNOVEX-ALGERIE\"},{\"@type\":\"WebPage\",\"@id\":\"https:\/\/innovexalgerie.com\/machines\/produit\/machine-flowpack-yc323x\/#webpage\",\"url\":\"https:\/\/innovexalgerie.com\/machines\/produit\/machine-flowpack-yc323x\/\",\"name\":\"Machine FlowPack YC323X - Innovex Machines | Innovex Algerie\",\"isPartOf\":{\"@id\":\"https:\/\/innovexalgerie.com\/machines\/#website\"},\"primaryImageOfPage\":{\"@id\":\"https:\/\/innovexalgerie.com\/machines\/produit\/machine-flowpack-yc323x\/#primaryimage\"},\"datePublished\":\"2025-10-28T11:46:12+00:00\",\"dateModified\":\"2025-10-29T11:43:56+00:00\",\"breadcrumb\":{\"@id\":\"https:\/\/innovexalgerie.com\/machines\/produit\/machine-flowpack-yc323x\/#breadcrumb\"},\"inLanguage\":\"fr-FR\",\"potentialAction\":[{\"@type\":\"ReadAction\",\"target\":[\"https:\/\/innovexalgerie.com\/machines\/produit\/machine-flowpack-yc323x\/\"]}]},{\"@type\":\"BreadcrumbList\",\"@id\":\"https:\/\/innovexalgerie.com\/machines\/produit\/machine-flowpack-yc323x\/#breadcrumb\",\"itemListElement\":[{\"@type\":\"ListItem\",\"position\":1,\"name\":\"Accueil\",\"item\":\"https:\/\/innovexalgerie.com\/machines\/\"},{\"@type\":\"ListItem\",\"position\":2,\"name\":\"Produits\",\"item\":\"https:\/\/innovexalgerie.com\/machines\/boutique\/\"},{\"@type\":\"ListItem\",\"position\":3,\"name\":\"Machine FlowPack YC323X\"}]}]}<\/script>\n<!-- \/ Yoast SEO Premium plugin. -->","yoast_head_json":{"title":"Machine FlowPack YC323X - Innovex Machines | Innovex Algerie","robots":{"index":"index","follow":"follow","max-snippet":"max-snippet:-1","max-image-preview":"max-image-preview:large","max-video-preview":"max-video-preview:-1"},"canonical":"https:\/\/innovexalgerie.com\/machines\/produit\/machine-flowpack-yc323x\/","og_locale":"fr_FR","og_type":"article","og_title":"Machine FlowPack YC323X - Innovex Machines | Innovex Algerie","og_description":"Machine flowpack horizontale automatique, id\u00e9ale pour les productions de cadence moyenne dans les secteurs alimentaire, cosm\u00e9tique et m\u00e9dical. \u00c9quip\u00e9e d\u2019un syst\u00e8me de marquage int\u00e9gr\u00e9 et d\u2019un convoyeur performant, elle assure un emballage pr\u00e9cis et de haute qualit\u00e9.","og_url":"https:\/\/innovexalgerie.com\/machines\/produit\/machine-flowpack-yc323x\/","og_site_name":"Innovex Machines | Innovex Algerie","article_publisher":"https:\/\/www.facebook.com\/innovexmachine1","article_modified_time":"2025-10-29T11:43:56+00:00","og_image":[{"width":1000,"height":1000,"filesize":204445,"url":"https:\/\/innovexalgerie.com\/machines\/wp-content\/uploads\/2025\/10\/MACHINE-FLOWPACK-YC323X-INNOVEX-ALGERIE.jpg","path":"\/home\/inovex\/public_html\/machines\/wp-content\/uploads\/2025\/10\/MACHINE-FLOWPACK-YC323X-INNOVEX-ALGERIE.jpg","size":"full","id":33854,"alt":"MACHINE-FLOWPACK-YC323X-INNOVEX-ALGERIE","pixels":1000000,"type":"image\/jpeg"}],"twitter_card":"summary_large_image","twitter_misc":{"Dur\u00e9e de lecture est.":"1 minute"},"schema":{"@context":"https:\/\/schema.org","@graph":[{"@type":"WebSite","@id":"https:\/\/innovexalgerie.com\/machines\/#website","url":"https:\/\/innovexalgerie.com\/machines\/","name":"Innovex Machines | Innovex Algerie","description":"Fournisseur de machines d&#039;emballage et d&#039;imprimerie","potentialAction":[{"@type":"SearchAction","target":{"@type":"EntryPoint","urlTemplate":"https:\/\/innovexalgerie.com\/machines\/?s={search_term_string}"},"query-input":"required name=search_term_string"}],"inLanguage":"fr-FR"},{"@type":"ImageObject","@id":"https:\/\/innovexalgerie.com\/machines\/produit\/machine-flowpack-yc323x\/#primaryimage","inLanguage":"fr-FR","url":"https:\/\/innovexalgerie.com\/machines\/wp-content\/uploads\/2025\/10\/MACHINE-FLOWPACK-YC323X-INNOVEX-ALGERIE.jpg","contentUrl":"https:\/\/innovexalgerie.com\/machines\/wp-content\/uploads\/2025\/10\/MACHINE-FLOWPACK-YC323X-INNOVEX-ALGERIE.jpg","width":1000,"height":1000,"caption":"MACHINE-FLOWPACK-YC323X-INNOVEX-ALGERIE"},{"@type":"WebPage","@id":"https:\/\/innovexalgerie.com\/machines\/produit\/machine-flowpack-yc323x\/#webpage","url":"https:\/\/innovexalgerie.com\/machines\/produit\/machine-flowpack-yc323x\/","name":"Machine FlowPack YC323X - Innovex Machines | Innovex Algerie","isPartOf":{"@id":"https:\/\/innovexalgerie.com\/machines\/#website"},"primaryImageOfPage":{"@id":"https:\/\/innovexalgerie.com\/machines\/produit\/machine-flowpack-yc323x\/#primaryimage"},"datePublished":"2025-10-28T11:46:12+00:00","dateModified":"2025-10-29T11:43:56+00:00","breadcrumb":{"@id":"https:\/\/innovexalgerie.com\/machines\/produit\/machine-flowpack-yc323x\/#breadcrumb"},"inLanguage":"fr-FR","potentialAction":[{"@type":"ReadAction","target":["https:\/\/innovexalgerie.com\/machines\/produit\/machine-flowpack-yc323x\/"]}]},{"@type":"BreadcrumbList","@id":"https:\/\/innovexalgerie.com\/machines\/produit\/machine-flowpack-yc323x\/#breadcrumb","itemListElement":[{"@type":"ListItem","position":1,"name":"Accueil","item":"https:\/\/innovexalgerie.com\/machines\/"},{"@type":"ListItem","position":2,"name":"Produits","item":"https:\/\/innovexalgerie.com\/machines\/boutique\/"},{"@type":"ListItem","position":3,"name":"Machine FlowPack YC323X"}]}]}},"_links":{"self":[{"href":"https:\/\/innovexalgerie.com\/machines\/wp-json\/wp\/v2\/product\/33838","targetHints":{"allow":["GET"]}}],"collection":[{"href":"https:\/\/innovexalgerie.com\/machines\/wp-json\/wp\/v2\/product"}],"about":[{"href":"https:\/\/innovexalgerie.com\/machines\/wp-json\/wp\/v2\/types\/product"}],"version-history":[{"count":1,"href":"https:\/\/innovexalgerie.com\/machines\/wp-json\/wp\/v2\/product\/33838\/revisions"}],"predecessor-version":[{"id":33857,"href":"https:\/\/innovexalgerie.com\/machines\/wp-json\/wp\/v2\/product\/33838\/revisions\/33857"}],"wp:featuredmedia":[{"embeddable":true,"href":"https:\/\/innovexalgerie.com\/machines\/wp-json\/wp\/v2\/media\/33854"}],"wp:attachment":[{"href":"https:\/\/innovexalgerie.com\/machines\/wp-json\/wp\/v2\/media?parent=33838"}],"wp:term":[{"taxonomy":"product_cat","embeddable":true,"href":"https:\/\/innovexalgerie.com\/machines\/wp-json\/wp\/v2\/product_cat?post=33838"},{"taxonomy":"product_tag","embeddable":true,"href":"https:\/\/innovexalgerie.com\/machines\/wp-json\/wp\/v2\/product_tag?post=33838"}],"curies":[{"name":"wp","href":"https:\/\/api.w.org\/{rel}","templated":true}]}}