{"id":33908,"date":"2025-11-11T11:27:27","date_gmt":"2025-11-11T10:27:27","guid":{"rendered":"https:\/\/innovexalgerie.com\/machines\/?post_type=product&#038;p=33908"},"modified":"2026-01-06T13:53:50","modified_gmt":"2026-01-06T12:53:50","slug":"soudeuse-automatique-ys-zb-5ab","status":"publish","type":"product","link":"https:\/\/innovexalgerie.com\/machines\/produit\/soudeuse-automatique-ys-zb-5ab\/","title":{"rendered":"Soudeuse automatique pneumatique \u00e0 soudure continue YS-ZB-5AB"},"content":{"rendered":"<p style=\"text-align: left;\">La version PRO de la soudeuse automatique pneumatique est con\u00e7ue pour un fonctionnement en continu, garantissant une productivit\u00e9 \u00e9lev\u00e9e et une qualit\u00e9 de scellage constante. La machine est \u00e9quip\u00e9e de trois (03) piliers, assurant un fonctionnement vertical tr\u00e8s stable et une pression tr\u00e8s uniforme sur le film r\u00e9tractable.<\/p>\n<ul style=\"text-align: left;\">\n<li>Connexion \u00e0 la cha\u00eene de production \u00e0 travers diff\u00e9rents syst\u00e8mes d&rsquo;alimentation.<\/li>\n<li>Convoyeur \u00e0 bande motoris\u00e9 r\u00e9glable en hauteur.<\/li>\n<li>La hauteur et la course du cadre de scellage sont r\u00e9glables.<\/li>\n<li>Tableau de fonctionnement simple,avec une interface utilisateur \u00e0 menus clairs, facilitant son utilisation pour<br \/>\ndiverses applications.<\/li>\n<li>\u00c9cran tactile clair, simple et facile \u00e0 utiliser.<\/li>\n<li>Combinaison possible avec un tunnel de r\u00e9traction.<\/li>\n<li>Syst\u00e8me de perforation du film pour \u00e9viter la formation les bulles d\u2019air.<\/li>\n<li>D\u00e9tection des produits par cellule photo\u00e9lectrique horizontale ou verticale suivant le type du produit.<\/li>\n<li>Syst\u00e8mes de r\u00e9glage faciles et rapides pour passer d&rsquo;un produit \u00e0 l&rsquo;autre en peu de temps.<\/li>\n<li>Syst\u00e8mes \u00e9lectroniques et r\u00e9gulation pr\u00e9cise de la temp\u00e9rature et du temps d&rsquo;\u00e9tanch\u00e9it\u00e9.<\/li>\n<li>Couvercle transparent dot\u00e9 d&rsquo;un syst\u00e8me de s\u00e9curit\u00e9 pour pr\u00e9venir les accidents ind\u00e9sirables.<\/li>\n<li>R\u00e9cup\u00e9ration motoris\u00e9e de la chute.<\/li>\n<li>La barre de soudure verticale fonctionne par un syst\u00e8me pneumatique.<\/li>\n<li>Chauffage par double tube r\u00e9sistant pour un travail en continu non stop.<\/li>\n<li>Machine conforme aux normes CE.<\/li>\n<\/ul>\n<p><img loading=\"lazy\" decoding=\"async\" class=\"alignnone wp-image-34004 size-full\" src=\"https:\/\/innovexalgerie.com\/machines\/wp-content\/uploads\/2025\/11\/icon-5AB-1.jpg\" alt=\"\" width=\"743\" height=\"232\" srcset=\"https:\/\/innovexalgerie.com\/machines\/wp-content\/uploads\/2025\/11\/icon-5AB-1.jpg 743w, https:\/\/innovexalgerie.com\/machines\/wp-content\/uploads\/2025\/11\/icon-5AB-1-300x94.jpg 300w, https:\/\/innovexalgerie.com\/machines\/wp-content\/uploads\/2025\/11\/icon-5AB-1-600x187.jpg 600w\" sizes=\"auto, (max-width: 743px) 100vw, 743px\" \/><\/p>\n","protected":false},"excerpt":{"rendered":"<p style=\"text-align: left;\" data-start=\"88\" data-end=\"310\" data-cur=\"cursor\">La soudeuse automatique pneumatique est con\u00e7ue pour un fonctionnement en continu et int\u00e8gre une barre de soudure \u00e0 syst\u00e8me pneumatique, assurant une productivit\u00e9 \u00e9lev\u00e9e et une qualit\u00e9 de scellage constante.<\/p>\n<p><img loading=\"lazy\" decoding=\"async\" class=\"alignnone wp-image-33170 size-full\" src=\"https:\/\/innovexalgerie.com\/machines\/wp-content\/uploads\/2025\/03\/ICON-SOUDEUSE-AUTO-YSZB-5AX.jpg\" alt=\"ICON-SOUDEUSE-AUTO-YSZB-5AX\" width=\"1055\" height=\"217\" srcset=\"https:\/\/innovexalgerie.com\/machines\/wp-content\/uploads\/2025\/03\/ICON-SOUDEUSE-AUTO-YSZB-5AX.jpg 1055w, https:\/\/innovexalgerie.com\/machines\/wp-content\/uploads\/2025\/03\/ICON-SOUDEUSE-AUTO-YSZB-5AX-300x62.jpg 300w, https:\/\/innovexalgerie.com\/machines\/wp-content\/uploads\/2025\/03\/ICON-SOUDEUSE-AUTO-YSZB-5AX-1024x211.jpg 1024w, https:\/\/innovexalgerie.com\/machines\/wp-content\/uploads\/2025\/03\/ICON-SOUDEUSE-AUTO-YSZB-5AX-768x158.jpg 768w, https:\/\/innovexalgerie.com\/machines\/wp-content\/uploads\/2025\/03\/ICON-SOUDEUSE-AUTO-YSZB-5AX-600x123.jpg 600w\" sizes=\"auto, (max-width: 1055px) 100vw, 1055px\" \/><\/p>\n","protected":false},"featured_media":34006,"template":"","meta":{"_monsterinsights_skip_tracking":false,"_monsterinsights_sitenote_active":false,"_monsterinsights_sitenote_note":"","_monsterinsights_sitenote_category":0},"product_cat":[35,211],"product_tag":[60,31,41,42,44,45,300],"class_list":["post-33908","product","type-product","status-publish","has-post-thumbnail","hentry","product_cat-fardeleuse-et-cellophaneuse","product_cat-filmeuses-automatique","product_tag-automatique","product_tag-fardeleuse","product_tag-shrink","product_tag-shrink-wrapper","product_tag-soudeuse","product_tag-soudeuse-automatique","product_tag-soudeuse-pneumatique"],"yoast_head":"<!-- This site is optimized with the Yoast SEO Premium plugin v16.2 (Yoast SEO v16.7) - https:\/\/yoast.com\/wordpress\/plugins\/seo\/ -->\n<title>Soudeuse automatique pneumatique \u00e0 soudure continue YS-ZB-5AB - Innovex Machines | Innovex Algerie<\/title>\n<meta name=\"description\" content=\"Soudeuse en L enti\u00e8rement automatique en continu, la barre de soudure fonctionne par un syst\u00e8me pneumatique,avec une cadence de travail \u00e9lev\u00e9\" \/>\n<meta name=\"robots\" content=\"index, follow, max-snippet:-1, max-image-preview:large, max-video-preview:-1\" \/>\n<link rel=\"canonical\" href=\"https:\/\/innovexalgerie.com\/machines\/produit\/soudeuse-automatique-ys-zb-5ab\/\" \/>\n<meta property=\"og:locale\" content=\"fr_FR\" \/>\n<meta property=\"og:type\" content=\"article\" \/>\n<meta property=\"og:title\" content=\"Soudeuse automatique pneumatique \u00e0 soudure continue YS-ZB-5AB - Innovex Machines | Innovex Algerie\" \/>\n<meta property=\"og:description\" content=\"Soudeuse en L enti\u00e8rement automatique en continu, la barre de soudure fonctionne par un syst\u00e8me pneumatique,avec une cadence de travail \u00e9lev\u00e9\" \/>\n<meta property=\"og:url\" content=\"https:\/\/innovexalgerie.com\/machines\/produit\/soudeuse-automatique-ys-zb-5ab\/\" \/>\n<meta property=\"og:site_name\" content=\"Innovex Machines | Innovex Algerie\" \/>\n<meta property=\"article:publisher\" content=\"https:\/\/www.facebook.com\/innovexmachine1\" \/>\n<meta property=\"article:modified_time\" content=\"2026-01-06T12:53:50+00:00\" \/>\n<meta name=\"twitter:card\" content=\"summary_large_image\" \/>\n<meta name=\"twitter:label1\" content=\"Dur\u00e9e de lecture est.\" \/>\n\t<meta name=\"twitter:data1\" content=\"1 minute\" \/>\n<script type=\"application\/ld+json\" class=\"yoast-schema-graph\">{\"@context\":\"https:\/\/schema.org\",\"@graph\":[{\"@type\":\"WebSite\",\"@id\":\"https:\/\/innovexalgerie.com\/machines\/#website\",\"url\":\"https:\/\/innovexalgerie.com\/machines\/\",\"name\":\"Innovex Machines | Innovex Algerie\",\"description\":\"Fournisseur de machines d&#039;emballage et d&#039;imprimerie\",\"potentialAction\":[{\"@type\":\"SearchAction\",\"target\":{\"@type\":\"EntryPoint\",\"urlTemplate\":\"https:\/\/innovexalgerie.com\/machines\/?s={search_term_string}\"},\"query-input\":\"required name=search_term_string\"}],\"inLanguage\":\"fr-FR\"},{\"@type\":\"ImageObject\",\"@id\":\"https:\/\/innovexalgerie.com\/machines\/produit\/soudeuse-automatique-ys-zb-5ab\/#primaryimage\",\"inLanguage\":\"fr-FR\",\"url\":\"https:\/\/innovexalgerie.com\/machines\/wp-content\/uploads\/2025\/11\/5ab.jpg\",\"contentUrl\":\"https:\/\/innovexalgerie.com\/machines\/wp-content\/uploads\/2025\/11\/5ab.jpg\",\"width\":1000,\"height\":1000,\"caption\":\"soudeuse auto pneumatique a soudure continue YSZB-5AB\"},{\"@type\":\"WebPage\",\"@id\":\"https:\/\/innovexalgerie.com\/machines\/produit\/soudeuse-automatique-ys-zb-5ab\/#webpage\",\"url\":\"https:\/\/innovexalgerie.com\/machines\/produit\/soudeuse-automatique-ys-zb-5ab\/\",\"name\":\"Soudeuse automatique pneumatique \\u00e0 soudure continue YS-ZB-5AB - Innovex Machines | Innovex Algerie\",\"isPartOf\":{\"@id\":\"https:\/\/innovexalgerie.com\/machines\/#website\"},\"primaryImageOfPage\":{\"@id\":\"https:\/\/innovexalgerie.com\/machines\/produit\/soudeuse-automatique-ys-zb-5ab\/#primaryimage\"},\"datePublished\":\"2025-11-11T10:27:27+00:00\",\"dateModified\":\"2026-01-06T12:53:50+00:00\",\"description\":\"Soudeuse en L enti\\u00e8rement automatique en continu, la barre de soudure fonctionne par un syst\\u00e8me pneumatique,avec une cadence de travail \\u00e9lev\\u00e9\",\"breadcrumb\":{\"@id\":\"https:\/\/innovexalgerie.com\/machines\/produit\/soudeuse-automatique-ys-zb-5ab\/#breadcrumb\"},\"inLanguage\":\"fr-FR\",\"potentialAction\":[{\"@type\":\"ReadAction\",\"target\":[\"https:\/\/innovexalgerie.com\/machines\/produit\/soudeuse-automatique-ys-zb-5ab\/\"]}]},{\"@type\":\"BreadcrumbList\",\"@id\":\"https:\/\/innovexalgerie.com\/machines\/produit\/soudeuse-automatique-ys-zb-5ab\/#breadcrumb\",\"itemListElement\":[{\"@type\":\"ListItem\",\"position\":1,\"name\":\"Accueil\",\"item\":\"https:\/\/innovexalgerie.com\/machines\/\"},{\"@type\":\"ListItem\",\"position\":2,\"name\":\"Produits\",\"item\":\"https:\/\/innovexalgerie.com\/machines\/boutique\/\"},{\"@type\":\"ListItem\",\"position\":3,\"name\":\"Soudeuse automatique pneumatique \\u00e0 soudure continue YS-ZB-5AB\"}]}]}<\/script>\n<!-- \/ Yoast SEO Premium plugin. -->","yoast_head_json":{"title":"Soudeuse automatique pneumatique \u00e0 soudure continue YS-ZB-5AB - Innovex Machines | Innovex Algerie","description":"Soudeuse en L enti\u00e8rement automatique en continu, la barre de soudure fonctionne par un syst\u00e8me pneumatique,avec une cadence de travail \u00e9lev\u00e9","robots":{"index":"index","follow":"follow","max-snippet":"max-snippet:-1","max-image-preview":"max-image-preview:large","max-video-preview":"max-video-preview:-1"},"canonical":"https:\/\/innovexalgerie.com\/machines\/produit\/soudeuse-automatique-ys-zb-5ab\/","og_locale":"fr_FR","og_type":"article","og_title":"Soudeuse automatique pneumatique \u00e0 soudure continue YS-ZB-5AB - Innovex Machines | Innovex Algerie","og_description":"Soudeuse en L enti\u00e8rement automatique en continu, la barre de soudure fonctionne par un syst\u00e8me pneumatique,avec une cadence de travail \u00e9lev\u00e9","og_url":"https:\/\/innovexalgerie.com\/machines\/produit\/soudeuse-automatique-ys-zb-5ab\/","og_site_name":"Innovex Machines | Innovex Algerie","article_publisher":"https:\/\/www.facebook.com\/innovexmachine1","article_modified_time":"2026-01-06T12:53:50+00:00","twitter_card":"summary_large_image","twitter_misc":{"Dur\u00e9e de lecture est.":"1 minute"},"schema":{"@context":"https:\/\/schema.org","@graph":[{"@type":"WebSite","@id":"https:\/\/innovexalgerie.com\/machines\/#website","url":"https:\/\/innovexalgerie.com\/machines\/","name":"Innovex Machines | Innovex Algerie","description":"Fournisseur de machines d&#039;emballage et d&#039;imprimerie","potentialAction":[{"@type":"SearchAction","target":{"@type":"EntryPoint","urlTemplate":"https:\/\/innovexalgerie.com\/machines\/?s={search_term_string}"},"query-input":"required name=search_term_string"}],"inLanguage":"fr-FR"},{"@type":"ImageObject","@id":"https:\/\/innovexalgerie.com\/machines\/produit\/soudeuse-automatique-ys-zb-5ab\/#primaryimage","inLanguage":"fr-FR","url":"https:\/\/innovexalgerie.com\/machines\/wp-content\/uploads\/2025\/11\/5ab.jpg","contentUrl":"https:\/\/innovexalgerie.com\/machines\/wp-content\/uploads\/2025\/11\/5ab.jpg","width":1000,"height":1000,"caption":"soudeuse auto pneumatique a soudure continue YSZB-5AB"},{"@type":"WebPage","@id":"https:\/\/innovexalgerie.com\/machines\/produit\/soudeuse-automatique-ys-zb-5ab\/#webpage","url":"https:\/\/innovexalgerie.com\/machines\/produit\/soudeuse-automatique-ys-zb-5ab\/","name":"Soudeuse automatique pneumatique \u00e0 soudure continue YS-ZB-5AB - Innovex Machines | Innovex Algerie","isPartOf":{"@id":"https:\/\/innovexalgerie.com\/machines\/#website"},"primaryImageOfPage":{"@id":"https:\/\/innovexalgerie.com\/machines\/produit\/soudeuse-automatique-ys-zb-5ab\/#primaryimage"},"datePublished":"2025-11-11T10:27:27+00:00","dateModified":"2026-01-06T12:53:50+00:00","description":"Soudeuse en L enti\u00e8rement automatique en continu, la barre de soudure fonctionne par un syst\u00e8me pneumatique,avec une cadence de travail \u00e9lev\u00e9","breadcrumb":{"@id":"https:\/\/innovexalgerie.com\/machines\/produit\/soudeuse-automatique-ys-zb-5ab\/#breadcrumb"},"inLanguage":"fr-FR","potentialAction":[{"@type":"ReadAction","target":["https:\/\/innovexalgerie.com\/machines\/produit\/soudeuse-automatique-ys-zb-5ab\/"]}]},{"@type":"BreadcrumbList","@id":"https:\/\/innovexalgerie.com\/machines\/produit\/soudeuse-automatique-ys-zb-5ab\/#breadcrumb","itemListElement":[{"@type":"ListItem","position":1,"name":"Accueil","item":"https:\/\/innovexalgerie.com\/machines\/"},{"@type":"ListItem","position":2,"name":"Produits","item":"https:\/\/innovexalgerie.com\/machines\/boutique\/"},{"@type":"ListItem","position":3,"name":"Soudeuse automatique pneumatique \u00e0 soudure continue YS-ZB-5AB"}]}]}},"_links":{"self":[{"href":"https:\/\/innovexalgerie.com\/machines\/wp-json\/wp\/v2\/product\/33908","targetHints":{"allow":["GET"]}}],"collection":[{"href":"https:\/\/innovexalgerie.com\/machines\/wp-json\/wp\/v2\/product"}],"about":[{"href":"https:\/\/innovexalgerie.com\/machines\/wp-json\/wp\/v2\/types\/product"}],"version-history":[{"count":3,"href":"https:\/\/innovexalgerie.com\/machines\/wp-json\/wp\/v2\/product\/33908\/revisions"}],"predecessor-version":[{"id":33993,"href":"https:\/\/innovexalgerie.com\/machines\/wp-json\/wp\/v2\/product\/33908\/revisions\/33993"}],"wp:featuredmedia":[{"embeddable":true,"href":"https:\/\/innovexalgerie.com\/machines\/wp-json\/wp\/v2\/media\/34006"}],"wp:attachment":[{"href":"https:\/\/innovexalgerie.com\/machines\/wp-json\/wp\/v2\/media?parent=33908"}],"wp:term":[{"taxonomy":"product_cat","embeddable":true,"href":"https:\/\/innovexalgerie.com\/machines\/wp-json\/wp\/v2\/product_cat?post=33908"},{"taxonomy":"product_tag","embeddable":true,"href":"https:\/\/innovexalgerie.com\/machines\/wp-json\/wp\/v2\/product_tag?post=33908"}],"curies":[{"name":"wp","href":"https:\/\/api.w.org\/{rel}","templated":true}]}}