{"id":34250,"date":"2026-04-29T10:08:22","date_gmt":"2026-04-29T09:08:22","guid":{"rendered":"https:\/\/innovexalgerie.com\/machines\/?post_type=product&#038;p=34250"},"modified":"2026-04-29T12:34:36","modified_gmt":"2026-04-29T11:34:36","slug":"cercleuse-electrique-portative-pour-feuillard-en-pp-pet-cyc1000","status":"publish","type":"product","link":"https:\/\/innovexalgerie.com\/machines\/produit\/cercleuse-electrique-portative-pour-feuillard-en-pp-pet-cyc1000\/","title":{"rendered":"Cercleuse \u00e9lectrique portative pour feuillard en PP\/PET CYC1000"},"content":{"rendered":"<p>Cercleuse portative \u00e9lectrique \u00e0 batterie <strong>CYC1000<\/strong> pour feuillard en PET et PP sans chapes fiable et simple \u00e0 utiliser, con\u00e7ue pour faciliter le cerclage de papier, aluminium, fer, bois, palettes&#8230;<\/p>\n<p>avec un syst\u00e8me de soudure en friction.<\/p>\n<ul>\n<li>con\u00e7ue pour faciliter le cerclage des diff\u00e9rents cartons et palettes avec une maniabilit\u00e9 et libert\u00e9 de mouvement optimale.<\/li>\n<li>Elle est adapt\u00e9e aux surfaces plates et rondes.<\/li>\n<li>Batterie Lithium 4.0 Ah \u2013 14.4 V offrant une bonne autonomie et une puissance stable.<\/li>\n<li>Cerclage rapide et automatique (tension, soudure et coupe).<\/li>\n<li>Forte tension adapt\u00e9e aux charges lourdes.<\/li>\n<li>\n<section class=\"text-token-text-primary w-full focus:outline-none [--shadow-height:45px] has-data-writing-block:pointer-events-none has-data-writing-block:-mt-(--shadow-height) has-data-writing-block:pt-(--shadow-height) [&amp;:has([data-writing-block])&gt;*]:pointer-events-auto [content-visibility:auto] supports-[content-visibility:auto]:[contain-intrinsic-size:auto_100lvh] R6Vx5W_threadScrollVars scroll-mb-[calc(var(--scroll-root-safe-area-inset-bottom,0px)+var(--thread-response-height))] scroll-mt-[calc(var(--header-height)+min(200px,max(70px,20svh)))]\" dir=\"auto\" data-turn-id=\"request-WEB:e45b9218-9aeb-47cd-b991-d052b544088b-46\" data-testid=\"conversation-turn-10\" data-scroll-anchor=\"false\" data-turn=\"assistant\">\n<div class=\"text-base my-auto mx-auto pb-10 [--thread-content-margin:var(--thread-content-margin-xs,calc(var(--spacing)*4))] @w-sm\/main:[--thread-content-margin:var(--thread-content-margin-sm,calc(var(--spacing)*6))] @w-lg\/main:[--thread-content-margin:var(--thread-content-margin-lg,calc(var(--spacing)*16))] px-(--thread-content-margin)\" data-cur=\"cursor\">\n<div class=\"[--thread-content-max-width:40rem] @w-lg\/main:[--thread-content-max-width:48rem] mx-auto max-w-(--thread-content-max-width) flex-1 group\/turn-messages focus-visible:outline-hidden relative flex w-full min-w-0 flex-col agent-turn\">\n<div class=\"z-0 flex min-h-[46px] justify-start\">L\u00e9g\u00e8re et facile a porter.<\/div>\n<\/div>\n<\/div>\n<\/section>\n<\/li>\n<li>Temps de charge : 1 Heure de charge \u2248 100 \u2013 200 cercles de travail.<\/li>\n<li>Largeur de feuillard 13 \u2013 16 mm.<\/li>\n<li>Utilisable dans la logistique, l\u2019emballage et l\u2019industrie.<\/li>\n<\/ul>\n","protected":false},"excerpt":{"rendered":"<p>La cercleuse \u00e9lectrique portative pour feuillard en PET et PP sans chape d\u2019une largeur qui varie de 13 jusqu\u2019\u00e0 16mm, avec un syst\u00e8me de soudure en friction.<\/p>\n<p><img loading=\"lazy\" decoding=\"async\" class=\"alignnone size-full wp-image-30060\" src=\"https:\/\/innovexalgerie.com\/machines\/wp-content\/uploads\/2022\/01\/ICON-CERCLEUSE-INNOVEX-MACHINE.jpg\" alt=\"ICON-CERCLEUSE-INNOVEX-MACHINE\" width=\"856\" height=\"196\" srcset=\"https:\/\/innovexalgerie.com\/machines\/wp-content\/uploads\/2022\/01\/ICON-CERCLEUSE-INNOVEX-MACHINE.jpg 856w, https:\/\/innovexalgerie.com\/machines\/wp-content\/uploads\/2022\/01\/ICON-CERCLEUSE-INNOVEX-MACHINE-300x69.jpg 300w, https:\/\/innovexalgerie.com\/machines\/wp-content\/uploads\/2022\/01\/ICON-CERCLEUSE-INNOVEX-MACHINE-768x176.jpg 768w, https:\/\/innovexalgerie.com\/machines\/wp-content\/uploads\/2022\/01\/ICON-CERCLEUSE-INNOVEX-MACHINE-600x137.jpg 600w\" sizes=\"auto, (max-width: 856px) 100vw, 856px\" \/><\/p>\n","protected":false},"featured_media":34254,"template":"","meta":{"_monsterinsights_skip_tracking":false,"_monsterinsights_sitenote_active":false,"_monsterinsights_sitenote_note":"","_monsterinsights_sitenote_category":0},"product_cat":[246],"product_tag":[30,24,31],"class_list":["post-34250","product","type-product","status-publish","has-post-thumbnail","hentry","product_cat-cercleuses-portatives","product_tag-cellophaneuse","product_tag-emballage","product_tag-fardeleuse"],"yoast_head":"<!-- This site is optimized with the Yoast SEO Premium plugin v16.2 (Yoast SEO v16.7) - https:\/\/yoast.com\/wordpress\/plugins\/seo\/ -->\n<title>Cercleuse \u00e9lectrique portative pour feuillard en PP\/PET CYC1000 - Innovex Machines | Innovex Algerie<\/title>\n<meta name=\"description\" content=\"La cercleuse \u00e9lectrique portative con\u00e7ue pour faciliter le cerclage des diff\u00e9rents cartons et palettes avec une maniabilit\u00e9 de mouvement .\" \/>\n<meta name=\"robots\" content=\"index, follow, max-snippet:-1, max-image-preview:large, max-video-preview:-1\" \/>\n<link rel=\"canonical\" href=\"https:\/\/innovexalgerie.com\/machines\/?post_type=product&#038;p=34250\" \/>\n<meta property=\"og:locale\" content=\"fr_FR\" \/>\n<meta property=\"og:type\" content=\"article\" \/>\n<meta property=\"og:title\" content=\"Cercleuse \u00e9lectrique portative pour feuillard en PP\/PET CYC1000 - Innovex Machines | Innovex Algerie\" \/>\n<meta property=\"og:description\" content=\"La cercleuse \u00e9lectrique portative con\u00e7ue pour faciliter le cerclage des diff\u00e9rents cartons et palettes avec une maniabilit\u00e9 de mouvement .\" \/>\n<meta property=\"og:url\" content=\"https:\/\/innovexalgerie.com\/machines\/?post_type=product&amp;p=34250\" \/>\n<meta property=\"og:site_name\" content=\"Innovex Machines | Innovex Algerie\" \/>\n<meta property=\"article:publisher\" content=\"https:\/\/www.facebook.com\/innovexmachine1\" \/>\n<meta property=\"article:modified_time\" content=\"2026-04-29T11:34:36+00:00\" \/>\n<meta property=\"og:image\" content=\"https:\/\/innovexalgerie.com\/machines\/wp-content\/uploads\/2021\/03\/jdc-1316.jpg\" \/>\n\t<meta property=\"og:image:width\" content=\"1000\" \/>\n\t<meta property=\"og:image:height\" content=\"1000\" \/>\n<meta name=\"twitter:card\" content=\"summary_large_image\" \/>\n<meta name=\"twitter:label1\" content=\"Dur\u00e9e de lecture est.\" \/>\n\t<meta name=\"twitter:data1\" content=\"1 minute\" \/>\n<script type=\"application\/ld+json\" class=\"yoast-schema-graph\">{\"@context\":\"https:\/\/schema.org\",\"@graph\":[{\"@type\":\"WebSite\",\"@id\":\"https:\/\/innovexalgerie.com\/machines\/#website\",\"url\":\"https:\/\/innovexalgerie.com\/machines\/\",\"name\":\"Innovex Machines | Innovex Algerie\",\"description\":\"Fournisseur de machines d&#039;emballage et d&#039;imprimerie\",\"potentialAction\":[{\"@type\":\"SearchAction\",\"target\":{\"@type\":\"EntryPoint\",\"urlTemplate\":\"https:\/\/innovexalgerie.com\/machines\/?s={search_term_string}\"},\"query-input\":\"required name=search_term_string\"}],\"inLanguage\":\"fr-FR\"},{\"@type\":\"ImageObject\",\"@id\":\"https:\/\/innovexalgerie.com\/machines\/?post_type=product&p=34250#primaryimage\",\"inLanguage\":\"fr-FR\",\"url\":\"https:\/\/innovexalgerie.com\/machines\/wp-content\/uploads\/2026\/04\/Plan-de-travail-1-100-2.jpg\",\"contentUrl\":\"https:\/\/innovexalgerie.com\/machines\/wp-content\/uploads\/2026\/04\/Plan-de-travail-1-100-2.jpg\",\"width\":1000,\"height\":1000,\"caption\":\"Cercleuse \\u00e9lectrique portative CYC1000\"},{\"@type\":\"WebPage\",\"@id\":\"https:\/\/innovexalgerie.com\/machines\/?post_type=product&p=34250#webpage\",\"url\":\"https:\/\/innovexalgerie.com\/machines\/?post_type=product&p=34250\",\"name\":\"Cercleuse \\u00e9lectrique portative pour feuillard en PP\/PET CYC1000 - Innovex Machines | Innovex Algerie\",\"isPartOf\":{\"@id\":\"https:\/\/innovexalgerie.com\/machines\/#website\"},\"primaryImageOfPage\":{\"@id\":\"https:\/\/innovexalgerie.com\/machines\/?post_type=product&p=34250#primaryimage\"},\"datePublished\":\"2026-04-29T09:08:22+00:00\",\"dateModified\":\"2026-04-29T11:34:36+00:00\",\"description\":\"La cercleuse \\u00e9lectrique portative con\\u00e7ue pour faciliter le cerclage des diff\\u00e9rents cartons et palettes avec une maniabilit\\u00e9 de mouvement .\",\"breadcrumb\":{\"@id\":\"https:\/\/innovexalgerie.com\/machines\/?post_type=product&p=34250#breadcrumb\"},\"inLanguage\":\"fr-FR\",\"potentialAction\":[{\"@type\":\"ReadAction\",\"target\":[\"https:\/\/innovexalgerie.com\/machines\/?post_type=product&p=34250\"]}]},{\"@type\":\"BreadcrumbList\",\"@id\":\"https:\/\/innovexalgerie.com\/machines\/?post_type=product&p=34250#breadcrumb\",\"itemListElement\":[{\"@type\":\"ListItem\",\"position\":1,\"name\":\"Accueil\",\"item\":\"https:\/\/innovexalgerie.com\/machines\/\"},{\"@type\":\"ListItem\",\"position\":2,\"name\":\"Produits\",\"item\":\"https:\/\/innovexalgerie.com\/machines\/boutique\/\"},{\"@type\":\"ListItem\",\"position\":3,\"name\":\"Cercleuse \\u00e9lectrique portative pour feuillard en PP\/PET CYC1000\"}]}]}<\/script>\n<!-- \/ Yoast SEO Premium plugin. -->","yoast_head_json":{"title":"Cercleuse \u00e9lectrique portative pour feuillard en PP\/PET CYC1000 - Innovex Machines | Innovex Algerie","description":"La cercleuse \u00e9lectrique portative con\u00e7ue pour faciliter le cerclage des diff\u00e9rents cartons et palettes avec une maniabilit\u00e9 de mouvement .","robots":{"index":"index","follow":"follow","max-snippet":"max-snippet:-1","max-image-preview":"max-image-preview:large","max-video-preview":"max-video-preview:-1"},"canonical":"https:\/\/innovexalgerie.com\/machines\/?post_type=product&p=34250","og_locale":"fr_FR","og_type":"article","og_title":"Cercleuse \u00e9lectrique portative pour feuillard en PP\/PET CYC1000 - Innovex Machines | Innovex Algerie","og_description":"La cercleuse \u00e9lectrique portative con\u00e7ue pour faciliter le cerclage des diff\u00e9rents cartons et palettes avec une maniabilit\u00e9 de mouvement .","og_url":"https:\/\/innovexalgerie.com\/machines\/?post_type=product&p=34250","og_site_name":"Innovex Machines | Innovex Algerie","article_publisher":"https:\/\/www.facebook.com\/innovexmachine1","article_modified_time":"2026-04-29T11:34:36+00:00","og_image":[{"width":1000,"height":1000,"url":"https:\/\/innovexalgerie.com\/machines\/wp-content\/uploads\/2021\/03\/jdc-1316.jpg","path":"\/home\/inovex\/public_html\/machines\/wp-content\/uploads\/2021\/03\/jdc-1316.jpg","size":"full","id":413,"alt":"","pixels":1000000,"type":"image\/jpeg"}],"twitter_card":"summary_large_image","twitter_misc":{"Dur\u00e9e de lecture est.":"1 minute"},"schema":{"@context":"https:\/\/schema.org","@graph":[{"@type":"WebSite","@id":"https:\/\/innovexalgerie.com\/machines\/#website","url":"https:\/\/innovexalgerie.com\/machines\/","name":"Innovex Machines | Innovex Algerie","description":"Fournisseur de machines d&#039;emballage et d&#039;imprimerie","potentialAction":[{"@type":"SearchAction","target":{"@type":"EntryPoint","urlTemplate":"https:\/\/innovexalgerie.com\/machines\/?s={search_term_string}"},"query-input":"required name=search_term_string"}],"inLanguage":"fr-FR"},{"@type":"ImageObject","@id":"https:\/\/innovexalgerie.com\/machines\/?post_type=product&p=34250#primaryimage","inLanguage":"fr-FR","url":"https:\/\/innovexalgerie.com\/machines\/wp-content\/uploads\/2026\/04\/Plan-de-travail-1-100-2.jpg","contentUrl":"https:\/\/innovexalgerie.com\/machines\/wp-content\/uploads\/2026\/04\/Plan-de-travail-1-100-2.jpg","width":1000,"height":1000,"caption":"Cercleuse \u00e9lectrique portative CYC1000"},{"@type":"WebPage","@id":"https:\/\/innovexalgerie.com\/machines\/?post_type=product&p=34250#webpage","url":"https:\/\/innovexalgerie.com\/machines\/?post_type=product&p=34250","name":"Cercleuse \u00e9lectrique portative pour feuillard en PP\/PET CYC1000 - Innovex Machines | Innovex Algerie","isPartOf":{"@id":"https:\/\/innovexalgerie.com\/machines\/#website"},"primaryImageOfPage":{"@id":"https:\/\/innovexalgerie.com\/machines\/?post_type=product&p=34250#primaryimage"},"datePublished":"2026-04-29T09:08:22+00:00","dateModified":"2026-04-29T11:34:36+00:00","description":"La cercleuse \u00e9lectrique portative con\u00e7ue pour faciliter le cerclage des diff\u00e9rents cartons et palettes avec une maniabilit\u00e9 de mouvement .","breadcrumb":{"@id":"https:\/\/innovexalgerie.com\/machines\/?post_type=product&p=34250#breadcrumb"},"inLanguage":"fr-FR","potentialAction":[{"@type":"ReadAction","target":["https:\/\/innovexalgerie.com\/machines\/?post_type=product&p=34250"]}]},{"@type":"BreadcrumbList","@id":"https:\/\/innovexalgerie.com\/machines\/?post_type=product&p=34250#breadcrumb","itemListElement":[{"@type":"ListItem","position":1,"name":"Accueil","item":"https:\/\/innovexalgerie.com\/machines\/"},{"@type":"ListItem","position":2,"name":"Produits","item":"https:\/\/innovexalgerie.com\/machines\/boutique\/"},{"@type":"ListItem","position":3,"name":"Cercleuse \u00e9lectrique portative pour feuillard en PP\/PET CYC1000"}]}]}},"_links":{"self":[{"href":"https:\/\/innovexalgerie.com\/machines\/wp-json\/wp\/v2\/product\/34250","targetHints":{"allow":["GET"]}}],"collection":[{"href":"https:\/\/innovexalgerie.com\/machines\/wp-json\/wp\/v2\/product"}],"about":[{"href":"https:\/\/innovexalgerie.com\/machines\/wp-json\/wp\/v2\/types\/product"}],"version-history":[{"count":0,"href":"https:\/\/innovexalgerie.com\/machines\/wp-json\/wp\/v2\/product\/34250\/revisions"}],"wp:featuredmedia":[{"embeddable":true,"href":"https:\/\/innovexalgerie.com\/machines\/wp-json\/wp\/v2\/media\/34254"}],"wp:attachment":[{"href":"https:\/\/innovexalgerie.com\/machines\/wp-json\/wp\/v2\/media?parent=34250"}],"wp:term":[{"taxonomy":"product_cat","embeddable":true,"href":"https:\/\/innovexalgerie.com\/machines\/wp-json\/wp\/v2\/product_cat?post=34250"},{"taxonomy":"product_tag","embeddable":true,"href":"https:\/\/innovexalgerie.com\/machines\/wp-json\/wp\/v2\/product_tag?post=34250"}],"curies":[{"name":"wp","href":"https:\/\/api.w.org\/{rel}","templated":true}]}}