{"id":374,"date":"2021-03-24T20:47:38","date_gmt":"2021-03-24T19:47:38","guid":{"rendered":"https:\/\/innovexalgerie.com\/machines2\/?post_type=product&#038;p=374"},"modified":"2022-04-11T14:15:11","modified_gmt":"2022-04-11T13:15:11","slug":"cercleuse-electrique-portative-feuillard-en-pp-pet-sans-chape-jdc13-16","status":"publish","type":"product","link":"https:\/\/innovexalgerie.com\/machines\/produit\/cercleuse-electrique-portative-feuillard-en-pp-pet-sans-chape-jdc13-16\/","title":{"rendered":"Cercleuse \u00e9lectrique portative pour feuillard en PP\/PET sans chapes JDC13-16"},"content":{"rendered":"<p>Cercleuse portative \u00e9lectrique \u00e0 batterie <strong>JDC13-16<\/strong> pour feuillard en PET et PP sans chapes fiable et simple \u00e0 utiliser, con\u00e7ue pour faciliter le cerclage de papier, aluminium, fer, bois, palettes&#8230;<\/p>\n<p>avec un syst\u00e8me de soudure en friction.<\/p>\n<ul>\n<li>con\u00e7ue pour faciliter le cerclage des diff\u00e9rents cartons et palettes avec une maniabilit\u00e9 et libert\u00e9 de mouvement optimale.<\/li>\n<li>Elle est adapt\u00e9e aux surfaces plates et rondes.<\/li>\n<li>Moteur de marque japonaise Makita.<\/li>\n<li>Roulements de marque japonaise NSK.<\/li>\n<li>L\u00e9g\u00e8re et facile a porter.<\/li>\n<li>Temps de charge : 1 Heure de charge \u2248 100 \u2013 200 cercles de travail.<\/li>\n<li>Largeur de feuillard 13 \u2013 16 mm.<\/li>\n<\/ul>\n","protected":false},"excerpt":{"rendered":"<p>La cercleuse \u00e9lectrique portative pour feuillard en PET et PP sans chape d\u2019une largeur qui varie de 13 jusqu\u2019\u00e0 16mm, avec un syst\u00e8me de soudure en friction.<\/p>\n<p><img loading=\"lazy\" decoding=\"async\" class=\"alignnone size-full wp-image-30060\" src=\"https:\/\/innovexalgerie.com\/machines\/wp-content\/uploads\/2022\/01\/ICON-CERCLEUSE-INNOVEX-MACHINE.jpg\" alt=\"ICON-CERCLEUSE-INNOVEX-MACHINE\" width=\"856\" height=\"196\" srcset=\"https:\/\/innovexalgerie.com\/machines\/wp-content\/uploads\/2022\/01\/ICON-CERCLEUSE-INNOVEX-MACHINE.jpg 856w, https:\/\/innovexalgerie.com\/machines\/wp-content\/uploads\/2022\/01\/ICON-CERCLEUSE-INNOVEX-MACHINE-300x69.jpg 300w, https:\/\/innovexalgerie.com\/machines\/wp-content\/uploads\/2022\/01\/ICON-CERCLEUSE-INNOVEX-MACHINE-768x176.jpg 768w, https:\/\/innovexalgerie.com\/machines\/wp-content\/uploads\/2022\/01\/ICON-CERCLEUSE-INNOVEX-MACHINE-600x137.jpg 600w\" sizes=\"auto, (max-width: 856px) 100vw, 856px\" \/><\/p>\n","protected":false},"featured_media":413,"template":"","meta":{"_monsterinsights_skip_tracking":false,"_monsterinsights_sitenote_active":false,"_monsterinsights_sitenote_note":"","_monsterinsights_sitenote_category":0},"product_cat":[246],"product_tag":[30,24,31],"class_list":["post-374","product","type-product","status-publish","has-post-thumbnail","hentry","product_cat-cercleuses-portatives","product_tag-cellophaneuse","product_tag-emballage","product_tag-fardeleuse"],"yoast_head":"<!-- This site is optimized with the Yoast SEO Premium plugin v16.2 (Yoast SEO v16.7) - https:\/\/yoast.com\/wordpress\/plugins\/seo\/ -->\n<title>Cercleuse \u00e9lectrique portative pour feuillard en PP\/PET sans chapes JDC13-16 - Innovex Machines | Innovex Algerie<\/title>\n<meta name=\"description\" content=\"La cercleuse \u00e9lectrique portative con\u00e7ue pour faciliter le cerclage des diff\u00e9rents cartons et palettes avec une maniabilit\u00e9 de mouvement .\" \/>\n<meta name=\"robots\" content=\"index, follow, max-snippet:-1, max-image-preview:large, max-video-preview:-1\" \/>\n<link rel=\"canonical\" href=\"https:\/\/innovexalgerie.com\/machines\/produit\/cercleuse-electrique-portative-feuillard-en-pp-pet-sans-chape-jdc13-16\/\" \/>\n<meta property=\"og:locale\" content=\"fr_FR\" \/>\n<meta property=\"og:type\" content=\"article\" \/>\n<meta property=\"og:title\" content=\"Cercleuse \u00e9lectrique portative pour feuillard en PP\/PET sans chapes JDC13-16 - Innovex Machines | Innovex Algerie\" \/>\n<meta property=\"og:description\" content=\"La cercleuse \u00e9lectrique portative con\u00e7ue pour faciliter le cerclage des diff\u00e9rents cartons et palettes avec une maniabilit\u00e9 de mouvement .\" \/>\n<meta property=\"og:url\" content=\"https:\/\/innovexalgerie.com\/machines\/produit\/cercleuse-electrique-portative-feuillard-en-pp-pet-sans-chape-jdc13-16\/\" \/>\n<meta property=\"og:site_name\" content=\"Innovex Machines | Innovex Algerie\" \/>\n<meta property=\"article:publisher\" content=\"https:\/\/www.facebook.com\/innovexmachine1\" \/>\n<meta property=\"article:modified_time\" content=\"2022-04-11T13:15:11+00:00\" \/>\n<meta property=\"og:image\" content=\"https:\/\/innovexalgerie.com\/machines\/wp-content\/uploads\/2021\/03\/jdc-1316.jpg\" \/>\n\t<meta property=\"og:image:width\" content=\"1000\" \/>\n\t<meta property=\"og:image:height\" content=\"1000\" \/>\n<meta name=\"twitter:card\" content=\"summary_large_image\" \/>\n<meta name=\"twitter:label1\" content=\"Dur\u00e9e de lecture est.\" \/>\n\t<meta name=\"twitter:data1\" content=\"1 minute\" \/>\n<script type=\"application\/ld+json\" class=\"yoast-schema-graph\">{\"@context\":\"https:\/\/schema.org\",\"@graph\":[{\"@type\":\"WebSite\",\"@id\":\"https:\/\/innovexalgerie.com\/machines\/#website\",\"url\":\"https:\/\/innovexalgerie.com\/machines\/\",\"name\":\"Innovex Machines | Innovex Algerie\",\"description\":\"Fournisseur de machines d&#039;emballage et d&#039;imprimerie\",\"potentialAction\":[{\"@type\":\"SearchAction\",\"target\":{\"@type\":\"EntryPoint\",\"urlTemplate\":\"https:\/\/innovexalgerie.com\/machines\/?s={search_term_string}\"},\"query-input\":\"required name=search_term_string\"}],\"inLanguage\":\"fr-FR\"},{\"@type\":\"ImageObject\",\"@id\":\"https:\/\/innovexalgerie.com\/machines\/produit\/cercleuse-electrique-portative-feuillard-en-pp-pet-sans-chape-jdc13-16\/#primaryimage\",\"inLanguage\":\"fr-FR\",\"url\":\"https:\/\/innovexalgerie.com\/machines\/wp-content\/uploads\/2021\/03\/jdc-1316.jpg\",\"contentUrl\":\"https:\/\/innovexalgerie.com\/machines\/wp-content\/uploads\/2021\/03\/jdc-1316.jpg\",\"width\":1000,\"height\":1000},{\"@type\":\"WebPage\",\"@id\":\"https:\/\/innovexalgerie.com\/machines\/produit\/cercleuse-electrique-portative-feuillard-en-pp-pet-sans-chape-jdc13-16\/#webpage\",\"url\":\"https:\/\/innovexalgerie.com\/machines\/produit\/cercleuse-electrique-portative-feuillard-en-pp-pet-sans-chape-jdc13-16\/\",\"name\":\"Cercleuse \\u00e9lectrique portative pour feuillard en PP\/PET sans chapes JDC13-16 - Innovex Machines | Innovex Algerie\",\"isPartOf\":{\"@id\":\"https:\/\/innovexalgerie.com\/machines\/#website\"},\"primaryImageOfPage\":{\"@id\":\"https:\/\/innovexalgerie.com\/machines\/produit\/cercleuse-electrique-portative-feuillard-en-pp-pet-sans-chape-jdc13-16\/#primaryimage\"},\"datePublished\":\"2021-03-24T19:47:38+00:00\",\"dateModified\":\"2022-04-11T13:15:11+00:00\",\"description\":\"La cercleuse \\u00e9lectrique portative con\\u00e7ue pour faciliter le cerclage des diff\\u00e9rents cartons et palettes avec une maniabilit\\u00e9 de mouvement .\",\"breadcrumb\":{\"@id\":\"https:\/\/innovexalgerie.com\/machines\/produit\/cercleuse-electrique-portative-feuillard-en-pp-pet-sans-chape-jdc13-16\/#breadcrumb\"},\"inLanguage\":\"fr-FR\",\"potentialAction\":[{\"@type\":\"ReadAction\",\"target\":[\"https:\/\/innovexalgerie.com\/machines\/produit\/cercleuse-electrique-portative-feuillard-en-pp-pet-sans-chape-jdc13-16\/\"]}]},{\"@type\":\"BreadcrumbList\",\"@id\":\"https:\/\/innovexalgerie.com\/machines\/produit\/cercleuse-electrique-portative-feuillard-en-pp-pet-sans-chape-jdc13-16\/#breadcrumb\",\"itemListElement\":[{\"@type\":\"ListItem\",\"position\":1,\"name\":\"Accueil\",\"item\":\"https:\/\/innovexalgerie.com\/machines\/\"},{\"@type\":\"ListItem\",\"position\":2,\"name\":\"Produits\",\"item\":\"https:\/\/innovexalgerie.com\/machines\/boutique\/\"},{\"@type\":\"ListItem\",\"position\":3,\"name\":\"Cercleuse \\u00e9lectrique portative pour feuillard en PP\/PET sans chapes JDC13-16\"}]}]}<\/script>\n<!-- \/ Yoast SEO Premium plugin. -->","yoast_head_json":{"title":"Cercleuse \u00e9lectrique portative pour feuillard en PP\/PET sans chapes JDC13-16 - Innovex Machines | Innovex Algerie","description":"La cercleuse \u00e9lectrique portative con\u00e7ue pour faciliter le cerclage des diff\u00e9rents cartons et palettes avec une maniabilit\u00e9 de mouvement .","robots":{"index":"index","follow":"follow","max-snippet":"max-snippet:-1","max-image-preview":"max-image-preview:large","max-video-preview":"max-video-preview:-1"},"canonical":"https:\/\/innovexalgerie.com\/machines\/produit\/cercleuse-electrique-portative-feuillard-en-pp-pet-sans-chape-jdc13-16\/","og_locale":"fr_FR","og_type":"article","og_title":"Cercleuse \u00e9lectrique portative pour feuillard en PP\/PET sans chapes JDC13-16 - Innovex Machines | Innovex Algerie","og_description":"La cercleuse \u00e9lectrique portative con\u00e7ue pour faciliter le cerclage des diff\u00e9rents cartons et palettes avec une maniabilit\u00e9 de mouvement .","og_url":"https:\/\/innovexalgerie.com\/machines\/produit\/cercleuse-electrique-portative-feuillard-en-pp-pet-sans-chape-jdc13-16\/","og_site_name":"Innovex Machines | Innovex Algerie","article_publisher":"https:\/\/www.facebook.com\/innovexmachine1","article_modified_time":"2022-04-11T13:15:11+00:00","og_image":[{"width":1000,"height":1000,"url":"https:\/\/innovexalgerie.com\/machines\/wp-content\/uploads\/2021\/03\/jdc-1316.jpg","path":"\/home\/inovex\/public_html\/machines\/wp-content\/uploads\/2021\/03\/jdc-1316.jpg","size":"full","id":413,"alt":"","pixels":1000000,"type":"image\/jpeg"}],"twitter_card":"summary_large_image","twitter_misc":{"Dur\u00e9e de lecture est.":"1 minute"},"schema":{"@context":"https:\/\/schema.org","@graph":[{"@type":"WebSite","@id":"https:\/\/innovexalgerie.com\/machines\/#website","url":"https:\/\/innovexalgerie.com\/machines\/","name":"Innovex Machines | Innovex Algerie","description":"Fournisseur de machines d&#039;emballage et d&#039;imprimerie","potentialAction":[{"@type":"SearchAction","target":{"@type":"EntryPoint","urlTemplate":"https:\/\/innovexalgerie.com\/machines\/?s={search_term_string}"},"query-input":"required name=search_term_string"}],"inLanguage":"fr-FR"},{"@type":"ImageObject","@id":"https:\/\/innovexalgerie.com\/machines\/produit\/cercleuse-electrique-portative-feuillard-en-pp-pet-sans-chape-jdc13-16\/#primaryimage","inLanguage":"fr-FR","url":"https:\/\/innovexalgerie.com\/machines\/wp-content\/uploads\/2021\/03\/jdc-1316.jpg","contentUrl":"https:\/\/innovexalgerie.com\/machines\/wp-content\/uploads\/2021\/03\/jdc-1316.jpg","width":1000,"height":1000},{"@type":"WebPage","@id":"https:\/\/innovexalgerie.com\/machines\/produit\/cercleuse-electrique-portative-feuillard-en-pp-pet-sans-chape-jdc13-16\/#webpage","url":"https:\/\/innovexalgerie.com\/machines\/produit\/cercleuse-electrique-portative-feuillard-en-pp-pet-sans-chape-jdc13-16\/","name":"Cercleuse \u00e9lectrique portative pour feuillard en PP\/PET sans chapes JDC13-16 - Innovex Machines | Innovex Algerie","isPartOf":{"@id":"https:\/\/innovexalgerie.com\/machines\/#website"},"primaryImageOfPage":{"@id":"https:\/\/innovexalgerie.com\/machines\/produit\/cercleuse-electrique-portative-feuillard-en-pp-pet-sans-chape-jdc13-16\/#primaryimage"},"datePublished":"2021-03-24T19:47:38+00:00","dateModified":"2022-04-11T13:15:11+00:00","description":"La cercleuse \u00e9lectrique portative con\u00e7ue pour faciliter le cerclage des diff\u00e9rents cartons et palettes avec une maniabilit\u00e9 de mouvement .","breadcrumb":{"@id":"https:\/\/innovexalgerie.com\/machines\/produit\/cercleuse-electrique-portative-feuillard-en-pp-pet-sans-chape-jdc13-16\/#breadcrumb"},"inLanguage":"fr-FR","potentialAction":[{"@type":"ReadAction","target":["https:\/\/innovexalgerie.com\/machines\/produit\/cercleuse-electrique-portative-feuillard-en-pp-pet-sans-chape-jdc13-16\/"]}]},{"@type":"BreadcrumbList","@id":"https:\/\/innovexalgerie.com\/machines\/produit\/cercleuse-electrique-portative-feuillard-en-pp-pet-sans-chape-jdc13-16\/#breadcrumb","itemListElement":[{"@type":"ListItem","position":1,"name":"Accueil","item":"https:\/\/innovexalgerie.com\/machines\/"},{"@type":"ListItem","position":2,"name":"Produits","item":"https:\/\/innovexalgerie.com\/machines\/boutique\/"},{"@type":"ListItem","position":3,"name":"Cercleuse \u00e9lectrique portative pour feuillard en PP\/PET sans chapes JDC13-16"}]}]}},"_links":{"self":[{"href":"https:\/\/innovexalgerie.com\/machines\/wp-json\/wp\/v2\/product\/374","targetHints":{"allow":["GET"]}}],"collection":[{"href":"https:\/\/innovexalgerie.com\/machines\/wp-json\/wp\/v2\/product"}],"about":[{"href":"https:\/\/innovexalgerie.com\/machines\/wp-json\/wp\/v2\/types\/product"}],"version-history":[{"count":9,"href":"https:\/\/innovexalgerie.com\/machines\/wp-json\/wp\/v2\/product\/374\/revisions"}],"predecessor-version":[{"id":30114,"href":"https:\/\/innovexalgerie.com\/machines\/wp-json\/wp\/v2\/product\/374\/revisions\/30114"}],"wp:featuredmedia":[{"embeddable":true,"href":"https:\/\/innovexalgerie.com\/machines\/wp-json\/wp\/v2\/media\/413"}],"wp:attachment":[{"href":"https:\/\/innovexalgerie.com\/machines\/wp-json\/wp\/v2\/media?parent=374"}],"wp:term":[{"taxonomy":"product_cat","embeddable":true,"href":"https:\/\/innovexalgerie.com\/machines\/wp-json\/wp\/v2\/product_cat?post=374"},{"taxonomy":"product_tag","embeddable":true,"href":"https:\/\/innovexalgerie.com\/machines\/wp-json\/wp\/v2\/product_tag?post=374"}],"curies":[{"name":"wp","href":"https:\/\/api.w.org\/{rel}","templated":true}]}}