{"id":375,"date":"2021-03-24T20:47:38","date_gmt":"2021-03-24T19:47:38","guid":{"rendered":"https:\/\/innovexalgerie.com\/machines2\/?post_type=product&#038;p=375"},"modified":"2022-04-11T13:41:22","modified_gmt":"2022-04-11T12:41:22","slug":"cercleuse-pneumatique-a19","status":"publish","type":"product","link":"https:\/\/innovexalgerie.com\/machines\/produit\/cercleuse-pneumatique-a19\/","title":{"rendered":"Cercleuse portative pneumatique pour feuillard en PET sans chapes\u00a0A19"},"content":{"rendered":"<p>L\u2019outil de cerclage pneumatique <strong>A19<\/strong> pour feuillard en PET sans chapes con\u00e7ue pour faciliter le cerclage de papier, aluminium, fer, bois, palette&#8230; s\u2019adapte aux op\u00e9rations continues dans des conditions exigeantes.<\/p>\n<ul>\n<li>Dot\u00e9 d\u2019un syst\u00e8me de fermeture par friction soudure assurant un cerclage de qualit\u00e9 sup\u00e9rieure.<\/li>\n<li>Adapt\u00e9e aux surfaces plates et rondes.<\/li>\n<li>Largeur de feuillard 15 &#8211; 19 mm.<\/li>\n<\/ul>\n<p>&nbsp;<\/p>\n","protected":false},"excerpt":{"rendered":"<p>La cercleuse portative pneumatique pour feuillard PET sans chapes d\u2019une largeur qui varie de 15 jusqu\u2019\u00e0 19mm, avec un syst\u00e8me de soudure en friction. <img loading=\"lazy\" decoding=\"async\" class=\"alignnone size-full wp-image-30104\" src=\"https:\/\/innovexalgerie.com\/machines\/wp-content\/uploads\/2021\/03\/icon-cerrcleuse-portative-innovex-machine-1.jpg\" alt=\"icon-cerrcleuse-portative--innovex-machine\" width=\"856\" height=\"196\" srcset=\"https:\/\/innovexalgerie.com\/machines\/wp-content\/uploads\/2021\/03\/icon-cerrcleuse-portative-innovex-machine-1.jpg 856w, https:\/\/innovexalgerie.com\/machines\/wp-content\/uploads\/2021\/03\/icon-cerrcleuse-portative-innovex-machine-1-300x69.jpg 300w, https:\/\/innovexalgerie.com\/machines\/wp-content\/uploads\/2021\/03\/icon-cerrcleuse-portative-innovex-machine-1-768x176.jpg 768w, https:\/\/innovexalgerie.com\/machines\/wp-content\/uploads\/2021\/03\/icon-cerrcleuse-portative-innovex-machine-1-600x137.jpg 600w\" sizes=\"auto, (max-width: 856px) 100vw, 856px\" \/><\/p>\n<p>&nbsp;<\/p>\n","protected":false},"featured_media":417,"template":"","meta":{"_monsterinsights_skip_tracking":false,"_monsterinsights_sitenote_active":false,"_monsterinsights_sitenote_note":"","_monsterinsights_sitenote_category":0},"product_cat":[246],"product_tag":[51,115],"class_list":["post-375","product","type-product","status-publish","has-post-thumbnail","hentry","product_cat-cercleuses-portatives","product_tag-cercleuse","product_tag-cercleuse-pneumatique"],"yoast_head":"<!-- This site is optimized with the Yoast SEO Premium plugin v16.2 (Yoast SEO v16.7) - https:\/\/yoast.com\/wordpress\/plugins\/seo\/ -->\n<title>Cercleuse portative pneumatique pour feuillard en PET sans chapes\u00a0A19 - Innovex Machines | Innovex Algerie<\/title>\n<meta name=\"description\" content=\"La cercleuse pneumatique con\u00e7ue pour faciliter le cerclage de papier, aluminium, fer, bois, palette.. avec un syst\u00e8me de soudure en friction.\" \/>\n<meta name=\"robots\" content=\"index, follow, max-snippet:-1, max-image-preview:large, max-video-preview:-1\" \/>\n<link rel=\"canonical\" href=\"https:\/\/innovexalgerie.com\/machines\/produit\/cercleuse-pneumatique-a19\/\" \/>\n<meta property=\"og:locale\" content=\"fr_FR\" \/>\n<meta property=\"og:type\" content=\"article\" \/>\n<meta property=\"og:title\" content=\"Cercleuse portative pneumatique pour feuillard en PET sans chapes\u00a0A19 - Innovex Machines | Innovex Algerie\" \/>\n<meta property=\"og:description\" content=\"La cercleuse pneumatique con\u00e7ue pour faciliter le cerclage de papier, aluminium, fer, bois, palette.. avec un syst\u00e8me de soudure en friction.\" \/>\n<meta property=\"og:url\" content=\"https:\/\/innovexalgerie.com\/machines\/produit\/cercleuse-pneumatique-a19\/\" \/>\n<meta property=\"og:site_name\" content=\"Innovex Machines | Innovex Algerie\" \/>\n<meta property=\"article:publisher\" content=\"https:\/\/www.facebook.com\/innovexmachine1\" \/>\n<meta property=\"article:modified_time\" content=\"2022-04-11T12:41:22+00:00\" \/>\n<meta property=\"og:image\" content=\"https:\/\/innovexalgerie.com\/machines\/wp-content\/uploads\/2021\/03\/AQD-19_PNEUMATIC_STRAPPING_MACHINE.jpg\" \/>\n\t<meta property=\"og:image:width\" content=\"500\" \/>\n\t<meta property=\"og:image:height\" content=\"500\" \/>\n<meta name=\"twitter:card\" content=\"summary_large_image\" \/>\n<meta name=\"twitter:label1\" content=\"Dur\u00e9e de lecture est.\" \/>\n\t<meta name=\"twitter:data1\" content=\"1 minute\" \/>\n<script type=\"application\/ld+json\" class=\"yoast-schema-graph\">{\"@context\":\"https:\/\/schema.org\",\"@graph\":[{\"@type\":\"WebSite\",\"@id\":\"https:\/\/innovexalgerie.com\/machines\/#website\",\"url\":\"https:\/\/innovexalgerie.com\/machines\/\",\"name\":\"Innovex Machines | Innovex Algerie\",\"description\":\"Fournisseur de machines d&#039;emballage et d&#039;imprimerie\",\"potentialAction\":[{\"@type\":\"SearchAction\",\"target\":{\"@type\":\"EntryPoint\",\"urlTemplate\":\"https:\/\/innovexalgerie.com\/machines\/?s={search_term_string}\"},\"query-input\":\"required name=search_term_string\"}],\"inLanguage\":\"fr-FR\"},{\"@type\":\"ImageObject\",\"@id\":\"https:\/\/innovexalgerie.com\/machines\/produit\/cercleuse-pneumatique-a19\/#primaryimage\",\"inLanguage\":\"fr-FR\",\"url\":\"https:\/\/innovexalgerie.com\/machines\/wp-content\/uploads\/2021\/03\/AQD-19_PNEUMATIC_STRAPPING_MACHINE.jpg\",\"contentUrl\":\"https:\/\/innovexalgerie.com\/machines\/wp-content\/uploads\/2021\/03\/AQD-19_PNEUMATIC_STRAPPING_MACHINE.jpg\",\"width\":500,\"height\":500},{\"@type\":\"WebPage\",\"@id\":\"https:\/\/innovexalgerie.com\/machines\/produit\/cercleuse-pneumatique-a19\/#webpage\",\"url\":\"https:\/\/innovexalgerie.com\/machines\/produit\/cercleuse-pneumatique-a19\/\",\"name\":\"Cercleuse portative pneumatique pour feuillard en PET sans chapes\\u00a0A19 - Innovex Machines | Innovex Algerie\",\"isPartOf\":{\"@id\":\"https:\/\/innovexalgerie.com\/machines\/#website\"},\"primaryImageOfPage\":{\"@id\":\"https:\/\/innovexalgerie.com\/machines\/produit\/cercleuse-pneumatique-a19\/#primaryimage\"},\"datePublished\":\"2021-03-24T19:47:38+00:00\",\"dateModified\":\"2022-04-11T12:41:22+00:00\",\"description\":\"La cercleuse pneumatique con\\u00e7ue pour faciliter le cerclage de papier, aluminium, fer, bois, palette.. avec un syst\\u00e8me de soudure en friction.\",\"breadcrumb\":{\"@id\":\"https:\/\/innovexalgerie.com\/machines\/produit\/cercleuse-pneumatique-a19\/#breadcrumb\"},\"inLanguage\":\"fr-FR\",\"potentialAction\":[{\"@type\":\"ReadAction\",\"target\":[\"https:\/\/innovexalgerie.com\/machines\/produit\/cercleuse-pneumatique-a19\/\"]}]},{\"@type\":\"BreadcrumbList\",\"@id\":\"https:\/\/innovexalgerie.com\/machines\/produit\/cercleuse-pneumatique-a19\/#breadcrumb\",\"itemListElement\":[{\"@type\":\"ListItem\",\"position\":1,\"name\":\"Accueil\",\"item\":\"https:\/\/innovexalgerie.com\/machines\/\"},{\"@type\":\"ListItem\",\"position\":2,\"name\":\"Produits\",\"item\":\"https:\/\/innovexalgerie.com\/machines\/boutique\/\"},{\"@type\":\"ListItem\",\"position\":3,\"name\":\"Cercleuse portative pneumatique pour feuillard en PET sans chapes\\u00a0A19\"}]}]}<\/script>\n<!-- \/ Yoast SEO Premium plugin. -->","yoast_head_json":{"title":"Cercleuse portative pneumatique pour feuillard en PET sans chapes\u00a0A19 - Innovex Machines | Innovex Algerie","description":"La cercleuse pneumatique con\u00e7ue pour faciliter le cerclage de papier, aluminium, fer, bois, palette.. avec un syst\u00e8me de soudure en friction.","robots":{"index":"index","follow":"follow","max-snippet":"max-snippet:-1","max-image-preview":"max-image-preview:large","max-video-preview":"max-video-preview:-1"},"canonical":"https:\/\/innovexalgerie.com\/machines\/produit\/cercleuse-pneumatique-a19\/","og_locale":"fr_FR","og_type":"article","og_title":"Cercleuse portative pneumatique pour feuillard en PET sans chapes\u00a0A19 - Innovex Machines | Innovex Algerie","og_description":"La cercleuse pneumatique con\u00e7ue pour faciliter le cerclage de papier, aluminium, fer, bois, palette.. avec un syst\u00e8me de soudure en friction.","og_url":"https:\/\/innovexalgerie.com\/machines\/produit\/cercleuse-pneumatique-a19\/","og_site_name":"Innovex Machines | Innovex Algerie","article_publisher":"https:\/\/www.facebook.com\/innovexmachine1","article_modified_time":"2022-04-11T12:41:22+00:00","og_image":[{"width":500,"height":500,"url":"https:\/\/innovexalgerie.com\/machines\/wp-content\/uploads\/2021\/03\/AQD-19_PNEUMATIC_STRAPPING_MACHINE.jpg","path":"\/home\/inovex\/public_html\/machines\/wp-content\/uploads\/2021\/03\/AQD-19_PNEUMATIC_STRAPPING_MACHINE.jpg","size":"full","id":417,"alt":"","pixels":250000,"type":"image\/jpeg"}],"twitter_card":"summary_large_image","twitter_misc":{"Dur\u00e9e de lecture est.":"1 minute"},"schema":{"@context":"https:\/\/schema.org","@graph":[{"@type":"WebSite","@id":"https:\/\/innovexalgerie.com\/machines\/#website","url":"https:\/\/innovexalgerie.com\/machines\/","name":"Innovex Machines | Innovex Algerie","description":"Fournisseur de machines d&#039;emballage et d&#039;imprimerie","potentialAction":[{"@type":"SearchAction","target":{"@type":"EntryPoint","urlTemplate":"https:\/\/innovexalgerie.com\/machines\/?s={search_term_string}"},"query-input":"required name=search_term_string"}],"inLanguage":"fr-FR"},{"@type":"ImageObject","@id":"https:\/\/innovexalgerie.com\/machines\/produit\/cercleuse-pneumatique-a19\/#primaryimage","inLanguage":"fr-FR","url":"https:\/\/innovexalgerie.com\/machines\/wp-content\/uploads\/2021\/03\/AQD-19_PNEUMATIC_STRAPPING_MACHINE.jpg","contentUrl":"https:\/\/innovexalgerie.com\/machines\/wp-content\/uploads\/2021\/03\/AQD-19_PNEUMATIC_STRAPPING_MACHINE.jpg","width":500,"height":500},{"@type":"WebPage","@id":"https:\/\/innovexalgerie.com\/machines\/produit\/cercleuse-pneumatique-a19\/#webpage","url":"https:\/\/innovexalgerie.com\/machines\/produit\/cercleuse-pneumatique-a19\/","name":"Cercleuse portative pneumatique pour feuillard en PET sans chapes\u00a0A19 - Innovex Machines | Innovex Algerie","isPartOf":{"@id":"https:\/\/innovexalgerie.com\/machines\/#website"},"primaryImageOfPage":{"@id":"https:\/\/innovexalgerie.com\/machines\/produit\/cercleuse-pneumatique-a19\/#primaryimage"},"datePublished":"2021-03-24T19:47:38+00:00","dateModified":"2022-04-11T12:41:22+00:00","description":"La cercleuse pneumatique con\u00e7ue pour faciliter le cerclage de papier, aluminium, fer, bois, palette.. avec un syst\u00e8me de soudure en friction.","breadcrumb":{"@id":"https:\/\/innovexalgerie.com\/machines\/produit\/cercleuse-pneumatique-a19\/#breadcrumb"},"inLanguage":"fr-FR","potentialAction":[{"@type":"ReadAction","target":["https:\/\/innovexalgerie.com\/machines\/produit\/cercleuse-pneumatique-a19\/"]}]},{"@type":"BreadcrumbList","@id":"https:\/\/innovexalgerie.com\/machines\/produit\/cercleuse-pneumatique-a19\/#breadcrumb","itemListElement":[{"@type":"ListItem","position":1,"name":"Accueil","item":"https:\/\/innovexalgerie.com\/machines\/"},{"@type":"ListItem","position":2,"name":"Produits","item":"https:\/\/innovexalgerie.com\/machines\/boutique\/"},{"@type":"ListItem","position":3,"name":"Cercleuse portative pneumatique pour feuillard en PET sans chapes\u00a0A19"}]}]}},"_links":{"self":[{"href":"https:\/\/innovexalgerie.com\/machines\/wp-json\/wp\/v2\/product\/375","targetHints":{"allow":["GET"]}}],"collection":[{"href":"https:\/\/innovexalgerie.com\/machines\/wp-json\/wp\/v2\/product"}],"about":[{"href":"https:\/\/innovexalgerie.com\/machines\/wp-json\/wp\/v2\/types\/product"}],"version-history":[{"count":11,"href":"https:\/\/innovexalgerie.com\/machines\/wp-json\/wp\/v2\/product\/375\/revisions"}],"predecessor-version":[{"id":30054,"href":"https:\/\/innovexalgerie.com\/machines\/wp-json\/wp\/v2\/product\/375\/revisions\/30054"}],"wp:featuredmedia":[{"embeddable":true,"href":"https:\/\/innovexalgerie.com\/machines\/wp-json\/wp\/v2\/media\/417"}],"wp:attachment":[{"href":"https:\/\/innovexalgerie.com\/machines\/wp-json\/wp\/v2\/media?parent=375"}],"wp:term":[{"taxonomy":"product_cat","embeddable":true,"href":"https:\/\/innovexalgerie.com\/machines\/wp-json\/wp\/v2\/product_cat?post=375"},{"taxonomy":"product_tag","embeddable":true,"href":"https:\/\/innovexalgerie.com\/machines\/wp-json\/wp\/v2\/product_tag?post=375"}],"curies":[{"name":"wp","href":"https:\/\/api.w.org\/{rel}","templated":true}]}}