{"id":469,"date":"2021-03-24T20:48:01","date_gmt":"2021-03-24T19:48:01","guid":{"rendered":"https:\/\/innovexalgerie.com\/machines2\/?post_type=product&#038;p=469"},"modified":"2022-06-04T15:34:44","modified_gmt":"2022-06-04T14:34:44","slug":"filmeuse-en-l-automatique-continue-ys-zb-5a","status":"publish","type":"product","link":"https:\/\/innovexalgerie.com\/machines\/produit\/filmeuse-en-l-automatique-continue-ys-zb-5a\/","title":{"rendered":"Soudeuse en L automatique continue YS-ZB-5A"},"content":{"rendered":"<p>Soudeuse <strong>YS-ZB-5A<\/strong> en L enti\u00e8rement automatique, c&rsquo;est la meilleure solution pour le r\u00e9tr\u00e9cissement des grandes s\u00e9ries dans les processus industriels continus, la barre de soudure fonctionne par un syst\u00e8me pneumatique, avec une cadence qui peut aller jusqu&rsquo;\u00e0 1700 paquet \/heure.<\/p>\n<ul>\n<li>Connexion \u00e0 la cha\u00eene de production \u00e0 travers diff\u00e9rents syst\u00e8mes d&rsquo;alimentation.<\/li>\n<li>Convoyeur \u00e0 bande motoris\u00e9 r\u00e9glable en hauteur.<\/li>\n<li>Combinaison possible avec un tunnel de r\u00e9traction.<\/li>\n<li>Mastic d&rsquo;alliage rev\u00eatu de t\u00e9flon qui permet un joint d&rsquo;\u00e9tanch\u00e9it\u00e9 propre et sans liaison.<\/li>\n<li>D\u00e9tection des produits par cellule photo\u00e9lectrique horizontale ou verticale suivant le type du produit.<\/li>\n<li>Syst\u00e8mes de r\u00e9glage faciles et rapides pour passer d&rsquo;un produit \u00e0 l&rsquo;autre en peu de temps.<\/li>\n<li>Syst\u00e8mes \u00e9lectroniques et r\u00e9gulation pr\u00e9cise de la temp\u00e9rature et du temps d&rsquo;\u00e9tanch\u00e9it\u00e9.<\/li>\n<li>Capuche de protection transparente avec syst\u00e8me de s\u00e9curit\u00e9 pour \u00e9viter les accidents de manutention.<\/li>\n<li>R\u00e9cup\u00e9ration motoris\u00e9e de la chute.<\/li>\n<li>Barre de soudage pneumatique.<\/li>\n<li>Chauffage par double tube r\u00e9sistant pour un travail en continu non stop.<\/li>\n<li>Machine conforme aux normes CE.<\/li>\n<\/ul>\n<p><img loading=\"lazy\" decoding=\"async\" class=\"alignnone wp-image-30603\" src=\"https:\/\/innovexalgerie.com\/machines\/wp-content\/uploads\/2021\/03\/DIMENSION-DU-PRODUIT-SOUDEUSE-AUTO-YS-ZB-5A.jpg\" alt=\"DIMENSION-DU-PRODUIT-SOUDEUSE-AUTO-YS-ZB-5A\" width=\"589\" height=\"184\" srcset=\"https:\/\/innovexalgerie.com\/machines\/wp-content\/uploads\/2021\/03\/DIMENSION-DU-PRODUIT-SOUDEUSE-AUTO-YS-ZB-5A.jpg 743w, https:\/\/innovexalgerie.com\/machines\/wp-content\/uploads\/2021\/03\/DIMENSION-DU-PRODUIT-SOUDEUSE-AUTO-YS-ZB-5A-300x94.jpg 300w, https:\/\/innovexalgerie.com\/machines\/wp-content\/uploads\/2021\/03\/DIMENSION-DU-PRODUIT-SOUDEUSE-AUTO-YS-ZB-5A-600x187.jpg 600w\" sizes=\"auto, (max-width: 589px) 100vw, 589px\" \/><\/p>\n<div style=\"width: 640px;\" class=\"wp-video\"><video class=\"wp-video-shortcode\" id=\"video-469-1\" width=\"640\" height=\"360\" preload=\"metadata\" controls=\"controls\"><source type=\"video\/mp4\" src=\"https:\/\/innovexalgerie.com\/machines\/wp-content\/uploads\/2021\/03\/videoplayback-3-1.mp4?_=1\" \/><a href=\"https:\/\/innovexalgerie.com\/machines\/wp-content\/uploads\/2021\/03\/videoplayback-3-1.mp4\">https:\/\/innovexalgerie.com\/machines\/wp-content\/uploads\/2021\/03\/videoplayback-3-1.mp4<\/a><\/video><\/div>\n<p>&nbsp;<\/p>\n<p>&nbsp;<\/p>\n","protected":false},"excerpt":{"rendered":"<p>Soudeuse en L enti\u00e8rement automatique en continue, la barre de soudure fonctionne par un syst\u00e8me pneumatique, avec une cadence de travail qui peut aller jusqu&rsquo;\u00e0 1700 paquet \/heure.<img loading=\"lazy\" decoding=\"async\" class=\"alignnone size-full wp-image-30600\" src=\"https:\/\/innovexalgerie.com\/machines\/wp-content\/uploads\/2021\/03\/icon-soudeuse-auto-ys-zb-5a-innovex-machine.jpg\" alt=\"\" width=\"891\" height=\"217\" srcset=\"https:\/\/innovexalgerie.com\/machines\/wp-content\/uploads\/2021\/03\/icon-soudeuse-auto-ys-zb-5a-innovex-machine.jpg 891w, https:\/\/innovexalgerie.com\/machines\/wp-content\/uploads\/2021\/03\/icon-soudeuse-auto-ys-zb-5a-innovex-machine-300x73.jpg 300w, https:\/\/innovexalgerie.com\/machines\/wp-content\/uploads\/2021\/03\/icon-soudeuse-auto-ys-zb-5a-innovex-machine-768x187.jpg 768w, https:\/\/innovexalgerie.com\/machines\/wp-content\/uploads\/2021\/03\/icon-soudeuse-auto-ys-zb-5a-innovex-machine-600x146.jpg 600w\" sizes=\"auto, (max-width: 891px) 100vw, 891px\" \/><\/p>\n","protected":false},"featured_media":564,"template":"","meta":{"_monsterinsights_skip_tracking":false,"_monsterinsights_sitenote_active":false,"_monsterinsights_sitenote_note":"","_monsterinsights_sitenote_category":0},"product_cat":[35,211],"product_tag":[60,31,41,42,44,45],"class_list":["post-469","product","type-product","status-publish","has-post-thumbnail","hentry","product_cat-fardeleuse-et-cellophaneuse","product_cat-filmeuses-automatique","product_tag-automatique","product_tag-fardeleuse","product_tag-shrink","product_tag-shrink-wrapper","product_tag-soudeuse","product_tag-soudeuse-automatique"],"yoast_head":"<!-- This site is optimized with the Yoast SEO Premium plugin v16.2 (Yoast SEO v16.7) - https:\/\/yoast.com\/wordpress\/plugins\/seo\/ -->\n<title>Soudeuse en L automatique continue YS-ZB-5A - Innovex Machines | Innovex Algerie<\/title>\n<meta name=\"description\" content=\"Soudeuse en L enti\u00e8rement automatique en continu, la barre de soudure fonctionne par un syst\u00e8me pneumatique,avec une cadence de travail \u00e9lev\u00e9\" \/>\n<meta name=\"robots\" content=\"index, follow, max-snippet:-1, max-image-preview:large, max-video-preview:-1\" \/>\n<link rel=\"canonical\" href=\"https:\/\/innovexalgerie.com\/machines\/produit\/filmeuse-en-l-automatique-continue-ys-zb-5a\/\" \/>\n<meta property=\"og:locale\" content=\"fr_FR\" \/>\n<meta property=\"og:type\" content=\"article\" \/>\n<meta property=\"og:title\" content=\"Soudeuse en L automatique continue YS-ZB-5A - Innovex Machines | Innovex Algerie\" \/>\n<meta property=\"og:description\" content=\"Soudeuse en L enti\u00e8rement automatique en continu, la barre de soudure fonctionne par un syst\u00e8me pneumatique,avec une cadence de travail \u00e9lev\u00e9\" \/>\n<meta property=\"og:url\" content=\"https:\/\/innovexalgerie.com\/machines\/produit\/filmeuse-en-l-automatique-continue-ys-zb-5a\/\" \/>\n<meta property=\"og:site_name\" content=\"Innovex Machines | Innovex Algerie\" \/>\n<meta property=\"article:publisher\" content=\"https:\/\/www.facebook.com\/innovexmachine1\" \/>\n<meta property=\"article:modified_time\" content=\"2022-06-04T14:34:44+00:00\" \/>\n<meta property=\"og:image\" content=\"https:\/\/innovexalgerie.com\/machines\/wp-content\/uploads\/2021\/03\/filmeuse-el-L-automatique.jpg\" \/>\n\t<meta property=\"og:image:width\" content=\"1000\" \/>\n\t<meta property=\"og:image:height\" content=\"1000\" \/>\n<meta name=\"twitter:card\" content=\"summary_large_image\" \/>\n<meta name=\"twitter:label1\" content=\"Dur\u00e9e de lecture est.\" \/>\n\t<meta name=\"twitter:data1\" content=\"1 minute\" \/>\n<script type=\"application\/ld+json\" class=\"yoast-schema-graph\">{\"@context\":\"https:\/\/schema.org\",\"@graph\":[{\"@type\":\"WebSite\",\"@id\":\"https:\/\/innovexalgerie.com\/machines\/#website\",\"url\":\"https:\/\/innovexalgerie.com\/machines\/\",\"name\":\"Innovex Machines | Innovex Algerie\",\"description\":\"Fournisseur de machines d&#039;emballage et d&#039;imprimerie\",\"potentialAction\":[{\"@type\":\"SearchAction\",\"target\":{\"@type\":\"EntryPoint\",\"urlTemplate\":\"https:\/\/innovexalgerie.com\/machines\/?s={search_term_string}\"},\"query-input\":\"required name=search_term_string\"}],\"inLanguage\":\"fr-FR\"},{\"@type\":\"ImageObject\",\"@id\":\"https:\/\/innovexalgerie.com\/machines\/produit\/filmeuse-en-l-automatique-continue-ys-zb-5a\/#primaryimage\",\"inLanguage\":\"fr-FR\",\"url\":\"https:\/\/innovexalgerie.com\/machines\/wp-content\/uploads\/2021\/03\/filmeuse-el-L-automatique.jpg\",\"contentUrl\":\"https:\/\/innovexalgerie.com\/machines\/wp-content\/uploads\/2021\/03\/filmeuse-el-L-automatique.jpg\",\"width\":1000,\"height\":1000,\"caption\":\"filmeuse en L automatique\"},{\"@type\":\"WebPage\",\"@id\":\"https:\/\/innovexalgerie.com\/machines\/produit\/filmeuse-en-l-automatique-continue-ys-zb-5a\/#webpage\",\"url\":\"https:\/\/innovexalgerie.com\/machines\/produit\/filmeuse-en-l-automatique-continue-ys-zb-5a\/\",\"name\":\"Soudeuse en L automatique continue YS-ZB-5A - Innovex Machines | Innovex Algerie\",\"isPartOf\":{\"@id\":\"https:\/\/innovexalgerie.com\/machines\/#website\"},\"primaryImageOfPage\":{\"@id\":\"https:\/\/innovexalgerie.com\/machines\/produit\/filmeuse-en-l-automatique-continue-ys-zb-5a\/#primaryimage\"},\"datePublished\":\"2021-03-24T19:48:01+00:00\",\"dateModified\":\"2022-06-04T14:34:44+00:00\",\"description\":\"Soudeuse en L enti\\u00e8rement automatique en continu, la barre de soudure fonctionne par un syst\\u00e8me pneumatique,avec une cadence de travail \\u00e9lev\\u00e9\",\"breadcrumb\":{\"@id\":\"https:\/\/innovexalgerie.com\/machines\/produit\/filmeuse-en-l-automatique-continue-ys-zb-5a\/#breadcrumb\"},\"inLanguage\":\"fr-FR\",\"potentialAction\":[{\"@type\":\"ReadAction\",\"target\":[\"https:\/\/innovexalgerie.com\/machines\/produit\/filmeuse-en-l-automatique-continue-ys-zb-5a\/\"]}]},{\"@type\":\"BreadcrumbList\",\"@id\":\"https:\/\/innovexalgerie.com\/machines\/produit\/filmeuse-en-l-automatique-continue-ys-zb-5a\/#breadcrumb\",\"itemListElement\":[{\"@type\":\"ListItem\",\"position\":1,\"name\":\"Accueil\",\"item\":\"https:\/\/innovexalgerie.com\/machines\/\"},{\"@type\":\"ListItem\",\"position\":2,\"name\":\"Produits\",\"item\":\"https:\/\/innovexalgerie.com\/machines\/boutique\/\"},{\"@type\":\"ListItem\",\"position\":3,\"name\":\"Soudeuse en L automatique continue YS-ZB-5A\"}]}]}<\/script>\n<!-- \/ Yoast SEO Premium plugin. -->","yoast_head_json":{"title":"Soudeuse en L automatique continue YS-ZB-5A - Innovex Machines | Innovex Algerie","description":"Soudeuse en L enti\u00e8rement automatique en continu, la barre de soudure fonctionne par un syst\u00e8me pneumatique,avec une cadence de travail \u00e9lev\u00e9","robots":{"index":"index","follow":"follow","max-snippet":"max-snippet:-1","max-image-preview":"max-image-preview:large","max-video-preview":"max-video-preview:-1"},"canonical":"https:\/\/innovexalgerie.com\/machines\/produit\/filmeuse-en-l-automatique-continue-ys-zb-5a\/","og_locale":"fr_FR","og_type":"article","og_title":"Soudeuse en L automatique continue YS-ZB-5A - Innovex Machines | Innovex Algerie","og_description":"Soudeuse en L enti\u00e8rement automatique en continu, la barre de soudure fonctionne par un syst\u00e8me pneumatique,avec une cadence de travail \u00e9lev\u00e9","og_url":"https:\/\/innovexalgerie.com\/machines\/produit\/filmeuse-en-l-automatique-continue-ys-zb-5a\/","og_site_name":"Innovex Machines | Innovex Algerie","article_publisher":"https:\/\/www.facebook.com\/innovexmachine1","article_modified_time":"2022-06-04T14:34:44+00:00","og_image":[{"width":1000,"height":1000,"url":"https:\/\/innovexalgerie.com\/machines\/wp-content\/uploads\/2021\/03\/filmeuse-el-L-automatique.jpg","path":"\/home\/inovex\/public_html\/machines\/wp-content\/uploads\/2021\/03\/filmeuse-el-L-automatique.jpg","size":"full","id":564,"alt":"filmeuse en L automatique","pixels":1000000,"type":"image\/jpeg"}],"twitter_card":"summary_large_image","twitter_misc":{"Dur\u00e9e de lecture est.":"1 minute"},"schema":{"@context":"https:\/\/schema.org","@graph":[{"@type":"WebSite","@id":"https:\/\/innovexalgerie.com\/machines\/#website","url":"https:\/\/innovexalgerie.com\/machines\/","name":"Innovex Machines | Innovex Algerie","description":"Fournisseur de machines d&#039;emballage et d&#039;imprimerie","potentialAction":[{"@type":"SearchAction","target":{"@type":"EntryPoint","urlTemplate":"https:\/\/innovexalgerie.com\/machines\/?s={search_term_string}"},"query-input":"required name=search_term_string"}],"inLanguage":"fr-FR"},{"@type":"ImageObject","@id":"https:\/\/innovexalgerie.com\/machines\/produit\/filmeuse-en-l-automatique-continue-ys-zb-5a\/#primaryimage","inLanguage":"fr-FR","url":"https:\/\/innovexalgerie.com\/machines\/wp-content\/uploads\/2021\/03\/filmeuse-el-L-automatique.jpg","contentUrl":"https:\/\/innovexalgerie.com\/machines\/wp-content\/uploads\/2021\/03\/filmeuse-el-L-automatique.jpg","width":1000,"height":1000,"caption":"filmeuse en L automatique"},{"@type":"WebPage","@id":"https:\/\/innovexalgerie.com\/machines\/produit\/filmeuse-en-l-automatique-continue-ys-zb-5a\/#webpage","url":"https:\/\/innovexalgerie.com\/machines\/produit\/filmeuse-en-l-automatique-continue-ys-zb-5a\/","name":"Soudeuse en L automatique continue YS-ZB-5A - Innovex Machines | Innovex Algerie","isPartOf":{"@id":"https:\/\/innovexalgerie.com\/machines\/#website"},"primaryImageOfPage":{"@id":"https:\/\/innovexalgerie.com\/machines\/produit\/filmeuse-en-l-automatique-continue-ys-zb-5a\/#primaryimage"},"datePublished":"2021-03-24T19:48:01+00:00","dateModified":"2022-06-04T14:34:44+00:00","description":"Soudeuse en L enti\u00e8rement automatique en continu, la barre de soudure fonctionne par un syst\u00e8me pneumatique,avec une cadence de travail \u00e9lev\u00e9","breadcrumb":{"@id":"https:\/\/innovexalgerie.com\/machines\/produit\/filmeuse-en-l-automatique-continue-ys-zb-5a\/#breadcrumb"},"inLanguage":"fr-FR","potentialAction":[{"@type":"ReadAction","target":["https:\/\/innovexalgerie.com\/machines\/produit\/filmeuse-en-l-automatique-continue-ys-zb-5a\/"]}]},{"@type":"BreadcrumbList","@id":"https:\/\/innovexalgerie.com\/machines\/produit\/filmeuse-en-l-automatique-continue-ys-zb-5a\/#breadcrumb","itemListElement":[{"@type":"ListItem","position":1,"name":"Accueil","item":"https:\/\/innovexalgerie.com\/machines\/"},{"@type":"ListItem","position":2,"name":"Produits","item":"https:\/\/innovexalgerie.com\/machines\/boutique\/"},{"@type":"ListItem","position":3,"name":"Soudeuse en L automatique continue YS-ZB-5A"}]}]}},"_links":{"self":[{"href":"https:\/\/innovexalgerie.com\/machines\/wp-json\/wp\/v2\/product\/469","targetHints":{"allow":["GET"]}}],"collection":[{"href":"https:\/\/innovexalgerie.com\/machines\/wp-json\/wp\/v2\/product"}],"about":[{"href":"https:\/\/innovexalgerie.com\/machines\/wp-json\/wp\/v2\/types\/product"}],"version-history":[{"count":9,"href":"https:\/\/innovexalgerie.com\/machines\/wp-json\/wp\/v2\/product\/469\/revisions"}],"predecessor-version":[{"id":28853,"href":"https:\/\/innovexalgerie.com\/machines\/wp-json\/wp\/v2\/product\/469\/revisions\/28853"}],"wp:featuredmedia":[{"embeddable":true,"href":"https:\/\/innovexalgerie.com\/machines\/wp-json\/wp\/v2\/media\/564"}],"wp:attachment":[{"href":"https:\/\/innovexalgerie.com\/machines\/wp-json\/wp\/v2\/media?parent=469"}],"wp:term":[{"taxonomy":"product_cat","embeddable":true,"href":"https:\/\/innovexalgerie.com\/machines\/wp-json\/wp\/v2\/product_cat?post=469"},{"taxonomy":"product_tag","embeddable":true,"href":"https:\/\/innovexalgerie.com\/machines\/wp-json\/wp\/v2\/product_tag?post=469"}],"curies":[{"name":"wp","href":"https:\/\/api.w.org\/{rel}","templated":true}]}}