{"id":472,"date":"2021-03-24T20:48:01","date_gmt":"2021-03-24T19:48:01","guid":{"rendered":"https:\/\/innovexalgerie.com\/machines2\/?post_type=product&#038;p=472"},"modified":"2022-04-17T14:43:27","modified_gmt":"2022-04-17T13:43:27","slug":"cercleuse-automatique-avec-convoyeur-ys-512r","status":"publish","type":"product","link":"https:\/\/innovexalgerie.com\/machines\/produit\/cercleuse-automatique-avec-convoyeur-ys-512r\/","title":{"rendered":"Cercleuse automatique avec convoyeur motoris\u00e9 YS-512R"},"content":{"rendered":"<p>La machine <strong>YS-512R <\/strong>automatique \u00e0 convoyeur motoris\u00e9 de vitesse r\u00e9glable dot\u00e9e d\u2019un d\u00e9tecteur de produits, assure un cerclage efficace et rapide des cartons de diff\u00e9rentes tailles et formes, une vitesse de cerclage de 1.2seconde\/cycle, \u00e9cran tactile pour faciliter le fonctionnement de la machine avec une table \u00e0 convoyeur r\u00e9glable en vitesse.<\/p>\n<ul>\n<li>Ecran tactile pour le param\u00e9trage de la machine.<\/li>\n<li>Table \u00e0 rouleaux.<\/li>\n<li>Deux modes de d\u00e9clenchements :d\u00e9tection automatique et manuelle.<\/li>\n<li>La machine se chauffe rapidement, elle est pr\u00eate \u00e0 l\u2019emploi en moins de 20 secondes.<\/li>\n<li>Tension forte pour les colis lourds jusqu\u2019\u00e0 45 kg.<\/li>\n<li>Changement du feuillard sur le c\u00f4t\u00e9, facile et rapide.<\/li>\n<li>\u00c9jection automatique du feuillard en cas de cerclage a vide.<\/li>\n<li>R\u00e9amor\u00e7age automatique du feuillard en cas de lancement insuffisant.<\/li>\n<li>Enfilage automatique du feuillard lors du changement de bobine.<\/li>\n<li>\u00c9jection automatique du feuillard restant en fin de bobine.<\/li>\n<li>Possibilit\u00e9 d\u2019int\u00e9gration dans une ligne de production.<\/li>\n<li>Automate de marque Siemens et variateur de vitesse de marque Schneider, et d\u00e9tecteurs de marque Pepperl+Fuchs.<\/li>\n<li>Adaptable pour feuillard de 9 au 12mm.<\/li>\n<li>Machine conforme aux normes CE.<\/li>\n<\/ul>\n<ul>\n<li style=\"list-style-type: none;\"><\/li>\n<\/ul>\n","protected":false},"excerpt":{"rendered":"<p>Cercleuse automatique \u00e0 convoyeur motoris\u00e9 de vitesse r\u00e9glable dot\u00e9e d\u2019un d\u00e9tecteur de produits qui assure un cerclage efficace et rapide des cartons de diff\u00e9rentes tailles et formes, une vitesse de cerclage de 1.2seconde\/cycle, adaptable pour feuillard de 9 au 12mm.<\/p>\n<p><img loading=\"lazy\" decoding=\"async\" class=\"alignnone size-full wp-image-30171\" src=\"https:\/\/innovexalgerie.com\/machines\/wp-content\/uploads\/2021\/03\/icon-cercleuse-avec-convoyeur-YS-512R-innovex-machine.jpg\" alt=\"icon-cercleuse-avec-convoyeur-YS-512R-innovex-machine\" width=\"874\" height=\"196\" srcset=\"https:\/\/innovexalgerie.com\/machines\/wp-content\/uploads\/2021\/03\/icon-cercleuse-avec-convoyeur-YS-512R-innovex-machine.jpg 874w, https:\/\/innovexalgerie.com\/machines\/wp-content\/uploads\/2021\/03\/icon-cercleuse-avec-convoyeur-YS-512R-innovex-machine-300x67.jpg 300w, https:\/\/innovexalgerie.com\/machines\/wp-content\/uploads\/2021\/03\/icon-cercleuse-avec-convoyeur-YS-512R-innovex-machine-768x172.jpg 768w, https:\/\/innovexalgerie.com\/machines\/wp-content\/uploads\/2021\/03\/icon-cercleuse-avec-convoyeur-YS-512R-innovex-machine-600x135.jpg 600w\" sizes=\"auto, (max-width: 874px) 100vw, 874px\" \/><\/p>\n","protected":false},"featured_media":574,"template":"","meta":{"_monsterinsights_skip_tracking":false,"_monsterinsights_sitenote_active":false,"_monsterinsights_sitenote_note":"","_monsterinsights_sitenote_category":0},"product_cat":[245],"product_tag":[51],"class_list":["post-472","product","type-product","status-publish","has-post-thumbnail","hentry","product_cat-cercleuse","product_tag-cercleuse"],"yoast_head":"<!-- This site is optimized with the Yoast SEO Premium plugin v16.2 (Yoast SEO v16.7) - https:\/\/yoast.com\/wordpress\/plugins\/seo\/ -->\n<title>Cercleuse automatique avec convoyeur motoris\u00e9 YS-512R - Innovex Machines | Innovex Algerie<\/title>\n<meta name=\"description\" content=\"La machine assure un cerclage efficace et rapide des cartons de diff\u00e9rentes tailles et formes, une vitesse de cerclage de 1.2seconde\/cycle.\" \/>\n<meta name=\"robots\" content=\"index, follow, max-snippet:-1, max-image-preview:large, max-video-preview:-1\" \/>\n<link rel=\"canonical\" href=\"https:\/\/innovexalgerie.com\/machines\/produit\/cercleuse-automatique-avec-convoyeur-ys-512r\/\" \/>\n<meta property=\"og:locale\" content=\"fr_FR\" \/>\n<meta property=\"og:type\" content=\"article\" \/>\n<meta property=\"og:title\" content=\"Cercleuse automatique avec convoyeur motoris\u00e9 YS-512R - Innovex Machines | Innovex Algerie\" \/>\n<meta property=\"og:description\" content=\"La machine assure un cerclage efficace et rapide des cartons de diff\u00e9rentes tailles et formes, une vitesse de cerclage de 1.2seconde\/cycle.\" \/>\n<meta property=\"og:url\" content=\"https:\/\/innovexalgerie.com\/machines\/produit\/cercleuse-automatique-avec-convoyeur-ys-512r\/\" \/>\n<meta property=\"og:site_name\" content=\"Innovex Machines | Innovex Algerie\" \/>\n<meta property=\"article:publisher\" content=\"https:\/\/www.facebook.com\/innovexmachine1\" \/>\n<meta property=\"article:modified_time\" content=\"2022-04-17T13:43:27+00:00\" \/>\n<meta property=\"og:image\" content=\"https:\/\/innovexalgerie.com\/machines\/wp-content\/uploads\/2021\/03\/512r.jpg\" \/>\n\t<meta property=\"og:image:width\" content=\"1200\" \/>\n\t<meta property=\"og:image:height\" content=\"1000\" \/>\n<meta name=\"twitter:card\" content=\"summary_large_image\" \/>\n<meta name=\"twitter:label1\" content=\"Dur\u00e9e de lecture est.\" \/>\n\t<meta name=\"twitter:data1\" content=\"1 minute\" \/>\n<script type=\"application\/ld+json\" class=\"yoast-schema-graph\">{\"@context\":\"https:\/\/schema.org\",\"@graph\":[{\"@type\":\"WebSite\",\"@id\":\"https:\/\/innovexalgerie.com\/machines\/#website\",\"url\":\"https:\/\/innovexalgerie.com\/machines\/\",\"name\":\"Innovex Machines | Innovex Algerie\",\"description\":\"Fournisseur de machines d&#039;emballage et d&#039;imprimerie\",\"potentialAction\":[{\"@type\":\"SearchAction\",\"target\":{\"@type\":\"EntryPoint\",\"urlTemplate\":\"https:\/\/innovexalgerie.com\/machines\/?s={search_term_string}\"},\"query-input\":\"required name=search_term_string\"}],\"inLanguage\":\"fr-FR\"},{\"@type\":\"ImageObject\",\"@id\":\"https:\/\/innovexalgerie.com\/machines\/produit\/cercleuse-automatique-avec-convoyeur-ys-512r\/#primaryimage\",\"inLanguage\":\"fr-FR\",\"url\":\"https:\/\/innovexalgerie.com\/machines\/wp-content\/uploads\/2021\/03\/512r.jpg\",\"contentUrl\":\"https:\/\/innovexalgerie.com\/machines\/wp-content\/uploads\/2021\/03\/512r.jpg\",\"width\":1200,\"height\":1000},{\"@type\":\"WebPage\",\"@id\":\"https:\/\/innovexalgerie.com\/machines\/produit\/cercleuse-automatique-avec-convoyeur-ys-512r\/#webpage\",\"url\":\"https:\/\/innovexalgerie.com\/machines\/produit\/cercleuse-automatique-avec-convoyeur-ys-512r\/\",\"name\":\"Cercleuse automatique avec convoyeur motoris\\u00e9 YS-512R - Innovex Machines | Innovex Algerie\",\"isPartOf\":{\"@id\":\"https:\/\/innovexalgerie.com\/machines\/#website\"},\"primaryImageOfPage\":{\"@id\":\"https:\/\/innovexalgerie.com\/machines\/produit\/cercleuse-automatique-avec-convoyeur-ys-512r\/#primaryimage\"},\"datePublished\":\"2021-03-24T19:48:01+00:00\",\"dateModified\":\"2022-04-17T13:43:27+00:00\",\"description\":\"La machine assure un cerclage efficace et rapide des cartons de diff\\u00e9rentes tailles et formes, une vitesse de cerclage de 1.2seconde\/cycle.\",\"breadcrumb\":{\"@id\":\"https:\/\/innovexalgerie.com\/machines\/produit\/cercleuse-automatique-avec-convoyeur-ys-512r\/#breadcrumb\"},\"inLanguage\":\"fr-FR\",\"potentialAction\":[{\"@type\":\"ReadAction\",\"target\":[\"https:\/\/innovexalgerie.com\/machines\/produit\/cercleuse-automatique-avec-convoyeur-ys-512r\/\"]}]},{\"@type\":\"BreadcrumbList\",\"@id\":\"https:\/\/innovexalgerie.com\/machines\/produit\/cercleuse-automatique-avec-convoyeur-ys-512r\/#breadcrumb\",\"itemListElement\":[{\"@type\":\"ListItem\",\"position\":1,\"name\":\"Accueil\",\"item\":\"https:\/\/innovexalgerie.com\/machines\/\"},{\"@type\":\"ListItem\",\"position\":2,\"name\":\"Produits\",\"item\":\"https:\/\/innovexalgerie.com\/machines\/boutique\/\"},{\"@type\":\"ListItem\",\"position\":3,\"name\":\"Cercleuse automatique avec convoyeur motoris\\u00e9 YS-512R\"}]}]}<\/script>\n<!-- \/ Yoast SEO Premium plugin. -->","yoast_head_json":{"title":"Cercleuse automatique avec convoyeur motoris\u00e9 YS-512R - Innovex Machines | Innovex Algerie","description":"La machine assure un cerclage efficace et rapide des cartons de diff\u00e9rentes tailles et formes, une vitesse de cerclage de 1.2seconde\/cycle.","robots":{"index":"index","follow":"follow","max-snippet":"max-snippet:-1","max-image-preview":"max-image-preview:large","max-video-preview":"max-video-preview:-1"},"canonical":"https:\/\/innovexalgerie.com\/machines\/produit\/cercleuse-automatique-avec-convoyeur-ys-512r\/","og_locale":"fr_FR","og_type":"article","og_title":"Cercleuse automatique avec convoyeur motoris\u00e9 YS-512R - Innovex Machines | Innovex Algerie","og_description":"La machine assure un cerclage efficace et rapide des cartons de diff\u00e9rentes tailles et formes, une vitesse de cerclage de 1.2seconde\/cycle.","og_url":"https:\/\/innovexalgerie.com\/machines\/produit\/cercleuse-automatique-avec-convoyeur-ys-512r\/","og_site_name":"Innovex Machines | Innovex Algerie","article_publisher":"https:\/\/www.facebook.com\/innovexmachine1","article_modified_time":"2022-04-17T13:43:27+00:00","og_image":[{"width":1200,"height":1000,"url":"https:\/\/innovexalgerie.com\/machines\/wp-content\/uploads\/2021\/03\/512r.jpg","path":"\/home\/inovex\/public_html\/machines\/wp-content\/uploads\/2021\/03\/512r.jpg","size":"full","id":574,"alt":"","pixels":1200000,"type":"image\/jpeg"}],"twitter_card":"summary_large_image","twitter_misc":{"Dur\u00e9e de lecture est.":"1 minute"},"schema":{"@context":"https:\/\/schema.org","@graph":[{"@type":"WebSite","@id":"https:\/\/innovexalgerie.com\/machines\/#website","url":"https:\/\/innovexalgerie.com\/machines\/","name":"Innovex Machines | Innovex Algerie","description":"Fournisseur de machines d&#039;emballage et d&#039;imprimerie","potentialAction":[{"@type":"SearchAction","target":{"@type":"EntryPoint","urlTemplate":"https:\/\/innovexalgerie.com\/machines\/?s={search_term_string}"},"query-input":"required name=search_term_string"}],"inLanguage":"fr-FR"},{"@type":"ImageObject","@id":"https:\/\/innovexalgerie.com\/machines\/produit\/cercleuse-automatique-avec-convoyeur-ys-512r\/#primaryimage","inLanguage":"fr-FR","url":"https:\/\/innovexalgerie.com\/machines\/wp-content\/uploads\/2021\/03\/512r.jpg","contentUrl":"https:\/\/innovexalgerie.com\/machines\/wp-content\/uploads\/2021\/03\/512r.jpg","width":1200,"height":1000},{"@type":"WebPage","@id":"https:\/\/innovexalgerie.com\/machines\/produit\/cercleuse-automatique-avec-convoyeur-ys-512r\/#webpage","url":"https:\/\/innovexalgerie.com\/machines\/produit\/cercleuse-automatique-avec-convoyeur-ys-512r\/","name":"Cercleuse automatique avec convoyeur motoris\u00e9 YS-512R - Innovex Machines | Innovex Algerie","isPartOf":{"@id":"https:\/\/innovexalgerie.com\/machines\/#website"},"primaryImageOfPage":{"@id":"https:\/\/innovexalgerie.com\/machines\/produit\/cercleuse-automatique-avec-convoyeur-ys-512r\/#primaryimage"},"datePublished":"2021-03-24T19:48:01+00:00","dateModified":"2022-04-17T13:43:27+00:00","description":"La machine assure un cerclage efficace et rapide des cartons de diff\u00e9rentes tailles et formes, une vitesse de cerclage de 1.2seconde\/cycle.","breadcrumb":{"@id":"https:\/\/innovexalgerie.com\/machines\/produit\/cercleuse-automatique-avec-convoyeur-ys-512r\/#breadcrumb"},"inLanguage":"fr-FR","potentialAction":[{"@type":"ReadAction","target":["https:\/\/innovexalgerie.com\/machines\/produit\/cercleuse-automatique-avec-convoyeur-ys-512r\/"]}]},{"@type":"BreadcrumbList","@id":"https:\/\/innovexalgerie.com\/machines\/produit\/cercleuse-automatique-avec-convoyeur-ys-512r\/#breadcrumb","itemListElement":[{"@type":"ListItem","position":1,"name":"Accueil","item":"https:\/\/innovexalgerie.com\/machines\/"},{"@type":"ListItem","position":2,"name":"Produits","item":"https:\/\/innovexalgerie.com\/machines\/boutique\/"},{"@type":"ListItem","position":3,"name":"Cercleuse automatique avec convoyeur motoris\u00e9 YS-512R"}]}]}},"_links":{"self":[{"href":"https:\/\/innovexalgerie.com\/machines\/wp-json\/wp\/v2\/product\/472","targetHints":{"allow":["GET"]}}],"collection":[{"href":"https:\/\/innovexalgerie.com\/machines\/wp-json\/wp\/v2\/product"}],"about":[{"href":"https:\/\/innovexalgerie.com\/machines\/wp-json\/wp\/v2\/types\/product"}],"version-history":[{"count":6,"href":"https:\/\/innovexalgerie.com\/machines\/wp-json\/wp\/v2\/product\/472\/revisions"}],"predecessor-version":[{"id":28865,"href":"https:\/\/innovexalgerie.com\/machines\/wp-json\/wp\/v2\/product\/472\/revisions\/28865"}],"wp:featuredmedia":[{"embeddable":true,"href":"https:\/\/innovexalgerie.com\/machines\/wp-json\/wp\/v2\/media\/574"}],"wp:attachment":[{"href":"https:\/\/innovexalgerie.com\/machines\/wp-json\/wp\/v2\/media?parent=472"}],"wp:term":[{"taxonomy":"product_cat","embeddable":true,"href":"https:\/\/innovexalgerie.com\/machines\/wp-json\/wp\/v2\/product_cat?post=472"},{"taxonomy":"product_tag","embeddable":true,"href":"https:\/\/innovexalgerie.com\/machines\/wp-json\/wp\/v2\/product_tag?post=472"}],"curies":[{"name":"wp","href":"https:\/\/api.w.org\/{rel}","templated":true}]}}