{"id":473,"date":"2021-03-24T20:48:01","date_gmt":"2021-03-24T19:48:01","guid":{"rendered":"https:\/\/innovexalgerie.com\/machines2\/?post_type=product&#038;p=473"},"modified":"2022-05-18T11:08:37","modified_gmt":"2022-05-18T10:08:37","slug":"convoyeur-a-rouleaux-simple-c1m-d32","status":"publish","type":"product","link":"https:\/\/innovexalgerie.com\/machines\/produit\/convoyeur-a-rouleaux-simple-c1m-d32\/","title":{"rendered":"Convoyeur \u00e0 rouleaux simple C1M-D32"},"content":{"rendered":"<p>Convoyeur \u00e0 rouleaux <strong>C1M-D32<\/strong> libres ou gravitaires (L&rsquo;effet de gravit\u00e9 s&rsquo;obtient par une pente de 5% \u00e0 6% par r\u00e9glage des pieds supports), utilis\u00e9 dans les domaines de l\u2019emballage et du conditionnement afin d\u2019assurer le transport et l&#8217;empilement de charges, cartons, bacs, caisses&#8230; \u00e0 fonds plats et rigides. sa longueur varie de 1 m\u00e8tre.<\/p>\n<ul>\n<li>Hauteur des pieds r\u00e9glable.<\/li>\n<li>Le convoyeur est dot\u00e9 de ch\u00e2ssis lisse sans bords tranchants.<\/li>\n<li>Rouleaux en acier inoxydable muni de roulements robustes, souples et libres.<\/li>\n<li>Guides lat\u00e9rales et des largeurs r\u00e9glables.<\/li>\n<li>Diam\u00e8tre du rouleau 32mm.<\/li>\n<\/ul>\n","protected":false},"excerpt":{"rendered":"<p>Convoyeur \u00e0 rouleaux libres ou gravitaires est utilis\u00e9 dans les domaines de l\u2019emballage et du conditionnement, sa longueur varie de 1 m\u00e8tre et diam\u00e8tre du rouleau 32mm.<\/p>\n<p><img loading=\"lazy\" decoding=\"async\" class=\"alignnone size-full wp-image-30391\" src=\"https:\/\/innovexalgerie.com\/machines\/wp-content\/uploads\/2021\/03\/icon-convoyeur-rouleau-c1m-d32-innovex-machine.jpg\" alt=\"icon-convoyeur-rouleau-c1m-d32-innovex-machine\" width=\"874\" height=\"196\" srcset=\"https:\/\/innovexalgerie.com\/machines\/wp-content\/uploads\/2021\/03\/icon-convoyeur-rouleau-c1m-d32-innovex-machine.jpg 874w, https:\/\/innovexalgerie.com\/machines\/wp-content\/uploads\/2021\/03\/icon-convoyeur-rouleau-c1m-d32-innovex-machine-300x67.jpg 300w, https:\/\/innovexalgerie.com\/machines\/wp-content\/uploads\/2021\/03\/icon-convoyeur-rouleau-c1m-d32-innovex-machine-768x172.jpg 768w, https:\/\/innovexalgerie.com\/machines\/wp-content\/uploads\/2021\/03\/icon-convoyeur-rouleau-c1m-d32-innovex-machine-600x135.jpg 600w\" sizes=\"auto, (max-width: 874px) 100vw, 874px\" \/><\/p>\n","protected":false},"featured_media":579,"template":"","meta":{"_monsterinsights_skip_tracking":false,"_monsterinsights_sitenote_active":false,"_monsterinsights_sitenote_note":"","_monsterinsights_sitenote_category":0},"product_cat":[162],"product_tag":[163,164,165,166],"class_list":["post-473","product","type-product","status-publish","has-post-thumbnail","hentry","product_cat-convoyeurs","product_tag-convoyeur","product_tag-convoyor","product_tag-transporter","product_tag-trasporteur"],"yoast_head":"<!-- This site is optimized with the Yoast SEO Premium plugin v16.2 (Yoast SEO v16.7) - https:\/\/yoast.com\/wordpress\/plugins\/seo\/ -->\n<title>Convoyeur \u00e0 rouleaux simple C1M-D32 - Innovex Machines | Innovex Algerie<\/title>\n<meta name=\"description\" content=\"Convoyeur \u00e0 rouleaux libres ou gravitaires est utilis\u00e9 dans les domaines de l\u2019emballage et du conditionnement. sa longueur varie de 1 m\u00e8tre.\" \/>\n<meta name=\"robots\" content=\"index, follow, max-snippet:-1, max-image-preview:large, max-video-preview:-1\" \/>\n<link rel=\"canonical\" href=\"https:\/\/innovexalgerie.com\/machines\/produit\/convoyeur-a-rouleaux-simple-c1m-d32\/\" \/>\n<meta property=\"og:locale\" content=\"fr_FR\" \/>\n<meta property=\"og:type\" content=\"article\" \/>\n<meta property=\"og:title\" content=\"Convoyeur \u00e0 rouleaux simple C1M-D32 - Innovex Machines | Innovex Algerie\" \/>\n<meta property=\"og:description\" content=\"Convoyeur \u00e0 rouleaux libres ou gravitaires est utilis\u00e9 dans les domaines de l\u2019emballage et du conditionnement. sa longueur varie de 1 m\u00e8tre.\" \/>\n<meta property=\"og:url\" content=\"https:\/\/innovexalgerie.com\/machines\/produit\/convoyeur-a-rouleaux-simple-c1m-d32\/\" \/>\n<meta property=\"og:site_name\" content=\"Innovex Machines | Innovex Algerie\" \/>\n<meta property=\"article:publisher\" content=\"https:\/\/www.facebook.com\/innovexmachine1\" \/>\n<meta property=\"article:modified_time\" content=\"2022-05-18T10:08:37+00:00\" \/>\n<meta property=\"og:image\" content=\"https:\/\/innovexalgerie.com\/machines\/wp-content\/uploads\/2021\/03\/c1m-d32-1.jpg\" \/>\n\t<meta property=\"og:image:width\" content=\"1000\" \/>\n\t<meta property=\"og:image:height\" content=\"1000\" \/>\n<meta name=\"twitter:card\" content=\"summary_large_image\" \/>\n<meta name=\"twitter:label1\" content=\"Dur\u00e9e de lecture est.\" \/>\n\t<meta name=\"twitter:data1\" content=\"1 minute\" \/>\n<script type=\"application\/ld+json\" class=\"yoast-schema-graph\">{\"@context\":\"https:\/\/schema.org\",\"@graph\":[{\"@type\":\"WebSite\",\"@id\":\"https:\/\/innovexalgerie.com\/machines\/#website\",\"url\":\"https:\/\/innovexalgerie.com\/machines\/\",\"name\":\"Innovex Machines | Innovex Algerie\",\"description\":\"Fournisseur de machines d&#039;emballage et d&#039;imprimerie\",\"potentialAction\":[{\"@type\":\"SearchAction\",\"target\":{\"@type\":\"EntryPoint\",\"urlTemplate\":\"https:\/\/innovexalgerie.com\/machines\/?s={search_term_string}\"},\"query-input\":\"required name=search_term_string\"}],\"inLanguage\":\"fr-FR\"},{\"@type\":\"ImageObject\",\"@id\":\"https:\/\/innovexalgerie.com\/machines\/produit\/convoyeur-a-rouleaux-simple-c1m-d32\/#primaryimage\",\"inLanguage\":\"fr-FR\",\"url\":\"https:\/\/innovexalgerie.com\/machines\/wp-content\/uploads\/2021\/03\/c1m-d32-1.jpg\",\"contentUrl\":\"https:\/\/innovexalgerie.com\/machines\/wp-content\/uploads\/2021\/03\/c1m-d32-1.jpg\",\"width\":1000,\"height\":1000},{\"@type\":\"WebPage\",\"@id\":\"https:\/\/innovexalgerie.com\/machines\/produit\/convoyeur-a-rouleaux-simple-c1m-d32\/#webpage\",\"url\":\"https:\/\/innovexalgerie.com\/machines\/produit\/convoyeur-a-rouleaux-simple-c1m-d32\/\",\"name\":\"Convoyeur \\u00e0 rouleaux simple C1M-D32 - Innovex Machines | Innovex Algerie\",\"isPartOf\":{\"@id\":\"https:\/\/innovexalgerie.com\/machines\/#website\"},\"primaryImageOfPage\":{\"@id\":\"https:\/\/innovexalgerie.com\/machines\/produit\/convoyeur-a-rouleaux-simple-c1m-d32\/#primaryimage\"},\"datePublished\":\"2021-03-24T19:48:01+00:00\",\"dateModified\":\"2022-05-18T10:08:37+00:00\",\"description\":\"Convoyeur \\u00e0 rouleaux libres ou gravitaires est utilis\\u00e9 dans les domaines de l\\u2019emballage et du conditionnement. sa longueur varie de 1 m\\u00e8tre.\",\"breadcrumb\":{\"@id\":\"https:\/\/innovexalgerie.com\/machines\/produit\/convoyeur-a-rouleaux-simple-c1m-d32\/#breadcrumb\"},\"inLanguage\":\"fr-FR\",\"potentialAction\":[{\"@type\":\"ReadAction\",\"target\":[\"https:\/\/innovexalgerie.com\/machines\/produit\/convoyeur-a-rouleaux-simple-c1m-d32\/\"]}]},{\"@type\":\"BreadcrumbList\",\"@id\":\"https:\/\/innovexalgerie.com\/machines\/produit\/convoyeur-a-rouleaux-simple-c1m-d32\/#breadcrumb\",\"itemListElement\":[{\"@type\":\"ListItem\",\"position\":1,\"name\":\"Accueil\",\"item\":\"https:\/\/innovexalgerie.com\/machines\/\"},{\"@type\":\"ListItem\",\"position\":2,\"name\":\"Produits\",\"item\":\"https:\/\/innovexalgerie.com\/machines\/boutique\/\"},{\"@type\":\"ListItem\",\"position\":3,\"name\":\"Convoyeur \\u00e0 rouleaux simple C1M-D32\"}]}]}<\/script>\n<!-- \/ Yoast SEO Premium plugin. -->","yoast_head_json":{"title":"Convoyeur \u00e0 rouleaux simple C1M-D32 - Innovex Machines | Innovex Algerie","description":"Convoyeur \u00e0 rouleaux libres ou gravitaires est utilis\u00e9 dans les domaines de l\u2019emballage et du conditionnement. sa longueur varie de 1 m\u00e8tre.","robots":{"index":"index","follow":"follow","max-snippet":"max-snippet:-1","max-image-preview":"max-image-preview:large","max-video-preview":"max-video-preview:-1"},"canonical":"https:\/\/innovexalgerie.com\/machines\/produit\/convoyeur-a-rouleaux-simple-c1m-d32\/","og_locale":"fr_FR","og_type":"article","og_title":"Convoyeur \u00e0 rouleaux simple C1M-D32 - Innovex Machines | Innovex Algerie","og_description":"Convoyeur \u00e0 rouleaux libres ou gravitaires est utilis\u00e9 dans les domaines de l\u2019emballage et du conditionnement. sa longueur varie de 1 m\u00e8tre.","og_url":"https:\/\/innovexalgerie.com\/machines\/produit\/convoyeur-a-rouleaux-simple-c1m-d32\/","og_site_name":"Innovex Machines | Innovex Algerie","article_publisher":"https:\/\/www.facebook.com\/innovexmachine1","article_modified_time":"2022-05-18T10:08:37+00:00","og_image":[{"width":1000,"height":1000,"url":"https:\/\/innovexalgerie.com\/machines\/wp-content\/uploads\/2021\/03\/c1m-d32-1.jpg","path":"\/home\/inovex\/public_html\/machines\/wp-content\/uploads\/2021\/03\/c1m-d32-1.jpg","size":"full","id":579,"alt":"","pixels":1000000,"type":"image\/jpeg"}],"twitter_card":"summary_large_image","twitter_misc":{"Dur\u00e9e de lecture est.":"1 minute"},"schema":{"@context":"https:\/\/schema.org","@graph":[{"@type":"WebSite","@id":"https:\/\/innovexalgerie.com\/machines\/#website","url":"https:\/\/innovexalgerie.com\/machines\/","name":"Innovex Machines | Innovex Algerie","description":"Fournisseur de machines d&#039;emballage et d&#039;imprimerie","potentialAction":[{"@type":"SearchAction","target":{"@type":"EntryPoint","urlTemplate":"https:\/\/innovexalgerie.com\/machines\/?s={search_term_string}"},"query-input":"required name=search_term_string"}],"inLanguage":"fr-FR"},{"@type":"ImageObject","@id":"https:\/\/innovexalgerie.com\/machines\/produit\/convoyeur-a-rouleaux-simple-c1m-d32\/#primaryimage","inLanguage":"fr-FR","url":"https:\/\/innovexalgerie.com\/machines\/wp-content\/uploads\/2021\/03\/c1m-d32-1.jpg","contentUrl":"https:\/\/innovexalgerie.com\/machines\/wp-content\/uploads\/2021\/03\/c1m-d32-1.jpg","width":1000,"height":1000},{"@type":"WebPage","@id":"https:\/\/innovexalgerie.com\/machines\/produit\/convoyeur-a-rouleaux-simple-c1m-d32\/#webpage","url":"https:\/\/innovexalgerie.com\/machines\/produit\/convoyeur-a-rouleaux-simple-c1m-d32\/","name":"Convoyeur \u00e0 rouleaux simple C1M-D32 - Innovex Machines | Innovex Algerie","isPartOf":{"@id":"https:\/\/innovexalgerie.com\/machines\/#website"},"primaryImageOfPage":{"@id":"https:\/\/innovexalgerie.com\/machines\/produit\/convoyeur-a-rouleaux-simple-c1m-d32\/#primaryimage"},"datePublished":"2021-03-24T19:48:01+00:00","dateModified":"2022-05-18T10:08:37+00:00","description":"Convoyeur \u00e0 rouleaux libres ou gravitaires est utilis\u00e9 dans les domaines de l\u2019emballage et du conditionnement. sa longueur varie de 1 m\u00e8tre.","breadcrumb":{"@id":"https:\/\/innovexalgerie.com\/machines\/produit\/convoyeur-a-rouleaux-simple-c1m-d32\/#breadcrumb"},"inLanguage":"fr-FR","potentialAction":[{"@type":"ReadAction","target":["https:\/\/innovexalgerie.com\/machines\/produit\/convoyeur-a-rouleaux-simple-c1m-d32\/"]}]},{"@type":"BreadcrumbList","@id":"https:\/\/innovexalgerie.com\/machines\/produit\/convoyeur-a-rouleaux-simple-c1m-d32\/#breadcrumb","itemListElement":[{"@type":"ListItem","position":1,"name":"Accueil","item":"https:\/\/innovexalgerie.com\/machines\/"},{"@type":"ListItem","position":2,"name":"Produits","item":"https:\/\/innovexalgerie.com\/machines\/boutique\/"},{"@type":"ListItem","position":3,"name":"Convoyeur \u00e0 rouleaux simple C1M-D32"}]}]}},"_links":{"self":[{"href":"https:\/\/innovexalgerie.com\/machines\/wp-json\/wp\/v2\/product\/473","targetHints":{"allow":["GET"]}}],"collection":[{"href":"https:\/\/innovexalgerie.com\/machines\/wp-json\/wp\/v2\/product"}],"about":[{"href":"https:\/\/innovexalgerie.com\/machines\/wp-json\/wp\/v2\/types\/product"}],"version-history":[{"count":11,"href":"https:\/\/innovexalgerie.com\/machines\/wp-json\/wp\/v2\/product\/473\/revisions"}],"predecessor-version":[{"id":30396,"href":"https:\/\/innovexalgerie.com\/machines\/wp-json\/wp\/v2\/product\/473\/revisions\/30396"}],"wp:featuredmedia":[{"embeddable":true,"href":"https:\/\/innovexalgerie.com\/machines\/wp-json\/wp\/v2\/media\/579"}],"wp:attachment":[{"href":"https:\/\/innovexalgerie.com\/machines\/wp-json\/wp\/v2\/media?parent=473"}],"wp:term":[{"taxonomy":"product_cat","embeddable":true,"href":"https:\/\/innovexalgerie.com\/machines\/wp-json\/wp\/v2\/product_cat?post=473"},{"taxonomy":"product_tag","embeddable":true,"href":"https:\/\/innovexalgerie.com\/machines\/wp-json\/wp\/v2\/product_tag?post=473"}],"curies":[{"name":"wp","href":"https:\/\/api.w.org\/{rel}","templated":true}]}}