{"id":513,"date":"2021-03-24T20:48:22","date_gmt":"2021-03-24T19:48:22","guid":{"rendered":"https:\/\/innovexalgerie.com\/machines2\/?post_type=product&#038;p=513"},"modified":"2022-05-21T16:26:21","modified_gmt":"2022-05-21T15:26:21","slug":"convoyeur-motorise-courbe-a-rouleaux-90-cmc90","status":"publish","type":"product","link":"https:\/\/innovexalgerie.com\/machines\/produit\/convoyeur-motorise-courbe-a-rouleaux-90-cmc90\/","title":{"rendered":"Convoyeur motoris\u00e9 courb\u00e9 \u00e0 rouleaux 90\u00b0-CMC90"},"content":{"rendered":"<p>Le convoyeur courb\u00e9 <strong>CMC90\u00b0<\/strong> \u00e0 entrainement avec une chaine motoris\u00e9e, assure une bonne orientation de la charge gr\u00e2ce \u00e0 ses courbes \u00e9quip\u00e9es de rouleaux coniques, ces rouleaux coniques maintiennent l&rsquo;alignement de la charge entre les guides lat\u00e9raux. Les courbes de 90\u00b0 sont munie de cha\u00eene de haute r\u00e9sistance \u00e9quip\u00e9e d\u2019un motor\u00e9ducteur.<\/p>\n<ul>\n<li>Deux guides de largeur r\u00e9glable.<\/li>\n<li>Convoyeur motoris\u00e9 de vitesse constante.<\/li>\n<li>Table r\u00e9glable en hauteur.<\/li>\n<li>Rouleaux en acier couverts en plastiques robustes et durables.<\/li>\n<li>Convoyeur silencieux dot\u00e9s de ch\u00e2ssis lisse sans bords tranchants.<\/li>\n<li>Risque de blessure minime l&rsquo;axe d&rsquo;entra\u00eenement est isol\u00e9.<\/li>\n<\/ul>\n","protected":false},"excerpt":{"rendered":"<p>Le convoyeur courb\u00e9 \u00e0 entrainement avec une chaine motoris\u00e9e, assure une bonne orientation de la charge gr\u00e2ce \u00e0 ses courbes de 90\u00b0 \u00e9quip\u00e9es de rouleaux coniques, sa longueur varie de 1 m\u00e8tre et diam\u00e8tre du rouleau 50mm. <img loading=\"lazy\" decoding=\"async\" class=\"alignnone size-full wp-image-30444\" src=\"https:\/\/innovexalgerie.com\/machines\/wp-content\/uploads\/2021\/03\/icon-convoyeur-cmc90-innovex-machine.jpg\" alt=\"icon-convoyeur-cmc90-innovex-machine\" width=\"905\" height=\"196\" srcset=\"https:\/\/innovexalgerie.com\/machines\/wp-content\/uploads\/2021\/03\/icon-convoyeur-cmc90-innovex-machine.jpg 905w, https:\/\/innovexalgerie.com\/machines\/wp-content\/uploads\/2021\/03\/icon-convoyeur-cmc90-innovex-machine-300x65.jpg 300w, https:\/\/innovexalgerie.com\/machines\/wp-content\/uploads\/2021\/03\/icon-convoyeur-cmc90-innovex-machine-768x166.jpg 768w, https:\/\/innovexalgerie.com\/machines\/wp-content\/uploads\/2021\/03\/icon-convoyeur-cmc90-innovex-machine-600x130.jpg 600w\" sizes=\"auto, (max-width: 905px) 100vw, 905px\" \/><\/p>\n","protected":false},"featured_media":585,"template":"","meta":{"_monsterinsights_skip_tracking":false,"_monsterinsights_sitenote_active":false,"_monsterinsights_sitenote_note":"","_monsterinsights_sitenote_category":0},"product_cat":[162],"product_tag":[167,163,168,164,169,165,166],"class_list":["post-513","product","type-product","status-publish","has-post-thumbnail","hentry","product_cat-convoyeurs","product_tag-chaine","product_tag-convoyeur","product_tag-convoyeur-motorise","product_tag-convoyor","product_tag-courbe","product_tag-transporter","product_tag-trasporteur"],"yoast_head":"<!-- This site is optimized with the Yoast SEO Premium plugin v16.2 (Yoast SEO v16.7) - https:\/\/yoast.com\/wordpress\/plugins\/seo\/ -->\n<title>Convoyeur motoris\u00e9 courb\u00e9 \u00e0 rouleaux 90\u00b0-CMC90 - Innovex Machines | Innovex Algerie<\/title>\n<meta name=\"robots\" content=\"index, follow, max-snippet:-1, max-image-preview:large, max-video-preview:-1\" \/>\n<link rel=\"canonical\" href=\"https:\/\/innovexalgerie.com\/machines\/produit\/convoyeur-motorise-courbe-a-rouleaux-90-cmc90\/\" \/>\n<meta property=\"og:locale\" content=\"fr_FR\" \/>\n<meta property=\"og:type\" content=\"article\" \/>\n<meta property=\"og:title\" content=\"Convoyeur motoris\u00e9 courb\u00e9 \u00e0 rouleaux 90\u00b0-CMC90 - Innovex Machines | Innovex Algerie\" \/>\n<meta property=\"og:description\" content=\"Le convoyeur courb\u00e9 \u00e0 entrainement avec une chaine motoris\u00e9e, assure une bonne orientation de la charge gr\u00e2ce \u00e0 ses courbes de 90\u00b0 \u00e9quip\u00e9es de rouleaux coniques, sa longueur varie de 1 m\u00e8tre et diam\u00e8tre du rouleau 50mm.\" \/>\n<meta property=\"og:url\" content=\"https:\/\/innovexalgerie.com\/machines\/produit\/convoyeur-motorise-courbe-a-rouleaux-90-cmc90\/\" \/>\n<meta property=\"og:site_name\" content=\"Innovex Machines | Innovex Algerie\" \/>\n<meta property=\"article:publisher\" content=\"https:\/\/www.facebook.com\/innovexmachine1\" \/>\n<meta property=\"article:modified_time\" content=\"2022-05-21T15:26:21+00:00\" \/>\n<meta property=\"og:image\" content=\"https:\/\/innovexalgerie.com\/machines\/wp-content\/uploads\/2021\/03\/cmc90.jpg\" \/>\n\t<meta property=\"og:image:width\" content=\"1000\" \/>\n\t<meta property=\"og:image:height\" content=\"1000\" \/>\n<meta name=\"twitter:card\" content=\"summary_large_image\" \/>\n<meta name=\"twitter:label1\" content=\"Dur\u00e9e de lecture est.\" \/>\n\t<meta name=\"twitter:data1\" content=\"1 minute\" \/>\n<script type=\"application\/ld+json\" class=\"yoast-schema-graph\">{\"@context\":\"https:\/\/schema.org\",\"@graph\":[{\"@type\":\"WebSite\",\"@id\":\"https:\/\/innovexalgerie.com\/machines\/#website\",\"url\":\"https:\/\/innovexalgerie.com\/machines\/\",\"name\":\"Innovex Machines | Innovex Algerie\",\"description\":\"Fournisseur de machines d&#039;emballage et d&#039;imprimerie\",\"potentialAction\":[{\"@type\":\"SearchAction\",\"target\":{\"@type\":\"EntryPoint\",\"urlTemplate\":\"https:\/\/innovexalgerie.com\/machines\/?s={search_term_string}\"},\"query-input\":\"required name=search_term_string\"}],\"inLanguage\":\"fr-FR\"},{\"@type\":\"ImageObject\",\"@id\":\"https:\/\/innovexalgerie.com\/machines\/produit\/convoyeur-motorise-courbe-a-rouleaux-90-cmc90\/#primaryimage\",\"inLanguage\":\"fr-FR\",\"url\":\"https:\/\/innovexalgerie.com\/machines\/wp-content\/uploads\/2021\/03\/cmc90.jpg\",\"contentUrl\":\"https:\/\/innovexalgerie.com\/machines\/wp-content\/uploads\/2021\/03\/cmc90.jpg\",\"width\":1000,\"height\":1000},{\"@type\":\"WebPage\",\"@id\":\"https:\/\/innovexalgerie.com\/machines\/produit\/convoyeur-motorise-courbe-a-rouleaux-90-cmc90\/#webpage\",\"url\":\"https:\/\/innovexalgerie.com\/machines\/produit\/convoyeur-motorise-courbe-a-rouleaux-90-cmc90\/\",\"name\":\"Convoyeur motoris\\u00e9 courb\\u00e9 \\u00e0 rouleaux 90\\u00b0-CMC90 - Innovex Machines | Innovex Algerie\",\"isPartOf\":{\"@id\":\"https:\/\/innovexalgerie.com\/machines\/#website\"},\"primaryImageOfPage\":{\"@id\":\"https:\/\/innovexalgerie.com\/machines\/produit\/convoyeur-motorise-courbe-a-rouleaux-90-cmc90\/#primaryimage\"},\"datePublished\":\"2021-03-24T19:48:22+00:00\",\"dateModified\":\"2022-05-21T15:26:21+00:00\",\"breadcrumb\":{\"@id\":\"https:\/\/innovexalgerie.com\/machines\/produit\/convoyeur-motorise-courbe-a-rouleaux-90-cmc90\/#breadcrumb\"},\"inLanguage\":\"fr-FR\",\"potentialAction\":[{\"@type\":\"ReadAction\",\"target\":[\"https:\/\/innovexalgerie.com\/machines\/produit\/convoyeur-motorise-courbe-a-rouleaux-90-cmc90\/\"]}]},{\"@type\":\"BreadcrumbList\",\"@id\":\"https:\/\/innovexalgerie.com\/machines\/produit\/convoyeur-motorise-courbe-a-rouleaux-90-cmc90\/#breadcrumb\",\"itemListElement\":[{\"@type\":\"ListItem\",\"position\":1,\"name\":\"Accueil\",\"item\":\"https:\/\/innovexalgerie.com\/machines\/\"},{\"@type\":\"ListItem\",\"position\":2,\"name\":\"Produits\",\"item\":\"https:\/\/innovexalgerie.com\/machines\/boutique\/\"},{\"@type\":\"ListItem\",\"position\":3,\"name\":\"Convoyeur motoris\\u00e9 courb\\u00e9 \\u00e0 rouleaux 90\\u00b0-CMC90\"}]}]}<\/script>\n<!-- \/ Yoast SEO Premium plugin. -->","yoast_head_json":{"title":"Convoyeur motoris\u00e9 courb\u00e9 \u00e0 rouleaux 90\u00b0-CMC90 - Innovex Machines | Innovex Algerie","robots":{"index":"index","follow":"follow","max-snippet":"max-snippet:-1","max-image-preview":"max-image-preview:large","max-video-preview":"max-video-preview:-1"},"canonical":"https:\/\/innovexalgerie.com\/machines\/produit\/convoyeur-motorise-courbe-a-rouleaux-90-cmc90\/","og_locale":"fr_FR","og_type":"article","og_title":"Convoyeur motoris\u00e9 courb\u00e9 \u00e0 rouleaux 90\u00b0-CMC90 - Innovex Machines | Innovex Algerie","og_description":"Le convoyeur courb\u00e9 \u00e0 entrainement avec une chaine motoris\u00e9e, assure une bonne orientation de la charge gr\u00e2ce \u00e0 ses courbes de 90\u00b0 \u00e9quip\u00e9es de rouleaux coniques, sa longueur varie de 1 m\u00e8tre et diam\u00e8tre du rouleau 50mm.","og_url":"https:\/\/innovexalgerie.com\/machines\/produit\/convoyeur-motorise-courbe-a-rouleaux-90-cmc90\/","og_site_name":"Innovex Machines | Innovex Algerie","article_publisher":"https:\/\/www.facebook.com\/innovexmachine1","article_modified_time":"2022-05-21T15:26:21+00:00","og_image":[{"width":1000,"height":1000,"url":"https:\/\/innovexalgerie.com\/machines\/wp-content\/uploads\/2021\/03\/cmc90.jpg","path":"\/home\/inovex\/public_html\/machines\/wp-content\/uploads\/2021\/03\/cmc90.jpg","size":"full","id":585,"alt":"","pixels":1000000,"type":"image\/jpeg"}],"twitter_card":"summary_large_image","twitter_misc":{"Dur\u00e9e de lecture est.":"1 minute"},"schema":{"@context":"https:\/\/schema.org","@graph":[{"@type":"WebSite","@id":"https:\/\/innovexalgerie.com\/machines\/#website","url":"https:\/\/innovexalgerie.com\/machines\/","name":"Innovex Machines | Innovex Algerie","description":"Fournisseur de machines d&#039;emballage et d&#039;imprimerie","potentialAction":[{"@type":"SearchAction","target":{"@type":"EntryPoint","urlTemplate":"https:\/\/innovexalgerie.com\/machines\/?s={search_term_string}"},"query-input":"required name=search_term_string"}],"inLanguage":"fr-FR"},{"@type":"ImageObject","@id":"https:\/\/innovexalgerie.com\/machines\/produit\/convoyeur-motorise-courbe-a-rouleaux-90-cmc90\/#primaryimage","inLanguage":"fr-FR","url":"https:\/\/innovexalgerie.com\/machines\/wp-content\/uploads\/2021\/03\/cmc90.jpg","contentUrl":"https:\/\/innovexalgerie.com\/machines\/wp-content\/uploads\/2021\/03\/cmc90.jpg","width":1000,"height":1000},{"@type":"WebPage","@id":"https:\/\/innovexalgerie.com\/machines\/produit\/convoyeur-motorise-courbe-a-rouleaux-90-cmc90\/#webpage","url":"https:\/\/innovexalgerie.com\/machines\/produit\/convoyeur-motorise-courbe-a-rouleaux-90-cmc90\/","name":"Convoyeur motoris\u00e9 courb\u00e9 \u00e0 rouleaux 90\u00b0-CMC90 - Innovex Machines | Innovex Algerie","isPartOf":{"@id":"https:\/\/innovexalgerie.com\/machines\/#website"},"primaryImageOfPage":{"@id":"https:\/\/innovexalgerie.com\/machines\/produit\/convoyeur-motorise-courbe-a-rouleaux-90-cmc90\/#primaryimage"},"datePublished":"2021-03-24T19:48:22+00:00","dateModified":"2022-05-21T15:26:21+00:00","breadcrumb":{"@id":"https:\/\/innovexalgerie.com\/machines\/produit\/convoyeur-motorise-courbe-a-rouleaux-90-cmc90\/#breadcrumb"},"inLanguage":"fr-FR","potentialAction":[{"@type":"ReadAction","target":["https:\/\/innovexalgerie.com\/machines\/produit\/convoyeur-motorise-courbe-a-rouleaux-90-cmc90\/"]}]},{"@type":"BreadcrumbList","@id":"https:\/\/innovexalgerie.com\/machines\/produit\/convoyeur-motorise-courbe-a-rouleaux-90-cmc90\/#breadcrumb","itemListElement":[{"@type":"ListItem","position":1,"name":"Accueil","item":"https:\/\/innovexalgerie.com\/machines\/"},{"@type":"ListItem","position":2,"name":"Produits","item":"https:\/\/innovexalgerie.com\/machines\/boutique\/"},{"@type":"ListItem","position":3,"name":"Convoyeur motoris\u00e9 courb\u00e9 \u00e0 rouleaux 90\u00b0-CMC90"}]}]}},"_links":{"self":[{"href":"https:\/\/innovexalgerie.com\/machines\/wp-json\/wp\/v2\/product\/513","targetHints":{"allow":["GET"]}}],"collection":[{"href":"https:\/\/innovexalgerie.com\/machines\/wp-json\/wp\/v2\/product"}],"about":[{"href":"https:\/\/innovexalgerie.com\/machines\/wp-json\/wp\/v2\/types\/product"}],"version-history":[{"count":5,"href":"https:\/\/innovexalgerie.com\/machines\/wp-json\/wp\/v2\/product\/513\/revisions"}],"predecessor-version":[{"id":30445,"href":"https:\/\/innovexalgerie.com\/machines\/wp-json\/wp\/v2\/product\/513\/revisions\/30445"}],"wp:featuredmedia":[{"embeddable":true,"href":"https:\/\/innovexalgerie.com\/machines\/wp-json\/wp\/v2\/media\/585"}],"wp:attachment":[{"href":"https:\/\/innovexalgerie.com\/machines\/wp-json\/wp\/v2\/media?parent=513"}],"wp:term":[{"taxonomy":"product_cat","embeddable":true,"href":"https:\/\/innovexalgerie.com\/machines\/wp-json\/wp\/v2\/product_cat?post=513"},{"taxonomy":"product_tag","embeddable":true,"href":"https:\/\/innovexalgerie.com\/machines\/wp-json\/wp\/v2\/product_tag?post=513"}],"curies":[{"name":"wp","href":"https:\/\/api.w.org\/{rel}","templated":true}]}}