{"id":515,"date":"2021-03-24T20:48:22","date_gmt":"2021-03-24T19:48:22","guid":{"rendered":"https:\/\/innovexalgerie.com\/machines2\/?post_type=product&#038;p=515"},"modified":"2022-05-19T12:13:22","modified_gmt":"2022-05-19T11:13:22","slug":"convoyeur-motorise-a-rouleaux-de-courroies-rondes-cm2m-cp","status":"publish","type":"product","link":"https:\/\/innovexalgerie.com\/machines\/produit\/convoyeur-motorise-a-rouleaux-de-courroies-rondes-cm2m-cp\/","title":{"rendered":"Convoyeur motoris\u00e9 \u00e0 rouleaux de courroies rondes CM2M-CP"},"content":{"rendered":"<p>Convoyeur motoris\u00e9 \u00e0 rouleaux <strong>CMP2M-CP, <\/strong>l\u2019entra\u00eenement des rouleaux se fait par courroies rondes sur des bobines d\u00e9brayables \u00e0 gorges, mont\u00e9es sur un arbre \u00d8 25mm de vitesse constante, il assure une souplesse de d\u00e9placement et un fonctionnement tr\u00e8s silencieux. Il est utilis\u00e9 pour toutes sortes de marchandises comme des cartons, containers, bacs ou autres.<\/p>\n<ul>\n<li>Syst\u00e8me tr\u00e8s silencieux.<\/li>\n<li>Rouleaux en acier inoxydable.<\/li>\n<li>Convoyeur motoris\u00e9 de vitesse constante.<\/li>\n<li>Table r\u00e9glable en hauteur.<\/li>\n<li>Dot\u00e9 de ch\u00e2ssis lisse sans bords tranchants.<\/li>\n<li>Diam\u00e8tre du rouleau 50mm.<\/li>\n<\/ul>\n<p><strong>Options:<\/strong><\/p>\n<ul>\n<li>Variateur de vitesse.<\/li>\n<li>D\u00e9tecteur des m\u00e9taux.<\/li>\n<\/ul>\n","protected":false},"excerpt":{"rendered":"<p>Convoyeur motoris\u00e9 \u00e0 rouleaux, l\u2019entra\u00eenement des rouleaux se fait par courroies rondes sur des bobines d\u00e9brayables \u00e0 gorges, sa longueur varie de 2 m\u00e8tres et diam\u00e8tre du rouleau 50mm.<\/p>\n<p><img loading=\"lazy\" decoding=\"async\" class=\"alignnone size-full wp-image-30429\" src=\"https:\/\/innovexalgerie.com\/machines\/wp-content\/uploads\/2021\/03\/icon-convoyeur-cm2m-cp-innovex-machine.jpg\" alt=\"icon-convoyeur-cm2m-cp-innovex-machine\" width=\"894\" height=\"196\" srcset=\"https:\/\/innovexalgerie.com\/machines\/wp-content\/uploads\/2021\/03\/icon-convoyeur-cm2m-cp-innovex-machine.jpg 894w, https:\/\/innovexalgerie.com\/machines\/wp-content\/uploads\/2021\/03\/icon-convoyeur-cm2m-cp-innovex-machine-300x66.jpg 300w, https:\/\/innovexalgerie.com\/machines\/wp-content\/uploads\/2021\/03\/icon-convoyeur-cm2m-cp-innovex-machine-768x168.jpg 768w, https:\/\/innovexalgerie.com\/machines\/wp-content\/uploads\/2021\/03\/icon-convoyeur-cm2m-cp-innovex-machine-600x132.jpg 600w\" sizes=\"auto, (max-width: 894px) 100vw, 894px\" \/><\/p>\n","protected":false},"featured_media":587,"template":"","meta":{"_monsterinsights_skip_tracking":false,"_monsterinsights_sitenote_active":false,"_monsterinsights_sitenote_note":"","_monsterinsights_sitenote_category":0},"product_cat":[162],"product_tag":[167,163,168,164,170,165,166],"class_list":["post-515","product","type-product","status-publish","has-post-thumbnail","hentry","product_cat-convoyeurs","product_tag-chaine","product_tag-convoyeur","product_tag-convoyeur-motorise","product_tag-convoyor","product_tag-courroies-rondes","product_tag-transporter","product_tag-trasporteur"],"yoast_head":"<!-- This site is optimized with the Yoast SEO Premium plugin v16.2 (Yoast SEO v16.7) - https:\/\/yoast.com\/wordpress\/plugins\/seo\/ -->\n<title>Convoyeur motoris\u00e9 \u00e0 rouleaux de courroies rondes CM2M-CP - Innovex Machines | Innovex Algerie<\/title>\n<meta name=\"robots\" content=\"index, follow, max-snippet:-1, max-image-preview:large, max-video-preview:-1\" \/>\n<link rel=\"canonical\" href=\"https:\/\/innovexalgerie.com\/machines\/produit\/convoyeur-motorise-a-rouleaux-de-courroies-rondes-cm2m-cp\/\" \/>\n<meta property=\"og:locale\" content=\"fr_FR\" \/>\n<meta property=\"og:type\" content=\"article\" \/>\n<meta property=\"og:title\" content=\"Convoyeur motoris\u00e9 \u00e0 rouleaux de courroies rondes CM2M-CP - Innovex Machines | Innovex Algerie\" \/>\n<meta property=\"og:description\" content=\"Convoyeur motoris\u00e9 \u00e0 rouleaux, l\u2019entra\u00eenement des rouleaux se fait par courroies rondes sur des bobines d\u00e9brayables \u00e0 gorges, sa longueur varie de 2 m\u00e8tres et diam\u00e8tre du rouleau 50mm.\" \/>\n<meta property=\"og:url\" content=\"https:\/\/innovexalgerie.com\/machines\/produit\/convoyeur-motorise-a-rouleaux-de-courroies-rondes-cm2m-cp\/\" \/>\n<meta property=\"og:site_name\" content=\"Innovex Machines | Innovex Algerie\" \/>\n<meta property=\"article:publisher\" content=\"https:\/\/www.facebook.com\/innovexmachine1\" \/>\n<meta property=\"article:modified_time\" content=\"2022-05-19T11:13:22+00:00\" \/>\n<meta property=\"og:image\" content=\"https:\/\/innovexalgerie.com\/machines\/wp-content\/uploads\/2021\/03\/cm2m-cp-.jpg\" \/>\n\t<meta property=\"og:image:width\" content=\"1000\" \/>\n\t<meta property=\"og:image:height\" content=\"1000\" \/>\n<meta name=\"twitter:card\" content=\"summary_large_image\" \/>\n<meta name=\"twitter:label1\" content=\"Dur\u00e9e de lecture est.\" \/>\n\t<meta name=\"twitter:data1\" content=\"1 minute\" \/>\n<script type=\"application\/ld+json\" class=\"yoast-schema-graph\">{\"@context\":\"https:\/\/schema.org\",\"@graph\":[{\"@type\":\"WebSite\",\"@id\":\"https:\/\/innovexalgerie.com\/machines\/#website\",\"url\":\"https:\/\/innovexalgerie.com\/machines\/\",\"name\":\"Innovex Machines | Innovex Algerie\",\"description\":\"Fournisseur de machines d&#039;emballage et d&#039;imprimerie\",\"potentialAction\":[{\"@type\":\"SearchAction\",\"target\":{\"@type\":\"EntryPoint\",\"urlTemplate\":\"https:\/\/innovexalgerie.com\/machines\/?s={search_term_string}\"},\"query-input\":\"required name=search_term_string\"}],\"inLanguage\":\"fr-FR\"},{\"@type\":\"ImageObject\",\"@id\":\"https:\/\/innovexalgerie.com\/machines\/produit\/convoyeur-motorise-a-rouleaux-de-courroies-rondes-cm2m-cp\/#primaryimage\",\"inLanguage\":\"fr-FR\",\"url\":\"https:\/\/innovexalgerie.com\/machines\/wp-content\/uploads\/2021\/03\/cm2m-cp-.jpg\",\"contentUrl\":\"https:\/\/innovexalgerie.com\/machines\/wp-content\/uploads\/2021\/03\/cm2m-cp-.jpg\",\"width\":1000,\"height\":1000},{\"@type\":\"WebPage\",\"@id\":\"https:\/\/innovexalgerie.com\/machines\/produit\/convoyeur-motorise-a-rouleaux-de-courroies-rondes-cm2m-cp\/#webpage\",\"url\":\"https:\/\/innovexalgerie.com\/machines\/produit\/convoyeur-motorise-a-rouleaux-de-courroies-rondes-cm2m-cp\/\",\"name\":\"Convoyeur motoris\\u00e9 \\u00e0 rouleaux de courroies rondes CM2M-CP - Innovex Machines | Innovex Algerie\",\"isPartOf\":{\"@id\":\"https:\/\/innovexalgerie.com\/machines\/#website\"},\"primaryImageOfPage\":{\"@id\":\"https:\/\/innovexalgerie.com\/machines\/produit\/convoyeur-motorise-a-rouleaux-de-courroies-rondes-cm2m-cp\/#primaryimage\"},\"datePublished\":\"2021-03-24T19:48:22+00:00\",\"dateModified\":\"2022-05-19T11:13:22+00:00\",\"breadcrumb\":{\"@id\":\"https:\/\/innovexalgerie.com\/machines\/produit\/convoyeur-motorise-a-rouleaux-de-courroies-rondes-cm2m-cp\/#breadcrumb\"},\"inLanguage\":\"fr-FR\",\"potentialAction\":[{\"@type\":\"ReadAction\",\"target\":[\"https:\/\/innovexalgerie.com\/machines\/produit\/convoyeur-motorise-a-rouleaux-de-courroies-rondes-cm2m-cp\/\"]}]},{\"@type\":\"BreadcrumbList\",\"@id\":\"https:\/\/innovexalgerie.com\/machines\/produit\/convoyeur-motorise-a-rouleaux-de-courroies-rondes-cm2m-cp\/#breadcrumb\",\"itemListElement\":[{\"@type\":\"ListItem\",\"position\":1,\"name\":\"Accueil\",\"item\":\"https:\/\/innovexalgerie.com\/machines\/\"},{\"@type\":\"ListItem\",\"position\":2,\"name\":\"Produits\",\"item\":\"https:\/\/innovexalgerie.com\/machines\/boutique\/\"},{\"@type\":\"ListItem\",\"position\":3,\"name\":\"Convoyeur motoris\\u00e9 \\u00e0 rouleaux de courroies rondes CM2M-CP\"}]}]}<\/script>\n<!-- \/ Yoast SEO Premium plugin. -->","yoast_head_json":{"title":"Convoyeur motoris\u00e9 \u00e0 rouleaux de courroies rondes CM2M-CP - Innovex Machines | Innovex Algerie","robots":{"index":"index","follow":"follow","max-snippet":"max-snippet:-1","max-image-preview":"max-image-preview:large","max-video-preview":"max-video-preview:-1"},"canonical":"https:\/\/innovexalgerie.com\/machines\/produit\/convoyeur-motorise-a-rouleaux-de-courroies-rondes-cm2m-cp\/","og_locale":"fr_FR","og_type":"article","og_title":"Convoyeur motoris\u00e9 \u00e0 rouleaux de courroies rondes CM2M-CP - Innovex Machines | Innovex Algerie","og_description":"Convoyeur motoris\u00e9 \u00e0 rouleaux, l\u2019entra\u00eenement des rouleaux se fait par courroies rondes sur des bobines d\u00e9brayables \u00e0 gorges, sa longueur varie de 2 m\u00e8tres et diam\u00e8tre du rouleau 50mm.","og_url":"https:\/\/innovexalgerie.com\/machines\/produit\/convoyeur-motorise-a-rouleaux-de-courroies-rondes-cm2m-cp\/","og_site_name":"Innovex Machines | Innovex Algerie","article_publisher":"https:\/\/www.facebook.com\/innovexmachine1","article_modified_time":"2022-05-19T11:13:22+00:00","og_image":[{"width":1000,"height":1000,"url":"https:\/\/innovexalgerie.com\/machines\/wp-content\/uploads\/2021\/03\/cm2m-cp-.jpg","path":"\/home\/inovex\/public_html\/machines\/wp-content\/uploads\/2021\/03\/cm2m-cp-.jpg","size":"full","id":587,"alt":"","pixels":1000000,"type":"image\/jpeg"}],"twitter_card":"summary_large_image","twitter_misc":{"Dur\u00e9e de lecture est.":"1 minute"},"schema":{"@context":"https:\/\/schema.org","@graph":[{"@type":"WebSite","@id":"https:\/\/innovexalgerie.com\/machines\/#website","url":"https:\/\/innovexalgerie.com\/machines\/","name":"Innovex Machines | Innovex Algerie","description":"Fournisseur de machines d&#039;emballage et d&#039;imprimerie","potentialAction":[{"@type":"SearchAction","target":{"@type":"EntryPoint","urlTemplate":"https:\/\/innovexalgerie.com\/machines\/?s={search_term_string}"},"query-input":"required name=search_term_string"}],"inLanguage":"fr-FR"},{"@type":"ImageObject","@id":"https:\/\/innovexalgerie.com\/machines\/produit\/convoyeur-motorise-a-rouleaux-de-courroies-rondes-cm2m-cp\/#primaryimage","inLanguage":"fr-FR","url":"https:\/\/innovexalgerie.com\/machines\/wp-content\/uploads\/2021\/03\/cm2m-cp-.jpg","contentUrl":"https:\/\/innovexalgerie.com\/machines\/wp-content\/uploads\/2021\/03\/cm2m-cp-.jpg","width":1000,"height":1000},{"@type":"WebPage","@id":"https:\/\/innovexalgerie.com\/machines\/produit\/convoyeur-motorise-a-rouleaux-de-courroies-rondes-cm2m-cp\/#webpage","url":"https:\/\/innovexalgerie.com\/machines\/produit\/convoyeur-motorise-a-rouleaux-de-courroies-rondes-cm2m-cp\/","name":"Convoyeur motoris\u00e9 \u00e0 rouleaux de courroies rondes CM2M-CP - Innovex Machines | Innovex Algerie","isPartOf":{"@id":"https:\/\/innovexalgerie.com\/machines\/#website"},"primaryImageOfPage":{"@id":"https:\/\/innovexalgerie.com\/machines\/produit\/convoyeur-motorise-a-rouleaux-de-courroies-rondes-cm2m-cp\/#primaryimage"},"datePublished":"2021-03-24T19:48:22+00:00","dateModified":"2022-05-19T11:13:22+00:00","breadcrumb":{"@id":"https:\/\/innovexalgerie.com\/machines\/produit\/convoyeur-motorise-a-rouleaux-de-courroies-rondes-cm2m-cp\/#breadcrumb"},"inLanguage":"fr-FR","potentialAction":[{"@type":"ReadAction","target":["https:\/\/innovexalgerie.com\/machines\/produit\/convoyeur-motorise-a-rouleaux-de-courroies-rondes-cm2m-cp\/"]}]},{"@type":"BreadcrumbList","@id":"https:\/\/innovexalgerie.com\/machines\/produit\/convoyeur-motorise-a-rouleaux-de-courroies-rondes-cm2m-cp\/#breadcrumb","itemListElement":[{"@type":"ListItem","position":1,"name":"Accueil","item":"https:\/\/innovexalgerie.com\/machines\/"},{"@type":"ListItem","position":2,"name":"Produits","item":"https:\/\/innovexalgerie.com\/machines\/boutique\/"},{"@type":"ListItem","position":3,"name":"Convoyeur motoris\u00e9 \u00e0 rouleaux de courroies rondes CM2M-CP"}]}]}},"_links":{"self":[{"href":"https:\/\/innovexalgerie.com\/machines\/wp-json\/wp\/v2\/product\/515","targetHints":{"allow":["GET"]}}],"collection":[{"href":"https:\/\/innovexalgerie.com\/machines\/wp-json\/wp\/v2\/product"}],"about":[{"href":"https:\/\/innovexalgerie.com\/machines\/wp-json\/wp\/v2\/types\/product"}],"version-history":[{"count":6,"href":"https:\/\/innovexalgerie.com\/machines\/wp-json\/wp\/v2\/product\/515\/revisions"}],"predecessor-version":[{"id":30432,"href":"https:\/\/innovexalgerie.com\/machines\/wp-json\/wp\/v2\/product\/515\/revisions\/30432"}],"wp:featuredmedia":[{"embeddable":true,"href":"https:\/\/innovexalgerie.com\/machines\/wp-json\/wp\/v2\/media\/587"}],"wp:attachment":[{"href":"https:\/\/innovexalgerie.com\/machines\/wp-json\/wp\/v2\/media?parent=515"}],"wp:term":[{"taxonomy":"product_cat","embeddable":true,"href":"https:\/\/innovexalgerie.com\/machines\/wp-json\/wp\/v2\/product_cat?post=515"},{"taxonomy":"product_tag","embeddable":true,"href":"https:\/\/innovexalgerie.com\/machines\/wp-json\/wp\/v2\/product_tag?post=515"}],"curies":[{"name":"wp","href":"https:\/\/api.w.org\/{rel}","templated":true}]}}